{"id":5227,"date":"2021-06-20T14:37:25","date_gmt":"2021-06-20T12:37:25","guid":{"rendered":"https:\/\/strangercam.com\/?page_id=5227"},"modified":"2023-08-21T12:47:26","modified_gmt":"2023-08-21T10:47:26","slug":"y99","status":"publish","type":"page","link":"https:\/\/strangercam.com\/it\/y99\/","title":{"rendered":"Y99"},"content":{"rendered":"<p>Si tratta di un popolare sito di incontri online che permette di entrare in uno qualsiasi dei suoi <a href=\"https:\/\/strangercam.com\/it\/chatroulette\/\">chat<\/a> stanze senza richiedere alcuna registrazione. Potreste essere alla ricerca di un amico. Potrebbe essere una persona con cui condividere i propri pensieri. Pu\u00f2 anche trattarsi di un partner con il quale si desidera portare la relazione al massimo livello. <a href=\"https:\/\/strangercam.com\/it\/nextcam\/\">prossimo<\/a> livello. Utilizzando questo portale di chat, potete conversare per ore con i vostri amici che la pensano come voi e condividere i vostri sentimenti. Per connettersi a questo sito di chat \u00e8 possibile utilizzare un computer portatile, un dispositivo Android o iPhone. Offre un'inestimabile <a href=\"https:\/\/strangercam.com\/it\/chatingly\/\">chattare<\/a> servizio qualcosa che sicuramente vi piacer\u00e0 usare.<\/p>\n<h2>Come iscriversi a y99<\/h2>\n<p>Non \u00e8 richiesta alcuna registrazione per iniziare la sessione di chat in questo portale di chat. \u00c8 sufficiente visitare il sito web o avviare l'applicazione e inserire il proprio nome di chat. Pu\u00f2 essere qualsiasi nickname di vostra scelta che desiderate avere per presentarvi agli sconosciuti l\u00e0 fuori. Una volta fatto, potete semplicemente iniziare la vostra sessione di chat senza registrazione. Se vi siete gi\u00e0 registrati su questo portale fornendo le vostre informazioni di base, dovete solo inserire il vostro nome utente e la password creata. C'\u00e8 anche la possibilit\u00e0 di recuperare il proprio account nel caso in cui si dimentichi la password. Pertanto, accedere a questo portale \u00e8 abbastanza facile, rapido e semplice.<\/p>\n<h3>Come utilizzare y99<\/h3>\n<p>Questo portale consente di creare e di avere chat casuali, di partecipare a chat di gruppo, di leggere meme divertenti, ecc. \u00c8 possibile creare il proprio gruppo di chat e invitare le persone che condividono pensieri e stati d'animo simili a unirsi al gruppo. Che siate utenti registrati o non registrati, potrete divertirvi immensamente durante la vostra sessione. \u00c8 possibile partecipare alle chat di gruppo, <a href=\"https:\/\/strangercam.com\/it\/1v1-chat\/\">uno<\/a> a uno e ai meme. Se avete bisogno di una guida, potete sempre avvalervi dei suggerimenti e dei tutorial forniti dal portale per prendere la decisione giusta.<\/p>\n<h3>Quali sono i pro e i contro di y99<\/h3>\n<p>Questo portale \u00e8 veloce per entrare e iniziare la sessione di chat con gli sconosciuti, sia da uno a uno che in gruppo. Permette anche di creare e condividere meme interessanti con altri utenti in tutto il mondo. \u00c8 possibile trovare migliaia di persone che chattano insieme in qualsiasi momento, il che lo rende piuttosto popolare. \u00c8 possibile avviare e terminare una chat ogni volta che lo si desidera. Anche gli amici possono divertirsi <a href=\"https:\/\/strangercam.com\/it\/chat4free\/\">libero<\/a> chiamate. Ma l'unico inconveniente \u00e8 che senza registrazione potrebbe non essere sicuro. \u00c8 quindi necessario proteggere la propria privacy e non condividere i propri dati personali con nessuno attraverso la chat.<\/p>","protected":false},"excerpt":{"rendered":"<p>This is a popular online dating site that allows you to enter any of its chat rooms without requiring any registration. You may be seeking a friend. It could be a person to share your thoughts. It can also be a partner with whom you may want to take the relationship to the next level. [&hellip;]<\/p>\n","protected":false},"author":6,"featured_media":559,"parent":0,"menu_order":0,"comment_status":"closed","ping_status":"closed","template":"","meta":{"footnotes":""},"class_list":["post-5227","page","type-page","status-publish","has-post-thumbnail","hentry"],"yoast_head":"<!-- This site is optimized with the Yoast SEO plugin v26.9 - https:\/\/yoast.com\/product\/yoast-seo-wordpress\/ -->\n<title>Y99 - Free Online Random Chat - Cam on StrangerCam.com<\/title>\n<meta name=\"description\" content=\"Like Y99? Come chat with more than 5.000.000 strangers on Stranger Cam for Free! Turn on your cam and find new friends &amp; maby a match!\" \/>\n<meta name=\"robots\" content=\"index, follow, max-snippet:-1, max-image-preview:large, max-video-preview:-1\" \/>\n<link rel=\"canonical\" href=\"https:\/\/strangercam.com\/it\/y99\/\" \/>\n<meta property=\"og:locale\" content=\"it_IT\" \/>\n<meta property=\"og:type\" content=\"article\" \/>\n<meta property=\"og:title\" content=\"Y99 - Free Online Random Chat - Cam on StrangerCam.com\" \/>\n<meta property=\"og:description\" content=\"Like Y99? Come chat with more than 5.000.000 strangers on Stranger Cam for Free! Turn on your cam and find new friends &amp; maby a match!\" \/>\n<meta property=\"og:url\" content=\"https:\/\/strangercam.com\/it\/y99\/\" \/>\n<meta property=\"og:site_name\" content=\"Strangercam\" \/>\n<meta property=\"article:publisher\" content=\"https:\/\/www.facebook.com\/strangercam\" \/>\n<meta property=\"article:modified_time\" content=\"2023-08-21T10:47:26+00:00\" \/>\n<meta property=\"og:image\" content=\"https:\/\/strangercam.com\/wp-content\/uploads\/2020\/11\/stranger-cam-1.png\" \/>\n\t<meta property=\"og:image:width\" content=\"800\" \/>\n\t<meta property=\"og:image:height\" content=\"800\" \/>\n\t<meta property=\"og:image:type\" content=\"image\/png\" \/>\n<meta name=\"twitter:card\" content=\"summary_large_image\" \/>\n<meta name=\"twitter:site\" content=\"@strangercamapp\" \/>\n<meta name=\"twitter:label1\" content=\"Tempo di lettura stimato\" \/>\n\t<meta name=\"twitter:data1\" content=\"2 minuti\" \/>\n<script type=\"application\/ld+json\" class=\"yoast-schema-graph\">{\"@context\":\"https:\/\/schema.org\",\"@graph\":[{\"@type\":\"WebPage\",\"@id\":\"https:\/\/strangercam.com\/y99\/\",\"url\":\"https:\/\/strangercam.com\/y99\/\",\"name\":\"Y99 - Free Online Random Chat - Cam on StrangerCam.com\",\"isPartOf\":{\"@id\":\"https:\/\/strangercam.com\/#website\"},\"primaryImageOfPage\":{\"@id\":\"https:\/\/strangercam.com\/y99\/#primaryimage\"},\"image\":{\"@id\":\"https:\/\/strangercam.com\/y99\/#primaryimage\"},\"thumbnailUrl\":\"https:\/\/strangercam.com\/wp-content\/uploads\/2020\/11\/stranger-cam-1.png\",\"datePublished\":\"2021-06-20T12:37:25+00:00\",\"dateModified\":\"2023-08-21T10:47:26+00:00\",\"description\":\"Like Y99? Come chat with more than 5.000.000 strangers on Stranger Cam for Free! Turn on your cam and find new friends & maby a match!\",\"breadcrumb\":{\"@id\":\"https:\/\/strangercam.com\/y99\/#breadcrumb\"},\"inLanguage\":\"it-IT\",\"potentialAction\":[{\"@type\":\"ReadAction\",\"target\":[\"https:\/\/strangercam.com\/y99\/\"]}]},{\"@type\":\"ImageObject\",\"inLanguage\":\"it-IT\",\"@id\":\"https:\/\/strangercam.com\/y99\/#primaryimage\",\"url\":\"https:\/\/strangercam.com\/wp-content\/uploads\/2020\/11\/stranger-cam-1.png\",\"contentUrl\":\"https:\/\/strangercam.com\/wp-content\/uploads\/2020\/11\/stranger-cam-1.png\",\"width\":800,\"height\":800,\"caption\":\"stranger cam random video chat\"},{\"@type\":\"BreadcrumbList\",\"@id\":\"https:\/\/strangercam.com\/y99\/#breadcrumb\",\"itemListElement\":[{\"@type\":\"ListItem\",\"position\":1,\"name\":\"Home\",\"item\":\"https:\/\/strangercam.com\/\"},{\"@type\":\"ListItem\",\"position\":2,\"name\":\"Y99\"}]},{\"@type\":\"WebSite\",\"@id\":\"https:\/\/strangercam.com\/#website\",\"url\":\"https:\/\/strangercam.com\/\",\"name\":\"Strangercam\",\"description\":\"Random Video Chat with Strangers\",\"publisher\":{\"@id\":\"https:\/\/strangercam.com\/#organization\"},\"alternateName\":\"Strangercam.com\",\"potentialAction\":[{\"@type\":\"SearchAction\",\"target\":{\"@type\":\"EntryPoint\",\"urlTemplate\":\"https:\/\/strangercam.com\/?s={search_term_string}\"},\"query-input\":{\"@type\":\"PropertyValueSpecification\",\"valueRequired\":true,\"valueName\":\"search_term_string\"}}],\"inLanguage\":\"it-IT\"},{\"@type\":\"Organization\",\"@id\":\"https:\/\/strangercam.com\/#organization\",\"name\":\"Strangercam\",\"alternateName\":\"Strangercam.com\",\"url\":\"https:\/\/strangercam.com\/\",\"logo\":{\"@type\":\"ImageObject\",\"inLanguage\":\"it-IT\",\"@id\":\"https:\/\/strangercam.com\/#\/schema\/logo\/image\/\",\"url\":\"https:\/\/strangercam.com\/wp-content\/uploads\/2020\/11\/cropped-new-favicon-black.png\",\"contentUrl\":\"https:\/\/strangercam.com\/wp-content\/uploads\/2020\/11\/cropped-new-favicon-black.png\",\"width\":512,\"height\":512,\"caption\":\"Strangercam\"},\"image\":{\"@id\":\"https:\/\/strangercam.com\/#\/schema\/logo\/image\/\"},\"sameAs\":[\"https:\/\/www.facebook.com\/strangercam\",\"https:\/\/x.com\/strangercamapp\"]}]}<\/script>\n<!-- \/ Yoast SEO plugin. -->","yoast_head_json":{"title":"Y99 - Chat casuale online gratuita - Cam on StrangerCam.com","description":"Come Y99? Vieni a chattare con pi\u00f9 di 5.000.000 di sconosciuti su Stranger Cam gratuitamente! Accendi la tua cam e trova nuovi amici e magari un partner!","robots":{"index":"index","follow":"follow","max-snippet":"max-snippet:-1","max-image-preview":"max-image-preview:large","max-video-preview":"max-video-preview:-1"},"canonical":"https:\/\/strangercam.com\/it\/y99\/","og_locale":"it_IT","og_type":"article","og_title":"Y99 - Free Online Random Chat - Cam on StrangerCam.com","og_description":"Like Y99? Come chat with more than 5.000.000 strangers on Stranger Cam for Free! Turn on your cam and find new friends & maby a match!","og_url":"https:\/\/strangercam.com\/it\/y99\/","og_site_name":"Strangercam","article_publisher":"https:\/\/www.facebook.com\/strangercam","article_modified_time":"2023-08-21T10:47:26+00:00","og_image":[{"width":800,"height":800,"url":"https:\/\/strangercam.com\/wp-content\/uploads\/2020\/11\/stranger-cam-1.png","type":"image\/png"}],"twitter_card":"summary_large_image","twitter_site":"@strangercamapp","twitter_misc":{"Tempo di lettura stimato":"2 minuti"},"schema":{"@context":"https:\/\/schema.org","@graph":[{"@type":"WebPage","@id":"https:\/\/strangercam.com\/y99\/","url":"https:\/\/strangercam.com\/y99\/","name":"Y99 - Chat casuale online gratuita - Cam on StrangerCam.com","isPartOf":{"@id":"https:\/\/strangercam.com\/#website"},"primaryImageOfPage":{"@id":"https:\/\/strangercam.com\/y99\/#primaryimage"},"image":{"@id":"https:\/\/strangercam.com\/y99\/#primaryimage"},"thumbnailUrl":"https:\/\/strangercam.com\/wp-content\/uploads\/2020\/11\/stranger-cam-1.png","datePublished":"2021-06-20T12:37:25+00:00","dateModified":"2023-08-21T10:47:26+00:00","description":"Come Y99? Vieni a chattare con pi\u00f9 di 5.000.000 di sconosciuti su Stranger Cam gratuitamente! Accendi la tua cam e trova nuovi amici e magari un partner!","breadcrumb":{"@id":"https:\/\/strangercam.com\/y99\/#breadcrumb"},"inLanguage":"it-IT","potentialAction":[{"@type":"ReadAction","target":["https:\/\/strangercam.com\/y99\/"]}]},{"@type":"ImageObject","inLanguage":"it-IT","@id":"https:\/\/strangercam.com\/y99\/#primaryimage","url":"https:\/\/strangercam.com\/wp-content\/uploads\/2020\/11\/stranger-cam-1.png","contentUrl":"https:\/\/strangercam.com\/wp-content\/uploads\/2020\/11\/stranger-cam-1.png","width":800,"height":800,"caption":"stranger cam random video chat"},{"@type":"BreadcrumbList","@id":"https:\/\/strangercam.com\/y99\/#breadcrumb","itemListElement":[{"@type":"ListItem","position":1,"name":"Home","item":"https:\/\/strangercam.com\/"},{"@type":"ListItem","position":2,"name":"Y99"}]},{"@type":"WebSite","@id":"https:\/\/strangercam.com\/#website","url":"https:\/\/strangercam.com\/","name":"Strangercam","description":"Videochat casuale con sconosciuti","publisher":{"@id":"https:\/\/strangercam.com\/#organization"},"alternateName":"Strangercam.com","potentialAction":[{"@type":"SearchAction","target":{"@type":"EntryPoint","urlTemplate":"https:\/\/strangercam.com\/?s={search_term_string}"},"query-input":{"@type":"PropertyValueSpecification","valueRequired":true,"valueName":"search_term_string"}}],"inLanguage":"it-IT"},{"@type":"Organization","@id":"https:\/\/strangercam.com\/#organization","name":"Strangercam","alternateName":"Strangercam.com","url":"https:\/\/strangercam.com\/","logo":{"@type":"ImageObject","inLanguage":"it-IT","@id":"https:\/\/strangercam.com\/#\/schema\/logo\/image\/","url":"https:\/\/strangercam.com\/wp-content\/uploads\/2020\/11\/cropped-new-favicon-black.png","contentUrl":"https:\/\/strangercam.com\/wp-content\/uploads\/2020\/11\/cropped-new-favicon-black.png","width":512,"height":512,"caption":"Strangercam"},"image":{"@id":"https:\/\/strangercam.com\/#\/schema\/logo\/image\/"},"sameAs":["https:\/\/www.facebook.com\/strangercam","https:\/\/x.com\/strangercamapp"]}]}},"_links":{"self":[{"href":"https:\/\/strangercam.com\/it\/wp-json\/wp\/v2\/pages\/5227","targetHints":{"allow":["GET"]}}],"collection":[{"href":"https:\/\/strangercam.com\/it\/wp-json\/wp\/v2\/pages"}],"about":[{"href":"https:\/\/strangercam.com\/it\/wp-json\/wp\/v2\/types\/page"}],"author":[{"embeddable":true,"href":"https:\/\/strangercam.com\/it\/wp-json\/wp\/v2\/users\/6"}],"replies":[{"embeddable":true,"href":"https:\/\/strangercam.com\/it\/wp-json\/wp\/v2\/comments?post=5227"}],"version-history":[{"count":0,"href":"https:\/\/strangercam.com\/it\/wp-json\/wp\/v2\/pages\/5227\/revisions"}],"wp:featuredmedia":[{"embeddable":true,"href":"https:\/\/strangercam.com\/it\/wp-json\/wp\/v2\/media\/559"}],"wp:attachment":[{"href":"https:\/\/strangercam.com\/it\/wp-json\/wp\/v2\/media?parent=5227"}],"curies":[{"name":"wp","href":"https:\/\/api.w.org\/{rel}","templated":true}]}}