{"id":5171,"date":"2021-06-20T14:07:51","date_gmt":"2021-06-20T12:07:51","guid":{"rendered":"https:\/\/strangercam.com\/?page_id=5171"},"modified":"2023-08-21T12:24:42","modified_gmt":"2023-08-21T10:24:42","slug":"lovoo","status":"publish","type":"page","link":"https:\/\/strangercam.com\/it\/lovoo\/","title":{"rendered":"Lovoo"},"content":{"rendered":"<p>Questa app di incontri online \u00e8 stata creata esclusivamente per permettere alle persone sole di <a href=\"https:\/\/strangercam.com\/it\/chathub\/\">chat<\/a>, <a href=\"https:\/\/strangercam.com\/it\/flingster\/\">flirt<\/a>e fare nuove amicizie. Dichiara di offrire oltre 4.200 incontri al mese ed \u00e8 tra le migliori app per uscire e socializzare. I creatori hanno cercato di introdurre continuamente nuove funzionalit\u00e0 per renderla interessante e adattarla alle richieste e alle tendenze del mercato. Vanta un'elevata attivit\u00e0 degli utenti fin dal suo lancio. Attualmente, ha pi\u00f9 di 70 milioni di utenti registrati da tutto il mondo. I suoi utenti attuali lo valutano positivamente.<\/p>\n<h2>Come iscriversi a lovoo?<\/h2>\n<p>La registrazione \u00e8 facile e velocissima e richiede solo 3-5 minuti. \u00c8 possibile iscriversi facilmente a questo sito utilizzando il proprio account Facebook o e-mail. \u00c8 inoltre necessario inserire il proprio numero di cellulare, poich\u00e9 la verifica via SMS sar\u00e0 necessaria per autenticare il profilo. I nuovi membri sono tenuti a compilare alcune informazioni di base nel modulo fornito e a inserire la foto del loro profilo. Oltre a essere obbligatoria, la foto aiuta ad attirare un maggior numero di persone che si interessano al vostro profilo. \u00c8 possibile navigare tra le diverse funzioni del sito anche senza completare il proprio profilo.<\/p>\n<h3>Come utilizzare lovoo?<\/h3>\n<p>\u00c8 abbastanza facile usare questo sito. \u00c8 possibile imbattersi nella funzione \"Scopri\", che pu\u00f2 essere definita come una ricerca casuale di membri. Permette di regolare i filtri di ricerca in base alla localit\u00e0, all'et\u00e0 e al sesso. Un'altra funzione interessante \u00e8 \"Play\", considerata un gioco di incontri. Questo <a href=\"https:\/\/strangercam.com\/it\/chatroulette\/\">roulette<\/a> Il tipo di abbinamento visualizza i membri che possono piacere o avanzare facendo clic sulla croce (x).<\/p>\n<h3>Quali sono i pro e i contro di lovoo?<\/h3>\n<p>\u00c8 possibile bloccare facilmente gli utenti offensivi e segnalarli immediatamente all'amministratore del sito. \u00c8 disponibile un badge di verifica. <a href=\"https:\/\/strangercam.com\/it\/chat4free\/\">Gratuito<\/a> I membri che completano con successo il loro profilo possono vedere i profili degli altri membri e le gallerie fotografiche. \u00c8 possibile accedere a questo sito dal proprio computer portatile o anche dal cellulare. L'applicazione \u00e8 altamente interattiva e offre una navigazione facile e veloce. \u00c8 possibile scaricarla gratuitamente sia su dispositivi Android che iOS. L'app offre anche due funzioni aggiuntive, ovvero <b>lovoo<\/b> <a href=\"https:\/\/strangercam.com\/it\/mili\/\">In diretta<\/a> e Radar. Questi aiutano l'app a diventare altamente interattiva. Inoltre, \u00e8 dotata di un bel design. Tuttavia, l'aspetto negativo \u00e8 che i profili sono molto poco dettagliati. Le informazioni sul profilo degli utenti sono limitate all'et\u00e0, alla posizione, al nome e alla presenza online.<\/p>","protected":false},"excerpt":{"rendered":"<p>This online dating app has been created exclusively to allow lonely people to chat, flirt, and make new friends. It claims to offer 4,200+ matches being made every month and is among the best apps to date and socialize. The makers have been trying to introduce new features continuously to make it interesting and adapt [&hellip;]<\/p>\n","protected":false},"author":6,"featured_media":559,"parent":0,"menu_order":0,"comment_status":"closed","ping_status":"closed","template":"","meta":{"footnotes":""},"class_list":["post-5171","page","type-page","status-publish","has-post-thumbnail","hentry"],"yoast_head":"<!-- This site is optimized with the Yoast SEO plugin v26.9 - https:\/\/yoast.com\/product\/yoast-seo-wordpress\/ -->\n<title>Lovoo - App for Flirting and Dating - Cam on StrangerCam.com<\/title>\n<meta name=\"description\" content=\"Like Lovoo? Come chat with more than 5.000.000 strangers on Stranger Cam for Free! Turn on your cam and find new friends &amp; maby a match!\" \/>\n<meta name=\"robots\" content=\"index, follow, max-snippet:-1, max-image-preview:large, max-video-preview:-1\" \/>\n<link rel=\"canonical\" href=\"https:\/\/strangercam.com\/it\/lovoo\/\" \/>\n<meta property=\"og:locale\" content=\"it_IT\" \/>\n<meta property=\"og:type\" content=\"article\" \/>\n<meta property=\"og:title\" content=\"Lovoo - App for Flirting and Dating - Cam on StrangerCam.com\" \/>\n<meta property=\"og:description\" content=\"Like Lovoo? Come chat with more than 5.000.000 strangers on Stranger Cam for Free! Turn on your cam and find new friends &amp; maby a match!\" \/>\n<meta property=\"og:url\" content=\"https:\/\/strangercam.com\/it\/lovoo\/\" \/>\n<meta property=\"og:site_name\" content=\"Strangercam\" \/>\n<meta property=\"article:publisher\" content=\"https:\/\/www.facebook.com\/strangercam\" \/>\n<meta property=\"article:modified_time\" content=\"2023-08-21T10:24:42+00:00\" \/>\n<meta property=\"og:image\" content=\"https:\/\/strangercam.com\/wp-content\/uploads\/2020\/11\/stranger-cam-1.png\" \/>\n\t<meta property=\"og:image:width\" content=\"800\" \/>\n\t<meta property=\"og:image:height\" content=\"800\" \/>\n\t<meta property=\"og:image:type\" content=\"image\/png\" \/>\n<meta name=\"twitter:card\" content=\"summary_large_image\" \/>\n<meta name=\"twitter:site\" content=\"@strangercamapp\" \/>\n<meta name=\"twitter:label1\" content=\"Tempo di lettura stimato\" \/>\n\t<meta name=\"twitter:data1\" content=\"2 minuti\" \/>\n<script type=\"application\/ld+json\" class=\"yoast-schema-graph\">{\"@context\":\"https:\/\/schema.org\",\"@graph\":[{\"@type\":\"WebPage\",\"@id\":\"https:\/\/strangercam.com\/lovoo\/\",\"url\":\"https:\/\/strangercam.com\/lovoo\/\",\"name\":\"Lovoo - App for Flirting and Dating - Cam on StrangerCam.com\",\"isPartOf\":{\"@id\":\"https:\/\/strangercam.com\/#website\"},\"primaryImageOfPage\":{\"@id\":\"https:\/\/strangercam.com\/lovoo\/#primaryimage\"},\"image\":{\"@id\":\"https:\/\/strangercam.com\/lovoo\/#primaryimage\"},\"thumbnailUrl\":\"https:\/\/strangercam.com\/wp-content\/uploads\/2020\/11\/stranger-cam-1.png\",\"datePublished\":\"2021-06-20T12:07:51+00:00\",\"dateModified\":\"2023-08-21T10:24:42+00:00\",\"description\":\"Like Lovoo? Come chat with more than 5.000.000 strangers on Stranger Cam for Free! Turn on your cam and find new friends & maby a match!\",\"breadcrumb\":{\"@id\":\"https:\/\/strangercam.com\/lovoo\/#breadcrumb\"},\"inLanguage\":\"it-IT\",\"potentialAction\":[{\"@type\":\"ReadAction\",\"target\":[\"https:\/\/strangercam.com\/lovoo\/\"]}]},{\"@type\":\"ImageObject\",\"inLanguage\":\"it-IT\",\"@id\":\"https:\/\/strangercam.com\/lovoo\/#primaryimage\",\"url\":\"https:\/\/strangercam.com\/wp-content\/uploads\/2020\/11\/stranger-cam-1.png\",\"contentUrl\":\"https:\/\/strangercam.com\/wp-content\/uploads\/2020\/11\/stranger-cam-1.png\",\"width\":800,\"height\":800,\"caption\":\"stranger cam random video chat\"},{\"@type\":\"BreadcrumbList\",\"@id\":\"https:\/\/strangercam.com\/lovoo\/#breadcrumb\",\"itemListElement\":[{\"@type\":\"ListItem\",\"position\":1,\"name\":\"Home\",\"item\":\"https:\/\/strangercam.com\/\"},{\"@type\":\"ListItem\",\"position\":2,\"name\":\"Lovoo\"}]},{\"@type\":\"WebSite\",\"@id\":\"https:\/\/strangercam.com\/#website\",\"url\":\"https:\/\/strangercam.com\/\",\"name\":\"Strangercam\",\"description\":\"Random Video Chat with Strangers\",\"publisher\":{\"@id\":\"https:\/\/strangercam.com\/#organization\"},\"alternateName\":\"Strangercam.com\",\"potentialAction\":[{\"@type\":\"SearchAction\",\"target\":{\"@type\":\"EntryPoint\",\"urlTemplate\":\"https:\/\/strangercam.com\/?s={search_term_string}\"},\"query-input\":{\"@type\":\"PropertyValueSpecification\",\"valueRequired\":true,\"valueName\":\"search_term_string\"}}],\"inLanguage\":\"it-IT\"},{\"@type\":\"Organization\",\"@id\":\"https:\/\/strangercam.com\/#organization\",\"name\":\"Strangercam\",\"alternateName\":\"Strangercam.com\",\"url\":\"https:\/\/strangercam.com\/\",\"logo\":{\"@type\":\"ImageObject\",\"inLanguage\":\"it-IT\",\"@id\":\"https:\/\/strangercam.com\/#\/schema\/logo\/image\/\",\"url\":\"https:\/\/strangercam.com\/wp-content\/uploads\/2020\/11\/cropped-new-favicon-black.png\",\"contentUrl\":\"https:\/\/strangercam.com\/wp-content\/uploads\/2020\/11\/cropped-new-favicon-black.png\",\"width\":512,\"height\":512,\"caption\":\"Strangercam\"},\"image\":{\"@id\":\"https:\/\/strangercam.com\/#\/schema\/logo\/image\/\"},\"sameAs\":[\"https:\/\/www.facebook.com\/strangercam\",\"https:\/\/x.com\/strangercamapp\"]}]}<\/script>\n<!-- \/ Yoast SEO plugin. -->","yoast_head_json":{"title":"Lovoo - App per flirtare ed uscire - Cam su StrangerCam.com","description":"Come Lovoo? Vieni a chattare con pi\u00f9 di 5.000.000 di sconosciuti su Stranger Cam gratuitamente! Accendi la tua cam e trova nuovi amici e magari un partner!","robots":{"index":"index","follow":"follow","max-snippet":"max-snippet:-1","max-image-preview":"max-image-preview:large","max-video-preview":"max-video-preview:-1"},"canonical":"https:\/\/strangercam.com\/it\/lovoo\/","og_locale":"it_IT","og_type":"article","og_title":"Lovoo - App for Flirting and Dating - Cam on StrangerCam.com","og_description":"Like Lovoo? Come chat with more than 5.000.000 strangers on Stranger Cam for Free! Turn on your cam and find new friends & maby a match!","og_url":"https:\/\/strangercam.com\/it\/lovoo\/","og_site_name":"Strangercam","article_publisher":"https:\/\/www.facebook.com\/strangercam","article_modified_time":"2023-08-21T10:24:42+00:00","og_image":[{"width":800,"height":800,"url":"https:\/\/strangercam.com\/wp-content\/uploads\/2020\/11\/stranger-cam-1.png","type":"image\/png"}],"twitter_card":"summary_large_image","twitter_site":"@strangercamapp","twitter_misc":{"Tempo di lettura stimato":"2 minuti"},"schema":{"@context":"https:\/\/schema.org","@graph":[{"@type":"WebPage","@id":"https:\/\/strangercam.com\/lovoo\/","url":"https:\/\/strangercam.com\/lovoo\/","name":"Lovoo - App per flirtare ed uscire - Cam su StrangerCam.com","isPartOf":{"@id":"https:\/\/strangercam.com\/#website"},"primaryImageOfPage":{"@id":"https:\/\/strangercam.com\/lovoo\/#primaryimage"},"image":{"@id":"https:\/\/strangercam.com\/lovoo\/#primaryimage"},"thumbnailUrl":"https:\/\/strangercam.com\/wp-content\/uploads\/2020\/11\/stranger-cam-1.png","datePublished":"2021-06-20T12:07:51+00:00","dateModified":"2023-08-21T10:24:42+00:00","description":"Come Lovoo? Vieni a chattare con pi\u00f9 di 5.000.000 di sconosciuti su Stranger Cam gratuitamente! Accendi la tua cam e trova nuovi amici e magari un partner!","breadcrumb":{"@id":"https:\/\/strangercam.com\/lovoo\/#breadcrumb"},"inLanguage":"it-IT","potentialAction":[{"@type":"ReadAction","target":["https:\/\/strangercam.com\/lovoo\/"]}]},{"@type":"ImageObject","inLanguage":"it-IT","@id":"https:\/\/strangercam.com\/lovoo\/#primaryimage","url":"https:\/\/strangercam.com\/wp-content\/uploads\/2020\/11\/stranger-cam-1.png","contentUrl":"https:\/\/strangercam.com\/wp-content\/uploads\/2020\/11\/stranger-cam-1.png","width":800,"height":800,"caption":"stranger cam random video chat"},{"@type":"BreadcrumbList","@id":"https:\/\/strangercam.com\/lovoo\/#breadcrumb","itemListElement":[{"@type":"ListItem","position":1,"name":"Home","item":"https:\/\/strangercam.com\/"},{"@type":"ListItem","position":2,"name":"Lovoo"}]},{"@type":"WebSite","@id":"https:\/\/strangercam.com\/#website","url":"https:\/\/strangercam.com\/","name":"Strangercam","description":"Videochat casuale con sconosciuti","publisher":{"@id":"https:\/\/strangercam.com\/#organization"},"alternateName":"Strangercam.com","potentialAction":[{"@type":"SearchAction","target":{"@type":"EntryPoint","urlTemplate":"https:\/\/strangercam.com\/?s={search_term_string}"},"query-input":{"@type":"PropertyValueSpecification","valueRequired":true,"valueName":"search_term_string"}}],"inLanguage":"it-IT"},{"@type":"Organization","@id":"https:\/\/strangercam.com\/#organization","name":"Strangercam","alternateName":"Strangercam.com","url":"https:\/\/strangercam.com\/","logo":{"@type":"ImageObject","inLanguage":"it-IT","@id":"https:\/\/strangercam.com\/#\/schema\/logo\/image\/","url":"https:\/\/strangercam.com\/wp-content\/uploads\/2020\/11\/cropped-new-favicon-black.png","contentUrl":"https:\/\/strangercam.com\/wp-content\/uploads\/2020\/11\/cropped-new-favicon-black.png","width":512,"height":512,"caption":"Strangercam"},"image":{"@id":"https:\/\/strangercam.com\/#\/schema\/logo\/image\/"},"sameAs":["https:\/\/www.facebook.com\/strangercam","https:\/\/x.com\/strangercamapp"]}]}},"_links":{"self":[{"href":"https:\/\/strangercam.com\/it\/wp-json\/wp\/v2\/pages\/5171","targetHints":{"allow":["GET"]}}],"collection":[{"href":"https:\/\/strangercam.com\/it\/wp-json\/wp\/v2\/pages"}],"about":[{"href":"https:\/\/strangercam.com\/it\/wp-json\/wp\/v2\/types\/page"}],"author":[{"embeddable":true,"href":"https:\/\/strangercam.com\/it\/wp-json\/wp\/v2\/users\/6"}],"replies":[{"embeddable":true,"href":"https:\/\/strangercam.com\/it\/wp-json\/wp\/v2\/comments?post=5171"}],"version-history":[{"count":0,"href":"https:\/\/strangercam.com\/it\/wp-json\/wp\/v2\/pages\/5171\/revisions"}],"wp:featuredmedia":[{"embeddable":true,"href":"https:\/\/strangercam.com\/it\/wp-json\/wp\/v2\/media\/559"}],"wp:attachment":[{"href":"https:\/\/strangercam.com\/it\/wp-json\/wp\/v2\/media?parent=5171"}],"curies":[{"name":"wp","href":"https:\/\/api.w.org\/{rel}","templated":true}]}}