{"id":5113,"date":"2021-06-19T21:05:49","date_gmt":"2021-06-19T19:05:49","guid":{"rendered":"https:\/\/strangercam.com\/?page_id=5113"},"modified":"2023-08-21T11:40:39","modified_gmt":"2023-08-21T09:40:39","slug":"chatiw","status":"publish","type":"page","link":"https:\/\/strangercam.com\/it\/chatiw\/","title":{"rendered":"Chatiw"},"content":{"rendered":"<p>Potreste cercare di trovare una persona adatta online e quindi essere interessati a <a href=\"https:\/\/strangercam.com\/it\/chatingly\/\">chattare<\/a> con estranei casuali online.<\/p>\n<p>Se \u00e8 cos\u00ec, siete nel posto giusto!<\/p>\n<p>Ecco una guida completa a una meravigliosa piattaforma online attraverso la quale \u00e8 possibile parlare con decine di sconosciuti in un giorno.<\/p>\n<p>Sembra impressionante, vero?<\/p>\n<p>Anche se sono disponibili numerosi siti e app di incontri online,\u00a0<b>chatiw<\/b> \u00e8 qualcosa di diverso. Questa piattaforma basata sulla chat offre ai suoi utenti <a href=\"https:\/\/strangercam.com\/it\/chat4free\/\">libero<\/a> comunicazione che consente di connettersi gratuitamente con migliaia di sconosciuti di diversi Paesi.<\/p>\n<p>Non ci sono restrizioni su come e con chi comunicare, compresa la selezione del luogo. \u00c8 possibile <a href=\"https:\/\/strangercam.com\/it\/chatroulette\/\">chat<\/a> casualmente se si cerca qualcosa di meno serio o un buon amico. Potete anche approfittare dell'opportunit\u00e0 di cercare l'anima gemella o un partner. Quindi, questo sito vi offre un'immensa libert\u00e0 di azione, interamente basata sui vostri stati d'animo.<\/p>\n<h2>Come iscriversi a Chatiw?<\/h2>\n<p>La sua funzione di registrazione \u00e8 unica. Non troverete un processo di registrazione come quello di Chatiw da nessun'altra parte.<\/p>\n<p>Gli utenti gratuiti non devono registrarsi per utilizzare questo sito per connettersi con gli sconosciuti. Nella pagina principale del sito sono presenti diversi campi che devono essere compilati correttamente e in modo adeguato.<\/p>\n<p>Include il nome utente, la posizione, il sesso e l'et\u00e0. Una volta fatto, si \u00e8 pronti per iniziare a chattare con chiunque ci si senta in sintonia. Questa applicazione\/sito consente anche di utilizzare la localizzazione GPS per fornire la propria posizione esatta e quella dell'altra persona.<\/p>\n<h3>Come utilizzare l'Chatiw?<\/h3>\n<p>La chat \u00e8 l'attivit\u00e0 principale offerta da questo sito. Per questo motivo, le funzioni di grafici fornite sono ottimali. Permette di inviare informazioni, foto, link e di consultare la cronologia delle chat.<\/p>\n<p>Ma alcune funzioni sono offerte solo ai clienti premium. Potete facilmente bloccare e ignorare i profili che non vi interessano con grande facilit\u00e0. Le funzioni offerte sono piuttosto interessanti e semplici da usare.<\/p>\n<p>Inoltre, il sistema di chat sviluppato \u00e8 piuttosto potente. Le persone su questa piattaforma sono un po' mature e la maggior parte di loro sa cosa sta cercando. Tutto \u00e8 intuitivo e diretto. Se si \u00e8 interessati a una persona, basta dirglielo e se non lo si \u00e8, basta ignorarla.<\/p>\n<h3>Quali sono i pro e i contro dell'Chatiw?<\/h3>\n<p>Utilizzare questo sito \u00e8 relativamente semplice. L'interfaccia del sito \u00e8 semplice. Potete usarlo facilmente anche se non avete mai usato un sito di incontri prima d'ora!<\/p>\n<p>Come utente gratuito, avete i seguenti vantaggi;<\/p>\n<ul>\n<li style=\"font-weight: 400;\" aria-level=\"1\">La registrazione non \u00e8 necessaria e il processo complessivo \u00e8 semplice e gratuito.<\/li>\n<li style=\"font-weight: 400;\" aria-level=\"1\">Non dovete perdere tempo a creare lunghi profili.<\/li>\n<li style=\"font-weight: 400;\" aria-level=\"1\">\u00c8 possibile leggere i post del blog per condividere esperienze su relazioni, appuntamenti e comunicazione online.<\/li>\n<li style=\"font-weight: 400;\" aria-level=\"1\">\u00c8 un sito fantastico per trarre intrattenimento 24\/7.<\/li>\n<\/ul>\n<p>Alcuni inconvenienti riscontrati in questo sito di chat online sono le funzioni di registrazione non corrette.<\/p>\n<ul>\n<li style=\"font-weight: 400;\" aria-level=\"1\">Ogni volta che si cerca di entrare nel sito per chattare, \u00e8 necessario fornire il proprio nome utente e altre informazioni rilevanti, ma solo per i membri gratuiti.<\/li>\n<li style=\"font-weight: 400;\" aria-level=\"1\">Attualmente sono numerosi i profili inappropriati e fraudolenti che operano sulla piattaforma.<\/li>\n<li style=\"font-weight: 400;\" aria-level=\"1\">Per usufruire di tutte le funzionalit\u00e0, \u00e8 necessario diventare un membro VIP o premium pagando il sito web.<\/li>\n<\/ul>\n<h3>Suggerimenti da Chatiw<\/h3>\n<p>Chatiw \u00e8 senza dubbio una fantastica piattaforma di chat online, ma l'aspetto positivo \u00e8 che guida gli utenti.<\/p>\n<p>Hanno un intero blog tutto loro!<\/p>\n<p>Nel blog si cerca di spiegare le maniere e il modo in cui ci si deve rivolgere a un estraneo online. \u00c8 un buon passo in due sensi.<\/p>\n<ul>\n<li style=\"font-weight: 400;\" aria-level=\"1\">In primo luogo, guida gli utenti e dice loro come parlare per impressionare la persona seduta all'altro capo.<\/li>\n<li style=\"font-weight: 400;\" aria-level=\"1\">La seconda cosa pi\u00f9 importante di questo blog \u00e8 che dice come comportarsi!<\/li>\n<\/ul>\n<p>\u00c8 un modo eccellente per dire al pubblico che \u00e8 meglio comportarsi bene che essere banditi!<\/p>\n<p>Perch\u00e9 utilizzare Chatiw?<\/p>\n<h3>App mobile<\/h3>\n<p>Non c'\u00e8 da preoccuparsi!<\/p>\n<p>Chatiw ha anche un'applicazione mobile. Come sappiamo, non possiamo utilizzare sempre i browser. Per la comodit\u00e0 degli utenti, Chatiw ha fatto questo passo e ha introdotto questa applicazione unica.<\/p>\n<p>Se siete utenti Android, potete scaricare l'applicazione da Play Store e se siete utenti iPhone, potete scaricarla da App Store.<\/p>\n<h3>Il punto cruciale dell'Chatiw<\/h3>\n<p>Chatiw non si occupa solo di testo e di <a href=\"https:\/\/strangercam.com\/it\/rabbit-video-chat\/\">video<\/a> chiacchierare. Non si tratta solo di parlare con gli sconosciuti. Gli sviluppatori che hanno realizzato il sito web e poi l'app avevano in mente una visione pi\u00f9 ampia.<\/p>\n<p>Chatiw \u00e8 la ricerca del partner perfetto, dell'anima gemella!<\/p>\n<p>Non \u00e8 come le normali piattaforme di chat che permettono solo di parlare con le persone e poi cosa succede? Niente?<\/p>\n<p>Se cos\u00ec fosse, perch\u00e9 parlare?<\/p>\n<p>Ci dovrebbe essere un motivo dietro a tutto e le chiacchiere dovrebbero portare da qualche parte, altrimenti si rischia di appesantire entrambe le parti.<\/p>\n<p>Per questo motivo, Chatiw apprezza il fatto di portare la vostra chiacchierata alla <a href=\"https:\/\/strangercam.com\/it\/nextcam\/\">prossimo<\/a> livello, che \u00e8 la cosa pi\u00f9 sorprendente di questo sito.<\/p>\n<h3>La privacy<\/h3>\n<p>Qui sei al sicuro. Potete condividere le vostre foto con la persona che preferite durante la chat senza preoccuparvi della vostra privacy. Chatiw ti copre!<\/p>\n<p>Le persone evitano di iscriversi alle piattaforme di chat online per due motivi. Uno \u00e8 la complessit\u00e0 e l'altro \u00e8 la privacy. Chatiw ha una soluzione solida per entrambi i motivi. Hanno reso il loro sito web semplice e facile da usare. E per quanto riguarda la privacy, ha un piano solido. Chatiw raccoglie solo nome, cognome, indirizzo e-mail, dati di utilizzo, identificatori unici di dispositivi per la pubblicit\u00e0 (Google Advertiser ID), vari tipi di dati, cookie, posizione geografica e lingua.<\/p>\n<p>Per quanto riguarda la posizione, la raccolta della posizione serve solo a trovare l'abbinamento perfetto. Trovare una partita a volte \u00e8 difficile, ma la posizione pu\u00f2 aiutare perch\u00e9 pi\u00f9 il partner \u00e8 vicino, meglio sar\u00e0, come abbiamo gi\u00e0 detto che Chatiw apprezza il fatto di portare le relazioni al livello successivo.<\/p>\n<h3>Conclusione<\/h3>\n<p>Nel complesso, Chatiw \u00e8 un eccellente sito di chat online. Potete divertirvi a parlare con gli sconosciuti e a fare nuove amicizie. Potete fare tutto questo mantenendo la vostra identit\u00e0 al sicuro.<\/p>","protected":false},"excerpt":{"rendered":"<p>You may be trying to find a suitable person online and hence be interested in chatting with random strangers online. If it is the case, you are in the right place! Here is a complete guide to a wonderful online platform through which you can talk to dozens of strangers in a day. It sounds [&hellip;]<\/p>\n","protected":false},"author":6,"featured_media":559,"parent":0,"menu_order":0,"comment_status":"closed","ping_status":"closed","template":"","meta":{"footnotes":""},"class_list":["post-5113","page","type-page","status-publish","has-post-thumbnail","hentry"],"yoast_head":"<!-- This site is optimized with the Yoast SEO plugin v26.9 - https:\/\/yoast.com\/product\/yoast-seo-wordpress\/ -->\n<title>Chatiw - Free Text Chat Rooms - Cam on StrangerCam.com<\/title>\n<meta name=\"description\" content=\"Like Chatiw? Come chat with more than 5.000.000 strangers on Stranger Cam for Free! Turn on your cam and find new friends &amp; maby a match!\" \/>\n<meta name=\"robots\" content=\"index, follow, max-snippet:-1, max-image-preview:large, max-video-preview:-1\" \/>\n<link rel=\"canonical\" href=\"https:\/\/strangercam.com\/it\/chatiw\/\" \/>\n<meta property=\"og:locale\" content=\"it_IT\" \/>\n<meta property=\"og:type\" content=\"article\" \/>\n<meta property=\"og:title\" content=\"Chatiw - Free Text Chat Rooms - Cam on StrangerCam.com\" \/>\n<meta property=\"og:description\" content=\"Like Chatiw? Come chat with more than 5.000.000 strangers on Stranger Cam for Free! Turn on your cam and find new friends &amp; maby a match!\" \/>\n<meta property=\"og:url\" content=\"https:\/\/strangercam.com\/it\/chatiw\/\" \/>\n<meta property=\"og:site_name\" content=\"Strangercam\" \/>\n<meta property=\"article:publisher\" content=\"https:\/\/www.facebook.com\/strangercam\" \/>\n<meta property=\"article:modified_time\" content=\"2023-08-21T09:40:39+00:00\" \/>\n<meta property=\"og:image\" content=\"https:\/\/strangercam.com\/wp-content\/uploads\/2020\/11\/stranger-cam-1.png\" \/>\n\t<meta property=\"og:image:width\" content=\"800\" \/>\n\t<meta property=\"og:image:height\" content=\"800\" \/>\n\t<meta property=\"og:image:type\" content=\"image\/png\" \/>\n<meta name=\"twitter:card\" content=\"summary_large_image\" \/>\n<meta name=\"twitter:site\" content=\"@strangercamapp\" \/>\n<meta name=\"twitter:label1\" content=\"Tempo di lettura stimato\" \/>\n\t<meta name=\"twitter:data1\" content=\"5 minuti\" \/>\n<script type=\"application\/ld+json\" class=\"yoast-schema-graph\">{\"@context\":\"https:\/\/schema.org\",\"@graph\":[{\"@type\":\"WebPage\",\"@id\":\"https:\/\/strangercam.com\/chatiw\/\",\"url\":\"https:\/\/strangercam.com\/chatiw\/\",\"name\":\"Chatiw - Free Text Chat Rooms - Cam on StrangerCam.com\",\"isPartOf\":{\"@id\":\"https:\/\/strangercam.com\/#website\"},\"primaryImageOfPage\":{\"@id\":\"https:\/\/strangercam.com\/chatiw\/#primaryimage\"},\"image\":{\"@id\":\"https:\/\/strangercam.com\/chatiw\/#primaryimage\"},\"thumbnailUrl\":\"https:\/\/strangercam.com\/wp-content\/uploads\/2020\/11\/stranger-cam-1.png\",\"datePublished\":\"2021-06-19T19:05:49+00:00\",\"dateModified\":\"2023-08-21T09:40:39+00:00\",\"description\":\"Like Chatiw? Come chat with more than 5.000.000 strangers on Stranger Cam for Free! Turn on your cam and find new friends & maby a match!\",\"breadcrumb\":{\"@id\":\"https:\/\/strangercam.com\/chatiw\/#breadcrumb\"},\"inLanguage\":\"it-IT\",\"potentialAction\":[{\"@type\":\"ReadAction\",\"target\":[\"https:\/\/strangercam.com\/chatiw\/\"]}]},{\"@type\":\"ImageObject\",\"inLanguage\":\"it-IT\",\"@id\":\"https:\/\/strangercam.com\/chatiw\/#primaryimage\",\"url\":\"https:\/\/strangercam.com\/wp-content\/uploads\/2020\/11\/stranger-cam-1.png\",\"contentUrl\":\"https:\/\/strangercam.com\/wp-content\/uploads\/2020\/11\/stranger-cam-1.png\",\"width\":800,\"height\":800,\"caption\":\"stranger cam random video chat\"},{\"@type\":\"BreadcrumbList\",\"@id\":\"https:\/\/strangercam.com\/chatiw\/#breadcrumb\",\"itemListElement\":[{\"@type\":\"ListItem\",\"position\":1,\"name\":\"Home\",\"item\":\"https:\/\/strangercam.com\/\"},{\"@type\":\"ListItem\",\"position\":2,\"name\":\"Chatiw\"}]},{\"@type\":\"WebSite\",\"@id\":\"https:\/\/strangercam.com\/#website\",\"url\":\"https:\/\/strangercam.com\/\",\"name\":\"Strangercam\",\"description\":\"Random Video Chat with Strangers\",\"publisher\":{\"@id\":\"https:\/\/strangercam.com\/#organization\"},\"alternateName\":\"Strangercam.com\",\"potentialAction\":[{\"@type\":\"SearchAction\",\"target\":{\"@type\":\"EntryPoint\",\"urlTemplate\":\"https:\/\/strangercam.com\/?s={search_term_string}\"},\"query-input\":{\"@type\":\"PropertyValueSpecification\",\"valueRequired\":true,\"valueName\":\"search_term_string\"}}],\"inLanguage\":\"it-IT\"},{\"@type\":\"Organization\",\"@id\":\"https:\/\/strangercam.com\/#organization\",\"name\":\"Strangercam\",\"alternateName\":\"Strangercam.com\",\"url\":\"https:\/\/strangercam.com\/\",\"logo\":{\"@type\":\"ImageObject\",\"inLanguage\":\"it-IT\",\"@id\":\"https:\/\/strangercam.com\/#\/schema\/logo\/image\/\",\"url\":\"https:\/\/strangercam.com\/wp-content\/uploads\/2020\/11\/cropped-new-favicon-black.png\",\"contentUrl\":\"https:\/\/strangercam.com\/wp-content\/uploads\/2020\/11\/cropped-new-favicon-black.png\",\"width\":512,\"height\":512,\"caption\":\"Strangercam\"},\"image\":{\"@id\":\"https:\/\/strangercam.com\/#\/schema\/logo\/image\/\"},\"sameAs\":[\"https:\/\/www.facebook.com\/strangercam\",\"https:\/\/x.com\/strangercamapp\"]}]}<\/script>\n<!-- \/ Yoast SEO plugin. -->","yoast_head_json":{"title":"Chatiw - Stanze di chat di testo gratuite - Cam su StrangerCam.com","description":"Come Chatiw? Vieni a chattare con pi\u00f9 di 5.000.000 di sconosciuti su Stranger Cam gratuitamente! Accendi la tua cam e trova nuovi amici e magari un partner!","robots":{"index":"index","follow":"follow","max-snippet":"max-snippet:-1","max-image-preview":"max-image-preview:large","max-video-preview":"max-video-preview:-1"},"canonical":"https:\/\/strangercam.com\/it\/chatiw\/","og_locale":"it_IT","og_type":"article","og_title":"Chatiw - Free Text Chat Rooms - Cam on StrangerCam.com","og_description":"Like Chatiw? Come chat with more than 5.000.000 strangers on Stranger Cam for Free! Turn on your cam and find new friends & maby a match!","og_url":"https:\/\/strangercam.com\/it\/chatiw\/","og_site_name":"Strangercam","article_publisher":"https:\/\/www.facebook.com\/strangercam","article_modified_time":"2023-08-21T09:40:39+00:00","og_image":[{"width":800,"height":800,"url":"https:\/\/strangercam.com\/wp-content\/uploads\/2020\/11\/stranger-cam-1.png","type":"image\/png"}],"twitter_card":"summary_large_image","twitter_site":"@strangercamapp","twitter_misc":{"Tempo di lettura stimato":"5 minuti"},"schema":{"@context":"https:\/\/schema.org","@graph":[{"@type":"WebPage","@id":"https:\/\/strangercam.com\/chatiw\/","url":"https:\/\/strangercam.com\/chatiw\/","name":"Chatiw - Stanze di chat di testo gratuite - Cam su StrangerCam.com","isPartOf":{"@id":"https:\/\/strangercam.com\/#website"},"primaryImageOfPage":{"@id":"https:\/\/strangercam.com\/chatiw\/#primaryimage"},"image":{"@id":"https:\/\/strangercam.com\/chatiw\/#primaryimage"},"thumbnailUrl":"https:\/\/strangercam.com\/wp-content\/uploads\/2020\/11\/stranger-cam-1.png","datePublished":"2021-06-19T19:05:49+00:00","dateModified":"2023-08-21T09:40:39+00:00","description":"Come Chatiw? Vieni a chattare con pi\u00f9 di 5.000.000 di sconosciuti su Stranger Cam gratuitamente! Accendi la tua cam e trova nuovi amici e magari un partner!","breadcrumb":{"@id":"https:\/\/strangercam.com\/chatiw\/#breadcrumb"},"inLanguage":"it-IT","potentialAction":[{"@type":"ReadAction","target":["https:\/\/strangercam.com\/chatiw\/"]}]},{"@type":"ImageObject","inLanguage":"it-IT","@id":"https:\/\/strangercam.com\/chatiw\/#primaryimage","url":"https:\/\/strangercam.com\/wp-content\/uploads\/2020\/11\/stranger-cam-1.png","contentUrl":"https:\/\/strangercam.com\/wp-content\/uploads\/2020\/11\/stranger-cam-1.png","width":800,"height":800,"caption":"stranger cam random video chat"},{"@type":"BreadcrumbList","@id":"https:\/\/strangercam.com\/chatiw\/#breadcrumb","itemListElement":[{"@type":"ListItem","position":1,"name":"Home","item":"https:\/\/strangercam.com\/"},{"@type":"ListItem","position":2,"name":"Chatiw"}]},{"@type":"WebSite","@id":"https:\/\/strangercam.com\/#website","url":"https:\/\/strangercam.com\/","name":"Strangercam","description":"Videochat casuale con sconosciuti","publisher":{"@id":"https:\/\/strangercam.com\/#organization"},"alternateName":"Strangercam.com","potentialAction":[{"@type":"SearchAction","target":{"@type":"EntryPoint","urlTemplate":"https:\/\/strangercam.com\/?s={search_term_string}"},"query-input":{"@type":"PropertyValueSpecification","valueRequired":true,"valueName":"search_term_string"}}],"inLanguage":"it-IT"},{"@type":"Organization","@id":"https:\/\/strangercam.com\/#organization","name":"Strangercam","alternateName":"Strangercam.com","url":"https:\/\/strangercam.com\/","logo":{"@type":"ImageObject","inLanguage":"it-IT","@id":"https:\/\/strangercam.com\/#\/schema\/logo\/image\/","url":"https:\/\/strangercam.com\/wp-content\/uploads\/2020\/11\/cropped-new-favicon-black.png","contentUrl":"https:\/\/strangercam.com\/wp-content\/uploads\/2020\/11\/cropped-new-favicon-black.png","width":512,"height":512,"caption":"Strangercam"},"image":{"@id":"https:\/\/strangercam.com\/#\/schema\/logo\/image\/"},"sameAs":["https:\/\/www.facebook.com\/strangercam","https:\/\/x.com\/strangercamapp"]}]}},"_links":{"self":[{"href":"https:\/\/strangercam.com\/it\/wp-json\/wp\/v2\/pages\/5113","targetHints":{"allow":["GET"]}}],"collection":[{"href":"https:\/\/strangercam.com\/it\/wp-json\/wp\/v2\/pages"}],"about":[{"href":"https:\/\/strangercam.com\/it\/wp-json\/wp\/v2\/types\/page"}],"author":[{"embeddable":true,"href":"https:\/\/strangercam.com\/it\/wp-json\/wp\/v2\/users\/6"}],"replies":[{"embeddable":true,"href":"https:\/\/strangercam.com\/it\/wp-json\/wp\/v2\/comments?post=5113"}],"version-history":[{"count":0,"href":"https:\/\/strangercam.com\/it\/wp-json\/wp\/v2\/pages\/5113\/revisions"}],"wp:featuredmedia":[{"embeddable":true,"href":"https:\/\/strangercam.com\/it\/wp-json\/wp\/v2\/media\/559"}],"wp:attachment":[{"href":"https:\/\/strangercam.com\/it\/wp-json\/wp\/v2\/media?parent=5113"}],"curies":[{"name":"wp","href":"https:\/\/api.w.org\/{rel}","templated":true}]}}