{"id":5006,"date":"2025-09-29T10:59:56","date_gmt":"2025-09-29T08:59:56","guid":{"rendered":"https:\/\/strangercam.com\/?page_id=5006"},"modified":"2025-09-29T12:01:40","modified_gmt":"2025-09-29T10:01:40","slug":"chat-gratuita-ora","status":"publish","type":"page","link":"https:\/\/strangercam.com\/it\/free-chat-now\/","title":{"rendered":"Chat gratuita ora"},"content":{"rendered":"<p>Siete alla ricerca di un libro gratuito <a href=\"https:\/\/strangercam.com\/it\/chathub\/\">Chat<\/a> Ora? Non siete soli. Milioni di persone ogni mese digitano queste esatte parole su Google, nella speranza di trovare un modo semplice, veloce e gratuito per entrare in contatto con nuove persone online. L'idea \u00e8 chiara: nessuna lunga iscrizione, nessun download, nessun costo nascosto, solo la possibilit\u00e0 di iniziare a chattare istantaneamente con sconosciuti in tutto il mondo.<\/p>\n<p>Nel 2025, piattaforme come StrangerCam lo rendono possibile. Basta un clic per iniziare una chat di testo o video gratuita con persone di tutto il mondo. Che siate interessati a conversazioni casuali, a conoscere nuovi amici, a scambi culturali o a flirtare spensieratamente, le piattaforme di Free Chat Now riportano in auge l'emozione dell'interazione spontanea.<\/p>\n<p>Questa guida tratter\u00e0 tutto ci\u00f2 che dovete sapere: cosa significa Free Chat Now, perch\u00e9 \u00e8 cos\u00ec popolare, come funziona, la sua storia, quali caratteristiche cercare, un confronto tra le migliori piattaforme, testimonianze di utenti reali, strategie di sicurezza e perch\u00e9 StrangerCam \u00e8 una delle scelte migliori oggi.<\/p>\n<h2>Che cosa significa \"Chat gratuita ora\"?<\/h2>\n<p>Quando le persone cercano la Chat Now gratuita, di solito vogliono una piattaforma che offra:<\/p>\n<ul>\n<li>Connessione immediata: Nessun modulo, nessun profilo, solo chat immediata.<\/li>\n<li>Accesso libero: Nessun paywall dopo cinque minuti o sistemi di credito nascosti.<\/li>\n<li>Opzioni testo o video: A seconda del livello di comfort.<\/li>\n<li>Abbinamento casuale: incontrare sconosciuti in tutto il mondo, non solo persone vicine.<\/li>\n<li>Nessuna registrazione: Rimanere anonimi e senza problemi.<\/li>\n<\/ul>\n<p>In altre parole, \u00e8 l'opposto delle moderne app di incontri che richiedono passaggi di swiping, biografie e verifiche. Free Chat Now punta sulla velocit\u00e0 e sulla spontaneit\u00e0.<\/p>\n<h2>Breve storia della chat online<\/h2>\n<p>Per capire perch\u00e9 Free Chat Now \u00e8 cos\u00ec popolare, \u00e8 utile guardare a come si \u00e8 evoluta la chat online:<\/p>\n<ul>\n<li>Anni '90 - L'ascesa delle chat room: Piattaforme come AOL Chat e IRC consentono agli utenti di riunirsi in stanze basate su argomenti. Erano di solo testo e spesso non moderati.<\/li>\n<li>Anni 2000 - Il social network prende il sopravvento: MSN Messenger, Yahoo Chat e i primi social media aggiungono liste di amici e chat private.<\/li>\n<li>2009 - <a href=\"https:\/\/strangercam.com\/it\/omegle\/\">Omegle<\/a> Lanci: Le chat casuali a tu per tu diventano la nuova tendenza, a cui si aggiungono in seguito i video. Questo ha dato forma alla moderna cultura della \u201cchat con gli sconosciuti\u201d.<\/li>\n<li>Anni 2010 - Boom globale delle video chat: <a href=\"https:\/\/strangercam.com\/it\/chatroulette\/\">Chatroulette<\/a>, Chatrandom e Shagle sono esplosi in popolarit\u00e0. Applicazioni mobili come <a href=\"https:\/\/strangercam.com\/it\/ometv\/\">OmeTV<\/a> ha reso la chat ancora pi\u00f9 semplice.<\/li>\n<li>Anni 2020 - La nuova era: Dopo la chiusura di Omegle nel 2023, gli utenti si sono riversati su alternative pi\u00f9 sicure e moderne come StrangerCam, che combinano l'accesso libero con la moderazione.<\/li>\n<\/ul>\n<p>Oggi, Free Chat Now rappresenta il meglio dei due mondi: la nostalgia delle chat della vecchia scuola e l'eccitazione delle conversazioni video dal vivo.<\/p>\n<h2>Perch\u00e9 le persone amano la chat gratuita ora<\/h2>\n<p>La parola chiave \"Free Chat Now\" si posiziona in alto per un motivo: le persone desiderano un'interazione sociale immediata. Ecco perch\u00e9:<\/p>\n<ol>\n<li>Solitudine e isolamento sociale: Molte persone si sentono scollegate e desiderano un'interazione rapida e significativa.<\/li>\n<li>Spontaneit\u00e0: ogni chat \u00e8 unica: \u00e8 emozionante non sapere chi si trover\u00e0 davanti. <a href=\"https:\/\/strangercam.com\/it\/coomeet\/\">incontrarsi<\/a>.<\/li>\n<li>Curiosit\u00e0 culturale: Parlare con persone di tutto il mondo amplia le prospettive.<\/li>\n<li>Flirt e divertimento: Molti utenti cercano conversazioni spensierate con potenziali scintille romantiche.<\/li>\n<li>Accessibilit\u00e0: \u00c8 facile, gratuito e non richiede alcun impegno.<\/li>\n<\/ol>\n<p>A differenza delle app di incontri, dove il rifiuto o il ghosting sono comuni, le chat casuali sono poco stressanti e usa e getta: se non c'\u00e8 feeling, basta cliccare su \"Avanti\".<\/p>\n<h2>Come funzionano le piattaforme gratuite di Chat Now<\/h2>\n<p>Il processo \u00e8 semplice e veloce:<\/p>\n<ol>\n<li>Aprite una piattaforma come StrangerCam.<\/li>\n<li>Scegliete la modalit\u00e0 (chat di testo o chat video).<\/li>\n<li>Consentire l'accesso alla telecamera\/microfono se il video \u00e8 abilitato.<\/li>\n<li>Fare clic su \"Avvia chat\" per connettersi immediatamente.<\/li>\n<li>Incontrare uno sconosciuto in tutto il mondo in pochi secondi.<\/li>\n<li>Premere \"Avanti\" in qualsiasi momento per iniziare una nuova conversazione.<\/li>\n<\/ol>\n<p>Alcune piattaforme includono anche funzioni come:<\/p>\n<ul>\n<li>Filtri di genere.<\/li>\n<li>Corrispondenze basate sulla posizione.<\/li>\n<li>Traduzioni in chat.<\/li>\n<li>Chat room a tema.<\/li>\n<\/ul>\n<h2>Le caratteristiche pi\u00f9 importanti<\/h2>\n<p>Quando scegliete un servizio di Chat Now gratuito, cercate:<\/p>\n<ul>\n<li>Accesso libero: Uso veramente illimitato, senza \"sistema di crediti\".<\/li>\n<li>Nessuna registrazione: Non dovete preoccuparvi dei conti.<\/li>\n<li>Opzioni testo + video: Per una maggiore flessibilit\u00e0.<\/li>\n<li>Design compatibile con i dispositivi mobili: Deve funzionare senza problemi sugli smartphone.<\/li>\n<li>Moderazione attiva: Essenziale per la sicurezza.<\/li>\n<li>Portata globale: Pi\u00f9 utenti significa pi\u00f9 variet\u00e0 e divertimento.<\/li>\n<\/ul>\n<h2>Le migliori piattaforme di chat gratuita nel 2025<\/h2>\n<p>Ecco come si confrontano le piattaforme pi\u00f9 diffuse:<\/p>\n<table>\n<thead>\n<tr>\n<th>Piattaforma<\/th>\n<th align=\"center\">Accesso libero<\/th>\n<th align=\"center\">\u00c8 necessario iscriversi<\/th>\n<th align=\"center\">Video chat<\/th>\n<th align=\"center\">Supporto mobile<\/th>\n<th align=\"center\">Moderazione<\/th>\n<th>Note<\/th>\n<\/tr>\n<\/thead>\n<tbody>\n<tr>\n<td>StrangerCam<\/td>\n<td align=\"center\">\u2705<\/td>\n<td align=\"center\">\u274c<\/td>\n<td align=\"center\">\u2705<\/td>\n<td align=\"center\">\u2705<\/td>\n<td align=\"center\">\u2705<\/td>\n<td>Il meglio: gratuito, sicuro e immediato<\/td>\n<\/tr>\n<tr>\n<td>Chatroulette<\/td>\n<td align=\"center\">\u2705<\/td>\n<td align=\"center\">\u274c<\/td>\n<td align=\"center\">\u2705<\/td>\n<td align=\"center\">\u2705<\/td>\n<td align=\"center\">\u2705<\/td>\n<td>Classico, ma con funzioni limitate<\/td>\n<\/tr>\n<tr>\n<td>Chatrandom<\/td>\n<td align=\"center\">\u2705<\/td>\n<td align=\"center\">\u274c<\/td>\n<td align=\"center\">\u2705<\/td>\n<td align=\"center\">\u2705<\/td>\n<td align=\"center\">\u2705<\/td>\n<td>Popolare, ma spinge gli aggiornamenti<\/td>\n<\/tr>\n<tr>\n<td>OmeTV<\/td>\n<td align=\"center\">\u2705<\/td>\n<td align=\"center\">\u274c<\/td>\n<td align=\"center\">\u2705<\/td>\n<td align=\"center\">\u2705<\/td>\n<td align=\"center\">\u2705<\/td>\n<td>App-first, corrispondenza solo casuale<\/td>\n<\/tr>\n<tr>\n<td>Shagle<\/td>\n<td align=\"center\">\u2705<\/td>\n<td align=\"center\">\u274c<\/td>\n<td align=\"center\">\u2705<\/td>\n<td align=\"center\">\u2705<\/td>\n<td align=\"center\">\u2705<\/td>\n<td>Inizio gratuito, filtri premium bloccati<\/td>\n<\/tr>\n<tr>\n<td>WireClub<\/td>\n<td align=\"center\">\u2705<\/td>\n<td align=\"center\">\u2705<\/td>\n<td align=\"center\">\u274c<\/td>\n<td align=\"center\">\u2705<\/td>\n<td align=\"center\">\u2705<\/td>\n<td>Chat room di solo testo<\/td>\n<\/tr>\n<\/tbody>\n<\/table>\n<p>StrangerCam si distingue come una delle uniche piattaforme che offre un vero accesso gratuito, senza registrazione, e sia testo che video chat in un unico luogo.<\/p>\n<h2>Perch\u00e9 StrangerCam \u00e8 la migliore scelta di chat gratuita ora<\/h2>\n<p>Ecco perch\u00e9 StrangerCam \u00e8 una delle migliori risposte alla domanda \"Dove posso iniziare una chat gratuita?\":<\/p>\n<ul>\n<li>Gratuito e illimitato - Nessuna restrizione o costo nascosto.<\/li>\n<li>Accesso immediato - Iniziate a chattare in meno di 10 secondi.<\/li>\n<li>Opzioni video e testo - Scegliete in base alle vostre esigenze.<\/li>\n<li>Sicuro e moderato - Molto pi\u00f9 sicuro di quanto sia mai stato Omegle.<\/li>\n<li>Mobile + Desktop Friendly - Funziona su tutti i dispositivi.<\/li>\n<li>Comunit\u00e0 globale - Incontrare persone provenienti da oltre 100 paesi.<\/li>\n<\/ul>\n<p>\u00c8 spontaneo, reale e inclusivo: l'esatta esperienza che le persone cercano quando digitano Chat gratis ora.<\/p>\n<h2>Testimonianze di utenti reali<\/h2>\n<blockquote><p>\"Ho cercato Free Chat Now e ho trovato StrangerCam. Nel giro di un minuto stavo parlando con qualcuno in Brasile. \u00c8 veloce e divertente\".<br \/>\n- Daniele, 27 anni<\/p><\/blockquote>\n<blockquote><p>\"A differenza di altri siti, StrangerCam \u00e8 davvero gratuito. Nessun credito, nessun paywall nascosto\".<br \/>\n- Sophia, 21 anni<\/p><\/blockquote>\n<blockquote><p>\"Ho provato altre app ma mi sembravano troppo lente. Questa \u00e8 stata istantanea, esattamente quello che volevo\".<br \/>\n- Ryan, 30 anni<\/p><\/blockquote>\n<blockquote><p>\"\u00c8 bello poter partire quando voglio, senza impegni. La Chat Now funziona davvero\".<br \/>\n- Emma, 19 anni<\/p><\/blockquote>\n<h2>La psicologia che si cela dietro la \"Chat gratuita adesso<\/h2>\n<p>Perch\u00e9 cos\u00ec tante persone cercano queste esatte parole? Si tratta di tre cose:<\/p>\n<ol>\n<li>Immediatezza: gli esseri umani desiderano una gratificazione immediata. L'idea di \"chattare subito\" \u00e8 irresistibile.<\/li>\n<li>Curiosit\u00e0 sociale: Siamo dotati di un sistema che ci permette di apprezzare la novit\u00e0 e l'imprevedibilit\u00e0. Incontrare sconosciuti online soddisfa questo bisogno.<\/li>\n<li>Accessibilit\u00e0: L'aggiunta di \"gratis\" lo rende accessibile a tutti. Nessuno vuole pagare solo per salutare.<\/li>\n<\/ol>\n<p>Questo spiega perch\u00e9 Free Chat Now rimane una parola chiave cos\u00ec ricercata in tutto il mondo.<\/p>\n<h2>Consigli di sicurezza per la chat gratuita di Now<\/h2>\n<p>Sebbene chattare online sia divertente, la sicurezza dovrebbe essere sempre al primo posto. Ecco le regole da seguire:<\/p>\n<ul>\n<li>Non condividete informazioni personali (telefono, e-mail, indirizzo).<\/li>\n<li>Evitare i link sospetti durante le chat.<\/li>\n<li>Usare Salta\/Blocca per le situazioni scomode.<\/li>\n<li>Controllare lo sfondo prima di accendere la fotocamera.<\/li>\n<li>Usate i soprannomi, non i nomi veri.<\/li>\n<li>Rispettare le regole dell'et\u00e0: non entrare nelle sale per adulti se si \u00e8 minori di 18 anni.<\/li>\n<\/ul>\n<h2>Come iniziare - Passo dopo passo<\/h2>\n<p>Ci vuole solo un minuto per iniziare una sessione di Chat Now gratuita:<\/p>\n<ol>\n<li>Aprite StrangerCam sul vostro browser o telefono.<\/li>\n<li>Selezionare la modalit\u00e0 di chat (testo o video).<\/li>\n<li>Consentire le autorizzazioni per la telecamera\/microfono (se si tratta di un video).<\/li>\n<li>Fate clic su Start Chat per essere abbinati immediatamente.<\/li>\n<li>Godetevi le conversazioni, oppure premete Next per incontrare qualcuno di nuovo.<\/li>\n<\/ol>\n<p>Tutto qui: veloce, gratuito e anonimo.<\/p>\n<p>Nel 2025, Free Chat Now \u00e8 pi\u00f9 popolare che mai. Le persone non vogliono lunghe iscrizioni, profili falsi o paywall: vogliono conversazioni istantanee e reali con sconosciuti in tutto il mondo.<\/p>\n<p>Piattaforme come StrangerCam offrono esattamente questo: chat gratuite, sicure e spontanee con persone reali 24 ore al giorno, 7 giorni su 7. Che siate alla ricerca di amici, di divertimento occasionale o di scambi culturali, Free Chat Now vi offre l'emozione di una connessione istantanea.<\/p>\n<p>Sei pronto a provare? Avvia una chat gratuita oggi stesso e scopri chi incontrerai la prossima volta.<\/p>","protected":false},"excerpt":{"rendered":"<p>Are you searching for Free Chat Now? You\u2019re not alone. Millions of people every month type those exact words into Google, hoping to find a simple, fast, and free way to connect with new people online. The idea is clear: no long signups, no downloads, no hidden costs\u2014just the ability to start chatting instantly with [&hellip;]<\/p>\n","protected":false},"author":8,"featured_media":0,"parent":0,"menu_order":0,"comment_status":"closed","ping_status":"closed","template":"","meta":{"footnotes":""},"class_list":["post-5006","page","type-page","status-publish","hentry"],"yoast_head":"<!-- This site is optimized with the Yoast SEO plugin v27.4 - https:\/\/yoast.com\/product\/yoast-seo-wordpress\/ -->\n<title>Free Chat Now with Video Chat on Strangercam.com<\/title>\n<meta name=\"description\" content=\"Liking Free Chat Now? Join millions on StrangerCam.com! Start a random video chat, turn on your cam, and meet strangers instantly.\" \/>\n<meta name=\"robots\" content=\"index, follow, max-snippet:-1, max-image-preview:large, max-video-preview:-1\" \/>\n<link rel=\"canonical\" href=\"https:\/\/strangercam.com\/it\/chat-gratuita-ora\/\" \/>\n<meta property=\"og:locale\" content=\"it_IT\" \/>\n<meta property=\"og:type\" content=\"article\" \/>\n<meta property=\"og:title\" content=\"Free Chat Now with Video Chat on Strangercam.com\" \/>\n<meta property=\"og:description\" content=\"Liking Free Chat Now? Join millions on StrangerCam.com! Start a random video chat, turn on your cam, and meet strangers instantly.\" \/>\n<meta property=\"og:url\" content=\"https:\/\/strangercam.com\/it\/chat-gratuita-ora\/\" \/>\n<meta property=\"og:site_name\" content=\"Strangercam\" \/>\n<meta property=\"article:publisher\" content=\"https:\/\/www.facebook.com\/strangercam\" \/>\n<meta property=\"article:modified_time\" content=\"2025-09-29T10:01:40+00:00\" \/>\n<meta property=\"og:image\" content=\"https:\/\/strangercam.com\/wp-content\/uploads\/2021\/10\/Untitled-2.png\" \/>\n\t<meta property=\"og:image:width\" content=\"800\" \/>\n\t<meta property=\"og:image:height\" content=\"532\" \/>\n\t<meta property=\"og:image:type\" content=\"image\/png\" \/>\n<meta name=\"twitter:card\" content=\"summary_large_image\" \/>\n<meta name=\"twitter:site\" content=\"@strangercamapp\" \/>\n<meta name=\"twitter:label1\" content=\"Tempo di lettura stimato\" \/>\n\t<meta name=\"twitter:data1\" content=\"5 minuti\" \/>\n<script type=\"application\/ld+json\" class=\"yoast-schema-graph\">{\"@context\":\"https:\\\/\\\/schema.org\",\"@graph\":[{\"@type\":\"WebPage\",\"@id\":\"https:\\\/\\\/strangercam.com\\\/free-chat-now\\\/\",\"url\":\"https:\\\/\\\/strangercam.com\\\/free-chat-now\\\/\",\"name\":\"Free Chat Now with Video Chat on Strangercam.com\",\"isPartOf\":{\"@id\":\"https:\\\/\\\/strangercam.com\\\/#website\"},\"datePublished\":\"2025-09-29T08:59:56+00:00\",\"dateModified\":\"2025-09-29T10:01:40+00:00\",\"description\":\"Liking Free Chat Now? Join millions on StrangerCam.com! Start a random video chat, turn on your cam, and meet strangers instantly.\",\"breadcrumb\":{\"@id\":\"https:\\\/\\\/strangercam.com\\\/free-chat-now\\\/#breadcrumb\"},\"inLanguage\":\"it-IT\",\"potentialAction\":[{\"@type\":\"ReadAction\",\"target\":[\"https:\\\/\\\/strangercam.com\\\/free-chat-now\\\/\"]}]},{\"@type\":\"BreadcrumbList\",\"@id\":\"https:\\\/\\\/strangercam.com\\\/free-chat-now\\\/#breadcrumb\",\"itemListElement\":[{\"@type\":\"ListItem\",\"position\":1,\"name\":\"Home\",\"item\":\"https:\\\/\\\/strangercam.com\\\/\"},{\"@type\":\"ListItem\",\"position\":2,\"name\":\"Free Chat Now\"}]},{\"@type\":\"WebSite\",\"@id\":\"https:\\\/\\\/strangercam.com\\\/#website\",\"url\":\"https:\\\/\\\/strangercam.com\\\/\",\"name\":\"Strangercam\",\"description\":\"Random Video Chat with Strangers\",\"publisher\":{\"@id\":\"https:\\\/\\\/strangercam.com\\\/#organization\"},\"alternateName\":\"Strangercam.com\",\"potentialAction\":[{\"@type\":\"SearchAction\",\"target\":{\"@type\":\"EntryPoint\",\"urlTemplate\":\"https:\\\/\\\/strangercam.com\\\/?s={search_term_string}\"},\"query-input\":{\"@type\":\"PropertyValueSpecification\",\"valueRequired\":true,\"valueName\":\"search_term_string\"}}],\"inLanguage\":\"it-IT\"},{\"@type\":\"Organization\",\"@id\":\"https:\\\/\\\/strangercam.com\\\/#organization\",\"name\":\"Strangercam\",\"alternateName\":\"Strangercam.com\",\"url\":\"https:\\\/\\\/strangercam.com\\\/\",\"logo\":{\"@type\":\"ImageObject\",\"inLanguage\":\"it-IT\",\"@id\":\"https:\\\/\\\/strangercam.com\\\/#\\\/schema\\\/logo\\\/image\\\/\",\"url\":\"https:\\\/\\\/strangercam.com\\\/wp-content\\\/uploads\\\/2020\\\/11\\\/cropped-new-favicon-black.png\",\"contentUrl\":\"https:\\\/\\\/strangercam.com\\\/wp-content\\\/uploads\\\/2020\\\/11\\\/cropped-new-favicon-black.png\",\"width\":512,\"height\":512,\"caption\":\"Strangercam\"},\"image\":{\"@id\":\"https:\\\/\\\/strangercam.com\\\/#\\\/schema\\\/logo\\\/image\\\/\"},\"sameAs\":[\"https:\\\/\\\/www.facebook.com\\\/strangercam\",\"https:\\\/\\\/x.com\\\/strangercamapp\"]}]}<\/script>\n<!-- \/ Yoast SEO plugin. -->","yoast_head_json":{"title":"Chatta gratis ora con la Video Chat su Strangercam.com","description":"Ti piace la chat gratuita ora? Join milioni su StrangerCam.com! Avvia una chat video casuale, accendi la tua cam e incontra subito degli sconosciuti.","robots":{"index":"index","follow":"follow","max-snippet":"max-snippet:-1","max-image-preview":"max-image-preview:large","max-video-preview":"max-video-preview:-1"},"canonical":"https:\/\/strangercam.com\/it\/chat-gratuita-ora\/","og_locale":"it_IT","og_type":"article","og_title":"Free Chat Now with Video Chat on Strangercam.com","og_description":"Liking Free Chat Now? Join millions on StrangerCam.com! Start a random video chat, turn on your cam, and meet strangers instantly.","og_url":"https:\/\/strangercam.com\/it\/chat-gratuita-ora\/","og_site_name":"Strangercam","article_publisher":"https:\/\/www.facebook.com\/strangercam","article_modified_time":"2025-09-29T10:01:40+00:00","og_image":[{"width":800,"height":532,"url":"https:\/\/strangercam.com\/wp-content\/uploads\/2021\/10\/Untitled-2.png","type":"image\/png"}],"twitter_card":"summary_large_image","twitter_site":"@strangercamapp","twitter_misc":{"Tempo di lettura stimato":"5 minuti"},"schema":{"@context":"https:\/\/schema.org","@graph":[{"@type":"WebPage","@id":"https:\/\/strangercam.com\/free-chat-now\/","url":"https:\/\/strangercam.com\/free-chat-now\/","name":"Chatta gratis ora con la Video Chat su Strangercam.com","isPartOf":{"@id":"https:\/\/strangercam.com\/#website"},"datePublished":"2025-09-29T08:59:56+00:00","dateModified":"2025-09-29T10:01:40+00:00","description":"Ti piace la chat gratuita ora? Join milioni su StrangerCam.com! Avvia una chat video casuale, accendi la tua cam e incontra subito degli sconosciuti.","breadcrumb":{"@id":"https:\/\/strangercam.com\/free-chat-now\/#breadcrumb"},"inLanguage":"it-IT","potentialAction":[{"@type":"ReadAction","target":["https:\/\/strangercam.com\/free-chat-now\/"]}]},{"@type":"BreadcrumbList","@id":"https:\/\/strangercam.com\/free-chat-now\/#breadcrumb","itemListElement":[{"@type":"ListItem","position":1,"name":"Home","item":"https:\/\/strangercam.com\/"},{"@type":"ListItem","position":2,"name":"Free Chat Now"}]},{"@type":"WebSite","@id":"https:\/\/strangercam.com\/#website","url":"https:\/\/strangercam.com\/","name":"Strangercam","description":"Videochat casuale con sconosciuti","publisher":{"@id":"https:\/\/strangercam.com\/#organization"},"alternateName":"Strangercam.com","potentialAction":[{"@type":"SearchAction","target":{"@type":"EntryPoint","urlTemplate":"https:\/\/strangercam.com\/?s={search_term_string}"},"query-input":{"@type":"PropertyValueSpecification","valueRequired":true,"valueName":"search_term_string"}}],"inLanguage":"it-IT"},{"@type":"Organization","@id":"https:\/\/strangercam.com\/#organization","name":"Strangercam","alternateName":"Strangercam.com","url":"https:\/\/strangercam.com\/","logo":{"@type":"ImageObject","inLanguage":"it-IT","@id":"https:\/\/strangercam.com\/#\/schema\/logo\/image\/","url":"https:\/\/strangercam.com\/wp-content\/uploads\/2020\/11\/cropped-new-favicon-black.png","contentUrl":"https:\/\/strangercam.com\/wp-content\/uploads\/2020\/11\/cropped-new-favicon-black.png","width":512,"height":512,"caption":"Strangercam"},"image":{"@id":"https:\/\/strangercam.com\/#\/schema\/logo\/image\/"},"sameAs":["https:\/\/www.facebook.com\/strangercam","https:\/\/x.com\/strangercamapp"]}]}},"_links":{"self":[{"href":"https:\/\/strangercam.com\/it\/wp-json\/wp\/v2\/pages\/5006","targetHints":{"allow":["GET"]}}],"collection":[{"href":"https:\/\/strangercam.com\/it\/wp-json\/wp\/v2\/pages"}],"about":[{"href":"https:\/\/strangercam.com\/it\/wp-json\/wp\/v2\/types\/page"}],"author":[{"embeddable":true,"href":"https:\/\/strangercam.com\/it\/wp-json\/wp\/v2\/users\/8"}],"replies":[{"embeddable":true,"href":"https:\/\/strangercam.com\/it\/wp-json\/wp\/v2\/comments?post=5006"}],"version-history":[{"count":1,"href":"https:\/\/strangercam.com\/it\/wp-json\/wp\/v2\/pages\/5006\/revisions"}],"predecessor-version":[{"id":13045,"href":"https:\/\/strangercam.com\/it\/wp-json\/wp\/v2\/pages\/5006\/revisions\/13045"}],"wp:attachment":[{"href":"https:\/\/strangercam.com\/it\/wp-json\/wp\/v2\/media?parent=5006"}],"curies":[{"name":"wp","href":"https:\/\/api.w.org\/{rel}","templated":true}]}}