{"id":4906,"date":"2021-06-14T19:57:32","date_gmt":"2021-06-14T17:57:32","guid":{"rendered":"https:\/\/strangercam.com\/?page_id=4906"},"modified":"2023-09-12T15:21:44","modified_gmt":"2023-09-12T13:21:44","slug":"chat-gay","status":"publish","type":"page","link":"https:\/\/strangercam.com\/it\/chat-gay\/","title":{"rendered":"Chat gay"},"content":{"rendered":"<p>Benvenuti a Gay <a href=\"https:\/\/strangercam.com\/it\/chatroulette\/\">Chat<\/a>. Join l'app di video chat Gay Chat, che rende facile chattare con sconosciuti casuali in modo anonimo. Gay Chat offre funzioni di video chat che includono maschere facciali, filtri di genere e paese, chat private e molto altro ancora. Chatta con ragazze e ragazzi a caso online, in qualsiasi parte del mondo, istantaneamente.<a href=\"https:\/\/nlcbplaywheresults.com\/\">.<\/a> Trovare un nuovo amico, <a href=\"https:\/\/strangercam.com\/it\/coomeet\/\">incontrarsi<\/a> il tuo prossimo appuntamento, mostra le tue incredibili abilit\u00e0 musicali, fai una chiacchierata a caso sul calcio, chatta con i gay o rilassati e discuti dell'ultima serie di Netflix con uno sconosciuto. Chattare con i gay \u00e8 facile e gratuito, e ci si pu\u00f2 divertire. Non si sa mai chi potrebbe aspettarti dall'altra parte della webcam!<\/p>\n<p>Se volete entrare in contatto con nuove persone in modo anonimo,\u00a0<a href=\"https:\/\/strangercam.com\/it\/chathub\/\">video chat casuale<\/a>\u00a0\u00e8 il modo migliore e pi\u00f9 semplice per farlo, e StrangerCam \u00e8 la chat <a href=\"https:\/\/strangercam.com\/it\/bazoocam\/\">cam<\/a> app che vi porter\u00e0 l\u00ec<a href=\"https:\/\/cashpotresulttoday.com\/\">.<\/a> Abbiamo ottimizzato la nostra app in modo che possiate scegliere esattamente con chi volete venire: un modo nuovo e innovativo per entrare in contatto con gli sconosciuti.<\/p>\n<p>Quindi cosa stai aspettando? Entra subito in Gay Chat!<\/p>\n<h3>La chat gay \u00e8 eccellente!<\/h3>\n<p>Non siamo noi a dirlo, ma i clienti!<\/p>\n<p>Potreste pensare che \u00e8 per questo che \u00e8 fantastico? Abbiamo tutte le risposte!<\/p>\n<p>\u00c8 grande per la sua semplicit\u00e0. \u00c8 ottimo per le emozioni genuine delle due persone coinvolte. \u00c8 eccellente perch\u00e9 qualcuno combatte con la societ\u00e0 e si presenta come gay e si batte per ci\u00f2 che vuole.<\/p>\n<p>Incoraggiamo i nostri visitatori a cercare e a godere di ci\u00f2 che desiderano. Forniamo loro le strutture che desiderano!<\/p>\n<p>Quando si tratta di chat gay, su StrangerCam siete liberi di scegliere tutto e niente.<\/p>\n<h3>Anonimo<\/h3>\n<p>Nessuno ti conosce e tu non conosci nessuno! \u00c8 qui che nasce il brivido!<\/p>\n<p>Si chatta con sconosciuti in modo completamente anonimo. Ti abbiniamo a sconosciuti in tutto il mondo. Puoi parlare con loro mentre noi ci prendiamo cura della tua identit\u00e0 e delle tue informazioni.<\/p>\n<p>Mantenere la vostra identit\u00e0 segreta mentre chattate con gli sconosciuti \u00e8 essenziale e noi siamo i migliori in questo. Il nostro team di tecnici ci lavora continuamente e vi tiene al sicuro da tutto ci\u00f2 che contiene danni.<\/p>\n<p>Essere anonimi non significa non poter condividere nulla con gli estranei. Abbiamo introdotto la modalit\u00e0 anonima per tenervi al sicuro, non per rinchiudervi in una scatola.<\/p>\n<p>Potete condividere le vostre informazioni di base con gli sconosciuti che vi piacciono. Anche gli sconosciuti possono condividere le loro informazioni di base con voi.<br \/>\nE se vi piacete e le cose vanno bene, potete anche organizzare un appuntamento!<\/p>\n<p>Condividere le informazioni per un appuntamento \u00e8 obbligatorio. Tuttavia, vorremmo dire che dovreste considerare tutto prima di decidere di incontrare il vostro partner di persona.<\/p>\n<h3>La privacy<\/h3>\n<p>Abbiamo una solida politica sulla privacy!<\/p>\n<p>Non condividiamo i vostri dati con nessuno, nemmeno con altri sconosciuti che parlano con voi. Lasciamo a voi la scelta di raccontare di voi ad altre persone. Se non volete, nessuno pu\u00f2 sapere chi siete e da dove venite.<\/p>\n<p>Vendere i dati dei clienti a societ\u00e0 terze \u00e8 una pratica comune, ma non per noi. Crediamo che la privacy dei clienti sia un fattore importante nelle chat online. Per questo motivo non condividiamo n\u00e9 vendiamo i vostri dati a nessuno per nessun motivo, ad esempio per il marketing e la pubblicit\u00e0.<br \/>\nNon esitate a visitare StrangerCam. \u00c8 sicuro e protetto. Vi sentirete a casa!<\/p>\n<h3>Ambiente sicuro<\/h3>\n<p>Se vuoi connetterti con ragazzi e ragazze in tutto il mondo, non c'\u00e8 posto pi\u00f9 sicuro di StrangerCam. Comprendiamo le preoccupazioni relative alle chat per adulti online. Ecco perch\u00e9 il nostro team cerca continuamente di ottimizzare tutto per voi.<\/p>\n<p>Sentitevi liberi di parlare con gli estranei perch\u00e9 ci avete coperto le spalle. \u00c8 una piattaforma per adulti, ma non significa che l'abbiamo lasciata aperta a tutto. Se qualcuno vi maltratta o fa commenti di questo tipo, potete direttamente sporgere denuncia. L'altra parte sar\u00e0 bloccata dall'utilizzo di StrangerCam.<\/p>\n<h3>Controllo<\/h3>\n<p>\u00c8 essenziale avere il controllo su ci\u00f2 che si fa online. Soprattutto quando si tratta di video chat per adulti, a volte pu\u00f2 essere rischioso perch\u00e9 le persone possono usare in modo improprio le informazioni che avete fornito sulla piattaforma o le persone.<\/p>\n<p>Ma in questo caso non dovete preoccuparvi di nulla. Il sito web offre diverse funzioni che aiutano a proteggersi da qualsiasi calamit\u00e0 di questo tipo. Durante la chat video, \u00e8 possibile utilizzare un filtro per nascondere il proprio volto. In questo modo, l'altra persona non sapr\u00e0 mai con chi sta parlando. A meno che non sia tu stesso a dirglielo.<\/p>\n<p>Non \u00e8 fantastico controllare le cose e usarle a proprio favore? Certo che lo \u00e8!<\/p>","protected":false},"excerpt":{"rendered":"<p>Welcome to Gay Chat. Join the Gay Chat\u00a0video chat app, making it easy to chat with random strangers anonymously. Gay Chat offers video chat features including face masks, gender, country filters, private Chat, and much more. Chat with random girls and boys online, anywhere in the world, instantaneously. Find a new friend, meet your next [&hellip;]<\/p>\n","protected":false},"author":8,"featured_media":0,"parent":0,"menu_order":0,"comment_status":"closed","ping_status":"closed","template":"","meta":{"footnotes":""},"class_list":["post-4906","page","type-page","status-publish","hentry"],"yoast_head":"<!-- This site is optimized with the Yoast SEO plugin v26.9 - https:\/\/yoast.com\/product\/yoast-seo-wordpress\/ -->\n<title>Gay Chat - StrangerCam.com: Cam With Strangers<\/title>\n<meta name=\"description\" content=\"Gay Chat anonymously with over 5.000.000 strangers. No Sign-Up Required! Cam with strangers on StrangerCam.com.\" \/>\n<meta name=\"robots\" content=\"index, follow, max-snippet:-1, max-image-preview:large, max-video-preview:-1\" \/>\n<link rel=\"canonical\" href=\"https:\/\/strangercam.com\/it\/chat-gay\/\" \/>\n<meta property=\"og:locale\" content=\"it_IT\" \/>\n<meta property=\"og:type\" content=\"article\" \/>\n<meta property=\"og:title\" content=\"Gay Chat - StrangerCam.com: Cam With Strangers\" \/>\n<meta property=\"og:description\" content=\"Gay Chat anonymously with over 5.000.000 strangers. No Sign-Up Required! Cam with strangers on StrangerCam.com.\" \/>\n<meta property=\"og:url\" content=\"https:\/\/strangercam.com\/it\/chat-gay\/\" \/>\n<meta property=\"og:site_name\" content=\"Strangercam\" \/>\n<meta property=\"article:publisher\" content=\"https:\/\/www.facebook.com\/strangercam\" \/>\n<meta property=\"article:modified_time\" content=\"2023-09-12T13:21:44+00:00\" \/>\n<meta property=\"og:image\" content=\"https:\/\/strangercam.com\/wp-content\/uploads\/2021\/10\/Untitled-2.png\" \/>\n\t<meta property=\"og:image:width\" content=\"800\" \/>\n\t<meta property=\"og:image:height\" content=\"532\" \/>\n\t<meta property=\"og:image:type\" content=\"image\/png\" \/>\n<meta name=\"twitter:card\" content=\"summary_large_image\" \/>\n<meta name=\"twitter:site\" content=\"@strangercamapp\" \/>\n<meta name=\"twitter:label1\" content=\"Tempo di lettura stimato\" \/>\n\t<meta name=\"twitter:data1\" content=\"4 minuti\" \/>\n<script type=\"application\/ld+json\" class=\"yoast-schema-graph\">{\"@context\":\"https:\/\/schema.org\",\"@graph\":[{\"@type\":\"WebPage\",\"@id\":\"https:\/\/strangercam.com\/gay-chat\/\",\"url\":\"https:\/\/strangercam.com\/gay-chat\/\",\"name\":\"Gay Chat - StrangerCam.com: Cam With Strangers\",\"isPartOf\":{\"@id\":\"https:\/\/strangercam.com\/#website\"},\"datePublished\":\"2021-06-14T17:57:32+00:00\",\"dateModified\":\"2023-09-12T13:21:44+00:00\",\"description\":\"Gay Chat anonymously with over 5.000.000 strangers. No Sign-Up Required! Cam with strangers on StrangerCam.com.\",\"breadcrumb\":{\"@id\":\"https:\/\/strangercam.com\/gay-chat\/#breadcrumb\"},\"inLanguage\":\"it-IT\",\"potentialAction\":[{\"@type\":\"ReadAction\",\"target\":[\"https:\/\/strangercam.com\/gay-chat\/\"]}]},{\"@type\":\"BreadcrumbList\",\"@id\":\"https:\/\/strangercam.com\/gay-chat\/#breadcrumb\",\"itemListElement\":[{\"@type\":\"ListItem\",\"position\":1,\"name\":\"Home\",\"item\":\"https:\/\/strangercam.com\/\"},{\"@type\":\"ListItem\",\"position\":2,\"name\":\"Gay Chat\"}]},{\"@type\":\"WebSite\",\"@id\":\"https:\/\/strangercam.com\/#website\",\"url\":\"https:\/\/strangercam.com\/\",\"name\":\"Strangercam\",\"description\":\"Random Video Chat with Strangers\",\"publisher\":{\"@id\":\"https:\/\/strangercam.com\/#organization\"},\"alternateName\":\"Strangercam.com\",\"potentialAction\":[{\"@type\":\"SearchAction\",\"target\":{\"@type\":\"EntryPoint\",\"urlTemplate\":\"https:\/\/strangercam.com\/?s={search_term_string}\"},\"query-input\":{\"@type\":\"PropertyValueSpecification\",\"valueRequired\":true,\"valueName\":\"search_term_string\"}}],\"inLanguage\":\"it-IT\"},{\"@type\":\"Organization\",\"@id\":\"https:\/\/strangercam.com\/#organization\",\"name\":\"Strangercam\",\"alternateName\":\"Strangercam.com\",\"url\":\"https:\/\/strangercam.com\/\",\"logo\":{\"@type\":\"ImageObject\",\"inLanguage\":\"it-IT\",\"@id\":\"https:\/\/strangercam.com\/#\/schema\/logo\/image\/\",\"url\":\"https:\/\/strangercam.com\/wp-content\/uploads\/2020\/11\/cropped-new-favicon-black.png\",\"contentUrl\":\"https:\/\/strangercam.com\/wp-content\/uploads\/2020\/11\/cropped-new-favicon-black.png\",\"width\":512,\"height\":512,\"caption\":\"Strangercam\"},\"image\":{\"@id\":\"https:\/\/strangercam.com\/#\/schema\/logo\/image\/\"},\"sameAs\":[\"https:\/\/www.facebook.com\/strangercam\",\"https:\/\/x.com\/strangercamapp\"]}]}<\/script>\n<!-- \/ Yoast SEO plugin. -->","yoast_head_json":{"title":"Chat gay - StrangerCam.com: Cam con gli sconosciuti","description":"Chat gay anonima con oltre 5.000.000 di sconosciuti. Non \u00e8 richiesta l'iscrizione! Cammina con gli sconosciuti su StrangerCam.com.","robots":{"index":"index","follow":"follow","max-snippet":"max-snippet:-1","max-image-preview":"max-image-preview:large","max-video-preview":"max-video-preview:-1"},"canonical":"https:\/\/strangercam.com\/it\/chat-gay\/","og_locale":"it_IT","og_type":"article","og_title":"Gay Chat - StrangerCam.com: Cam With Strangers","og_description":"Gay Chat anonymously with over 5.000.000 strangers. No Sign-Up Required! Cam with strangers on StrangerCam.com.","og_url":"https:\/\/strangercam.com\/it\/chat-gay\/","og_site_name":"Strangercam","article_publisher":"https:\/\/www.facebook.com\/strangercam","article_modified_time":"2023-09-12T13:21:44+00:00","og_image":[{"width":800,"height":532,"url":"https:\/\/strangercam.com\/wp-content\/uploads\/2021\/10\/Untitled-2.png","type":"image\/png"}],"twitter_card":"summary_large_image","twitter_site":"@strangercamapp","twitter_misc":{"Tempo di lettura stimato":"4 minuti"},"schema":{"@context":"https:\/\/schema.org","@graph":[{"@type":"WebPage","@id":"https:\/\/strangercam.com\/gay-chat\/","url":"https:\/\/strangercam.com\/gay-chat\/","name":"Chat gay - StrangerCam.com: Cam con gli sconosciuti","isPartOf":{"@id":"https:\/\/strangercam.com\/#website"},"datePublished":"2021-06-14T17:57:32+00:00","dateModified":"2023-09-12T13:21:44+00:00","description":"Chat gay anonima con oltre 5.000.000 di sconosciuti. Non \u00e8 richiesta l'iscrizione! Cammina con gli sconosciuti su StrangerCam.com.","breadcrumb":{"@id":"https:\/\/strangercam.com\/gay-chat\/#breadcrumb"},"inLanguage":"it-IT","potentialAction":[{"@type":"ReadAction","target":["https:\/\/strangercam.com\/gay-chat\/"]}]},{"@type":"BreadcrumbList","@id":"https:\/\/strangercam.com\/gay-chat\/#breadcrumb","itemListElement":[{"@type":"ListItem","position":1,"name":"Home","item":"https:\/\/strangercam.com\/"},{"@type":"ListItem","position":2,"name":"Gay Chat"}]},{"@type":"WebSite","@id":"https:\/\/strangercam.com\/#website","url":"https:\/\/strangercam.com\/","name":"Strangercam","description":"Videochat casuale con sconosciuti","publisher":{"@id":"https:\/\/strangercam.com\/#organization"},"alternateName":"Strangercam.com","potentialAction":[{"@type":"SearchAction","target":{"@type":"EntryPoint","urlTemplate":"https:\/\/strangercam.com\/?s={search_term_string}"},"query-input":{"@type":"PropertyValueSpecification","valueRequired":true,"valueName":"search_term_string"}}],"inLanguage":"it-IT"},{"@type":"Organization","@id":"https:\/\/strangercam.com\/#organization","name":"Strangercam","alternateName":"Strangercam.com","url":"https:\/\/strangercam.com\/","logo":{"@type":"ImageObject","inLanguage":"it-IT","@id":"https:\/\/strangercam.com\/#\/schema\/logo\/image\/","url":"https:\/\/strangercam.com\/wp-content\/uploads\/2020\/11\/cropped-new-favicon-black.png","contentUrl":"https:\/\/strangercam.com\/wp-content\/uploads\/2020\/11\/cropped-new-favicon-black.png","width":512,"height":512,"caption":"Strangercam"},"image":{"@id":"https:\/\/strangercam.com\/#\/schema\/logo\/image\/"},"sameAs":["https:\/\/www.facebook.com\/strangercam","https:\/\/x.com\/strangercamapp"]}]}},"_links":{"self":[{"href":"https:\/\/strangercam.com\/it\/wp-json\/wp\/v2\/pages\/4906","targetHints":{"allow":["GET"]}}],"collection":[{"href":"https:\/\/strangercam.com\/it\/wp-json\/wp\/v2\/pages"}],"about":[{"href":"https:\/\/strangercam.com\/it\/wp-json\/wp\/v2\/types\/page"}],"author":[{"embeddable":true,"href":"https:\/\/strangercam.com\/it\/wp-json\/wp\/v2\/users\/8"}],"replies":[{"embeddable":true,"href":"https:\/\/strangercam.com\/it\/wp-json\/wp\/v2\/comments?post=4906"}],"version-history":[{"count":0,"href":"https:\/\/strangercam.com\/it\/wp-json\/wp\/v2\/pages\/4906\/revisions"}],"wp:attachment":[{"href":"https:\/\/strangercam.com\/it\/wp-json\/wp\/v2\/media?parent=4906"}],"curies":[{"name":"wp","href":"https:\/\/api.w.org\/{rel}","templated":true}]}}