{"id":4887,"date":"2021-06-14T19:18:17","date_gmt":"2021-06-14T17:18:17","guid":{"rendered":"https:\/\/strangercam.com\/?page_id=4887"},"modified":"2023-08-21T12:40:47","modified_gmt":"2023-08-21T10:40:47","slug":"chat-con-gli-sconosciuti","status":"publish","type":"page","link":"https:\/\/strangercam.com\/it\/stranger-chat\/","title":{"rendered":"Chat con gli sconosciuti"},"content":{"rendered":"<p>Benvenuti a Stranger <a href=\"https:\/\/strangercam.com\/it\/chathub\/\">Chat<\/a>. Join l'app di video chat Stranger Chat, che rende facile chattare con sconosciuti casuali in modo anonimo.<a href=\"https:\/\/cashpotresulttoday.com\/\">.<\/a> Stranger Chat offre funzioni di video chat che includono maschere facciali, filtri per sesso e paese, chat private e molto altro. Chatta con ragazze e ragazzi a caso online, ovunque nel mondo, istantaneamente. Trova un nuovo amico, <a href=\"https:\/\/strangercam.com\/it\/coomeet\/\">incontrarsi<\/a> Il vostro prossimo appuntamento, mostrate le vostre incredibili abilit\u00e0 musicali, fate una chiacchierata casuale sul calcio, fate una Stranger Chat o semplicemente rilassatevi e discutete dell'ultima serie di Netflix con uno sconosciuto. Chattare con gli sconosciuti \u00e8 facile e gratuito, e ci si diverte. Non si sa mai chi potrebbe aspettarvi dall'altra parte della webcam!<\/p>\n<p>Tutti abbiamo bisogno di un'attivit\u00e0 per tirarci su di morale, e nessuna attivit\u00e0 \u00e8 migliore del parlare con altre persone e condividere con loro le proprie esperienze.<a href=\"https:\/\/nlcbplaywheresults.com\/\">.<\/a> In passato non era facile, ma ora non pi\u00f9. StrangerCam vi offre un'eccellente opportunit\u00e0 di parlare con sconosciuti in tutto il mondo. Join noi e divertitevi!<\/p>\n<p>Se volete entrare in contatto con nuove persone in modo anonimo, la chat video casuale \u00e8 il modo migliore e pi\u00f9 semplice per farlo e StrangerCam \u00e8 la chat che fa per voi. <a href=\"https:\/\/strangercam.com\/it\/bazoocam\/\">cam<\/a> che vi porter\u00e0 l\u00ec. Abbiamo ottimizzato la nostra app in modo che possiate scegliere esattamente le persone con cui desiderate caminare: un modo nuovo e innovativo per entrare in contatto con gli sconosciuti.<\/p>\n<p>Quindi cosa stai aspettando? Entra subito in Stranger Chat!<\/p>\n<h2>Trovare nuove persone online con facilit\u00e0 su StrangerCam<\/h2>\n<p>Trovare nuove persone online non \u00e8 mai stato cos\u00ec facile!<\/p>\n<p>Trovare nuove persone a <a href=\"https:\/\/strangercam.com\/it\/chatroulette\/\">Chatroulette<\/a> \u00e8 divertente. StrangerCam \u00e8 una piattaforma online. Permette agli utenti di chattare con gli sconosciuti senza alcuna registrazione. Al centro c'\u00e8 solo la funzione webcam, che consente di avviare rapidamente una chat. Ci sono molte opzioni di chat disponibili sulla piattaforma. \u00c8 possibile avviare una chat in pochi secondi. Basta aprire il sito, inserire il proprio sesso e selezionare il Paese di propria scelta. Vi troveremo i potenziali incontri che state cercando.<\/p>\n<p>Inoltre, consente agli utenti di chattare e condividere informazioni importanti con persone selezionate. I servizi sono completamente gratuiti e consentono agli utenti di trovare persone sconosciute con interessi comuni. Gli utenti possono anche premere il tasto \"skip\" se non amano chattare con loro e passare al prossimo. Tutto ci\u00f2 che facciamo \u00e8 per mantenere i nostri clienti soddisfatti in ogni modo possibile.<\/p>\n<h2>Selezione<\/h2>\n<p>Ogni volta che si apre il sito web, vengono presentate diverse opzioni tra cui scegliere. Avrete la possibilit\u00e0 di selezionare il sesso di vostra scelta. StrangerCam, grazie alla sua rete di intelligenza artificiale, trover\u00e0 il vostro partner.<br \/>\nAvere la possibilit\u00e0 di decidere le proprie scelte ogni volta che si utilizza la piattaforma \u00e8 fantastico. Si ha la sensazione di avere tutto il potere con chi si vuole parlare e chattare per divertimento. Diamo potere ai nostri clienti. Non si pu\u00f2 parlare con nessuno senza il suo consenso. Entrambe le parti devono scegliere. Se si seleziona qualcuno, si viene abbinati. Finch\u00e9 entrambe le persone accettano di parlare tra loro, possono parlare senza restrizioni e preoccupazioni.<\/p>\n<h2>Controllo delle informazioni e facilit\u00e0 di trovare un potenziale abbinamento<\/h2>\n<p>Speriamo che abbiate gi\u00e0 capito gran parte di questa fantastica piattaforma di video chat per adulti. Ma c'\u00e8 qualcosa di pi\u00f9 importante da menzionare!<\/p>\n<p>Non condividiamo le vostre informazioni con nessuno. Siamo qui per proteggervi in ogni modo. Le vostre informazioni sono al sicuro con noi. Non condividiamo le vostre informazioni con nessuno.<\/p>\n<p>Allo stesso modo, siamo qui per agevolarvi. Il nostro sistema intelligente vi aiuta a trovare il tipo di persona che state cercando!<br \/>\nAvete molte opzioni tra cui scegliere. Il mondo \u00e8 aperto per voi. Andate e prendete ci\u00f2 che \u00e8 vostro!<\/p>","protected":false},"excerpt":{"rendered":"<p>Welcome to Stranger Chat. Join the Stranger Chat video chat app, making it easy to chat with random strangers anonymously. Stranger Chat offers video chat features including face masks, gender and country filters, private chat, and much more. Chat with random girls and boys online, anywhere in the world, instantaneously. Find a new friend, meet [&hellip;]<\/p>\n","protected":false},"author":6,"featured_media":0,"parent":0,"menu_order":0,"comment_status":"closed","ping_status":"closed","template":"","meta":{"footnotes":""},"class_list":["post-4887","page","type-page","status-publish","hentry"],"yoast_head":"<!-- This site is optimized with the Yoast SEO plugin v27.4 - https:\/\/yoast.com\/product\/yoast-seo-wordpress\/ -->\n<title>Stranger Chat - StrangerCam.com: Cam With Strangers<\/title>\n<meta name=\"description\" content=\"Stranger Chat anonymously with over 5.000.000 strangers. No Sign-Up Required! Cam with strangers on StrangerCam.com.\" \/>\n<meta name=\"robots\" content=\"index, follow, max-snippet:-1, max-image-preview:large, max-video-preview:-1\" \/>\n<link rel=\"canonical\" href=\"https:\/\/strangercam.com\/it\/chat-con-gli-sconosciuti\/\" \/>\n<meta property=\"og:locale\" content=\"it_IT\" \/>\n<meta property=\"og:type\" content=\"article\" \/>\n<meta property=\"og:title\" content=\"Stranger Chat - StrangerCam.com: Cam With Strangers\" \/>\n<meta property=\"og:description\" content=\"Stranger Chat anonymously with over 5.000.000 strangers. No Sign-Up Required! Cam with strangers on StrangerCam.com.\" \/>\n<meta property=\"og:url\" content=\"https:\/\/strangercam.com\/it\/chat-con-gli-sconosciuti\/\" \/>\n<meta property=\"og:site_name\" content=\"Strangercam\" \/>\n<meta property=\"article:publisher\" content=\"https:\/\/www.facebook.com\/strangercam\" \/>\n<meta property=\"article:modified_time\" content=\"2023-08-21T10:40:47+00:00\" \/>\n<meta property=\"og:image\" content=\"https:\/\/strangercam.com\/wp-content\/uploads\/2021\/10\/Untitled-2.png\" \/>\n\t<meta property=\"og:image:width\" content=\"800\" \/>\n\t<meta property=\"og:image:height\" content=\"532\" \/>\n\t<meta property=\"og:image:type\" content=\"image\/png\" \/>\n<meta name=\"twitter:card\" content=\"summary_large_image\" \/>\n<meta name=\"twitter:site\" content=\"@strangercamapp\" \/>\n<meta name=\"twitter:label1\" content=\"Tempo di lettura stimato\" \/>\n\t<meta name=\"twitter:data1\" content=\"3 minuti\" \/>\n<script type=\"application\/ld+json\" class=\"yoast-schema-graph\">{\"@context\":\"https:\\\/\\\/schema.org\",\"@graph\":[{\"@type\":\"WebPage\",\"@id\":\"https:\\\/\\\/strangercam.com\\\/stranger-chat\\\/\",\"url\":\"https:\\\/\\\/strangercam.com\\\/stranger-chat\\\/\",\"name\":\"Stranger Chat - StrangerCam.com: Cam With Strangers\",\"isPartOf\":{\"@id\":\"https:\\\/\\\/strangercam.com\\\/#website\"},\"datePublished\":\"2021-06-14T17:18:17+00:00\",\"dateModified\":\"2023-08-21T10:40:47+00:00\",\"description\":\"Stranger Chat anonymously with over 5.000.000 strangers. No Sign-Up Required! Cam with strangers on StrangerCam.com.\",\"breadcrumb\":{\"@id\":\"https:\\\/\\\/strangercam.com\\\/stranger-chat\\\/#breadcrumb\"},\"inLanguage\":\"it-IT\",\"potentialAction\":[{\"@type\":\"ReadAction\",\"target\":[\"https:\\\/\\\/strangercam.com\\\/stranger-chat\\\/\"]}]},{\"@type\":\"BreadcrumbList\",\"@id\":\"https:\\\/\\\/strangercam.com\\\/stranger-chat\\\/#breadcrumb\",\"itemListElement\":[{\"@type\":\"ListItem\",\"position\":1,\"name\":\"Home\",\"item\":\"https:\\\/\\\/strangercam.com\\\/\"},{\"@type\":\"ListItem\",\"position\":2,\"name\":\"Stranger Chat\"}]},{\"@type\":\"WebSite\",\"@id\":\"https:\\\/\\\/strangercam.com\\\/#website\",\"url\":\"https:\\\/\\\/strangercam.com\\\/\",\"name\":\"Strangercam\",\"description\":\"Random Video Chat with Strangers\",\"publisher\":{\"@id\":\"https:\\\/\\\/strangercam.com\\\/#organization\"},\"alternateName\":\"Strangercam.com\",\"potentialAction\":[{\"@type\":\"SearchAction\",\"target\":{\"@type\":\"EntryPoint\",\"urlTemplate\":\"https:\\\/\\\/strangercam.com\\\/?s={search_term_string}\"},\"query-input\":{\"@type\":\"PropertyValueSpecification\",\"valueRequired\":true,\"valueName\":\"search_term_string\"}}],\"inLanguage\":\"it-IT\"},{\"@type\":\"Organization\",\"@id\":\"https:\\\/\\\/strangercam.com\\\/#organization\",\"name\":\"Strangercam\",\"alternateName\":\"Strangercam.com\",\"url\":\"https:\\\/\\\/strangercam.com\\\/\",\"logo\":{\"@type\":\"ImageObject\",\"inLanguage\":\"it-IT\",\"@id\":\"https:\\\/\\\/strangercam.com\\\/#\\\/schema\\\/logo\\\/image\\\/\",\"url\":\"https:\\\/\\\/strangercam.com\\\/wp-content\\\/uploads\\\/2020\\\/11\\\/cropped-new-favicon-black.png\",\"contentUrl\":\"https:\\\/\\\/strangercam.com\\\/wp-content\\\/uploads\\\/2020\\\/11\\\/cropped-new-favicon-black.png\",\"width\":512,\"height\":512,\"caption\":\"Strangercam\"},\"image\":{\"@id\":\"https:\\\/\\\/strangercam.com\\\/#\\\/schema\\\/logo\\\/image\\\/\"},\"sameAs\":[\"https:\\\/\\\/www.facebook.com\\\/strangercam\",\"https:\\\/\\\/x.com\\\/strangercamapp\"]}]}<\/script>\n<!-- \/ Yoast SEO plugin. -->","yoast_head_json":{"title":"Stranger Chat - StrangerCam.com: Cam con gli sconosciuti","description":"Stranger Chat anonima con oltre 5.000.000 di sconosciuti. Non \u00e8 richiesta l'iscrizione! Cammina con gli sconosciuti su StrangerCam.com.","robots":{"index":"index","follow":"follow","max-snippet":"max-snippet:-1","max-image-preview":"max-image-preview:large","max-video-preview":"max-video-preview:-1"},"canonical":"https:\/\/strangercam.com\/it\/chat-con-gli-sconosciuti\/","og_locale":"it_IT","og_type":"article","og_title":"Stranger Chat - StrangerCam.com: Cam With Strangers","og_description":"Stranger Chat anonymously with over 5.000.000 strangers. No Sign-Up Required! Cam with strangers on StrangerCam.com.","og_url":"https:\/\/strangercam.com\/it\/chat-con-gli-sconosciuti\/","og_site_name":"Strangercam","article_publisher":"https:\/\/www.facebook.com\/strangercam","article_modified_time":"2023-08-21T10:40:47+00:00","og_image":[{"width":800,"height":532,"url":"https:\/\/strangercam.com\/wp-content\/uploads\/2021\/10\/Untitled-2.png","type":"image\/png"}],"twitter_card":"summary_large_image","twitter_site":"@strangercamapp","twitter_misc":{"Tempo di lettura stimato":"3 minuti"},"schema":{"@context":"https:\/\/schema.org","@graph":[{"@type":"WebPage","@id":"https:\/\/strangercam.com\/stranger-chat\/","url":"https:\/\/strangercam.com\/stranger-chat\/","name":"Stranger Chat - StrangerCam.com: Cam con gli sconosciuti","isPartOf":{"@id":"https:\/\/strangercam.com\/#website"},"datePublished":"2021-06-14T17:18:17+00:00","dateModified":"2023-08-21T10:40:47+00:00","description":"Stranger Chat anonima con oltre 5.000.000 di sconosciuti. Non \u00e8 richiesta l'iscrizione! Cammina con gli sconosciuti su StrangerCam.com.","breadcrumb":{"@id":"https:\/\/strangercam.com\/stranger-chat\/#breadcrumb"},"inLanguage":"it-IT","potentialAction":[{"@type":"ReadAction","target":["https:\/\/strangercam.com\/stranger-chat\/"]}]},{"@type":"BreadcrumbList","@id":"https:\/\/strangercam.com\/stranger-chat\/#breadcrumb","itemListElement":[{"@type":"ListItem","position":1,"name":"Home","item":"https:\/\/strangercam.com\/"},{"@type":"ListItem","position":2,"name":"Stranger Chat"}]},{"@type":"WebSite","@id":"https:\/\/strangercam.com\/#website","url":"https:\/\/strangercam.com\/","name":"Strangercam","description":"Videochat casuale con sconosciuti","publisher":{"@id":"https:\/\/strangercam.com\/#organization"},"alternateName":"Strangercam.com","potentialAction":[{"@type":"SearchAction","target":{"@type":"EntryPoint","urlTemplate":"https:\/\/strangercam.com\/?s={search_term_string}"},"query-input":{"@type":"PropertyValueSpecification","valueRequired":true,"valueName":"search_term_string"}}],"inLanguage":"it-IT"},{"@type":"Organization","@id":"https:\/\/strangercam.com\/#organization","name":"Strangercam","alternateName":"Strangercam.com","url":"https:\/\/strangercam.com\/","logo":{"@type":"ImageObject","inLanguage":"it-IT","@id":"https:\/\/strangercam.com\/#\/schema\/logo\/image\/","url":"https:\/\/strangercam.com\/wp-content\/uploads\/2020\/11\/cropped-new-favicon-black.png","contentUrl":"https:\/\/strangercam.com\/wp-content\/uploads\/2020\/11\/cropped-new-favicon-black.png","width":512,"height":512,"caption":"Strangercam"},"image":{"@id":"https:\/\/strangercam.com\/#\/schema\/logo\/image\/"},"sameAs":["https:\/\/www.facebook.com\/strangercam","https:\/\/x.com\/strangercamapp"]}]}},"_links":{"self":[{"href":"https:\/\/strangercam.com\/it\/wp-json\/wp\/v2\/pages\/4887","targetHints":{"allow":["GET"]}}],"collection":[{"href":"https:\/\/strangercam.com\/it\/wp-json\/wp\/v2\/pages"}],"about":[{"href":"https:\/\/strangercam.com\/it\/wp-json\/wp\/v2\/types\/page"}],"author":[{"embeddable":true,"href":"https:\/\/strangercam.com\/it\/wp-json\/wp\/v2\/users\/6"}],"replies":[{"embeddable":true,"href":"https:\/\/strangercam.com\/it\/wp-json\/wp\/v2\/comments?post=4887"}],"version-history":[{"count":0,"href":"https:\/\/strangercam.com\/it\/wp-json\/wp\/v2\/pages\/4887\/revisions"}],"wp:attachment":[{"href":"https:\/\/strangercam.com\/it\/wp-json\/wp\/v2\/media?parent=4887"}],"curies":[{"name":"wp","href":"https:\/\/api.w.org\/{rel}","templated":true}]}}