{"id":4831,"date":"2025-09-23T11:00:01","date_gmt":"2025-09-23T09:00:01","guid":{"rendered":"https:\/\/strangercam.com\/?page_id=4831"},"modified":"2025-09-23T12:38:49","modified_gmt":"2025-09-23T10:38:49","slug":"chat-casuale-gratuita-con-ragazze","status":"publish","type":"page","link":"https:\/\/strangercam.com\/it\/free-random-chat-with-girls\/","title":{"rendered":"Chat casuale gratuita con ragazze"},"content":{"rendered":"<p>Siete alla ricerca di una versione casuale gratuita <a href=\"https:\/\/strangercam.com\/it\/chathub\/\">chat<\/a> con <a href=\"https:\/\/strangercam.com\/it\/video-chat-with-girls\/\">ragazze<\/a>? Non sei l'unico. Milioni di persone ogni mese cercano modi semplici, immediati e divertenti per entrare in contatto con le ragazze online. A differenza delle app di incontri o dei social media, che possono sembrare lenti o pieni di profili falsi, la chat casuale con le ragazze \u00e8 diretta, spontanea e reale.<\/p>\n<p>Con piattaforme moderne come StrangerCam, puoi connetterti istantaneamente con ragazze in tutto il mondo: nessuna iscrizione, nessun download e nessun costo nascosto. Che tu stia cercando un'amicizia, un flirt occasionale o semplicemente un modo divertente per passare il tempo, la chat casuale gratuita con le ragazze \u00e8 uno dei modi pi\u00f9 eccitanti per incontrare nuove persone nel 2025.<\/p>\n<p>Questa guida tratter\u00e0 tutto quello che c'\u00e8 da sapere: cosa significa chat casuale gratuita con ragazze, perch\u00e9 \u00e8 cos\u00ec popolare, come funziona, quali caratteristiche sono pi\u00f9 importanti, confronti tra piattaforme, consigli per la sicurezza e perch\u00e9 StrangerCam \u00e8 la scelta migliore oggi.<\/p>\n<h2>Cos'\u00e8 la chat casuale gratuita con le ragazze?<\/h2>\n<p>Una chat casuale gratuita con ragazze \u00e8 un servizio online che consente di connettersi istantaneamente con utenti femminili attraverso una chat video o di testo dal vivo. A differenza delle app di incontri che richiedono passaggi o lunghe iscrizioni, la chat casuale \u00e8 veloce: si attiva la fotocamera, si clicca su start e in pochi secondi ci si trova faccia a faccia con una ragazza che vuole chattare.<\/p>\n<p>Le migliori piattaforme offrono veri e propri filtri di genere, in modo da poter scegliere di abbinare solo ragazze, e non nascondono questa funzione dietro un paywall.<\/p>\n<h2>Perch\u00e9 le persone amano le chat casuali con le ragazze<\/h2>\n<p>La popolarit\u00e0 della chat casuale gratuita con le ragazze \u00e8 salita alle stelle perch\u00e9:<\/p>\n<ul>\n<li>Divertimento spontaneo: Ogni connessione \u00e8 nuova e imprevedibile.<\/li>\n<li>Autenticit\u00e0: Le chat video dimostrano che state parlando con una ragazza vera, non con un bot.<\/li>\n<li>Chimica istantanea: Non c'\u00e8 bisogno di aspettare: si vede subito se c'\u00e8 sintonia.<\/li>\n<li>Flirt e amicizia: Ottimo per il divertimento occasionale o per creare legami autentici.<\/li>\n<li>Nessun impegno: Non sono richieste iscrizioni o account.<\/li>\n<li>Portata globale: Incontrare ragazze da tutto il mondo.<\/li>\n<\/ul>\n<h2>Come funziona la chat casuale gratuita con le ragazze?<\/h2>\n<p>Il processo \u00e8 semplice e veloce:<\/p>\n<ol>\n<li>Aprire la piattaforma (desktop o mobile).<\/li>\n<li>Consentire l'accesso alla telecamera e al microfono.<\/li>\n<li>Selezionare il filtro di genere (ragazze).<\/li>\n<li>Fare clic su \"Avvia chat\".<\/li>\n<li>Connettersi istantaneamente con una ragazza a caso.<\/li>\n<li>Fate clic su \"Avanti\" in qualsiasi momento per incontrare qualcuno di nuovo.<\/li>\n<\/ol>\n<p>Alcune piattaforme offrono anche funzioni come filtri di localizzazione, traduzioni o applicazioni mobili per chattare in movimento.<\/p>\n<h2>Caratteristiche principali da ricercare<\/h2>\n<p>Se volete la migliore chat casuale con le ragazze, assicuratevi che la piattaforma includa:<\/p>\n<h3>1. Filtro di genere veramente libero<\/h3>\n<p>Molti siti affermano di consentire l'incontro con le ragazze, ma richiedono un pagamento. Cercate una piattaforma in cui questo sia gratuito.<\/p>\n<h3>2. Non \u00e8 richiesta l'iscrizione<\/h3>\n<p>Rimanete anonimi ed evitate di fornire dati personali.<\/p>\n<h3>3. Moderazione forte<\/h3>\n<p>La segnalazione attiva e la moderazione mantengono lo spazio sicuro.<\/p>\n<h3>4. Video e audio di alta qualit\u00e0<\/h3>\n<p>Le connessioni fluide rendono pi\u00f9 piacevole la chat.<\/p>\n<h3>5. Design compatibile con i dispositivi mobili<\/h3>\n<p>Assicuratevi che funzioni sia sui telefoni che sui desktop.<\/p>\n<h2>Le migliori piattaforme di chat casuale gratuita con le ragazze nel 2025<\/h2>\n<p>Ecco un confronto tra le principali piattaforme per le chat casuali con le ragazze:<\/p>\n<table>\n<thead>\n<tr>\n<th>Piattaforma<\/th>\n<th align=\"center\">Accesso libero<\/th>\n<th align=\"center\">Filtro di genere<\/th>\n<th align=\"center\">\u00c8 necessario iscriversi<\/th>\n<th align=\"center\">Supporto mobile<\/th>\n<th align=\"center\">Moderazione<\/th>\n<th>Note<\/th>\n<\/tr>\n<\/thead>\n<tbody>\n<tr>\n<td>StrangerCam<\/td>\n<td align=\"center\">\u2705<\/td>\n<td align=\"center\">\u2705 (Gratuito)<\/td>\n<td align=\"center\">\u274c<\/td>\n<td align=\"center\">\u2705<\/td>\n<td align=\"center\">\u2705<\/td>\n<td>La scelta migliore per le chat gratuite tra ragazze<\/td>\n<\/tr>\n<tr>\n<td><a href=\"https:\/\/strangercam.com\/it\/chatroulette\/\">Chatroulette<\/a><\/td>\n<td align=\"center\">\u2705<\/td>\n<td align=\"center\">\u274c (Pagato)<\/td>\n<td align=\"center\">\u274c<\/td>\n<td align=\"center\">\u2705<\/td>\n<td align=\"center\">\u2705<\/td>\n<td>Classico, ma senza filtri gratuiti<\/td>\n<\/tr>\n<tr>\n<td>Chatrandom<\/td>\n<td align=\"center\">\u2705<\/td>\n<td align=\"center\">\u274c (Pagato)<\/td>\n<td align=\"center\">\u274c<\/td>\n<td align=\"center\">\u2705<\/td>\n<td align=\"center\">\u2705<\/td>\n<td>Popolare, ma richiede aggiornamenti<\/td>\n<\/tr>\n<tr>\n<td>Shagle<\/td>\n<td align=\"center\">\u2705<\/td>\n<td align=\"center\">\u274c (Pagato)<\/td>\n<td align=\"center\">\u274c<\/td>\n<td align=\"center\">\u2705<\/td>\n<td align=\"center\">\u2705<\/td>\n<td>Gratuito all'inizio, filtri premium bloccati<\/td>\n<\/tr>\n<tr>\n<td><a href=\"https:\/\/strangercam.com\/it\/coomeet\/\">CooMeet<\/a><\/td>\n<td align=\"center\">\u274c (Prova)<\/td>\n<td align=\"center\">\u2705<\/td>\n<td align=\"center\">\u2705<\/td>\n<td align=\"center\">\u2705<\/td>\n<td align=\"center\">\u2705<\/td>\n<td>Pagato dopo una breve prova<\/td>\n<\/tr>\n<tr>\n<td>LuckyCrush<\/td>\n<td align=\"center\">\u274c<\/td>\n<td align=\"center\">\u2705<\/td>\n<td align=\"center\">\u2705<\/td>\n<td align=\"center\">\u2705<\/td>\n<td align=\"center\">\u2705<\/td>\n<td>Sempre pagati, specifici per genere<\/td>\n<\/tr>\n<\/tbody>\n<\/table>\n<p>StrangerCam si distingue come una delle uniche piattaforme che offre un filtro di genere gratuito per poter chattare con le ragazze all'istante, senza iscrizione o costi nascosti.<\/p>\n<h2>Perch\u00e9 StrangerCam \u00e8 la scelta migliore<\/h2>\n<p>Ecco perch\u00e9 StrangerCam \u00e8 la scelta migliore per le chat casuali con ragazze nel 2025:<\/p>\n<h3>1. Filtro di genere gratuito<\/h3>\n<p>A differenza di altre piattaforme, StrangerCam consente di connettersi con le ragazze senza pagare.<\/p>\n<h3>2. Completamente gratuito e illimitato<\/h3>\n<p>Nessun costo nascosto, nessun sistema di credito: solo chat illimitate.<\/p>\n<h3>3. Non \u00e8 necessario iscriversi<\/h3>\n<p>Rimanete anonimi e collegatevi in pochi secondi.<\/p>\n<h3>4. Sicuro e moderato<\/h3>\n<p>La moderazione attiva rende l'esperienza pi\u00f9 sicura rispetto alla maggior parte delle piattaforme.<\/p>\n<h3>5. Funziona su tutti i dispositivi<\/h3>\n<p>Ottimizzato per telefoni, tablet e desktop.<\/p>\n<h3>6. Base globale di utenti di sesso femminile<\/h3>\n<p>Incontrare ragazze provenienti da oltre 100 paesi.<\/p>\n<h2>Testimonianze di utenti reali<\/h2>\n<blockquote><p><em>\"Ho provato altri siti ma tutti mi facevano pagare per chattare con le ragazze. StrangerCam invece mi permette di farlo gratuitamente\".<\/em><br \/>\n- Daniele, 28 anni<\/p><\/blockquote>\n<blockquote><p><em>\"Ho fatto amicizia con ragazze di tre Paesi diversi. \u00c8 divertente e ci si sente al sicuro\".<\/em><br \/>\n- Sophia, 22 anni<\/p><\/blockquote>\n<blockquote><p><em>\"Il filtro di genere funziona senza costi nascosti: finalmente un sito che offre\".<\/em><br \/>\n- Ryan, 30 anni<\/p><\/blockquote>\n<blockquote><p><em>\"Veloce, divertente e gratuito. StrangerCam \u00e8 il mio punto di riferimento per le chat casuali con le ragazze\".<\/em><br \/>\n- Leah, 19 anni<\/p><\/blockquote>\n<h2>Consigli di sicurezza per la chat casuale con le ragazze<\/h2>\n<p>Sebbene sia divertente chattare online, \u00e8 sempre bene stare al sicuro:<\/p>\n<ul>\n<li>Non condividete dati personali come il numero di telefono o l'indirizzo.<\/li>\n<li>Evitate di cliccare su link provenienti da sconosciuti.<\/li>\n<li>Utilizzate liberamente \"Avanti\" se non vi sentite a vostro agio.<\/li>\n<li>Controllare lo sfondo prima di accendere la webcam.<\/li>\n<li>Attenetevi agli strumenti della piattaforma per la segnalazione o il blocco.<\/li>\n<li>Rispettare le regole dell'et\u00e0: non usare se si \u00e8 minori di 18 anni.<\/li>\n<\/ul>\n<h2>Come iniziare - Passo dopo passo<\/h2>\n<p>Ci vogliono solo pochi secondi per iniziare una chat casuale gratuita con le ragazze:<\/p>\n<ol>\n<li>Aprite StrangerCam sul vostro dispositivo.<\/li>\n<li>Consentire l'accesso alla telecamera e al microfono.<\/li>\n<li>Scegliere il filtro di genere (ragazze).<\/li>\n<li>Fare clic su Avvia chat.<\/li>\n<li>Premete Avanti in qualsiasi momento per incontrare qualcuno di nuovo.<\/li>\n<\/ol>\n<p>Veloce, semplice e completamente gratuito.<\/p>\n<p>Nel 2025, la chat casuale gratuita con ragazze \u00e8 uno dei modi pi\u00f9 eccitanti e autentici per incontrare nuove persone online. A differenza delle app di incontri o dei social media, \u00e8 spontaneo, reale e istantaneo.<\/p>\n<p>Tuttavia, non tutti i siti sono all'altezza: molti bloccano le funzioni dietro i paywall o inondano le chat di bot. Ecco perch\u00e9 StrangerCam \u00e8 la scelta migliore: gratuito, sicuro, globale e sempre pieno di utenti reali.<\/p>\n<p>Pronto a connetterti? Avvia una chat casuale gratuita con le ragazze oggi e scopri chi incontrerai dopo.<\/p>","protected":false},"excerpt":{"rendered":"<p>Are you searching for a free random chat with girls? You\u2019re not the only one. Millions of people every month look for simple, instant, and fun ways to connect with girls online. Unlike dating apps or social media, which can feel slow or full of fake profiles, random chat with girls is direct, spontaneous, and [&hellip;]<\/p>\n","protected":false},"author":8,"featured_media":0,"parent":0,"menu_order":0,"comment_status":"closed","ping_status":"closed","template":"","meta":{"footnotes":""},"class_list":["post-4831","page","type-page","status-publish","hentry"],"yoast_head":"<!-- This site is optimized with the Yoast SEO plugin v27.4 - https:\/\/yoast.com\/product\/yoast-seo-wordpress\/ -->\n<title>Free Random Chat With Girls - StrangerCam.com: Cam With Strangers<\/title>\n<meta name=\"description\" content=\"Free Random Chat With Girls anonymously with over 5.000.000 strangers. No Sign-Up Required! Cam with strangers on StrangerCam.com.\" \/>\n<meta name=\"robots\" content=\"index, follow, max-snippet:-1, max-image-preview:large, max-video-preview:-1\" \/>\n<link rel=\"canonical\" href=\"https:\/\/strangercam.com\/it\/chat-casuale-gratuita-con-ragazze\/\" \/>\n<meta property=\"og:locale\" content=\"it_IT\" \/>\n<meta property=\"og:type\" content=\"article\" \/>\n<meta property=\"og:title\" content=\"Free Random Chat With Girls - StrangerCam.com: Cam With Strangers\" \/>\n<meta property=\"og:description\" content=\"Free Random Chat With Girls anonymously with over 5.000.000 strangers. No Sign-Up Required! Cam with strangers on StrangerCam.com.\" \/>\n<meta property=\"og:url\" content=\"https:\/\/strangercam.com\/it\/chat-casuale-gratuita-con-ragazze\/\" \/>\n<meta property=\"og:site_name\" content=\"Strangercam\" \/>\n<meta property=\"article:publisher\" content=\"https:\/\/www.facebook.com\/strangercam\" \/>\n<meta property=\"article:modified_time\" content=\"2025-09-23T10:38:49+00:00\" \/>\n<meta property=\"og:image\" content=\"https:\/\/strangercam.com\/wp-content\/uploads\/2021\/10\/Untitled-2.png\" \/>\n\t<meta property=\"og:image:width\" content=\"800\" \/>\n\t<meta property=\"og:image:height\" content=\"532\" \/>\n\t<meta property=\"og:image:type\" content=\"image\/png\" \/>\n<meta name=\"twitter:card\" content=\"summary_large_image\" \/>\n<meta name=\"twitter:site\" content=\"@strangercamapp\" \/>\n<meta name=\"twitter:label1\" content=\"Tempo di lettura stimato\" \/>\n\t<meta name=\"twitter:data1\" content=\"4 minuti\" \/>\n<script type=\"application\/ld+json\" class=\"yoast-schema-graph\">{\"@context\":\"https:\\\/\\\/schema.org\",\"@graph\":[{\"@type\":\"WebPage\",\"@id\":\"https:\\\/\\\/strangercam.com\\\/free-random-chat-with-girls\\\/\",\"url\":\"https:\\\/\\\/strangercam.com\\\/free-random-chat-with-girls\\\/\",\"name\":\"Free Random Chat With Girls - StrangerCam.com: Cam With Strangers\",\"isPartOf\":{\"@id\":\"https:\\\/\\\/strangercam.com\\\/#website\"},\"datePublished\":\"2025-09-23T09:00:01+00:00\",\"dateModified\":\"2025-09-23T10:38:49+00:00\",\"description\":\"Free Random Chat With Girls anonymously with over 5.000.000 strangers. No Sign-Up Required! Cam with strangers on StrangerCam.com.\",\"breadcrumb\":{\"@id\":\"https:\\\/\\\/strangercam.com\\\/free-random-chat-with-girls\\\/#breadcrumb\"},\"inLanguage\":\"it-IT\",\"potentialAction\":[{\"@type\":\"ReadAction\",\"target\":[\"https:\\\/\\\/strangercam.com\\\/free-random-chat-with-girls\\\/\"]}]},{\"@type\":\"BreadcrumbList\",\"@id\":\"https:\\\/\\\/strangercam.com\\\/free-random-chat-with-girls\\\/#breadcrumb\",\"itemListElement\":[{\"@type\":\"ListItem\",\"position\":1,\"name\":\"Home\",\"item\":\"https:\\\/\\\/strangercam.com\\\/\"},{\"@type\":\"ListItem\",\"position\":2,\"name\":\"Free Random Chat With Girls\"}]},{\"@type\":\"WebSite\",\"@id\":\"https:\\\/\\\/strangercam.com\\\/#website\",\"url\":\"https:\\\/\\\/strangercam.com\\\/\",\"name\":\"Strangercam\",\"description\":\"Random Video Chat with Strangers\",\"publisher\":{\"@id\":\"https:\\\/\\\/strangercam.com\\\/#organization\"},\"alternateName\":\"Strangercam.com\",\"potentialAction\":[{\"@type\":\"SearchAction\",\"target\":{\"@type\":\"EntryPoint\",\"urlTemplate\":\"https:\\\/\\\/strangercam.com\\\/?s={search_term_string}\"},\"query-input\":{\"@type\":\"PropertyValueSpecification\",\"valueRequired\":true,\"valueName\":\"search_term_string\"}}],\"inLanguage\":\"it-IT\"},{\"@type\":\"Organization\",\"@id\":\"https:\\\/\\\/strangercam.com\\\/#organization\",\"name\":\"Strangercam\",\"alternateName\":\"Strangercam.com\",\"url\":\"https:\\\/\\\/strangercam.com\\\/\",\"logo\":{\"@type\":\"ImageObject\",\"inLanguage\":\"it-IT\",\"@id\":\"https:\\\/\\\/strangercam.com\\\/#\\\/schema\\\/logo\\\/image\\\/\",\"url\":\"https:\\\/\\\/strangercam.com\\\/wp-content\\\/uploads\\\/2020\\\/11\\\/cropped-new-favicon-black.png\",\"contentUrl\":\"https:\\\/\\\/strangercam.com\\\/wp-content\\\/uploads\\\/2020\\\/11\\\/cropped-new-favicon-black.png\",\"width\":512,\"height\":512,\"caption\":\"Strangercam\"},\"image\":{\"@id\":\"https:\\\/\\\/strangercam.com\\\/#\\\/schema\\\/logo\\\/image\\\/\"},\"sameAs\":[\"https:\\\/\\\/www.facebook.com\\\/strangercam\",\"https:\\\/\\\/x.com\\\/strangercamapp\"]}]}<\/script>\n<!-- \/ Yoast SEO plugin. -->","yoast_head_json":{"title":"Chat casuale gratuita con ragazze - StrangerCam.com: Cam con gli sconosciuti","description":"Chat casuale gratuita con ragazze in modo anonimo con oltre 5.000.000 di sconosciuti. Non \u00e8 richiesta l'iscrizione! Cammina con gli sconosciuti su StrangerCam.com.","robots":{"index":"index","follow":"follow","max-snippet":"max-snippet:-1","max-image-preview":"max-image-preview:large","max-video-preview":"max-video-preview:-1"},"canonical":"https:\/\/strangercam.com\/it\/chat-casuale-gratuita-con-ragazze\/","og_locale":"it_IT","og_type":"article","og_title":"Free Random Chat With Girls - StrangerCam.com: Cam With Strangers","og_description":"Free Random Chat With Girls anonymously with over 5.000.000 strangers. No Sign-Up Required! Cam with strangers on StrangerCam.com.","og_url":"https:\/\/strangercam.com\/it\/chat-casuale-gratuita-con-ragazze\/","og_site_name":"Strangercam","article_publisher":"https:\/\/www.facebook.com\/strangercam","article_modified_time":"2025-09-23T10:38:49+00:00","og_image":[{"width":800,"height":532,"url":"https:\/\/strangercam.com\/wp-content\/uploads\/2021\/10\/Untitled-2.png","type":"image\/png"}],"twitter_card":"summary_large_image","twitter_site":"@strangercamapp","twitter_misc":{"Tempo di lettura stimato":"4 minuti"},"schema":{"@context":"https:\/\/schema.org","@graph":[{"@type":"WebPage","@id":"https:\/\/strangercam.com\/free-random-chat-with-girls\/","url":"https:\/\/strangercam.com\/free-random-chat-with-girls\/","name":"Chat casuale gratuita con ragazze - StrangerCam.com: Cam con gli sconosciuti","isPartOf":{"@id":"https:\/\/strangercam.com\/#website"},"datePublished":"2025-09-23T09:00:01+00:00","dateModified":"2025-09-23T10:38:49+00:00","description":"Chat casuale gratuita con ragazze in modo anonimo con oltre 5.000.000 di sconosciuti. Non \u00e8 richiesta l'iscrizione! Cammina con gli sconosciuti su StrangerCam.com.","breadcrumb":{"@id":"https:\/\/strangercam.com\/free-random-chat-with-girls\/#breadcrumb"},"inLanguage":"it-IT","potentialAction":[{"@type":"ReadAction","target":["https:\/\/strangercam.com\/free-random-chat-with-girls\/"]}]},{"@type":"BreadcrumbList","@id":"https:\/\/strangercam.com\/free-random-chat-with-girls\/#breadcrumb","itemListElement":[{"@type":"ListItem","position":1,"name":"Home","item":"https:\/\/strangercam.com\/"},{"@type":"ListItem","position":2,"name":"Free Random Chat With Girls"}]},{"@type":"WebSite","@id":"https:\/\/strangercam.com\/#website","url":"https:\/\/strangercam.com\/","name":"Strangercam","description":"Videochat casuale con sconosciuti","publisher":{"@id":"https:\/\/strangercam.com\/#organization"},"alternateName":"Strangercam.com","potentialAction":[{"@type":"SearchAction","target":{"@type":"EntryPoint","urlTemplate":"https:\/\/strangercam.com\/?s={search_term_string}"},"query-input":{"@type":"PropertyValueSpecification","valueRequired":true,"valueName":"search_term_string"}}],"inLanguage":"it-IT"},{"@type":"Organization","@id":"https:\/\/strangercam.com\/#organization","name":"Strangercam","alternateName":"Strangercam.com","url":"https:\/\/strangercam.com\/","logo":{"@type":"ImageObject","inLanguage":"it-IT","@id":"https:\/\/strangercam.com\/#\/schema\/logo\/image\/","url":"https:\/\/strangercam.com\/wp-content\/uploads\/2020\/11\/cropped-new-favicon-black.png","contentUrl":"https:\/\/strangercam.com\/wp-content\/uploads\/2020\/11\/cropped-new-favicon-black.png","width":512,"height":512,"caption":"Strangercam"},"image":{"@id":"https:\/\/strangercam.com\/#\/schema\/logo\/image\/"},"sameAs":["https:\/\/www.facebook.com\/strangercam","https:\/\/x.com\/strangercamapp"]}]}},"_links":{"self":[{"href":"https:\/\/strangercam.com\/it\/wp-json\/wp\/v2\/pages\/4831","targetHints":{"allow":["GET"]}}],"collection":[{"href":"https:\/\/strangercam.com\/it\/wp-json\/wp\/v2\/pages"}],"about":[{"href":"https:\/\/strangercam.com\/it\/wp-json\/wp\/v2\/types\/page"}],"author":[{"embeddable":true,"href":"https:\/\/strangercam.com\/it\/wp-json\/wp\/v2\/users\/8"}],"replies":[{"embeddable":true,"href":"https:\/\/strangercam.com\/it\/wp-json\/wp\/v2\/comments?post=4831"}],"version-history":[{"count":2,"href":"https:\/\/strangercam.com\/it\/wp-json\/wp\/v2\/pages\/4831\/revisions"}],"predecessor-version":[{"id":13040,"href":"https:\/\/strangercam.com\/it\/wp-json\/wp\/v2\/pages\/4831\/revisions\/13040"}],"wp:attachment":[{"href":"https:\/\/strangercam.com\/it\/wp-json\/wp\/v2\/media?parent=4831"}],"curies":[{"name":"wp","href":"https:\/\/api.w.org\/{rel}","templated":true}]}}