{"id":4124,"date":"2025-09-08T08:02:09","date_gmt":"2025-09-08T06:02:09","guid":{"rendered":"https:\/\/strangercam.com\/?page_id=4124"},"modified":"2025-09-08T10:06:04","modified_gmt":"2025-09-08T08:06:04","slug":"cam-con-gli-estranei","status":"publish","type":"page","link":"https:\/\/strangercam.com\/it\/cam-con-gli-estranei\/","title":{"rendered":"Cam con gli sconosciuti"},"content":{"rendered":"<p>Siete alla ricerca del modo migliore per <a href=\"https:\/\/strangercam.com\/it\/bazoocam\/\">cam<\/a> con gli estranei? Non siete soli. Milioni di persone ogni mese cercano modi per connettersi istantaneamente con nuove persone online attraverso la chat video dal vivo. A differenza dei social network o delle app di incontri, che richiedono profili, iscrizioni o scambi infiniti, la camma con gli sconosciuti si basa sulla spontaneit\u00e0: si accende la webcam, si preme start e in pochi secondi ci si trova faccia a faccia con una persona nuova.<\/p>\n<p>Nel 2025, piattaforme come StrangerCam consentono di camuffarsi con gli sconosciuti in modo semplice e gratuito: nessuna iscrizione, nessun download e nessun costo nascosto. Che tu voglia fare amicizia, intrattenere conversazioni casuali, flirtare un po' o semplicemente passare il tempo, la chat casuale in webcam \u00e8 uno dei modi pi\u00f9 divertenti e autentici per connettersi online.<\/p>\n<p>Questa guida vi spiegher\u00e0 tutto quello che c'\u00e8 da sapere: cosa significa caminare con gli sconosciuti, perch\u00e9 \u00e8 cos\u00ec popolare, come funziona, quali caratteristiche cercare, confronti tra le migliori piattaforme, consigli per la sicurezza e perch\u00e9 StrangerCam \u00e8 la scelta migliore di quest'anno.<\/p>\n<h2>Che cosa significa Camminare con gli sconosciuti?<\/h2>\n<p>Camminare con gli sconosciuti significa connettersi istantaneamente con persone a caso online utilizzando la chat video dal vivo. La webcam e il microfono vi permettono di vedervi e parlarvi in tempo reale, rendendo l'esperienza molto pi\u00f9 autentica della chat di testo.<\/p>\n<p>Il processo \u00e8 semplice: si fa clic su un pulsante, si attiva la fotocamera e si viene abbinati a uno sconosciuto. Se la conversazione non \u00e8 adatta, basta premere Avanti per passare alla chat successiva.<\/p>\n<h2>Perch\u00e9 le persone amano la camma libera con gli sconosciuti<\/h2>\n<p>Il fascino di <a href=\"https:\/\/strangercam.com\/it\/cam-a-cam-chat\/\">camma gratuita<\/a> con gli estranei \u00e8 facile da capire:<\/p>\n<ul>\n<li>Spontaneit\u00e0: ogni chat \u00e8 una sorpresa, non si sa mai chi sar\u00e0 il prossimo.<\/li>\n<li>Autenticit\u00e0: I video assicurano che si parli a persone reali, non a bot.<\/li>\n<li>Nessuna registrazione o impegno: Basta un clic per chattare all'istante.<\/li>\n<li>Connessioni globali: Incontrare sconosciuti da tutto il mondo 24 ore su 24, 7 giorni su 7.<\/li>\n<li>Vibrazioni divertenti e civettuole: Alcuni lo usano per fare amicizia, altri si divertono a flirtare in modo casuale.<\/li>\n<li>Fuga istantanea dalla noia: Ottimo per passare il tempo e per stimolare nuove conversazioni.<\/li>\n<\/ul>\n<h2>Come funziona la Cam con gli sconosciuti?<\/h2>\n<p>Iniziare \u00e8 semplice e veloce:<\/p>\n<ol>\n<li>Aprite una piattaforma come StrangerCam sul vostro browser o telefono.<\/li>\n<li>Consentire l'accesso alla webcam e al microfono.<\/li>\n<li>Fare clic su \"Avvia chat\".<\/li>\n<li>Parlare faccia a faccia con un estraneo a caso.<\/li>\n<li>Premete \"Avanti\" ogni volta che volete incontrare qualcuno di nuovo.<\/li>\n<\/ol>\n<p>Alcune piattaforme consentono anche di filtrare in base al sesso, alla localit\u00e0 o di utilizzare strumenti di traduzione per le conversazioni internazionali.<\/p>\n<h2>Caratteristiche principali da ricercare<\/h2>\n<p>Non tutte le piattaforme di cam chat sono uguali. Se volete la migliore esperienza di cam con estranei, cercate queste caratteristiche:<\/p>\n<h3>1. Accesso veramente libero<\/h3>\n<p>Evitate i siti che dichiarano di essere gratuiti ma che limitano le funzioni essenziali dietro i muri a pagamento.<\/p>\n<h3>2. Non \u00e8 richiesta l'iscrizione<\/h3>\n<p>Le migliori piattaforme consentono di rimanere anonimi e di iniziare a chattare immediatamente.<\/p>\n<h3>3. Filtri per genere e localit\u00e0<\/h3>\n<p>Utile per fare matching con il tipo di persone a cui si \u00e8 interessati.<\/p>\n<h3>4. Moderazione sicura<\/h3>\n<p>Le buone piattaforme dispongono di solidi sistemi di segnalazione e di moderatori per rimuovere bot e utenti inappropriati.<\/p>\n<h3>5. Design compatibile con i dispositivi mobili<\/h3>\n<p>Dovreste essere in grado di comunicare facilmente con gli estranei sia su desktop che su smartphone.<\/p>\n<h3>6. Video e audio di alta qualit\u00e0<\/h3>\n<p>Le connessioni fluide rendono le conversazioni naturali e piacevoli.<\/p>\n<h2>Le migliori piattaforme per chattare con gli sconosciuti nel 2025<\/h2>\n<p>Ecco un confronto tra i siti pi\u00f9 popolari dove \u00e8 possibile caminare con gli sconosciuti:<\/p>\n<table>\n<thead>\n<tr>\n<th>Piattaforma<\/th>\n<th align=\"center\">Accesso libero<\/th>\n<th align=\"center\">Filtro di genere<\/th>\n<th align=\"center\">\u00c8 necessario iscriversi<\/th>\n<th align=\"center\">Supporto mobile<\/th>\n<th align=\"center\">Moderazione<\/th>\n<th>Note<\/th>\n<\/tr>\n<\/thead>\n<tbody>\n<tr>\n<td>StrangerCam<\/td>\n<td align=\"center\">\u2705<\/td>\n<td align=\"center\">\u2705 (Gratuito)<\/td>\n<td align=\"center\">\u274c<\/td>\n<td align=\"center\">\u2705<\/td>\n<td align=\"center\">\u2705<\/td>\n<td>La scelta migliore in assoluto, veramente gratuita<\/td>\n<\/tr>\n<tr>\n<td><a href=\"https:\/\/strangercam.com\/it\/chatroulette\/\">Chatroulette<\/a><\/td>\n<td align=\"center\">\u2705<\/td>\n<td align=\"center\">\u274c (Pagato)<\/td>\n<td align=\"center\">\u274c<\/td>\n<td align=\"center\">\u2705<\/td>\n<td align=\"center\">\u2705<\/td>\n<td>Piattaforma classica, costo dei filtri<\/td>\n<\/tr>\n<tr>\n<td>Chatrandom<\/td>\n<td align=\"center\">\u2705<\/td>\n<td align=\"center\">\u274c (Pagato)<\/td>\n<td align=\"center\">\u274c<\/td>\n<td align=\"center\">\u2705<\/td>\n<td align=\"center\">\u2705<\/td>\n<td>Popolare, ma spinge gli aggiornamenti<\/td>\n<\/tr>\n<tr>\n<td><a href=\"https:\/\/strangercam.com\/it\/ometv\/\">OmeTV<\/a><\/td>\n<td align=\"center\">\u2705<\/td>\n<td align=\"center\">\u274c<\/td>\n<td align=\"center\">\u274c<\/td>\n<td align=\"center\">\u2705<\/td>\n<td align=\"center\">\u2705<\/td>\n<td>Corrispondenza basata su app e solo casuale<\/td>\n<\/tr>\n<tr>\n<td>Shagle<\/td>\n<td align=\"center\">\u2705<\/td>\n<td align=\"center\">\u274c (Pagato)<\/td>\n<td align=\"center\">\u274c<\/td>\n<td align=\"center\">\u2705<\/td>\n<td align=\"center\">\u2705<\/td>\n<td>Ingresso gratuito, upgrade premium<\/td>\n<\/tr>\n<tr>\n<td><a href=\"https:\/\/strangercam.com\/it\/coomeet\/\">CooMeet<\/a><\/td>\n<td align=\"center\">\u274c (Prova)<\/td>\n<td align=\"center\">\u2705<\/td>\n<td align=\"center\">\u2705<\/td>\n<td align=\"center\">\u2705<\/td>\n<td align=\"center\">\u2705<\/td>\n<td>A pagamento dopo una breve prova gratuita<\/td>\n<\/tr>\n<tr>\n<td>LuckyCrush<\/td>\n<td align=\"center\">\u274c<\/td>\n<td align=\"center\">\u2705<\/td>\n<td align=\"center\">\u2705<\/td>\n<td align=\"center\">\u2705<\/td>\n<td align=\"center\">\u2705<\/td>\n<td>Sempre a pagamento, chat di genere<\/td>\n<\/tr>\n<\/tbody>\n<\/table>\n<p>Tra queste, StrangerCam \u00e8 una delle poche piattaforme che offre camme gratuite con sconosciuti con un vero filtro di genere e senza necessit\u00e0 di iscrizione.<\/p>\n<h2>Perch\u00e9 StrangerCam \u00e8 la scelta migliore<\/h2>\n<p>Ecco perch\u00e9 StrangerCam \u00e8 la piattaforma top per le riprese con gli sconosciuti nel 2025:<\/p>\n<h3>1. Completamente gratuito e illimitato<\/h3>\n<p>Nessun costo nascosto, crediti o limiti di tempo.<\/p>\n<h3>2. Filtro di genere gratuito<\/h3>\n<p>Scegliete ragazzi, ragazze o entrambi, senza barriere a pagamento.<\/p>\n<h3>3. Non \u00e8 richiesta l'iscrizione<\/h3>\n<p>Rimanete anonimi e iniziate a chattare all'istante.<\/p>\n<h3>4. Sicuro e moderato<\/h3>\n<p>Le funzioni di moderazione attiva e di segnalazione mantengono la piattaforma pulita.<\/p>\n<h3>5. Base di utenti globale<\/h3>\n<p>Incontrare sconosciuti da oltre 100 paesi in qualsiasi momento.<\/p>\n<h3>6. Ottimizzato per tutti i dispositivi<\/h3>\n<p>Funziona senza problemi su desktop, tablet e telefoni cellulari.<\/p>\n<h2>Testimonianze di utenti reali<\/h2>\n<blockquote><p><em>\"Stavo cercando un modo per camuffarmi gratuitamente con degli sconosciuti e StrangerCam era l'unico sito che non mi spingeva a pagare\".<\/em><br \/>\n- Liam, 26 anni<\/p><\/blockquote>\n<blockquote><p><em>\"Il filtro di genere \u00e8 gratuito e funziona benissimo, cosa rara per questo tipo di siti\".<\/em><br \/>\n- Sophia, 22 anni<\/p><\/blockquote>\n<blockquote><p><em>\"Sono entrato in contatto con persone di quattro continenti diversi in una sola serata. \u00c8 una cosa che crea dipendenza\".<\/em><br \/>\n- Ryan, 30 anni<\/p><\/blockquote>\n<blockquote><p><em>\"Mi sembra pi\u00f9 sicuro di altri siti che ho provato, grazie agli strumenti di moderazione\".<\/em><br \/>\n- Emma, 20 anni<\/p><\/blockquote>\n<h2>Suggerimenti per la sicurezza di chi cammina con estranei<\/h2>\n<p>Sebbene le chat in cam siano divertenti, \u00e8 bene tenere sempre presente la sicurezza:<\/p>\n<ul>\n<li>Non condividete mai i vostri dati personali (telefono, e-mail, indirizzo).<\/li>\n<li>Non cliccate su link sospetti inviati da sconosciuti.<\/li>\n<li>Utilizzate liberamente \"Avanti\" se non vi sentite a vostro agio.<\/li>\n<li>Controllare lo sfondo prima di accendere la webcam.<\/li>\n<li>Utilizzate gli strumenti di segnalazione per bloccare o segnalare gli utenti scorretti.<\/li>\n<li>Rispettate i limiti di et\u00e0: se avete meno di 18 anni, non utilizzate i siti di chat per adulti.<\/li>\n<\/ul>\n<h2>Come iniziare - Passo dopo passo<\/h2>\n<p>Bastano pochi secondi per iniziare a cammellare con degli sconosciuti:<\/p>\n<ol>\n<li>Aprite StrangerCam sul vostro dispositivo.<\/li>\n<li>Consentire l'accesso alla webcam e al microfono.<\/li>\n<li>Scegliere le preferenze (come i filtri di genere).<\/li>\n<li>Fare clic su Avvia chat per connettersi immediatamente.<\/li>\n<li>Premete Avanti in qualsiasi momento per incontrare qualcuno di nuovo.<\/li>\n<\/ol>\n<p>Rapido, semplice e gratuito.<\/p>\n<p>Nel 2025, uno dei modi pi\u00f9 semplici e divertenti per conoscere nuove persone online \u00e8 quello di camuffarsi con gli sconosciuti. \u00c8 spontaneo, autentico e consente di stabilire connessioni istantanee con persone reali in tutto il mondo.<\/p>\n<p>Tuttavia, non tutte le piattaforme sono all'altezza: molte nascondono i filtri dietro i paywall o sono piene di bot. Ecco perch\u00e9 StrangerCam \u00e8 la scelta migliore: \u00e8 gratuita, sicura, anonima e sempre piena di utenti pronti a chattare.<\/p>\n<p>Sei pronto a provare? Avvia oggi stesso una camma gratuita con sconosciuti e scopri chi incontrerai.<\/p>","protected":false},"excerpt":{"rendered":"<p>Are you looking for the best way to cam with strangers? You\u2019re not alone. Millions of people every month search for ways to connect instantly with new people online through live video chat. Unlike social networks or dating apps that require profiles, signups, or endless swiping, cam with strangers is about spontaneity: you turn on [&hellip;]<\/p>\n","protected":false},"author":8,"featured_media":0,"parent":0,"menu_order":0,"comment_status":"closed","ping_status":"closed","template":"","meta":{"footnotes":""},"class_list":["post-4124","page","type-page","status-publish","hentry"],"yoast_head":"<!-- This site is optimized with the Yoast SEO plugin v26.9 - https:\/\/yoast.com\/product\/yoast-seo-wordpress\/ -->\n<title>Cam With Strangers with Video Chat on Strangercam.com<\/title>\n<meta name=\"description\" content=\"Liking Cam With Strangers? Join millions on StrangerCam.com! Start a random video chat, turn on your cam, and meet strangers instantly.\" \/>\n<meta name=\"robots\" content=\"index, follow, max-snippet:-1, max-image-preview:large, max-video-preview:-1\" \/>\n<link rel=\"canonical\" href=\"https:\/\/strangercam.com\/it\/cam-con-gli-estranei\/\" \/>\n<meta property=\"og:locale\" content=\"it_IT\" \/>\n<meta property=\"og:type\" content=\"article\" \/>\n<meta property=\"og:title\" content=\"Cam With Strangers with Video Chat on Strangercam.com\" \/>\n<meta property=\"og:description\" content=\"Liking Cam With Strangers? Join millions on StrangerCam.com! Start a random video chat, turn on your cam, and meet strangers instantly.\" \/>\n<meta property=\"og:url\" content=\"https:\/\/strangercam.com\/it\/cam-con-gli-estranei\/\" \/>\n<meta property=\"og:site_name\" content=\"Strangercam\" \/>\n<meta property=\"article:publisher\" content=\"https:\/\/www.facebook.com\/strangercam\" \/>\n<meta property=\"article:modified_time\" content=\"2025-09-08T08:06:04+00:00\" \/>\n<meta property=\"og:image\" content=\"https:\/\/strangercam.com\/wp-content\/uploads\/2021\/10\/Untitled-2.png\" \/>\n\t<meta property=\"og:image:width\" content=\"800\" \/>\n\t<meta property=\"og:image:height\" content=\"532\" \/>\n\t<meta property=\"og:image:type\" content=\"image\/png\" \/>\n<meta name=\"twitter:card\" content=\"summary_large_image\" \/>\n<meta name=\"twitter:site\" content=\"@strangercamapp\" \/>\n<meta name=\"twitter:label1\" content=\"Tempo di lettura stimato\" \/>\n\t<meta name=\"twitter:data1\" content=\"5 minuti\" \/>\n<script type=\"application\/ld+json\" class=\"yoast-schema-graph\">{\"@context\":\"https:\/\/schema.org\",\"@graph\":[{\"@type\":\"WebPage\",\"@id\":\"https:\/\/strangercam.com\/cam-with-strangers\/\",\"url\":\"https:\/\/strangercam.com\/cam-with-strangers\/\",\"name\":\"Cam With Strangers with Video Chat on Strangercam.com\",\"isPartOf\":{\"@id\":\"https:\/\/strangercam.com\/#website\"},\"datePublished\":\"2025-09-08T06:02:09+00:00\",\"dateModified\":\"2025-09-08T08:06:04+00:00\",\"description\":\"Liking Cam With Strangers? Join millions on StrangerCam.com! Start a random video chat, turn on your cam, and meet strangers instantly.\",\"breadcrumb\":{\"@id\":\"https:\/\/strangercam.com\/cam-with-strangers\/#breadcrumb\"},\"inLanguage\":\"it-IT\",\"potentialAction\":[{\"@type\":\"ReadAction\",\"target\":[\"https:\/\/strangercam.com\/cam-with-strangers\/\"]}]},{\"@type\":\"BreadcrumbList\",\"@id\":\"https:\/\/strangercam.com\/cam-with-strangers\/#breadcrumb\",\"itemListElement\":[{\"@type\":\"ListItem\",\"position\":1,\"name\":\"Home\",\"item\":\"https:\/\/strangercam.com\/\"},{\"@type\":\"ListItem\",\"position\":2,\"name\":\"Cam With Strangers\"}]},{\"@type\":\"WebSite\",\"@id\":\"https:\/\/strangercam.com\/#website\",\"url\":\"https:\/\/strangercam.com\/\",\"name\":\"Strangercam\",\"description\":\"Random Video Chat with Strangers\",\"publisher\":{\"@id\":\"https:\/\/strangercam.com\/#organization\"},\"alternateName\":\"Strangercam.com\",\"potentialAction\":[{\"@type\":\"SearchAction\",\"target\":{\"@type\":\"EntryPoint\",\"urlTemplate\":\"https:\/\/strangercam.com\/?s={search_term_string}\"},\"query-input\":{\"@type\":\"PropertyValueSpecification\",\"valueRequired\":true,\"valueName\":\"search_term_string\"}}],\"inLanguage\":\"it-IT\"},{\"@type\":\"Organization\",\"@id\":\"https:\/\/strangercam.com\/#organization\",\"name\":\"Strangercam\",\"alternateName\":\"Strangercam.com\",\"url\":\"https:\/\/strangercam.com\/\",\"logo\":{\"@type\":\"ImageObject\",\"inLanguage\":\"it-IT\",\"@id\":\"https:\/\/strangercam.com\/#\/schema\/logo\/image\/\",\"url\":\"https:\/\/strangercam.com\/wp-content\/uploads\/2020\/11\/cropped-new-favicon-black.png\",\"contentUrl\":\"https:\/\/strangercam.com\/wp-content\/uploads\/2020\/11\/cropped-new-favicon-black.png\",\"width\":512,\"height\":512,\"caption\":\"Strangercam\"},\"image\":{\"@id\":\"https:\/\/strangercam.com\/#\/schema\/logo\/image\/\"},\"sameAs\":[\"https:\/\/www.facebook.com\/strangercam\",\"https:\/\/x.com\/strangercamapp\"]}]}<\/script>\n<!-- \/ Yoast SEO plugin. -->","yoast_head_json":{"title":"Cam con gli sconosciuti con la chat video su Strangercam.com","description":"Ti piace la cam con gli sconosciuti? Join milioni su StrangerCam.com! Avvia una chat video casuale, accendi la tua cam e incontra subito degli sconosciuti.","robots":{"index":"index","follow":"follow","max-snippet":"max-snippet:-1","max-image-preview":"max-image-preview:large","max-video-preview":"max-video-preview:-1"},"canonical":"https:\/\/strangercam.com\/it\/cam-con-gli-estranei\/","og_locale":"it_IT","og_type":"article","og_title":"Cam With Strangers with Video Chat on Strangercam.com","og_description":"Liking Cam With Strangers? Join millions on StrangerCam.com! Start a random video chat, turn on your cam, and meet strangers instantly.","og_url":"https:\/\/strangercam.com\/it\/cam-con-gli-estranei\/","og_site_name":"Strangercam","article_publisher":"https:\/\/www.facebook.com\/strangercam","article_modified_time":"2025-09-08T08:06:04+00:00","og_image":[{"width":800,"height":532,"url":"https:\/\/strangercam.com\/wp-content\/uploads\/2021\/10\/Untitled-2.png","type":"image\/png"}],"twitter_card":"summary_large_image","twitter_site":"@strangercamapp","twitter_misc":{"Tempo di lettura stimato":"5 minuti"},"schema":{"@context":"https:\/\/schema.org","@graph":[{"@type":"WebPage","@id":"https:\/\/strangercam.com\/cam-with-strangers\/","url":"https:\/\/strangercam.com\/cam-with-strangers\/","name":"Cam con gli sconosciuti con la chat video su Strangercam.com","isPartOf":{"@id":"https:\/\/strangercam.com\/#website"},"datePublished":"2025-09-08T06:02:09+00:00","dateModified":"2025-09-08T08:06:04+00:00","description":"Ti piace la cam con gli sconosciuti? Join milioni su StrangerCam.com! Avvia una chat video casuale, accendi la tua cam e incontra subito degli sconosciuti.","breadcrumb":{"@id":"https:\/\/strangercam.com\/cam-with-strangers\/#breadcrumb"},"inLanguage":"it-IT","potentialAction":[{"@type":"ReadAction","target":["https:\/\/strangercam.com\/cam-with-strangers\/"]}]},{"@type":"BreadcrumbList","@id":"https:\/\/strangercam.com\/cam-with-strangers\/#breadcrumb","itemListElement":[{"@type":"ListItem","position":1,"name":"Home","item":"https:\/\/strangercam.com\/"},{"@type":"ListItem","position":2,"name":"Cam With Strangers"}]},{"@type":"WebSite","@id":"https:\/\/strangercam.com\/#website","url":"https:\/\/strangercam.com\/","name":"Strangercam","description":"Videochat casuale con sconosciuti","publisher":{"@id":"https:\/\/strangercam.com\/#organization"},"alternateName":"Strangercam.com","potentialAction":[{"@type":"SearchAction","target":{"@type":"EntryPoint","urlTemplate":"https:\/\/strangercam.com\/?s={search_term_string}"},"query-input":{"@type":"PropertyValueSpecification","valueRequired":true,"valueName":"search_term_string"}}],"inLanguage":"it-IT"},{"@type":"Organization","@id":"https:\/\/strangercam.com\/#organization","name":"Strangercam","alternateName":"Strangercam.com","url":"https:\/\/strangercam.com\/","logo":{"@type":"ImageObject","inLanguage":"it-IT","@id":"https:\/\/strangercam.com\/#\/schema\/logo\/image\/","url":"https:\/\/strangercam.com\/wp-content\/uploads\/2020\/11\/cropped-new-favicon-black.png","contentUrl":"https:\/\/strangercam.com\/wp-content\/uploads\/2020\/11\/cropped-new-favicon-black.png","width":512,"height":512,"caption":"Strangercam"},"image":{"@id":"https:\/\/strangercam.com\/#\/schema\/logo\/image\/"},"sameAs":["https:\/\/www.facebook.com\/strangercam","https:\/\/x.com\/strangercamapp"]}]}},"_links":{"self":[{"href":"https:\/\/strangercam.com\/it\/wp-json\/wp\/v2\/pages\/4124","targetHints":{"allow":["GET"]}}],"collection":[{"href":"https:\/\/strangercam.com\/it\/wp-json\/wp\/v2\/pages"}],"about":[{"href":"https:\/\/strangercam.com\/it\/wp-json\/wp\/v2\/types\/page"}],"author":[{"embeddable":true,"href":"https:\/\/strangercam.com\/it\/wp-json\/wp\/v2\/users\/8"}],"replies":[{"embeddable":true,"href":"https:\/\/strangercam.com\/it\/wp-json\/wp\/v2\/comments?post=4124"}],"version-history":[{"count":2,"href":"https:\/\/strangercam.com\/it\/wp-json\/wp\/v2\/pages\/4124\/revisions"}],"predecessor-version":[{"id":13013,"href":"https:\/\/strangercam.com\/it\/wp-json\/wp\/v2\/pages\/4124\/revisions\/13013"}],"wp:attachment":[{"href":"https:\/\/strangercam.com\/it\/wp-json\/wp\/v2\/media?parent=4124"}],"curies":[{"name":"wp","href":"https:\/\/api.w.org\/{rel}","templated":true}]}}