{"id":4107,"date":"2025-09-08T08:58:53","date_gmt":"2025-09-08T06:58:53","guid":{"rendered":"https:\/\/strangercam.com\/?page_id=4107"},"modified":"2025-09-08T10:03:26","modified_gmt":"2025-09-08T08:03:26","slug":"camma-uno-a-uno","status":"publish","type":"page","link":"https:\/\/strangercam.com\/it\/one-on-one-cam\/","title":{"rendered":"Camma uno a uno"},"content":{"rendered":"<p>Siete alla ricerca del miglior prodotto \"one on one\"? <a href=\"https:\/\/strangercam.com\/it\/bazoocam\/\">cam<\/a> esperienza? Non siete soli. Milioni di persone in tutto il mondo preferiscono chat private, faccia a faccia, invece di stanze di gruppo rumorose o social network affollati. Con la videocamera one-to-one, potrete avere conversazioni dirette e personali con estranei o nuovi amici: solo voi e un'altra persona in video, senza distrazioni.<\/p>\n<p>Nel 2025, piattaforme come StrangerCam consentono di usufruire gratuitamente di un rapporto uno-a-uno. <a href=\"https:\/\/strangercam.com\/it\/cam-to-cam-chat\/\">chat in cam<\/a> istantaneamente, senza registrazione, senza download e senza costi nascosti. Se sei alla ricerca di amicizia, divertimento occasionale, flirt o semplicemente di una conversazione significativa, la camma uno a uno ti offre la privacy e la spontaneit\u00e0 che le chat di gruppo o le app di incontri non possono offrire.<\/p>\n<p>Questa guida vi spiegher\u00e0 tutto quello che c'\u00e8 da sapere: cos'\u00e8 la camma uno contro uno, perch\u00e9 la gente la ama, come funziona, le caratteristiche pi\u00f9 importanti, i confronti tra le piattaforme, i consigli per la sicurezza e perch\u00e9 StrangerCam \u00e8 uno dei posti migliori per la chat in cam uno contro uno nel 2025.<\/p>\n<h2>Che cos'\u00e8 la camma individuale?<\/h2>\n<p>La cam one on one \u00e8 una chat video privata dal vivo in cui si \u00e8 istantaneamente connessi con una sola altra persona tramite webcam e microfono. A differenza delle chat di gruppo o delle chat testuali, l'esperienza \u00e8 pi\u00f9 personale e mirata.<\/p>\n<p>L'idea \u00e8 semplice: premete un pulsante, attivate la vostra webcam e in pochi secondi vi troverete in una videochiamata privata faccia a faccia con uno sconosciuto. Se la conversazione non va a buon fine, premete Avanti e sarete collegati con un'altra persona.<\/p>\n<h2>Perch\u00e9 le persone amano la chat cam gratuita uno contro uno<\/h2>\n<p>La popolarit\u00e0 della camma gratuita one-to-one \u00e8 cresciuta perch\u00e9 offre qualcosa di unico:<\/p>\n<ul>\n<li>Privacy: Le conversazioni sono a tu per tu, non in un gruppo affollato.<\/li>\n<li>Autenticit\u00e0: La chat video garantisce che si parli con una persona reale, non con un bot.<\/li>\n<li>Spontaneit\u00e0: ogni nuova chat \u00e8 una sorpresa.<\/li>\n<li>Nessuna distrazione: Nessuna folla che osserva: solo voi e un'altra persona.<\/li>\n<li>Amicizia e flirt: Ideale per fare amicizia, condividere storie o divertirsi in modo casuale.<\/li>\n<li>Accesso immediato: Niente profili, biografie o lunghe iscrizioni: basta un clic per connettersi.<\/li>\n<\/ul>\n<h2>Come funziona la camma individuale?<\/h2>\n<p>Il processo \u00e8 semplice e adatto ai principianti:<\/p>\n<ol>\n<li>Aprire la piattaforma (desktop o mobile).<\/li>\n<li>Consentire l'accesso alla telecamera e al microfono.<\/li>\n<li>Fare clic su \"Avvia chat\".<\/li>\n<li>Collegatevi immediatamente con una persona in una sessione di cam privata.<\/li>\n<li>Premete \"Avanti\" per andare avanti quando volete.<\/li>\n<\/ol>\n<p>Alcune piattaforme offrono anche filtri di genere, selezione del paese o persino strumenti di traduzione automatica per le connessioni internazionali.<\/p>\n<h2>Caratteristiche principali da ricercare<\/h2>\n<p>Quando si sceglie una piattaforma per camme one-to-one, \u00e8 bene cercare queste importanti caratteristiche:<\/p>\n<h3>1. Accesso veramente libero<\/h3>\n<p>Evitate le piattaforme che pubblicizzano la gratuit\u00e0 ma che bloccano le funzioni chiave dietro i paywall.<\/p>\n<h3>2. Non \u00e8 necessario iscriversi<\/h3>\n<p>Rimanere anonimi: non dovrebbe essere richiesta alcuna registrazione.<\/p>\n<h3>3. Filtri per genere e localit\u00e0<\/h3>\n<p>Utile per trovare il tipo di persona con cui si vuole chattare.<\/p>\n<h3>4. Privato e sicuro<\/h3>\n<p>Assicurarsi che la piattaforma offra strumenti di moderazione e di blocco\/segnalazione.<\/p>\n<h3>5. Design compatibile con i dispositivi mobili<\/h3>\n<p>Il servizio dovrebbe funzionare sia sui telefoni che sui desktop.<\/p>\n<h3>6. Video e audio di alta qualit\u00e0<\/h3>\n<p>I collegamenti chiari rendono le conversazioni pi\u00f9 fluide e piacevoli.<\/p>\n<h2>Le migliori piattaforme di camme one-to-one nel 2025<\/h2>\n<p>Ecco come si confrontano le migliori piattaforme per la chat privata in cam uno a uno:<\/p>\n<table>\n<thead>\n<tr>\n<th>Piattaforma<\/th>\n<th align=\"center\">Accesso libero<\/th>\n<th align=\"center\">Filtro di genere<\/th>\n<th align=\"center\">\u00c8 necessario iscriversi<\/th>\n<th align=\"center\">Supporto mobile<\/th>\n<th align=\"center\">Moderazione<\/th>\n<th>Note<\/th>\n<\/tr>\n<\/thead>\n<tbody>\n<tr>\n<td>StrangerCam<\/td>\n<td align=\"center\">\u2705<\/td>\n<td align=\"center\">\u2705 (Gratuito)<\/td>\n<td align=\"center\">\u274c<\/td>\n<td align=\"center\">\u2705<\/td>\n<td align=\"center\">\u2705<\/td>\n<td>La migliore scelta a tutto tondo, camma privata uno a uno<\/td>\n<\/tr>\n<tr>\n<td><a href=\"https:\/\/strangercam.com\/it\/chatroulette\/\">Chatroulette<\/a><\/td>\n<td align=\"center\">\u2705<\/td>\n<td align=\"center\">\u274c (Pagato)<\/td>\n<td align=\"center\">\u274c<\/td>\n<td align=\"center\">\u2705<\/td>\n<td align=\"center\">\u2705<\/td>\n<td>Classico, ma con filtri di genere bloccati<\/td>\n<\/tr>\n<tr>\n<td>Chatrandom<\/td>\n<td align=\"center\">\u2705<\/td>\n<td align=\"center\">\u274c (Pagato)<\/td>\n<td align=\"center\">\u274c<\/td>\n<td align=\"center\">\u2705<\/td>\n<td align=\"center\">\u2705<\/td>\n<td>Popolare, ma aggiornamenti spinti<\/td>\n<\/tr>\n<tr>\n<td><a href=\"https:\/\/strangercam.com\/it\/ometv\/\">OmeTV<\/a><\/td>\n<td align=\"center\">\u2705<\/td>\n<td align=\"center\">\u274c<\/td>\n<td align=\"center\">\u274c<\/td>\n<td align=\"center\">\u2705<\/td>\n<td align=\"center\">\u2705<\/td>\n<td>Solo per caso, applicazione mobile<\/td>\n<\/tr>\n<tr>\n<td>Shagle<\/td>\n<td align=\"center\">\u2705<\/td>\n<td align=\"center\">\u274c (Pagato)<\/td>\n<td align=\"center\">\u274c<\/td>\n<td align=\"center\">\u2705<\/td>\n<td align=\"center\">\u2705<\/td>\n<td>Utilizzo di base gratuito, aggiornamenti premium<\/td>\n<\/tr>\n<tr>\n<td><a href=\"https:\/\/strangercam.com\/it\/coomeet\/\">CooMeet<\/a><\/td>\n<td align=\"center\">\u274c (Prova)<\/td>\n<td align=\"center\">\u2705<\/td>\n<td align=\"center\">\u2705<\/td>\n<td align=\"center\">\u2705<\/td>\n<td align=\"center\">\u2705<\/td>\n<td>Pagato dopo il processo, si concentra sulle chat tra ragazze<\/td>\n<\/tr>\n<tr>\n<td>LuckyCrush<\/td>\n<td align=\"center\">\u274c<\/td>\n<td align=\"center\">\u2705<\/td>\n<td align=\"center\">\u2705<\/td>\n<td align=\"center\">\u2705<\/td>\n<td align=\"center\">\u2705<\/td>\n<td>Sempre retribuito, corrispondenza tra i sessi<\/td>\n<\/tr>\n<\/tbody>\n<\/table>\n<p>StrangerCam si distingue come una delle uniche piattaforme che offre una chat in cam gratuita uno contro uno con un filtro di genere funzionante e senza registrazione.<\/p>\n<h2>Perch\u00e9 StrangerCam \u00e8 la scelta migliore<\/h2>\n<p>Ecco perch\u00e9 StrangerCam \u00e8 la scelta migliore nel 2025 per le camme individuali:<\/p>\n<h3>1. Completamente gratuito e illimitato<\/h3>\n<p>Nessun costo nascosto, crediti o limiti di prova.<\/p>\n<h3>2. Sessioni private di camme uno a uno<\/h3>\n<p>Videochiamate mirate e personali senza distrazioni di gruppo.<\/p>\n<h3>3. Filtro di genere gratuito<\/h3>\n<p>Selezionate chi volete incontrare senza pagare.<\/p>\n<h3>4. Non \u00e8 richiesta l'iscrizione<\/h3>\n<p>Rimanete anonimi e connettetevi istantaneamente.<\/p>\n<h3>5. Sicuro e moderato<\/h3>\n<p>La robustezza delle segnalazioni e la moderazione lo rendono pi\u00f9 sicuro di molti altri.<\/p>\n<h3>6. Funziona su tutti i dispositivi<\/h3>\n<p>Ottimizzato per desktop, tablet e dispositivi mobili.<\/p>\n<h2>Testimonianze di utenti reali<\/h2>\n<blockquote><p><em>\"Ero stanco delle chat di gruppo e volevo qualcosa di pi\u00f9 privato. La cam di StrangerCam \u00e8 perfetta: solo io e la persona con cui sto parlando\".<\/em><br \/>\n- Daniele, 28 anni<\/p><\/blockquote>\n<blockquote><p><em>\"Il filtro di genere funziona gratuitamente, il che lo rende molto migliore di altre piattaforme che ho provato\".<\/em><br \/>\n- Sophia, 21 anni<\/p><\/blockquote>\n<blockquote><p><em>\"Ho fatto amicizia con persone di tutto il mondo grazie alla camma individuale. \u00c8 pi\u00f9 personale delle chat di gruppo\".<\/em><br \/>\n- Ryan, 30 anni<\/p><\/blockquote>\n<blockquote><p><em>\"\u00c8 semplice, veloce e sicuro. Esattamente quello che volevo in una cam chat gratuita uno contro uno\".<\/em><br \/>\n- Mia, 19 anni<\/p><\/blockquote>\n<h2>Consigli di sicurezza per la camma individuale<\/h2>\n<p>Sebbene le chat in cam one-to-one siano divertenti, \u00e8 bene tenere a mente questi consigli di sicurezza:<\/p>\n<ul>\n<li>Non condividete i vostri dati personali (numero di telefono, indirizzo, e-mail).<\/li>\n<li>Saltate o bloccate chiunque vi metta a disagio.<\/li>\n<li>Evitate di cliccare su link condivisi da sconosciuti.<\/li>\n<li>Controllate il vostro background per proteggere la vostra privacy.<\/li>\n<li>Utilizzate gli strumenti della piattaforma, come il reporting e il blocco.<\/li>\n<li>Rispetta i limiti di et\u00e0: se hai meno di 18 anni, non usare i siti di cam chat per adulti.<\/li>\n<\/ul>\n<h2>Come iniziare - Passo dopo passo<\/h2>\n<p>Ci vuole meno di un minuto per iniziare una chat in cam uno contro uno:<\/p>\n<ol>\n<li>Aprite StrangerCam sul vostro dispositivo.<\/li>\n<li>Consentire l'accesso alla fotocamera e al microfono.<\/li>\n<li>Scegliete le vostre preferenze (come il filtro di genere).<\/li>\n<li>Fare clic su Avvia chat per connettersi immediatamente.<\/li>\n<li>Godetevi la vostra chat privata in cam uno a uno.<\/li>\n<\/ol>\n<p>Veloce, facile e gratuito.<\/p>\n<p>Nel 2025, la camma individuale rimane uno dei modi migliori per connettersi online. \u00c8 personale, spontanea e autentica e consente di avere conversazioni reali con sconosciuti in tutto il mondo.<\/p>\n<p>Ma non tutte le piattaforme valgono il vostro tempo. Molte nascondono le funzioni dietro i paywall o inondano i loro siti di bot. Ecco perch\u00e9 StrangerCam \u00e8 l'opzione migliore: \u00e8 gratuita, privata, sicura e sempre attiva con persone pronte a chattare.<\/p>\n<p>Sei pronto a provare? Avvia oggi stesso una chat gratuita in cam uno contro uno e scopri chi incontrerai.<\/p>","protected":false},"excerpt":{"rendered":"<p>Are you searching for the best one on one cam experience? You\u2019re not alone. Millions of people around the world prefer private, face-to-face chats instead of noisy group rooms or crowded social networks. With one on one cam, you get direct, personal conversations with strangers or new friends\u2014just you and one other person on video, [&hellip;]<\/p>\n","protected":false},"author":8,"featured_media":0,"parent":0,"menu_order":0,"comment_status":"closed","ping_status":"closed","template":"","meta":{"footnotes":""},"class_list":["post-4107","page","type-page","status-publish","hentry"],"yoast_head":"<!-- This site is optimized with the Yoast SEO plugin v27.4 - https:\/\/yoast.com\/product\/yoast-seo-wordpress\/ -->\n<title>One On One Cam with Video Chat on Strangercam.com<\/title>\n<meta name=\"description\" content=\"Liking One On One Cam? Join millions on StrangerCam.com! Start a random video chat, turn on your cam, and meet strangers instantly.\" \/>\n<meta name=\"robots\" content=\"index, follow, max-snippet:-1, max-image-preview:large, max-video-preview:-1\" \/>\n<link rel=\"canonical\" href=\"https:\/\/strangercam.com\/it\/camma-uno-a-uno\/\" \/>\n<meta property=\"og:locale\" content=\"it_IT\" \/>\n<meta property=\"og:type\" content=\"article\" \/>\n<meta property=\"og:title\" content=\"One On One Cam with Video Chat on Strangercam.com\" \/>\n<meta property=\"og:description\" content=\"Liking One On One Cam? Join millions on StrangerCam.com! Start a random video chat, turn on your cam, and meet strangers instantly.\" \/>\n<meta property=\"og:url\" content=\"https:\/\/strangercam.com\/it\/camma-uno-a-uno\/\" \/>\n<meta property=\"og:site_name\" content=\"Strangercam\" \/>\n<meta property=\"article:publisher\" content=\"https:\/\/www.facebook.com\/strangercam\" \/>\n<meta property=\"article:modified_time\" content=\"2025-09-08T08:03:26+00:00\" \/>\n<meta property=\"og:image\" content=\"https:\/\/strangercam.com\/wp-content\/uploads\/2021\/10\/Untitled-2.png\" \/>\n\t<meta property=\"og:image:width\" content=\"800\" \/>\n\t<meta property=\"og:image:height\" content=\"532\" \/>\n\t<meta property=\"og:image:type\" content=\"image\/png\" \/>\n<meta name=\"twitter:card\" content=\"summary_large_image\" \/>\n<meta name=\"twitter:site\" content=\"@strangercamapp\" \/>\n<meta name=\"twitter:label1\" content=\"Tempo di lettura stimato\" \/>\n\t<meta name=\"twitter:data1\" content=\"5 minuti\" \/>\n<script type=\"application\/ld+json\" class=\"yoast-schema-graph\">{\"@context\":\"https:\\\/\\\/schema.org\",\"@graph\":[{\"@type\":\"WebPage\",\"@id\":\"https:\\\/\\\/strangercam.com\\\/one-on-one-cam\\\/\",\"url\":\"https:\\\/\\\/strangercam.com\\\/one-on-one-cam\\\/\",\"name\":\"One On One Cam with Video Chat on Strangercam.com\",\"isPartOf\":{\"@id\":\"https:\\\/\\\/strangercam.com\\\/#website\"},\"datePublished\":\"2025-09-08T06:58:53+00:00\",\"dateModified\":\"2025-09-08T08:03:26+00:00\",\"description\":\"Liking One On One Cam? Join millions on StrangerCam.com! Start a random video chat, turn on your cam, and meet strangers instantly.\",\"breadcrumb\":{\"@id\":\"https:\\\/\\\/strangercam.com\\\/one-on-one-cam\\\/#breadcrumb\"},\"inLanguage\":\"it-IT\",\"potentialAction\":[{\"@type\":\"ReadAction\",\"target\":[\"https:\\\/\\\/strangercam.com\\\/one-on-one-cam\\\/\"]}]},{\"@type\":\"BreadcrumbList\",\"@id\":\"https:\\\/\\\/strangercam.com\\\/one-on-one-cam\\\/#breadcrumb\",\"itemListElement\":[{\"@type\":\"ListItem\",\"position\":1,\"name\":\"Home\",\"item\":\"https:\\\/\\\/strangercam.com\\\/\"},{\"@type\":\"ListItem\",\"position\":2,\"name\":\"One On One Cam\"}]},{\"@type\":\"WebSite\",\"@id\":\"https:\\\/\\\/strangercam.com\\\/#website\",\"url\":\"https:\\\/\\\/strangercam.com\\\/\",\"name\":\"Strangercam\",\"description\":\"Random Video Chat with Strangers\",\"publisher\":{\"@id\":\"https:\\\/\\\/strangercam.com\\\/#organization\"},\"alternateName\":\"Strangercam.com\",\"potentialAction\":[{\"@type\":\"SearchAction\",\"target\":{\"@type\":\"EntryPoint\",\"urlTemplate\":\"https:\\\/\\\/strangercam.com\\\/?s={search_term_string}\"},\"query-input\":{\"@type\":\"PropertyValueSpecification\",\"valueRequired\":true,\"valueName\":\"search_term_string\"}}],\"inLanguage\":\"it-IT\"},{\"@type\":\"Organization\",\"@id\":\"https:\\\/\\\/strangercam.com\\\/#organization\",\"name\":\"Strangercam\",\"alternateName\":\"Strangercam.com\",\"url\":\"https:\\\/\\\/strangercam.com\\\/\",\"logo\":{\"@type\":\"ImageObject\",\"inLanguage\":\"it-IT\",\"@id\":\"https:\\\/\\\/strangercam.com\\\/#\\\/schema\\\/logo\\\/image\\\/\",\"url\":\"https:\\\/\\\/strangercam.com\\\/wp-content\\\/uploads\\\/2020\\\/11\\\/cropped-new-favicon-black.png\",\"contentUrl\":\"https:\\\/\\\/strangercam.com\\\/wp-content\\\/uploads\\\/2020\\\/11\\\/cropped-new-favicon-black.png\",\"width\":512,\"height\":512,\"caption\":\"Strangercam\"},\"image\":{\"@id\":\"https:\\\/\\\/strangercam.com\\\/#\\\/schema\\\/logo\\\/image\\\/\"},\"sameAs\":[\"https:\\\/\\\/www.facebook.com\\\/strangercam\",\"https:\\\/\\\/x.com\\\/strangercamapp\"]}]}<\/script>\n<!-- \/ Yoast SEO plugin. -->","yoast_head_json":{"title":"Camma uno a uno con video chat su Strangercam.com","description":"Ti piace la Cam Uno contro Uno? Join milioni su StrangerCam.com! Avvia una chat video casuale, accendi la tua cam e incontra subito degli sconosciuti.","robots":{"index":"index","follow":"follow","max-snippet":"max-snippet:-1","max-image-preview":"max-image-preview:large","max-video-preview":"max-video-preview:-1"},"canonical":"https:\/\/strangercam.com\/it\/camma-uno-a-uno\/","og_locale":"it_IT","og_type":"article","og_title":"One On One Cam with Video Chat on Strangercam.com","og_description":"Liking One On One Cam? Join millions on StrangerCam.com! Start a random video chat, turn on your cam, and meet strangers instantly.","og_url":"https:\/\/strangercam.com\/it\/camma-uno-a-uno\/","og_site_name":"Strangercam","article_publisher":"https:\/\/www.facebook.com\/strangercam","article_modified_time":"2025-09-08T08:03:26+00:00","og_image":[{"width":800,"height":532,"url":"https:\/\/strangercam.com\/wp-content\/uploads\/2021\/10\/Untitled-2.png","type":"image\/png"}],"twitter_card":"summary_large_image","twitter_site":"@strangercamapp","twitter_misc":{"Tempo di lettura stimato":"5 minuti"},"schema":{"@context":"https:\/\/schema.org","@graph":[{"@type":"WebPage","@id":"https:\/\/strangercam.com\/one-on-one-cam\/","url":"https:\/\/strangercam.com\/one-on-one-cam\/","name":"Camma uno a uno con video chat su Strangercam.com","isPartOf":{"@id":"https:\/\/strangercam.com\/#website"},"datePublished":"2025-09-08T06:58:53+00:00","dateModified":"2025-09-08T08:03:26+00:00","description":"Ti piace la Cam Uno contro Uno? Join milioni su StrangerCam.com! Avvia una chat video casuale, accendi la tua cam e incontra subito degli sconosciuti.","breadcrumb":{"@id":"https:\/\/strangercam.com\/one-on-one-cam\/#breadcrumb"},"inLanguage":"it-IT","potentialAction":[{"@type":"ReadAction","target":["https:\/\/strangercam.com\/one-on-one-cam\/"]}]},{"@type":"BreadcrumbList","@id":"https:\/\/strangercam.com\/one-on-one-cam\/#breadcrumb","itemListElement":[{"@type":"ListItem","position":1,"name":"Home","item":"https:\/\/strangercam.com\/"},{"@type":"ListItem","position":2,"name":"One On One Cam"}]},{"@type":"WebSite","@id":"https:\/\/strangercam.com\/#website","url":"https:\/\/strangercam.com\/","name":"Strangercam","description":"Videochat casuale con sconosciuti","publisher":{"@id":"https:\/\/strangercam.com\/#organization"},"alternateName":"Strangercam.com","potentialAction":[{"@type":"SearchAction","target":{"@type":"EntryPoint","urlTemplate":"https:\/\/strangercam.com\/?s={search_term_string}"},"query-input":{"@type":"PropertyValueSpecification","valueRequired":true,"valueName":"search_term_string"}}],"inLanguage":"it-IT"},{"@type":"Organization","@id":"https:\/\/strangercam.com\/#organization","name":"Strangercam","alternateName":"Strangercam.com","url":"https:\/\/strangercam.com\/","logo":{"@type":"ImageObject","inLanguage":"it-IT","@id":"https:\/\/strangercam.com\/#\/schema\/logo\/image\/","url":"https:\/\/strangercam.com\/wp-content\/uploads\/2020\/11\/cropped-new-favicon-black.png","contentUrl":"https:\/\/strangercam.com\/wp-content\/uploads\/2020\/11\/cropped-new-favicon-black.png","width":512,"height":512,"caption":"Strangercam"},"image":{"@id":"https:\/\/strangercam.com\/#\/schema\/logo\/image\/"},"sameAs":["https:\/\/www.facebook.com\/strangercam","https:\/\/x.com\/strangercamapp"]}]}},"_links":{"self":[{"href":"https:\/\/strangercam.com\/it\/wp-json\/wp\/v2\/pages\/4107","targetHints":{"allow":["GET"]}}],"collection":[{"href":"https:\/\/strangercam.com\/it\/wp-json\/wp\/v2\/pages"}],"about":[{"href":"https:\/\/strangercam.com\/it\/wp-json\/wp\/v2\/types\/page"}],"author":[{"embeddable":true,"href":"https:\/\/strangercam.com\/it\/wp-json\/wp\/v2\/users\/8"}],"replies":[{"embeddable":true,"href":"https:\/\/strangercam.com\/it\/wp-json\/wp\/v2\/comments?post=4107"}],"version-history":[{"count":2,"href":"https:\/\/strangercam.com\/it\/wp-json\/wp\/v2\/pages\/4107\/revisions"}],"predecessor-version":[{"id":13012,"href":"https:\/\/strangercam.com\/it\/wp-json\/wp\/v2\/pages\/4107\/revisions\/13012"}],"wp:attachment":[{"href":"https:\/\/strangercam.com\/it\/wp-json\/wp\/v2\/media?parent=4107"}],"curies":[{"name":"wp","href":"https:\/\/api.w.org\/{rel}","templated":true}]}}