{"id":4090,"date":"2025-09-08T07:55:19","date_gmt":"2025-09-08T05:55:19","guid":{"rendered":"https:\/\/strangercam.com\/?page_id=4090"},"modified":"2025-09-08T10:00:45","modified_gmt":"2025-09-08T08:00:45","slug":"chat-con-le-ragazze-di-omegle","status":"publish","type":"page","link":"https:\/\/strangercam.com\/it\/chat-con-le-ragazze-di-omegle\/","title":{"rendered":"Chat per ragazze Omegle"},"content":{"rendered":"<p>Avete cercato <a href=\"https:\/\/strangercam.com\/it\/omegle\/\">Omegle<\/a> ragazza <a href=\"https:\/\/strangercam.com\/it\/chathub\/\">chat<\/a>? Non siete soli. Per anni, Omegle \u00e8 stato il luogo ideale per le chat video casuali, soprattutto per chi cercava di incontrare e chattare con ragazze online. Ma da quando Omegle ha chiuso i battenti nel 2023, milioni di utenti sono andati alla ricerca di alternative che offrissero lo stesso brivido di connessioni spontanee, con il vantaggio di essere pi\u00f9 sicure, moderne e realmente gratuite.<\/p>\n<p>Nel 2025, piattaforme come StrangerCam permettono di godere di chat femminili gratuite online istantaneamente, senza registrazione, senza download e senza costi nascosti. Se sei alla ricerca di divertimento, di un flirt casuale, di fare nuove amicizie o semplicemente di passare il tempo, la chat tra ragazze in stile Omegle rimane uno dei modi pi\u00f9 eccitanti per connettersi.<\/p>\n<p>Questa guida tratter\u00e0 tutto ci\u00f2 che c'\u00e8 da sapere: cos'era la chat per ragazze Omegle, perch\u00e9 \u00e8 diventata cos\u00ec popolare, come le piattaforme moderne l'hanno sostituita, quali caratteristiche cercare, confronti tra le migliori alternative, consigli per la sicurezza e perch\u00e9 StrangerCam \u00e8 una delle migliori opzioni oggi.<\/p>\n<h2>Che cos'era la chat per ragazze Omegle?<\/h2>\n<p>La chat per ragazze di Omegle si riferiva alla funzione di video chat casuale di Omegle in cui gli utenti potevano cercare di connettersi specificamente con le ragazze online. Omegle stesso non offriva un vero e proprio filtro di genere, il che lasciava molti utenti frustrati. Molte ricerche o hack di \"Omegle girl\" di terze parti hanno spesso portato a esperienze inaffidabili o non sicure.<\/p>\n<p>Da quando Omegle ha chiuso i battenti, la richiesta di un'esperienza di chat femminile sicura e reale \u00e8 cresciuta. \u00c8 qui che entrano in gioco piattaforme come StrangerCam, che offrono filtri di genere autentici e gratuiti e funzioni di sicurezza migliori di quelle di Omegle.<\/p>\n<h2>Perch\u00e9 le persone cercano la chat con le ragazze Omegle?<\/h2>\n<p>Il termine \"chat per ragazze Omegle\" \u00e8 diventato popolare per diversi motivi:<\/p>\n<ul>\n<li>Desiderio di connessioni femminili: Molti utenti desiderano chattare con le ragazze.<\/li>\n<li>Flirt e divertimento occasionale: Omegle \u00e8 diventato famoso per i suoi rapporti spontanei e spensierati.<\/li>\n<li>Curiosit\u00e0 e divertimento: Conoscere nuove ragazze da tutto il mondo \u00e8 stato divertente e imprevedibile.<\/li>\n<li>Evitare bot e fake: Gli utenti preferiscono la chat video per avere la conferma di parlare con persone reali.<\/li>\n<li>Solitudine: Per molti, l'Omegle ha colmato il vuoto della noia e ha fornito un'interazione sociale immediata.<\/li>\n<\/ul>\n<h2>Come funzionava la chat tra ragazze Omegle (e i suoi limiti)<\/h2>\n<p>La configurazione di Omegle era semplice:<\/p>\n<ol>\n<li>Aprire il sito.<\/li>\n<li>Consentire l'accesso alla webcam e al microfono.<\/li>\n<li>Fare clic su \"Inizia\" e collegarsi con una persona a caso.<\/li>\n<li>Premete \"Avanti\" per andare avanti.<\/li>\n<\/ol>\n<p>Il problema? Omegle non offriva un filtro di genere funzionante. Molte persone che cercavano \"chat con ragazze su Omegle\" erano deluse dal fatto di essere abbinate in modo casuale. Peggio ancora, la mancanza di moderazione spesso portava a esperienze poco sicure o spiacevoli.<\/p>\n<h2>L'ascesa delle ragazze Omegle Chat Alternative<\/h2>\n<p>Da quando Omegle ha chiuso, sono emerse piattaforme migliori. Questi nuovi siti migliorano il classico formato di chat casuale offrendo:<\/p>\n<ul>\n<li>Filtri di genere reali (gratuiti o a pagamento).<\/li>\n<li>Ambienti pi\u00f9 sicuri con la moderazione attiva.<\/li>\n<li>Migliore supporto per i dispositivi mobili.<\/li>\n<li>Video e audio di qualit\u00e0 superiore.<\/li>\n<li>Accesso veramente libero senza trucchi.<\/li>\n<\/ul>\n<h2>Le migliori piattaforme per la chat delle ragazze Omegle nel 2025<\/h2>\n<p>Ecco come si confrontano le migliori alternative di oggi:<\/p>\n<table>\n<thead>\n<tr>\n<th>Piattaforma<\/th>\n<th align=\"center\">Accesso libero<\/th>\n<th align=\"center\">Filtro di genere<\/th>\n<th align=\"center\">\u00c8 necessario iscriversi<\/th>\n<th align=\"center\">Supporto mobile<\/th>\n<th align=\"center\">Moderazione<\/th>\n<th>Note<\/th>\n<\/tr>\n<\/thead>\n<tbody>\n<tr>\n<td>StrangerCam<\/td>\n<td align=\"center\">\u2705<\/td>\n<td align=\"center\">\u2705 (Gratuito)<\/td>\n<td align=\"center\">\u274c<\/td>\n<td align=\"center\">\u2705<\/td>\n<td align=\"center\">\u2705<\/td>\n<td>Il miglior sostituto di chat per ragazze Omegle<\/td>\n<\/tr>\n<tr>\n<td><a href=\"https:\/\/strangercam.com\/it\/chatroulette\/\">Chatroulette<\/a><\/td>\n<td align=\"center\">\u2705<\/td>\n<td align=\"center\">\u274c (Pagato)<\/td>\n<td align=\"center\">\u274c<\/td>\n<td align=\"center\">\u2705<\/td>\n<td align=\"center\">\u2705<\/td>\n<td>Opzione classica, ma senza filtri gratuiti<\/td>\n<\/tr>\n<tr>\n<td>Chatrandom<\/td>\n<td align=\"center\">\u2705<\/td>\n<td align=\"center\">\u274c (Pagato)<\/td>\n<td align=\"center\">\u274c<\/td>\n<td align=\"center\">\u2705<\/td>\n<td align=\"center\">\u2705<\/td>\n<td>Filtri popolari, ma di qualit\u00e0 superiore<\/td>\n<\/tr>\n<tr>\n<td>Shagle<\/td>\n<td align=\"center\">\u2705<\/td>\n<td align=\"center\">\u274c (Pagato)<\/td>\n<td align=\"center\">\u274c<\/td>\n<td align=\"center\">\u2705<\/td>\n<td align=\"center\">\u2705<\/td>\n<td>Spinge gli aggiornamenti per i filtri<\/td>\n<\/tr>\n<tr>\n<td><a href=\"https:\/\/strangercam.com\/it\/coomeet\/\">CooMeet<\/a><\/td>\n<td align=\"center\">\u274c (Prova)<\/td>\n<td align=\"center\">\u2705<\/td>\n<td align=\"center\">\u2705<\/td>\n<td align=\"center\">\u2705<\/td>\n<td align=\"center\">\u2705<\/td>\n<td>Piattaforma a pagamento incentrata sulla chat con le ragazze<\/td>\n<\/tr>\n<tr>\n<td>LuckyCrush<\/td>\n<td align=\"center\">\u274c<\/td>\n<td align=\"center\">\u2705<\/td>\n<td align=\"center\">\u2705<\/td>\n<td align=\"center\">\u2705<\/td>\n<td align=\"center\">\u2705<\/td>\n<td>Sempre pagato, mette in contatto i ragazzi con le ragazze<\/td>\n<\/tr>\n<\/tbody>\n<\/table>\n<p>StrangerCam si distingue come una delle uniche piattaforme che offre una chat gratuita tra ragazze in stile Omegle con un filtro di genere funzionante e senza registrazione.<\/p>\n<h2>Perch\u00e9 StrangerCam \u00e8 la migliore ragazza Omegle Chat Alternative<\/h2>\n<p>Ecco perch\u00e9 StrangerCam \u00e8 la scelta migliore nel 2025 per chi cerca chat con ragazze Omegle:<\/p>\n<h3>1. Completamente gratuito e illimitato<\/h3>\n<p>Niente paywall, prove o crediti: solo chat gratuite.<\/p>\n<h3>2. Filtro di genere gratuito<\/h3>\n<p>Incontrare ragazze all'istante senza pagare extra.<\/p>\n<h3>3. Non \u00e8 richiesta l'iscrizione<\/h3>\n<p>Rimanete anonimi e iniziate a chattare in pochi secondi.<\/p>\n<h3>4. Sicuro e moderato<\/h3>\n<p>La moderazione attiva lo rende pi\u00f9 sicuro di quanto non lo sia mai stato Omegle.<\/p>\n<h3>5. Base di utenti globale<\/h3>\n<p>Incontrare ragazze da tutto il mondo, 24 ore su 24, 7 giorni su 7.<\/p>\n<h3>6. Ottimizzato per tutti i dispositivi<\/h3>\n<p>Funziona senza problemi sia su desktop che su mobile.<\/p>\n<h2>Testimonianze di utenti reali<\/h2>\n<blockquote><p><em>\"Stavo cercando alternative di chat per ragazze Omegle e la maggior parte dei siti ha cercato di farmi pagare. StrangerCam mi ha fornito connessioni gratuite\".<\/em><br \/>\n- Davide, 27 anni<\/p><\/blockquote>\n<blockquote><p><em>\"Il filtro di genere funziona perfettamente. \u00c8 esattamente ci\u00f2 che mancava a Omegle\".<\/em><br \/>\n- Sophia, 22 anni<\/p><\/blockquote>\n<blockquote><p><em>\"Sono entrato in contatto con ragazze di tre paesi diversi in meno di un'ora. Molto meglio di quanto sia mai stato Omegle\".<\/em><br \/>\n- Ryan, 30 anni<\/p><\/blockquote>\n<blockquote><p><em>\"Mi sembra pi\u00f9 sicuro e pulito dell'Omegle, e posso saltare immediatamente se non mi piace la chat\".<\/em><br \/>\n- Emma, 19 anni<\/p><\/blockquote>\n<h2>Consigli di sicurezza per la chat tra ragazze in stile Omegle<\/h2>\n<p>Sebbene chattare con le ragazze online sia divertente, la sicurezza \u00e8 fondamentale:<\/p>\n<ul>\n<li>Non condividete informazioni personali (telefono, e-mail, indirizzo).<\/li>\n<li>Saltate o bloccate chiunque vi metta a disagio.<\/li>\n<li>Non cliccate mai su link sospetti.<\/li>\n<li>Controllare lo sfondo prima di accendere la webcam.<\/li>\n<li>Utilizzare gli strumenti della piattaforma, come le funzioni di reporting.<\/li>\n<li>Rispettate le restrizioni di et\u00e0: se avete meno di 18 anni, evitate le piattaforme per adulti.<\/li>\n<\/ul>\n<h2>Come iniziare - Passo dopo passo<\/h2>\n<p>Ci vogliono solo pochi secondi per iniziare una chat tra ragazze in stile Omegle:<\/p>\n<ol>\n<li>Aprite StrangerCam sul vostro dispositivo.<\/li>\n<li>Consentire l'accesso alla telecamera e al microfono.<\/li>\n<li>Selezionare il filtro di genere (ragazze).<\/li>\n<li>Fare clic su Avvia chat per connettersi immediatamente.<\/li>\n<li>Premete Avanti in qualsiasi momento per incontrare qualcuno di nuovo.<\/li>\n<\/ol>\n<p>Veloce, semplice e gratuito.<\/p>\n<p>Anche se l'Omegle non c'\u00e8 pi\u00f9, la domanda di chat con le ragazze dell'Omegle non \u00e8 scomparsa. Anzi, \u00e8 pi\u00f9 forte che mai. La buona notizia \u00e8 che le alternative moderne come StrangerCam non solo sostituiscono Omegle, ma lo migliorano, offrendo filtri di genere gratuiti, una migliore moderazione ed esperienze pi\u00f9 sicure.<\/p>\n<p>Se stai cercando di incontrare, flirtare o semplicemente chattare casualmente con ragazze online, StrangerCam \u00e8 una delle migliori scelte del 2025.<\/p>\n<p>Pronti a provarlo? Avvia oggi stesso una chat gratuita con una ragazza in stile Omegle e scopri chi incontrerai dopo.<\/p>","protected":false},"excerpt":{"rendered":"<p>Have you been searching for Omegle girl chat? You\u2019re not alone. For years, Omegle was the go-to place for random video chats, especially for people looking to meet and chat with girls online. But since Omegle shut down in 2023, millions of users have been searching for alternatives that offer the same thrill of spontaneous [&hellip;]<\/p>\n","protected":false},"author":8,"featured_media":0,"parent":0,"menu_order":0,"comment_status":"closed","ping_status":"closed","template":"","meta":{"footnotes":""},"class_list":["post-4090","page","type-page","status-publish","hentry"],"yoast_head":"<!-- This site is optimized with the Yoast SEO plugin v26.9 - https:\/\/yoast.com\/product\/yoast-seo-wordpress\/ -->\n<title>Omegle Girl Chat with Video Chat on Strangercam.com<\/title>\n<meta name=\"description\" content=\"Liking Omegle Girl Chat? Join millions on StrangerCam.com! Start a random video chat, turn on your cam, and meet strangers instantly.\" \/>\n<meta name=\"robots\" content=\"index, follow, max-snippet:-1, max-image-preview:large, max-video-preview:-1\" \/>\n<link rel=\"canonical\" href=\"https:\/\/strangercam.com\/it\/chat-con-le-ragazze-di-omegle\/\" \/>\n<meta property=\"og:locale\" content=\"it_IT\" \/>\n<meta property=\"og:type\" content=\"article\" \/>\n<meta property=\"og:title\" content=\"Omegle Girl Chat with Video Chat on Strangercam.com\" \/>\n<meta property=\"og:description\" content=\"Liking Omegle Girl Chat? Join millions on StrangerCam.com! Start a random video chat, turn on your cam, and meet strangers instantly.\" \/>\n<meta property=\"og:url\" content=\"https:\/\/strangercam.com\/it\/chat-con-le-ragazze-di-omegle\/\" \/>\n<meta property=\"og:site_name\" content=\"Strangercam\" \/>\n<meta property=\"article:publisher\" content=\"https:\/\/www.facebook.com\/strangercam\" \/>\n<meta property=\"article:modified_time\" content=\"2025-09-08T08:00:45+00:00\" \/>\n<meta property=\"og:image\" content=\"https:\/\/strangercam.com\/wp-content\/uploads\/2021\/10\/Untitled-2.png\" \/>\n\t<meta property=\"og:image:width\" content=\"800\" \/>\n\t<meta property=\"og:image:height\" content=\"532\" \/>\n\t<meta property=\"og:image:type\" content=\"image\/png\" \/>\n<meta name=\"twitter:card\" content=\"summary_large_image\" \/>\n<meta name=\"twitter:site\" content=\"@strangercamapp\" \/>\n<meta name=\"twitter:label1\" content=\"Tempo di lettura stimato\" \/>\n\t<meta name=\"twitter:data1\" content=\"4 minuti\" \/>\n<script type=\"application\/ld+json\" class=\"yoast-schema-graph\">{\"@context\":\"https:\/\/schema.org\",\"@graph\":[{\"@type\":\"WebPage\",\"@id\":\"https:\/\/strangercam.com\/omegle-girl-chat\/\",\"url\":\"https:\/\/strangercam.com\/omegle-girl-chat\/\",\"name\":\"Omegle Girl Chat with Video Chat on Strangercam.com\",\"isPartOf\":{\"@id\":\"https:\/\/strangercam.com\/#website\"},\"datePublished\":\"2025-09-08T05:55:19+00:00\",\"dateModified\":\"2025-09-08T08:00:45+00:00\",\"description\":\"Liking Omegle Girl Chat? Join millions on StrangerCam.com! Start a random video chat, turn on your cam, and meet strangers instantly.\",\"breadcrumb\":{\"@id\":\"https:\/\/strangercam.com\/omegle-girl-chat\/#breadcrumb\"},\"inLanguage\":\"it-IT\",\"potentialAction\":[{\"@type\":\"ReadAction\",\"target\":[\"https:\/\/strangercam.com\/omegle-girl-chat\/\"]}]},{\"@type\":\"BreadcrumbList\",\"@id\":\"https:\/\/strangercam.com\/omegle-girl-chat\/#breadcrumb\",\"itemListElement\":[{\"@type\":\"ListItem\",\"position\":1,\"name\":\"Home\",\"item\":\"https:\/\/strangercam.com\/\"},{\"@type\":\"ListItem\",\"position\":2,\"name\":\"Omegle Girl Chat\"}]},{\"@type\":\"WebSite\",\"@id\":\"https:\/\/strangercam.com\/#website\",\"url\":\"https:\/\/strangercam.com\/\",\"name\":\"Strangercam\",\"description\":\"Random Video Chat with Strangers\",\"publisher\":{\"@id\":\"https:\/\/strangercam.com\/#organization\"},\"alternateName\":\"Strangercam.com\",\"potentialAction\":[{\"@type\":\"SearchAction\",\"target\":{\"@type\":\"EntryPoint\",\"urlTemplate\":\"https:\/\/strangercam.com\/?s={search_term_string}\"},\"query-input\":{\"@type\":\"PropertyValueSpecification\",\"valueRequired\":true,\"valueName\":\"search_term_string\"}}],\"inLanguage\":\"it-IT\"},{\"@type\":\"Organization\",\"@id\":\"https:\/\/strangercam.com\/#organization\",\"name\":\"Strangercam\",\"alternateName\":\"Strangercam.com\",\"url\":\"https:\/\/strangercam.com\/\",\"logo\":{\"@type\":\"ImageObject\",\"inLanguage\":\"it-IT\",\"@id\":\"https:\/\/strangercam.com\/#\/schema\/logo\/image\/\",\"url\":\"https:\/\/strangercam.com\/wp-content\/uploads\/2020\/11\/cropped-new-favicon-black.png\",\"contentUrl\":\"https:\/\/strangercam.com\/wp-content\/uploads\/2020\/11\/cropped-new-favicon-black.png\",\"width\":512,\"height\":512,\"caption\":\"Strangercam\"},\"image\":{\"@id\":\"https:\/\/strangercam.com\/#\/schema\/logo\/image\/\"},\"sameAs\":[\"https:\/\/www.facebook.com\/strangercam\",\"https:\/\/x.com\/strangercamapp\"]}]}<\/script>\n<!-- \/ Yoast SEO plugin. -->","yoast_head_json":{"title":"Omegle Ragazza Chat con Video Chat su Strangercam.com","description":"Ti piace la chat per ragazze Omegle? Join milioni su StrangerCam.com! Avvia una chat video casuale, accendi la tua cam e incontra subito degli sconosciuti.","robots":{"index":"index","follow":"follow","max-snippet":"max-snippet:-1","max-image-preview":"max-image-preview:large","max-video-preview":"max-video-preview:-1"},"canonical":"https:\/\/strangercam.com\/it\/chat-con-le-ragazze-di-omegle\/","og_locale":"it_IT","og_type":"article","og_title":"Omegle Girl Chat with Video Chat on Strangercam.com","og_description":"Liking Omegle Girl Chat? Join millions on StrangerCam.com! Start a random video chat, turn on your cam, and meet strangers instantly.","og_url":"https:\/\/strangercam.com\/it\/chat-con-le-ragazze-di-omegle\/","og_site_name":"Strangercam","article_publisher":"https:\/\/www.facebook.com\/strangercam","article_modified_time":"2025-09-08T08:00:45+00:00","og_image":[{"width":800,"height":532,"url":"https:\/\/strangercam.com\/wp-content\/uploads\/2021\/10\/Untitled-2.png","type":"image\/png"}],"twitter_card":"summary_large_image","twitter_site":"@strangercamapp","twitter_misc":{"Tempo di lettura stimato":"4 minuti"},"schema":{"@context":"https:\/\/schema.org","@graph":[{"@type":"WebPage","@id":"https:\/\/strangercam.com\/omegle-girl-chat\/","url":"https:\/\/strangercam.com\/omegle-girl-chat\/","name":"Omegle Ragazza Chat con Video Chat su Strangercam.com","isPartOf":{"@id":"https:\/\/strangercam.com\/#website"},"datePublished":"2025-09-08T05:55:19+00:00","dateModified":"2025-09-08T08:00:45+00:00","description":"Ti piace la chat per ragazze Omegle? Join milioni su StrangerCam.com! Avvia una chat video casuale, accendi la tua cam e incontra subito degli sconosciuti.","breadcrumb":{"@id":"https:\/\/strangercam.com\/omegle-girl-chat\/#breadcrumb"},"inLanguage":"it-IT","potentialAction":[{"@type":"ReadAction","target":["https:\/\/strangercam.com\/omegle-girl-chat\/"]}]},{"@type":"BreadcrumbList","@id":"https:\/\/strangercam.com\/omegle-girl-chat\/#breadcrumb","itemListElement":[{"@type":"ListItem","position":1,"name":"Home","item":"https:\/\/strangercam.com\/"},{"@type":"ListItem","position":2,"name":"Omegle Girl Chat"}]},{"@type":"WebSite","@id":"https:\/\/strangercam.com\/#website","url":"https:\/\/strangercam.com\/","name":"Strangercam","description":"Videochat casuale con sconosciuti","publisher":{"@id":"https:\/\/strangercam.com\/#organization"},"alternateName":"Strangercam.com","potentialAction":[{"@type":"SearchAction","target":{"@type":"EntryPoint","urlTemplate":"https:\/\/strangercam.com\/?s={search_term_string}"},"query-input":{"@type":"PropertyValueSpecification","valueRequired":true,"valueName":"search_term_string"}}],"inLanguage":"it-IT"},{"@type":"Organization","@id":"https:\/\/strangercam.com\/#organization","name":"Strangercam","alternateName":"Strangercam.com","url":"https:\/\/strangercam.com\/","logo":{"@type":"ImageObject","inLanguage":"it-IT","@id":"https:\/\/strangercam.com\/#\/schema\/logo\/image\/","url":"https:\/\/strangercam.com\/wp-content\/uploads\/2020\/11\/cropped-new-favicon-black.png","contentUrl":"https:\/\/strangercam.com\/wp-content\/uploads\/2020\/11\/cropped-new-favicon-black.png","width":512,"height":512,"caption":"Strangercam"},"image":{"@id":"https:\/\/strangercam.com\/#\/schema\/logo\/image\/"},"sameAs":["https:\/\/www.facebook.com\/strangercam","https:\/\/x.com\/strangercamapp"]}]}},"_links":{"self":[{"href":"https:\/\/strangercam.com\/it\/wp-json\/wp\/v2\/pages\/4090","targetHints":{"allow":["GET"]}}],"collection":[{"href":"https:\/\/strangercam.com\/it\/wp-json\/wp\/v2\/pages"}],"about":[{"href":"https:\/\/strangercam.com\/it\/wp-json\/wp\/v2\/types\/page"}],"author":[{"embeddable":true,"href":"https:\/\/strangercam.com\/it\/wp-json\/wp\/v2\/users\/8"}],"replies":[{"embeddable":true,"href":"https:\/\/strangercam.com\/it\/wp-json\/wp\/v2\/comments?post=4090"}],"version-history":[{"count":1,"href":"https:\/\/strangercam.com\/it\/wp-json\/wp\/v2\/pages\/4090\/revisions"}],"predecessor-version":[{"id":13007,"href":"https:\/\/strangercam.com\/it\/wp-json\/wp\/v2\/pages\/4090\/revisions\/13007"}],"wp:attachment":[{"href":"https:\/\/strangercam.com\/it\/wp-json\/wp\/v2\/media?parent=4090"}],"curies":[{"name":"wp","href":"https:\/\/api.w.org\/{rel}","templated":true}]}}