{"id":4073,"date":"2025-09-03T11:52:49","date_gmt":"2025-09-03T09:52:49","guid":{"rendered":"https:\/\/strangercam.com\/?page_id=4073"},"modified":"2025-09-03T13:47:51","modified_gmt":"2025-09-03T11:47:51","slug":"chat-in-cam","status":"publish","type":"page","link":"https:\/\/strangercam.com\/it\/cam-chat\/","title":{"rendered":"Cam Chat"},"content":{"rendered":"<p>Alla ricerca del posto migliore per godersi <a href=\"https:\/\/strangercam.com\/it\/bazoocam\/\">cam<\/a> chattare? Non siete soli. Ogni giorno, milioni di persone in tutto il mondo usano le piattaforme di cam chat per conoscere nuove persone, avere conversazioni divertenti e creare connessioni spontanee online. A differenza delle app di incontri o dei social network che richiedono uno scorrimento o un passaggio infinito, la chat in cam \u00e8 istantanea, reale ed eccitante: si preme un pulsante e in pochi secondi ci si trova faccia a faccia con uno sconosciuto.<\/p>\n<p>Nel 2025, piattaforme come StrangerCam rendono pi\u00f9 facile che mai la fruizione di <a href=\"https:\/\/strangercam.com\/it\/cam-to-cam-chat\/\">camma gratuita<\/a> senza registrazione, senza download e senza costi nascosti. Se stai cercando di fare amicizia, di praticare una nuova lingua, di divertirti con un flirt occasionale o semplicemente di curare la noia, la chat in cam \u00e8 uno dei modi pi\u00f9 divertenti e imprevedibili per connettersi online.<\/p>\n<p>Questa guida copre tutto quello che c'\u00e8 da sapere: cos'\u00e8 la cam chat, perch\u00e9 \u00e8 cos\u00ec popolare, come funziona, quali caratteristiche cercare, confronti tra piattaforme, consigli per la sicurezza e perch\u00e9 StrangerCam \u00e8 una delle migliori scelte disponibili oggi.<\/p>\n<h2>Che cos'\u00e8 la Cam Chat?<\/h2>\n<p>La cam chat \u00e8 un servizio online che consente di connettersi istantaneamente con persone sconosciute attraverso videochiamate in diretta utilizzando la webcam e il microfono. A differenza delle chat di solo testo, la cam chat offre un'interazione faccia a faccia, rendendo l'esperienza molto pi\u00f9 genuina e spontanea.<\/p>\n<p>L'idea \u00e8 semplice: si attiva la webcam, si fa clic su \"Avvia chat\" e si viene immediatamente abbinati a un'altra persona. Se la conversazione non va a buon fine, basta premere Avanti per essere abbinati a qualcun altro.<\/p>\n<h2>Perch\u00e9 le persone amano la chat cam gratuita<\/h2>\n<p>L'aumento di popolarit\u00e0 delle chat in cam gratuite non \u00e8 una sorpresa. Ecco perch\u00e9 le persone di tutto il mondo la usano quotidianamente:<\/p>\n<ul>\n<li>Divertimento spontaneo: Non si sa mai chi si incontra dopo.<\/li>\n<li>Autenticit\u00e0: A differenza delle chat testuali, i video dimostrano che la persona \u00e8 reale.<\/li>\n<li>Connessioni istantanee: Nessuna lunga iscrizione, profilo o attesa di risposte.<\/li>\n<li>Portata globale: Chatta con persone in tutto il mondo, 24 ore su 24, 7 giorni su 7.<\/li>\n<li>Variet\u00e0: Utilizzatelo per divertirvi, flirtare, scambiare cultura o anche per esercitarvi nella lingua.<\/li>\n<li>Sconfiggere la noia: Un modo rapido e divertente per passare il tempo.<\/li>\n<\/ul>\n<h2>Come funziona la Cam Chat?<\/h2>\n<p>Iniziare con la cam chat \u00e8 semplice e veloce:<\/p>\n<ol>\n<li>Aprire la piattaforma (desktop o mobile).<\/li>\n<li>Consentire l'accesso alla telecamera e al microfono.<\/li>\n<li>Fare clic su \"Avvia chat\".<\/li>\n<li>Collegatevi istantaneamente con una persona a caso tramite video.<\/li>\n<li>Fare clic su \"Avanti\" ogni volta che si desidera incontrare qualcuno di nuovo.<\/li>\n<\/ol>\n<p>Alcune piattaforme includono anche funzioni aggiuntive come i filtri di genere, i filtri per paese e persino la traduzione in chat per le conversazioni in pi\u00f9 lingue.<\/p>\n<h2>Caratteristiche principali da ricercare<\/h2>\n<p>Non tutte le piattaforme di cam chat sono uguali. Ecco cosa cercare nei migliori siti di chat in cam gratuiti:<\/p>\n<h3>1. Accesso veramente libero<\/h3>\n<p>Evitate le piattaforme che vi attirano come \"gratuite\" ma che nascondono le funzioni di base dietro i muri a pagamento.<\/p>\n<h3>2. Non \u00e8 richiesta l'iscrizione<\/h3>\n<p>I migliori servizi di cam chat ti permettono di iniziare a chattare immediatamente senza registrazione.<\/p>\n<h3>3. Filtri per genere e localit\u00e0<\/h3>\n<p>Questi filtri consentono di controllare le persone con cui si viene abbinati, per un'esperienza pi\u00f9 personalizzata.<\/p>\n<h3>4. Moderazione forte<\/h3>\n<p>Le piattaforme sicure dispongono di strumenti di moderazione e segnalazione attivi per gestire gli utenti inadeguati.<\/p>\n<h3>5. Design compatibile con i dispositivi mobili<\/h3>\n<p>Le buone piattaforme funzionano senza problemi sia sui telefoni che sui desktop.<\/p>\n<h3>6. Video e audio di alta qualit\u00e0<\/h3>\n<p>Collegamenti chiari e affidabili rendono le conversazioni pi\u00f9 naturali.<\/p>\n<h2>Le migliori piattaforme di chat Cam nel 2025<\/h2>\n<p>Ecco come si confrontano le piattaforme di cam chat pi\u00f9 popolari:<\/p>\n<table>\n<thead>\n<tr>\n<th>Piattaforma<\/th>\n<th align=\"center\">Accesso libero<\/th>\n<th align=\"center\">Filtro di genere<\/th>\n<th align=\"center\">\u00c8 necessario iscriversi<\/th>\n<th align=\"center\">Supporto mobile<\/th>\n<th align=\"center\">Moderazione<\/th>\n<th>Note<\/th>\n<\/tr>\n<\/thead>\n<tbody>\n<tr>\n<td>StrangerCam<\/td>\n<td align=\"center\">\u2705<\/td>\n<td align=\"center\">\u2705 (Gratuito)<\/td>\n<td align=\"center\">\u274c<\/td>\n<td align=\"center\">\u2705<\/td>\n<td align=\"center\">\u2705<\/td>\n<td>La migliore chat in cam gratuita in assoluto<\/td>\n<\/tr>\n<tr>\n<td><a href=\"https:\/\/strangercam.com\/it\/chatroulette\/\">Chatroulette<\/a><\/td>\n<td align=\"center\">\u2705<\/td>\n<td align=\"center\">\u274c (Pagato)<\/td>\n<td align=\"center\">\u274c<\/td>\n<td align=\"center\">\u2705<\/td>\n<td align=\"center\">\u2705<\/td>\n<td>Piattaforma classica, ma filtri di costo<\/td>\n<\/tr>\n<tr>\n<td>Chatrandom<\/td>\n<td align=\"center\">\u2705<\/td>\n<td align=\"center\">\u274c (Pagato)<\/td>\n<td align=\"center\">\u274c<\/td>\n<td align=\"center\">\u2705<\/td>\n<td align=\"center\">\u2705<\/td>\n<td>Popolare, ma i filtri sono a pagamento<\/td>\n<\/tr>\n<tr>\n<td><a href=\"https:\/\/strangercam.com\/it\/ometv\/\">OmeTV<\/a><\/td>\n<td align=\"center\">\u2705<\/td>\n<td align=\"center\">\u274c<\/td>\n<td align=\"center\">\u274c<\/td>\n<td align=\"center\">\u2705<\/td>\n<td align=\"center\">\u2705<\/td>\n<td>Applicazione mobile disponibile, solo per caso<\/td>\n<\/tr>\n<tr>\n<td>Shagle<\/td>\n<td align=\"center\">\u2705<\/td>\n<td align=\"center\">\u274c (Pagato)<\/td>\n<td align=\"center\">\u274c<\/td>\n<td align=\"center\">\u2705<\/td>\n<td align=\"center\">\u2705<\/td>\n<td>Spinge gli aggiornamenti premium<\/td>\n<\/tr>\n<tr>\n<td><a href=\"https:\/\/strangercam.com\/it\/coomeet\/\">CooMeet<\/a><\/td>\n<td align=\"center\">\u274c (Prova)<\/td>\n<td align=\"center\">\u2705<\/td>\n<td align=\"center\">\u2705<\/td>\n<td align=\"center\">\u2705<\/td>\n<td align=\"center\">\u2705<\/td>\n<td>A pagamento dopo una prova gratuita limitata<\/td>\n<\/tr>\n<tr>\n<td>LuckyCrush<\/td>\n<td align=\"center\">\u274c<\/td>\n<td align=\"center\">\u2705<\/td>\n<td align=\"center\">\u2705<\/td>\n<td align=\"center\">\u2705<\/td>\n<td align=\"center\">\u2705<\/td>\n<td>Sempre a pagamento, chat di genere<\/td>\n<\/tr>\n<\/tbody>\n<\/table>\n<p>Tra queste, StrangerCam \u00e8 una delle uniche piattaforme che offre chat in cam gratuite con uso illimitato, un filtro di genere funzionante e nessuna registrazione richiesta.<\/p>\n<h2>Perch\u00e9 StrangerCam \u00e8 la scelta migliore<\/h2>\n<p>Ecco perch\u00e9 StrangerCam \u00e8 una delle migliori piattaforme per le chat in cam nel 2025:<\/p>\n<h3>1. Completamente gratuito<\/h3>\n<p>Nessun costo nascosto, prove o crediti: solo chat illimitate.<\/p>\n<h3>2. Filtro di genere gratuito<\/h3>\n<p>Scegliete ragazzi, ragazze o entrambi, senza pagare.<\/p>\n<h3>3. Non \u00e8 necessario iscriversi<\/h3>\n<p>Rimanete anonimi e connettetevi istantaneamente.<\/p>\n<h3>4. Sicuro e moderato<\/h3>\n<p>Gli strumenti di moderazione attiva e di segnalazione aiutano a mantenere la piattaforma pulita.<\/p>\n<h3>5. Comunit\u00e0 globale<\/h3>\n<p>Incontrare persone di oltre 100 paesi, disponibili 24 ore su 24, 7 giorni su 7.<\/p>\n<h3>6. Funziona su tutti i dispositivi<\/h3>\n<p>Ottimizzato per desktop, cellulari e tablet.<\/p>\n<h2>Testimonianze di utenti reali<\/h2>\n<blockquote><p><em>\"Cercavo una chat in cam gratuita senza costi nascosti e StrangerCam \u00e8 stata la prima piattaforma che mi ha dato risultati concreti\".<\/em><br \/>\n- Jake, 25 anni<\/p><\/blockquote>\n<blockquote><p><em>\"Il filtro di genere funziona gratuitamente qui, il che lo distingue da altri siti\".<\/em><br \/>\n- Sophia, 22 anni<\/p><\/blockquote>\n<blockquote><p><em>\"\u00c8 cos\u00ec facile da usare. Mi sono collegato con persone di tre continenti in una sola sera\".<\/em><br \/>\n- Ryan, 28 anni<\/p><\/blockquote>\n<blockquote><p><em>\"StrangerCam \u00e8 pi\u00f9 sicura della maggior parte delle altre piattaforme di chat che ho provato, grazie alla moderazione\".<\/em><br \/>\n- Mia, 20 anni<\/p><\/blockquote>\n<h2>Consigli di sicurezza per la chat in cam<\/h2>\n<p>Sebbene la chat in cam sia divertente, \u00e8 bene tenere sempre presente la sicurezza:<\/p>\n<ul>\n<li>Non condividete i dati personali (telefono, e-mail, indirizzo).<\/li>\n<li>Saltate o bloccate chiunque vi metta a disagio.<\/li>\n<li>Evitate di cliccare su link provenienti da sconosciuti.<\/li>\n<li>Controllare lo sfondo prima di accendere la webcam.<\/li>\n<li>Attenetevi agli strumenti della piattaforma per il reporting e il blocco.<\/li>\n<li>Rispetta i limiti di et\u00e0: evita le piattaforme di chat per adulti se hai meno di 18 anni.<\/li>\n<\/ul>\n<h2>Come iniziare - Passo dopo passo<\/h2>\n<p>Ci vuole meno di un minuto per iniziare una chat in cam:<\/p>\n<ol>\n<li>Aprite StrangerCam sul vostro dispositivo.<\/li>\n<li>Consentire l'accesso alla telecamera e al microfono.<\/li>\n<li>Scegliere le preferenze (come i filtri di genere).<\/li>\n<li>Fare clic su Avvia chat per connettersi immediatamente.<\/li>\n<li>Premere Avanti per andare avanti in qualsiasi momento.<\/li>\n<\/ol>\n<p>Veloce, semplice e gratuito.<\/p>\n<h2>Pensieri finali - Provate la chat cam gratuita oggi stesso<\/h2>\n<p>Nel 2025, la chat in cam \u00e8 ancora uno dei modi pi\u00f9 eccitanti e autentici per conoscere nuove persone online. \u00c8 divertente, spontanea e mette in contatto istantaneamente con sconosciuti in tutto il mondo.<\/p>\n<p>Ma non tutte le piattaforme sono all'altezza: alcune nascondono le funzioni dietro i paywall o inondano i loro siti di bot. Ecco perch\u00e9 StrangerCam \u00e8 la scelta migliore: \u00e8 gratuita, anonima, sicura e sempre attiva con utenti reali pronti a chattare.<\/p>\n<p>Pronti a sperimentarlo? Avvia oggi stesso una chat in cam gratuita e scopri chi incontrerai la prossima volta.<\/p>","protected":false},"excerpt":{"rendered":"<p>Looking for the best place to enjoy cam chat? You\u2019re not alone. Every day, millions of people around the world use cam chat platforms to meet new people, have fun conversations, and make spontaneous connections online. Unlike dating apps or social networks that require endless scrolling or swiping, cam chat is instant, real, and exciting\u2014you [&hellip;]<\/p>\n","protected":false},"author":8,"featured_media":0,"parent":0,"menu_order":0,"comment_status":"closed","ping_status":"closed","template":"","meta":{"footnotes":""},"class_list":["post-4073","page","type-page","status-publish","hentry"],"yoast_head":"<!-- This site is optimized with the Yoast SEO plugin v27.4 - https:\/\/yoast.com\/product\/yoast-seo-wordpress\/ -->\n<title>Cam Chat with Video Chat on Strangercam.com<\/title>\n<meta name=\"description\" content=\"Liking Cam Chat? Join millions on StrangerCam.com! Start a random video chat, turn on your cam, and meet strangers instantly.\" \/>\n<meta name=\"robots\" content=\"index, follow, max-snippet:-1, max-image-preview:large, max-video-preview:-1\" \/>\n<link rel=\"canonical\" href=\"https:\/\/strangercam.com\/it\/chat-in-cam\/\" \/>\n<meta property=\"og:locale\" content=\"it_IT\" \/>\n<meta property=\"og:type\" content=\"article\" \/>\n<meta property=\"og:title\" content=\"Cam Chat with Video Chat on Strangercam.com\" \/>\n<meta property=\"og:description\" content=\"Liking Cam Chat? Join millions on StrangerCam.com! Start a random video chat, turn on your cam, and meet strangers instantly.\" \/>\n<meta property=\"og:url\" content=\"https:\/\/strangercam.com\/it\/chat-in-cam\/\" \/>\n<meta property=\"og:site_name\" content=\"Strangercam\" \/>\n<meta property=\"article:publisher\" content=\"https:\/\/www.facebook.com\/strangercam\" \/>\n<meta property=\"article:modified_time\" content=\"2025-09-03T11:47:51+00:00\" \/>\n<meta property=\"og:image\" content=\"https:\/\/strangercam.com\/wp-content\/uploads\/2021\/10\/Untitled-2.png\" \/>\n\t<meta property=\"og:image:width\" content=\"800\" \/>\n\t<meta property=\"og:image:height\" content=\"532\" \/>\n\t<meta property=\"og:image:type\" content=\"image\/png\" \/>\n<meta name=\"twitter:card\" content=\"summary_large_image\" \/>\n<meta name=\"twitter:site\" content=\"@strangercamapp\" \/>\n<meta name=\"twitter:label1\" content=\"Tempo di lettura stimato\" \/>\n\t<meta name=\"twitter:data1\" content=\"5 minuti\" \/>\n<script type=\"application\/ld+json\" class=\"yoast-schema-graph\">{\"@context\":\"https:\\\/\\\/schema.org\",\"@graph\":[{\"@type\":\"WebPage\",\"@id\":\"https:\\\/\\\/strangercam.com\\\/cam-chat\\\/\",\"url\":\"https:\\\/\\\/strangercam.com\\\/cam-chat\\\/\",\"name\":\"Cam Chat with Video Chat on Strangercam.com\",\"isPartOf\":{\"@id\":\"https:\\\/\\\/strangercam.com\\\/#website\"},\"datePublished\":\"2025-09-03T09:52:49+00:00\",\"dateModified\":\"2025-09-03T11:47:51+00:00\",\"description\":\"Liking Cam Chat? Join millions on StrangerCam.com! Start a random video chat, turn on your cam, and meet strangers instantly.\",\"breadcrumb\":{\"@id\":\"https:\\\/\\\/strangercam.com\\\/cam-chat\\\/#breadcrumb\"},\"inLanguage\":\"it-IT\",\"potentialAction\":[{\"@type\":\"ReadAction\",\"target\":[\"https:\\\/\\\/strangercam.com\\\/cam-chat\\\/\"]}]},{\"@type\":\"BreadcrumbList\",\"@id\":\"https:\\\/\\\/strangercam.com\\\/cam-chat\\\/#breadcrumb\",\"itemListElement\":[{\"@type\":\"ListItem\",\"position\":1,\"name\":\"Home\",\"item\":\"https:\\\/\\\/strangercam.com\\\/\"},{\"@type\":\"ListItem\",\"position\":2,\"name\":\"Cam Chat\"}]},{\"@type\":\"WebSite\",\"@id\":\"https:\\\/\\\/strangercam.com\\\/#website\",\"url\":\"https:\\\/\\\/strangercam.com\\\/\",\"name\":\"Strangercam\",\"description\":\"Random Video Chat with Strangers\",\"publisher\":{\"@id\":\"https:\\\/\\\/strangercam.com\\\/#organization\"},\"alternateName\":\"Strangercam.com\",\"potentialAction\":[{\"@type\":\"SearchAction\",\"target\":{\"@type\":\"EntryPoint\",\"urlTemplate\":\"https:\\\/\\\/strangercam.com\\\/?s={search_term_string}\"},\"query-input\":{\"@type\":\"PropertyValueSpecification\",\"valueRequired\":true,\"valueName\":\"search_term_string\"}}],\"inLanguage\":\"it-IT\"},{\"@type\":\"Organization\",\"@id\":\"https:\\\/\\\/strangercam.com\\\/#organization\",\"name\":\"Strangercam\",\"alternateName\":\"Strangercam.com\",\"url\":\"https:\\\/\\\/strangercam.com\\\/\",\"logo\":{\"@type\":\"ImageObject\",\"inLanguage\":\"it-IT\",\"@id\":\"https:\\\/\\\/strangercam.com\\\/#\\\/schema\\\/logo\\\/image\\\/\",\"url\":\"https:\\\/\\\/strangercam.com\\\/wp-content\\\/uploads\\\/2020\\\/11\\\/cropped-new-favicon-black.png\",\"contentUrl\":\"https:\\\/\\\/strangercam.com\\\/wp-content\\\/uploads\\\/2020\\\/11\\\/cropped-new-favicon-black.png\",\"width\":512,\"height\":512,\"caption\":\"Strangercam\"},\"image\":{\"@id\":\"https:\\\/\\\/strangercam.com\\\/#\\\/schema\\\/logo\\\/image\\\/\"},\"sameAs\":[\"https:\\\/\\\/www.facebook.com\\\/strangercam\",\"https:\\\/\\\/x.com\\\/strangercamapp\"]}]}<\/script>\n<!-- \/ Yoast SEO plugin. -->","yoast_head_json":{"title":"Cam Chat con Video Chat su Strangercam.com","description":"Ti piace la chat in cam? Join milioni su StrangerCam.com! Avvia una chat video casuale, accendi la tua cam e incontra subito degli sconosciuti.","robots":{"index":"index","follow":"follow","max-snippet":"max-snippet:-1","max-image-preview":"max-image-preview:large","max-video-preview":"max-video-preview:-1"},"canonical":"https:\/\/strangercam.com\/it\/chat-in-cam\/","og_locale":"it_IT","og_type":"article","og_title":"Cam Chat with Video Chat on Strangercam.com","og_description":"Liking Cam Chat? Join millions on StrangerCam.com! Start a random video chat, turn on your cam, and meet strangers instantly.","og_url":"https:\/\/strangercam.com\/it\/chat-in-cam\/","og_site_name":"Strangercam","article_publisher":"https:\/\/www.facebook.com\/strangercam","article_modified_time":"2025-09-03T11:47:51+00:00","og_image":[{"width":800,"height":532,"url":"https:\/\/strangercam.com\/wp-content\/uploads\/2021\/10\/Untitled-2.png","type":"image\/png"}],"twitter_card":"summary_large_image","twitter_site":"@strangercamapp","twitter_misc":{"Tempo di lettura stimato":"5 minuti"},"schema":{"@context":"https:\/\/schema.org","@graph":[{"@type":"WebPage","@id":"https:\/\/strangercam.com\/cam-chat\/","url":"https:\/\/strangercam.com\/cam-chat\/","name":"Cam Chat con Video Chat su Strangercam.com","isPartOf":{"@id":"https:\/\/strangercam.com\/#website"},"datePublished":"2025-09-03T09:52:49+00:00","dateModified":"2025-09-03T11:47:51+00:00","description":"Ti piace la chat in cam? Join milioni su StrangerCam.com! Avvia una chat video casuale, accendi la tua cam e incontra subito degli sconosciuti.","breadcrumb":{"@id":"https:\/\/strangercam.com\/cam-chat\/#breadcrumb"},"inLanguage":"it-IT","potentialAction":[{"@type":"ReadAction","target":["https:\/\/strangercam.com\/cam-chat\/"]}]},{"@type":"BreadcrumbList","@id":"https:\/\/strangercam.com\/cam-chat\/#breadcrumb","itemListElement":[{"@type":"ListItem","position":1,"name":"Home","item":"https:\/\/strangercam.com\/"},{"@type":"ListItem","position":2,"name":"Cam Chat"}]},{"@type":"WebSite","@id":"https:\/\/strangercam.com\/#website","url":"https:\/\/strangercam.com\/","name":"Strangercam","description":"Videochat casuale con sconosciuti","publisher":{"@id":"https:\/\/strangercam.com\/#organization"},"alternateName":"Strangercam.com","potentialAction":[{"@type":"SearchAction","target":{"@type":"EntryPoint","urlTemplate":"https:\/\/strangercam.com\/?s={search_term_string}"},"query-input":{"@type":"PropertyValueSpecification","valueRequired":true,"valueName":"search_term_string"}}],"inLanguage":"it-IT"},{"@type":"Organization","@id":"https:\/\/strangercam.com\/#organization","name":"Strangercam","alternateName":"Strangercam.com","url":"https:\/\/strangercam.com\/","logo":{"@type":"ImageObject","inLanguage":"it-IT","@id":"https:\/\/strangercam.com\/#\/schema\/logo\/image\/","url":"https:\/\/strangercam.com\/wp-content\/uploads\/2020\/11\/cropped-new-favicon-black.png","contentUrl":"https:\/\/strangercam.com\/wp-content\/uploads\/2020\/11\/cropped-new-favicon-black.png","width":512,"height":512,"caption":"Strangercam"},"image":{"@id":"https:\/\/strangercam.com\/#\/schema\/logo\/image\/"},"sameAs":["https:\/\/www.facebook.com\/strangercam","https:\/\/x.com\/strangercamapp"]}]}},"_links":{"self":[{"href":"https:\/\/strangercam.com\/it\/wp-json\/wp\/v2\/pages\/4073","targetHints":{"allow":["GET"]}}],"collection":[{"href":"https:\/\/strangercam.com\/it\/wp-json\/wp\/v2\/pages"}],"about":[{"href":"https:\/\/strangercam.com\/it\/wp-json\/wp\/v2\/types\/page"}],"author":[{"embeddable":true,"href":"https:\/\/strangercam.com\/it\/wp-json\/wp\/v2\/users\/8"}],"replies":[{"embeddable":true,"href":"https:\/\/strangercam.com\/it\/wp-json\/wp\/v2\/comments?post=4073"}],"version-history":[{"count":3,"href":"https:\/\/strangercam.com\/it\/wp-json\/wp\/v2\/pages\/4073\/revisions"}],"predecessor-version":[{"id":13003,"href":"https:\/\/strangercam.com\/it\/wp-json\/wp\/v2\/pages\/4073\/revisions\/13003"}],"wp:attachment":[{"href":"https:\/\/strangercam.com\/it\/wp-json\/wp\/v2\/media?parent=4073"}],"curies":[{"name":"wp","href":"https:\/\/api.w.org\/{rel}","templated":true}]}}