{"id":4039,"date":"2025-09-03T11:47:55","date_gmt":"2025-09-03T09:47:55","guid":{"rendered":"https:\/\/strangercam.com\/?page_id=4039"},"modified":"2025-09-03T13:44:58","modified_gmt":"2025-09-03T11:44:58","slug":"videochat-casuale-con-sconosciuti","status":"publish","type":"page","link":"https:\/\/strangercam.com\/it\/random-video-chat-with-strangers\/","title":{"rendered":"Videochat casuale con sconosciuti"},"content":{"rendered":"<p>Siete alla ricerca del modo migliore per godervi un video casuale <a href=\"https:\/\/strangercam.com\/it\/chathub\/\">chat<\/a> con gli estranei? Non siete soli. Ogni mese, milioni di persone in tutto il mondo si collegano online per entrare istantaneamente in contatto con sconosciuti, per divertimento, amicizia, scambio culturale o flirt spensierato. A differenza delle app di incontri o dei social media, che possono sembrare lenti o artificiali, le videochat casuali sono spontanee, autentiche ed eccitanti.<\/p>\n<p>Grazie a piattaforme come StrangerCam, oggi \u00e8 possibile avviare una videochat casuale e gratuita con persone sconosciute, senza registrazione, senza download e senza costi nascosti. Basta un clic per trovarsi faccia a faccia con una persona nuova da qualsiasi parte del mondo.<\/p>\n<p>Questa guida vi spiegher\u00e0 tutto quello che c'\u00e8 da sapere: cos'\u00e8 la chat video casuale con gli sconosciuti, perch\u00e9 le persone la amano, come funziona, quali caratteristiche cercare, confronti tra piattaforme, consigli per la sicurezza e perch\u00e9 StrangerCam \u00e8 una delle migliori scelte del 2025.<\/p>\n<h2>Che cos'\u00e8 la chat video casuale con gli sconosciuti?<\/h2>\n<p>Una chat video casuale con estranei \u00e8 una funzione online che vi connette istantaneamente ad altre persone tramite webcam e microfono. A differenza delle chat di solo testo, la chat video offre un'interazione dal vivo, faccia a faccia, rendendo le conversazioni pi\u00f9 reali e coinvolgenti.<\/p>\n<p>Non \u00e8 necessario creare un account o compilare un profilo. \u00c8 sufficiente fare clic su \"Inizia\" e in pochi secondi si potr\u00e0 parlare con una nuova persona. Se la conversazione non \u00e8 di vostro gradimento, cliccate su \"Avanti\" e vi metterete subito in contatto con un'altra persona.<\/p>\n<h2>Perch\u00e9 le persone amano le chat video casuali gratuite con gli sconosciuti<\/h2>\n<p>La popolarit\u00e0 della chat video casuale gratuita con gli sconosciuti \u00e8 dovuta a diversi motivi chiave:<\/p>\n<ul>\n<li>Spontaneit\u00e0: ogni chat \u00e8 diversa e imprevedibile.<\/li>\n<li>Autenticit\u00e0: I video in diretta garantiscono l'incontro con persone reali, non con bot.<\/li>\n<li>Nessun impegno: Nessun account, nessun download: solo conversazioni istantanee.<\/li>\n<li>Portata globale: Incontrare persone di decine di paesi in tempo reale.<\/li>\n<li>Amicizia e divertimento: Alcuni lo usano per fare amicizia, altri per flirtare o divertirsi.<\/li>\n<li>Fuga rapida dalla noia: Perfetto quando si vuole spezzare la routine.<\/li>\n<\/ul>\n<h2>Come funziona la chat video casuale con gli sconosciuti?<\/h2>\n<p>Iniziare \u00e8 semplice e veloce:<\/p>\n<ol>\n<li>Aprite una piattaforma come StrangerCam sul vostro telefono o computer.<\/li>\n<li>Consentire l'accesso alla webcam e al microfono.<\/li>\n<li>Fare clic su \"Avvia chat\".<\/li>\n<li>Parlare istantaneamente faccia a faccia con un estraneo a caso.<\/li>\n<li>Fate clic su \"Avanti\" in qualsiasi momento per incontrare qualcuno di nuovo.<\/li>\n<\/ol>\n<p>Questo ciclo pu\u00f2 ripetersi all'infinito, offrendovi illimitate opportunit\u00e0 di connessione.<\/p>\n<h2>Caratteristiche principali da ricercare<\/h2>\n<p>Non tutte le piattaforme sono uguali. Ecco cosa dovreste cercare quando scegliete un sito per le videochat casuali con gli sconosciuti:<\/p>\n<h3>1. Accesso veramente libero<\/h3>\n<p>Alcuni siti dichiarano di essere gratuiti ma bloccano le funzioni chiave dietro i paywall. Cercate l'accesso illimitato senza trucchi.<\/p>\n<h3>2. Non \u00e8 necessario iscriversi<\/h3>\n<p>I siti migliori non richiedono registrazione, account o informazioni personali.<\/p>\n<h3>3. Filtri per genere e localit\u00e0<\/h3>\n<p>Utile se si vogliono incontrare tipi specifici di persone.<\/p>\n<h3>4. Moderazione forte<\/h3>\n<p>Gli strumenti di segnalazione e i sistemi di moderazione garantiscono un ambiente sicuro.<\/p>\n<h3>5. Design compatibile con i dispositivi mobili<\/h3>\n<p>Una buona piattaforma dovrebbe funzionare senza problemi sia sui telefoni che sui desktop.<\/p>\n<h3>6. Video e audio di alta qualit\u00e0<\/h3>\n<p>Connessioni chiare e stabili rendono le conversazioni pi\u00f9 piacevoli.<\/p>\n<h2>Le migliori piattaforme per le videochat casuali con gli sconosciuti nel 2025<\/h2>\n<p>Ecco un confronto tra le piattaforme pi\u00f9 diffuse che offrono chat video casuali con sconosciuti:<\/p>\n<table>\n<thead>\n<tr>\n<th>Piattaforma<\/th>\n<th align=\"center\">Accesso libero<\/th>\n<th align=\"center\">Filtro di genere<\/th>\n<th align=\"center\">\u00c8 necessario iscriversi<\/th>\n<th align=\"center\">Supporto mobile<\/th>\n<th align=\"center\">Moderazione<\/th>\n<th>Note<\/th>\n<\/tr>\n<\/thead>\n<tbody>\n<tr>\n<td>StrangerCam<\/td>\n<td align=\"center\">\u2705<\/td>\n<td align=\"center\">\u2705 (Gratuito)<\/td>\n<td align=\"center\">\u274c<\/td>\n<td align=\"center\">\u2705<\/td>\n<td align=\"center\">\u2705<\/td>\n<td>La scelta migliore in assoluto, veramente gratuita<\/td>\n<\/tr>\n<tr>\n<td><a href=\"https:\/\/strangercam.com\/it\/chatroulette\/\">Chatroulette<\/a><\/td>\n<td align=\"center\">\u2705<\/td>\n<td align=\"center\">\u274c (Pagato)<\/td>\n<td align=\"center\">\u274c<\/td>\n<td align=\"center\">\u2705<\/td>\n<td align=\"center\">\u2705<\/td>\n<td>Opzione classica, ma costo dei filtri<\/td>\n<\/tr>\n<tr>\n<td>Chatrandom<\/td>\n<td align=\"center\">\u2705<\/td>\n<td align=\"center\">\u274c (Pagato)<\/td>\n<td align=\"center\">\u274c<\/td>\n<td align=\"center\">\u2705<\/td>\n<td align=\"center\">\u2705<\/td>\n<td>Popolare, ma con funzioni premium bloccate<\/td>\n<\/tr>\n<tr>\n<td><a href=\"https:\/\/strangercam.com\/it\/ometv\/\">OmeTV<\/a><\/td>\n<td align=\"center\">\u2705<\/td>\n<td align=\"center\">\u274c<\/td>\n<td align=\"center\">\u274c<\/td>\n<td align=\"center\">\u2705<\/td>\n<td align=\"center\">\u2705<\/td>\n<td>Solo per caso, \u00e8 disponibile un'applicazione mobile<\/td>\n<\/tr>\n<tr>\n<td>Shagle<\/td>\n<td align=\"center\">\u2705<\/td>\n<td align=\"center\">\u274c (Pagato)<\/td>\n<td align=\"center\">\u274c<\/td>\n<td align=\"center\">\u2705<\/td>\n<td align=\"center\">\u2705<\/td>\n<td>Spinge molto le funzioni premium<\/td>\n<\/tr>\n<tr>\n<td><a href=\"https:\/\/strangercam.com\/it\/coomeet\/\">CooMeet<\/a><\/td>\n<td align=\"center\">\u274c (Prova)<\/td>\n<td align=\"center\">\u2705<\/td>\n<td align=\"center\">\u2705<\/td>\n<td align=\"center\">\u2705<\/td>\n<td align=\"center\">\u2705<\/td>\n<td>Pagato dopo una breve prova<\/td>\n<\/tr>\n<tr>\n<td>LuckyCrush<\/td>\n<td align=\"center\">\u274c<\/td>\n<td align=\"center\">\u2705<\/td>\n<td align=\"center\">\u2705<\/td>\n<td align=\"center\">\u2705<\/td>\n<td align=\"center\">\u2705<\/td>\n<td>Sempre a pagamento, chat di genere<\/td>\n<\/tr>\n<\/tbody>\n<\/table>\n<p>Tra queste, StrangerCam si distingue come una delle uniche piattaforme che offre chat video casuali gratuite con sconosciuti con accesso illimitato, senza registrazione e con un filtro di genere funzionante.<\/p>\n<h2>Perch\u00e9 StrangerCam \u00e8 la scelta migliore<\/h2>\n<p>Ecco perch\u00e9 StrangerCam \u00e8 la scelta migliore per le videochat casuali con gli sconosciuti nel 2025:<\/p>\n<h3>1. Completamente gratuito<\/h3>\n<p>Niente crediti, prove o costi nascosti: chat illimitate e gratuite.<\/p>\n<h3>2. Filtro di genere gratuito<\/h3>\n<p>Scegliete chi volete incontrare - ragazzi, ragazze o entrambi - senza pagare.<\/p>\n<h3>3. Non \u00e8 richiesta l'iscrizione<\/h3>\n<p>Rimanete anonimi e connettetevi istantaneamente.<\/p>\n<h3>4. Sicuro e moderato<\/h3>\n<p>Grazie alla moderazione attiva e agli strumenti di segnalazione, StrangerCam mantiene l'ambiente positivo.<\/p>\n<h3>5. Base di utenti globale<\/h3>\n<p>Incontrare sconosciuti da oltre 100 Paesi, disponibili 24 ore su 24, 7 giorni su 7.<\/p>\n<h3>6. Ottimizzato per tutti i dispositivi<\/h3>\n<p>Funziona perfettamente sia su mobile che su desktop.<\/p>\n<h2>Testimonianze di utenti reali<\/h2>\n<blockquote><p><em>\"Volevo una piattaforma che mi permettesse di videochattare a caso con degli sconosciuti senza pagare. StrangerCam \u00e8 stato l'unico sito che mi ha dato una risposta concreta\".<\/em><br \/>\n- Chris, 25 anni<\/p><\/blockquote>\n<blockquote><p><em>\"Il filtro di genere funziona perfettamente e gratuitamente. \u00c8 una cosa rara di questi tempi\".<\/em><br \/>\n- Sophia, 22 anni<\/p><\/blockquote>\n<blockquote><p><em>\"Ho conosciuto persone di cinque Paesi in meno di un'ora. \u00c8 coinvolgente ma divertente\".<\/em><br \/>\n- Ryan, 29 anni<\/p><\/blockquote>\n<blockquote><p><em>\"StrangerCam \u00e8 sicuro, facile e veramente gratuito. \u00c8 il mio posto preferito per connettermi online\".<\/em><br \/>\n- Leah, 21 anni<\/p><\/blockquote>\n<h2>Consigli di sicurezza per le videochat casuali con gli sconosciuti<\/h2>\n<p>Anche se queste piattaforme sono divertenti, bisogna sempre proteggersi:<\/p>\n<ul>\n<li>Non condividete mai informazioni personali come nome, numero di telefono o indirizzo.<\/li>\n<li>Non cliccate su link condivisi da sconosciuti.<\/li>\n<li>Utilizzate liberamente \"Avanti\" se non vi sentite a vostro agio.<\/li>\n<li>Controllare lo sfondo prima di accendere la fotocamera.<\/li>\n<li>Attenetevi agli strumenti della piattaforma per bloccare o segnalare gli utenti scorretti.<\/li>\n<li>Rispettate le regole dell'et\u00e0: se avete meno di 18 anni, evitate i siti di video chat per adulti.<\/li>\n<\/ul>\n<h2>Come iniziare - Passo dopo passo<\/h2>\n<p>Ci vuole meno di un minuto per avviare una videochat casuale con degli sconosciuti:<\/p>\n<ol>\n<li>Aprite StrangerCam nel vostro browser o dispositivo mobile.<\/li>\n<li>Consentire l'accesso alla telecamera e al microfono.<\/li>\n<li>Selezionare le preferenze (come i filtri di genere, se disponibili).<\/li>\n<li>Fare clic su Avvia chat per connettersi immediatamente.<\/li>\n<li>Premete Avanti in qualsiasi momento per incontrare qualcuno di nuovo.<\/li>\n<\/ol>\n<p>Veloce, semplice e completamente gratuito.<\/p>\n<h2>Pensieri finali - Provate oggi la chat video casuale gratuita con gli sconosciuti<\/h2>\n<p>Nel 2025, le videochat casuali con gli sconosciuti rimangono uno dei modi pi\u00f9 divertenti ed emozionanti per conoscere nuove persone online. \u00c8 spontanea, autentica e mette in contatto istantaneo con persone reali di tutto il mondo.<\/p>\n<p>Ma non tutte le piattaforme ne valgono la pena. Molte nascondono le funzioni dietro i paywall o sono invase dai bot. Ecco perch\u00e9 StrangerCam \u00e8 la scelta migliore: \u00e8 gratuita, anonima, sicura e attiva 24 ore su 24, 7 giorni su 7, con persone pronte a chattare.<\/p>\n<p>Pronti a provare? Avvia oggi stesso una video chat casuale gratuita con sconosciuti e scopri chi incontrerai.<\/p>","protected":false},"excerpt":{"rendered":"<p>Are you searching for the best way to enjoy a random video chat with strangers? You\u2019re not alone. Every month, millions of people around the world go online to connect instantly with strangers\u2014whether for fun, friendship, cultural exchange, or lighthearted flirting. Unlike dating apps or social media, which can feel slow or artificial, random video [&hellip;]<\/p>\n","protected":false},"author":8,"featured_media":0,"parent":0,"menu_order":0,"comment_status":"closed","ping_status":"closed","template":"","meta":{"footnotes":""},"class_list":["post-4039","page","type-page","status-publish","hentry"],"yoast_head":"<!-- This site is optimized with the Yoast SEO plugin v27.4 - https:\/\/yoast.com\/product\/yoast-seo-wordpress\/ -->\n<title>Random Video Chat With Strangers on Strangercam.com<\/title>\n<meta name=\"description\" content=\"Liking Random Video Chat With Strangers? Join millions on StrangerCam.com! Start a random video chat, turn on your cam, and meet strangers instantly.\" \/>\n<meta name=\"robots\" content=\"index, follow, max-snippet:-1, max-image-preview:large, max-video-preview:-1\" \/>\n<link rel=\"canonical\" href=\"https:\/\/strangercam.com\/it\/videochat-casuale-con-sconosciuti\/\" \/>\n<meta property=\"og:locale\" content=\"it_IT\" \/>\n<meta property=\"og:type\" content=\"article\" \/>\n<meta property=\"og:title\" content=\"Random Video Chat With Strangers on Strangercam.com\" \/>\n<meta property=\"og:description\" content=\"Liking Random Video Chat With Strangers? Join millions on StrangerCam.com! Start a random video chat, turn on your cam, and meet strangers instantly.\" \/>\n<meta property=\"og:url\" content=\"https:\/\/strangercam.com\/it\/videochat-casuale-con-sconosciuti\/\" \/>\n<meta property=\"og:site_name\" content=\"Strangercam\" \/>\n<meta property=\"article:publisher\" content=\"https:\/\/www.facebook.com\/strangercam\" \/>\n<meta property=\"article:modified_time\" content=\"2025-09-03T11:44:58+00:00\" \/>\n<meta property=\"og:image\" content=\"https:\/\/strangercam.com\/wp-content\/uploads\/2021\/10\/Untitled-2.png\" \/>\n\t<meta property=\"og:image:width\" content=\"800\" \/>\n\t<meta property=\"og:image:height\" content=\"532\" \/>\n\t<meta property=\"og:image:type\" content=\"image\/png\" \/>\n<meta name=\"twitter:card\" content=\"summary_large_image\" \/>\n<meta name=\"twitter:site\" content=\"@strangercamapp\" \/>\n<meta name=\"twitter:label1\" content=\"Tempo di lettura stimato\" \/>\n\t<meta name=\"twitter:data1\" content=\"5 minuti\" \/>\n<script type=\"application\/ld+json\" class=\"yoast-schema-graph\">{\"@context\":\"https:\\\/\\\/schema.org\",\"@graph\":[{\"@type\":\"WebPage\",\"@id\":\"https:\\\/\\\/strangercam.com\\\/random-video-chat-with-strangers\\\/\",\"url\":\"https:\\\/\\\/strangercam.com\\\/random-video-chat-with-strangers\\\/\",\"name\":\"Random Video Chat With Strangers on Strangercam.com\",\"isPartOf\":{\"@id\":\"https:\\\/\\\/strangercam.com\\\/#website\"},\"datePublished\":\"2025-09-03T09:47:55+00:00\",\"dateModified\":\"2025-09-03T11:44:58+00:00\",\"description\":\"Liking Random Video Chat With Strangers? Join millions on StrangerCam.com! Start a random video chat, turn on your cam, and meet strangers instantly.\",\"breadcrumb\":{\"@id\":\"https:\\\/\\\/strangercam.com\\\/random-video-chat-with-strangers\\\/#breadcrumb\"},\"inLanguage\":\"it-IT\",\"potentialAction\":[{\"@type\":\"ReadAction\",\"target\":[\"https:\\\/\\\/strangercam.com\\\/random-video-chat-with-strangers\\\/\"]}]},{\"@type\":\"BreadcrumbList\",\"@id\":\"https:\\\/\\\/strangercam.com\\\/random-video-chat-with-strangers\\\/#breadcrumb\",\"itemListElement\":[{\"@type\":\"ListItem\",\"position\":1,\"name\":\"Home\",\"item\":\"https:\\\/\\\/strangercam.com\\\/\"},{\"@type\":\"ListItem\",\"position\":2,\"name\":\"Random Video Chat With Strangers\"}]},{\"@type\":\"WebSite\",\"@id\":\"https:\\\/\\\/strangercam.com\\\/#website\",\"url\":\"https:\\\/\\\/strangercam.com\\\/\",\"name\":\"Strangercam\",\"description\":\"Random Video Chat with Strangers\",\"publisher\":{\"@id\":\"https:\\\/\\\/strangercam.com\\\/#organization\"},\"alternateName\":\"Strangercam.com\",\"potentialAction\":[{\"@type\":\"SearchAction\",\"target\":{\"@type\":\"EntryPoint\",\"urlTemplate\":\"https:\\\/\\\/strangercam.com\\\/?s={search_term_string}\"},\"query-input\":{\"@type\":\"PropertyValueSpecification\",\"valueRequired\":true,\"valueName\":\"search_term_string\"}}],\"inLanguage\":\"it-IT\"},{\"@type\":\"Organization\",\"@id\":\"https:\\\/\\\/strangercam.com\\\/#organization\",\"name\":\"Strangercam\",\"alternateName\":\"Strangercam.com\",\"url\":\"https:\\\/\\\/strangercam.com\\\/\",\"logo\":{\"@type\":\"ImageObject\",\"inLanguage\":\"it-IT\",\"@id\":\"https:\\\/\\\/strangercam.com\\\/#\\\/schema\\\/logo\\\/image\\\/\",\"url\":\"https:\\\/\\\/strangercam.com\\\/wp-content\\\/uploads\\\/2020\\\/11\\\/cropped-new-favicon-black.png\",\"contentUrl\":\"https:\\\/\\\/strangercam.com\\\/wp-content\\\/uploads\\\/2020\\\/11\\\/cropped-new-favicon-black.png\",\"width\":512,\"height\":512,\"caption\":\"Strangercam\"},\"image\":{\"@id\":\"https:\\\/\\\/strangercam.com\\\/#\\\/schema\\\/logo\\\/image\\\/\"},\"sameAs\":[\"https:\\\/\\\/www.facebook.com\\\/strangercam\",\"https:\\\/\\\/x.com\\\/strangercamapp\"]}]}<\/script>\n<!-- \/ Yoast SEO plugin. -->","yoast_head_json":{"title":"Videochat casuale con sconosciuti su Strangercam.com","description":"Ti piace la videochat casuale con gli sconosciuti? Join milioni su StrangerCam.com! Avvia una chat video casuale, accendi la tua cam e incontra subito degli sconosciuti.","robots":{"index":"index","follow":"follow","max-snippet":"max-snippet:-1","max-image-preview":"max-image-preview:large","max-video-preview":"max-video-preview:-1"},"canonical":"https:\/\/strangercam.com\/it\/videochat-casuale-con-sconosciuti\/","og_locale":"it_IT","og_type":"article","og_title":"Random Video Chat With Strangers on Strangercam.com","og_description":"Liking Random Video Chat With Strangers? Join millions on StrangerCam.com! Start a random video chat, turn on your cam, and meet strangers instantly.","og_url":"https:\/\/strangercam.com\/it\/videochat-casuale-con-sconosciuti\/","og_site_name":"Strangercam","article_publisher":"https:\/\/www.facebook.com\/strangercam","article_modified_time":"2025-09-03T11:44:58+00:00","og_image":[{"width":800,"height":532,"url":"https:\/\/strangercam.com\/wp-content\/uploads\/2021\/10\/Untitled-2.png","type":"image\/png"}],"twitter_card":"summary_large_image","twitter_site":"@strangercamapp","twitter_misc":{"Tempo di lettura stimato":"5 minuti"},"schema":{"@context":"https:\/\/schema.org","@graph":[{"@type":"WebPage","@id":"https:\/\/strangercam.com\/random-video-chat-with-strangers\/","url":"https:\/\/strangercam.com\/random-video-chat-with-strangers\/","name":"Videochat casuale con sconosciuti su Strangercam.com","isPartOf":{"@id":"https:\/\/strangercam.com\/#website"},"datePublished":"2025-09-03T09:47:55+00:00","dateModified":"2025-09-03T11:44:58+00:00","description":"Ti piace la videochat casuale con gli sconosciuti? Join milioni su StrangerCam.com! Avvia una chat video casuale, accendi la tua cam e incontra subito degli sconosciuti.","breadcrumb":{"@id":"https:\/\/strangercam.com\/random-video-chat-with-strangers\/#breadcrumb"},"inLanguage":"it-IT","potentialAction":[{"@type":"ReadAction","target":["https:\/\/strangercam.com\/random-video-chat-with-strangers\/"]}]},{"@type":"BreadcrumbList","@id":"https:\/\/strangercam.com\/random-video-chat-with-strangers\/#breadcrumb","itemListElement":[{"@type":"ListItem","position":1,"name":"Home","item":"https:\/\/strangercam.com\/"},{"@type":"ListItem","position":2,"name":"Random Video Chat With Strangers"}]},{"@type":"WebSite","@id":"https:\/\/strangercam.com\/#website","url":"https:\/\/strangercam.com\/","name":"Strangercam","description":"Videochat casuale con sconosciuti","publisher":{"@id":"https:\/\/strangercam.com\/#organization"},"alternateName":"Strangercam.com","potentialAction":[{"@type":"SearchAction","target":{"@type":"EntryPoint","urlTemplate":"https:\/\/strangercam.com\/?s={search_term_string}"},"query-input":{"@type":"PropertyValueSpecification","valueRequired":true,"valueName":"search_term_string"}}],"inLanguage":"it-IT"},{"@type":"Organization","@id":"https:\/\/strangercam.com\/#organization","name":"Strangercam","alternateName":"Strangercam.com","url":"https:\/\/strangercam.com\/","logo":{"@type":"ImageObject","inLanguage":"it-IT","@id":"https:\/\/strangercam.com\/#\/schema\/logo\/image\/","url":"https:\/\/strangercam.com\/wp-content\/uploads\/2020\/11\/cropped-new-favicon-black.png","contentUrl":"https:\/\/strangercam.com\/wp-content\/uploads\/2020\/11\/cropped-new-favicon-black.png","width":512,"height":512,"caption":"Strangercam"},"image":{"@id":"https:\/\/strangercam.com\/#\/schema\/logo\/image\/"},"sameAs":["https:\/\/www.facebook.com\/strangercam","https:\/\/x.com\/strangercamapp"]}]}},"_links":{"self":[{"href":"https:\/\/strangercam.com\/it\/wp-json\/wp\/v2\/pages\/4039","targetHints":{"allow":["GET"]}}],"collection":[{"href":"https:\/\/strangercam.com\/it\/wp-json\/wp\/v2\/pages"}],"about":[{"href":"https:\/\/strangercam.com\/it\/wp-json\/wp\/v2\/types\/page"}],"author":[{"embeddable":true,"href":"https:\/\/strangercam.com\/it\/wp-json\/wp\/v2\/users\/8"}],"replies":[{"embeddable":true,"href":"https:\/\/strangercam.com\/it\/wp-json\/wp\/v2\/comments?post=4039"}],"version-history":[{"count":3,"href":"https:\/\/strangercam.com\/it\/wp-json\/wp\/v2\/pages\/4039\/revisions"}],"predecessor-version":[{"id":12999,"href":"https:\/\/strangercam.com\/it\/wp-json\/wp\/v2\/pages\/4039\/revisions\/12999"}],"wp:attachment":[{"href":"https:\/\/strangercam.com\/it\/wp-json\/wp\/v2\/media?parent=4039"}],"curies":[{"name":"wp","href":"https:\/\/api.w.org\/{rel}","templated":true}]}}