{"id":4022,"date":"2025-09-03T12:43:36","date_gmt":"2025-09-03T10:43:36","guid":{"rendered":"https:\/\/strangercam.com\/?page_id=4022"},"modified":"2025-09-03T13:42:39","modified_gmt":"2025-09-03T11:42:39","slug":"videochat-casuale-gratuita","status":"publish","type":"page","link":"https:\/\/strangercam.com\/it\/free-random-video-chat\/","title":{"rendered":"Videochat casuale gratuita"},"content":{"rendered":"<p>Siete alla ricerca del modo migliore per godervi un video casuale gratuito <a href=\"https:\/\/strangercam.com\/it\/chathub\/\">chat<\/a>? Non siete soli. Milioni di persone in tutto il mondo cercano piattaforme di video chat casuali ogni mese, sperando di connettersi istantaneamente con persone sconosciute, per amicizia, scambio culturale, flirt occasionale o semplicemente per eliminare la noia. A differenza delle app di incontri o dei social network, che possono sembrare lenti o artificiali, le videochat casuali sono spontanee, autentiche ed eccitanti.<\/p>\n<p>Con piattaforme come StrangerCam, \u00e8 pi\u00f9 facile che mai godersi una videochat casuale gratuita, senza registrazione, senza download e senza costi nascosti. Basta fare clic su un pulsante per trovarsi immediatamente faccia a faccia con una persona nuova da qualsiasi parte del mondo.<\/p>\n<p>Questa guida vi spiegher\u00e0 tutto quello che c'\u00e8 da sapere: cos'\u00e8 la chat video casuale gratuita, perch\u00e9 la gente la ama, come funziona, le migliori caratteristiche da cercare, i confronti tra le piattaforme pi\u00f9 popolari, i consigli per la sicurezza e perch\u00e9 StrangerCam \u00e8 una delle scelte migliori nel 2025.<\/p>\n<h2>Che cos'\u00e8 la chat video casuale gratuita?<\/h2>\n<p>La chat video casuale gratuita \u00e8 un servizio online che vi mette istantaneamente in contatto con sconosciuti per videochiamate dal vivo, uno contro uno, utilizzando la vostra webcam e il vostro microfono. La parte \"casuale\" significa che non si sa mai chi si incontrer\u00e0 fino all'inizio della chat: potrebbe essere qualcuno nelle vicinanze o dall'altra parte del mondo.<\/p>\n<p>A differenza delle chat di testo, la chat video casuale offre un'esperienza molto pi\u00f9 autentica e coinvolgente, perch\u00e9 \u00e8 possibile vedere e ascoltare la persona in tempo reale. Se la conversazione non \u00e8 di vostro gradimento, basta premere \"Avanti\" per passare a un'altra persona.<\/p>\n<h2>Perch\u00e9 le persone amano la chat video casuale gratuita<\/h2>\n<p>Ci sono molte ragioni per cui la videochat casuale gratuita \u00e8 diventata cos\u00ec popolare:<\/p>\n<ul>\n<li>Divertimento spontaneo: Ogni chat \u00e8 unica e imprevedibile.<\/li>\n<li>Interazione umana reale: Le videochiamate confermano che l'altra persona \u00e8 reale e non un bot.<\/li>\n<li>Connessioni istantanee: Nessuna lunga registrazione o attesa di risposte.<\/li>\n<li>Portata globale: Incontrare sconosciuti da tutto il mondo, 24 ore su 24, 7 giorni su 7.<\/li>\n<li>Valore di intrattenimento: Perfetto per passare il tempo, fare amicizia o flirtare in modo casuale.<\/li>\n<li>Libert\u00e0 di scelta: Non vi piace l'atmosfera? Basta cliccare su \"Avanti\".<\/li>\n<\/ul>\n<h2>Come funziona la chat video casuale gratuita?<\/h2>\n<p>Avviare una videochat casuale gratuita \u00e8 incredibilmente facile:<\/p>\n<ol>\n<li>Aprire la piattaforma sul telefono o sul computer.<\/li>\n<li>Consentire l'accesso alla telecamera e al microfono.<\/li>\n<li>Fare clic su \"Avvia chat\".<\/li>\n<li>Collegatevi istantaneamente con un estraneo tramite videochiamata.<\/li>\n<li>Fate clic su \"Avanti\" in qualsiasi momento per incontrare qualcuno di nuovo.<\/li>\n<\/ol>\n<p>Alcune piattaforme aggiungono funzioni aggiuntive come i filtri di genere, le preferenze di localizzazione e persino strumenti di traduzione automatica per rendere pi\u00f9 semplice la chat tra le varie lingue.<\/p>\n<h2>Caratteristiche principali da ricercare<\/h2>\n<p>Non tutte le piattaforme di video chat sono uguali. Se volete la migliore esperienza di video chat casuale gratuita, ecco cosa cercare:<\/p>\n<h3>1. Accesso veramente libero<\/h3>\n<p>Alcuni siti si presentano come \"gratuiti\" ma poi limitano le funzioni o spingono l'utente verso i paywall. Scegliete una piattaforma che offra un accesso illimitato.<\/p>\n<h3>2. Non \u00e8 richiesta l'iscrizione<\/h3>\n<p>Rimanete anonimi e iniziate a chattare senza account o login.<\/p>\n<h3>3. Filtri per genere e localit\u00e0<\/h3>\n<p>Utile se si preferisce parlare con tipi specifici di persone.<\/p>\n<h3>4. Moderazione forte<\/h3>\n<p>Moderatori attivi e strumenti di segnalazione garantiscono un'esperienza pi\u00f9 sicura.<\/p>\n<h3>5. Design compatibile con i dispositivi mobili<\/h3>\n<p>Una buona piattaforma dovrebbe funzionare senza problemi sia su desktop che su mobile.<\/p>\n<h3>6. Video e audio di alta qualit\u00e0<\/h3>\n<p>I collegamenti chiari rendono le chat pi\u00f9 naturali e piacevoli.<\/p>\n<h2>Le migliori piattaforme di video chat casuali gratuite nel 2025<\/h2>\n<p>Ecco come si confrontano le piattaforme di chat video casuali pi\u00f9 popolari:<\/p>\n<table>\n<thead>\n<tr>\n<th>Piattaforma<\/th>\n<th align=\"center\">Accesso libero<\/th>\n<th align=\"center\">Filtro di genere<\/th>\n<th align=\"center\">\u00c8 necessario iscriversi<\/th>\n<th align=\"center\">Supporto mobile<\/th>\n<th align=\"center\">Moderazione<\/th>\n<th>Note<\/th>\n<\/tr>\n<\/thead>\n<tbody>\n<tr>\n<td>StrangerCam<\/td>\n<td align=\"center\">\u2705<\/td>\n<td align=\"center\">\u2705 (Gratuito)<\/td>\n<td align=\"center\">\u274c<\/td>\n<td align=\"center\">\u2705<\/td>\n<td align=\"center\">\u2705<\/td>\n<td>La scelta migliore in assoluto, veramente gratuita<\/td>\n<\/tr>\n<tr>\n<td><a href=\"https:\/\/strangercam.com\/it\/chatroulette\/\">Chatroulette<\/a><\/td>\n<td align=\"center\">\u2705<\/td>\n<td align=\"center\">\u274c (Pagato)<\/td>\n<td align=\"center\">\u274c<\/td>\n<td align=\"center\">\u2705<\/td>\n<td align=\"center\">\u2705<\/td>\n<td>Classico ma con filtri di genere bloccati<\/td>\n<\/tr>\n<tr>\n<td>Chatrandom<\/td>\n<td align=\"center\">\u2705<\/td>\n<td align=\"center\">\u274c (Pagato)<\/td>\n<td align=\"center\">\u274c<\/td>\n<td align=\"center\">\u2705<\/td>\n<td align=\"center\">\u2705<\/td>\n<td>Ampia base di utenti, aggiornamenti premium<\/td>\n<\/tr>\n<tr>\n<td><a href=\"https:\/\/strangercam.com\/it\/ometv\/\">OmeTV<\/a><\/td>\n<td align=\"center\">\u2705<\/td>\n<td align=\"center\">\u274c<\/td>\n<td align=\"center\">\u274c<\/td>\n<td align=\"center\">\u2705<\/td>\n<td align=\"center\">\u2705<\/td>\n<td>App mobile, solo casuale<\/td>\n<\/tr>\n<tr>\n<td>Shagle<\/td>\n<td align=\"center\">\u2705<\/td>\n<td align=\"center\">\u274c (Pagato)<\/td>\n<td align=\"center\">\u274c<\/td>\n<td align=\"center\">\u2705<\/td>\n<td align=\"center\">\u2705<\/td>\n<td>Premio fortemente spinto<\/td>\n<\/tr>\n<tr>\n<td><a href=\"https:\/\/strangercam.com\/it\/coomeet\/\">CooMeet<\/a><\/td>\n<td align=\"center\">\u274c (Prova)<\/td>\n<td align=\"center\">\u2705<\/td>\n<td align=\"center\">\u2705<\/td>\n<td align=\"center\">\u2705<\/td>\n<td align=\"center\">\u2705<\/td>\n<td>A pagamento dopo una prova gratuita limitata<\/td>\n<\/tr>\n<tr>\n<td>LuckyCrush<\/td>\n<td align=\"center\">\u274c<\/td>\n<td align=\"center\">\u2705<\/td>\n<td align=\"center\">\u2705<\/td>\n<td align=\"center\">\u2705<\/td>\n<td align=\"center\">\u2705<\/td>\n<td>Sempre a pagamento, chat specifiche per genere<\/td>\n<\/tr>\n<\/tbody>\n<\/table>\n<p>Tra queste, StrangerCam \u00e8 una delle uniche piattaforme che offre video chat casuali gratuite e illimitate con un filtro di genere funzionante e senza registrazione.<\/p>\n<h2>Perch\u00e9 StrangerCam \u00e8 la scelta migliore<\/h2>\n<p>Ecco perch\u00e9 StrangerCam \u00e8 una delle migliori piattaforme per la videochat casuale gratuita nel 2025:<\/p>\n<h3>1. Completamente gratuito<\/h3>\n<p>Chat illimitate, senza costi nascosti o crediti richiesti.<\/p>\n<h3>2. Filtro di genere gratuito<\/h3>\n<p>Scegliete con chi parlare - ragazzi, ragazze o entrambi - senza paywall.<\/p>\n<h3>3. Non \u00e8 richiesta l'iscrizione<\/h3>\n<p>Rimanete anonimi e iniziate a chattare all'istante.<\/p>\n<h3>4. Sicuro e moderato<\/h3>\n<p>Grazie alla moderazione attiva e agli strumenti di segnalazione, StrangerCam mantiene la comunit\u00e0 al sicuro.<\/p>\n<h3>5. Base di utenti globale<\/h3>\n<p>Incontrare sconosciuti da oltre 100 paesi in qualsiasi momento.<\/p>\n<h3>6. Ottimizzato per tutti i dispositivi<\/h3>\n<p>Funziona senza problemi su mobile, tablet e desktop.<\/p>\n<h2>Testimonianze di utenti reali<\/h2>\n<blockquote><p>\"Stavo cercando un sito che mi permettesse di fare videochat casuali gratuitamente, e StrangerCam era l'unico che non mi spingeva verso un paywall\".<br \/>\n- Alex, 27 anni<\/p><\/blockquote>\n<blockquote><p>\"Ho incontrato persone provenienti da cinque Paesi diversi in una sola serata. \u00c8 sempre emozionante perch\u00e9 non sai mai chi sar\u00e0 il prossimo\".<br \/>\n- Sophia, 22 anni<\/p><\/blockquote>\n<blockquote><p>\"Il filtro di genere funziona davvero senza dover pagare un extra. \u00c8 una svolta rispetto ad altre piattaforme\".<br \/>\n- Ryan, 30 anni<\/p><\/blockquote>\n<blockquote><p>\"\u00c8 veloce, divertente e sicuro. StrangerCam \u00e8 diventato il mio modo preferito per conoscere nuove persone online\".<br \/>\n- Emily, 19 anni<\/p><\/blockquote>\n<h2>Consigli di sicurezza per la chat video casuale gratuita<\/h2>\n<p>Anche se le videochat sono divertenti, \u00e8 bene tenere sempre presente la sicurezza:<\/p>\n<ul>\n<li>Non condividete dati personali come il numero di telefono, l'e-mail o l'indirizzo.<\/li>\n<li>Evitare di cliccare sui link che gli estranei inviano.<\/li>\n<li>Utilizzate liberamente \"Avanti\" se non vi sentite a vostro agio.<\/li>\n<li>Controllate il vostro sfondo per assicurarvi che non sia visibile nulla di privato.<\/li>\n<li>Segnalate gli utenti scorretti utilizzando gli strumenti della piattaforma.<\/li>\n<li>Seguite le restrizioni di et\u00e0: se avete meno di 18 anni, non utilizzate piattaforme di video chat per adulti.<\/li>\n<\/ul>\n<h2>Come iniziare - Passo dopo passo<\/h2>\n<p>Bastano pochi secondi per iniziare una videochat casuale gratuita:<\/p>\n<ol>\n<li>Aprite StrangerCam sul vostro browser o telefono.<\/li>\n<li>Consentire l'accesso alla telecamera e al microfono.<\/li>\n<li>Scegliere le preferenze (come il filtro di genere, se disponibile).<\/li>\n<li>Fare clic su Avvia chat per connettersi immediatamente.<\/li>\n<li>Fate clic su Avanti in qualsiasi momento per incontrare qualcuno di nuovo.<\/li>\n<\/ol>\n<p>Veloce, semplice e completamente gratuito.<\/p>\n<h2>Pensieri finali - Provate oggi la chat video casuale gratuita<\/h2>\n<p>Nel 2025, le video chat casuali gratuite sono uno dei modi pi\u00f9 semplici ed eccitanti per incontrare nuove persone online. \u00c8 veloce, divertente e vi mette in contatto istantaneo con sconosciuti in tutto il mondo.<\/p>\n<p>Ma non tutte le piattaforme sono all'altezza. Molte nascondono le funzioni dietro i paywall o sono piene di bot. Ecco perch\u00e9 StrangerCam \u00e8 l'opzione migliore: \u00e8 gratuita, sicura, anonima e sempre attiva con utenti globali pronti a chattare.<\/p>\n<p>Pronti a provare? Avvia oggi stesso una video chat casuale gratuita e scopri chi incontrerai.<\/p>","protected":false},"excerpt":{"rendered":"<p>Are you looking for the best way to enjoy a free random video chat? You\u2019re not alone. Millions of people worldwide search for random video chat platforms every month, hoping to connect instantly with strangers\u2014whether for friendship, cultural exchange, casual flirting, or simply to kill boredom. Unlike dating apps or social networks, which can feel [&hellip;]<\/p>\n","protected":false},"author":8,"featured_media":0,"parent":0,"menu_order":0,"comment_status":"closed","ping_status":"closed","template":"","meta":{"footnotes":""},"class_list":["post-4022","page","type-page","status-publish","hentry"],"yoast_head":"<!-- This site is optimized with the Yoast SEO plugin v27.4 - https:\/\/yoast.com\/product\/yoast-seo-wordpress\/ -->\n<title>Free Random Video Chat on Strangercam.com<\/title>\n<meta name=\"description\" content=\"Liking Free Random Video Chat? Join millions on StrangerCam.com! Start a random video chat, turn on your cam, and meet strangers instantly.\" \/>\n<meta name=\"robots\" content=\"index, follow, max-snippet:-1, max-image-preview:large, max-video-preview:-1\" \/>\n<link rel=\"canonical\" href=\"https:\/\/strangercam.com\/it\/videochat-casuale-gratuita\/\" \/>\n<meta property=\"og:locale\" content=\"it_IT\" \/>\n<meta property=\"og:type\" content=\"article\" \/>\n<meta property=\"og:title\" content=\"Free Random Video Chat on Strangercam.com\" \/>\n<meta property=\"og:description\" content=\"Liking Free Random Video Chat? Join millions on StrangerCam.com! Start a random video chat, turn on your cam, and meet strangers instantly.\" \/>\n<meta property=\"og:url\" content=\"https:\/\/strangercam.com\/it\/videochat-casuale-gratuita\/\" \/>\n<meta property=\"og:site_name\" content=\"Strangercam\" \/>\n<meta property=\"article:publisher\" content=\"https:\/\/www.facebook.com\/strangercam\" \/>\n<meta property=\"article:modified_time\" content=\"2025-09-03T11:42:39+00:00\" \/>\n<meta property=\"og:image\" content=\"https:\/\/strangercam.com\/wp-content\/uploads\/2021\/10\/Untitled-2.png\" \/>\n\t<meta property=\"og:image:width\" content=\"800\" \/>\n\t<meta property=\"og:image:height\" content=\"532\" \/>\n\t<meta property=\"og:image:type\" content=\"image\/png\" \/>\n<meta name=\"twitter:card\" content=\"summary_large_image\" \/>\n<meta name=\"twitter:site\" content=\"@strangercamapp\" \/>\n<meta name=\"twitter:label1\" content=\"Tempo di lettura stimato\" \/>\n\t<meta name=\"twitter:data1\" content=\"5 minuti\" \/>\n<script type=\"application\/ld+json\" class=\"yoast-schema-graph\">{\"@context\":\"https:\\\/\\\/schema.org\",\"@graph\":[{\"@type\":\"WebPage\",\"@id\":\"https:\\\/\\\/strangercam.com\\\/free-random-video-chat\\\/\",\"url\":\"https:\\\/\\\/strangercam.com\\\/free-random-video-chat\\\/\",\"name\":\"Free Random Video Chat on Strangercam.com\",\"isPartOf\":{\"@id\":\"https:\\\/\\\/strangercam.com\\\/#website\"},\"datePublished\":\"2025-09-03T10:43:36+00:00\",\"dateModified\":\"2025-09-03T11:42:39+00:00\",\"description\":\"Liking Free Random Video Chat? Join millions on StrangerCam.com! Start a random video chat, turn on your cam, and meet strangers instantly.\",\"breadcrumb\":{\"@id\":\"https:\\\/\\\/strangercam.com\\\/free-random-video-chat\\\/#breadcrumb\"},\"inLanguage\":\"it-IT\",\"potentialAction\":[{\"@type\":\"ReadAction\",\"target\":[\"https:\\\/\\\/strangercam.com\\\/free-random-video-chat\\\/\"]}]},{\"@type\":\"BreadcrumbList\",\"@id\":\"https:\\\/\\\/strangercam.com\\\/free-random-video-chat\\\/#breadcrumb\",\"itemListElement\":[{\"@type\":\"ListItem\",\"position\":1,\"name\":\"Home\",\"item\":\"https:\\\/\\\/strangercam.com\\\/\"},{\"@type\":\"ListItem\",\"position\":2,\"name\":\"Free Random Video Chat\"}]},{\"@type\":\"WebSite\",\"@id\":\"https:\\\/\\\/strangercam.com\\\/#website\",\"url\":\"https:\\\/\\\/strangercam.com\\\/\",\"name\":\"Strangercam\",\"description\":\"Random Video Chat with Strangers\",\"publisher\":{\"@id\":\"https:\\\/\\\/strangercam.com\\\/#organization\"},\"alternateName\":\"Strangercam.com\",\"potentialAction\":[{\"@type\":\"SearchAction\",\"target\":{\"@type\":\"EntryPoint\",\"urlTemplate\":\"https:\\\/\\\/strangercam.com\\\/?s={search_term_string}\"},\"query-input\":{\"@type\":\"PropertyValueSpecification\",\"valueRequired\":true,\"valueName\":\"search_term_string\"}}],\"inLanguage\":\"it-IT\"},{\"@type\":\"Organization\",\"@id\":\"https:\\\/\\\/strangercam.com\\\/#organization\",\"name\":\"Strangercam\",\"alternateName\":\"Strangercam.com\",\"url\":\"https:\\\/\\\/strangercam.com\\\/\",\"logo\":{\"@type\":\"ImageObject\",\"inLanguage\":\"it-IT\",\"@id\":\"https:\\\/\\\/strangercam.com\\\/#\\\/schema\\\/logo\\\/image\\\/\",\"url\":\"https:\\\/\\\/strangercam.com\\\/wp-content\\\/uploads\\\/2020\\\/11\\\/cropped-new-favicon-black.png\",\"contentUrl\":\"https:\\\/\\\/strangercam.com\\\/wp-content\\\/uploads\\\/2020\\\/11\\\/cropped-new-favicon-black.png\",\"width\":512,\"height\":512,\"caption\":\"Strangercam\"},\"image\":{\"@id\":\"https:\\\/\\\/strangercam.com\\\/#\\\/schema\\\/logo\\\/image\\\/\"},\"sameAs\":[\"https:\\\/\\\/www.facebook.com\\\/strangercam\",\"https:\\\/\\\/x.com\\\/strangercamapp\"]}]}<\/script>\n<!-- \/ Yoast SEO plugin. -->","yoast_head_json":{"title":"Videochat casuale gratuita su Strangercam.com","description":"Ti piace la video chat casuale gratuita? Join milioni su StrangerCam.com! Avvia una chat video casuale, accendi la tua cam e incontra subito degli sconosciuti.","robots":{"index":"index","follow":"follow","max-snippet":"max-snippet:-1","max-image-preview":"max-image-preview:large","max-video-preview":"max-video-preview:-1"},"canonical":"https:\/\/strangercam.com\/it\/videochat-casuale-gratuita\/","og_locale":"it_IT","og_type":"article","og_title":"Free Random Video Chat on Strangercam.com","og_description":"Liking Free Random Video Chat? Join millions on StrangerCam.com! Start a random video chat, turn on your cam, and meet strangers instantly.","og_url":"https:\/\/strangercam.com\/it\/videochat-casuale-gratuita\/","og_site_name":"Strangercam","article_publisher":"https:\/\/www.facebook.com\/strangercam","article_modified_time":"2025-09-03T11:42:39+00:00","og_image":[{"width":800,"height":532,"url":"https:\/\/strangercam.com\/wp-content\/uploads\/2021\/10\/Untitled-2.png","type":"image\/png"}],"twitter_card":"summary_large_image","twitter_site":"@strangercamapp","twitter_misc":{"Tempo di lettura stimato":"5 minuti"},"schema":{"@context":"https:\/\/schema.org","@graph":[{"@type":"WebPage","@id":"https:\/\/strangercam.com\/free-random-video-chat\/","url":"https:\/\/strangercam.com\/free-random-video-chat\/","name":"Videochat casuale gratuita su Strangercam.com","isPartOf":{"@id":"https:\/\/strangercam.com\/#website"},"datePublished":"2025-09-03T10:43:36+00:00","dateModified":"2025-09-03T11:42:39+00:00","description":"Ti piace la video chat casuale gratuita? Join milioni su StrangerCam.com! Avvia una chat video casuale, accendi la tua cam e incontra subito degli sconosciuti.","breadcrumb":{"@id":"https:\/\/strangercam.com\/free-random-video-chat\/#breadcrumb"},"inLanguage":"it-IT","potentialAction":[{"@type":"ReadAction","target":["https:\/\/strangercam.com\/free-random-video-chat\/"]}]},{"@type":"BreadcrumbList","@id":"https:\/\/strangercam.com\/free-random-video-chat\/#breadcrumb","itemListElement":[{"@type":"ListItem","position":1,"name":"Home","item":"https:\/\/strangercam.com\/"},{"@type":"ListItem","position":2,"name":"Free Random Video Chat"}]},{"@type":"WebSite","@id":"https:\/\/strangercam.com\/#website","url":"https:\/\/strangercam.com\/","name":"Strangercam","description":"Videochat casuale con sconosciuti","publisher":{"@id":"https:\/\/strangercam.com\/#organization"},"alternateName":"Strangercam.com","potentialAction":[{"@type":"SearchAction","target":{"@type":"EntryPoint","urlTemplate":"https:\/\/strangercam.com\/?s={search_term_string}"},"query-input":{"@type":"PropertyValueSpecification","valueRequired":true,"valueName":"search_term_string"}}],"inLanguage":"it-IT"},{"@type":"Organization","@id":"https:\/\/strangercam.com\/#organization","name":"Strangercam","alternateName":"Strangercam.com","url":"https:\/\/strangercam.com\/","logo":{"@type":"ImageObject","inLanguage":"it-IT","@id":"https:\/\/strangercam.com\/#\/schema\/logo\/image\/","url":"https:\/\/strangercam.com\/wp-content\/uploads\/2020\/11\/cropped-new-favicon-black.png","contentUrl":"https:\/\/strangercam.com\/wp-content\/uploads\/2020\/11\/cropped-new-favicon-black.png","width":512,"height":512,"caption":"Strangercam"},"image":{"@id":"https:\/\/strangercam.com\/#\/schema\/logo\/image\/"},"sameAs":["https:\/\/www.facebook.com\/strangercam","https:\/\/x.com\/strangercamapp"]}]}},"_links":{"self":[{"href":"https:\/\/strangercam.com\/it\/wp-json\/wp\/v2\/pages\/4022","targetHints":{"allow":["GET"]}}],"collection":[{"href":"https:\/\/strangercam.com\/it\/wp-json\/wp\/v2\/pages"}],"about":[{"href":"https:\/\/strangercam.com\/it\/wp-json\/wp\/v2\/types\/page"}],"author":[{"embeddable":true,"href":"https:\/\/strangercam.com\/it\/wp-json\/wp\/v2\/users\/8"}],"replies":[{"embeddable":true,"href":"https:\/\/strangercam.com\/it\/wp-json\/wp\/v2\/comments?post=4022"}],"version-history":[{"count":3,"href":"https:\/\/strangercam.com\/it\/wp-json\/wp\/v2\/pages\/4022\/revisions"}],"predecessor-version":[{"id":12997,"href":"https:\/\/strangercam.com\/it\/wp-json\/wp\/v2\/pages\/4022\/revisions\/12997"}],"wp:attachment":[{"href":"https:\/\/strangercam.com\/it\/wp-json\/wp\/v2\/media?parent=4022"}],"curies":[{"name":"wp","href":"https:\/\/api.w.org\/{rel}","templated":true}]}}