{"id":4004,"date":"2025-09-03T12:37:25","date_gmt":"2025-09-03T10:37:25","guid":{"rendered":"https:\/\/strangercam.com\/?page_id=4004"},"modified":"2025-09-03T13:39:32","modified_gmt":"2025-09-03T11:39:32","slug":"videochiama-sconosciuti","status":"publish","type":"page","link":"https:\/\/strangercam.com\/it\/video-call-strangers\/","title":{"rendered":"Videochiamare gli sconosciuti"},"content":{"rendered":"<p>Siete alla ricerca del modo migliore per videochiamare gli sconosciuti? Non siete soli. Ogni mese, milioni di persone cercano piattaforme di videochiamata istantanea per incontrare persone a caso, fare nuove amicizie, flirtare casualmente o semplicemente passare il tempo. A differenza delle app di incontri o dei social network, che possono sembrare lenti o falsi, una videochiamata con sconosciuti \u00e8 spontanea, reale ed eccitante.<\/p>\n<p>Con piattaforme come StrangerCam, \u00e8 possibile effettuare videochiamate gratuite con persone sconosciute in qualsiasi momento, senza registrazione, senza download e senza costi nascosti. \u00c8 uno dei modi pi\u00f9 semplici e divertenti per connettersi faccia a faccia con persone di tutto il mondo.<\/p>\n<p>Questa guida vi spiegher\u00e0 tutto quello che c'\u00e8 da sapere: cosa significa videochiamare gli sconosciuti, perch\u00e9 \u00e8 cos\u00ec popolare, come funziona, quali sono le caratteristiche pi\u00f9 importanti, i confronti tra le migliori piattaforme, i consigli per la sicurezza e perch\u00e9 StrangerCam \u00e8 uno dei posti migliori per videochiamare gli sconosciuti nel 2025.<\/p>\n<h2>Che cosa significa \"Videochiamare gli sconosciuti\"?<\/h2>\n<p>Quando si videochiamano gli sconosciuti, ci si connette istantaneamente con persone a caso attraverso la webcam e l'audio in diretta. <a href=\"https:\/\/strangercam.com\/it\/chathub\/\">chat<\/a>. A differenza delle piattaforme basate sul testo, le videochiamate garantiscono la possibilit\u00e0 di parlare con una persona reale in tempo reale.<\/p>\n<p>Non c'\u00e8 bisogno di account, profili o di un'infinit\u00e0 di passaggi. Basta premere un pulsante per trovarsi faccia a faccia con una persona nuova. Se la chat non \u00e8 quella che cercate, premete Avanti e passate subito alla persona successiva.<\/p>\n<h2>Perch\u00e9 le persone amano le videochiamate gratuite con gli sconosciuti<\/h2>\n<p>La popolarit\u00e0 delle videochiamate gratuite con sconosciuti \u00e8 salita alle stelle perch\u00e9 offre qualcosa di unico:<\/p>\n<ul>\n<li>Autenticit\u00e0: Il video rende impossibile la falsificazione. Si vede e si sente la persona reale all'istante.<\/li>\n<li>Spontaneit\u00e0: ogni chat \u00e8 una sorpresa. Non si sa mai chi sar\u00e0 il prossimo.<\/li>\n<li>Nessun impegno: Nessuna iscrizione, nessun profilo, solo una connessione rapida e istantanea.<\/li>\n<li>Portata globale: Incontrare sconosciuti in tutto il mondo, 24 ore su 24, 7 giorni su 7.<\/li>\n<li>Amicizia e flirt: Alcuni lo usano per fare nuove amicizie, altri per flirtare spensieratamente.<\/li>\n<li>Intrattenimento rapido: Perfetta per curare la noia o per aggiungere emozioni alla giornata.<\/li>\n<\/ul>\n<h2>Come funziona una videochiamata con uno sconosciuto?<\/h2>\n<p>L'utilizzo di una piattaforma di videochiamata sconosciuta \u00e8 semplice e veloce:<\/p>\n<ol>\n<li>Aprire la piattaforma (browser desktop o mobile).<\/li>\n<li>Consentire l'accesso alla telecamera e al microfono.<\/li>\n<li>Fare clic su \"Avvia chat\" per connettersi immediatamente con una persona a caso.<\/li>\n<li>Parlare faccia a faccia in tempo reale.<\/li>\n<li>Fare clic su \"Avanti\" ogni volta che si desidera incontrare qualcuno di nuovo.<\/li>\n<\/ol>\n<p>Alcuni siti offrono anche funzioni come i filtri di genere, la selezione del paese e persino la traduzione in chat.<\/p>\n<h2>Caratteristiche principali da ricercare<\/h2>\n<p>Non tutte le piattaforme che offrono videochiamate con sconosciuti valgono il vostro tempo. Ecco cosa dovreste cercare:<\/p>\n<h3>1. Accesso veramente libero<\/h3>\n<p>Evitate i siti che dichiarano di essere gratuiti ma che limitano le funzioni dietro i muri a pagamento.<\/p>\n<h3>2. Non \u00e8 necessario iscriversi<\/h3>\n<p>Dovreste essere in grado di chattare immediatamente senza registrarvi.<\/p>\n<h3>3. Filtri per genere e localit\u00e0<\/h3>\n<p>Utile se si vogliono incontrare tipi specifici di persone.<\/p>\n<h3>4. Moderazione sicura<\/h3>\n<p>Le piattaforme con strumenti di segnalazione e moderazione offrono ambienti pi\u00f9 sicuri.<\/p>\n<h3>5. Esperienza mobile-friendly<\/h3>\n<p>Assicuratevi che la piattaforma funzioni sia su smartphone che su desktop.<\/p>\n<h3>6. Video e audio di alta qualit\u00e0<\/h3>\n<p>I collegamenti chiari rendono le conversazioni naturali e piacevoli.<\/p>\n<h2>Le migliori piattaforme per videochiamare gli sconosciuti nel 2025<\/h2>\n<p>Ecco un confronto tra le principali piattaforme per le videochiamate sconosciute:<\/p>\n<table>\n<thead>\n<tr>\n<th>Piattaforma<\/th>\n<th align=\"center\">Accesso libero<\/th>\n<th align=\"center\">Filtro di genere<\/th>\n<th align=\"center\">\u00c8 necessario iscriversi<\/th>\n<th align=\"center\">Supporto mobile<\/th>\n<th align=\"center\">Moderazione<\/th>\n<th>Note<\/th>\n<\/tr>\n<\/thead>\n<tbody>\n<tr>\n<td>StrangerCam<\/td>\n<td align=\"center\">\u2705<\/td>\n<td align=\"center\">\u2705 (Gratuito)<\/td>\n<td align=\"center\">\u274c<\/td>\n<td align=\"center\">\u2705<\/td>\n<td align=\"center\">\u2705<\/td>\n<td>La scelta migliore in assoluto, veramente gratuita<\/td>\n<\/tr>\n<tr>\n<td><a href=\"https:\/\/strangercam.com\/it\/chatroulette\/\">Chatroulette<\/a><\/td>\n<td align=\"center\">\u2705<\/td>\n<td align=\"center\">\u274c (Pagato)<\/td>\n<td align=\"center\">\u274c<\/td>\n<td align=\"center\">\u2705<\/td>\n<td align=\"center\">\u2705<\/td>\n<td>Classico, ma con filtro di genere bloccato<\/td>\n<\/tr>\n<tr>\n<td>Chatrandom<\/td>\n<td align=\"center\">\u2705<\/td>\n<td align=\"center\">\u274c (Pagato)<\/td>\n<td align=\"center\">\u274c<\/td>\n<td align=\"center\">\u2705<\/td>\n<td align=\"center\">\u2705<\/td>\n<td>Ampia base di utenti, ma gli aggiornamenti sono in ritardo<\/td>\n<\/tr>\n<tr>\n<td><a href=\"https:\/\/strangercam.com\/it\/ometv\/\">OmeTV<\/a><\/td>\n<td align=\"center\">\u2705<\/td>\n<td align=\"center\">\u274c<\/td>\n<td align=\"center\">\u274c<\/td>\n<td align=\"center\">\u2705<\/td>\n<td align=\"center\">\u2705<\/td>\n<td>Solo per caso, \u00e8 disponibile un'applicazione mobile<\/td>\n<\/tr>\n<tr>\n<td>Shagle<\/td>\n<td align=\"center\">\u2705<\/td>\n<td align=\"center\">\u274c (Pagato)<\/td>\n<td align=\"center\">\u274c<\/td>\n<td align=\"center\">\u2705<\/td>\n<td align=\"center\">\u2705<\/td>\n<td>Chat gratuite, funzioni premium a pagamento<\/td>\n<\/tr>\n<tr>\n<td><a href=\"https:\/\/strangercam.com\/it\/coomeet\/\">CooMeet<\/a><\/td>\n<td align=\"center\">\u274c (Prova)<\/td>\n<td align=\"center\">\u2705<\/td>\n<td align=\"center\">\u2705<\/td>\n<td align=\"center\">\u2705<\/td>\n<td align=\"center\">\u2705<\/td>\n<td>A pagamento dopo una breve prova gratuita<\/td>\n<\/tr>\n<tr>\n<td>LuckyCrush<\/td>\n<td align=\"center\">\u274c<\/td>\n<td align=\"center\">\u2705<\/td>\n<td align=\"center\">\u2705<\/td>\n<td align=\"center\">\u2705<\/td>\n<td align=\"center\">\u2705<\/td>\n<td>Sempre a pagamento, chat di genere<\/td>\n<\/tr>\n<\/tbody>\n<\/table>\n<p>StrangerCam \u00e8 una delle poche piattaforme che offre videochiamate gratuite con sconosciuti con un filtro di genere funzionante, nessuna registrazione e uso illimitato.<\/p>\n<h2>Perch\u00e9 StrangerCam \u00e8 la scelta migliore<\/h2>\n<p>Ecco perch\u00e9 StrangerCam \u00e8 la piattaforma migliore per videochiamare gli sconosciuti nel 2025:<\/p>\n<h3>1. 100% Gratuito e illimitato<\/h3>\n<p>Nessun credito, nessun limite: solo videochiamate gratuite.<\/p>\n<h3>2. Filtro di genere gratuito<\/h3>\n<p>Scegliete con chi parlare - ragazzi, ragazze o entrambi - senza pagare.<\/p>\n<h3>3. Non \u00e8 richiesta l'iscrizione<\/h3>\n<p>Rimanete anonimi e connettetevi istantaneamente.<\/p>\n<h3>4. Sicuro e moderato<\/h3>\n<p>La moderazione attiva e gli strumenti di segnalazione mantengono la comunit\u00e0 amichevole.<\/p>\n<h3>5. Base di utenti globale<\/h3>\n<p>Incontrare sconosciuti da oltre 100 paesi in qualsiasi momento.<\/p>\n<h3>6. Funziona su tutti i dispositivi<\/h3>\n<p>Ottimizzato per i dispositivi mobili e desktop.<\/p>\n<h2>Testimonianze di utenti reali<\/h2>\n<blockquote><p><em>\"Volevo un sito dove poter videochiamare gli sconosciuti senza essere truffato. StrangerCam \u00e8 stata la prima piattaforma davvero gratuita\".<\/em><br \/>\n- Josh, 27 anni<\/p><\/blockquote>\n<blockquote><p><em>\"Mi piace il fatto che non sia necessario iscriversi. Basta un clic per iniziare e sono in contatto con persone reali\".<\/em><br \/>\n- Isabella, 22 anni<\/p><\/blockquote>\n<blockquote><p><em>\"Il filtro di genere funziona davvero senza dover pagare un extra. Finalmente un sito che mantiene ci\u00f2 che promette\".<\/em><br \/>\n- Liam, 29 anni<\/p><\/blockquote>\n<blockquote><p><em>\"Veloce, facile e divertente. Ho conosciuto persone da tutto il mondo in una sola serata\".<\/em><br \/>\n- Sofia, 24<\/p><\/blockquote>\n<h2>Consigli di sicurezza per videochiamare gli sconosciuti<\/h2>\n<p>Sebbene le videochiamate con gli sconosciuti siano divertenti, \u00e8 sempre bene rimanere al sicuro:<\/p>\n<ul>\n<li>Non condividete dati personali come nome, indirizzo o numero di telefono.<\/li>\n<li>Evitate di cliccare su link provenienti da sconosciuti.<\/li>\n<li>Utilizzate il pulsante \"Avanti\" se la chat vi mette a disagio.<\/li>\n<li>Controllare lo sfondo prima di accendere la webcam.<\/li>\n<li>Attenetevi agli strumenti di sicurezza della piattaforma (blocco\/segnalazione).<\/li>\n<li>Rispettate i limiti di et\u00e0: non utilizzate piattaforme per adulti se avete meno di 18 anni.<\/li>\n<\/ul>\n<h2>Come iniziare - Passo dopo passo<\/h2>\n<p>Ci vuole meno di un minuto per avviare una videochiamata con persone sconosciute:<\/p>\n<ol>\n<li>Aprite StrangerCam nel vostro browser o sul cellulare.<\/li>\n<li>Consentire l'accesso alla webcam e al microfono.<\/li>\n<li>Selezionare le preferenze (come i filtri di genere).<\/li>\n<li>Fare clic su Avvia chat per connettersi immediatamente.<\/li>\n<li>Premete Avanti in qualsiasi momento per incontrare qualcuno di nuovo.<\/li>\n<\/ol>\n<p>Tutto qui: rapido, semplice e gratuito.<\/p>\n<h2>Pensieri finali - Provate oggi le videochiamate gratuite con gli sconosciuti<\/h2>\n<p>Nel 2025, uno dei modi pi\u00f9 semplici per incontrare nuove persone \u00e8 quello di videochiamare sconosciuti online. \u00c8 spontaneo, eccitante e permette di creare connessioni reali all'istante.<\/p>\n<p>Ma non tutte le piattaforme sono all'altezza. Molti siti nascondono le funzioni essenziali dietro i paywall o riempiono le chat di bot. Ecco perch\u00e9 StrangerCam \u00e8 l'opzione migliore: \u00e8 gratuito, sicuro, anonimo e pieno di persone di tutto il mondo pronte a connettersi.<\/p>\n<p>Sei pronto a conoscere qualcuno di nuovo? Iniziate oggi stesso una videochiamata gratuita con sconosciuti e scoprite chi incontrerete.<\/p>","protected":false},"excerpt":{"rendered":"<p>Have you been looking for the best way to video call strangers? You\u2019re not alone. Every month, millions of people search for instant video call platforms where they can meet random people, make new friends, flirt casually, or simply pass the time. Unlike dating apps or social networks, which can feel slow or fake, a [&hellip;]<\/p>\n","protected":false},"author":8,"featured_media":0,"parent":0,"menu_order":0,"comment_status":"closed","ping_status":"closed","template":"","meta":{"footnotes":""},"class_list":["post-4004","page","type-page","status-publish","hentry"],"yoast_head":"<!-- This site is optimized with the Yoast SEO plugin v27.4 - https:\/\/yoast.com\/product\/yoast-seo-wordpress\/ -->\n<title>Video Call Strangers on Strangercam.com<\/title>\n<meta name=\"description\" content=\"Liking Video Call Strangers? Join millions on StrangerCam.com! Start a random video chat, turn on your cam, and meet strangers instantly.\" \/>\n<meta name=\"robots\" content=\"index, follow, max-snippet:-1, max-image-preview:large, max-video-preview:-1\" \/>\n<link rel=\"canonical\" href=\"https:\/\/strangercam.com\/it\/videochiama-sconosciuti\/\" \/>\n<meta property=\"og:locale\" content=\"it_IT\" \/>\n<meta property=\"og:type\" content=\"article\" \/>\n<meta property=\"og:title\" content=\"Video Call Strangers on Strangercam.com\" \/>\n<meta property=\"og:description\" content=\"Liking Video Call Strangers? Join millions on StrangerCam.com! Start a random video chat, turn on your cam, and meet strangers instantly.\" \/>\n<meta property=\"og:url\" content=\"https:\/\/strangercam.com\/it\/videochiama-sconosciuti\/\" \/>\n<meta property=\"og:site_name\" content=\"Strangercam\" \/>\n<meta property=\"article:publisher\" content=\"https:\/\/www.facebook.com\/strangercam\" \/>\n<meta property=\"article:modified_time\" content=\"2025-09-03T11:39:32+00:00\" \/>\n<meta property=\"og:image\" content=\"https:\/\/strangercam.com\/wp-content\/uploads\/2021\/10\/Untitled-2.png\" \/>\n\t<meta property=\"og:image:width\" content=\"800\" \/>\n\t<meta property=\"og:image:height\" content=\"532\" \/>\n\t<meta property=\"og:image:type\" content=\"image\/png\" \/>\n<meta name=\"twitter:card\" content=\"summary_large_image\" \/>\n<meta name=\"twitter:site\" content=\"@strangercamapp\" \/>\n<meta name=\"twitter:label1\" content=\"Tempo di lettura stimato\" \/>\n\t<meta name=\"twitter:data1\" content=\"5 minuti\" \/>\n<script type=\"application\/ld+json\" class=\"yoast-schema-graph\">{\"@context\":\"https:\\\/\\\/schema.org\",\"@graph\":[{\"@type\":\"WebPage\",\"@id\":\"https:\\\/\\\/strangercam.com\\\/video-call-strangers\\\/\",\"url\":\"https:\\\/\\\/strangercam.com\\\/video-call-strangers\\\/\",\"name\":\"Video Call Strangers on Strangercam.com\",\"isPartOf\":{\"@id\":\"https:\\\/\\\/strangercam.com\\\/#website\"},\"datePublished\":\"2025-09-03T10:37:25+00:00\",\"dateModified\":\"2025-09-03T11:39:32+00:00\",\"description\":\"Liking Video Call Strangers? Join millions on StrangerCam.com! Start a random video chat, turn on your cam, and meet strangers instantly.\",\"breadcrumb\":{\"@id\":\"https:\\\/\\\/strangercam.com\\\/video-call-strangers\\\/#breadcrumb\"},\"inLanguage\":\"it-IT\",\"potentialAction\":[{\"@type\":\"ReadAction\",\"target\":[\"https:\\\/\\\/strangercam.com\\\/video-call-strangers\\\/\"]}]},{\"@type\":\"BreadcrumbList\",\"@id\":\"https:\\\/\\\/strangercam.com\\\/video-call-strangers\\\/#breadcrumb\",\"itemListElement\":[{\"@type\":\"ListItem\",\"position\":1,\"name\":\"Home\",\"item\":\"https:\\\/\\\/strangercam.com\\\/\"},{\"@type\":\"ListItem\",\"position\":2,\"name\":\"Video Call Strangers\"}]},{\"@type\":\"WebSite\",\"@id\":\"https:\\\/\\\/strangercam.com\\\/#website\",\"url\":\"https:\\\/\\\/strangercam.com\\\/\",\"name\":\"Strangercam\",\"description\":\"Random Video Chat with Strangers\",\"publisher\":{\"@id\":\"https:\\\/\\\/strangercam.com\\\/#organization\"},\"alternateName\":\"Strangercam.com\",\"potentialAction\":[{\"@type\":\"SearchAction\",\"target\":{\"@type\":\"EntryPoint\",\"urlTemplate\":\"https:\\\/\\\/strangercam.com\\\/?s={search_term_string}\"},\"query-input\":{\"@type\":\"PropertyValueSpecification\",\"valueRequired\":true,\"valueName\":\"search_term_string\"}}],\"inLanguage\":\"it-IT\"},{\"@type\":\"Organization\",\"@id\":\"https:\\\/\\\/strangercam.com\\\/#organization\",\"name\":\"Strangercam\",\"alternateName\":\"Strangercam.com\",\"url\":\"https:\\\/\\\/strangercam.com\\\/\",\"logo\":{\"@type\":\"ImageObject\",\"inLanguage\":\"it-IT\",\"@id\":\"https:\\\/\\\/strangercam.com\\\/#\\\/schema\\\/logo\\\/image\\\/\",\"url\":\"https:\\\/\\\/strangercam.com\\\/wp-content\\\/uploads\\\/2020\\\/11\\\/cropped-new-favicon-black.png\",\"contentUrl\":\"https:\\\/\\\/strangercam.com\\\/wp-content\\\/uploads\\\/2020\\\/11\\\/cropped-new-favicon-black.png\",\"width\":512,\"height\":512,\"caption\":\"Strangercam\"},\"image\":{\"@id\":\"https:\\\/\\\/strangercam.com\\\/#\\\/schema\\\/logo\\\/image\\\/\"},\"sameAs\":[\"https:\\\/\\\/www.facebook.com\\\/strangercam\",\"https:\\\/\\\/x.com\\\/strangercamapp\"]}]}<\/script>\n<!-- \/ Yoast SEO plugin. -->","yoast_head_json":{"title":"Videochiamare gli sconosciuti su Strangercam.com","description":"Ti piace videochiamare gli sconosciuti? Join milioni su StrangerCam.com! Avvia una chat video casuale, accendi la tua videocamera e incontra subito degli sconosciuti.","robots":{"index":"index","follow":"follow","max-snippet":"max-snippet:-1","max-image-preview":"max-image-preview:large","max-video-preview":"max-video-preview:-1"},"canonical":"https:\/\/strangercam.com\/it\/videochiama-sconosciuti\/","og_locale":"it_IT","og_type":"article","og_title":"Video Call Strangers on Strangercam.com","og_description":"Liking Video Call Strangers? Join millions on StrangerCam.com! Start a random video chat, turn on your cam, and meet strangers instantly.","og_url":"https:\/\/strangercam.com\/it\/videochiama-sconosciuti\/","og_site_name":"Strangercam","article_publisher":"https:\/\/www.facebook.com\/strangercam","article_modified_time":"2025-09-03T11:39:32+00:00","og_image":[{"width":800,"height":532,"url":"https:\/\/strangercam.com\/wp-content\/uploads\/2021\/10\/Untitled-2.png","type":"image\/png"}],"twitter_card":"summary_large_image","twitter_site":"@strangercamapp","twitter_misc":{"Tempo di lettura stimato":"5 minuti"},"schema":{"@context":"https:\/\/schema.org","@graph":[{"@type":"WebPage","@id":"https:\/\/strangercam.com\/video-call-strangers\/","url":"https:\/\/strangercam.com\/video-call-strangers\/","name":"Videochiamare gli sconosciuti su Strangercam.com","isPartOf":{"@id":"https:\/\/strangercam.com\/#website"},"datePublished":"2025-09-03T10:37:25+00:00","dateModified":"2025-09-03T11:39:32+00:00","description":"Ti piace videochiamare gli sconosciuti? Join milioni su StrangerCam.com! Avvia una chat video casuale, accendi la tua videocamera e incontra subito degli sconosciuti.","breadcrumb":{"@id":"https:\/\/strangercam.com\/video-call-strangers\/#breadcrumb"},"inLanguage":"it-IT","potentialAction":[{"@type":"ReadAction","target":["https:\/\/strangercam.com\/video-call-strangers\/"]}]},{"@type":"BreadcrumbList","@id":"https:\/\/strangercam.com\/video-call-strangers\/#breadcrumb","itemListElement":[{"@type":"ListItem","position":1,"name":"Home","item":"https:\/\/strangercam.com\/"},{"@type":"ListItem","position":2,"name":"Video Call Strangers"}]},{"@type":"WebSite","@id":"https:\/\/strangercam.com\/#website","url":"https:\/\/strangercam.com\/","name":"Strangercam","description":"Videochat casuale con sconosciuti","publisher":{"@id":"https:\/\/strangercam.com\/#organization"},"alternateName":"Strangercam.com","potentialAction":[{"@type":"SearchAction","target":{"@type":"EntryPoint","urlTemplate":"https:\/\/strangercam.com\/?s={search_term_string}"},"query-input":{"@type":"PropertyValueSpecification","valueRequired":true,"valueName":"search_term_string"}}],"inLanguage":"it-IT"},{"@type":"Organization","@id":"https:\/\/strangercam.com\/#organization","name":"Strangercam","alternateName":"Strangercam.com","url":"https:\/\/strangercam.com\/","logo":{"@type":"ImageObject","inLanguage":"it-IT","@id":"https:\/\/strangercam.com\/#\/schema\/logo\/image\/","url":"https:\/\/strangercam.com\/wp-content\/uploads\/2020\/11\/cropped-new-favicon-black.png","contentUrl":"https:\/\/strangercam.com\/wp-content\/uploads\/2020\/11\/cropped-new-favicon-black.png","width":512,"height":512,"caption":"Strangercam"},"image":{"@id":"https:\/\/strangercam.com\/#\/schema\/logo\/image\/"},"sameAs":["https:\/\/www.facebook.com\/strangercam","https:\/\/x.com\/strangercamapp"]}]}},"_links":{"self":[{"href":"https:\/\/strangercam.com\/it\/wp-json\/wp\/v2\/pages\/4004","targetHints":{"allow":["GET"]}}],"collection":[{"href":"https:\/\/strangercam.com\/it\/wp-json\/wp\/v2\/pages"}],"about":[{"href":"https:\/\/strangercam.com\/it\/wp-json\/wp\/v2\/types\/page"}],"author":[{"embeddable":true,"href":"https:\/\/strangercam.com\/it\/wp-json\/wp\/v2\/users\/8"}],"replies":[{"embeddable":true,"href":"https:\/\/strangercam.com\/it\/wp-json\/wp\/v2\/comments?post=4004"}],"version-history":[{"count":2,"href":"https:\/\/strangercam.com\/it\/wp-json\/wp\/v2\/pages\/4004\/revisions"}],"predecessor-version":[{"id":12995,"href":"https:\/\/strangercam.com\/it\/wp-json\/wp\/v2\/pages\/4004\/revisions\/12995"}],"wp:attachment":[{"href":"https:\/\/strangercam.com\/it\/wp-json\/wp\/v2\/media?parent=4004"}],"curies":[{"name":"wp","href":"https:\/\/api.w.org\/{rel}","templated":true}]}}