{"id":3987,"date":"2025-08-28T17:34:41","date_gmt":"2025-08-28T15:34:41","guid":{"rendered":"https:\/\/strangercam.com\/?page_id=3987"},"modified":"2025-09-03T13:32:08","modified_gmt":"2025-09-03T11:32:08","slug":"parla-con-sconosciuti-video-online","status":"publish","type":"page","link":"https:\/\/strangercam.com\/it\/talk-to-strangers-online-video\/","title":{"rendered":"Parlare con gli sconosciuti Video online"},"content":{"rendered":"<p>State cercando il modo migliore per parlare con gli sconosciuti online in stile video? Non siete gli unici. Ogni giorno, milioni di persone si collegano a <a href=\"https:\/\/strangercam.com\/it\/chathub\/\">chat<\/a> per entrare in contatto faccia a faccia con nuove persone in tutto il mondo. A differenza dei social media o delle app di incontri, dove le conversazioni spesso sembrano inscenate o richiedono tempo per iniziare, le chat video dal vivo con gli sconosciuti sono istantanee, autentiche ed emozionanti.<\/p>\n<p>Con piattaforme moderne come StrangerCam, \u00e8 possibile iniziare subito una videochat online gratuita con sconosciuti, senza registrazione, senza download e senza costi nascosti. Sia che vogliate fare amicizia, praticare una lingua, divertirvi con un flirt occasionale o semplicemente sconfiggere la noia, parlare con gli sconosciuti in video non \u00e8 mai stato cos\u00ec facile e sicuro.<\/p>\n<p>Questa guida vi spiegher\u00e0 tutto quello che c'\u00e8 da sapere sulle chat video online con gli sconosciuti: come funzionano, perch\u00e9 sono diventate cos\u00ec popolari, le caratteristiche che contano di pi\u00f9, i consigli per la sicurezza, i confronti tra le piattaforme e perch\u00e9 StrangerCam \u00e8 una delle scelte migliori per il 2025.<\/p>\n<h2>Che cosa significa \"Video online di conversazione con sconosciuti\"?<\/h2>\n<p>Quando si parla con estranei online in stile video, si utilizzano la webcam e il microfono per connettersi istantaneamente con persone a caso su Internet. A differenza delle chat testuali o delle piattaforme sociali, questo formato offre conversazioni in tempo reale, faccia a faccia con persone sconosciute, offrendo un'esperienza molto pi\u00f9 genuina e spontanea.<\/p>\n<p>Invece di scorrere all'infinito sulle app di incontri o di aspettare le risposte sui social media, si preme un pulsante e si incontra qualcuno all'istante. Pu\u00f2 essere una persona del proprio Paese o uno sconosciuto dall'altra parte del mondo. Ogni conversazione \u00e8 una sorpresa.<\/p>\n<h2>Perch\u00e9 le persone amano le video chat online gratuite con gli sconosciuti<\/h2>\n<p>L'ascesa delle piattaforme di video online per parlare gratuitamente con gli sconosciuti \u00e8 stata enorme, e per una buona ragione. Ecco perch\u00e9 gli utenti continuano a tornare:<\/p>\n<ul>\n<li>Connessione umana reale: I video dimostrano che state parlando con una persona reale, non con un profilo falso o un bot.<\/li>\n<li>Emozionante e spontaneo: Ogni chat \u00e8 imprevedibile: divertente, amichevole, flirtante o talvolta profonda.<\/li>\n<li>Nessuna barriera: Non c'\u00e8 bisogno di registrarsi, non c'\u00e8 bisogno di profili, non c'\u00e8 bisogno di aspettare: solo una connessione istantanea.<\/li>\n<li>Scambio culturale: Incontrare persone di paesi diversi e conoscere il loro stile di vita.<\/li>\n<li>Sollievo dalla solitudine: Per molti \u00e8 un modo rapido per sentirsi in contatto e sconfiggere la noia.<\/li>\n<li>Libert\u00e0 di scelta: Se non siete in sintonia con qualcuno, basta un clic per passare alla chat successiva.<\/li>\n<\/ul>\n<h2>Come funziona la conversazione video online con gli sconosciuti?<\/h2>\n<p>Il processo \u00e8 stato progettato per essere semplice e veloce:<\/p>\n<ol>\n<li>Aprire la piattaforma (mobile o desktop).<\/li>\n<li>Consentire l'accesso alla fotocamera e al microfono quando richiesto.<\/li>\n<li>Fate clic su \"Avvia chat\" per entrare immediatamente in contatto con uno sconosciuto a caso.<\/li>\n<li>Parlare in diretta su video. Se non vi piace la chat, premete \"Avanti\".<\/li>\n<li>Ripetete all'infinito: non c'\u00e8 limite al numero di persone che potete incontrare.<\/li>\n<\/ol>\n<p>Alcune piattaforme includono anche extra come i filtri di genere, la corrispondenza con la localit\u00e0 e persino strumenti di traduzione integrati per le chat multilingue.<\/p>\n<h2>Caratteristiche principali da ricercare<\/h2>\n<p>Se volete ottenere la migliore esperienza quando parlate con estranei in video online, tenete d'occhio queste caratteristiche:<\/p>\n<h3>1. Accesso veramente libero<\/h3>\n<p>Le migliori piattaforme vi permettono di chattare senza costringervi a sottoscrivere abbonamenti.<\/p>\n<h3>2. Non \u00e8 richiesta l'iscrizione<\/h3>\n<p>Rimanete anonimi e buttatevi subito nel divertimento senza account o login.<\/p>\n<h3>3. Filtri per genere e localit\u00e0<\/h3>\n<p>Utile se si vogliono incontrare tipi specifici di persone (come chattare solo con ragazze o con sconosciuti del proprio paese).<\/p>\n<h3>4. Moderazione e controlli di sicurezza<\/h3>\n<p>Moderatori attivi e strumenti di segnalazione aiutano a mantenere lo spazio al sicuro da comportamenti inappropriati.<\/p>\n<h3>5. Design compatibile con i dispositivi mobili<\/h3>\n<p>Dovreste essere in grado di connettervi facilmente dal vostro telefono, non solo dal computer.<\/p>\n<h3>6. Video di alta qualit\u00e0<\/h3>\n<p>Video fluidi e chiari rendono le conversazioni pi\u00f9 naturali e piacevoli.<\/p>\n<h2>Le migliori piattaforme per parlare con sconosciuti online in video nel 2025<\/h2>\n<p>Ecco come si confrontano alcune delle piattaforme pi\u00f9 popolari:<\/p>\n<table>\n<thead>\n<tr>\n<th>Piattaforma<\/th>\n<th align=\"center\">Accesso libero<\/th>\n<th align=\"center\">Filtro di genere<\/th>\n<th align=\"center\">\u00c8 necessario iscriversi<\/th>\n<th align=\"center\">Supporto mobile<\/th>\n<th align=\"center\">Moderazione<\/th>\n<th>Note<\/th>\n<\/tr>\n<\/thead>\n<tbody>\n<tr>\n<td>StrangerCam<\/td>\n<td align=\"center\">\u2705<\/td>\n<td align=\"center\">\u2705 (Gratuito)<\/td>\n<td align=\"center\">\u274c<\/td>\n<td align=\"center\">\u2705<\/td>\n<td align=\"center\">\u2705<\/td>\n<td>La scelta migliore in assoluto, sicura e veramente gratuita<\/td>\n<\/tr>\n<tr>\n<td><a href=\"https:\/\/strangercam.com\/it\/chatroulette\/\">Chatroulette<\/a><\/td>\n<td align=\"center\">\u2705<\/td>\n<td align=\"center\">\u274c (Pagato)<\/td>\n<td align=\"center\">\u274c<\/td>\n<td align=\"center\">\u2705<\/td>\n<td align=\"center\">\u2705<\/td>\n<td>Classico, ma con filtro di genere bloccato<\/td>\n<\/tr>\n<tr>\n<td>Chatrandom<\/td>\n<td align=\"center\">\u2705<\/td>\n<td align=\"center\">\u274c (Pagato)<\/td>\n<td align=\"center\">\u274c<\/td>\n<td align=\"center\">\u2705<\/td>\n<td align=\"center\">\u2705<\/td>\n<td>Ampia base di utenti, ma sono necessari aggiornamenti<\/td>\n<\/tr>\n<tr>\n<td><a href=\"https:\/\/strangercam.com\/it\/ometv\/\">OmeTV<\/a><\/td>\n<td align=\"center\">\u2705<\/td>\n<td align=\"center\">\u274c<\/td>\n<td align=\"center\">\u274c<\/td>\n<td align=\"center\">\u2705<\/td>\n<td align=\"center\">\u2705<\/td>\n<td>Basato su app, solo casuale<\/td>\n<\/tr>\n<tr>\n<td>Shagle<\/td>\n<td align=\"center\">\u2705<\/td>\n<td align=\"center\">\u274c (Pagato)<\/td>\n<td align=\"center\">\u274c<\/td>\n<td align=\"center\">\u2705<\/td>\n<td align=\"center\">\u2705<\/td>\n<td>Chat gratuite ma aggiornamenti premium spinti<\/td>\n<\/tr>\n<tr>\n<td><a href=\"https:\/\/strangercam.com\/it\/coomeet\/\">CooMeet<\/a><\/td>\n<td align=\"center\">\u274c (Prova)<\/td>\n<td align=\"center\">\u2705<\/td>\n<td align=\"center\">\u2705<\/td>\n<td align=\"center\">\u2705<\/td>\n<td align=\"center\">\u2705<\/td>\n<td>Pagato dopo alcune chat gratuite<\/td>\n<\/tr>\n<tr>\n<td>LuckyCrush<\/td>\n<td align=\"center\">\u274c<\/td>\n<td align=\"center\">\u2705<\/td>\n<td align=\"center\">\u2705<\/td>\n<td align=\"center\">\u2705<\/td>\n<td align=\"center\">\u2705<\/td>\n<td>Collegamenti sempre retribuiti e basati sul genere<\/td>\n<\/tr>\n<\/tbody>\n<\/table>\n<p>Tra queste, StrangerCam \u00e8 una delle uniche piattaforme che offre chat video online gratuite e illimitate con sconosciuti e un filtro di genere funzionante senza necessit\u00e0 di registrazione.<\/p>\n<h2>Perch\u00e9 StrangerCam \u00e8 il posto migliore per parlare con gli sconosciuti online<\/h2>\n<p>Ecco perch\u00e9 StrangerCam \u00e8 una delle migliori piattaforme del 2025 per parlare con estranei online tramite video:<\/p>\n<h3>1. Completamente gratuito e illimitato<\/h3>\n<p>Non ci sono costi nascosti, prove o sistemi di credito: potete chattare quanto volete.<\/p>\n<h3>2. Un vero filtro di genere gratuito<\/h3>\n<p>A differenza della maggior parte dei concorrenti, StrangerCam consente di selezionare ragazze, ragazzi o entrambi senza pagare.<\/p>\n<h3>3. Non \u00e8 necessaria la registrazione<\/h3>\n<p>Entrate subito nel vivo del divertimento senza creare un account.<\/p>\n<h3>4. Sicuro e moderato<\/h3>\n<p>I solidi sistemi di segnalazione e la moderazione in tempo reale ne fanno una delle opzioni pi\u00f9 sicure.<\/p>\n<h3>5. Base di utenti globale<\/h3>\n<p>Incontrare sconosciuti da oltre 100 Paesi, in qualsiasi momento, 24 ore su 24, 7 giorni su 7.<\/p>\n<h3>6. Funziona ovunque<\/h3>\n<p>Ottimizzato per desktop e dispositivi mobili, in modo da poter chattare anche in movimento.<\/p>\n<h2>Testimonianze di utenti reali<\/h2>\n<blockquote><p><em>\"Volevo solo un posto dove poter parlare con gli sconosciuti online in stile video, senza paywall o download. StrangerCam mi ha dato esattamente questo: libero, veloce e divertente\".<\/em><br \/>\n- Daniele, 28 anni<\/p><\/blockquote>\n<blockquote><p><em>\"Ho conosciuto persone di tanti Paesi diversi. \u00c8 coinvolgente e un ottimo modo per passare le mie serate\".<\/em><br \/>\n- Sophia, 24 anni<\/p><\/blockquote>\n<blockquote><p><em>\"Finalmente un sito dove il filtro di genere funziona davvero senza dover pagare. Lo consiglio vivamente\".<\/em><br \/>\n- Ryan, 32 anni<\/p><\/blockquote>\n<blockquote><p><em>\"Mi sembra pi\u00f9 sicuro di altre piattaforme che ho provato. La moderazione \u00e8 solida e posso saltare all'istante se non mi piace l'atmosfera\".<\/em><br \/>\n- Leah, 21 anni<\/p><\/blockquote>\n<h2>Consigli di sicurezza per parlare con gli sconosciuti online<\/h2>\n<p>Anche se le chat video online sono divertenti, la priorit\u00e0 \u00e8 sempre la sicurezza:<\/p>\n<ul>\n<li>Non condividete i dati personali (indirizzo, nome e cognome, numero di telefono).<\/li>\n<li>Saltate o bloccate chiunque vi faccia sentire a disagio.<\/li>\n<li>Non cliccate mai su link inviati da sconosciuti.<\/li>\n<li>Utilizzate uno sfondo neutro per non rivelare dettagli privati.<\/li>\n<li>Attenetevi agli strumenti della piattaforma: se necessario, utilizzate le funzioni di reporting.<\/li>\n<li>Rispettate i limiti di et\u00e0: se avete meno di 18 anni, non utilizzate i siti di chat casuale per adulti.<\/li>\n<\/ul>\n<h2>Come iniziare - Passo dopo passo<\/h2>\n<p>Ci vuole meno di un minuto per iniziare a parlare con gli sconosciuti via video:<\/p>\n<ol>\n<li>Aprite StrangerCam sul vostro browser.<\/li>\n<li>Consentire l'accesso alla telecamera e al microfono.<\/li>\n<li>Selezionare le preferenze (come il filtro di genere).<\/li>\n<li>Cliccate su Start Chat per incontrare subito il vostro primo sconosciuto.<\/li>\n<li>Fare clic su Avanti in qualsiasi momento per una nuova conversazione.<\/li>\n<\/ol>\n<p>Tutto qui: rapido, facile e completamente gratuito.<\/p>\n<h2>Domande frequenti<\/h2>\n<h3>\u00c8 davvero gratuito parlare con sconosciuti online tramite video?<\/h3>\n<p>S\u00ec. Piattaforme come StrangerCam offrono chat gratuite illimitate senza costi nascosti.<\/p>\n<h3>Devo iscrivermi?<\/h3>\n<p>No. StrangerCam non richiede un account o un login.<\/p>\n<h3>Gli estranei sono reali?<\/h3>\n<p>S\u00ec. Con i video in diretta si parla con persone reali, non con bot o account falsi.<\/p>\n<h3>Posso usarlo sul mio telefono?<\/h3>\n<p>S\u00ec. StrangerCam funziona perfettamente sia su dispositivi desktop che mobili.<\/p>\n<h3>\u00c8 sicuro?<\/h3>\n<p>S\u00ec, a condizione che si seguano i consigli di sicurezza di base e si utilizzino le funzioni di segnalazione di StrangerCam.<\/p>\n<h2>Pensieri finali - Provate oggi la chat video online gratuita con gli sconosciuti<\/h2>\n<p>Nel 2025, il modo pi\u00f9 semplice per conoscere nuove persone online \u00e8 quello di parlare con sconosciuti tramite video chat. \u00c8 spontaneo, autentico e gratuito e vi d\u00e0 la possibilit\u00e0 di connettervi istantaneamente con persone reali in tutto il mondo.<\/p>\n<p>Ma non tutte le piattaforme sono all'altezza. Molte nascondono le funzioni dietro i paywall o riempiono i loro siti di bot. Ecco perch\u00e9 StrangerCam \u00e8 una delle scelte migliori oggi: \u00e8 gratuita, sicura, anonima e aperta 24 ore su 24, 7 giorni su 7, con una comunit\u00e0 globale che aspetta di conoscerti.<\/p>\n<p>Pronti a connettervi? Avvia subito una videochat online gratuita con sconosciuti: non sai mai chi incontrerai.<\/p>","protected":false},"excerpt":{"rendered":"<p>Are you looking for the best way to talk to strangers online video style? You\u2019re not the only one. Every day, millions of people jump onto random chat platforms to connect face-to-face with new people across the globe. Unlike social media or dating apps, where conversations often feel staged or take time to start, live [&hellip;]<\/p>\n","protected":false},"author":8,"featured_media":0,"parent":0,"menu_order":0,"comment_status":"closed","ping_status":"closed","template":"","meta":{"footnotes":""},"class_list":["post-3987","page","type-page","status-publish","hentry"],"yoast_head":"<!-- This site is optimized with the Yoast SEO plugin v27.4 - https:\/\/yoast.com\/product\/yoast-seo-wordpress\/ -->\n<title>Talk to Strangers Online Video on Strangercam.com<\/title>\n<meta name=\"description\" content=\"Liking Talk to Strangers Online Video? Join millions on StrangerCam.com! Start a random video chat, turn on your cam, and meet strangers instantly.\" \/>\n<meta name=\"robots\" content=\"index, follow, max-snippet:-1, max-image-preview:large, max-video-preview:-1\" \/>\n<link rel=\"canonical\" href=\"https:\/\/strangercam.com\/it\/parla-con-sconosciuti-video-online\/\" \/>\n<meta property=\"og:locale\" content=\"it_IT\" \/>\n<meta property=\"og:type\" content=\"article\" \/>\n<meta property=\"og:title\" content=\"Talk to Strangers Online Video on Strangercam.com\" \/>\n<meta property=\"og:description\" content=\"Liking Talk to Strangers Online Video? Join millions on StrangerCam.com! Start a random video chat, turn on your cam, and meet strangers instantly.\" \/>\n<meta property=\"og:url\" content=\"https:\/\/strangercam.com\/it\/parla-con-sconosciuti-video-online\/\" \/>\n<meta property=\"og:site_name\" content=\"Strangercam\" \/>\n<meta property=\"article:publisher\" content=\"https:\/\/www.facebook.com\/strangercam\" \/>\n<meta property=\"article:modified_time\" content=\"2025-09-03T11:32:08+00:00\" \/>\n<meta property=\"og:image\" content=\"https:\/\/strangercam.com\/wp-content\/uploads\/2021\/10\/Untitled-2.png\" \/>\n\t<meta property=\"og:image:width\" content=\"800\" \/>\n\t<meta property=\"og:image:height\" content=\"532\" \/>\n\t<meta property=\"og:image:type\" content=\"image\/png\" \/>\n<meta name=\"twitter:card\" content=\"summary_large_image\" \/>\n<meta name=\"twitter:site\" content=\"@strangercamapp\" \/>\n<meta name=\"twitter:label1\" content=\"Tempo di lettura stimato\" \/>\n\t<meta name=\"twitter:data1\" content=\"6 minuti\" \/>\n<script type=\"application\/ld+json\" class=\"yoast-schema-graph\">{\"@context\":\"https:\\\/\\\/schema.org\",\"@graph\":[{\"@type\":\"WebPage\",\"@id\":\"https:\\\/\\\/strangercam.com\\\/talk-to-strangers-online-video\\\/\",\"url\":\"https:\\\/\\\/strangercam.com\\\/talk-to-strangers-online-video\\\/\",\"name\":\"Talk to Strangers Online Video on Strangercam.com\",\"isPartOf\":{\"@id\":\"https:\\\/\\\/strangercam.com\\\/#website\"},\"datePublished\":\"2025-08-28T15:34:41+00:00\",\"dateModified\":\"2025-09-03T11:32:08+00:00\",\"description\":\"Liking Talk to Strangers Online Video? Join millions on StrangerCam.com! Start a random video chat, turn on your cam, and meet strangers instantly.\",\"breadcrumb\":{\"@id\":\"https:\\\/\\\/strangercam.com\\\/talk-to-strangers-online-video\\\/#breadcrumb\"},\"inLanguage\":\"it-IT\",\"potentialAction\":[{\"@type\":\"ReadAction\",\"target\":[\"https:\\\/\\\/strangercam.com\\\/talk-to-strangers-online-video\\\/\"]}]},{\"@type\":\"BreadcrumbList\",\"@id\":\"https:\\\/\\\/strangercam.com\\\/talk-to-strangers-online-video\\\/#breadcrumb\",\"itemListElement\":[{\"@type\":\"ListItem\",\"position\":1,\"name\":\"Home\",\"item\":\"https:\\\/\\\/strangercam.com\\\/\"},{\"@type\":\"ListItem\",\"position\":2,\"name\":\"Talk to Strangers Online Video\"}]},{\"@type\":\"WebSite\",\"@id\":\"https:\\\/\\\/strangercam.com\\\/#website\",\"url\":\"https:\\\/\\\/strangercam.com\\\/\",\"name\":\"Strangercam\",\"description\":\"Random Video Chat with Strangers\",\"publisher\":{\"@id\":\"https:\\\/\\\/strangercam.com\\\/#organization\"},\"alternateName\":\"Strangercam.com\",\"potentialAction\":[{\"@type\":\"SearchAction\",\"target\":{\"@type\":\"EntryPoint\",\"urlTemplate\":\"https:\\\/\\\/strangercam.com\\\/?s={search_term_string}\"},\"query-input\":{\"@type\":\"PropertyValueSpecification\",\"valueRequired\":true,\"valueName\":\"search_term_string\"}}],\"inLanguage\":\"it-IT\"},{\"@type\":\"Organization\",\"@id\":\"https:\\\/\\\/strangercam.com\\\/#organization\",\"name\":\"Strangercam\",\"alternateName\":\"Strangercam.com\",\"url\":\"https:\\\/\\\/strangercam.com\\\/\",\"logo\":{\"@type\":\"ImageObject\",\"inLanguage\":\"it-IT\",\"@id\":\"https:\\\/\\\/strangercam.com\\\/#\\\/schema\\\/logo\\\/image\\\/\",\"url\":\"https:\\\/\\\/strangercam.com\\\/wp-content\\\/uploads\\\/2020\\\/11\\\/cropped-new-favicon-black.png\",\"contentUrl\":\"https:\\\/\\\/strangercam.com\\\/wp-content\\\/uploads\\\/2020\\\/11\\\/cropped-new-favicon-black.png\",\"width\":512,\"height\":512,\"caption\":\"Strangercam\"},\"image\":{\"@id\":\"https:\\\/\\\/strangercam.com\\\/#\\\/schema\\\/logo\\\/image\\\/\"},\"sameAs\":[\"https:\\\/\\\/www.facebook.com\\\/strangercam\",\"https:\\\/\\\/x.com\\\/strangercamapp\"]}]}<\/script>\n<!-- \/ Yoast SEO plugin. -->","yoast_head_json":{"title":"Parlare con gli sconosciuti Video online su Strangercam.com","description":"Ti piace parlare con gli sconosciuti in video online? Join milioni su StrangerCam.com! Avvia una chat video casuale, accendi la tua cam e incontra subito degli sconosciuti.","robots":{"index":"index","follow":"follow","max-snippet":"max-snippet:-1","max-image-preview":"max-image-preview:large","max-video-preview":"max-video-preview:-1"},"canonical":"https:\/\/strangercam.com\/it\/parla-con-sconosciuti-video-online\/","og_locale":"it_IT","og_type":"article","og_title":"Talk to Strangers Online Video on Strangercam.com","og_description":"Liking Talk to Strangers Online Video? Join millions on StrangerCam.com! Start a random video chat, turn on your cam, and meet strangers instantly.","og_url":"https:\/\/strangercam.com\/it\/parla-con-sconosciuti-video-online\/","og_site_name":"Strangercam","article_publisher":"https:\/\/www.facebook.com\/strangercam","article_modified_time":"2025-09-03T11:32:08+00:00","og_image":[{"width":800,"height":532,"url":"https:\/\/strangercam.com\/wp-content\/uploads\/2021\/10\/Untitled-2.png","type":"image\/png"}],"twitter_card":"summary_large_image","twitter_site":"@strangercamapp","twitter_misc":{"Tempo di lettura stimato":"6 minuti"},"schema":{"@context":"https:\/\/schema.org","@graph":[{"@type":"WebPage","@id":"https:\/\/strangercam.com\/talk-to-strangers-online-video\/","url":"https:\/\/strangercam.com\/talk-to-strangers-online-video\/","name":"Parlare con gli sconosciuti Video online su Strangercam.com","isPartOf":{"@id":"https:\/\/strangercam.com\/#website"},"datePublished":"2025-08-28T15:34:41+00:00","dateModified":"2025-09-03T11:32:08+00:00","description":"Ti piace parlare con gli sconosciuti in video online? Join milioni su StrangerCam.com! Avvia una chat video casuale, accendi la tua cam e incontra subito degli sconosciuti.","breadcrumb":{"@id":"https:\/\/strangercam.com\/talk-to-strangers-online-video\/#breadcrumb"},"inLanguage":"it-IT","potentialAction":[{"@type":"ReadAction","target":["https:\/\/strangercam.com\/talk-to-strangers-online-video\/"]}]},{"@type":"BreadcrumbList","@id":"https:\/\/strangercam.com\/talk-to-strangers-online-video\/#breadcrumb","itemListElement":[{"@type":"ListItem","position":1,"name":"Home","item":"https:\/\/strangercam.com\/"},{"@type":"ListItem","position":2,"name":"Talk to Strangers Online Video"}]},{"@type":"WebSite","@id":"https:\/\/strangercam.com\/#website","url":"https:\/\/strangercam.com\/","name":"Strangercam","description":"Videochat casuale con sconosciuti","publisher":{"@id":"https:\/\/strangercam.com\/#organization"},"alternateName":"Strangercam.com","potentialAction":[{"@type":"SearchAction","target":{"@type":"EntryPoint","urlTemplate":"https:\/\/strangercam.com\/?s={search_term_string}"},"query-input":{"@type":"PropertyValueSpecification","valueRequired":true,"valueName":"search_term_string"}}],"inLanguage":"it-IT"},{"@type":"Organization","@id":"https:\/\/strangercam.com\/#organization","name":"Strangercam","alternateName":"Strangercam.com","url":"https:\/\/strangercam.com\/","logo":{"@type":"ImageObject","inLanguage":"it-IT","@id":"https:\/\/strangercam.com\/#\/schema\/logo\/image\/","url":"https:\/\/strangercam.com\/wp-content\/uploads\/2020\/11\/cropped-new-favicon-black.png","contentUrl":"https:\/\/strangercam.com\/wp-content\/uploads\/2020\/11\/cropped-new-favicon-black.png","width":512,"height":512,"caption":"Strangercam"},"image":{"@id":"https:\/\/strangercam.com\/#\/schema\/logo\/image\/"},"sameAs":["https:\/\/www.facebook.com\/strangercam","https:\/\/x.com\/strangercamapp"]}]}},"_links":{"self":[{"href":"https:\/\/strangercam.com\/it\/wp-json\/wp\/v2\/pages\/3987","targetHints":{"allow":["GET"]}}],"collection":[{"href":"https:\/\/strangercam.com\/it\/wp-json\/wp\/v2\/pages"}],"about":[{"href":"https:\/\/strangercam.com\/it\/wp-json\/wp\/v2\/types\/page"}],"author":[{"embeddable":true,"href":"https:\/\/strangercam.com\/it\/wp-json\/wp\/v2\/users\/8"}],"replies":[{"embeddable":true,"href":"https:\/\/strangercam.com\/it\/wp-json\/wp\/v2\/comments?post=3987"}],"version-history":[{"count":2,"href":"https:\/\/strangercam.com\/it\/wp-json\/wp\/v2\/pages\/3987\/revisions"}],"predecessor-version":[{"id":12981,"href":"https:\/\/strangercam.com\/it\/wp-json\/wp\/v2\/pages\/3987\/revisions\/12981"}],"wp:attachment":[{"href":"https:\/\/strangercam.com\/it\/wp-json\/wp\/v2\/media?parent=3987"}],"curies":[{"name":"wp","href":"https:\/\/api.w.org\/{rel}","templated":true}]}}