{"id":3970,"date":"2025-08-28T17:31:39","date_gmt":"2025-08-28T15:31:39","guid":{"rendered":"https:\/\/strangercam.com\/?page_id=3970"},"modified":"2025-09-03T13:32:00","modified_gmt":"2025-09-03T11:32:00","slug":"chat-webcam-casuale","status":"publish","type":"page","link":"https:\/\/strangercam.com\/it\/random-webcam-chat\/","title":{"rendered":"Chat webcam casuale"},"content":{"rendered":"<p>Alla ricerca del brivido di una webcam casuale <a href=\"https:\/\/strangercam.com\/it\/chathub\/\">chat<\/a>? Non siete soli. Fin dai primi giorni di <a href=\"https:\/\/strangercam.com\/it\/omegle\/\">Omegle<\/a> e <a href=\"https:\/\/strangercam.com\/it\/chatroulette\/\">Chatroulette<\/a>, milioni di persone hanno scoperto il divertimento di connettersi faccia a faccia con estranei con un semplice clic. A differenza dei social media o delle app di incontri, dove le conversazioni sembrano pianificate o lente, le chat casuali via webcam sono istantanee, spontanee e reali.<\/p>\n<p>Nel 2025, piattaforme come StrangerCam rendono pi\u00f9 facile che mai godere di chat casuali gratuite in webcam, senza download, senza registrazione e senza costi nascosti. Che si tratti di incontrare nuovi amici, flirtare, condividere culture o semplicemente sfuggire alla noia, la chat in webcam con sconosciuti \u00e8 uno dei modi pi\u00f9 eccitanti per connettersi online.<\/p>\n<p>Questa guida vi spiegher\u00e0 tutto quello che c'\u00e8 da sapere: come funziona la chat casuale via webcam, perch\u00e9 le persone la amano, quali caratteristiche cercare, confronti tra le migliori piattaforme, consigli per la sicurezza e perch\u00e9 StrangerCam \u00e8 una delle scelte migliori oggi.<\/p>\n<h2>Che cos'\u00e8 la chat webcam casuale?<\/h2>\n<p>La chat casuale via webcam \u00e8 un'esperienza video dal vivo che vi connette istantaneamente con sconosciuti in tutto il mondo utilizzando la vostra webcam e il vostro microfono. A differenza delle chat di testo, la chat via webcam consente di interagire faccia a faccia in tempo reale.<\/p>\n<p>Il processo \u00e8 progettato per essere semplice e veloce: basta premere \"Inizia\" e in pochi secondi si viene abbinati a una nuova persona. Se la conversazione non \u00e8 di vostro gradimento, premete \"Avanti\" per andare avanti. Ogni chat \u00e8 unica: a volte divertente, a volte flirtante, a volte sorprendente.<\/p>\n<h2>Perch\u00e9 le persone amano la chat casuale gratuita via webcam<\/h2>\n<p>Il fascino delle chat casuali gratuite in webcam sta crescendo rapidamente, ed ecco perch\u00e9:<\/p>\n<ul>\n<li>Divertimento spontaneo - Non si sa mai chi si incontra dopo.<\/li>\n<li>Autenticit\u00e0 - I video dimostrano che state parlando con una persona reale, non con un bot o un profilo falso.<\/li>\n<li>Nessuna iscrizione o impegno - Molte piattaforme non richiedono account. Basta fare clic e chattare.<\/li>\n<li>Connessioni globali - Incontrare persone da tutto il mondo in pochi secondi.<\/li>\n<li>Variet\u00e0 - Ogni chat \u00e8 diversa: casuale, culturale o addirittura flirtante.<\/li>\n<li>Alleviare lo stress e divertirsi - Un modo perfetto per rilassarsi e curare la noia.<\/li>\n<\/ul>\n<h2>Come funziona la chat webcam casuale?<\/h2>\n<p>Avviare una chat casuale via webcam \u00e8 incredibilmente semplice:<\/p>\n<ol>\n<li>Aprire la piattaforma sul computer o sul dispositivo mobile.<\/li>\n<li>Consentire l'accesso alla telecamera e al microfono.<\/li>\n<li>Fare clic su \"Avvia chat\". Sarete immediatamente connessi con uno sconosciuto.<\/li>\n<li>Parlare dal vivo faccia a faccia.<\/li>\n<li>Fare clic su \"Avanti\" ogni volta che si desidera incontrare qualcuno di nuovo.<\/li>\n<\/ol>\n<p>L'intero processo richiede meno di un minuto, il che lo rende uno dei modi pi\u00f9 semplici per incontrare nuove persone online.<\/p>\n<h2>Caratteristiche principali da ricercare<\/h2>\n<p>Non tutte le piattaforme di chat via webcam sono uguali. Per ottenere la migliore esperienza, cercate queste caratteristiche chiave:<\/p>\n<h3>1. Accesso veramente libero<\/h3>\n<p>Evitate i siti che dichiarano di essere gratuiti ma che vi spingono rapidamente verso i paywall.<\/p>\n<h3>2. Non \u00e8 necessario iscriversi<\/h3>\n<p>Non dovrebbe essere necessario registrarsi o fornire dati personali solo per iniziare a chattare.<\/p>\n<h3>3. Filtri per genere e localit\u00e0<\/h3>\n<p>Scegliete di chattare con tipi specifici di persone, ad esempio solo ragazze o persone provenienti da determinati Paesi.<\/p>\n<h3>4. Forti strumenti di moderazione e segnalazione<\/h3>\n<p>Questi mantengono l'ambiente sicuro rimuovendo gli utenti abusivi e i bot.<\/p>\n<h3>5. Compatibilit\u00e0 con i dispositivi mobili<\/h3>\n<p>Una buona piattaforma dovrebbe funzionare senza problemi su telefoni, tablet e desktop.<\/p>\n<h3>6. Video e audio di alta qualit\u00e0<\/h3>\n<p>Collegamenti chiari e affidabili rendono le conversazioni pi\u00f9 naturali e divertenti.<\/p>\n<h2>Le migliori piattaforme di chat webcam casuali nel 2025<\/h2>\n<p>Ecco come si confrontano le migliori opzioni per gli utenti che cercano chat casuali via webcam:<\/p>\n<table>\n<thead>\n<tr>\n<th>Piattaforma<\/th>\n<th align=\"center\">Accesso libero<\/th>\n<th align=\"center\">Filtro di genere<\/th>\n<th align=\"center\">\u00c8 necessario iscriversi<\/th>\n<th align=\"center\">Supporto mobile<\/th>\n<th align=\"center\">Moderazione<\/th>\n<th>Note<\/th>\n<\/tr>\n<\/thead>\n<tbody>\n<tr>\n<td>StrangerCam<\/td>\n<td align=\"center\">\u2705<\/td>\n<td align=\"center\">\u2705 (Gratuito)<\/td>\n<td align=\"center\">\u274c<\/td>\n<td align=\"center\">\u2705<\/td>\n<td align=\"center\">\u2705<\/td>\n<td>La migliore scelta a tutto tondo, veramente gratuita<\/td>\n<\/tr>\n<tr>\n<td>Chatroulette<\/td>\n<td align=\"center\">\u2705<\/td>\n<td align=\"center\">\u274c (Pagato)<\/td>\n<td align=\"center\">\u274c<\/td>\n<td align=\"center\">\u2705<\/td>\n<td align=\"center\">\u2705<\/td>\n<td>Classico ma con filtri a pagamento<\/td>\n<\/tr>\n<tr>\n<td>Chatrandom<\/td>\n<td align=\"center\">\u2705<\/td>\n<td align=\"center\">\u274c (Pagato)<\/td>\n<td align=\"center\">\u274c<\/td>\n<td align=\"center\">\u2705<\/td>\n<td align=\"center\">\u2705<\/td>\n<td>Popolare, ma aggiornamenti spinti<\/td>\n<\/tr>\n<tr>\n<td><a href=\"https:\/\/strangercam.com\/it\/ometv\/\">OmeTV<\/a><\/td>\n<td align=\"center\">\u2705<\/td>\n<td align=\"center\">\u274c<\/td>\n<td align=\"center\">\u274c<\/td>\n<td align=\"center\">\u2705<\/td>\n<td align=\"center\">\u2705<\/td>\n<td>Applicazione mobile, solo abbinamento casuale<\/td>\n<\/tr>\n<tr>\n<td>Shagle<\/td>\n<td align=\"center\">\u2705<\/td>\n<td align=\"center\">\u274c (Pagato)<\/td>\n<td align=\"center\">\u274c<\/td>\n<td align=\"center\">\u2705<\/td>\n<td align=\"center\">\u2705<\/td>\n<td>Molte funzioni bloccate in Premium<\/td>\n<\/tr>\n<tr>\n<td><a href=\"https:\/\/strangercam.com\/it\/coomeet\/\">CooMeet<\/a><\/td>\n<td align=\"center\">\u274c (Prova)<\/td>\n<td align=\"center\">\u2705<\/td>\n<td align=\"center\">\u2705<\/td>\n<td align=\"center\">\u2705<\/td>\n<td align=\"center\">\u2705<\/td>\n<td>A pagamento dopo una prova gratuita limitata<\/td>\n<\/tr>\n<tr>\n<td>LuckyCrush<\/td>\n<td align=\"center\">\u274c<\/td>\n<td align=\"center\">\u2705<\/td>\n<td align=\"center\">\u2705<\/td>\n<td align=\"center\">\u2705<\/td>\n<td align=\"center\">\u2705<\/td>\n<td>Sempre retribuito, con abbinamento specifico per sesso<\/td>\n<\/tr>\n<\/tbody>\n<\/table>\n<p>StrangerCam si distingue come una delle uniche piattaforme che offre chat casuali gratuite in webcam con filtri di genere funzionanti, nessuna registrazione e accesso illimitato.<\/p>\n<h2>Perch\u00e9 StrangerCam \u00e8 il posto migliore per le chat casuali via webcam<\/h2>\n<p>Ecco perch\u00e9 StrangerCam \u00e8 la scelta migliore per le chat via webcam nel 2025:<\/p>\n<h3>1. Completamente gratuito<\/h3>\n<p>Chat illimitate con sconosciuti, senza costi nascosti.<\/p>\n<h3>2. Filtro di genere gratuito<\/h3>\n<p>Scegliete ragazzi, ragazze o entrambi, senza paywall.<\/p>\n<h3>3. Non \u00e8 richiesta l'iscrizione<\/h3>\n<p>Entrate direttamente nella chat in totale anonimato.<\/p>\n<h3>4. Sicuro e moderato<\/h3>\n<p>Robusti strumenti di segnalazione e sistemi di moderazione mantengono lo spazio pulito e amichevole.<\/p>\n<h3>5. Comunit\u00e0 globale<\/h3>\n<p>Stranieri da oltre 100 paesi online 24 ore su 24, 7 giorni su 7.<\/p>\n<h3>6. Design compatibile con i dispositivi mobili<\/h3>\n<p>Ottimizzato per tutti i dispositivi: per chattare sempre e ovunque.<\/p>\n<h2>Testimonianze di utenti reali<\/h2>\n<blockquote><p><em>\"Le chat casuali in webcam sono il mio modo preferito per rilassarmi dopo il lavoro. StrangerCam lo rende cos\u00ec facile: nessuna iscrizione, nessuna assurdit\u00e0, solo chat gratuite\".<\/em><br \/>\n- Michael, 29 anni<\/p><\/blockquote>\n<blockquote><p><em>\"Il filtro di genere funziona davvero gratuitamente, il che \u00e8 raro. Ho avuto delle belle conversazioni con le ragazze di tutto il mondo\".<\/em><br \/>\n- Emma, 23 anni<\/p><\/blockquote>\n<blockquote><p><em>\"\u00c8 molto divertente. Un minuto prima sto chiacchierando con una persona italiana, quello dopo con una canadese. Non sai mai cosa aspettarti\".<\/em><br \/>\n- Davide, 26 anni<\/p><\/blockquote>\n<blockquote><p><em>\"Ho provato altri siti, ma la maggior parte mi ha chiesto di pagare. StrangerCam \u00e8 l'unico che ha mantenuto la promessa di una chat casuale e gratuita in webcam\".<\/em><br \/>\n- Sophia, 20 anni<\/p><\/blockquote>\n<h2>Consigli di sicurezza per le chat casuali in webcam<\/h2>\n<p>Anche se la chat via webcam \u00e8 divertente, \u00e8 necessario rimanere sempre al sicuro:<\/p>\n<ul>\n<li>Non condividete dati personali come telefono, e-mail o indirizzo di casa.<\/li>\n<li>Saltate o bloccate chiunque vi metta a disagio.<\/li>\n<li>Non cliccate mai sui link che gli estranei condividono.<\/li>\n<li>Utilizzare uno sfondo neutro per evitare di rivelare dettagli privati.<\/li>\n<li>Seguite le regole dell'et\u00e0: se avete meno di 18 anni, evitate i siti di chat per adulti.<\/li>\n<li>Attenetevi agli strumenti della piattaforma per segnalare o bloccare gli utenti scorretti.<\/li>\n<\/ul>\n<h2>Come iniziare - Passo dopo passo<\/h2>\n<p>Per avviare una chat casuale con la webcam bastano pochi secondi:<\/p>\n<ol>\n<li>Aprite StrangerCam nel vostro browser.<\/li>\n<li>Consentire l'accesso alla webcam e al microfono.<\/li>\n<li>Selezionare le preferenze (come il filtro di genere).<\/li>\n<li>Fare clic su Avvia chat per connettersi immediatamente.<\/li>\n<li>Fate clic su Avanti in qualsiasi momento per incontrare qualcuno di nuovo.<\/li>\n<\/ol>\n<p>Tutto qui: veloce, semplice e completamente gratuito.<\/p>\n<h2>Domande frequenti<\/h2>\n<h3>La chat webcam casuale \u00e8 gratuita?<\/h3>\n<p>S\u00ec. StrangerCam offre chat via webcam illimitate e gratuite con sconosciuti.<\/p>\n<h3>Devo iscrivermi?<\/h3>\n<p>No. StrangerCam non richiede alcuna registrazione.<\/p>\n<h3>Le persone sono reali?<\/h3>\n<p>S\u00ec. La chat via webcam garantisce la connessione con persone reali, non con bot.<\/p>\n<h3>Posso usarlo sul mio telefono?<\/h3>\n<p>S\u00ec. StrangerCam \u00e8 mobile-friendly e funziona su tutti i dispositivi.<\/p>\n<h3>\u00c8 sicuro?<\/h3>\n<p>S\u00ec, a patto che si seguano i consigli di sicurezza e si utilizzino gli strumenti di segnalazione della piattaforma.<\/p>\n<h2>Pensieri finali - Provate oggi la chat casuale gratuita con la webcam<\/h2>\n<p>Nel 2025, la chat casuale in webcam \u00e8 ancora uno dei modi pi\u00f9 eccitanti per incontrare nuove persone online. \u00c8 gratuita, spontanea e consente di sperimentare un'autentica interazione umana in tempo reale.<\/p>\n<p>Ma non tutte le piattaforme sono all'altezza: molte nascondono i filtri dietro i paywall o inondano le chat di bot. Ecco perch\u00e9 StrangerCam \u00e8 la scelta migliore: \u00e8 gratuita, anonima, sicura e sempre piena di persone pronte a connettersi.<\/p>\n<p>Sei pronto a provare? Avvia oggi stesso una chat casuale in webcam e scopri chi incontrerai.<\/p>","protected":false},"excerpt":{"rendered":"<p>Looking for the thrill of a random webcam chat? You\u2019re not alone. Since the early days of Omegle and Chatroulette, millions of people have discovered the fun of connecting face-to-face with strangers at the click of a button. Unlike social media or dating apps, where conversations feel planned or slow, random webcam chat is instant, [&hellip;]<\/p>\n","protected":false},"author":8,"featured_media":0,"parent":0,"menu_order":0,"comment_status":"closed","ping_status":"closed","template":"","meta":{"footnotes":""},"class_list":["post-3970","page","type-page","status-publish","hentry"],"yoast_head":"<!-- This site is optimized with the Yoast SEO plugin v27.4 - https:\/\/yoast.com\/product\/yoast-seo-wordpress\/ -->\n<title>Random Webcam Chat with Random Chat on Strangercam.com<\/title>\n<meta name=\"description\" content=\"Liking Random Webcam Chat? Join millions on StrangerCam.com! Start a random video chat, turn on your cam, and meet strangers instantly.\" \/>\n<meta name=\"robots\" content=\"index, follow, max-snippet:-1, max-image-preview:large, max-video-preview:-1\" \/>\n<link rel=\"canonical\" href=\"https:\/\/strangercam.com\/it\/chat-webcam-casuale\/\" \/>\n<meta property=\"og:locale\" content=\"it_IT\" \/>\n<meta property=\"og:type\" content=\"article\" \/>\n<meta property=\"og:title\" content=\"Random Webcam Chat with Random Chat on Strangercam.com\" \/>\n<meta property=\"og:description\" content=\"Liking Random Webcam Chat? Join millions on StrangerCam.com! Start a random video chat, turn on your cam, and meet strangers instantly.\" \/>\n<meta property=\"og:url\" content=\"https:\/\/strangercam.com\/it\/chat-webcam-casuale\/\" \/>\n<meta property=\"og:site_name\" content=\"Strangercam\" \/>\n<meta property=\"article:publisher\" content=\"https:\/\/www.facebook.com\/strangercam\" \/>\n<meta property=\"article:modified_time\" content=\"2025-09-03T11:32:00+00:00\" \/>\n<meta property=\"og:image\" content=\"https:\/\/strangercam.com\/wp-content\/uploads\/2021\/10\/Untitled-2.png\" \/>\n\t<meta property=\"og:image:width\" content=\"800\" \/>\n\t<meta property=\"og:image:height\" content=\"532\" \/>\n\t<meta property=\"og:image:type\" content=\"image\/png\" \/>\n<meta name=\"twitter:card\" content=\"summary_large_image\" \/>\n<meta name=\"twitter:site\" content=\"@strangercamapp\" \/>\n<meta name=\"twitter:label1\" content=\"Tempo di lettura stimato\" \/>\n\t<meta name=\"twitter:data1\" content=\"5 minuti\" \/>\n<script type=\"application\/ld+json\" class=\"yoast-schema-graph\">{\"@context\":\"https:\\\/\\\/schema.org\",\"@graph\":[{\"@type\":\"WebPage\",\"@id\":\"https:\\\/\\\/strangercam.com\\\/random-webcam-chat\\\/\",\"url\":\"https:\\\/\\\/strangercam.com\\\/random-webcam-chat\\\/\",\"name\":\"Random Webcam Chat with Random Chat on Strangercam.com\",\"isPartOf\":{\"@id\":\"https:\\\/\\\/strangercam.com\\\/#website\"},\"datePublished\":\"2025-08-28T15:31:39+00:00\",\"dateModified\":\"2025-09-03T11:32:00+00:00\",\"description\":\"Liking Random Webcam Chat? Join millions on StrangerCam.com! Start a random video chat, turn on your cam, and meet strangers instantly.\",\"breadcrumb\":{\"@id\":\"https:\\\/\\\/strangercam.com\\\/random-webcam-chat\\\/#breadcrumb\"},\"inLanguage\":\"it-IT\",\"potentialAction\":[{\"@type\":\"ReadAction\",\"target\":[\"https:\\\/\\\/strangercam.com\\\/random-webcam-chat\\\/\"]}]},{\"@type\":\"BreadcrumbList\",\"@id\":\"https:\\\/\\\/strangercam.com\\\/random-webcam-chat\\\/#breadcrumb\",\"itemListElement\":[{\"@type\":\"ListItem\",\"position\":1,\"name\":\"Home\",\"item\":\"https:\\\/\\\/strangercam.com\\\/\"},{\"@type\":\"ListItem\",\"position\":2,\"name\":\"Random Webcam Chat\"}]},{\"@type\":\"WebSite\",\"@id\":\"https:\\\/\\\/strangercam.com\\\/#website\",\"url\":\"https:\\\/\\\/strangercam.com\\\/\",\"name\":\"Strangercam\",\"description\":\"Random Video Chat with Strangers\",\"publisher\":{\"@id\":\"https:\\\/\\\/strangercam.com\\\/#organization\"},\"alternateName\":\"Strangercam.com\",\"potentialAction\":[{\"@type\":\"SearchAction\",\"target\":{\"@type\":\"EntryPoint\",\"urlTemplate\":\"https:\\\/\\\/strangercam.com\\\/?s={search_term_string}\"},\"query-input\":{\"@type\":\"PropertyValueSpecification\",\"valueRequired\":true,\"valueName\":\"search_term_string\"}}],\"inLanguage\":\"it-IT\"},{\"@type\":\"Organization\",\"@id\":\"https:\\\/\\\/strangercam.com\\\/#organization\",\"name\":\"Strangercam\",\"alternateName\":\"Strangercam.com\",\"url\":\"https:\\\/\\\/strangercam.com\\\/\",\"logo\":{\"@type\":\"ImageObject\",\"inLanguage\":\"it-IT\",\"@id\":\"https:\\\/\\\/strangercam.com\\\/#\\\/schema\\\/logo\\\/image\\\/\",\"url\":\"https:\\\/\\\/strangercam.com\\\/wp-content\\\/uploads\\\/2020\\\/11\\\/cropped-new-favicon-black.png\",\"contentUrl\":\"https:\\\/\\\/strangercam.com\\\/wp-content\\\/uploads\\\/2020\\\/11\\\/cropped-new-favicon-black.png\",\"width\":512,\"height\":512,\"caption\":\"Strangercam\"},\"image\":{\"@id\":\"https:\\\/\\\/strangercam.com\\\/#\\\/schema\\\/logo\\\/image\\\/\"},\"sameAs\":[\"https:\\\/\\\/www.facebook.com\\\/strangercam\",\"https:\\\/\\\/x.com\\\/strangercamapp\"]}]}<\/script>\n<!-- \/ Yoast SEO plugin. -->","yoast_head_json":{"title":"Chat webcam casuale con Chat casuale su Strangercam.com","description":"Ti piace la chat webcam casuale? Join milioni su StrangerCam.com! Avvia una chat video casuale, accendi la tua cam e incontra subito degli sconosciuti.","robots":{"index":"index","follow":"follow","max-snippet":"max-snippet:-1","max-image-preview":"max-image-preview:large","max-video-preview":"max-video-preview:-1"},"canonical":"https:\/\/strangercam.com\/it\/chat-webcam-casuale\/","og_locale":"it_IT","og_type":"article","og_title":"Random Webcam Chat with Random Chat on Strangercam.com","og_description":"Liking Random Webcam Chat? Join millions on StrangerCam.com! Start a random video chat, turn on your cam, and meet strangers instantly.","og_url":"https:\/\/strangercam.com\/it\/chat-webcam-casuale\/","og_site_name":"Strangercam","article_publisher":"https:\/\/www.facebook.com\/strangercam","article_modified_time":"2025-09-03T11:32:00+00:00","og_image":[{"width":800,"height":532,"url":"https:\/\/strangercam.com\/wp-content\/uploads\/2021\/10\/Untitled-2.png","type":"image\/png"}],"twitter_card":"summary_large_image","twitter_site":"@strangercamapp","twitter_misc":{"Tempo di lettura stimato":"5 minuti"},"schema":{"@context":"https:\/\/schema.org","@graph":[{"@type":"WebPage","@id":"https:\/\/strangercam.com\/random-webcam-chat\/","url":"https:\/\/strangercam.com\/random-webcam-chat\/","name":"Chat webcam casuale con Chat casuale su Strangercam.com","isPartOf":{"@id":"https:\/\/strangercam.com\/#website"},"datePublished":"2025-08-28T15:31:39+00:00","dateModified":"2025-09-03T11:32:00+00:00","description":"Ti piace la chat webcam casuale? Join milioni su StrangerCam.com! Avvia una chat video casuale, accendi la tua cam e incontra subito degli sconosciuti.","breadcrumb":{"@id":"https:\/\/strangercam.com\/random-webcam-chat\/#breadcrumb"},"inLanguage":"it-IT","potentialAction":[{"@type":"ReadAction","target":["https:\/\/strangercam.com\/random-webcam-chat\/"]}]},{"@type":"BreadcrumbList","@id":"https:\/\/strangercam.com\/random-webcam-chat\/#breadcrumb","itemListElement":[{"@type":"ListItem","position":1,"name":"Home","item":"https:\/\/strangercam.com\/"},{"@type":"ListItem","position":2,"name":"Random Webcam Chat"}]},{"@type":"WebSite","@id":"https:\/\/strangercam.com\/#website","url":"https:\/\/strangercam.com\/","name":"Strangercam","description":"Videochat casuale con sconosciuti","publisher":{"@id":"https:\/\/strangercam.com\/#organization"},"alternateName":"Strangercam.com","potentialAction":[{"@type":"SearchAction","target":{"@type":"EntryPoint","urlTemplate":"https:\/\/strangercam.com\/?s={search_term_string}"},"query-input":{"@type":"PropertyValueSpecification","valueRequired":true,"valueName":"search_term_string"}}],"inLanguage":"it-IT"},{"@type":"Organization","@id":"https:\/\/strangercam.com\/#organization","name":"Strangercam","alternateName":"Strangercam.com","url":"https:\/\/strangercam.com\/","logo":{"@type":"ImageObject","inLanguage":"it-IT","@id":"https:\/\/strangercam.com\/#\/schema\/logo\/image\/","url":"https:\/\/strangercam.com\/wp-content\/uploads\/2020\/11\/cropped-new-favicon-black.png","contentUrl":"https:\/\/strangercam.com\/wp-content\/uploads\/2020\/11\/cropped-new-favicon-black.png","width":512,"height":512,"caption":"Strangercam"},"image":{"@id":"https:\/\/strangercam.com\/#\/schema\/logo\/image\/"},"sameAs":["https:\/\/www.facebook.com\/strangercam","https:\/\/x.com\/strangercamapp"]}]}},"_links":{"self":[{"href":"https:\/\/strangercam.com\/it\/wp-json\/wp\/v2\/pages\/3970","targetHints":{"allow":["GET"]}}],"collection":[{"href":"https:\/\/strangercam.com\/it\/wp-json\/wp\/v2\/pages"}],"about":[{"href":"https:\/\/strangercam.com\/it\/wp-json\/wp\/v2\/types\/page"}],"author":[{"embeddable":true,"href":"https:\/\/strangercam.com\/it\/wp-json\/wp\/v2\/users\/8"}],"replies":[{"embeddable":true,"href":"https:\/\/strangercam.com\/it\/wp-json\/wp\/v2\/comments?post=3970"}],"version-history":[{"count":2,"href":"https:\/\/strangercam.com\/it\/wp-json\/wp\/v2\/pages\/3970\/revisions"}],"predecessor-version":[{"id":12980,"href":"https:\/\/strangercam.com\/it\/wp-json\/wp\/v2\/pages\/3970\/revisions\/12980"}],"wp:attachment":[{"href":"https:\/\/strangercam.com\/it\/wp-json\/wp\/v2\/media?parent=3970"}],"curies":[{"name":"wp","href":"https:\/\/api.w.org\/{rel}","templated":true}]}}