{"id":3953,"date":"2025-08-28T17:28:59","date_gmt":"2025-08-28T15:28:59","guid":{"rendered":"https:\/\/strangercam.com\/?page_id=3953"},"modified":"2025-09-03T13:31:49","modified_gmt":"2025-09-03T11:31:49","slug":"video-chat-casuale-online","status":"publish","type":"page","link":"https:\/\/strangercam.com\/it\/random-video-chat-online\/","title":{"rendered":"Videochat casuale online"},"content":{"rendered":"<p>Cercate il modo migliore per godervi un video casuale <a href=\"https:\/\/strangercam.com\/it\/chathub\/\">chat<\/a> online? Non siete soli. Dai tempi di <a href=\"https:\/\/strangercam.com\/it\/omegle\/\">Omegle<\/a> e <a href=\"https:\/\/strangercam.com\/it\/chatroulette\/\">Chatroulette<\/a>, milioni di persone in tutto il mondo sono state attratte dall'emozione di connettersi faccia a faccia con persone sconosciute. A differenza delle app di incontri o dei social media, che possono sembrare una messinscena o una lentezza, le videochat casuali online sono veloci, reali e spontanee.<\/p>\n<p>Nel 2025, piattaforme come StrangerCam rendono pi\u00f9 facile che mai iniziare una video chat casuale gratuita online, senza download, senza iscrizioni e senza costi nascosti. Se siete qui per fare nuove amicizie, flirtare, praticare le lingue o semplicemente ammazzare il tempo, questa guida vi mostrer\u00e0 tutto ci\u00f2 che dovete sapere: come funziona, perch\u00e9 la gente la ama, le caratteristiche che contano di pi\u00f9, i consigli per la sicurezza, i confronti tra le migliori piattaforme e perch\u00e9 StrangerCam \u00e8 una delle scelte migliori oggi.<\/p>\n<h2>Che cos'\u00e8 la chat video casuale online?<\/h2>\n<p>La chat video casuale online \u00e8 un'esperienza di chat video dal vivo uno contro uno in cui si \u00e8 connessi istantaneamente a uno sconosciuto utilizzando la webcam e il microfono. L'aspetto \"casuale\" significa che non si sa mai chi si incontrer\u00e0 fino all'inizio della chat: potrebbe essere una persona vicina o dall'altra parte del mondo.<\/p>\n<p>Il formato \u00e8 semplice: cliccate su \"Inizia\" e in pochi secondi vi troverete faccia a faccia con una persona nuova. Non vi piace la conversazione? Basta fare clic su \"Avanti\" per essere immediatamente abbinati a un'altra persona. Ogni chat \u00e8 unica: divertente, sorprendente e sempre imprevedibile.<\/p>\n<h2>Perch\u00e9 le persone amano la chat video casuale gratuita online<\/h2>\n<p>C'\u00e8 un motivo per cui milioni di persone cercano video chat casuali gratuite online ogni mese. Ecco cosa la rende cos\u00ec attraente:<\/p>\n<ul>\n<li>Spontaneit\u00e0: ogni chat \u00e8 una sorpresa, che crea eccitazione e curiosit\u00e0.<\/li>\n<li>Autenticit\u00e0: A differenza della chat di testo, il video garantisce che la persona sia reale. Niente bot, niente falsi.<\/li>\n<li>Portata globale: Incontrare persone da decine di paesi, 24 ore su 24, 7 giorni su 7.<\/li>\n<li>Nessuna registrazione o impegno: Molte piattaforme non richiedono altro che un clic.<\/li>\n<li>Amicizia e divertimento: Alcuni lo usano per fare amicizia, altri per flirtare o divertirsi.<\/li>\n<li>Fuga rapida dalla noia: Le chat casuali sono il modo perfetto per rompere la routine.<\/li>\n<\/ul>\n<h2>Come funziona la chat video casuale online?<\/h2>\n<p>Iniziare \u00e8 semplice e veloce:<\/p>\n<ol>\n<li>Aprite una piattaforma come StrangerCam nel vostro browser o sul vostro telefono.<\/li>\n<li>Consentire l'accesso alla telecamera e al microfono.<\/li>\n<li>Fate clic su \"Avvia chat\" per connettervi immediatamente con uno sconosciuto.<\/li>\n<li>Chattare in diretta via video.<\/li>\n<li>Fare clic su \"Avanti\" in qualsiasi momento per andare avanti e incontrare qualcuno di nuovo.<\/li>\n<\/ol>\n<p>Alcune piattaforme includono anche extra come i filtri di genere, la selezione del paese e persino la traduzione automatica per le chat internazionali.<\/p>\n<h2>Caratteristiche principali da ricercare<\/h2>\n<p>Non tutte le piattaforme che offrono video chat online casuali sono uguali. Ecco cosa cercare:<\/p>\n<h3>1. Accesso libero senza limiti<\/h3>\n<p>Diffidate delle piattaforme che dichiarano di essere gratuite ma che poi bloccano le funzioni dietro i muri a pagamento.<\/p>\n<h3>2. Non \u00e8 necessario iscriversi<\/h3>\n<p>I siti migliori non richiedono un account o informazioni personali.<\/p>\n<h3>3. Filtri per genere e localit\u00e0<\/h3>\n<p>Questi aiutano a entrare in contatto con il tipo di persone a cui si \u00e8 interessati.<\/p>\n<h3>4. Moderazione e sicurezza<\/h3>\n<p>Forti strumenti di segnalazione e sistemi di moderazione mantengono la comunit\u00e0 al sicuro.<\/p>\n<h3>5. Esperienza mobile-friendly<\/h3>\n<p>Dovreste essere in grado di utilizzare facilmente le chat video sia da desktop che da mobile.<\/p>\n<h3>6. Video e audio di alta qualit\u00e0<\/h3>\n<p>Una connessione fluida rende le conversazioni pi\u00f9 naturali e piacevoli.<\/p>\n<h2>Le migliori piattaforme per la chat video casuale online nel 2025<\/h2>\n<p>Ecco un confronto tra le piattaforme pi\u00f9 diffuse per la videochiamata casuale online:<\/p>\n<table>\n<thead>\n<tr>\n<th>Piattaforma<\/th>\n<th align=\"center\">Accesso libero<\/th>\n<th align=\"center\">Filtro di genere<\/th>\n<th align=\"center\">\u00c8 necessario iscriversi<\/th>\n<th align=\"center\">Supporto mobile<\/th>\n<th align=\"center\">Moderazione<\/th>\n<th>Note<\/th>\n<\/tr>\n<\/thead>\n<tbody>\n<tr>\n<td>StrangerCam<\/td>\n<td align=\"center\">\u2705<\/td>\n<td align=\"center\">\u2705 (Gratuito)<\/td>\n<td align=\"center\">\u274c<\/td>\n<td align=\"center\">\u2705<\/td>\n<td align=\"center\">\u2705<\/td>\n<td>La scelta migliore in assoluto, veramente gratuita<\/td>\n<\/tr>\n<tr>\n<td>Chatroulette<\/td>\n<td align=\"center\">\u2705<\/td>\n<td align=\"center\">\u274c (Pagato)<\/td>\n<td align=\"center\">\u274c<\/td>\n<td align=\"center\">\u2705<\/td>\n<td align=\"center\">\u2705<\/td>\n<td>Classico, ma i filtri di genere costano<\/td>\n<\/tr>\n<tr>\n<td>Chatrandom<\/td>\n<td align=\"center\">\u2705<\/td>\n<td align=\"center\">\u274c (Pagato)<\/td>\n<td align=\"center\">\u274c<\/td>\n<td align=\"center\">\u2705<\/td>\n<td align=\"center\">\u2705<\/td>\n<td>Popolare, ma aggiornamenti spinti<\/td>\n<\/tr>\n<tr>\n<td><a href=\"https:\/\/strangercam.com\/it\/ometv\/\">OmeTV<\/a><\/td>\n<td align=\"center\">\u2705<\/td>\n<td align=\"center\">\u274c<\/td>\n<td align=\"center\">\u274c<\/td>\n<td align=\"center\">\u2705<\/td>\n<td align=\"center\">\u2705<\/td>\n<td>App mobile, solo casuale<\/td>\n<\/tr>\n<tr>\n<td>Shagle<\/td>\n<td align=\"center\">\u2705<\/td>\n<td align=\"center\">\u274c (Pagato)<\/td>\n<td align=\"center\">\u274c<\/td>\n<td align=\"center\">\u2705<\/td>\n<td align=\"center\">\u2705<\/td>\n<td>Per i filtri sono necessari aggiornamenti premium<\/td>\n<\/tr>\n<tr>\n<td><a href=\"https:\/\/strangercam.com\/it\/coomeet\/\">CooMeet<\/a><\/td>\n<td align=\"center\">\u274c (Prova)<\/td>\n<td align=\"center\">\u2705<\/td>\n<td align=\"center\">\u2705<\/td>\n<td align=\"center\">\u2705<\/td>\n<td align=\"center\">\u2705<\/td>\n<td>A pagamento dopo una prova gratuita limitata<\/td>\n<\/tr>\n<tr>\n<td>LuckyCrush<\/td>\n<td align=\"center\">\u274c<\/td>\n<td align=\"center\">\u2705<\/td>\n<td align=\"center\">\u2705<\/td>\n<td align=\"center\">\u2705<\/td>\n<td align=\"center\">\u2705<\/td>\n<td>Sempre a pagamento, chat specifica per genere<\/td>\n<\/tr>\n<\/tbody>\n<\/table>\n<p>Tra queste, StrangerCam \u00e8 una delle uniche piattaforme che offre video chat casuali online gratuite e illimitate con un filtro di genere funzionante e senza registrazione.<\/p>\n<h2>Perch\u00e9 StrangerCam \u00e8 il posto migliore per le videochat casuali online<\/h2>\n<p>Ecco perch\u00e9 StrangerCam si distingue nel 2025 per le persone che cercano video chat casuali online:<\/p>\n<h3>1. Completamente gratuito<\/h3>\n<p>Chat illimitate, senza costi nascosti o crediti richiesti.<\/p>\n<h3>2. Filtro di genere gratuito<\/h3>\n<p>Scegliete chi volete incontrare - ragazzi, ragazze o entrambi - senza pagare.<\/p>\n<h3>3. Nessuna iscrizione o registrazione<\/h3>\n<p>Rimanete anonimi e chattate all'istante.<\/p>\n<h3>4. Sicuro e moderato<\/h3>\n<p>Forti strumenti di moderazione e segnalazione proteggono la comunit\u00e0.<\/p>\n<h3>5. Base di utenti globale<\/h3>\n<p>Incontrare persone da oltre 100 paesi, in qualsiasi momento.<\/p>\n<h3>6. Funziona ovunque<\/h3>\n<p>Ottimizzato per desktop, tablet e cellulari.<\/p>\n<h2>Testimonianze di utenti reali<\/h2>\n<blockquote><p><em>\"Stavo cercando un modo per fare videochat online senza rimanere bloccata dai paywall. StrangerCam era l'unico sito che lo manteneva davvero gratuito\".<\/em><br \/>\n- Chris, 25 anni<\/p><\/blockquote>\n<blockquote><p><em>\"Ho incontrato persone provenienti da Europa, Asia e Stati Uniti in una sola serata. \u00c8 il modo migliore per entrare in contatto con gli sconosciuti all'istante\".<\/em><br \/>\n- Maya, 21 anni<\/p><\/blockquote>\n<blockquote><p><em>\"Il filtro di genere \u00e8 gratuito e funziona perfettamente. Molti siti cercano di farlo pagare\".<\/em><br \/>\n- Daniele, 28 anni<\/p><\/blockquote>\n<blockquote><p><em>\"Semplice, sicuro e divertente. StrangerCam \u00e8 il mio punto di riferimento ogni volta che voglio incontrare sconosciuti online\".<\/em><br \/>\n- Sophia, 23 anni<\/p><\/blockquote>\n<h2>Consigli di sicurezza per le videochat casuali online<\/h2>\n<p>Anche se le videochiamate sono divertenti, la sicurezza deve essere sempre al primo posto:<\/p>\n<ul>\n<li>Non condividete informazioni personali come il numero di telefono, l'indirizzo o l'e-mail.<\/li>\n<li>Utilizzate il pulsante \"Avanti\" se non vi sentite a vostro agio.<\/li>\n<li>Evitare di cliccare sui link che gli estranei inviano.<\/li>\n<li>Controllate il vostro background per assicurarvi di non rivelare dettagli privati.<\/li>\n<li>Attenersi agli strumenti della piattaforma (bloccare\/segnalare gli utenti scorretti).<\/li>\n<li>Rispettate le regole dell'et\u00e0: se avete meno di 18 anni, evitate le piattaforme di video chat per adulti.<\/li>\n<\/ul>\n<h2>Come iniziare - Passo dopo passo<\/h2>\n<p>Joining una chat video casuale online richiede meno di un minuto:<\/p>\n<ol>\n<li>Aprite StrangerCam nel vostro browser o sul vostro telefono.<\/li>\n<li>Consentire l'accesso alla webcam e al microfono.<\/li>\n<li>Selezionare le preferenze (come il filtro di genere, se si desidera).<\/li>\n<li>Fare clic su Avvia chat per connettersi immediatamente.<\/li>\n<li>Chiacchierate faccia a faccia e fate clic su Avanti in qualsiasi momento.<\/li>\n<\/ol>\n<p>Veloce, semplice e gratuito.<\/p>\n<h2>Domande frequenti<\/h2>\n<h3>La chat video casuale online \u00e8 davvero gratuita?<\/h3>\n<p>S\u00ec. StrangerCam offre chat gratuite illimitate senza costi nascosti.<\/p>\n<h3>Devo iscrivermi?<\/h3>\n<p>No. StrangerCam non richiede alcun account o login.<\/p>\n<h3>Le persone sono reali?<\/h3>\n<p>S\u00ec. I video in diretta assicurano che si parli con persone reali, non con bot.<\/p>\n<h3>Posso usarlo sul cellulare?<\/h3>\n<p>S\u00ec. StrangerCam \u00e8 completamente mobile-friendly.<\/p>\n<h3>\u00c8 sicuro?<\/h3>\n<p>S\u00ec, purch\u00e9 si seguano i consigli di sicurezza e si utilizzino gli strumenti di segnalazione di StrangerCam.<\/p>\n<h2>Pensieri finali - Provate oggi la chat video casuale gratuita online<\/h2>\n<p>Nel 2025, le videochat casuali online sono uno dei modi pi\u00f9 eccitanti e autentici per incontrare nuove persone. \u00c8 spontanea, gratuita e mette in contatto istantaneo con persone reali in tutto il mondo.<\/p>\n<p>Non tutte le piattaforme mantengono ci\u00f2 che promettono: molte nascondono le funzioni dietro i paywall o hanno troppi bot. Ecco perch\u00e9 StrangerCam \u00e8 la scelta migliore: \u00e8 gratuita, anonima, moderata e ricca di utenti globali pronti a incontrarti 24 ore su 24, 7 giorni su 7.<\/p>\n<p>Pronti a provare? Avvia subito una video chat casuale gratuita online e scopri chi incontrerai.<\/p>","protected":false},"excerpt":{"rendered":"<p>Looking for the best way to enjoy random video chat online? You\u2019re not alone. Since the days of Omegle and Chatroulette, millions of people around the world have been drawn to the excitement of connecting face-to-face with strangers. Unlike dating apps or social media, which can feel staged or slow, random video chat online is [&hellip;]<\/p>\n","protected":false},"author":8,"featured_media":0,"parent":0,"menu_order":0,"comment_status":"closed","ping_status":"closed","template":"","meta":{"footnotes":""},"class_list":["post-3953","page","type-page","status-publish","hentry"],"yoast_head":"<!-- This site is optimized with the Yoast SEO plugin v27.4 - https:\/\/yoast.com\/product\/yoast-seo-wordpress\/ -->\n<title>Random Video Chat Online on Strangercam.com<\/title>\n<meta name=\"description\" content=\"Liking Random Video Chat Online? Join millions on StrangerCam.com! Start a random video chat, turn on your cam, and meet strangers instantly.\" \/>\n<meta name=\"robots\" content=\"index, follow, max-snippet:-1, max-image-preview:large, max-video-preview:-1\" \/>\n<link rel=\"canonical\" href=\"https:\/\/strangercam.com\/it\/video-chat-casuale-online\/\" \/>\n<meta property=\"og:locale\" content=\"it_IT\" \/>\n<meta property=\"og:type\" content=\"article\" \/>\n<meta property=\"og:title\" content=\"Random Video Chat Online on Strangercam.com\" \/>\n<meta property=\"og:description\" content=\"Liking Random Video Chat Online? Join millions on StrangerCam.com! Start a random video chat, turn on your cam, and meet strangers instantly.\" \/>\n<meta property=\"og:url\" content=\"https:\/\/strangercam.com\/it\/video-chat-casuale-online\/\" \/>\n<meta property=\"og:site_name\" content=\"Strangercam\" \/>\n<meta property=\"article:publisher\" content=\"https:\/\/www.facebook.com\/strangercam\" \/>\n<meta property=\"article:modified_time\" content=\"2025-09-03T11:31:49+00:00\" \/>\n<meta property=\"og:image\" content=\"https:\/\/strangercam.com\/wp-content\/uploads\/2021\/10\/Untitled-2.png\" \/>\n\t<meta property=\"og:image:width\" content=\"800\" \/>\n\t<meta property=\"og:image:height\" content=\"532\" \/>\n\t<meta property=\"og:image:type\" content=\"image\/png\" \/>\n<meta name=\"twitter:card\" content=\"summary_large_image\" \/>\n<meta name=\"twitter:site\" content=\"@strangercamapp\" \/>\n<meta name=\"twitter:label1\" content=\"Tempo di lettura stimato\" \/>\n\t<meta name=\"twitter:data1\" content=\"5 minuti\" \/>\n<script type=\"application\/ld+json\" class=\"yoast-schema-graph\">{\"@context\":\"https:\\\/\\\/schema.org\",\"@graph\":[{\"@type\":\"WebPage\",\"@id\":\"https:\\\/\\\/strangercam.com\\\/random-video-chat-online\\\/\",\"url\":\"https:\\\/\\\/strangercam.com\\\/random-video-chat-online\\\/\",\"name\":\"Random Video Chat Online on Strangercam.com\",\"isPartOf\":{\"@id\":\"https:\\\/\\\/strangercam.com\\\/#website\"},\"datePublished\":\"2025-08-28T15:28:59+00:00\",\"dateModified\":\"2025-09-03T11:31:49+00:00\",\"description\":\"Liking Random Video Chat Online? Join millions on StrangerCam.com! Start a random video chat, turn on your cam, and meet strangers instantly.\",\"breadcrumb\":{\"@id\":\"https:\\\/\\\/strangercam.com\\\/random-video-chat-online\\\/#breadcrumb\"},\"inLanguage\":\"it-IT\",\"potentialAction\":[{\"@type\":\"ReadAction\",\"target\":[\"https:\\\/\\\/strangercam.com\\\/random-video-chat-online\\\/\"]}]},{\"@type\":\"BreadcrumbList\",\"@id\":\"https:\\\/\\\/strangercam.com\\\/random-video-chat-online\\\/#breadcrumb\",\"itemListElement\":[{\"@type\":\"ListItem\",\"position\":1,\"name\":\"Home\",\"item\":\"https:\\\/\\\/strangercam.com\\\/\"},{\"@type\":\"ListItem\",\"position\":2,\"name\":\"Random Video Chat Online\"}]},{\"@type\":\"WebSite\",\"@id\":\"https:\\\/\\\/strangercam.com\\\/#website\",\"url\":\"https:\\\/\\\/strangercam.com\\\/\",\"name\":\"Strangercam\",\"description\":\"Random Video Chat with Strangers\",\"publisher\":{\"@id\":\"https:\\\/\\\/strangercam.com\\\/#organization\"},\"alternateName\":\"Strangercam.com\",\"potentialAction\":[{\"@type\":\"SearchAction\",\"target\":{\"@type\":\"EntryPoint\",\"urlTemplate\":\"https:\\\/\\\/strangercam.com\\\/?s={search_term_string}\"},\"query-input\":{\"@type\":\"PropertyValueSpecification\",\"valueRequired\":true,\"valueName\":\"search_term_string\"}}],\"inLanguage\":\"it-IT\"},{\"@type\":\"Organization\",\"@id\":\"https:\\\/\\\/strangercam.com\\\/#organization\",\"name\":\"Strangercam\",\"alternateName\":\"Strangercam.com\",\"url\":\"https:\\\/\\\/strangercam.com\\\/\",\"logo\":{\"@type\":\"ImageObject\",\"inLanguage\":\"it-IT\",\"@id\":\"https:\\\/\\\/strangercam.com\\\/#\\\/schema\\\/logo\\\/image\\\/\",\"url\":\"https:\\\/\\\/strangercam.com\\\/wp-content\\\/uploads\\\/2020\\\/11\\\/cropped-new-favicon-black.png\",\"contentUrl\":\"https:\\\/\\\/strangercam.com\\\/wp-content\\\/uploads\\\/2020\\\/11\\\/cropped-new-favicon-black.png\",\"width\":512,\"height\":512,\"caption\":\"Strangercam\"},\"image\":{\"@id\":\"https:\\\/\\\/strangercam.com\\\/#\\\/schema\\\/logo\\\/image\\\/\"},\"sameAs\":[\"https:\\\/\\\/www.facebook.com\\\/strangercam\",\"https:\\\/\\\/x.com\\\/strangercamapp\"]}]}<\/script>\n<!-- \/ Yoast SEO plugin. -->","yoast_head_json":{"title":"Videochat casuale online su Strangercam.com","description":"Ti piace la video chat casuale online? Join milioni su StrangerCam.com! Avvia una chat video casuale, accendi la tua cam e incontra subito degli sconosciuti.","robots":{"index":"index","follow":"follow","max-snippet":"max-snippet:-1","max-image-preview":"max-image-preview:large","max-video-preview":"max-video-preview:-1"},"canonical":"https:\/\/strangercam.com\/it\/video-chat-casuale-online\/","og_locale":"it_IT","og_type":"article","og_title":"Random Video Chat Online on Strangercam.com","og_description":"Liking Random Video Chat Online? Join millions on StrangerCam.com! Start a random video chat, turn on your cam, and meet strangers instantly.","og_url":"https:\/\/strangercam.com\/it\/video-chat-casuale-online\/","og_site_name":"Strangercam","article_publisher":"https:\/\/www.facebook.com\/strangercam","article_modified_time":"2025-09-03T11:31:49+00:00","og_image":[{"width":800,"height":532,"url":"https:\/\/strangercam.com\/wp-content\/uploads\/2021\/10\/Untitled-2.png","type":"image\/png"}],"twitter_card":"summary_large_image","twitter_site":"@strangercamapp","twitter_misc":{"Tempo di lettura stimato":"5 minuti"},"schema":{"@context":"https:\/\/schema.org","@graph":[{"@type":"WebPage","@id":"https:\/\/strangercam.com\/random-video-chat-online\/","url":"https:\/\/strangercam.com\/random-video-chat-online\/","name":"Videochat casuale online su Strangercam.com","isPartOf":{"@id":"https:\/\/strangercam.com\/#website"},"datePublished":"2025-08-28T15:28:59+00:00","dateModified":"2025-09-03T11:31:49+00:00","description":"Ti piace la video chat casuale online? Join milioni su StrangerCam.com! Avvia una chat video casuale, accendi la tua cam e incontra subito degli sconosciuti.","breadcrumb":{"@id":"https:\/\/strangercam.com\/random-video-chat-online\/#breadcrumb"},"inLanguage":"it-IT","potentialAction":[{"@type":"ReadAction","target":["https:\/\/strangercam.com\/random-video-chat-online\/"]}]},{"@type":"BreadcrumbList","@id":"https:\/\/strangercam.com\/random-video-chat-online\/#breadcrumb","itemListElement":[{"@type":"ListItem","position":1,"name":"Home","item":"https:\/\/strangercam.com\/"},{"@type":"ListItem","position":2,"name":"Random Video Chat Online"}]},{"@type":"WebSite","@id":"https:\/\/strangercam.com\/#website","url":"https:\/\/strangercam.com\/","name":"Strangercam","description":"Videochat casuale con sconosciuti","publisher":{"@id":"https:\/\/strangercam.com\/#organization"},"alternateName":"Strangercam.com","potentialAction":[{"@type":"SearchAction","target":{"@type":"EntryPoint","urlTemplate":"https:\/\/strangercam.com\/?s={search_term_string}"},"query-input":{"@type":"PropertyValueSpecification","valueRequired":true,"valueName":"search_term_string"}}],"inLanguage":"it-IT"},{"@type":"Organization","@id":"https:\/\/strangercam.com\/#organization","name":"Strangercam","alternateName":"Strangercam.com","url":"https:\/\/strangercam.com\/","logo":{"@type":"ImageObject","inLanguage":"it-IT","@id":"https:\/\/strangercam.com\/#\/schema\/logo\/image\/","url":"https:\/\/strangercam.com\/wp-content\/uploads\/2020\/11\/cropped-new-favicon-black.png","contentUrl":"https:\/\/strangercam.com\/wp-content\/uploads\/2020\/11\/cropped-new-favicon-black.png","width":512,"height":512,"caption":"Strangercam"},"image":{"@id":"https:\/\/strangercam.com\/#\/schema\/logo\/image\/"},"sameAs":["https:\/\/www.facebook.com\/strangercam","https:\/\/x.com\/strangercamapp"]}]}},"_links":{"self":[{"href":"https:\/\/strangercam.com\/it\/wp-json\/wp\/v2\/pages\/3953","targetHints":{"allow":["GET"]}}],"collection":[{"href":"https:\/\/strangercam.com\/it\/wp-json\/wp\/v2\/pages"}],"about":[{"href":"https:\/\/strangercam.com\/it\/wp-json\/wp\/v2\/types\/page"}],"author":[{"embeddable":true,"href":"https:\/\/strangercam.com\/it\/wp-json\/wp\/v2\/users\/8"}],"replies":[{"embeddable":true,"href":"https:\/\/strangercam.com\/it\/wp-json\/wp\/v2\/comments?post=3953"}],"version-history":[{"count":2,"href":"https:\/\/strangercam.com\/it\/wp-json\/wp\/v2\/pages\/3953\/revisions"}],"predecessor-version":[{"id":12979,"href":"https:\/\/strangercam.com\/it\/wp-json\/wp\/v2\/pages\/3953\/revisions\/12979"}],"wp:attachment":[{"href":"https:\/\/strangercam.com\/it\/wp-json\/wp\/v2\/media?parent=3953"}],"curies":[{"name":"wp","href":"https:\/\/api.w.org\/{rel}","templated":true}]}}