{"id":3935,"date":"2025-08-28T17:19:09","date_gmt":"2025-08-28T15:19:09","guid":{"rendered":"https:\/\/strangercam.com\/?page_id=3935"},"modified":"2025-09-03T13:31:40","modified_gmt":"2025-09-03T11:31:40","slug":"chat-casuale-gratuita","status":"publish","type":"page","link":"https:\/\/strangercam.com\/it\/chat-casuale-gratuita\/","title":{"rendered":"Chat casuale gratuita"},"content":{"rendered":"<p>Siete alla ricerca del modo migliore per godervi un'esperienza casuale e gratuita? <a href=\"https:\/\/strangercam.com\/it\/chathub\/\">chat<\/a>? Non siete soli. Milioni di persone in tutto il mondo cercano piattaforme di chat casuali ogni mese, sperando di connettersi istantaneamente con nuove persone, per divertimento, amicizia, scambio culturale o flirt occasionale. A differenza dei social media o delle app di incontri, che spesso richiedono un'infinit\u00e0 di passaggi o una messaggistica lenta, le chat casuali gratuite si basano su conversazioni istantanee, faccia a faccia, con persone sconosciute.<\/p>\n<p>Nel 2025, piattaforme come StrangerCam rendono semplice l'avvio di una chat casuale gratuita, senza registrazione, senza download e senza costi nascosti. Basta cliccare su un pulsante e iniziare a chattare con qualcuno di nuovo da qualsiasi parte del mondo.<\/p>\n<p>Questa guida copre tutto quello che c'\u00e8 da sapere: cos'\u00e8 la chat casuale gratuita, perch\u00e9 \u00e8 cos\u00ec popolare, come funziona, le caratteristiche da cercare, i confronti tra le piattaforme, i consigli per la sicurezza e perch\u00e9 StrangerCam \u00e8 una delle scelte migliori oggi.<\/p>\n<h2>Cos'\u00e8 la chat casuale gratuita?<\/h2>\n<p>La chat casuale gratuita \u00e8 un servizio online che vi abbina istantaneamente a sconosciuti per conversare dal vivo, via testo, video o entrambi. A differenza delle chat tradizionali, le piattaforme di chat casuale funzionano in tempo reale e non richiedono profili o iscrizioni.<\/p>\n<p>Basta collegarsi (o, nella maggior parte dei casi, non collegarsi affatto), premere \u201cInizia\u201d e si viene immediatamente messi in contatto con una persona a caso. Se la conversazione non \u00e8 di vostro gradimento, basta cliccare su \u201cNext\u201d per <a href=\"https:\/\/strangercam.com\/it\/coomeet\/\">incontrarsi<\/a> qualcuno di nuovo. L'esperienza \u00e8 spontanea, divertente e completamente imprevedibile.<\/p>\n<h2>Perch\u00e9 le persone amano la chat casuale gratuita<\/h2>\n<p>La popolarit\u00e0 della chat casuale gratuita \u00e8 esplosa nell'ultimo decennio ed ecco perch\u00e9:<\/p>\n<ul>\n<li>Divertimento istantaneo: Incontrare nuove persone in pochi secondi.<\/li>\n<li>Spontaneit\u00e0: ogni chat \u00e8 diversa: a volte divertente, a volte flirtante, a volte profonda.<\/li>\n<li>Nessun profilo falso: La chat video dimostra che la persona \u00e8 reale.<\/li>\n<li>Nessun impegno: Non \u00e8 richiesta alcuna registrazione o dati personali.<\/li>\n<li>Connessioni globali: Chatta con sconosciuti di tutto il mondo.<\/li>\n<li>Sconfiggere la noia: Un modo divertente per passare il tempo e creare connessioni inaspettate.<\/li>\n<\/ul>\n<h2>Come funziona la chat casuale gratuita?<\/h2>\n<p>Joining una piattaforma di chat casuale gratuita \u00e8 facile e veloce:<\/p>\n<ol>\n<li>Aprire la piattaforma sul dispositivo.<\/li>\n<li>Scegliere la modalit\u00e0 di chat (video o testo).<\/li>\n<li>Consentire l'accesso alla telecamera e al microfono (per la chat video).<\/li>\n<li>Fate clic su \"Avvia chat\" per connettervi immediatamente con uno sconosciuto a caso.<\/li>\n<li>Godetevi la conversazione. Se non ve la sentite, premete \"Avanti\".<\/li>\n<\/ol>\n<p>Questo ciclo pu\u00f2 ripetersi all'infinito, offrendovi opportunit\u00e0 illimitate di incontrare nuove persone.<\/p>\n<h2>Caratteristiche principali da ricercare<\/h2>\n<p>Non tutte le piattaforme di chat casuale sono create uguali. Ecco cosa cercare quando si sceglie il miglior sito di chat casuale gratuita:<\/p>\n<h3>1. Accesso veramente libero<\/h3>\n<p>Alcuni siti pubblicizzati come \"gratuiti\" spingono rapidamente verso i muri a pagamento. Cercate una chat illimitata e genuinamente gratuita.<\/p>\n<h3>2. Non \u00e8 necessario iscriversi<\/h3>\n<p>Non \u00e8 necessario creare un account o fornire informazioni personali.<\/p>\n<h3>3. Modalit\u00e0 di chat multiple<\/h3>\n<p>Possibilit\u00e0 di chattare con video, audio o solo testo.<\/p>\n<h3>4. Filtri per genere e localit\u00e0<\/h3>\n<p>Utile per trovare tipi specifici di persone.<\/p>\n<h3>5. Strumenti di moderazione e sicurezza<\/h3>\n<p>Forti sistemi di segnalazione e blocco mantengono la comunit\u00e0 al sicuro.<\/p>\n<h3>6. Design compatibile con i dispositivi mobili<\/h3>\n<p>Le migliori piattaforme funzionano su telefoni, tablet e desktop.<\/p>\n<h2>Le migliori piattaforme di chat casuale gratuita nel 2025<\/h2>\n<p>Ecco un confronto dei luoghi pi\u00f9 popolari per la chat casuale gratuita:<\/p>\n<table>\n<thead>\n<tr>\n<th>Piattaforma<\/th>\n<th align=\"center\">Accesso libero<\/th>\n<th align=\"center\">Modalit\u00e0 video<\/th>\n<th align=\"center\">\u00c8 necessario iscriversi<\/th>\n<th align=\"center\">Filtro di genere<\/th>\n<th align=\"center\">Moderazione<\/th>\n<th>Note<\/th>\n<\/tr>\n<\/thead>\n<tbody>\n<tr>\n<td>StrangerCam<\/td>\n<td align=\"center\">\u2705<\/td>\n<td align=\"center\">\u2705<\/td>\n<td align=\"center\">\u274c<\/td>\n<td align=\"center\">\u2705 (Gratuito)<\/td>\n<td align=\"center\">\u2705<\/td>\n<td>I migliori filtri complessivi e gratuiti per video e genere<\/td>\n<\/tr>\n<tr>\n<td><a href=\"https:\/\/strangercam.com\/it\/chatroulette\/\">Chatroulette<\/a><\/td>\n<td align=\"center\">\u2705<\/td>\n<td align=\"center\">\u2705<\/td>\n<td align=\"center\">\u274c<\/td>\n<td align=\"center\">\u274c (Pagato)<\/td>\n<td align=\"center\">\u2705<\/td>\n<td>Classico, ma filtro di genere a pagamento<\/td>\n<\/tr>\n<tr>\n<td>Chatrandom<\/td>\n<td align=\"center\">\u2705<\/td>\n<td align=\"center\">\u2705<\/td>\n<td align=\"center\">\u274c<\/td>\n<td align=\"center\">\u274c (Pagato)<\/td>\n<td align=\"center\">\u2705<\/td>\n<td>Popolare, ma con funzioni premium bloccate<\/td>\n<\/tr>\n<tr>\n<td><a href=\"https:\/\/strangercam.com\/it\/ometv\/\">OmeTV<\/a><\/td>\n<td align=\"center\">\u2705<\/td>\n<td align=\"center\">\u2705<\/td>\n<td align=\"center\">\u274c<\/td>\n<td align=\"center\">\u274c<\/td>\n<td align=\"center\">\u2705<\/td>\n<td>App mobile, solo casuale<\/td>\n<\/tr>\n<tr>\n<td>Shagle<\/td>\n<td align=\"center\">\u2705<\/td>\n<td align=\"center\">\u2705<\/td>\n<td align=\"center\">\u274c<\/td>\n<td align=\"center\">\u274c (Pagato)<\/td>\n<td align=\"center\">\u2705<\/td>\n<td>Premio fortemente spinto<\/td>\n<\/tr>\n<tr>\n<td>Emerald Chat<\/td>\n<td align=\"center\">\u2705<\/td>\n<td align=\"center\">\u2705<\/td>\n<td align=\"center\">\u274c<\/td>\n<td align=\"center\">\u274c<\/td>\n<td align=\"center\">\u2705<\/td>\n<td>Sistema basato sulla reputazione<\/td>\n<\/tr>\n<tr>\n<td>LuckyCrush<\/td>\n<td align=\"center\">\u274c<\/td>\n<td align=\"center\">\u2705<\/td>\n<td align=\"center\">\u2705<\/td>\n<td align=\"center\">\u2705<\/td>\n<td align=\"center\">\u2705<\/td>\n<td>Sempre a pagamento, chat di genere<\/td>\n<\/tr>\n<\/tbody>\n<\/table>\n<p>StrangerCam \u00e8 una delle poche piattaforme che offre chat casuali gratuite con video, filtri di genere reali, nessuna registrazione e accesso illimitato.<\/p>\n<h2>Perch\u00e9 StrangerCam \u00e8 la scelta migliore per la chat casuale gratuita<\/h2>\n<p>StrangerCam \u00e8 diventata la destinazione top nel 2025 per gli utenti che vogliono chattare gratis in modo casuale. Ecco perch\u00e9:<\/p>\n<h3>1. Veramente gratuito e illimitato<\/h3>\n<p>Nessun credito, nessuna prova, nessuna restrizione.<\/p>\n<h3>2. Opzioni video e testo<\/h3>\n<p>Scegliete se volete una chat faccia a faccia o solo testo.<\/p>\n<h3>3. Filtro di genere gratuito<\/h3>\n<p>Scegliete con chi volete chattare, uomo, donna o entrambi, senza pagare.<\/p>\n<h3>4. Non \u00e8 richiesta l'iscrizione<\/h3>\n<p>Rimanete anonimi mentre chattate con gli sconosciuti.<\/p>\n<h3>5. Comunit\u00e0 globale<\/h3>\n<p>Incontrare persone da oltre 100 paesi, in qualsiasi momento.<\/p>\n<h3>6. Sicuro e moderato<\/h3>\n<p>La moderazione attiva tiene lontani i bot e lo spam.<\/p>\n<h2>Testimonianze di utenti reali<\/h2>\n<blockquote><p><em>\"Stavo cercando una chat casuale gratuita senza costi nascosti. StrangerCam \u00e8 stato il primo sito che mi ha dato risultati concreti\".<\/em><br \/>\n- Ryan, 24 anni<\/p><\/blockquote>\n<blockquote><p><em>\"Mi piace la possibilit\u00e0 di scegliere tra video e testo. Alcuni giorni voglio solo scrivere, altri ho voglia di parlare faccia a faccia\".<\/em><br \/>\n- Maria, 21 anni<\/p><\/blockquote>\n<blockquote><p><em>\"Il filtro di genere qui funziona davvero, a differenza di altri siti cosiddetti gratuiti\".<\/em><br \/>\n- Ethan, 28 anni<\/p><\/blockquote>\n<blockquote><p><em>\"Semplice, divertente e veloce. Ho gi\u00e0 conosciuto persone di tanti Paesi\".<\/em><br \/>\n- Sophie, 22 anni<\/p><\/blockquote>\n<h2>Consigli di sicurezza per la chat casuale gratuita<\/h2>\n<p>Sebbene la chat casuale possa essere divertente, \u00e8 importante rimanere al sicuro:<\/p>\n<ul>\n<li>Non condividete informazioni personali come nome e cognome, indirizzo o telefono.<\/li>\n<li>Saltate o bloccate chiunque vi metta a disagio.<\/li>\n<li>Non cliccate mai su link sospetti.<\/li>\n<li>Utilizzare uno sfondo neutro per evitare di rivelare dettagli privati.<\/li>\n<li>Limitarsi alle funzioni della piattaforma: utilizzare il pulsante di segnalazione quando necessario.<\/li>\n<li>Rispettate le regole dell'et\u00e0: se avete meno di 18 anni, non utilizzate i siti di chat per adulti.<\/li>\n<\/ul>\n<h2>Come iniziare - Passo dopo passo<\/h2>\n<p>Avviare una chat casuale gratuita richiede meno di un minuto:<\/p>\n<ol>\n<li>Aprite StrangerCam sul vostro dispositivo.<\/li>\n<li>Selezionare se si desidera una chat video o di testo.<\/li>\n<li>Consentire l'accesso alla fotocamera e al microfono (se si utilizza il video).<\/li>\n<li>Fare clic su Avvia chat per connettersi immediatamente.<\/li>\n<li>Premete Avanti in qualsiasi momento per incontrare qualcuno di nuovo.<\/li>\n<\/ol>\n<p>Veloce, semplice e gratuito.<\/p>\n<h2>Domande frequenti<\/h2>\n<h3>La chat casuale gratuita \u00e8 davvero gratuita?<\/h3>\n<p>S\u00ec. StrangerCam offre chat casuali illimitate senza costi nascosti.<\/p>\n<h3>Devo iscrivermi?<\/h3>\n<p>No. StrangerCam non richiede alcun account o registrazione.<\/p>\n<h3>Le persone sono reali?<\/h3>\n<p>S\u00ec. Con la chat video, siete sempre connessi a utenti reali.<\/p>\n<h3>Posso usarlo sul cellulare?<\/h3>\n<p>S\u00ec. StrangerCam funziona senza problemi su tutti i dispositivi.<\/p>\n<h3>\u00c8 sicuro?<\/h3>\n<p>S\u00ec, purch\u00e9 si seguano i consigli di sicurezza di base e si utilizzino gli strumenti di moderazione di StrangerCam.<\/p>\n<h2>Pensieri finali - Provate oggi la chat casuale gratuita<\/h2>\n<p>Nel 2025, la chat casuale gratuita rimane uno dei modi pi\u00f9 semplici e divertenti per entrare in contatto con nuove persone online. \u00c8 spontanea, autentica e pu\u00f2 mettervi in contatto con sconosciuti da qualsiasi parte del mondo in pochi secondi.<\/p>\n<p>Ma non tutte le piattaforme sono all'altezza. Molti siti nascondono funzioni essenziali dietro i paywall o sono invasi da bot. Ecco perch\u00e9 StrangerCam \u00e8 la scelta migliore: \u00e8 veramente gratuito, anonimo, moderato e sempre pieno di persone pronte a chattare.<\/p>\n<p>Sei pronto a provare? Avvia subito una chat casuale gratuita e scopri chi incontrerai.<\/p>","protected":false},"excerpt":{"rendered":"<p>Are you looking for the best way to enjoy a free random chat? You\u2019re not alone. Millions of people worldwide search for random chat platforms every month, hoping to connect instantly with new people\u2014whether for fun, friendship, cultural exchange, or casual flirting. Unlike social media or dating apps, which often require endless swiping or slow [&hellip;]<\/p>\n","protected":false},"author":8,"featured_media":0,"parent":0,"menu_order":0,"comment_status":"closed","ping_status":"closed","template":"","meta":{"footnotes":""},"class_list":["post-3935","page","type-page","status-publish","hentry"],"yoast_head":"<!-- This site is optimized with the Yoast SEO plugin v26.9 - https:\/\/yoast.com\/product\/yoast-seo-wordpress\/ -->\n<title>Free Random Chat with Random Chat on Strangercam.com<\/title>\n<meta name=\"description\" content=\"Liking Free Random Chat? Join millions on StrangerCam.com! Start a random video chat, turn on your cam, and meet strangers instantly.\" \/>\n<meta name=\"robots\" content=\"index, follow, max-snippet:-1, max-image-preview:large, max-video-preview:-1\" \/>\n<link rel=\"canonical\" href=\"https:\/\/strangercam.com\/it\/chat-casuale-gratuita\/\" \/>\n<meta property=\"og:locale\" content=\"it_IT\" \/>\n<meta property=\"og:type\" content=\"article\" \/>\n<meta property=\"og:title\" content=\"Free Random Chat with Random Chat on Strangercam.com\" \/>\n<meta property=\"og:description\" content=\"Liking Free Random Chat? Join millions on StrangerCam.com! Start a random video chat, turn on your cam, and meet strangers instantly.\" \/>\n<meta property=\"og:url\" content=\"https:\/\/strangercam.com\/it\/chat-casuale-gratuita\/\" \/>\n<meta property=\"og:site_name\" content=\"Strangercam\" \/>\n<meta property=\"article:publisher\" content=\"https:\/\/www.facebook.com\/strangercam\" \/>\n<meta property=\"article:modified_time\" content=\"2025-09-03T11:31:40+00:00\" \/>\n<meta property=\"og:image\" content=\"https:\/\/strangercam.com\/wp-content\/uploads\/2021\/10\/Untitled-2.png\" \/>\n\t<meta property=\"og:image:width\" content=\"800\" \/>\n\t<meta property=\"og:image:height\" content=\"532\" \/>\n\t<meta property=\"og:image:type\" content=\"image\/png\" \/>\n<meta name=\"twitter:card\" content=\"summary_large_image\" \/>\n<meta name=\"twitter:site\" content=\"@strangercamapp\" \/>\n<meta name=\"twitter:label1\" content=\"Tempo di lettura stimato\" \/>\n\t<meta name=\"twitter:data1\" content=\"5 minuti\" \/>\n<script type=\"application\/ld+json\" class=\"yoast-schema-graph\">{\"@context\":\"https:\/\/schema.org\",\"@graph\":[{\"@type\":\"WebPage\",\"@id\":\"https:\/\/strangercam.com\/free-random-chat\/\",\"url\":\"https:\/\/strangercam.com\/free-random-chat\/\",\"name\":\"Free Random Chat with Random Chat on Strangercam.com\",\"isPartOf\":{\"@id\":\"https:\/\/strangercam.com\/#website\"},\"datePublished\":\"2025-08-28T15:19:09+00:00\",\"dateModified\":\"2025-09-03T11:31:40+00:00\",\"description\":\"Liking Free Random Chat? Join millions on StrangerCam.com! Start a random video chat, turn on your cam, and meet strangers instantly.\",\"breadcrumb\":{\"@id\":\"https:\/\/strangercam.com\/free-random-chat\/#breadcrumb\"},\"inLanguage\":\"it-IT\",\"potentialAction\":[{\"@type\":\"ReadAction\",\"target\":[\"https:\/\/strangercam.com\/free-random-chat\/\"]}]},{\"@type\":\"BreadcrumbList\",\"@id\":\"https:\/\/strangercam.com\/free-random-chat\/#breadcrumb\",\"itemListElement\":[{\"@type\":\"ListItem\",\"position\":1,\"name\":\"Home\",\"item\":\"https:\/\/strangercam.com\/\"},{\"@type\":\"ListItem\",\"position\":2,\"name\":\"Free Random Chat\"}]},{\"@type\":\"WebSite\",\"@id\":\"https:\/\/strangercam.com\/#website\",\"url\":\"https:\/\/strangercam.com\/\",\"name\":\"Strangercam\",\"description\":\"Random Video Chat with Strangers\",\"publisher\":{\"@id\":\"https:\/\/strangercam.com\/#organization\"},\"alternateName\":\"Strangercam.com\",\"potentialAction\":[{\"@type\":\"SearchAction\",\"target\":{\"@type\":\"EntryPoint\",\"urlTemplate\":\"https:\/\/strangercam.com\/?s={search_term_string}\"},\"query-input\":{\"@type\":\"PropertyValueSpecification\",\"valueRequired\":true,\"valueName\":\"search_term_string\"}}],\"inLanguage\":\"it-IT\"},{\"@type\":\"Organization\",\"@id\":\"https:\/\/strangercam.com\/#organization\",\"name\":\"Strangercam\",\"alternateName\":\"Strangercam.com\",\"url\":\"https:\/\/strangercam.com\/\",\"logo\":{\"@type\":\"ImageObject\",\"inLanguage\":\"it-IT\",\"@id\":\"https:\/\/strangercam.com\/#\/schema\/logo\/image\/\",\"url\":\"https:\/\/strangercam.com\/wp-content\/uploads\/2020\/11\/cropped-new-favicon-black.png\",\"contentUrl\":\"https:\/\/strangercam.com\/wp-content\/uploads\/2020\/11\/cropped-new-favicon-black.png\",\"width\":512,\"height\":512,\"caption\":\"Strangercam\"},\"image\":{\"@id\":\"https:\/\/strangercam.com\/#\/schema\/logo\/image\/\"},\"sameAs\":[\"https:\/\/www.facebook.com\/strangercam\",\"https:\/\/x.com\/strangercamapp\"]}]}<\/script>\n<!-- \/ Yoast SEO plugin. -->","yoast_head_json":{"title":"Chat casuale gratuita con Chat casuale su Strangercam.com","description":"Ti piace la chat casuale gratuita? Join milioni su StrangerCam.com! Avvia una chat video casuale, accendi la tua cam e incontra subito degli sconosciuti.","robots":{"index":"index","follow":"follow","max-snippet":"max-snippet:-1","max-image-preview":"max-image-preview:large","max-video-preview":"max-video-preview:-1"},"canonical":"https:\/\/strangercam.com\/it\/chat-casuale-gratuita\/","og_locale":"it_IT","og_type":"article","og_title":"Free Random Chat with Random Chat on Strangercam.com","og_description":"Liking Free Random Chat? Join millions on StrangerCam.com! Start a random video chat, turn on your cam, and meet strangers instantly.","og_url":"https:\/\/strangercam.com\/it\/chat-casuale-gratuita\/","og_site_name":"Strangercam","article_publisher":"https:\/\/www.facebook.com\/strangercam","article_modified_time":"2025-09-03T11:31:40+00:00","og_image":[{"width":800,"height":532,"url":"https:\/\/strangercam.com\/wp-content\/uploads\/2021\/10\/Untitled-2.png","type":"image\/png"}],"twitter_card":"summary_large_image","twitter_site":"@strangercamapp","twitter_misc":{"Tempo di lettura stimato":"5 minuti"},"schema":{"@context":"https:\/\/schema.org","@graph":[{"@type":"WebPage","@id":"https:\/\/strangercam.com\/free-random-chat\/","url":"https:\/\/strangercam.com\/free-random-chat\/","name":"Chat casuale gratuita con Chat casuale su Strangercam.com","isPartOf":{"@id":"https:\/\/strangercam.com\/#website"},"datePublished":"2025-08-28T15:19:09+00:00","dateModified":"2025-09-03T11:31:40+00:00","description":"Ti piace la chat casuale gratuita? Join milioni su StrangerCam.com! Avvia una chat video casuale, accendi la tua cam e incontra subito degli sconosciuti.","breadcrumb":{"@id":"https:\/\/strangercam.com\/free-random-chat\/#breadcrumb"},"inLanguage":"it-IT","potentialAction":[{"@type":"ReadAction","target":["https:\/\/strangercam.com\/free-random-chat\/"]}]},{"@type":"BreadcrumbList","@id":"https:\/\/strangercam.com\/free-random-chat\/#breadcrumb","itemListElement":[{"@type":"ListItem","position":1,"name":"Home","item":"https:\/\/strangercam.com\/"},{"@type":"ListItem","position":2,"name":"Free Random Chat"}]},{"@type":"WebSite","@id":"https:\/\/strangercam.com\/#website","url":"https:\/\/strangercam.com\/","name":"Strangercam","description":"Videochat casuale con sconosciuti","publisher":{"@id":"https:\/\/strangercam.com\/#organization"},"alternateName":"Strangercam.com","potentialAction":[{"@type":"SearchAction","target":{"@type":"EntryPoint","urlTemplate":"https:\/\/strangercam.com\/?s={search_term_string}"},"query-input":{"@type":"PropertyValueSpecification","valueRequired":true,"valueName":"search_term_string"}}],"inLanguage":"it-IT"},{"@type":"Organization","@id":"https:\/\/strangercam.com\/#organization","name":"Strangercam","alternateName":"Strangercam.com","url":"https:\/\/strangercam.com\/","logo":{"@type":"ImageObject","inLanguage":"it-IT","@id":"https:\/\/strangercam.com\/#\/schema\/logo\/image\/","url":"https:\/\/strangercam.com\/wp-content\/uploads\/2020\/11\/cropped-new-favicon-black.png","contentUrl":"https:\/\/strangercam.com\/wp-content\/uploads\/2020\/11\/cropped-new-favicon-black.png","width":512,"height":512,"caption":"Strangercam"},"image":{"@id":"https:\/\/strangercam.com\/#\/schema\/logo\/image\/"},"sameAs":["https:\/\/www.facebook.com\/strangercam","https:\/\/x.com\/strangercamapp"]}]}},"_links":{"self":[{"href":"https:\/\/strangercam.com\/it\/wp-json\/wp\/v2\/pages\/3935","targetHints":{"allow":["GET"]}}],"collection":[{"href":"https:\/\/strangercam.com\/it\/wp-json\/wp\/v2\/pages"}],"about":[{"href":"https:\/\/strangercam.com\/it\/wp-json\/wp\/v2\/types\/page"}],"author":[{"embeddable":true,"href":"https:\/\/strangercam.com\/it\/wp-json\/wp\/v2\/users\/8"}],"replies":[{"embeddable":true,"href":"https:\/\/strangercam.com\/it\/wp-json\/wp\/v2\/comments?post=3935"}],"version-history":[{"count":1,"href":"https:\/\/strangercam.com\/it\/wp-json\/wp\/v2\/pages\/3935\/revisions"}],"predecessor-version":[{"id":12978,"href":"https:\/\/strangercam.com\/it\/wp-json\/wp\/v2\/pages\/3935\/revisions\/12978"}],"wp:attachment":[{"href":"https:\/\/strangercam.com\/it\/wp-json\/wp\/v2\/media?parent=3935"}],"curies":[{"name":"wp","href":"https:\/\/api.w.org\/{rel}","templated":true}]}}