{"id":3918,"date":"2025-08-28T17:12:57","date_gmt":"2025-08-28T15:12:57","guid":{"rendered":"https:\/\/strangercam.com\/?page_id=3918"},"modified":"2025-09-03T13:31:29","modified_gmt":"2025-09-03T11:31:29","slug":"parlare-con-estranei-in-videochiamata","status":"publish","type":"page","link":"https:\/\/strangercam.com\/it\/parlare-con-estranei-in-videochiamata\/","title":{"rendered":"Parlare con gli sconosciuti in videochiamata"},"content":{"rendered":"<p>Siete alla ricerca di un modo per parlare con gli estranei in stile videochiamata? Non siete soli. Da quando \u00e8 nato il sistema di <a href=\"https:\/\/strangercam.com\/it\/chathub\/\">chat<\/a> piattaforme come <a href=\"https:\/\/strangercam.com\/it\/omegle\/\">Omegle<\/a>, <a href=\"https:\/\/strangercam.com\/it\/chatroulette\/\">Chatroulette<\/a>, e i loro moderni successori, milioni di persone si sono affidate alle videochiamate in diretta con sconosciuti per fare nuove amicizie, intrattenere conversazioni casuali o semplicemente sconfiggere la noia.<\/p>\n<p>Oggi, piattaforme come StrangerCam rendono pi\u00f9 facile che mai godere di una videochiamata gratuita con persone sconosciute: nessuna registrazione, nessun download e nessuna spesa nascosta. Che vogliate chiacchierare casualmente, flirtare, conoscere culture diverse o semplicemente ridere con qualcuno di nuovo, le videochiamate online con sconosciuti vi danno accesso immediato a persone reali in tutto il mondo.<\/p>\n<p>In questa guida vi spiegheremo tutto quello che c'\u00e8 da sapere: cosa sono le videochiamate degli sconosciuti, perch\u00e9 sono cos\u00ec popolari, come funzionano, quali caratteristiche cercare, confronti tra le migliori piattaforme, consigli per la sicurezza e perch\u00e9 StrangerCam \u00e8 una delle scelte migliori nel 2025.<\/p>\n<h2>Che cosa significa \"Parlare con sconosciuti in videochiamata\"?<\/h2>\n<p>Quando si parla con estranei tramite videochiamata, si utilizzano la webcam e il microfono per connettersi istantaneamente con persone casuali online. A differenza dei social network o delle app di incontri, dove le conversazioni possono sembrare forzate o lente, le videochiamate con gli sconosciuti sono spontanee e reali.<\/p>\n<p>Non \u00e8 necessario creare un profilo, caricare foto o passare ore a scorrere. Basta fare clic su un pulsante per trovarsi faccia a faccia con una persona nuova. Se la chat non \u00e8 di vostro gradimento, cliccate su Avanti e sarete collegati con qualcun altro in pochi secondi.<\/p>\n<h2>Perch\u00e9 le persone amano le videochiamate gratuite con gli sconosciuti<\/h2>\n<p>L'attrattiva delle piattaforme di videochiamate gratuite tra sconosciuti \u00e8 evidente:<\/p>\n<ul>\n<li>Interazione umana reale - A differenza della chat di testo, il video garantisce che si parli con una persona reale.<\/li>\n<li>Spontaneit\u00e0 - Ogni chiamata \u00e8 unica, sorprendente e imprevedibile.<\/li>\n<li>Nessun impegno - Non sono richiesti account o registrazioni; potete andarvene in qualsiasi momento.<\/li>\n<li>Global Reach - Incontrare istantaneamente sconosciuti da tutto il mondo.<\/li>\n<li>Amicizia e flirt - Alcune persone lo usano per fare amicizia, altre per divertirsi in modo spensierato e casuale.<\/li>\n<li>Quick Escape - Perfetto per quando ci si annoia o si vuole fare una pausa sociale.<\/li>\n<\/ul>\n<h2>Come funziona una videochiamata con uno sconosciuto?<\/h2>\n<p>Il processo \u00e8 rapido e adatto ai principianti:<\/p>\n<ol>\n<li>Aprite la piattaforma (come StrangerCam) sul vostro dispositivo.<\/li>\n<li>Consentire l'accesso alla fotocamera e al microfono.<\/li>\n<li>Fare clic su \"Avvia chat\". Sarete immediatamente connessi con uno sconosciuto a caso.<\/li>\n<li>Parlare dal vivo tramite videochiamata.<\/li>\n<li>Fare clic su \"Avanti\" se si desidera incontrare qualcuno di nuovo.<\/li>\n<\/ol>\n<p>Questa semplice configurazione lo rende uno dei modi pi\u00f9 veloci per connettersi con persone in tutto il mondo.<\/p>\n<h2>Caratteristiche principali da ricercare<\/h2>\n<p>Quando si cerca il posto migliore per parlare con estranei in videochiamata, ecco le caratteristiche pi\u00f9 importanti:<\/p>\n<h3>1. Accesso veramente libero<\/h3>\n<p>La piattaforma deve consentire l'accesso illimitato senza paywall.<\/p>\n<h3>2. Non \u00e8 necessario iscriversi<\/h3>\n<p>Le migliori piattaforme non richiedono account, login o dati personali.<\/p>\n<h3>3. Filtri per genere e localit\u00e0<\/h3>\n<p>Scegliete con chi volete parlare, sia che si tratti di ragazze, ragazzi o persone provenienti da determinati Paesi.<\/p>\n<h3>4. Moderazione forte<\/h3>\n<p>Le piattaforme dovrebbero disporre di strumenti per segnalare, bloccare e mantenere sicuro lo spazio.<\/p>\n<h3>5. Esperienza mobile-friendly<\/h3>\n<p>Assicuratevi che la piattaforma funzioni bene sia sui telefoni che sui desktop.<\/p>\n<h3>6. Video e audio di alta qualit\u00e0<\/h3>\n<p>Collegamenti chiari e fluidi rendono la conversazione pi\u00f9 piacevole.<\/p>\n<h2>Le migliori piattaforme per parlare con gli sconosciuti in videochiamata nel 2025<\/h2>\n<p>Ecco un confronto tra le principali piattaforme per le videochiamate degli sconosciuti:<\/p>\n<table>\n<thead>\n<tr>\n<th>Piattaforma<\/th>\n<th align=\"center\">Accesso libero<\/th>\n<th align=\"center\">Filtro di genere<\/th>\n<th align=\"center\">\u00c8 necessario iscriversi<\/th>\n<th align=\"center\">Supporto mobile<\/th>\n<th align=\"center\">Moderazione<\/th>\n<th>Note<\/th>\n<\/tr>\n<\/thead>\n<tbody>\n<tr>\n<td>StrangerCam<\/td>\n<td align=\"center\">\u2705<\/td>\n<td align=\"center\">\u2705 (Gratuito)<\/td>\n<td align=\"center\">\u274c<\/td>\n<td align=\"center\">\u2705<\/td>\n<td align=\"center\">\u2705<\/td>\n<td>La scelta migliore in assoluto, veramente gratuita<\/td>\n<\/tr>\n<tr>\n<td>Chatroulette<\/td>\n<td align=\"center\">\u2705<\/td>\n<td align=\"center\">\u274c (Pagato)<\/td>\n<td align=\"center\">\u274c<\/td>\n<td align=\"center\">\u2705<\/td>\n<td align=\"center\">\u2705<\/td>\n<td>Classico, ma con filtri di genere bloccati<\/td>\n<\/tr>\n<tr>\n<td>Chatrandom<\/td>\n<td align=\"center\">\u2705<\/td>\n<td align=\"center\">\u274c (Pagato)<\/td>\n<td align=\"center\">\u274c<\/td>\n<td align=\"center\">\u2705<\/td>\n<td align=\"center\">\u2705<\/td>\n<td>Ampia base di utenti, filtri premium<\/td>\n<\/tr>\n<tr>\n<td><a href=\"https:\/\/strangercam.com\/it\/ometv\/\">OmeTV<\/a><\/td>\n<td align=\"center\">\u2705<\/td>\n<td align=\"center\">\u274c<\/td>\n<td align=\"center\">\u274c<\/td>\n<td align=\"center\">\u2705<\/td>\n<td align=\"center\">\u2705<\/td>\n<td>Solo casuale, app mobile disponibile<\/td>\n<\/tr>\n<tr>\n<td>Shagle<\/td>\n<td align=\"center\">\u2705<\/td>\n<td align=\"center\">\u274c (Pagato)<\/td>\n<td align=\"center\">\u274c<\/td>\n<td align=\"center\">\u2705<\/td>\n<td align=\"center\">\u2705<\/td>\n<td>Accesso libero ma filtri a pagamento<\/td>\n<\/tr>\n<tr>\n<td><a href=\"https:\/\/strangercam.com\/it\/coomeet\/\">CooMeet<\/a><\/td>\n<td align=\"center\">\u274c (Prova)<\/td>\n<td align=\"center\">\u2705<\/td>\n<td align=\"center\">\u2705<\/td>\n<td align=\"center\">\u2705<\/td>\n<td align=\"center\">\u2705<\/td>\n<td>A pagamento dopo una prova gratuita limitata<\/td>\n<\/tr>\n<tr>\n<td>LuckyCrush<\/td>\n<td align=\"center\">\u274c<\/td>\n<td align=\"center\">\u2705<\/td>\n<td align=\"center\">\u2705<\/td>\n<td align=\"center\">\u2705<\/td>\n<td align=\"center\">\u2705<\/td>\n<td>Sempre a pagamento, chat di genere<\/td>\n<\/tr>\n<\/tbody>\n<\/table>\n<p>Tra queste, StrangerCam \u00e8 una delle uniche piattaforme che offre videochiamate gratuite e illimitate di sconosciuti con un vero filtro di genere e senza registrazione.<\/p>\n<h2>Perch\u00e9 StrangerCam \u00e8 la scelta migliore<\/h2>\n<p>StrangerCam si distingue nel 2025 come uno dei modi pi\u00f9 affidabili per parlare con gli sconosciuti tramite videochiamata. Ecco perch\u00e9:<\/p>\n<h3>1. Completamente gratuito<\/h3>\n<p>Nessun costo nascosto, prove o sistemi di credito.<\/p>\n<h3>2. Filtro di genere gratuito<\/h3>\n<p>A differenza della maggior parte dei concorrenti, StrangerCam vi permette di scegliere chi volete incontrare, senza barriere a pagamento.<\/p>\n<h3>3. Nessuna iscrizione o registrazione<\/h3>\n<p>Rimanete anonimi e iniziate a chattare all'istante.<\/p>\n<h3>4. Sicuro e moderato<\/h3>\n<p>Le forti funzioni di segnalazione e la moderazione in tempo reale rendono l'ambiente pi\u00f9 sicuro.<\/p>\n<h3>5. Base di utenti globale<\/h3>\n<p>Stranieri da oltre 100 paesi sono online 24 ore su 24, 7 giorni su 7.<\/p>\n<h3>6. Ottimizzato per tutti i dispositivi<\/h3>\n<p>Funziona perfettamente sia su mobile che su desktop.<\/p>\n<h2>Testimonianze di utenti reali<\/h2>\n<blockquote><p><em>\"Volevo un posto dove poter parlare con gli sconosciuti tramite videochiamata senza essere costretto a pagare. StrangerCam \u00e8 stata la prima piattaforma effettivamente gratuita\".<\/em><br \/>\n- Jake, 26 anni<\/p><\/blockquote>\n<blockquote><p><em>\"\u00c8 pi\u00f9 sicuro di altri siti che ho provato. Posso bloccare e saltare le persone all'istante se non mi sento a mio agio\".<\/em><br \/>\n- Leah, 23 anni<\/p><\/blockquote>\n<blockquote><p><em>\"Il filtro di genere funziona senza pagare un extra, cosa rara di questi tempi\".<\/em><br \/>\n- Marcus, 29 anni<\/p><\/blockquote>\n<blockquote><p><em>\"Veloce, semplice e divertente. Ho gi\u00e0 fatto amicizia con tre paesi diversi\".<\/em><br \/>\n- Sophia, 21 anni<\/p><\/blockquote>\n<h2>Consigli di sicurezza per parlare con estranei tramite videochiamata<\/h2>\n<p>Sebbene le videochiamate degli sconosciuti siano divertenti, la sicurezza \u00e8 importante:<\/p>\n<ul>\n<li>Non condividete mai i vostri dati personali (numero di telefono, indirizzo, e-mail).<\/li>\n<li>Evitate di cliccare su link inviati da sconosciuti.<\/li>\n<li>Utilizzate il pulsante \"Avanti\" se non vi sentite a vostro agio.<\/li>\n<li>Controllate il vostro background per evitare di rivelare dettagli privati.<\/li>\n<li>Attenetevi agli strumenti della piattaforma per il blocco e il reporting.<\/li>\n<li>Rispettate le regole dell'et\u00e0: se avete meno di 18 anni, non usate piattaforme per adulti.<\/li>\n<\/ul>\n<h2>Come iniziare - Passo dopo passo<\/h2>\n<p>Per avviare una videochiamata con uno sconosciuto ci vuole meno di un minuto:<\/p>\n<ol>\n<li>Aprite StrangerCam sul vostro browser o dispositivo.<\/li>\n<li>Consentire l'accesso alla webcam e al microfono.<\/li>\n<li>Scegliere le preferenze (come i filtri di genere).<\/li>\n<li>Fare clic su Avvia chat per connettersi immediatamente.<\/li>\n<li>Parlate con gli sconosciuti faccia a faccia e cliccate su Avanti in qualsiasi momento per una nuova chat.<\/li>\n<\/ol>\n<p>Veloce, facile e completamente gratuito.<\/p>\n<h2>Domande frequenti<\/h2>\n<h3>\u00c8 davvero gratuito parlare con estranei tramite videochiamata?<\/h3>\n<p>S\u00ec. StrangerCam offre videochiamate illimitate di sconosciuti senza costi nascosti.<\/p>\n<h3>Devo registrarmi?<\/h3>\n<p>No. StrangerCam non richiede iscrizioni o account.<\/p>\n<h3>Le persone sono reali?<\/h3>\n<p>S\u00ec. I video in diretta assicurano che si parli con persone reali, non con bot.<\/p>\n<h3>Posso usarlo sul mio telefono?<\/h3>\n<p>S\u00ec. StrangerCam \u00e8 completamente mobile-friendly.<\/p>\n<h3>\u00c8 sicuro?<\/h3>\n<p>S\u00ec, purch\u00e9 si seguano i consigli di sicurezza e si utilizzino gli strumenti di moderazione di StrangerCam.<\/p>\n<h2>Pensieri finali - Prova oggi le videochiamate gratuite con gli sconosciuti<\/h2>\n<p>Nel 2025, uno dei modi pi\u00f9 semplici e divertenti per conoscere nuove persone \u00e8 parlare con sconosciuti tramite videochiamata. \u00c8 spontaneo, gratuito e permette di creare connessioni reali in pochi secondi.<\/p>\n<p>Ma non tutte le piattaforme sono all'altezza. Molti siti nascondono i filtri di genere dietro i paywall o riempiono le loro comunit\u00e0 di bot. Ecco perch\u00e9 StrangerCam \u00e8 la scelta migliore: \u00e8 gratuito, sicuro, anonimo e ricco di utenti globali pronti a conoscerti.<\/p>\n<p>Pronti a connettervi? Iniziate oggi stesso una videochiamata gratuita con degli sconosciuti e scoprite chi incontrerete.<\/p>","protected":false},"excerpt":{"rendered":"<p>Have you been searching for a way to talk to strangers video call style? You\u2019re not alone. Since the rise of random chat platforms like Omegle, Chatroulette, and their modern successors, millions of people have turned to live video calls with strangers to make new friends, enjoy casual conversations, or simply beat boredom. Today, platforms [&hellip;]<\/p>\n","protected":false},"author":8,"featured_media":0,"parent":0,"menu_order":0,"comment_status":"closed","ping_status":"closed","template":"","meta":{"footnotes":""},"class_list":["post-3918","page","type-page","status-publish","hentry"],"yoast_head":"<!-- This site is optimized with the Yoast SEO plugin v26.9 - https:\/\/yoast.com\/product\/yoast-seo-wordpress\/ -->\n<title>Talk to Strangers Video Call on Strangercam.com<\/title>\n<meta name=\"description\" content=\"Liking Talk to Strangers Video Call? Join millions on StrangerCam.com! Start a random video chat, turn on your cam, and meet strangers instantly.\" \/>\n<meta name=\"robots\" content=\"index, follow, max-snippet:-1, max-image-preview:large, max-video-preview:-1\" \/>\n<link rel=\"canonical\" href=\"https:\/\/strangercam.com\/it\/parlare-con-estranei-in-videochiamata\/\" \/>\n<meta property=\"og:locale\" content=\"it_IT\" \/>\n<meta property=\"og:type\" content=\"article\" \/>\n<meta property=\"og:title\" content=\"Talk to Strangers Video Call on Strangercam.com\" \/>\n<meta property=\"og:description\" content=\"Liking Talk to Strangers Video Call? Join millions on StrangerCam.com! Start a random video chat, turn on your cam, and meet strangers instantly.\" \/>\n<meta property=\"og:url\" content=\"https:\/\/strangercam.com\/it\/parlare-con-estranei-in-videochiamata\/\" \/>\n<meta property=\"og:site_name\" content=\"Strangercam\" \/>\n<meta property=\"article:publisher\" content=\"https:\/\/www.facebook.com\/strangercam\" \/>\n<meta property=\"article:modified_time\" content=\"2025-09-03T11:31:29+00:00\" \/>\n<meta property=\"og:image\" content=\"https:\/\/strangercam.com\/wp-content\/uploads\/2021\/10\/Untitled-2.png\" \/>\n\t<meta property=\"og:image:width\" content=\"800\" \/>\n\t<meta property=\"og:image:height\" content=\"532\" \/>\n\t<meta property=\"og:image:type\" content=\"image\/png\" \/>\n<meta name=\"twitter:card\" content=\"summary_large_image\" \/>\n<meta name=\"twitter:site\" content=\"@strangercamapp\" \/>\n<meta name=\"twitter:label1\" content=\"Tempo di lettura stimato\" \/>\n\t<meta name=\"twitter:data1\" content=\"5 minuti\" \/>\n<script type=\"application\/ld+json\" class=\"yoast-schema-graph\">{\"@context\":\"https:\/\/schema.org\",\"@graph\":[{\"@type\":\"WebPage\",\"@id\":\"https:\/\/strangercam.com\/talk-to-strangers-video-call\/\",\"url\":\"https:\/\/strangercam.com\/talk-to-strangers-video-call\/\",\"name\":\"Talk to Strangers Video Call on Strangercam.com\",\"isPartOf\":{\"@id\":\"https:\/\/strangercam.com\/#website\"},\"datePublished\":\"2025-08-28T15:12:57+00:00\",\"dateModified\":\"2025-09-03T11:31:29+00:00\",\"description\":\"Liking Talk to Strangers Video Call? Join millions on StrangerCam.com! Start a random video chat, turn on your cam, and meet strangers instantly.\",\"breadcrumb\":{\"@id\":\"https:\/\/strangercam.com\/talk-to-strangers-video-call\/#breadcrumb\"},\"inLanguage\":\"it-IT\",\"potentialAction\":[{\"@type\":\"ReadAction\",\"target\":[\"https:\/\/strangercam.com\/talk-to-strangers-video-call\/\"]}]},{\"@type\":\"BreadcrumbList\",\"@id\":\"https:\/\/strangercam.com\/talk-to-strangers-video-call\/#breadcrumb\",\"itemListElement\":[{\"@type\":\"ListItem\",\"position\":1,\"name\":\"Home\",\"item\":\"https:\/\/strangercam.com\/\"},{\"@type\":\"ListItem\",\"position\":2,\"name\":\"Talk to Strangers Video Call\"}]},{\"@type\":\"WebSite\",\"@id\":\"https:\/\/strangercam.com\/#website\",\"url\":\"https:\/\/strangercam.com\/\",\"name\":\"Strangercam\",\"description\":\"Random Video Chat with Strangers\",\"publisher\":{\"@id\":\"https:\/\/strangercam.com\/#organization\"},\"alternateName\":\"Strangercam.com\",\"potentialAction\":[{\"@type\":\"SearchAction\",\"target\":{\"@type\":\"EntryPoint\",\"urlTemplate\":\"https:\/\/strangercam.com\/?s={search_term_string}\"},\"query-input\":{\"@type\":\"PropertyValueSpecification\",\"valueRequired\":true,\"valueName\":\"search_term_string\"}}],\"inLanguage\":\"it-IT\"},{\"@type\":\"Organization\",\"@id\":\"https:\/\/strangercam.com\/#organization\",\"name\":\"Strangercam\",\"alternateName\":\"Strangercam.com\",\"url\":\"https:\/\/strangercam.com\/\",\"logo\":{\"@type\":\"ImageObject\",\"inLanguage\":\"it-IT\",\"@id\":\"https:\/\/strangercam.com\/#\/schema\/logo\/image\/\",\"url\":\"https:\/\/strangercam.com\/wp-content\/uploads\/2020\/11\/cropped-new-favicon-black.png\",\"contentUrl\":\"https:\/\/strangercam.com\/wp-content\/uploads\/2020\/11\/cropped-new-favicon-black.png\",\"width\":512,\"height\":512,\"caption\":\"Strangercam\"},\"image\":{\"@id\":\"https:\/\/strangercam.com\/#\/schema\/logo\/image\/\"},\"sameAs\":[\"https:\/\/www.facebook.com\/strangercam\",\"https:\/\/x.com\/strangercamapp\"]}]}<\/script>\n<!-- \/ Yoast SEO plugin. -->","yoast_head_json":{"title":"Parlare con gli sconosciuti in videochiamata su Strangercam.com","description":"Ti piace parlare con sconosciuti in videochiamata? Join milioni su StrangerCam.com! Avvia una videochiamata casuale, accendi la tua cam e incontra subito degli sconosciuti.","robots":{"index":"index","follow":"follow","max-snippet":"max-snippet:-1","max-image-preview":"max-image-preview:large","max-video-preview":"max-video-preview:-1"},"canonical":"https:\/\/strangercam.com\/it\/parlare-con-estranei-in-videochiamata\/","og_locale":"it_IT","og_type":"article","og_title":"Talk to Strangers Video Call on Strangercam.com","og_description":"Liking Talk to Strangers Video Call? Join millions on StrangerCam.com! Start a random video chat, turn on your cam, and meet strangers instantly.","og_url":"https:\/\/strangercam.com\/it\/parlare-con-estranei-in-videochiamata\/","og_site_name":"Strangercam","article_publisher":"https:\/\/www.facebook.com\/strangercam","article_modified_time":"2025-09-03T11:31:29+00:00","og_image":[{"width":800,"height":532,"url":"https:\/\/strangercam.com\/wp-content\/uploads\/2021\/10\/Untitled-2.png","type":"image\/png"}],"twitter_card":"summary_large_image","twitter_site":"@strangercamapp","twitter_misc":{"Tempo di lettura stimato":"5 minuti"},"schema":{"@context":"https:\/\/schema.org","@graph":[{"@type":"WebPage","@id":"https:\/\/strangercam.com\/talk-to-strangers-video-call\/","url":"https:\/\/strangercam.com\/talk-to-strangers-video-call\/","name":"Parlare con gli sconosciuti in videochiamata su Strangercam.com","isPartOf":{"@id":"https:\/\/strangercam.com\/#website"},"datePublished":"2025-08-28T15:12:57+00:00","dateModified":"2025-09-03T11:31:29+00:00","description":"Ti piace parlare con sconosciuti in videochiamata? Join milioni su StrangerCam.com! Avvia una videochiamata casuale, accendi la tua cam e incontra subito degli sconosciuti.","breadcrumb":{"@id":"https:\/\/strangercam.com\/talk-to-strangers-video-call\/#breadcrumb"},"inLanguage":"it-IT","potentialAction":[{"@type":"ReadAction","target":["https:\/\/strangercam.com\/talk-to-strangers-video-call\/"]}]},{"@type":"BreadcrumbList","@id":"https:\/\/strangercam.com\/talk-to-strangers-video-call\/#breadcrumb","itemListElement":[{"@type":"ListItem","position":1,"name":"Home","item":"https:\/\/strangercam.com\/"},{"@type":"ListItem","position":2,"name":"Talk to Strangers Video Call"}]},{"@type":"WebSite","@id":"https:\/\/strangercam.com\/#website","url":"https:\/\/strangercam.com\/","name":"Strangercam","description":"Videochat casuale con sconosciuti","publisher":{"@id":"https:\/\/strangercam.com\/#organization"},"alternateName":"Strangercam.com","potentialAction":[{"@type":"SearchAction","target":{"@type":"EntryPoint","urlTemplate":"https:\/\/strangercam.com\/?s={search_term_string}"},"query-input":{"@type":"PropertyValueSpecification","valueRequired":true,"valueName":"search_term_string"}}],"inLanguage":"it-IT"},{"@type":"Organization","@id":"https:\/\/strangercam.com\/#organization","name":"Strangercam","alternateName":"Strangercam.com","url":"https:\/\/strangercam.com\/","logo":{"@type":"ImageObject","inLanguage":"it-IT","@id":"https:\/\/strangercam.com\/#\/schema\/logo\/image\/","url":"https:\/\/strangercam.com\/wp-content\/uploads\/2020\/11\/cropped-new-favicon-black.png","contentUrl":"https:\/\/strangercam.com\/wp-content\/uploads\/2020\/11\/cropped-new-favicon-black.png","width":512,"height":512,"caption":"Strangercam"},"image":{"@id":"https:\/\/strangercam.com\/#\/schema\/logo\/image\/"},"sameAs":["https:\/\/www.facebook.com\/strangercam","https:\/\/x.com\/strangercamapp"]}]}},"_links":{"self":[{"href":"https:\/\/strangercam.com\/it\/wp-json\/wp\/v2\/pages\/3918","targetHints":{"allow":["GET"]}}],"collection":[{"href":"https:\/\/strangercam.com\/it\/wp-json\/wp\/v2\/pages"}],"about":[{"href":"https:\/\/strangercam.com\/it\/wp-json\/wp\/v2\/types\/page"}],"author":[{"embeddable":true,"href":"https:\/\/strangercam.com\/it\/wp-json\/wp\/v2\/users\/8"}],"replies":[{"embeddable":true,"href":"https:\/\/strangercam.com\/it\/wp-json\/wp\/v2\/comments?post=3918"}],"version-history":[{"count":2,"href":"https:\/\/strangercam.com\/it\/wp-json\/wp\/v2\/pages\/3918\/revisions"}],"predecessor-version":[{"id":12977,"href":"https:\/\/strangercam.com\/it\/wp-json\/wp\/v2\/pages\/3918\/revisions\/12977"}],"wp:attachment":[{"href":"https:\/\/strangercam.com\/it\/wp-json\/wp\/v2\/media?parent=3918"}],"curies":[{"name":"wp","href":"https:\/\/api.w.org\/{rel}","templated":true}]}}