{"id":3516,"date":"2025-08-18T13:21:58","date_gmt":"2025-08-18T11:21:58","guid":{"rendered":"https:\/\/strangercam.com\/?page_id=3516"},"modified":"2025-08-18T14:14:10","modified_gmt":"2025-08-18T12:14:10","slug":"video-chat-con-sconosciuti","status":"publish","type":"page","link":"https:\/\/strangercam.com\/it\/video-chat-with-strangers\/","title":{"rendered":"Video chat con sconosciuti"},"content":{"rendered":"<p>Siete alla ricerca del modo migliore per video <a href=\"https:\/\/strangercam.com\/it\/chathub\/\">chat<\/a> con gli estranei? Non siete soli. Da quando \u00e8 nato il <a href=\"https:\/\/strangercam.com\/it\/omegle\/\">Omegle<\/a>, <a href=\"https:\/\/strangercam.com\/it\/chatroulette\/\">Chatroulette<\/a>, e piattaforme simili, milioni di persone in tutto il mondo hanno scoperto il brivido della chat video istantanea con persone a caso in tutto il mondo. Nel 2025, la tendenza \u00e8 pi\u00f9 grande che mai, con nuove piattaforme che offrono esperienze pi\u00f9 sicure, pi\u00f9 fluide e pi\u00f9 coinvolgenti.<\/p>\n<p>Grazie a piattaforme moderne come StrangerCam, potete godervi la chat video gratuita con gli sconosciuti in qualsiasi momento, senza registrazione, senza download e senza paywall nascosti. Sia che vogliate incontrare nuovi amici, flirtare, fare pratica con le lingue o semplicemente sconfiggere la noia, le videochat con gli sconosciuti sono uno dei modi pi\u00f9 eccitanti e spontanei per connettersi online.<\/p>\n<p>Questa guida vi spiegher\u00e0 tutto quello che c'\u00e8 da sapere: come funziona, perch\u00e9 \u00e8 popolare, le caratteristiche da cercare, il confronto tra le migliori piattaforme, i consigli per la sicurezza e perch\u00e9 StrangerCam \u00e8 una delle migliori scelte per la videochiamata con gli sconosciuti nel 2025.<\/p>\n<h2>Che cos'\u00e8 la chat video con gli sconosciuti?<\/h2>\n<p>La chat video con estranei \u00e8 un servizio online che vi accoppia con persone a caso per conversazioni video dal vivo, uno contro uno. Utilizzando la vostra webcam e il vostro microfono, potete vedervi e sentirvi in tempo reale.<\/p>\n<p>A differenza dei social media, dove le interazioni sono curate e spesso artificiali, le videochat con gli sconosciuti sono crude, autentiche e imprevedibili. Ogni clic sul pulsante \"Avanti\" porta un nuovo volto e una nuova storia, il che la rende una delle esperienze online pi\u00f9 emozionanti oggi disponibili.<\/p>\n<h2>Perch\u00e9 le persone amano la chat video gratuita con gli sconosciuti<\/h2>\n<p>La popolarit\u00e0 della chat video gratuita con gli sconosciuti deriva da diversi vantaggi chiave:<\/p>\n<ul>\n<li>Spontaneit\u00e0 e sorpresa - Ogni chat \u00e8 diversa, non si sa mai chi si incontrer\u00e0 dopo.<\/li>\n<li>Amicizie globali - Connettetevi con persone di tutto il mondo, sperimentate nuove culture e ampliate le vostre prospettive.<\/li>\n<li>Nessun profilo falso - I video dimostrano che la persona \u00e8 reale, a differenza delle app testuali piene di bot e catfish.<\/li>\n<li>Anonimato - Non \u00e8 richiesto alcun account; rimanete privati quanto volete.<\/li>\n<li>Variet\u00e0 di intenzioni - Alcune persone sono alla ricerca di divertimento, altre di amicizia, altre ancora di un flirt occasionale.<\/li>\n<li>Gratificazione istantanea - Non \u00e8 necessario attendere le risposte o scorrere il dito all'infinito: le connessioni sono istantanee.<\/li>\n<\/ul>\n<h2>Come funziona la chat video con gli sconosciuti?<\/h2>\n<p>Joining una piattaforma di video chat con sconosciuti \u00e8 semplice e veloce:<\/p>\n<ol>\n<li>Aprire la piattaforma (desktop o mobile).<\/li>\n<li>Consentire l'accesso alla webcam e al microfono.<\/li>\n<li>Fate clic su \"Inizia\" per connettervi immediatamente con uno sconosciuto a caso.<\/li>\n<li>Chatta dal vivo faccia a faccia. Se non siete interessati, fate clic su \"Avanti\" per incontrare qualcuno di nuovo.<\/li>\n<li>Ripetete all'infinito: il processo \u00e8 veloce, divertente e gratuito.<\/li>\n<\/ol>\n<p>Alcune piattaforme includono anche filtri di genere, abbinamenti basati sulla posizione e strumenti di traduzione per migliorare l'esperienza.<\/p>\n<h2>Caratteristiche principali da ricercare<\/h2>\n<p>Se state cercando il posto migliore per videochattare con gli sconosciuti, ecco le caratteristiche pi\u00f9 importanti:<\/p>\n<h3>1. Accesso veramente libero<\/h3>\n<p>Diffidate delle piattaforme che dicono \"gratis\" ma che limitano le chat dopo pochi minuti. Cercate un uso illimitato e gratuito.<\/p>\n<h3>2. Non \u00e8 necessario iscriversi<\/h3>\n<p>I siti migliori non richiedono un account o informazioni personali.<\/p>\n<h3>3. Filtri per genere e localit\u00e0<\/h3>\n<p>Utile se si vuole parlare con tipi specifici di persone (ad esempio, solo ragazze o persone del proprio Paese).<\/p>\n<h3>4. Moderazione forte<\/h3>\n<p>Sistemi di segnalazione attivi e moderatori mantengono la piattaforma sicura e piacevole.<\/p>\n<h3>5. Design compatibile con i dispositivi mobili<\/h3>\n<p>Una buona piattaforma deve funzionare senza problemi su telefoni, tablet e computer.<\/p>\n<h3>6. Video e audio di alta qualit\u00e0<\/h3>\n<p>Collegamenti chiari rendono l'esperienza migliore e pi\u00f9 naturale.<\/p>\n<h2>Le migliori piattaforme per la videochiamata con gli sconosciuti nel 2025<\/h2>\n<p>Ecco come si confrontano alcune delle principali piattaforme:<\/p>\n<table>\n<thead>\n<tr>\n<th>Piattaforma<\/th>\n<th align=\"center\">Utilizzo gratuito<\/th>\n<th align=\"center\">Filtro di genere<\/th>\n<th align=\"center\">\u00c8 necessario iscriversi<\/th>\n<th align=\"center\">Supporto mobile<\/th>\n<th align=\"center\">Moderazione<\/th>\n<th>Note<\/th>\n<\/tr>\n<\/thead>\n<tbody>\n<tr>\n<td>StrangerCam<\/td>\n<td align=\"center\">\u2705<\/td>\n<td align=\"center\">\u2705 (Gratuito)<\/td>\n<td align=\"center\">\u274c<\/td>\n<td align=\"center\">\u2705<\/td>\n<td align=\"center\">\u2705<\/td>\n<td>La migliore videochiamata gratuita con gli sconosciuti<\/td>\n<\/tr>\n<tr>\n<td>Chatroulette<\/td>\n<td align=\"center\">\u2705<\/td>\n<td align=\"center\">\u274c (Pagato)<\/td>\n<td align=\"center\">\u274c<\/td>\n<td align=\"center\">\u2705<\/td>\n<td align=\"center\">\u2705<\/td>\n<td>Classico, ma con filtri di genere bloccati<\/td>\n<\/tr>\n<tr>\n<td>Chatrandom<\/td>\n<td align=\"center\">\u2705<\/td>\n<td align=\"center\">\u274c (Pagato)<\/td>\n<td align=\"center\">\u274c<\/td>\n<td align=\"center\">\u2705<\/td>\n<td align=\"center\">\u2705<\/td>\n<td>Popolare, ma con necessit\u00e0 di aggiornamenti per i filtri<\/td>\n<\/tr>\n<tr>\n<td><a href=\"https:\/\/strangercam.com\/it\/ometv\/\">OmeTV<\/a><\/td>\n<td align=\"center\">\u2705<\/td>\n<td align=\"center\">\u274c<\/td>\n<td align=\"center\">\u274c<\/td>\n<td align=\"center\">\u2705<\/td>\n<td align=\"center\">\u2705<\/td>\n<td>Solo abbinamenti casuali, disponibile l'app mobile<\/td>\n<\/tr>\n<tr>\n<td>Shagle<\/td>\n<td align=\"center\">\u2705<\/td>\n<td align=\"center\">\u274c (Pagato)<\/td>\n<td align=\"center\">\u274c<\/td>\n<td align=\"center\">\u2705<\/td>\n<td align=\"center\">\u2705<\/td>\n<td>Spinge molto le funzioni premium<\/td>\n<\/tr>\n<tr>\n<td><a href=\"https:\/\/strangercam.com\/it\/coomeet\/\">CooMeet<\/a><\/td>\n<td align=\"center\">\u274c (Prova)<\/td>\n<td align=\"center\">\u2705<\/td>\n<td align=\"center\">\u2705<\/td>\n<td align=\"center\">\u2705<\/td>\n<td align=\"center\">\u2705<\/td>\n<td>Per lo pi\u00f9 a pagamento dopo la prova gratuita<\/td>\n<\/tr>\n<tr>\n<td>LuckyCrush<\/td>\n<td align=\"center\">\u274c<\/td>\n<td align=\"center\">\u2705<\/td>\n<td align=\"center\">\u2705<\/td>\n<td align=\"center\">\u2705<\/td>\n<td align=\"center\">\u2705<\/td>\n<td>Sempre a pagamento, chat di genere<\/td>\n<\/tr>\n<\/tbody>\n<\/table>\n<p>Tra queste, StrangerCam \u00e8 una delle uniche piattaforme che offre un'autentica esperienza di video chat gratuita con sconosciuti, completa di un filtro di genere funzionante e senza registrazione.<\/p>\n<h2>Perch\u00e9 StrangerCam \u00e8 la scelta migliore<\/h2>\n<p>Ecco perch\u00e9 StrangerCam \u00e8 considerato uno dei posti migliori per le videochat con gli sconosciuti nel 2025:<\/p>\n<h3>1. 100% Libero e illimitato<\/h3>\n<p>A differenza di molti concorrenti, StrangerCam non blocca le funzioni dietro i muri a pagamento.<\/p>\n<h3>2. Filtro di genere gratuito<\/h3>\n<p>Incontrare esattamente chi vuoi, ragazzi, ragazze o entrambi, senza costi aggiuntivi.<\/p>\n<h3>3. Nessuna registrazione o informazione personale<\/h3>\n<p>Rimanere anonimi. Nessuna registrazione, nessuna raccolta di dati.<\/p>\n<h3>4. Comunit\u00e0 globale<\/h3>\n<p>Stranieri da oltre 100 paesi sono online 24 ore su 24, 7 giorni su 7.<\/p>\n<h3>5. Sicuro e moderato<\/h3>\n<p>Grazie agli strumenti di segnalazione e alla moderazione attiva, l'ambiente \u00e8 pi\u00f9 sicuro e amichevole.<\/p>\n<h3>6. Compatibile con i dispositivi mobili e desktop<\/h3>\n<p>Utilizzatelo su qualsiasi dispositivo, sempre e ovunque.<\/p>\n<h2>Testimonianze di utenti reali<\/h2>\n<blockquote><p><em>\"Volevo una piattaforma per videochattare con gli sconosciuti dopo la chiusura di Omegle e StrangerCam \u00e8 diventata la mia preferita. \u00c8 gratuita, veloce e piena di persone reali\".<\/em><br \/>\n- Adamo, 27 anni<\/p><\/blockquote>\n<blockquote><p><em>\"A differenza di altri siti, il filtro di genere funziona davvero gratuitamente. Ho avuto ottime chat con persone di tutto il mondo\".<\/em><br \/>\n- Sophia, 22 anni<\/p><\/blockquote>\n<blockquote><p><em>\"Nessun download di app, nessuna registrazione, solo connessioni istantanee. Esattamente quello che stavo cercando\".<\/em><br \/>\n- Liam, 30 anni<\/p><\/blockquote>\n<blockquote><p><em>\"La moderazione mi fa sentire al sicuro. Se qualcuno \u00e8 scortese, posso semplicemente saltarlo o segnalarlo all'istante\".<\/em><br \/>\n- Isabella, 24 anni<\/p><\/blockquote>\n<h2>Consigli di sicurezza per la videochiamata con gli sconosciuti<\/h2>\n<p>Anche se le chat video casuali sono divertenti, \u00e8 importante proteggersi:<\/p>\n<ul>\n<li>Non condividete i vostri dati personali (nome e cognome, telefono, indirizzo).<\/li>\n<li>Evitate di cliccare su link inviati da sconosciuti.<\/li>\n<li>Utilizzate liberamente \"Avanti\" se non vi sentite a vostro agio.<\/li>\n<li>Controllate il vostro background per evitare di mostrare informazioni private.<\/li>\n<li>Attenersi agli strumenti della piattaforma (bloccare\/segnalare quando necessario).<\/li>\n<li>Se avete meno di 18 anni, non utilizzate piattaforme di chat per adulti.<\/li>\n<\/ul>\n<h2>Come iniziare - Passo dopo passo<\/h2>\n<p>Ci vuole meno di un minuto per avviare una chat video con degli sconosciuti:<\/p>\n<ol>\n<li>Aprite StrangerCam sul vostro dispositivo.<\/li>\n<li>Consentire l'accesso alla telecamera e al microfono.<\/li>\n<li>Selezionare le proprie preferenze (ad esempio, filtro per sesso).<\/li>\n<li>Fare clic su Avvia chat per connettersi immediatamente.<\/li>\n<li>Incontrare gli sconosciuti faccia a faccia e fare clic su Avanti in qualsiasi momento.<\/li>\n<\/ol>\n<p>Tutto ci\u00f2 \u00e8 rapido, facile e gratuito.<\/p>\n<h2>Pensieri finali - Prova subito la chat video gratuita con gli sconosciuti<\/h2>\n<p>Nel 2025, la chat video con gli sconosciuti rimane uno dei modi pi\u00f9 interessanti per conoscere nuove persone online. \u00c8 spontanea, autentica e mette in contatto istantaneo con persone reali in tutto il mondo. Ma non tutte le piattaforme mantengono le loro promesse: alcune limitano le funzioni o impongono dei paywall.<\/p>\n<p>Ecco perch\u00e9 StrangerCam si distingue: \u00e8 gratuito, sicuro, anonimo e globale. Se state cercando di fare amicizia, conoscere ragazze o semplicemente godervi conversazioni casuali, \u00e8 una delle migliori opzioni disponibili oggi.<\/p>\n<p>Pronto a connetterti? Avvia subito una chat video gratuita con sconosciuti e scopri chi incontrerai.<\/p>","protected":false},"excerpt":{"rendered":"<p>Are you searching for the best way to video chat with strangers? You\u2019re not alone. Since the rise of Omegle, Chatroulette, and similar platforms, millions of people worldwide have discovered the thrill of instant video chat with random people across the globe. In 2025, the trend is bigger than ever\u2014with new platforms offering safer, smoother, [&hellip;]<\/p>\n","protected":false},"author":8,"featured_media":0,"parent":0,"menu_order":0,"comment_status":"closed","ping_status":"closed","template":"","meta":{"footnotes":""},"class_list":["post-3516","page","type-page","status-publish","hentry"],"yoast_head":"<!-- This site is optimized with the Yoast SEO plugin v27.4 - https:\/\/yoast.com\/product\/yoast-seo-wordpress\/ -->\n<title>Video Chat With Strangers with Random Chat on Strangercam.com<\/title>\n<meta name=\"description\" content=\"Liking Video Chat With Strangers? Join millions on StrangerCam.com! Start a random video chat, turn on your cam, and meet strangers instantly.\" \/>\n<meta name=\"robots\" content=\"index, follow, max-snippet:-1, max-image-preview:large, max-video-preview:-1\" \/>\n<link rel=\"canonical\" href=\"https:\/\/strangercam.com\/it\/video-chat-con-sconosciuti\/\" \/>\n<meta property=\"og:locale\" content=\"it_IT\" \/>\n<meta property=\"og:type\" content=\"article\" \/>\n<meta property=\"og:title\" content=\"Video Chat With Strangers with Random Chat on Strangercam.com\" \/>\n<meta property=\"og:description\" content=\"Liking Video Chat With Strangers? Join millions on StrangerCam.com! Start a random video chat, turn on your cam, and meet strangers instantly.\" \/>\n<meta property=\"og:url\" content=\"https:\/\/strangercam.com\/it\/video-chat-con-sconosciuti\/\" \/>\n<meta property=\"og:site_name\" content=\"Strangercam\" \/>\n<meta property=\"article:publisher\" content=\"https:\/\/www.facebook.com\/strangercam\" \/>\n<meta property=\"article:modified_time\" content=\"2025-08-18T12:14:10+00:00\" \/>\n<meta property=\"og:image\" content=\"https:\/\/strangercam.com\/wp-content\/uploads\/2021\/10\/Untitled-2.png\" \/>\n\t<meta property=\"og:image:width\" content=\"800\" \/>\n\t<meta property=\"og:image:height\" content=\"532\" \/>\n\t<meta property=\"og:image:type\" content=\"image\/png\" \/>\n<meta name=\"twitter:card\" content=\"summary_large_image\" \/>\n<meta name=\"twitter:site\" content=\"@strangercamapp\" \/>\n<meta name=\"twitter:label1\" content=\"Tempo di lettura stimato\" \/>\n\t<meta name=\"twitter:data1\" content=\"5 minuti\" \/>\n<script type=\"application\/ld+json\" class=\"yoast-schema-graph\">{\"@context\":\"https:\\\/\\\/schema.org\",\"@graph\":[{\"@type\":\"WebPage\",\"@id\":\"https:\\\/\\\/strangercam.com\\\/video-chat-with-strangers\\\/\",\"url\":\"https:\\\/\\\/strangercam.com\\\/video-chat-with-strangers\\\/\",\"name\":\"Video Chat With Strangers with Random Chat on Strangercam.com\",\"isPartOf\":{\"@id\":\"https:\\\/\\\/strangercam.com\\\/#website\"},\"datePublished\":\"2025-08-18T11:21:58+00:00\",\"dateModified\":\"2025-08-18T12:14:10+00:00\",\"description\":\"Liking Video Chat With Strangers? Join millions on StrangerCam.com! Start a random video chat, turn on your cam, and meet strangers instantly.\",\"breadcrumb\":{\"@id\":\"https:\\\/\\\/strangercam.com\\\/video-chat-with-strangers\\\/#breadcrumb\"},\"inLanguage\":\"it-IT\",\"potentialAction\":[{\"@type\":\"ReadAction\",\"target\":[\"https:\\\/\\\/strangercam.com\\\/video-chat-with-strangers\\\/\"]}]},{\"@type\":\"BreadcrumbList\",\"@id\":\"https:\\\/\\\/strangercam.com\\\/video-chat-with-strangers\\\/#breadcrumb\",\"itemListElement\":[{\"@type\":\"ListItem\",\"position\":1,\"name\":\"Home\",\"item\":\"https:\\\/\\\/strangercam.com\\\/\"},{\"@type\":\"ListItem\",\"position\":2,\"name\":\"Video Chat With Strangers\"}]},{\"@type\":\"WebSite\",\"@id\":\"https:\\\/\\\/strangercam.com\\\/#website\",\"url\":\"https:\\\/\\\/strangercam.com\\\/\",\"name\":\"Strangercam\",\"description\":\"Random Video Chat with Strangers\",\"publisher\":{\"@id\":\"https:\\\/\\\/strangercam.com\\\/#organization\"},\"alternateName\":\"Strangercam.com\",\"potentialAction\":[{\"@type\":\"SearchAction\",\"target\":{\"@type\":\"EntryPoint\",\"urlTemplate\":\"https:\\\/\\\/strangercam.com\\\/?s={search_term_string}\"},\"query-input\":{\"@type\":\"PropertyValueSpecification\",\"valueRequired\":true,\"valueName\":\"search_term_string\"}}],\"inLanguage\":\"it-IT\"},{\"@type\":\"Organization\",\"@id\":\"https:\\\/\\\/strangercam.com\\\/#organization\",\"name\":\"Strangercam\",\"alternateName\":\"Strangercam.com\",\"url\":\"https:\\\/\\\/strangercam.com\\\/\",\"logo\":{\"@type\":\"ImageObject\",\"inLanguage\":\"it-IT\",\"@id\":\"https:\\\/\\\/strangercam.com\\\/#\\\/schema\\\/logo\\\/image\\\/\",\"url\":\"https:\\\/\\\/strangercam.com\\\/wp-content\\\/uploads\\\/2020\\\/11\\\/cropped-new-favicon-black.png\",\"contentUrl\":\"https:\\\/\\\/strangercam.com\\\/wp-content\\\/uploads\\\/2020\\\/11\\\/cropped-new-favicon-black.png\",\"width\":512,\"height\":512,\"caption\":\"Strangercam\"},\"image\":{\"@id\":\"https:\\\/\\\/strangercam.com\\\/#\\\/schema\\\/logo\\\/image\\\/\"},\"sameAs\":[\"https:\\\/\\\/www.facebook.com\\\/strangercam\",\"https:\\\/\\\/x.com\\\/strangercamapp\"]}]}<\/script>\n<!-- \/ Yoast SEO plugin. -->","yoast_head_json":{"title":"Videochatta con sconosciuti con la chat casuale su Strangercam.com","description":"Ti piace la video chat con gli sconosciuti? Join milioni su StrangerCam.com! Avvia una chat video casuale, accendi la tua cam e incontra subito degli sconosciuti.","robots":{"index":"index","follow":"follow","max-snippet":"max-snippet:-1","max-image-preview":"max-image-preview:large","max-video-preview":"max-video-preview:-1"},"canonical":"https:\/\/strangercam.com\/it\/video-chat-con-sconosciuti\/","og_locale":"it_IT","og_type":"article","og_title":"Video Chat With Strangers with Random Chat on Strangercam.com","og_description":"Liking Video Chat With Strangers? Join millions on StrangerCam.com! Start a random video chat, turn on your cam, and meet strangers instantly.","og_url":"https:\/\/strangercam.com\/it\/video-chat-con-sconosciuti\/","og_site_name":"Strangercam","article_publisher":"https:\/\/www.facebook.com\/strangercam","article_modified_time":"2025-08-18T12:14:10+00:00","og_image":[{"width":800,"height":532,"url":"https:\/\/strangercam.com\/wp-content\/uploads\/2021\/10\/Untitled-2.png","type":"image\/png"}],"twitter_card":"summary_large_image","twitter_site":"@strangercamapp","twitter_misc":{"Tempo di lettura stimato":"5 minuti"},"schema":{"@context":"https:\/\/schema.org","@graph":[{"@type":"WebPage","@id":"https:\/\/strangercam.com\/video-chat-with-strangers\/","url":"https:\/\/strangercam.com\/video-chat-with-strangers\/","name":"Videochatta con sconosciuti con la chat casuale su Strangercam.com","isPartOf":{"@id":"https:\/\/strangercam.com\/#website"},"datePublished":"2025-08-18T11:21:58+00:00","dateModified":"2025-08-18T12:14:10+00:00","description":"Ti piace la video chat con gli sconosciuti? Join milioni su StrangerCam.com! Avvia una chat video casuale, accendi la tua cam e incontra subito degli sconosciuti.","breadcrumb":{"@id":"https:\/\/strangercam.com\/video-chat-with-strangers\/#breadcrumb"},"inLanguage":"it-IT","potentialAction":[{"@type":"ReadAction","target":["https:\/\/strangercam.com\/video-chat-with-strangers\/"]}]},{"@type":"BreadcrumbList","@id":"https:\/\/strangercam.com\/video-chat-with-strangers\/#breadcrumb","itemListElement":[{"@type":"ListItem","position":1,"name":"Home","item":"https:\/\/strangercam.com\/"},{"@type":"ListItem","position":2,"name":"Video Chat With Strangers"}]},{"@type":"WebSite","@id":"https:\/\/strangercam.com\/#website","url":"https:\/\/strangercam.com\/","name":"Strangercam","description":"Videochat casuale con sconosciuti","publisher":{"@id":"https:\/\/strangercam.com\/#organization"},"alternateName":"Strangercam.com","potentialAction":[{"@type":"SearchAction","target":{"@type":"EntryPoint","urlTemplate":"https:\/\/strangercam.com\/?s={search_term_string}"},"query-input":{"@type":"PropertyValueSpecification","valueRequired":true,"valueName":"search_term_string"}}],"inLanguage":"it-IT"},{"@type":"Organization","@id":"https:\/\/strangercam.com\/#organization","name":"Strangercam","alternateName":"Strangercam.com","url":"https:\/\/strangercam.com\/","logo":{"@type":"ImageObject","inLanguage":"it-IT","@id":"https:\/\/strangercam.com\/#\/schema\/logo\/image\/","url":"https:\/\/strangercam.com\/wp-content\/uploads\/2020\/11\/cropped-new-favicon-black.png","contentUrl":"https:\/\/strangercam.com\/wp-content\/uploads\/2020\/11\/cropped-new-favicon-black.png","width":512,"height":512,"caption":"Strangercam"},"image":{"@id":"https:\/\/strangercam.com\/#\/schema\/logo\/image\/"},"sameAs":["https:\/\/www.facebook.com\/strangercam","https:\/\/x.com\/strangercamapp"]}]}},"_links":{"self":[{"href":"https:\/\/strangercam.com\/it\/wp-json\/wp\/v2\/pages\/3516","targetHints":{"allow":["GET"]}}],"collection":[{"href":"https:\/\/strangercam.com\/it\/wp-json\/wp\/v2\/pages"}],"about":[{"href":"https:\/\/strangercam.com\/it\/wp-json\/wp\/v2\/types\/page"}],"author":[{"embeddable":true,"href":"https:\/\/strangercam.com\/it\/wp-json\/wp\/v2\/users\/8"}],"replies":[{"embeddable":true,"href":"https:\/\/strangercam.com\/it\/wp-json\/wp\/v2\/comments?post=3516"}],"version-history":[{"count":2,"href":"https:\/\/strangercam.com\/it\/wp-json\/wp\/v2\/pages\/3516\/revisions"}],"predecessor-version":[{"id":12969,"href":"https:\/\/strangercam.com\/it\/wp-json\/wp\/v2\/pages\/3516\/revisions\/12969"}],"wp:attachment":[{"href":"https:\/\/strangercam.com\/it\/wp-json\/wp\/v2\/media?parent=3516"}],"curies":[{"name":"wp","href":"https:\/\/api.w.org\/{rel}","templated":true}]}}