{"id":3283,"date":"2021-05-09T21:43:36","date_gmt":"2021-05-09T19:43:36","guid":{"rendered":"https:\/\/strangercam.com\/?page_id=3283"},"modified":"2023-08-21T11:40:07","modified_gmt":"2023-08-21T09:40:07","slug":"allotalk","status":"publish","type":"page","link":"https:\/\/strangercam.com\/it\/allotalk\/","title":{"rendered":"Allotalk"},"content":{"rendered":"<p>Un sito web di incontri permette agli utenti di trovare facilmente single e nuovi amici in una determinata localit\u00e0. D'altra parte, i nuovi membri dovrebbero scegliere il sito giusto che si adatta alle loro esigenze e ad altri aspetti. Allotalk \u00e8 un sito di incontri pensato per gli adolescenti, i single e gli sconosciuti che vogliono <a href=\"https:\/\/strangercam.com\/it\/chatroulette\/\">chat<\/a> con <a href=\"https:\/\/strangercam.com\/it\/chatrandom\/\">casuale<\/a> persone attraverso le chat room. \u00c8 <a href=\"https:\/\/strangercam.com\/it\/1v1-chat\/\">uno<\/a> delle piattaforme di chat online pi\u00f9 sicure per gli adolescenti, che consentono loro di identificare con facilit\u00e0 i veri amici. La piattaforma \u00e8 l'opzione giusta per coloro che vogliono <a href=\"https:\/\/strangercam.com\/it\/coomeet\/\">incontrarsi<\/a> single con culture diverse.<\/p>\n<h2>Come utilizzare il sito di incontri Allotalk?<\/h2>\n<p>Il sito di incontri offre la possibilit\u00e0 di conversare con gli altri attraverso le chatroom e le chat private. Sono presenti otto chatroom per adolescenti che permettono di fare amicizia con persone provenienti da varie parti del mondo. Chiunque voglia registrarsi su questo sito pu\u00f2 utilizzare il proprio account Facebook o Twitter. D'altra parte, devono utilizzare lo stesso nome utente e la stessa password durante il processo di registrazione, per raggiungere gli obiettivi prefissati. Inoltre, la piattaforma offre un'opzione ospite per i nuovi utenti, che devono fornire solo un nome utente e inserire la casella captcha per la conferma.<\/p>\n<h2>Quali sono i pro e i contro?<\/h2>\n<p>Il sito ha un design semplice e un'interfaccia utente che consente ai membri di comunicare facilmente con gli altri. Inoltre, offre metodi per inviare messaggi privati agli altri, che aiutano a costruire amicizie con facilit\u00e0. Gli utenti possono anche inviare regali e video di YouTube in una chat di gruppo per invitare altri amici. Un'altra caratteristica del sito \u00e8 che fornisce metodi per creare la propria chat room in base alle proprie scelte e preferenze. Poich\u00e9 tutte le chat room funzionano velocemente, non richiede alcun plug-in. Sebbene la versione app sia comoda da usare, \u00e8 disponibile solo per i telefoni Android.<\/p>\n<h2>Quali sono i piani tariffari?<\/h2>\n<p>Prima di creare un account, \u00e8 necessario conoscere in dettaglio i piani tariffari che aiuteranno a prendere la decisione giusta. Allotalk offre sia <a href=\"https:\/\/strangercam.com\/it\/chat4free\/\">libero<\/a> servizi e servizi a pagamento per gli utenti, che possono scegliere il migliore dopo aver effettuato una ricerca. Offre piani mensili, trimestrali e annuali per i nuovi membri, mostrando cos\u00ec i modi per ottenere eccellenti vantaggi. I servizi a pagamento consentono agli utenti di caricare le proprie immagini, visualizzare i messaggi di chat e inviare messaggi vocali. Tuttavia, \u00e8 necessario leggere attentamente i termini e le condizioni durante la creazione di un account. Il sito web \u00e8 la scelta migliore per individuare persone che la pensano allo stesso modo e che provengono da ambienti diversi, senza alcun problema.<\/p>","protected":false},"excerpt":{"rendered":"<p>A dating website allows users to find singles as well as new friends in a location easily. On the other hand, new members should choose the right website which tailors to their needs and other things. Allotalk is a dating website meant for teenagers, singles, and strangers who want to chat with random people through [&hellip;]<\/p>\n","protected":false},"author":6,"featured_media":559,"parent":0,"menu_order":0,"comment_status":"closed","ping_status":"closed","template":"","meta":{"footnotes":""},"class_list":["post-3283","page","type-page","status-publish","has-post-thumbnail","hentry"],"yoast_head":"<!-- This site is optimized with the Yoast SEO plugin v26.9 - https:\/\/yoast.com\/product\/yoast-seo-wordpress\/ -->\n<title>Allotalk - Most Popular Video Chats - Cam on StrangerCam.com<\/title>\n<meta name=\"description\" content=\"Like Allotalk? Come chat with more than 5.000.000 strangers on Stranger Cam for Free! Turn on your cam and find new friends &amp; maby a match!\" \/>\n<meta name=\"robots\" content=\"index, follow, max-snippet:-1, max-image-preview:large, max-video-preview:-1\" \/>\n<link rel=\"canonical\" href=\"https:\/\/strangercam.com\/it\/allotalk\/\" \/>\n<meta property=\"og:locale\" content=\"it_IT\" \/>\n<meta property=\"og:type\" content=\"article\" \/>\n<meta property=\"og:title\" content=\"Allotalk - Most Popular Video Chats - Cam on StrangerCam.com\" \/>\n<meta property=\"og:description\" content=\"Like Allotalk? Come chat with more than 5.000.000 strangers on Stranger Cam for Free! Turn on your cam and find new friends &amp; maby a match!\" \/>\n<meta property=\"og:url\" content=\"https:\/\/strangercam.com\/it\/allotalk\/\" \/>\n<meta property=\"og:site_name\" content=\"Strangercam\" \/>\n<meta property=\"article:publisher\" content=\"https:\/\/www.facebook.com\/strangercam\" \/>\n<meta property=\"article:modified_time\" content=\"2023-08-21T09:40:07+00:00\" \/>\n<meta property=\"og:image\" content=\"https:\/\/strangercam.com\/wp-content\/uploads\/2020\/11\/stranger-cam-1.png\" \/>\n\t<meta property=\"og:image:width\" content=\"800\" \/>\n\t<meta property=\"og:image:height\" content=\"800\" \/>\n\t<meta property=\"og:image:type\" content=\"image\/png\" \/>\n<meta name=\"twitter:card\" content=\"summary_large_image\" \/>\n<meta name=\"twitter:site\" content=\"@strangercamapp\" \/>\n<meta name=\"twitter:label1\" content=\"Tempo di lettura stimato\" \/>\n\t<meta name=\"twitter:data1\" content=\"2 minuti\" \/>\n<script type=\"application\/ld+json\" class=\"yoast-schema-graph\">{\"@context\":\"https:\/\/schema.org\",\"@graph\":[{\"@type\":\"WebPage\",\"@id\":\"https:\/\/strangercam.com\/allotalk\/\",\"url\":\"https:\/\/strangercam.com\/allotalk\/\",\"name\":\"Allotalk - Most Popular Video Chats - Cam on StrangerCam.com\",\"isPartOf\":{\"@id\":\"https:\/\/strangercam.com\/#website\"},\"primaryImageOfPage\":{\"@id\":\"https:\/\/strangercam.com\/allotalk\/#primaryimage\"},\"image\":{\"@id\":\"https:\/\/strangercam.com\/allotalk\/#primaryimage\"},\"thumbnailUrl\":\"https:\/\/strangercam.com\/wp-content\/uploads\/2020\/11\/stranger-cam-1.png\",\"datePublished\":\"2021-05-09T19:43:36+00:00\",\"dateModified\":\"2023-08-21T09:40:07+00:00\",\"description\":\"Like Allotalk? Come chat with more than 5.000.000 strangers on Stranger Cam for Free! Turn on your cam and find new friends & maby a match!\",\"breadcrumb\":{\"@id\":\"https:\/\/strangercam.com\/allotalk\/#breadcrumb\"},\"inLanguage\":\"it-IT\",\"potentialAction\":[{\"@type\":\"ReadAction\",\"target\":[\"https:\/\/strangercam.com\/allotalk\/\"]}]},{\"@type\":\"ImageObject\",\"inLanguage\":\"it-IT\",\"@id\":\"https:\/\/strangercam.com\/allotalk\/#primaryimage\",\"url\":\"https:\/\/strangercam.com\/wp-content\/uploads\/2020\/11\/stranger-cam-1.png\",\"contentUrl\":\"https:\/\/strangercam.com\/wp-content\/uploads\/2020\/11\/stranger-cam-1.png\",\"width\":800,\"height\":800,\"caption\":\"stranger cam random video chat\"},{\"@type\":\"BreadcrumbList\",\"@id\":\"https:\/\/strangercam.com\/allotalk\/#breadcrumb\",\"itemListElement\":[{\"@type\":\"ListItem\",\"position\":1,\"name\":\"Home\",\"item\":\"https:\/\/strangercam.com\/\"},{\"@type\":\"ListItem\",\"position\":2,\"name\":\"Allotalk\"}]},{\"@type\":\"WebSite\",\"@id\":\"https:\/\/strangercam.com\/#website\",\"url\":\"https:\/\/strangercam.com\/\",\"name\":\"Strangercam\",\"description\":\"Random Video Chat with Strangers\",\"publisher\":{\"@id\":\"https:\/\/strangercam.com\/#organization\"},\"alternateName\":\"Strangercam.com\",\"potentialAction\":[{\"@type\":\"SearchAction\",\"target\":{\"@type\":\"EntryPoint\",\"urlTemplate\":\"https:\/\/strangercam.com\/?s={search_term_string}\"},\"query-input\":{\"@type\":\"PropertyValueSpecification\",\"valueRequired\":true,\"valueName\":\"search_term_string\"}}],\"inLanguage\":\"it-IT\"},{\"@type\":\"Organization\",\"@id\":\"https:\/\/strangercam.com\/#organization\",\"name\":\"Strangercam\",\"alternateName\":\"Strangercam.com\",\"url\":\"https:\/\/strangercam.com\/\",\"logo\":{\"@type\":\"ImageObject\",\"inLanguage\":\"it-IT\",\"@id\":\"https:\/\/strangercam.com\/#\/schema\/logo\/image\/\",\"url\":\"https:\/\/strangercam.com\/wp-content\/uploads\/2020\/11\/cropped-new-favicon-black.png\",\"contentUrl\":\"https:\/\/strangercam.com\/wp-content\/uploads\/2020\/11\/cropped-new-favicon-black.png\",\"width\":512,\"height\":512,\"caption\":\"Strangercam\"},\"image\":{\"@id\":\"https:\/\/strangercam.com\/#\/schema\/logo\/image\/\"},\"sameAs\":[\"https:\/\/www.facebook.com\/strangercam\",\"https:\/\/x.com\/strangercamapp\"]}]}<\/script>\n<!-- \/ Yoast SEO plugin. -->","yoast_head_json":{"title":"Allotalk - Le pi\u00f9 popolari video chat - Cam su StrangerCam.com","description":"Come Allotalk? Vieni a chattare con pi\u00f9 di 5.000.000 di sconosciuti su Stranger Cam gratuitamente! Accendi la tua cam e trova nuovi amici e magari un partner!","robots":{"index":"index","follow":"follow","max-snippet":"max-snippet:-1","max-image-preview":"max-image-preview:large","max-video-preview":"max-video-preview:-1"},"canonical":"https:\/\/strangercam.com\/it\/allotalk\/","og_locale":"it_IT","og_type":"article","og_title":"Allotalk - Most Popular Video Chats - Cam on StrangerCam.com","og_description":"Like Allotalk? Come chat with more than 5.000.000 strangers on Stranger Cam for Free! Turn on your cam and find new friends & maby a match!","og_url":"https:\/\/strangercam.com\/it\/allotalk\/","og_site_name":"Strangercam","article_publisher":"https:\/\/www.facebook.com\/strangercam","article_modified_time":"2023-08-21T09:40:07+00:00","og_image":[{"width":800,"height":800,"url":"https:\/\/strangercam.com\/wp-content\/uploads\/2020\/11\/stranger-cam-1.png","type":"image\/png"}],"twitter_card":"summary_large_image","twitter_site":"@strangercamapp","twitter_misc":{"Tempo di lettura stimato":"2 minuti"},"schema":{"@context":"https:\/\/schema.org","@graph":[{"@type":"WebPage","@id":"https:\/\/strangercam.com\/allotalk\/","url":"https:\/\/strangercam.com\/allotalk\/","name":"Allotalk - Le pi\u00f9 popolari video chat - Cam su StrangerCam.com","isPartOf":{"@id":"https:\/\/strangercam.com\/#website"},"primaryImageOfPage":{"@id":"https:\/\/strangercam.com\/allotalk\/#primaryimage"},"image":{"@id":"https:\/\/strangercam.com\/allotalk\/#primaryimage"},"thumbnailUrl":"https:\/\/strangercam.com\/wp-content\/uploads\/2020\/11\/stranger-cam-1.png","datePublished":"2021-05-09T19:43:36+00:00","dateModified":"2023-08-21T09:40:07+00:00","description":"Come Allotalk? Vieni a chattare con pi\u00f9 di 5.000.000 di sconosciuti su Stranger Cam gratuitamente! Accendi la tua cam e trova nuovi amici e magari un partner!","breadcrumb":{"@id":"https:\/\/strangercam.com\/allotalk\/#breadcrumb"},"inLanguage":"it-IT","potentialAction":[{"@type":"ReadAction","target":["https:\/\/strangercam.com\/allotalk\/"]}]},{"@type":"ImageObject","inLanguage":"it-IT","@id":"https:\/\/strangercam.com\/allotalk\/#primaryimage","url":"https:\/\/strangercam.com\/wp-content\/uploads\/2020\/11\/stranger-cam-1.png","contentUrl":"https:\/\/strangercam.com\/wp-content\/uploads\/2020\/11\/stranger-cam-1.png","width":800,"height":800,"caption":"stranger cam random video chat"},{"@type":"BreadcrumbList","@id":"https:\/\/strangercam.com\/allotalk\/#breadcrumb","itemListElement":[{"@type":"ListItem","position":1,"name":"Home","item":"https:\/\/strangercam.com\/"},{"@type":"ListItem","position":2,"name":"Allotalk"}]},{"@type":"WebSite","@id":"https:\/\/strangercam.com\/#website","url":"https:\/\/strangercam.com\/","name":"Strangercam","description":"Videochat casuale con sconosciuti","publisher":{"@id":"https:\/\/strangercam.com\/#organization"},"alternateName":"Strangercam.com","potentialAction":[{"@type":"SearchAction","target":{"@type":"EntryPoint","urlTemplate":"https:\/\/strangercam.com\/?s={search_term_string}"},"query-input":{"@type":"PropertyValueSpecification","valueRequired":true,"valueName":"search_term_string"}}],"inLanguage":"it-IT"},{"@type":"Organization","@id":"https:\/\/strangercam.com\/#organization","name":"Strangercam","alternateName":"Strangercam.com","url":"https:\/\/strangercam.com\/","logo":{"@type":"ImageObject","inLanguage":"it-IT","@id":"https:\/\/strangercam.com\/#\/schema\/logo\/image\/","url":"https:\/\/strangercam.com\/wp-content\/uploads\/2020\/11\/cropped-new-favicon-black.png","contentUrl":"https:\/\/strangercam.com\/wp-content\/uploads\/2020\/11\/cropped-new-favicon-black.png","width":512,"height":512,"caption":"Strangercam"},"image":{"@id":"https:\/\/strangercam.com\/#\/schema\/logo\/image\/"},"sameAs":["https:\/\/www.facebook.com\/strangercam","https:\/\/x.com\/strangercamapp"]}]}},"_links":{"self":[{"href":"https:\/\/strangercam.com\/it\/wp-json\/wp\/v2\/pages\/3283","targetHints":{"allow":["GET"]}}],"collection":[{"href":"https:\/\/strangercam.com\/it\/wp-json\/wp\/v2\/pages"}],"about":[{"href":"https:\/\/strangercam.com\/it\/wp-json\/wp\/v2\/types\/page"}],"author":[{"embeddable":true,"href":"https:\/\/strangercam.com\/it\/wp-json\/wp\/v2\/users\/6"}],"replies":[{"embeddable":true,"href":"https:\/\/strangercam.com\/it\/wp-json\/wp\/v2\/comments?post=3283"}],"version-history":[{"count":0,"href":"https:\/\/strangercam.com\/it\/wp-json\/wp\/v2\/pages\/3283\/revisions"}],"wp:featuredmedia":[{"embeddable":true,"href":"https:\/\/strangercam.com\/it\/wp-json\/wp\/v2\/media\/559"}],"wp:attachment":[{"href":"https:\/\/strangercam.com\/it\/wp-json\/wp\/v2\/media?parent=3283"}],"curies":[{"name":"wp","href":"https:\/\/api.w.org\/{rel}","templated":true}]}}