{"id":3232,"date":"2021-05-09T21:30:30","date_gmt":"2021-05-09T19:30:30","guid":{"rendered":"https:\/\/strangercam.com\/?page_id=3232"},"modified":"2023-08-21T12:24:41","modified_gmt":"2023-08-21T10:24:41","slug":"faceflow","status":"publish","type":"page","link":"https:\/\/strangercam.com\/it\/faceflow\/","title":{"rendered":"FaceFlow"},"content":{"rendered":"<p>La scelta di un sito web di incontri non \u00e8 un lavoro facile perch\u00e9 deve <a href=\"https:\/\/strangercam.com\/it\/coomeet\/\">incontrarsi<\/a> le aspettative degli utenti. Il sito FaceFlow offre metodi per scoprire nuovi amici e anime gemelle che condividono interessi comuni. Permette agli utenti di fare <a href=\"https:\/\/strangercam.com\/it\/chat4free\/\">libero<\/a> <a href=\"https:\/\/strangercam.com\/it\/rabbit-video-chat\/\">video<\/a> chiamate in conferenza, mostrando cos\u00ec i modi per connettersi con gli altri in tempi rapidi. Il processo di registrazione \u00e8 molto semplice e i nuovi utenti devono fornire solo alcuni dettagli importanti. Inoltre, la piattaforma web dispone di un vasto database di utenti che consente ai membri di effettuare conversazioni in base alle loro scelte.<\/p>\n<h2>Come funziona l'FaceFlow?<\/h2>\n<p>Il sito di incontri FaceFlow comprende molte chatroom e gli utenti possono accedervi dopo aver creato un account. Possono cliccare sul pulsante \"trova un partner casuale\", che permette loro di trovare facilmente un incontro casuale. Le chatroom consentono agli utenti di comunicare con pi\u00f9 persone alla volta per trovare gli incontri pi\u00f9 adatti. D'altra parte, permettono agli utenti di scegliere solo persone del vicinato. Un incontro casuale <a href=\"https:\/\/strangercam.com\/it\/chatroulette\/\">chat<\/a> \u00e8 disponibile per coloro che vogliono entrare in contatto con persone sconosciute il prima possibile. Le opzioni di ricerca e i filtri sono altre caratteristiche offerte dal sito, che permette agli utenti di incontrare persone in base al loro background.<\/p>\n<h3>Quali sono le caratteristiche dell'FaceFlow?<\/h3>\n<p>Il sito di incontri FaceFlow offre agli utenti caratteristiche uniche che consentono loro di garantire un'esperienza migliore. Alcune di queste includono chat di testo, messaggi vocali, profili utente, chat pubbliche, condivisione di file, videochiamate di gruppo, videochiamate 1 a 1, ecc. Funziona su tutti i dispositivi, compresi i telefoni cellulari, per connettersi con gli altri nel pi\u00f9 breve tempo possibile. Il sito \u00e8 facile da capire e da navigare e risponde alle esigenze essenziali degli utenti. I membri possono caricare le loro foto e altri dettagli sul sito web per creare un impatto sugli altri in larga misura.<\/p>\n<h3>Motivi per scegliere il sito FaceFlow<\/h3>\n<p>Il sito di incontri \u00e8 gratuito e consente ai membri di effettuare videochiamate di alta qualit\u00e0. Inoltre, offre la possibilit\u00e0 di valutare il pubblico in base alla geografia, al sesso, agli interessi e ad altri fattori. Non \u00e8 disponibile una versione mobile dedicata agli utenti, che dovrebbero scegliere solo i desktop quando si tratta di incontri. <a href=\"https:\/\/strangercam.com\/it\/1v1-chat\/\">Uno<\/a> possono contattare l'assistenza clienti tramite e-mail per saperne di pi\u00f9. Il sito offre agli utenti diversi tipi di tecniche di comunicazione per comunicare efficacemente con gli altri. Non \u00e8 necessario scaricare nulla durante l'utilizzo del sito e i membri possono trovare potenziali corrispondenze quando vogliono costruire relazioni a distanza.<\/p>","protected":false},"excerpt":{"rendered":"<p>Choosing a dating website is not an easy-going job because it should meet the expectations of users properly. FaceFlow website provides methods to discover new friends and soulmates who share common interests. It allows users to make free video conference calls thereby showing ways to connect with others in a quick turnaround time. The registration [&hellip;]<\/p>\n","protected":false},"author":6,"featured_media":559,"parent":0,"menu_order":0,"comment_status":"closed","ping_status":"closed","template":"","meta":{"footnotes":""},"class_list":["post-3232","page","type-page","status-publish","has-post-thumbnail","hentry"],"yoast_head":"<!-- This site is optimized with the Yoast SEO plugin v26.9 - https:\/\/yoast.com\/product\/yoast-seo-wordpress\/ -->\n<title>FaceFlow - Most Popular Video Chats - Cam on StrangerCam.com<\/title>\n<meta name=\"description\" content=\"Like FaceFlow? Come chat with more than 5.000.000 strangers on Stranger Cam for Free! Turn on your cam and find new friends &amp; maby a match!\" \/>\n<meta name=\"robots\" content=\"index, follow, max-snippet:-1, max-image-preview:large, max-video-preview:-1\" \/>\n<link rel=\"canonical\" href=\"https:\/\/strangercam.com\/it\/faceflow\/\" \/>\n<meta property=\"og:locale\" content=\"it_IT\" \/>\n<meta property=\"og:type\" content=\"article\" \/>\n<meta property=\"og:title\" content=\"FaceFlow - Most Popular Video Chats - Cam on StrangerCam.com\" \/>\n<meta property=\"og:description\" content=\"Like FaceFlow? Come chat with more than 5.000.000 strangers on Stranger Cam for Free! Turn on your cam and find new friends &amp; maby a match!\" \/>\n<meta property=\"og:url\" content=\"https:\/\/strangercam.com\/it\/faceflow\/\" \/>\n<meta property=\"og:site_name\" content=\"Strangercam\" \/>\n<meta property=\"article:publisher\" content=\"https:\/\/www.facebook.com\/strangercam\" \/>\n<meta property=\"article:modified_time\" content=\"2023-08-21T10:24:41+00:00\" \/>\n<meta property=\"og:image\" content=\"https:\/\/strangercam.com\/wp-content\/uploads\/2020\/11\/stranger-cam-1.png\" \/>\n\t<meta property=\"og:image:width\" content=\"800\" \/>\n\t<meta property=\"og:image:height\" content=\"800\" \/>\n\t<meta property=\"og:image:type\" content=\"image\/png\" \/>\n<meta name=\"twitter:card\" content=\"summary_large_image\" \/>\n<meta name=\"twitter:site\" content=\"@strangercamapp\" \/>\n<meta name=\"twitter:label1\" content=\"Tempo di lettura stimato\" \/>\n\t<meta name=\"twitter:data1\" content=\"2 minuti\" \/>\n<script type=\"application\/ld+json\" class=\"yoast-schema-graph\">{\"@context\":\"https:\/\/schema.org\",\"@graph\":[{\"@type\":\"WebPage\",\"@id\":\"https:\/\/strangercam.com\/faceflow\/\",\"url\":\"https:\/\/strangercam.com\/faceflow\/\",\"name\":\"FaceFlow - Most Popular Video Chats - Cam on StrangerCam.com\",\"isPartOf\":{\"@id\":\"https:\/\/strangercam.com\/#website\"},\"primaryImageOfPage\":{\"@id\":\"https:\/\/strangercam.com\/faceflow\/#primaryimage\"},\"image\":{\"@id\":\"https:\/\/strangercam.com\/faceflow\/#primaryimage\"},\"thumbnailUrl\":\"https:\/\/strangercam.com\/wp-content\/uploads\/2020\/11\/stranger-cam-1.png\",\"datePublished\":\"2021-05-09T19:30:30+00:00\",\"dateModified\":\"2023-08-21T10:24:41+00:00\",\"description\":\"Like FaceFlow? Come chat with more than 5.000.000 strangers on Stranger Cam for Free! Turn on your cam and find new friends & maby a match!\",\"breadcrumb\":{\"@id\":\"https:\/\/strangercam.com\/faceflow\/#breadcrumb\"},\"inLanguage\":\"it-IT\",\"potentialAction\":[{\"@type\":\"ReadAction\",\"target\":[\"https:\/\/strangercam.com\/faceflow\/\"]}]},{\"@type\":\"ImageObject\",\"inLanguage\":\"it-IT\",\"@id\":\"https:\/\/strangercam.com\/faceflow\/#primaryimage\",\"url\":\"https:\/\/strangercam.com\/wp-content\/uploads\/2020\/11\/stranger-cam-1.png\",\"contentUrl\":\"https:\/\/strangercam.com\/wp-content\/uploads\/2020\/11\/stranger-cam-1.png\",\"width\":800,\"height\":800,\"caption\":\"stranger cam random video chat\"},{\"@type\":\"BreadcrumbList\",\"@id\":\"https:\/\/strangercam.com\/faceflow\/#breadcrumb\",\"itemListElement\":[{\"@type\":\"ListItem\",\"position\":1,\"name\":\"Home\",\"item\":\"https:\/\/strangercam.com\/\"},{\"@type\":\"ListItem\",\"position\":2,\"name\":\"FaceFlow\"}]},{\"@type\":\"WebSite\",\"@id\":\"https:\/\/strangercam.com\/#website\",\"url\":\"https:\/\/strangercam.com\/\",\"name\":\"Strangercam\",\"description\":\"Random Video Chat with Strangers\",\"publisher\":{\"@id\":\"https:\/\/strangercam.com\/#organization\"},\"alternateName\":\"Strangercam.com\",\"potentialAction\":[{\"@type\":\"SearchAction\",\"target\":{\"@type\":\"EntryPoint\",\"urlTemplate\":\"https:\/\/strangercam.com\/?s={search_term_string}\"},\"query-input\":{\"@type\":\"PropertyValueSpecification\",\"valueRequired\":true,\"valueName\":\"search_term_string\"}}],\"inLanguage\":\"it-IT\"},{\"@type\":\"Organization\",\"@id\":\"https:\/\/strangercam.com\/#organization\",\"name\":\"Strangercam\",\"alternateName\":\"Strangercam.com\",\"url\":\"https:\/\/strangercam.com\/\",\"logo\":{\"@type\":\"ImageObject\",\"inLanguage\":\"it-IT\",\"@id\":\"https:\/\/strangercam.com\/#\/schema\/logo\/image\/\",\"url\":\"https:\/\/strangercam.com\/wp-content\/uploads\/2020\/11\/cropped-new-favicon-black.png\",\"contentUrl\":\"https:\/\/strangercam.com\/wp-content\/uploads\/2020\/11\/cropped-new-favicon-black.png\",\"width\":512,\"height\":512,\"caption\":\"Strangercam\"},\"image\":{\"@id\":\"https:\/\/strangercam.com\/#\/schema\/logo\/image\/\"},\"sameAs\":[\"https:\/\/www.facebook.com\/strangercam\",\"https:\/\/x.com\/strangercamapp\"]}]}<\/script>\n<!-- \/ Yoast SEO plugin. -->","yoast_head_json":{"title":"FaceFlow - Le pi\u00f9 popolari video chat - Cam su StrangerCam.com","description":"Come FaceFlow? Vieni a chattare con pi\u00f9 di 5.000.000 di sconosciuti su Stranger Cam gratuitamente! Accendi la tua cam e trova nuovi amici e magari un partner!","robots":{"index":"index","follow":"follow","max-snippet":"max-snippet:-1","max-image-preview":"max-image-preview:large","max-video-preview":"max-video-preview:-1"},"canonical":"https:\/\/strangercam.com\/it\/faceflow\/","og_locale":"it_IT","og_type":"article","og_title":"FaceFlow - Most Popular Video Chats - Cam on StrangerCam.com","og_description":"Like FaceFlow? Come chat with more than 5.000.000 strangers on Stranger Cam for Free! Turn on your cam and find new friends & maby a match!","og_url":"https:\/\/strangercam.com\/it\/faceflow\/","og_site_name":"Strangercam","article_publisher":"https:\/\/www.facebook.com\/strangercam","article_modified_time":"2023-08-21T10:24:41+00:00","og_image":[{"width":800,"height":800,"url":"https:\/\/strangercam.com\/wp-content\/uploads\/2020\/11\/stranger-cam-1.png","type":"image\/png"}],"twitter_card":"summary_large_image","twitter_site":"@strangercamapp","twitter_misc":{"Tempo di lettura stimato":"2 minuti"},"schema":{"@context":"https:\/\/schema.org","@graph":[{"@type":"WebPage","@id":"https:\/\/strangercam.com\/faceflow\/","url":"https:\/\/strangercam.com\/faceflow\/","name":"FaceFlow - Le pi\u00f9 popolari video chat - Cam su StrangerCam.com","isPartOf":{"@id":"https:\/\/strangercam.com\/#website"},"primaryImageOfPage":{"@id":"https:\/\/strangercam.com\/faceflow\/#primaryimage"},"image":{"@id":"https:\/\/strangercam.com\/faceflow\/#primaryimage"},"thumbnailUrl":"https:\/\/strangercam.com\/wp-content\/uploads\/2020\/11\/stranger-cam-1.png","datePublished":"2021-05-09T19:30:30+00:00","dateModified":"2023-08-21T10:24:41+00:00","description":"Come FaceFlow? Vieni a chattare con pi\u00f9 di 5.000.000 di sconosciuti su Stranger Cam gratuitamente! Accendi la tua cam e trova nuovi amici e magari un partner!","breadcrumb":{"@id":"https:\/\/strangercam.com\/faceflow\/#breadcrumb"},"inLanguage":"it-IT","potentialAction":[{"@type":"ReadAction","target":["https:\/\/strangercam.com\/faceflow\/"]}]},{"@type":"ImageObject","inLanguage":"it-IT","@id":"https:\/\/strangercam.com\/faceflow\/#primaryimage","url":"https:\/\/strangercam.com\/wp-content\/uploads\/2020\/11\/stranger-cam-1.png","contentUrl":"https:\/\/strangercam.com\/wp-content\/uploads\/2020\/11\/stranger-cam-1.png","width":800,"height":800,"caption":"stranger cam random video chat"},{"@type":"BreadcrumbList","@id":"https:\/\/strangercam.com\/faceflow\/#breadcrumb","itemListElement":[{"@type":"ListItem","position":1,"name":"Home","item":"https:\/\/strangercam.com\/"},{"@type":"ListItem","position":2,"name":"FaceFlow"}]},{"@type":"WebSite","@id":"https:\/\/strangercam.com\/#website","url":"https:\/\/strangercam.com\/","name":"Strangercam","description":"Videochat casuale con sconosciuti","publisher":{"@id":"https:\/\/strangercam.com\/#organization"},"alternateName":"Strangercam.com","potentialAction":[{"@type":"SearchAction","target":{"@type":"EntryPoint","urlTemplate":"https:\/\/strangercam.com\/?s={search_term_string}"},"query-input":{"@type":"PropertyValueSpecification","valueRequired":true,"valueName":"search_term_string"}}],"inLanguage":"it-IT"},{"@type":"Organization","@id":"https:\/\/strangercam.com\/#organization","name":"Strangercam","alternateName":"Strangercam.com","url":"https:\/\/strangercam.com\/","logo":{"@type":"ImageObject","inLanguage":"it-IT","@id":"https:\/\/strangercam.com\/#\/schema\/logo\/image\/","url":"https:\/\/strangercam.com\/wp-content\/uploads\/2020\/11\/cropped-new-favicon-black.png","contentUrl":"https:\/\/strangercam.com\/wp-content\/uploads\/2020\/11\/cropped-new-favicon-black.png","width":512,"height":512,"caption":"Strangercam"},"image":{"@id":"https:\/\/strangercam.com\/#\/schema\/logo\/image\/"},"sameAs":["https:\/\/www.facebook.com\/strangercam","https:\/\/x.com\/strangercamapp"]}]}},"_links":{"self":[{"href":"https:\/\/strangercam.com\/it\/wp-json\/wp\/v2\/pages\/3232","targetHints":{"allow":["GET"]}}],"collection":[{"href":"https:\/\/strangercam.com\/it\/wp-json\/wp\/v2\/pages"}],"about":[{"href":"https:\/\/strangercam.com\/it\/wp-json\/wp\/v2\/types\/page"}],"author":[{"embeddable":true,"href":"https:\/\/strangercam.com\/it\/wp-json\/wp\/v2\/users\/6"}],"replies":[{"embeddable":true,"href":"https:\/\/strangercam.com\/it\/wp-json\/wp\/v2\/comments?post=3232"}],"version-history":[{"count":0,"href":"https:\/\/strangercam.com\/it\/wp-json\/wp\/v2\/pages\/3232\/revisions"}],"wp:featuredmedia":[{"embeddable":true,"href":"https:\/\/strangercam.com\/it\/wp-json\/wp\/v2\/media\/559"}],"wp:attachment":[{"href":"https:\/\/strangercam.com\/it\/wp-json\/wp\/v2\/media?parent=3232"}],"curies":[{"name":"wp","href":"https:\/\/api.w.org\/{rel}","templated":true}]}}