{"id":3197,"date":"2021-05-09T21:20:36","date_gmt":"2021-05-09T19:20:36","guid":{"rendered":"https:\/\/strangercam.com\/?page_id=3197"},"modified":"2023-08-21T12:24:41","modified_gmt":"2023-08-21T10:24:41","slug":"chatous","status":"publish","type":"page","link":"https:\/\/strangercam.com\/it\/chatous\/","title":{"rendered":"Chatous"},"content":{"rendered":"<p>Un sito web di incontri \u00e8 un luogo adatto a chi desidera <a href=\"https:\/\/strangercam.com\/it\/coomeet\/\">incontrarsi<\/a> le persone dei loro sogni quando si tratta di relazioni a distanza. Allo stesso tempo, non tutti i siti di incontri sono uguali e richiedono maggiore attenzione. La scelta del sito di incontri giusto permette agli utenti di fare nuove amicizie e compagni provenienti da diversi settori della vita.<\/p>\n<p>C'\u00e8 un impulso naturale nella natura umana a parlare con gli estranei e a condividere esperienze con gli altri. Non si pu\u00f2 nascondere per un periodo pi\u00f9 lungo. Alla fine si deve andare in quella direzione. In questo mondo digitalizzato, \u00e8 pi\u00f9 accessibile che mai. Chatous ha portato un potente sistema combinato con l'intelligenza artificiale per aiutarvi a realizzare il vostro sogno di parlare con gli sconosciuti.<\/p>\n<p>Il sito di incontri Chatous offre caratteristiche eccellenti per i ragazzi,\u00a0<a href=\"https:\/\/strangercam.com\/it\/video-chat-with-girls\/\">ragazze<\/a>uomini e donne per identificare rapidamente persone che cercano amicizia, divertimento o amore. Il sito offre la possibilit\u00e0 di interagire con gli altri per conoscere i loro interessi e altri dettagli.<\/p>\n<h2>Privacy e controllo<\/h2>\n<p>La principale preoccupazione degli utenti che vogliono utilizzare una piattaforma di chat online \u00e8 la privacy e la sicurezza. Si preoccupano di essere esposti. Nessuno vuole buttarsi in qualcosa senza sapere di essere al sicuro.<\/p>\n<p>I siti di incontri Chatous propongono soluzioni permanenti a questa preoccupazione degli utenti. Hanno un forte sistema di controllo e privacy. \u00c8 possibile scegliere con chi parlare e chi ignorare. Se una persona si comporta in modo sessualmente esplicito e non vi piacciono le sue mosse, potete segnalarla direttamente ai funzionari. Questi ultimi prenderanno le misure necessarie contro la persona.<\/p>\n<p>Chatous non \u00e8 molto rigoroso quando si tratta di raccogliere le informazioni dei visitatori. Nella loro politica sulla privacy \u00e8 chiaramente indicato che \"utilizzando Chatous, si acconsente espressamente alle pratiche di trattamento delle informazioni descritte nella presente Politica sulla privacy\". Ci sono alcune lacune nella politica di privacy e di condivisione dei dati di Chatous. Dal sito web si evince chiaramente che \"in alcune circostanze, tuttavia, potremmo condividere i vostri dati con terze parti senza ulteriori avvisi\".<\/p>\n<h2>Accesso e utilizzo<\/h2>\n<p>Chatous offre un semplice processo di accesso. Per prima cosa \u00e8 necessario creare un account. \u00c8 necessario accedere al proprio account per iniziare a chattare. \u00c8 necessario selezionare un nome utente e una password per garantire la sicurezza dell'account.<\/p>\n<p>\u00c8 possibile utilizzare le funzioni direttamente dopo aver effettuato il login. Il sito web offre opzioni di genere tra cui scegliere. \u00c8 possibile scegliere il genere maschile o femminile in base ai propri gusti. \u00c8 necessario indicare la propria et\u00e0. L'et\u00e0 viene richiesta in modo che l'utente seduto all'altro capo possa vedere la vostra et\u00e0 e decidere di conseguenza.<\/p>\n<h2>Fare nuove amicizie<\/h2>\n<p>Fare nuove amicizie \u00e8 sempre divertente. Con il sito web si pu\u00f2 parlare con persone sconosciute in tutto il mondo. Se siete interessati a sapere cosa succede in altri Paesi e quali culture gli altri adorano e apprezzano, dovreste usare il sito per parlare con le persone.<\/p>\n<p>Il sito vi indirizzer\u00e0 alla persona pi\u00f9 adatta in base alle informazioni fornite. Potrete quindi parlare con loro o passare alla persona successiva se non vi piace la prima.<\/p>\n<h2>Gruppo o casuale<\/h2>\n<p>Si pu\u00f2 anche scegliere di <a href=\"https:\/\/strangercam.com\/it\/chatroulette\/\">chat<\/a> in gruppi o consentire al sistema di intelligenza artificiale del sito di selezionare una persona per voi in modo casuale. Entrambe le funzioni sono divertenti e aumentano le possibilit\u00e0 di incontri potenziali.<\/p>\n<p>Se siete estroversi e vi piace stare in mezzo alla gente, le chat di gruppo fanno per voi. La selezione casuale \u00e8 pi\u00f9 che altro divertimento e sorpresa.<br \/>\nQuali sono le caratteristiche del sito di incontri Chatous?<\/p>\n<p>Il sito di incontri presenta caratteristiche uniche per gli utenti, mostrando cos\u00ec i modi per identificare persone che la pensano allo stesso modo e che condividono le cose di tutti i giorni. Un sistema di matchmaking fornisce metodi per chattare con persone a caso o con nuovi conoscenti. Inoltre, il sito consente agli utenti di inviare immagini di alta qualit\u00e0 a un compagno di chat utilizzando una webcam. Un'altra caratteristica del sito \u00e8 che permette di filtrare i profili in base alla loro posizione, all'et\u00e0, al sesso e ad altri fattori significativi. Gli utenti possono anche selezionare un hashtag per discutere di un argomento con gli altri che contribuir\u00e0 a far crescere le relazioni.<\/p>\n<h2>Ulteriori servizi disponibili sul sito web di incontri Chatous<\/h2>\n<p>I nuovi membri possono utilizzare un\u00a0<a href=\"https:\/\/strangercam.com\/it\/chathub\/\">video chat casuale<\/a> con microfono e fotocamera. Il sito web consente inoltre agli utenti di inviare messaggi di testo agli altri utenti dopo averli selezionati correttamente. La funzione di chat testuale rende fattibili i metodi per inviare brevi video, immagini e messaggi vocali agli altri. Il sito \u00e8 dotato di un'interfaccia innovativa e facile da usare, che consente agli utenti di navigare con facilit\u00e0 su desktop e altri dispositivi. Inoltre, i membri riceveranno notifiche in tempo reale dopo aver creato un account in semplici passi. Il sito offre agli utenti un'identit\u00e0 protetta e l'anonimato per ridurre al minimo i problemi indesiderati.<\/p>\n<h2>Quali sono i contro del sito di incontri Chatous?<\/h2>\n<p>Sebbene i siti di incontri Chatous offrano agli utenti diversi vantaggi, \u00e8 bene che ne conoscano anche i contro. L'app dispone di diversi bot femminili che portano gli utenti in alcune <a href=\"https:\/\/strangercam.com\/it\/rabbit-video-chat\/\">video chat<\/a> piattaforme o siti web. Inoltre, gli utenti dovrebbero dare maggiore importanza alla sicurezza quando utilizzano il sito web su desktop e dispositivi mobili. I nuovi iscritti dovrebbero leggere le recensioni prima di creare un account. La funzione hashtag presenta alcuni difetti, di cui gli utenti devono essere consapevoli quando vogliono chattare con gli altri. Si pu\u00f2 scegliere il sito per discutere di pi\u00f9 argomenti con persone compatibili che creeranno legami e relazioni.<\/p>","protected":false},"excerpt":{"rendered":"<p>A dating website is a suitable place for those who want to meet their dream persons when it comes to long-distance relationships. At the same time, not all dating websites are the same that require more attention. Choosing the right dating website allows users to make new friends and companions from several streams of life. [&hellip;]<\/p>\n","protected":false},"author":6,"featured_media":559,"parent":0,"menu_order":0,"comment_status":"closed","ping_status":"closed","template":"","meta":{"footnotes":""},"class_list":["post-3197","page","type-page","status-publish","has-post-thumbnail","hentry"],"yoast_head":"<!-- This site is optimized with the Yoast SEO plugin v27.4 - https:\/\/yoast.com\/product\/yoast-seo-wordpress\/ -->\n<title>Chatous - Most Popular Video Chats - Cam on StrangerCam.com<\/title>\n<meta name=\"description\" content=\"Like Chatous? Come chat with more than 5.000.000 strangers on Stranger Cam for Free! Turn on your cam and find new friends &amp; maby a match!\" \/>\n<meta name=\"robots\" content=\"index, follow, max-snippet:-1, max-image-preview:large, max-video-preview:-1\" \/>\n<link rel=\"canonical\" href=\"https:\/\/strangercam.com\/it\/chatous\/\" \/>\n<meta property=\"og:locale\" content=\"it_IT\" \/>\n<meta property=\"og:type\" content=\"article\" \/>\n<meta property=\"og:title\" content=\"Chatous - Most Popular Video Chats - Cam on StrangerCam.com\" \/>\n<meta property=\"og:description\" content=\"Like Chatous? Come chat with more than 5.000.000 strangers on Stranger Cam for Free! Turn on your cam and find new friends &amp; maby a match!\" \/>\n<meta property=\"og:url\" content=\"https:\/\/strangercam.com\/it\/chatous\/\" \/>\n<meta property=\"og:site_name\" content=\"Strangercam\" \/>\n<meta property=\"article:publisher\" content=\"https:\/\/www.facebook.com\/strangercam\" \/>\n<meta property=\"article:modified_time\" content=\"2023-08-21T10:24:41+00:00\" \/>\n<meta property=\"og:image\" content=\"https:\/\/strangercam.com\/wp-content\/uploads\/2020\/11\/stranger-cam-1.png\" \/>\n\t<meta property=\"og:image:width\" content=\"800\" \/>\n\t<meta property=\"og:image:height\" content=\"800\" \/>\n\t<meta property=\"og:image:type\" content=\"image\/png\" \/>\n<meta name=\"twitter:card\" content=\"summary_large_image\" \/>\n<meta name=\"twitter:site\" content=\"@strangercamapp\" \/>\n<meta name=\"twitter:label1\" content=\"Tempo di lettura stimato\" \/>\n\t<meta name=\"twitter:data1\" content=\"4 minuti\" \/>\n<script type=\"application\/ld+json\" class=\"yoast-schema-graph\">{\"@context\":\"https:\\\/\\\/schema.org\",\"@graph\":[{\"@type\":\"WebPage\",\"@id\":\"https:\\\/\\\/strangercam.com\\\/chatous\\\/\",\"url\":\"https:\\\/\\\/strangercam.com\\\/chatous\\\/\",\"name\":\"Chatous - Most Popular Video Chats - Cam on StrangerCam.com\",\"isPartOf\":{\"@id\":\"https:\\\/\\\/strangercam.com\\\/#website\"},\"primaryImageOfPage\":{\"@id\":\"https:\\\/\\\/strangercam.com\\\/chatous\\\/#primaryimage\"},\"image\":{\"@id\":\"https:\\\/\\\/strangercam.com\\\/chatous\\\/#primaryimage\"},\"thumbnailUrl\":\"https:\\\/\\\/strangercam.com\\\/wp-content\\\/uploads\\\/2020\\\/11\\\/stranger-cam-1.png\",\"datePublished\":\"2021-05-09T19:20:36+00:00\",\"dateModified\":\"2023-08-21T10:24:41+00:00\",\"description\":\"Like Chatous? Come chat with more than 5.000.000 strangers on Stranger Cam for Free! Turn on your cam and find new friends & maby a match!\",\"breadcrumb\":{\"@id\":\"https:\\\/\\\/strangercam.com\\\/chatous\\\/#breadcrumb\"},\"inLanguage\":\"it-IT\",\"potentialAction\":[{\"@type\":\"ReadAction\",\"target\":[\"https:\\\/\\\/strangercam.com\\\/chatous\\\/\"]}]},{\"@type\":\"ImageObject\",\"inLanguage\":\"it-IT\",\"@id\":\"https:\\\/\\\/strangercam.com\\\/chatous\\\/#primaryimage\",\"url\":\"https:\\\/\\\/strangercam.com\\\/wp-content\\\/uploads\\\/2020\\\/11\\\/stranger-cam-1.png\",\"contentUrl\":\"https:\\\/\\\/strangercam.com\\\/wp-content\\\/uploads\\\/2020\\\/11\\\/stranger-cam-1.png\",\"width\":800,\"height\":800,\"caption\":\"stranger cam random video chat\"},{\"@type\":\"BreadcrumbList\",\"@id\":\"https:\\\/\\\/strangercam.com\\\/chatous\\\/#breadcrumb\",\"itemListElement\":[{\"@type\":\"ListItem\",\"position\":1,\"name\":\"Home\",\"item\":\"https:\\\/\\\/strangercam.com\\\/\"},{\"@type\":\"ListItem\",\"position\":2,\"name\":\"Chatous\"}]},{\"@type\":\"WebSite\",\"@id\":\"https:\\\/\\\/strangercam.com\\\/#website\",\"url\":\"https:\\\/\\\/strangercam.com\\\/\",\"name\":\"Strangercam\",\"description\":\"Random Video Chat with Strangers\",\"publisher\":{\"@id\":\"https:\\\/\\\/strangercam.com\\\/#organization\"},\"alternateName\":\"Strangercam.com\",\"potentialAction\":[{\"@type\":\"SearchAction\",\"target\":{\"@type\":\"EntryPoint\",\"urlTemplate\":\"https:\\\/\\\/strangercam.com\\\/?s={search_term_string}\"},\"query-input\":{\"@type\":\"PropertyValueSpecification\",\"valueRequired\":true,\"valueName\":\"search_term_string\"}}],\"inLanguage\":\"it-IT\"},{\"@type\":\"Organization\",\"@id\":\"https:\\\/\\\/strangercam.com\\\/#organization\",\"name\":\"Strangercam\",\"alternateName\":\"Strangercam.com\",\"url\":\"https:\\\/\\\/strangercam.com\\\/\",\"logo\":{\"@type\":\"ImageObject\",\"inLanguage\":\"it-IT\",\"@id\":\"https:\\\/\\\/strangercam.com\\\/#\\\/schema\\\/logo\\\/image\\\/\",\"url\":\"https:\\\/\\\/strangercam.com\\\/wp-content\\\/uploads\\\/2020\\\/11\\\/cropped-new-favicon-black.png\",\"contentUrl\":\"https:\\\/\\\/strangercam.com\\\/wp-content\\\/uploads\\\/2020\\\/11\\\/cropped-new-favicon-black.png\",\"width\":512,\"height\":512,\"caption\":\"Strangercam\"},\"image\":{\"@id\":\"https:\\\/\\\/strangercam.com\\\/#\\\/schema\\\/logo\\\/image\\\/\"},\"sameAs\":[\"https:\\\/\\\/www.facebook.com\\\/strangercam\",\"https:\\\/\\\/x.com\\\/strangercamapp\"]}]}<\/script>\n<!-- \/ Yoast SEO plugin. -->","yoast_head_json":{"title":"Chatous - Le pi\u00f9 popolari video chat - Cam su StrangerCam.com","description":"Come Chatous? Vieni a chattare con pi\u00f9 di 5.000.000 di sconosciuti su Stranger Cam gratuitamente! Accendi la tua cam e trova nuovi amici e magari un partner!","robots":{"index":"index","follow":"follow","max-snippet":"max-snippet:-1","max-image-preview":"max-image-preview:large","max-video-preview":"max-video-preview:-1"},"canonical":"https:\/\/strangercam.com\/it\/chatous\/","og_locale":"it_IT","og_type":"article","og_title":"Chatous - Most Popular Video Chats - Cam on StrangerCam.com","og_description":"Like Chatous? Come chat with more than 5.000.000 strangers on Stranger Cam for Free! Turn on your cam and find new friends & maby a match!","og_url":"https:\/\/strangercam.com\/it\/chatous\/","og_site_name":"Strangercam","article_publisher":"https:\/\/www.facebook.com\/strangercam","article_modified_time":"2023-08-21T10:24:41+00:00","og_image":[{"width":800,"height":800,"url":"https:\/\/strangercam.com\/wp-content\/uploads\/2020\/11\/stranger-cam-1.png","type":"image\/png"}],"twitter_card":"summary_large_image","twitter_site":"@strangercamapp","twitter_misc":{"Tempo di lettura stimato":"4 minuti"},"schema":{"@context":"https:\/\/schema.org","@graph":[{"@type":"WebPage","@id":"https:\/\/strangercam.com\/chatous\/","url":"https:\/\/strangercam.com\/chatous\/","name":"Chatous - Le pi\u00f9 popolari video chat - Cam su StrangerCam.com","isPartOf":{"@id":"https:\/\/strangercam.com\/#website"},"primaryImageOfPage":{"@id":"https:\/\/strangercam.com\/chatous\/#primaryimage"},"image":{"@id":"https:\/\/strangercam.com\/chatous\/#primaryimage"},"thumbnailUrl":"https:\/\/strangercam.com\/wp-content\/uploads\/2020\/11\/stranger-cam-1.png","datePublished":"2021-05-09T19:20:36+00:00","dateModified":"2023-08-21T10:24:41+00:00","description":"Come Chatous? Vieni a chattare con pi\u00f9 di 5.000.000 di sconosciuti su Stranger Cam gratuitamente! Accendi la tua cam e trova nuovi amici e magari un partner!","breadcrumb":{"@id":"https:\/\/strangercam.com\/chatous\/#breadcrumb"},"inLanguage":"it-IT","potentialAction":[{"@type":"ReadAction","target":["https:\/\/strangercam.com\/chatous\/"]}]},{"@type":"ImageObject","inLanguage":"it-IT","@id":"https:\/\/strangercam.com\/chatous\/#primaryimage","url":"https:\/\/strangercam.com\/wp-content\/uploads\/2020\/11\/stranger-cam-1.png","contentUrl":"https:\/\/strangercam.com\/wp-content\/uploads\/2020\/11\/stranger-cam-1.png","width":800,"height":800,"caption":"stranger cam random video chat"},{"@type":"BreadcrumbList","@id":"https:\/\/strangercam.com\/chatous\/#breadcrumb","itemListElement":[{"@type":"ListItem","position":1,"name":"Home","item":"https:\/\/strangercam.com\/"},{"@type":"ListItem","position":2,"name":"Chatous"}]},{"@type":"WebSite","@id":"https:\/\/strangercam.com\/#website","url":"https:\/\/strangercam.com\/","name":"Strangercam","description":"Videochat casuale con sconosciuti","publisher":{"@id":"https:\/\/strangercam.com\/#organization"},"alternateName":"Strangercam.com","potentialAction":[{"@type":"SearchAction","target":{"@type":"EntryPoint","urlTemplate":"https:\/\/strangercam.com\/?s={search_term_string}"},"query-input":{"@type":"PropertyValueSpecification","valueRequired":true,"valueName":"search_term_string"}}],"inLanguage":"it-IT"},{"@type":"Organization","@id":"https:\/\/strangercam.com\/#organization","name":"Strangercam","alternateName":"Strangercam.com","url":"https:\/\/strangercam.com\/","logo":{"@type":"ImageObject","inLanguage":"it-IT","@id":"https:\/\/strangercam.com\/#\/schema\/logo\/image\/","url":"https:\/\/strangercam.com\/wp-content\/uploads\/2020\/11\/cropped-new-favicon-black.png","contentUrl":"https:\/\/strangercam.com\/wp-content\/uploads\/2020\/11\/cropped-new-favicon-black.png","width":512,"height":512,"caption":"Strangercam"},"image":{"@id":"https:\/\/strangercam.com\/#\/schema\/logo\/image\/"},"sameAs":["https:\/\/www.facebook.com\/strangercam","https:\/\/x.com\/strangercamapp"]}]}},"_links":{"self":[{"href":"https:\/\/strangercam.com\/it\/wp-json\/wp\/v2\/pages\/3197","targetHints":{"allow":["GET"]}}],"collection":[{"href":"https:\/\/strangercam.com\/it\/wp-json\/wp\/v2\/pages"}],"about":[{"href":"https:\/\/strangercam.com\/it\/wp-json\/wp\/v2\/types\/page"}],"author":[{"embeddable":true,"href":"https:\/\/strangercam.com\/it\/wp-json\/wp\/v2\/users\/6"}],"replies":[{"embeddable":true,"href":"https:\/\/strangercam.com\/it\/wp-json\/wp\/v2\/comments?post=3197"}],"version-history":[{"count":0,"href":"https:\/\/strangercam.com\/it\/wp-json\/wp\/v2\/pages\/3197\/revisions"}],"wp:featuredmedia":[{"embeddable":true,"href":"https:\/\/strangercam.com\/it\/wp-json\/wp\/v2\/media\/559"}],"wp:attachment":[{"href":"https:\/\/strangercam.com\/it\/wp-json\/wp\/v2\/media?parent=3197"}],"curies":[{"name":"wp","href":"https:\/\/api.w.org\/{rel}","templated":true}]}}