{"id":3158,"date":"2021-05-09T21:11:08","date_gmt":"2021-05-09T19:11:08","guid":{"rendered":"https:\/\/strangercam.com\/?page_id=3158"},"modified":"2023-08-21T12:43:25","modified_gmt":"2023-08-21T10:43:25","slug":"tinychat","status":"publish","type":"page","link":"https:\/\/strangercam.com\/it\/tinychat\/","title":{"rendered":"Tinychat"},"content":{"rendered":"<p>In linea <a href=\"https:\/\/strangercam.com\/it\/chatroulette\/\">chat<\/a> I siti web sono di diversi tipi e permettono agli utenti di scoprire persone che vogliono fare amicizia con altri. Tinychat \u00e8 uno di questi che ha membri da diverse parti del mondo. Offre la possibilit\u00e0 di connettersi con persone che la pensano allo stesso modo, grazie a funzionalit\u00e0 all'avanguardia. Questo sito web \u00e8 un luogo adatto per coloro che desiderano evitare la solitudine e la noia della vita. Inoltre, la piattaforma comprende chatroom per i membri per fare <a href=\"https:\/\/strangercam.com\/it\/rabbit-video-chat\/\">video<\/a> chiamate con funzioni avanzate. Chiunque voglia costruire i propri legami con gli altri pu\u00f2 scegliere questo sito web che aiuter\u00e0 a ottenere risultati ottimali.<\/p>\n<h2>Come iscriversi a Tinychat?<\/h2>\n<p>L'iscrizione a Tinychat pu\u00f2 richiedere solo pochi minuti e i nuovi membri dovrebbero prima creare un account. Subito dopo aver creato un account, riceveranno un URL con un nome utente e una password preferiti. I nuovi utenti possono entrare nelle chat room semplicemente digitando l'URL. Il sito offre anche la possibilit\u00e0 di creare un account tramite Facebook. In questo modo, il processo di registrazione \u00e8 pi\u00f9 veloce e si possono trovare i modi per connettersi con i gruppi il prima possibile. Un'altra caratteristica del sito \u00e8 che consente agli utenti di creare profili caricando foto e presentando altri dettagli.<\/p>\n<h3>Come utilizzare l'Tinychat?<\/h3>\n<p>Su questa piattaforma gli utenti possono inviare regali e messaggi ad altri membri che aiutano a creare legami con gli altri. Tuttavia, \u00e8 necessario effettuare l'upgrade a Premium per visualizzare i profili degli altri senza alcuna difficolt\u00e0. Il sito mostra anche metodi per rimanere anonimi quando gli utenti non vogliono rivelare la loro vera identit\u00e0. Permette ai membri di trasmettere se stessi attraverso piattaforme video, audio e di testo. Inoltre, il sito consente agli utenti di promuovere le loro chatroom per farle apparire nella lista degli utenti. <a href=\"https:\/\/strangercam.com\/it\/mili\/\">In diretta<\/a> directory. L'applicazione Tinychat \u00e8 disponibile anche per gli utenti di telefonia mobile, che possono scaricarla sui loro dispositivi con semplici passaggi.<\/p>\n<h3>Quali sono i pro e i contro dell'Tinychat?<\/h3>\n<p>La webcam funziona senza problemi, consentendo agli utenti di garantire un'esperienza migliore. Avvio di una <a href=\"https:\/\/strangercam.com\/it\/american-random-video-call\/\">videochiamata<\/a> sul sito web \u00e8 molto semplice e offre metodi per connettersi rapidamente con gli altri. Un utente pu\u00f2 bloccare qualcuno quando non vuole comunicare con lui. Inoltre, permette di controllare il numero di persone che partecipano alla chat. Il principale svantaggio di questa piattaforma di incontri \u00e8 che le tariffe dei piani di abbonamento sono elevate. Coloro che hanno pi\u00f9 di 13 anni possono iscriversi alla piattaforma e devono seguire le regole e i regolamenti in modo dettagliato che aiuteranno <a href=\"https:\/\/strangercam.com\/it\/coomeet\/\">incontrarsi<\/a> i bisogni essenziali.<\/p>","protected":false},"excerpt":{"rendered":"<p>Online chat websites involve different types allowing users to discover people who want to make friendships with others. Tinychat is one among them that has members from different parts of the world. It provides ways to connect with like-minded persons with the latest features. This website is a suitable place for those who like to [&hellip;]<\/p>\n","protected":false},"author":6,"featured_media":559,"parent":0,"menu_order":0,"comment_status":"closed","ping_status":"closed","template":"","meta":{"footnotes":""},"class_list":["post-3158","page","type-page","status-publish","has-post-thumbnail","hentry"],"yoast_head":"<!-- This site is optimized with the Yoast SEO plugin v27.4 - https:\/\/yoast.com\/product\/yoast-seo-wordpress\/ -->\n<title>Tinychat - Video Chat - Cam on StrangerCam.com<\/title>\n<meta name=\"description\" content=\"Like Tinychat? Come chat with more than 5.000.000 strangers on Stranger Cam for Free! Turn on your cam and find new friends &amp; maby a match!\" \/>\n<meta name=\"robots\" content=\"index, follow, max-snippet:-1, max-image-preview:large, max-video-preview:-1\" \/>\n<link rel=\"canonical\" href=\"https:\/\/strangercam.com\/it\/tinychat\/\" \/>\n<meta property=\"og:locale\" content=\"it_IT\" \/>\n<meta property=\"og:type\" content=\"article\" \/>\n<meta property=\"og:title\" content=\"Tinychat - Video Chat - Cam on StrangerCam.com\" \/>\n<meta property=\"og:description\" content=\"Like Tinychat? Come chat with more than 5.000.000 strangers on Stranger Cam for Free! Turn on your cam and find new friends &amp; maby a match!\" \/>\n<meta property=\"og:url\" content=\"https:\/\/strangercam.com\/it\/tinychat\/\" \/>\n<meta property=\"og:site_name\" content=\"Strangercam\" \/>\n<meta property=\"article:publisher\" content=\"https:\/\/www.facebook.com\/strangercam\" \/>\n<meta property=\"article:modified_time\" content=\"2023-08-21T10:43:25+00:00\" \/>\n<meta property=\"og:image\" content=\"https:\/\/strangercam.com\/wp-content\/uploads\/2020\/11\/stranger-cam-1.png\" \/>\n\t<meta property=\"og:image:width\" content=\"800\" \/>\n\t<meta property=\"og:image:height\" content=\"800\" \/>\n\t<meta property=\"og:image:type\" content=\"image\/png\" \/>\n<meta name=\"twitter:card\" content=\"summary_large_image\" \/>\n<meta name=\"twitter:site\" content=\"@strangercamapp\" \/>\n<meta name=\"twitter:label1\" content=\"Tempo di lettura stimato\" \/>\n\t<meta name=\"twitter:data1\" content=\"2 minuti\" \/>\n<script type=\"application\/ld+json\" class=\"yoast-schema-graph\">{\"@context\":\"https:\\\/\\\/schema.org\",\"@graph\":[{\"@type\":\"WebPage\",\"@id\":\"https:\\\/\\\/strangercam.com\\\/tinychat\\\/\",\"url\":\"https:\\\/\\\/strangercam.com\\\/tinychat\\\/\",\"name\":\"Tinychat - Video Chat - Cam on StrangerCam.com\",\"isPartOf\":{\"@id\":\"https:\\\/\\\/strangercam.com\\\/#website\"},\"primaryImageOfPage\":{\"@id\":\"https:\\\/\\\/strangercam.com\\\/tinychat\\\/#primaryimage\"},\"image\":{\"@id\":\"https:\\\/\\\/strangercam.com\\\/tinychat\\\/#primaryimage\"},\"thumbnailUrl\":\"https:\\\/\\\/strangercam.com\\\/wp-content\\\/uploads\\\/2020\\\/11\\\/stranger-cam-1.png\",\"datePublished\":\"2021-05-09T19:11:08+00:00\",\"dateModified\":\"2023-08-21T10:43:25+00:00\",\"description\":\"Like Tinychat? Come chat with more than 5.000.000 strangers on Stranger Cam for Free! Turn on your cam and find new friends & maby a match!\",\"breadcrumb\":{\"@id\":\"https:\\\/\\\/strangercam.com\\\/tinychat\\\/#breadcrumb\"},\"inLanguage\":\"it-IT\",\"potentialAction\":[{\"@type\":\"ReadAction\",\"target\":[\"https:\\\/\\\/strangercam.com\\\/tinychat\\\/\"]}]},{\"@type\":\"ImageObject\",\"inLanguage\":\"it-IT\",\"@id\":\"https:\\\/\\\/strangercam.com\\\/tinychat\\\/#primaryimage\",\"url\":\"https:\\\/\\\/strangercam.com\\\/wp-content\\\/uploads\\\/2020\\\/11\\\/stranger-cam-1.png\",\"contentUrl\":\"https:\\\/\\\/strangercam.com\\\/wp-content\\\/uploads\\\/2020\\\/11\\\/stranger-cam-1.png\",\"width\":800,\"height\":800,\"caption\":\"stranger cam random video chat\"},{\"@type\":\"BreadcrumbList\",\"@id\":\"https:\\\/\\\/strangercam.com\\\/tinychat\\\/#breadcrumb\",\"itemListElement\":[{\"@type\":\"ListItem\",\"position\":1,\"name\":\"Home\",\"item\":\"https:\\\/\\\/strangercam.com\\\/\"},{\"@type\":\"ListItem\",\"position\":2,\"name\":\"Tinychat\"}]},{\"@type\":\"WebSite\",\"@id\":\"https:\\\/\\\/strangercam.com\\\/#website\",\"url\":\"https:\\\/\\\/strangercam.com\\\/\",\"name\":\"Strangercam\",\"description\":\"Random Video Chat with Strangers\",\"publisher\":{\"@id\":\"https:\\\/\\\/strangercam.com\\\/#organization\"},\"alternateName\":\"Strangercam.com\",\"potentialAction\":[{\"@type\":\"SearchAction\",\"target\":{\"@type\":\"EntryPoint\",\"urlTemplate\":\"https:\\\/\\\/strangercam.com\\\/?s={search_term_string}\"},\"query-input\":{\"@type\":\"PropertyValueSpecification\",\"valueRequired\":true,\"valueName\":\"search_term_string\"}}],\"inLanguage\":\"it-IT\"},{\"@type\":\"Organization\",\"@id\":\"https:\\\/\\\/strangercam.com\\\/#organization\",\"name\":\"Strangercam\",\"alternateName\":\"Strangercam.com\",\"url\":\"https:\\\/\\\/strangercam.com\\\/\",\"logo\":{\"@type\":\"ImageObject\",\"inLanguage\":\"it-IT\",\"@id\":\"https:\\\/\\\/strangercam.com\\\/#\\\/schema\\\/logo\\\/image\\\/\",\"url\":\"https:\\\/\\\/strangercam.com\\\/wp-content\\\/uploads\\\/2020\\\/11\\\/cropped-new-favicon-black.png\",\"contentUrl\":\"https:\\\/\\\/strangercam.com\\\/wp-content\\\/uploads\\\/2020\\\/11\\\/cropped-new-favicon-black.png\",\"width\":512,\"height\":512,\"caption\":\"Strangercam\"},\"image\":{\"@id\":\"https:\\\/\\\/strangercam.com\\\/#\\\/schema\\\/logo\\\/image\\\/\"},\"sameAs\":[\"https:\\\/\\\/www.facebook.com\\\/strangercam\",\"https:\\\/\\\/x.com\\\/strangercamapp\"]}]}<\/script>\n<!-- \/ Yoast SEO plugin. -->","yoast_head_json":{"title":"Tinychat - Video Chat - Cam su StrangerCam.com","description":"Come Tinychat? Vieni a chattare con pi\u00f9 di 5.000.000 di sconosciuti su Stranger Cam gratuitamente! Accendi la tua cam e trova nuovi amici e magari un partner!","robots":{"index":"index","follow":"follow","max-snippet":"max-snippet:-1","max-image-preview":"max-image-preview:large","max-video-preview":"max-video-preview:-1"},"canonical":"https:\/\/strangercam.com\/it\/tinychat\/","og_locale":"it_IT","og_type":"article","og_title":"Tinychat - Video Chat - Cam on StrangerCam.com","og_description":"Like Tinychat? Come chat with more than 5.000.000 strangers on Stranger Cam for Free! Turn on your cam and find new friends & maby a match!","og_url":"https:\/\/strangercam.com\/it\/tinychat\/","og_site_name":"Strangercam","article_publisher":"https:\/\/www.facebook.com\/strangercam","article_modified_time":"2023-08-21T10:43:25+00:00","og_image":[{"width":800,"height":800,"url":"https:\/\/strangercam.com\/wp-content\/uploads\/2020\/11\/stranger-cam-1.png","type":"image\/png"}],"twitter_card":"summary_large_image","twitter_site":"@strangercamapp","twitter_misc":{"Tempo di lettura stimato":"2 minuti"},"schema":{"@context":"https:\/\/schema.org","@graph":[{"@type":"WebPage","@id":"https:\/\/strangercam.com\/tinychat\/","url":"https:\/\/strangercam.com\/tinychat\/","name":"Tinychat - Video Chat - Cam su StrangerCam.com","isPartOf":{"@id":"https:\/\/strangercam.com\/#website"},"primaryImageOfPage":{"@id":"https:\/\/strangercam.com\/tinychat\/#primaryimage"},"image":{"@id":"https:\/\/strangercam.com\/tinychat\/#primaryimage"},"thumbnailUrl":"https:\/\/strangercam.com\/wp-content\/uploads\/2020\/11\/stranger-cam-1.png","datePublished":"2021-05-09T19:11:08+00:00","dateModified":"2023-08-21T10:43:25+00:00","description":"Come Tinychat? Vieni a chattare con pi\u00f9 di 5.000.000 di sconosciuti su Stranger Cam gratuitamente! Accendi la tua cam e trova nuovi amici e magari un partner!","breadcrumb":{"@id":"https:\/\/strangercam.com\/tinychat\/#breadcrumb"},"inLanguage":"it-IT","potentialAction":[{"@type":"ReadAction","target":["https:\/\/strangercam.com\/tinychat\/"]}]},{"@type":"ImageObject","inLanguage":"it-IT","@id":"https:\/\/strangercam.com\/tinychat\/#primaryimage","url":"https:\/\/strangercam.com\/wp-content\/uploads\/2020\/11\/stranger-cam-1.png","contentUrl":"https:\/\/strangercam.com\/wp-content\/uploads\/2020\/11\/stranger-cam-1.png","width":800,"height":800,"caption":"stranger cam random video chat"},{"@type":"BreadcrumbList","@id":"https:\/\/strangercam.com\/tinychat\/#breadcrumb","itemListElement":[{"@type":"ListItem","position":1,"name":"Home","item":"https:\/\/strangercam.com\/"},{"@type":"ListItem","position":2,"name":"Tinychat"}]},{"@type":"WebSite","@id":"https:\/\/strangercam.com\/#website","url":"https:\/\/strangercam.com\/","name":"Strangercam","description":"Videochat casuale con sconosciuti","publisher":{"@id":"https:\/\/strangercam.com\/#organization"},"alternateName":"Strangercam.com","potentialAction":[{"@type":"SearchAction","target":{"@type":"EntryPoint","urlTemplate":"https:\/\/strangercam.com\/?s={search_term_string}"},"query-input":{"@type":"PropertyValueSpecification","valueRequired":true,"valueName":"search_term_string"}}],"inLanguage":"it-IT"},{"@type":"Organization","@id":"https:\/\/strangercam.com\/#organization","name":"Strangercam","alternateName":"Strangercam.com","url":"https:\/\/strangercam.com\/","logo":{"@type":"ImageObject","inLanguage":"it-IT","@id":"https:\/\/strangercam.com\/#\/schema\/logo\/image\/","url":"https:\/\/strangercam.com\/wp-content\/uploads\/2020\/11\/cropped-new-favicon-black.png","contentUrl":"https:\/\/strangercam.com\/wp-content\/uploads\/2020\/11\/cropped-new-favicon-black.png","width":512,"height":512,"caption":"Strangercam"},"image":{"@id":"https:\/\/strangercam.com\/#\/schema\/logo\/image\/"},"sameAs":["https:\/\/www.facebook.com\/strangercam","https:\/\/x.com\/strangercamapp"]}]}},"_links":{"self":[{"href":"https:\/\/strangercam.com\/it\/wp-json\/wp\/v2\/pages\/3158","targetHints":{"allow":["GET"]}}],"collection":[{"href":"https:\/\/strangercam.com\/it\/wp-json\/wp\/v2\/pages"}],"about":[{"href":"https:\/\/strangercam.com\/it\/wp-json\/wp\/v2\/types\/page"}],"author":[{"embeddable":true,"href":"https:\/\/strangercam.com\/it\/wp-json\/wp\/v2\/users\/6"}],"replies":[{"embeddable":true,"href":"https:\/\/strangercam.com\/it\/wp-json\/wp\/v2\/comments?post=3158"}],"version-history":[{"count":0,"href":"https:\/\/strangercam.com\/it\/wp-json\/wp\/v2\/pages\/3158\/revisions"}],"wp:featuredmedia":[{"embeddable":true,"href":"https:\/\/strangercam.com\/it\/wp-json\/wp\/v2\/media\/559"}],"wp:attachment":[{"href":"https:\/\/strangercam.com\/it\/wp-json\/wp\/v2\/media?parent=3158"}],"curies":[{"name":"wp","href":"https:\/\/api.w.org\/{rel}","templated":true}]}}