{"id":3104,"date":"2021-05-09T14:52:40","date_gmt":"2021-05-09T12:52:40","guid":{"rendered":"https:\/\/strangercam.com\/?page_id=3104"},"modified":"2023-08-21T12:24:42","modified_gmt":"2023-08-21T10:24:42","slug":"mnogochat","status":"publish","type":"page","link":"https:\/\/strangercam.com\/it\/mnogochat\/","title":{"rendered":"Mnogochat"},"content":{"rendered":"<p>Al giorno d'oggi sono disponibili numerosi siti di incontri che permettono di entrare in contatto con nuovi amici nel pi\u00f9 breve tempo possibile. D'altra parte, non tutti sono uguali e occorre fare una ricerca adeguata. Questo aiuter\u00e0 molto a selezionare il sito giusto che soddisfa esattamente le aspettative degli utenti. Un'altra cosa \u00e8 che contribuisce maggiormente a scegliere persone a caso per costruire relazioni. Mnogochat \u00e8 un video online <a href=\"https:\/\/strangercam.com\/it\/chathub\/\">chat<\/a> sito che fornisce modi per trovare sconosciuti con le caratteristiche pi\u00f9 avanzate aiutando cos\u00ec a <a href=\"https:\/\/strangercam.com\/it\/coomeet\/\">incontrarsi<\/a> i bisogni essenziali. \u00c8 un sito in cui gli utenti possono trovare una raccolta di siti di incontri online popolari in un unico luogo.<\/p>\n<h2>Come invitare gli amici all'Mnogochat?<\/h2>\n<p>Il sito web consente agli utenti di creare una chatroom senza alcuna registrazione. Gli utenti devono digitare il codice alfanumerico dopo essere entrati in una stanza. Possono copiare e condividere il link della stanza con una persona per raggiungere immediatamente gli altri. Non si tratta di una piattaforma di siti di incontri che consente agli utenti di individuare facilmente nuovi amici in un luogo. Inoltre, il sito comprende chat room gratuite che offrono la possibilit\u00e0 di cercare un compagno che condivida gli stessi interessi. Chiunque voglia incontrare ragazzi, <a href=\"https:\/\/strangercam.com\/it\/video-chat-con-le-ragazze\/\">ragazze<\/a>Gli uomini e le donne possono scegliere il sito web che li aiuta a raggiungere gli obiettivi.<\/p>\n<h3>Quali sono le caratteristiche offerte dall'Mnogochat?<\/h3>\n<p>Mnogochat offre stanze di chat gratuite quali <a href=\"https:\/\/strangercam.com\/it\/chatroulette\/\">Chatroulette<\/a>, <a href=\"https:\/\/strangercam.com\/it\/omegle\/\">Omegle<\/a> chat, video chat gratuita, gioco della bottiglia, chat russa, Teen chat, Mnogocams, webcam chat, chat online, ecc. Il sito offre anche altre funzioni, come la chat testuale, audio e video, che consentono agli utenti di trovare nuovi amici in un paese senza restrizioni. Le webcam offerte dal sito web aiutano gli utenti a identificare le persone che stanno cercando. Inoltre, offre la possibilit\u00e0 di conoscere rapidamente i single di un luogo per costruire relazioni a distanza.<\/p>\n<h3>Motivi per utilizzare il sito di incontri Mnogochat<\/h3>\n<p>La sicurezza \u00e8 il motivo principale da considerare quando si sceglie un sito di incontri. Mnogochat consente agli utenti di garantire un'elevata protezione grazie alle tecnologie di crittografia. Inoltre, la piattaforma consente agli utenti di chattare con altri utenti in modo anonimo, rispondendo a requisiti precisi. \u00c8 necessario leggere i termini e le condizioni prima di entrare in una chat room. La piattaforma web funziona su tutti i dispositivi e su tutte le piattaforme di browser. Poich\u00e9 copre le chat pi\u00f9 popolari, gli utenti possono condividere con gli altri le loro idee su vari argomenti. Grazie a questo sito web, comunicare in modo efficace diventa semplice, consentendo agli utenti di evitare la noia e la solitudine nella vita. Inoltre, la piattaforma offre modi praticabili per fare pi\u00f9 amicizie casuali nel pi\u00f9 breve tempo possibile.<\/p>","protected":false},"excerpt":{"rendered":"<p>Nowadays, several dating sites are available for connecting with new friends as soon as possible. On the other hand, not all of them are the same that need proper research. This will help a lot to select the right website which exactly satisfies the expectations of users. Another thing is that it contributes more to [&hellip;]<\/p>\n","protected":false},"author":6,"featured_media":559,"parent":0,"menu_order":0,"comment_status":"closed","ping_status":"closed","template":"","meta":{"footnotes":""},"class_list":["post-3104","page","type-page","status-publish","has-post-thumbnail","hentry"],"yoast_head":"<!-- This site is optimized with the Yoast SEO plugin v26.9 - https:\/\/yoast.com\/product\/yoast-seo-wordpress\/ -->\n<title>Mnogochat - Most Popular Video Chats - Cam on StrangerCam.com<\/title>\n<meta name=\"description\" content=\"Like Mnogochat? Come chat with more than 5.000.000 strangers on Stranger Cam for Free! Turn on your cam and find new friends &amp; maby a match!\" \/>\n<meta name=\"robots\" content=\"index, follow, max-snippet:-1, max-image-preview:large, max-video-preview:-1\" \/>\n<link rel=\"canonical\" href=\"https:\/\/strangercam.com\/it\/mnogochat\/\" \/>\n<meta property=\"og:locale\" content=\"it_IT\" \/>\n<meta property=\"og:type\" content=\"article\" \/>\n<meta property=\"og:title\" content=\"Mnogochat - Most Popular Video Chats - Cam on StrangerCam.com\" \/>\n<meta property=\"og:description\" content=\"Like Mnogochat? Come chat with more than 5.000.000 strangers on Stranger Cam for Free! Turn on your cam and find new friends &amp; maby a match!\" \/>\n<meta property=\"og:url\" content=\"https:\/\/strangercam.com\/it\/mnogochat\/\" \/>\n<meta property=\"og:site_name\" content=\"Strangercam\" \/>\n<meta property=\"article:publisher\" content=\"https:\/\/www.facebook.com\/strangercam\" \/>\n<meta property=\"article:modified_time\" content=\"2023-08-21T10:24:42+00:00\" \/>\n<meta property=\"og:image\" content=\"https:\/\/strangercam.com\/wp-content\/uploads\/2020\/11\/stranger-cam-1.png\" \/>\n\t<meta property=\"og:image:width\" content=\"800\" \/>\n\t<meta property=\"og:image:height\" content=\"800\" \/>\n\t<meta property=\"og:image:type\" content=\"image\/png\" \/>\n<meta name=\"twitter:card\" content=\"summary_large_image\" \/>\n<meta name=\"twitter:site\" content=\"@strangercamapp\" \/>\n<meta name=\"twitter:label1\" content=\"Tempo di lettura stimato\" \/>\n\t<meta name=\"twitter:data1\" content=\"2 minuti\" \/>\n<script type=\"application\/ld+json\" class=\"yoast-schema-graph\">{\"@context\":\"https:\/\/schema.org\",\"@graph\":[{\"@type\":\"WebPage\",\"@id\":\"https:\/\/strangercam.com\/mnogochat\/\",\"url\":\"https:\/\/strangercam.com\/mnogochat\/\",\"name\":\"Mnogochat - Most Popular Video Chats - Cam on StrangerCam.com\",\"isPartOf\":{\"@id\":\"https:\/\/strangercam.com\/#website\"},\"primaryImageOfPage\":{\"@id\":\"https:\/\/strangercam.com\/mnogochat\/#primaryimage\"},\"image\":{\"@id\":\"https:\/\/strangercam.com\/mnogochat\/#primaryimage\"},\"thumbnailUrl\":\"https:\/\/strangercam.com\/wp-content\/uploads\/2020\/11\/stranger-cam-1.png\",\"datePublished\":\"2021-05-09T12:52:40+00:00\",\"dateModified\":\"2023-08-21T10:24:42+00:00\",\"description\":\"Like Mnogochat? Come chat with more than 5.000.000 strangers on Stranger Cam for Free! Turn on your cam and find new friends & maby a match!\",\"breadcrumb\":{\"@id\":\"https:\/\/strangercam.com\/mnogochat\/#breadcrumb\"},\"inLanguage\":\"it-IT\",\"potentialAction\":[{\"@type\":\"ReadAction\",\"target\":[\"https:\/\/strangercam.com\/mnogochat\/\"]}]},{\"@type\":\"ImageObject\",\"inLanguage\":\"it-IT\",\"@id\":\"https:\/\/strangercam.com\/mnogochat\/#primaryimage\",\"url\":\"https:\/\/strangercam.com\/wp-content\/uploads\/2020\/11\/stranger-cam-1.png\",\"contentUrl\":\"https:\/\/strangercam.com\/wp-content\/uploads\/2020\/11\/stranger-cam-1.png\",\"width\":800,\"height\":800,\"caption\":\"stranger cam random video chat\"},{\"@type\":\"BreadcrumbList\",\"@id\":\"https:\/\/strangercam.com\/mnogochat\/#breadcrumb\",\"itemListElement\":[{\"@type\":\"ListItem\",\"position\":1,\"name\":\"Home\",\"item\":\"https:\/\/strangercam.com\/\"},{\"@type\":\"ListItem\",\"position\":2,\"name\":\"Mnogochat\"}]},{\"@type\":\"WebSite\",\"@id\":\"https:\/\/strangercam.com\/#website\",\"url\":\"https:\/\/strangercam.com\/\",\"name\":\"Strangercam\",\"description\":\"Random Video Chat with Strangers\",\"publisher\":{\"@id\":\"https:\/\/strangercam.com\/#organization\"},\"alternateName\":\"Strangercam.com\",\"potentialAction\":[{\"@type\":\"SearchAction\",\"target\":{\"@type\":\"EntryPoint\",\"urlTemplate\":\"https:\/\/strangercam.com\/?s={search_term_string}\"},\"query-input\":{\"@type\":\"PropertyValueSpecification\",\"valueRequired\":true,\"valueName\":\"search_term_string\"}}],\"inLanguage\":\"it-IT\"},{\"@type\":\"Organization\",\"@id\":\"https:\/\/strangercam.com\/#organization\",\"name\":\"Strangercam\",\"alternateName\":\"Strangercam.com\",\"url\":\"https:\/\/strangercam.com\/\",\"logo\":{\"@type\":\"ImageObject\",\"inLanguage\":\"it-IT\",\"@id\":\"https:\/\/strangercam.com\/#\/schema\/logo\/image\/\",\"url\":\"https:\/\/strangercam.com\/wp-content\/uploads\/2020\/11\/cropped-new-favicon-black.png\",\"contentUrl\":\"https:\/\/strangercam.com\/wp-content\/uploads\/2020\/11\/cropped-new-favicon-black.png\",\"width\":512,\"height\":512,\"caption\":\"Strangercam\"},\"image\":{\"@id\":\"https:\/\/strangercam.com\/#\/schema\/logo\/image\/\"},\"sameAs\":[\"https:\/\/www.facebook.com\/strangercam\",\"https:\/\/x.com\/strangercamapp\"]}]}<\/script>\n<!-- \/ Yoast SEO plugin. -->","yoast_head_json":{"title":"Mnogochat - Le pi\u00f9 popolari video chat - Cam su StrangerCam.com","description":"Come Mnogochat? Vieni a chattare con pi\u00f9 di 5.000.000 di sconosciuti su Stranger Cam gratuitamente! Accendi la tua cam e trova nuovi amici e magari un partner!","robots":{"index":"index","follow":"follow","max-snippet":"max-snippet:-1","max-image-preview":"max-image-preview:large","max-video-preview":"max-video-preview:-1"},"canonical":"https:\/\/strangercam.com\/it\/mnogochat\/","og_locale":"it_IT","og_type":"article","og_title":"Mnogochat - Most Popular Video Chats - Cam on StrangerCam.com","og_description":"Like Mnogochat? Come chat with more than 5.000.000 strangers on Stranger Cam for Free! Turn on your cam and find new friends & maby a match!","og_url":"https:\/\/strangercam.com\/it\/mnogochat\/","og_site_name":"Strangercam","article_publisher":"https:\/\/www.facebook.com\/strangercam","article_modified_time":"2023-08-21T10:24:42+00:00","og_image":[{"width":800,"height":800,"url":"https:\/\/strangercam.com\/wp-content\/uploads\/2020\/11\/stranger-cam-1.png","type":"image\/png"}],"twitter_card":"summary_large_image","twitter_site":"@strangercamapp","twitter_misc":{"Tempo di lettura stimato":"2 minuti"},"schema":{"@context":"https:\/\/schema.org","@graph":[{"@type":"WebPage","@id":"https:\/\/strangercam.com\/mnogochat\/","url":"https:\/\/strangercam.com\/mnogochat\/","name":"Mnogochat - Le pi\u00f9 popolari video chat - Cam su StrangerCam.com","isPartOf":{"@id":"https:\/\/strangercam.com\/#website"},"primaryImageOfPage":{"@id":"https:\/\/strangercam.com\/mnogochat\/#primaryimage"},"image":{"@id":"https:\/\/strangercam.com\/mnogochat\/#primaryimage"},"thumbnailUrl":"https:\/\/strangercam.com\/wp-content\/uploads\/2020\/11\/stranger-cam-1.png","datePublished":"2021-05-09T12:52:40+00:00","dateModified":"2023-08-21T10:24:42+00:00","description":"Come Mnogochat? Vieni a chattare con pi\u00f9 di 5.000.000 di sconosciuti su Stranger Cam gratuitamente! Accendi la tua cam e trova nuovi amici e magari un partner!","breadcrumb":{"@id":"https:\/\/strangercam.com\/mnogochat\/#breadcrumb"},"inLanguage":"it-IT","potentialAction":[{"@type":"ReadAction","target":["https:\/\/strangercam.com\/mnogochat\/"]}]},{"@type":"ImageObject","inLanguage":"it-IT","@id":"https:\/\/strangercam.com\/mnogochat\/#primaryimage","url":"https:\/\/strangercam.com\/wp-content\/uploads\/2020\/11\/stranger-cam-1.png","contentUrl":"https:\/\/strangercam.com\/wp-content\/uploads\/2020\/11\/stranger-cam-1.png","width":800,"height":800,"caption":"stranger cam random video chat"},{"@type":"BreadcrumbList","@id":"https:\/\/strangercam.com\/mnogochat\/#breadcrumb","itemListElement":[{"@type":"ListItem","position":1,"name":"Home","item":"https:\/\/strangercam.com\/"},{"@type":"ListItem","position":2,"name":"Mnogochat"}]},{"@type":"WebSite","@id":"https:\/\/strangercam.com\/#website","url":"https:\/\/strangercam.com\/","name":"Strangercam","description":"Videochat casuale con sconosciuti","publisher":{"@id":"https:\/\/strangercam.com\/#organization"},"alternateName":"Strangercam.com","potentialAction":[{"@type":"SearchAction","target":{"@type":"EntryPoint","urlTemplate":"https:\/\/strangercam.com\/?s={search_term_string}"},"query-input":{"@type":"PropertyValueSpecification","valueRequired":true,"valueName":"search_term_string"}}],"inLanguage":"it-IT"},{"@type":"Organization","@id":"https:\/\/strangercam.com\/#organization","name":"Strangercam","alternateName":"Strangercam.com","url":"https:\/\/strangercam.com\/","logo":{"@type":"ImageObject","inLanguage":"it-IT","@id":"https:\/\/strangercam.com\/#\/schema\/logo\/image\/","url":"https:\/\/strangercam.com\/wp-content\/uploads\/2020\/11\/cropped-new-favicon-black.png","contentUrl":"https:\/\/strangercam.com\/wp-content\/uploads\/2020\/11\/cropped-new-favicon-black.png","width":512,"height":512,"caption":"Strangercam"},"image":{"@id":"https:\/\/strangercam.com\/#\/schema\/logo\/image\/"},"sameAs":["https:\/\/www.facebook.com\/strangercam","https:\/\/x.com\/strangercamapp"]}]}},"_links":{"self":[{"href":"https:\/\/strangercam.com\/it\/wp-json\/wp\/v2\/pages\/3104","targetHints":{"allow":["GET"]}}],"collection":[{"href":"https:\/\/strangercam.com\/it\/wp-json\/wp\/v2\/pages"}],"about":[{"href":"https:\/\/strangercam.com\/it\/wp-json\/wp\/v2\/types\/page"}],"author":[{"embeddable":true,"href":"https:\/\/strangercam.com\/it\/wp-json\/wp\/v2\/users\/6"}],"replies":[{"embeddable":true,"href":"https:\/\/strangercam.com\/it\/wp-json\/wp\/v2\/comments?post=3104"}],"version-history":[{"count":0,"href":"https:\/\/strangercam.com\/it\/wp-json\/wp\/v2\/pages\/3104\/revisions"}],"wp:featuredmedia":[{"embeddable":true,"href":"https:\/\/strangercam.com\/it\/wp-json\/wp\/v2\/media\/559"}],"wp:attachment":[{"href":"https:\/\/strangercam.com\/it\/wp-json\/wp\/v2\/media?parent=3104"}],"curies":[{"name":"wp","href":"https:\/\/api.w.org\/{rel}","templated":true}]}}