{"id":3045,"date":"2025-08-18T13:16:48","date_gmt":"2025-08-18T11:16:48","guid":{"rendered":"https:\/\/strangercam.com\/?page_id=3045"},"modified":"2025-08-18T14:11:55","modified_gmt":"2025-08-18T12:11:55","slug":"video-chat-con-le-ragazze","status":"publish","type":"page","link":"https:\/\/strangercam.com\/it\/video-chat-con-le-ragazze\/","title":{"rendered":"Video chat con le ragazze"},"content":{"rendered":"<p>Siete alla ricerca del posto migliore per video <a href=\"https:\/\/strangercam.com\/it\/chathub\/\">chat<\/a> con le ragazze? Non siete soli. Ogni giorno, migliaia di persone vanno online alla ricerca di conversazioni genuine e spontanee con donne reali in tutto il mondo. A differenza delle app di incontri, dove si scorrono profili all'infinito, o dei social media, dove tutto sembra messo in scena, le videochat dal vivo con le ragazze sono istantanee, reali e autentiche.<\/p>\n<p>Grazie a piattaforme come StrangerCam, \u00e8 ora possibile chattare gratuitamente con le ragazze in qualsiasi momento, senza dover creare un account, pagare tariffe nascoste o scaricare un'applicazione. Se volete fare amicizia, flirtare o semplicemente passare il tempo, le videochat con ragazze online non sono mai state cos\u00ec facili e accessibili.<\/p>\n<p>Questa guida vi mostrer\u00e0 tutto quello che c'\u00e8 da sapere: come funziona, perch\u00e9 la gente la ama, quali sono le caratteristiche pi\u00f9 importanti, i consigli per la sicurezza e perch\u00e9 StrangerCam \u00e8 una delle migliori piattaforme per videochattare con le ragazze nel 2025.<\/p>\n<h2>Che cos'\u00e8 la video chat con le ragazze?<\/h2>\n<p>La chat video con ragazze \u00e8 un'interazione online dal vivo, faccia a faccia, in cui ci si connette istantaneamente con utenti femminili utilizzando la webcam e il microfono. \u00c8 una sorta di aggiornamento moderno delle chat di testo, con la differenza che si pu\u00f2 vedere e sentire la persona con cui si sta parlando.<\/p>\n<p>A differenza dei social network o dei siti di incontri, dove le conversazioni richiedono tempo per essere avviate, la chat video consente di passare direttamente alle interazioni reali. Non \u00e8 necessario scorrere il dito, non \u00e8 necessario attendere le risposte: la connessione \u00e8 immediata.<\/p>\n<h2>Perch\u00e9 le persone amano la video chat gratuita con le ragazze<\/h2>\n<p>La crescente popolarit\u00e0 delle chat video gratuite con le ragazze pu\u00f2 essere spiegata da alcune semplici ragioni:<\/p>\n<ul>\n<li>Autenticit\u00e0: A differenza del testo, il video rende impossibile fingere la propria identit\u00e0. L'utente sa che sta parlando con una persona reale.<\/li>\n<li>Connessione immediata: Nessuna lunga registrazione, nessuna perdita di tempo: la connessione \u00e8 immediata.<\/li>\n<li>L'emozione dell'ignoto: Ogni chat \u00e8 unica e offre ogni volta qualcosa di diverso.<\/li>\n<li>Amicizia e flirt: Alcuni lo usano per trovare nuovi amici, altri per divertirsi e flirtare in modo innocuo.<\/li>\n<li>Diversit\u00e0: Chiacchierate con ragazze di tutto il mondo, sperimentate nuove culture e ampliate le vostre prospettive.<\/li>\n<li>Accessibilit\u00e0: Piattaforme come StrangerCam lo rendono 100% gratuito e facile da usare sia su mobile che su desktop.<\/li>\n<\/ul>\n<h2>Come funziona la video chat con le ragazze?<\/h2>\n<p>Avviare una chat video con ragazze \u00e8 semplice, anche per i principianti:<\/p>\n<ol>\n<li>Aprite una piattaforma di chat video (come StrangerCam) sul vostro telefono o computer.<\/li>\n<li>Abilitare la webcam e il microfono quando viene richiesto.<\/li>\n<li>Selezionare le preferenze, se disponibili (ad esempio, scegliere di abbinare solo utenti di sesso femminile).<\/li>\n<li>Fare clic su \"Avvia chat\". Verrete immediatamente messi in contatto con una ragazza a caso.<\/li>\n<li>Godetevi la vostra chat! Se la conversazione non \u00e8 di vostro gradimento, fate clic su \"Avanti\" per incontrare qualcuno di nuovo.<\/li>\n<\/ol>\n<p>L'intero processo richiede meno di un minuto.<\/p>\n<h2>Caratteristiche principali da ricercare<\/h2>\n<p>Non tutte le piattaforme che pubblicizzano video chat con ragazze valgono il vostro tempo. Molte nascondono le funzioni dietro i paywall o non mantengono le loro promesse. Ecco cosa cercare:<\/p>\n<h3>1. Filtri di genere gratuiti<\/h3>\n<p>Un filtro di genere funzionante \u00e8 essenziale se si desidera incontrare specificamente ragazze. Diffidate dei siti che lo pubblicizzano ma lo sbloccano solo dopo il pagamento.<\/p>\n<h3>2. Non \u00e8 richiesta l'iscrizione<\/h3>\n<p>Non dovrebbe essere necessario creare un account o fornire informazioni personali per iniziare a chattare.<\/p>\n<h3>3. Moderazione forte<\/h3>\n<p>Le buone piattaforme hanno moderatori attivi e strumenti di segnalazione per mantenere l'ambiente sicuro e amichevole.<\/p>\n<h3>4. Video di alta qualit\u00e0<\/h3>\n<p>Video e audio fluidi e affidabili rendono le conversazioni naturali e piacevoli.<\/p>\n<h3>5. Design compatibile con i dispositivi mobili<\/h3>\n<p>Dovreste essere in grado di videochattare con le ragazze facilmente dal vostro telefono o tablet, non solo da un computer.<\/p>\n<h3>6. Comunit\u00e0 globale<\/h3>\n<p>Una base di utenti pi\u00f9 ampia significa pi\u00f9 variet\u00e0 e pi\u00f9 possibilit\u00e0 di entrare in contatto con persone interessanti.<\/p>\n<h2>Le migliori piattaforme per videochattare con le ragazze nel 2025<\/h2>\n<p>Ecco un confronto tra le piattaforme pi\u00f9 diffuse che le persone usano per videochattare con le ragazze:<\/p>\n<table>\n<thead>\n<tr>\n<th>Piattaforma<\/th>\n<th align=\"center\">Filtro di genere gratuito<\/th>\n<th align=\"center\">\u00c8 necessario iscriversi<\/th>\n<th align=\"center\">Supporto mobile<\/th>\n<th align=\"center\">Moderazione<\/th>\n<th>Note<\/th>\n<\/tr>\n<\/thead>\n<tbody>\n<tr>\n<td>StrangerCam<\/td>\n<td align=\"center\">\u2705<\/td>\n<td align=\"center\">\u274c<\/td>\n<td align=\"center\">\u2705<\/td>\n<td align=\"center\">\u2705<\/td>\n<td>100% filtro di genere libero e funzionante<\/td>\n<\/tr>\n<tr>\n<td><a href=\"https:\/\/strangercam.com\/it\/chatroulette\/\">Chatroulette<\/a><\/td>\n<td align=\"center\">\u274c (Pagato)<\/td>\n<td align=\"center\">\u274c<\/td>\n<td align=\"center\">\u2705<\/td>\n<td align=\"center\">\u2705<\/td>\n<td>Classico, ma il filtro di genere costa<\/td>\n<\/tr>\n<tr>\n<td>Chatrandom<\/td>\n<td align=\"center\">\u274c (Pagato)<\/td>\n<td align=\"center\">\u274c<\/td>\n<td align=\"center\">\u2705<\/td>\n<td align=\"center\">\u2705<\/td>\n<td>Popolare, ma con molti paywall<\/td>\n<\/tr>\n<tr>\n<td><a href=\"https:\/\/strangercam.com\/it\/ometv\/\">OmeTV<\/a><\/td>\n<td align=\"center\">\u274c<\/td>\n<td align=\"center\">\u274c<\/td>\n<td align=\"center\">\u2705<\/td>\n<td align=\"center\">\u2705<\/td>\n<td>App mobile, solo casuale<\/td>\n<\/tr>\n<tr>\n<td>Shagle<\/td>\n<td align=\"center\">\u274c (Pagato)<\/td>\n<td align=\"center\">\u274c<\/td>\n<td align=\"center\">\u2705<\/td>\n<td align=\"center\">\u2705<\/td>\n<td>Spinge molto gli aggiornamenti<\/td>\n<\/tr>\n<tr>\n<td><a href=\"https:\/\/strangercam.com\/it\/coomeet\/\">CooMeet<\/a><\/td>\n<td align=\"center\">\u2705 (Solo in prova)<\/td>\n<td align=\"center\">\u2705<\/td>\n<td align=\"center\">\u2705<\/td>\n<td align=\"center\">\u2705<\/td>\n<td>Pagato dopo alcune chat gratuite<\/td>\n<\/tr>\n<tr>\n<td>LuckyCrush<\/td>\n<td align=\"center\">\u2705 (Pagato)<\/td>\n<td align=\"center\">\u2705<\/td>\n<td align=\"center\">\u2705<\/td>\n<td align=\"center\">\u2705<\/td>\n<td>Corrispondenza tra i sessi, sempre pagata<\/td>\n<\/tr>\n<\/tbody>\n<\/table>\n<p>StrangerCam \u00e8 una delle uniche piattaforme che offre un vero e proprio filtro di genere gratuito e chat video illimitate con ragazze, senza trucchi e senza costi nascosti.<\/p>\n<h2>Perch\u00e9 StrangerCam \u00e8 il posto migliore per videochattare con le ragazze<\/h2>\n<p>Quando si tratta di video chattare con le ragazze, StrangerCam offre diversi vantaggi:<\/p>\n<h3>1. Veramente gratuito e illimitato<\/h3>\n<p>Chatta per tutto il tempo che vuoi senza preoccuparti di crediti, limiti o costi nascosti.<\/p>\n<h3>2. Filtro di genere gratuito che funziona<\/h3>\n<p>A differenza della maggior parte dei siti, StrangerCam consente di selezionare le ragazze gratuitamente, senza paywall.<\/p>\n<h3>3. Non \u00e8 necessaria alcuna iscrizione o download<\/h3>\n<p>Non \u00e8 necessario avere un account, un'e-mail o un numero di telefono. Basta fare clic e iniziare a chattare.<\/p>\n<h3>4. Sicuro e moderato<\/h3>\n<p>Le segnalazioni e i moderatori attivi contribuiscono a mantenere una comunit\u00e0 positiva.<\/p>\n<h3>5. Base utenti femminile globale<\/h3>\n<p>Incontrare ragazze da decine di paesi in qualsiasi momento della giornata.<\/p>\n<h3>6. Ottimizzato per dispositivi mobili e desktop<\/h3>\n<p>Che si tratti di telefono, tablet o computer, StrangerCam funziona senza problemi ovunque.<\/p>\n<h2>Testimonianze di utenti reali<\/h2>\n<blockquote><p><em>\"Molti siti dicevano che potevo videochattare con le ragazze gratuitamente, ma poi cercavano di farmi pagare. StrangerCam \u00e8 stato il primo sito in cui il filtro di genere funzionava davvero senza pagare\".<\/em><br \/>\n- Ethan, 28 anni<\/p><\/blockquote>\n<blockquote><p><em>\"Come donna, mi sento pi\u00f9 sicura qui rispetto ad altre piattaforme. Posso saltare, bloccare e segnalare istantaneamente, il che mi mette pi\u00f9 a mio agio\".<\/em><br \/>\n- Laura, 24 anni<\/p><\/blockquote>\n<blockquote><p><em>\"Ho conosciuto ragazze brasiliane, spagnole e statunitensi in una sola serata. \u00c8 coinvolgente ma divertente\".<\/em><br \/>\n- Davide, 30 anni<\/p><\/blockquote>\n<blockquote><p><em>\"Veloce, facile e gratuito. StrangerCam \u00e8 il mio punto di riferimento ogni volta che voglio chattare con ragazze online\".<\/em><br \/>\n- Chris, 21 anni<\/p><\/blockquote>\n<h2>Consigli di sicurezza per la videochiamata con le ragazze<\/h2>\n<p>Come per qualsiasi piattaforma online, la vostra sicurezza deve essere sempre al primo posto. Ecco alcune regole da seguire:<\/p>\n<ul>\n<li>Non condividere informazioni personali: Mantenete riservati nome, indirizzo, telefono ed e-mail.<\/li>\n<li>Salta se non ti senti a tuo agio: Se una conversazione non \u00e8 adatta, fare clic su \"Avanti\".<\/li>\n<li>Evitare di cliccare sui link: Non aprite link esterni condivisi da sconosciuti.<\/li>\n<li>Controllate il vostro background: Assicuratevi che nulla di privato sia visibile alle vostre spalle.<\/li>\n<li>Rimanere anonimi: utilizzare un nickname se viene richiesto un nome visualizzato.<\/li>\n<li>Se hai meno di 18 anni, non usarlo: Rispettare sempre i limiti di et\u00e0 della piattaforma.<\/li>\n<\/ul>\n<h2>Come iniziare - Passo dopo passo<\/h2>\n<p>Iniziare a chattare con le ragazze richiede meno di un minuto:<\/p>\n<ol>\n<li>Aprite StrangerCam sul vostro dispositivo.<\/li>\n<li>Consentire l'accesso alla telecamera e al microfono.<\/li>\n<li>Selezionare il filtro di genere (scegliere \"ragazze\").<\/li>\n<li>Fate clic su Start Chat per ottenere immediatamente un abbinamento.<\/li>\n<li>Godetevi la conversazione. Fare clic su Avanti per andare avanti in qualsiasi momento.<\/li>\n<\/ol>\n<p>\u00c8 tutto ci\u00f2 che serve: rapido, semplice e gratuito.<\/p>\n<h2>Pensieri finali - Prova ora la videochat gratuita con le ragazze<\/h2>\n<p>Se state cercando un posto dove videochattare con le ragazze, la buona notizia \u00e8 che nel 2025 \u00e8 pi\u00f9 facile che mai. StrangerCam offre tutto ci\u00f2 di cui hai bisogno: un filtro di genere gratuito, abbinamenti istantanei, moderazione sicura e una comunit\u00e0 femminile globale disponibile 24 ore su 24, 7 giorni su 7.<\/p>\n<p>Non sprecate il vostro tempo su piattaforme che promettono video chat gratuite ma che nascondono tutto dietro un abbonamento. Scegliete un sito che sia veramente gratuito, sicuro e divertente.<\/p>\n<p>Sei pronto a conoscere qualcuno di nuovo? Avviate oggi stesso una videochat gratuita con ragazze e scoprite l'emozione delle connessioni spontanee.<\/p>","protected":false},"excerpt":{"rendered":"<p>Are you searching for the best place to video chat with girls? You\u2019re not alone. Every day, thousands of people go online looking for genuine, spontaneous conversations with real women around the world. Unlike dating apps, where you scroll through profiles endlessly, or social media, where everything feels staged, live video chat with girls is [&hellip;]<\/p>\n","protected":false},"author":8,"featured_media":0,"parent":0,"menu_order":0,"comment_status":"closed","ping_status":"closed","template":"","meta":{"footnotes":""},"class_list":["post-3045","page","type-page","status-publish","hentry"],"yoast_head":"<!-- This site is optimized with the Yoast SEO plugin v26.9 - https:\/\/yoast.com\/product\/yoast-seo-wordpress\/ -->\n<title>Video Chat With Girls with Random Chat on Strangercam.com<\/title>\n<meta name=\"description\" content=\"Liking Video Chat With Girls? Join millions on StrangerCam.com! Start a random video chat, turn on your cam, and meet strangers instantly.\" \/>\n<meta name=\"robots\" content=\"index, follow, max-snippet:-1, max-image-preview:large, max-video-preview:-1\" \/>\n<link rel=\"canonical\" href=\"https:\/\/strangercam.com\/it\/video-chat-con-le-ragazze\/\" \/>\n<meta property=\"og:locale\" content=\"it_IT\" \/>\n<meta property=\"og:type\" content=\"article\" \/>\n<meta property=\"og:title\" content=\"Video Chat With Girls with Random Chat on Strangercam.com\" \/>\n<meta property=\"og:description\" content=\"Liking Video Chat With Girls? Join millions on StrangerCam.com! Start a random video chat, turn on your cam, and meet strangers instantly.\" \/>\n<meta property=\"og:url\" content=\"https:\/\/strangercam.com\/it\/video-chat-con-le-ragazze\/\" \/>\n<meta property=\"og:site_name\" content=\"Strangercam\" \/>\n<meta property=\"article:publisher\" content=\"https:\/\/www.facebook.com\/strangercam\" \/>\n<meta property=\"article:modified_time\" content=\"2025-08-18T12:11:55+00:00\" \/>\n<meta property=\"og:image\" content=\"https:\/\/strangercam.com\/wp-content\/uploads\/2021\/10\/Untitled-2.png\" \/>\n\t<meta property=\"og:image:width\" content=\"800\" \/>\n\t<meta property=\"og:image:height\" content=\"532\" \/>\n\t<meta property=\"og:image:type\" content=\"image\/png\" \/>\n<meta name=\"twitter:card\" content=\"summary_large_image\" \/>\n<meta name=\"twitter:site\" content=\"@strangercamapp\" \/>\n<meta name=\"twitter:label1\" content=\"Tempo di lettura stimato\" \/>\n\t<meta name=\"twitter:data1\" content=\"5 minuti\" \/>\n<script type=\"application\/ld+json\" class=\"yoast-schema-graph\">{\"@context\":\"https:\/\/schema.org\",\"@graph\":[{\"@type\":\"WebPage\",\"@id\":\"https:\/\/strangercam.com\/video-chat-with-girls\/\",\"url\":\"https:\/\/strangercam.com\/video-chat-with-girls\/\",\"name\":\"Video Chat With Girls with Random Chat on Strangercam.com\",\"isPartOf\":{\"@id\":\"https:\/\/strangercam.com\/#website\"},\"datePublished\":\"2025-08-18T11:16:48+00:00\",\"dateModified\":\"2025-08-18T12:11:55+00:00\",\"description\":\"Liking Video Chat With Girls? Join millions on StrangerCam.com! Start a random video chat, turn on your cam, and meet strangers instantly.\",\"breadcrumb\":{\"@id\":\"https:\/\/strangercam.com\/video-chat-with-girls\/#breadcrumb\"},\"inLanguage\":\"it-IT\",\"potentialAction\":[{\"@type\":\"ReadAction\",\"target\":[\"https:\/\/strangercam.com\/video-chat-with-girls\/\"]}]},{\"@type\":\"BreadcrumbList\",\"@id\":\"https:\/\/strangercam.com\/video-chat-with-girls\/#breadcrumb\",\"itemListElement\":[{\"@type\":\"ListItem\",\"position\":1,\"name\":\"Home\",\"item\":\"https:\/\/strangercam.com\/\"},{\"@type\":\"ListItem\",\"position\":2,\"name\":\"Video Chat With Girls\"}]},{\"@type\":\"WebSite\",\"@id\":\"https:\/\/strangercam.com\/#website\",\"url\":\"https:\/\/strangercam.com\/\",\"name\":\"Strangercam\",\"description\":\"Random Video Chat with Strangers\",\"publisher\":{\"@id\":\"https:\/\/strangercam.com\/#organization\"},\"alternateName\":\"Strangercam.com\",\"potentialAction\":[{\"@type\":\"SearchAction\",\"target\":{\"@type\":\"EntryPoint\",\"urlTemplate\":\"https:\/\/strangercam.com\/?s={search_term_string}\"},\"query-input\":{\"@type\":\"PropertyValueSpecification\",\"valueRequired\":true,\"valueName\":\"search_term_string\"}}],\"inLanguage\":\"it-IT\"},{\"@type\":\"Organization\",\"@id\":\"https:\/\/strangercam.com\/#organization\",\"name\":\"Strangercam\",\"alternateName\":\"Strangercam.com\",\"url\":\"https:\/\/strangercam.com\/\",\"logo\":{\"@type\":\"ImageObject\",\"inLanguage\":\"it-IT\",\"@id\":\"https:\/\/strangercam.com\/#\/schema\/logo\/image\/\",\"url\":\"https:\/\/strangercam.com\/wp-content\/uploads\/2020\/11\/cropped-new-favicon-black.png\",\"contentUrl\":\"https:\/\/strangercam.com\/wp-content\/uploads\/2020\/11\/cropped-new-favicon-black.png\",\"width\":512,\"height\":512,\"caption\":\"Strangercam\"},\"image\":{\"@id\":\"https:\/\/strangercam.com\/#\/schema\/logo\/image\/\"},\"sameAs\":[\"https:\/\/www.facebook.com\/strangercam\",\"https:\/\/x.com\/strangercamapp\"]}]}<\/script>\n<!-- \/ Yoast SEO plugin. -->","yoast_head_json":{"title":"Video Chat con ragazze con Chat casuale su Strangercam.com","description":"Ti piace la video chat con le ragazze? Join milioni su StrangerCam.com! Avvia una chat video casuale, accendi la tua cam e incontra subito degli sconosciuti.","robots":{"index":"index","follow":"follow","max-snippet":"max-snippet:-1","max-image-preview":"max-image-preview:large","max-video-preview":"max-video-preview:-1"},"canonical":"https:\/\/strangercam.com\/it\/video-chat-con-le-ragazze\/","og_locale":"it_IT","og_type":"article","og_title":"Video Chat With Girls with Random Chat on Strangercam.com","og_description":"Liking Video Chat With Girls? Join millions on StrangerCam.com! Start a random video chat, turn on your cam, and meet strangers instantly.","og_url":"https:\/\/strangercam.com\/it\/video-chat-con-le-ragazze\/","og_site_name":"Strangercam","article_publisher":"https:\/\/www.facebook.com\/strangercam","article_modified_time":"2025-08-18T12:11:55+00:00","og_image":[{"width":800,"height":532,"url":"https:\/\/strangercam.com\/wp-content\/uploads\/2021\/10\/Untitled-2.png","type":"image\/png"}],"twitter_card":"summary_large_image","twitter_site":"@strangercamapp","twitter_misc":{"Tempo di lettura stimato":"5 minuti"},"schema":{"@context":"https:\/\/schema.org","@graph":[{"@type":"WebPage","@id":"https:\/\/strangercam.com\/video-chat-with-girls\/","url":"https:\/\/strangercam.com\/video-chat-with-girls\/","name":"Video Chat con ragazze con Chat casuale su Strangercam.com","isPartOf":{"@id":"https:\/\/strangercam.com\/#website"},"datePublished":"2025-08-18T11:16:48+00:00","dateModified":"2025-08-18T12:11:55+00:00","description":"Ti piace la video chat con le ragazze? Join milioni su StrangerCam.com! Avvia una chat video casuale, accendi la tua cam e incontra subito degli sconosciuti.","breadcrumb":{"@id":"https:\/\/strangercam.com\/video-chat-with-girls\/#breadcrumb"},"inLanguage":"it-IT","potentialAction":[{"@type":"ReadAction","target":["https:\/\/strangercam.com\/video-chat-with-girls\/"]}]},{"@type":"BreadcrumbList","@id":"https:\/\/strangercam.com\/video-chat-with-girls\/#breadcrumb","itemListElement":[{"@type":"ListItem","position":1,"name":"Home","item":"https:\/\/strangercam.com\/"},{"@type":"ListItem","position":2,"name":"Video Chat With Girls"}]},{"@type":"WebSite","@id":"https:\/\/strangercam.com\/#website","url":"https:\/\/strangercam.com\/","name":"Strangercam","description":"Videochat casuale con sconosciuti","publisher":{"@id":"https:\/\/strangercam.com\/#organization"},"alternateName":"Strangercam.com","potentialAction":[{"@type":"SearchAction","target":{"@type":"EntryPoint","urlTemplate":"https:\/\/strangercam.com\/?s={search_term_string}"},"query-input":{"@type":"PropertyValueSpecification","valueRequired":true,"valueName":"search_term_string"}}],"inLanguage":"it-IT"},{"@type":"Organization","@id":"https:\/\/strangercam.com\/#organization","name":"Strangercam","alternateName":"Strangercam.com","url":"https:\/\/strangercam.com\/","logo":{"@type":"ImageObject","inLanguage":"it-IT","@id":"https:\/\/strangercam.com\/#\/schema\/logo\/image\/","url":"https:\/\/strangercam.com\/wp-content\/uploads\/2020\/11\/cropped-new-favicon-black.png","contentUrl":"https:\/\/strangercam.com\/wp-content\/uploads\/2020\/11\/cropped-new-favicon-black.png","width":512,"height":512,"caption":"Strangercam"},"image":{"@id":"https:\/\/strangercam.com\/#\/schema\/logo\/image\/"},"sameAs":["https:\/\/www.facebook.com\/strangercam","https:\/\/x.com\/strangercamapp"]}]}},"_links":{"self":[{"href":"https:\/\/strangercam.com\/it\/wp-json\/wp\/v2\/pages\/3045","targetHints":{"allow":["GET"]}}],"collection":[{"href":"https:\/\/strangercam.com\/it\/wp-json\/wp\/v2\/pages"}],"about":[{"href":"https:\/\/strangercam.com\/it\/wp-json\/wp\/v2\/types\/page"}],"author":[{"embeddable":true,"href":"https:\/\/strangercam.com\/it\/wp-json\/wp\/v2\/users\/8"}],"replies":[{"embeddable":true,"href":"https:\/\/strangercam.com\/it\/wp-json\/wp\/v2\/comments?post=3045"}],"version-history":[{"count":2,"href":"https:\/\/strangercam.com\/it\/wp-json\/wp\/v2\/pages\/3045\/revisions"}],"predecessor-version":[{"id":12968,"href":"https:\/\/strangercam.com\/it\/wp-json\/wp\/v2\/pages\/3045\/revisions\/12968"}],"wp:attachment":[{"href":"https:\/\/strangercam.com\/it\/wp-json\/wp\/v2\/media?parent=3045"}],"curies":[{"name":"wp","href":"https:\/\/api.w.org\/{rel}","templated":true}]}}