{"id":201,"date":"2025-08-18T13:43:14","date_gmt":"2025-08-18T11:43:14","guid":{"rendered":"https:\/\/strangercam.com\/?page_id=201"},"modified":"2025-08-18T14:08:48","modified_gmt":"2025-08-18T12:08:48","slug":"chat-casuale-in-cam","status":"publish","type":"page","link":"https:\/\/strangercam.com\/it\/random-cam-chat\/","title":{"rendered":"Chat in cam casuale"},"content":{"rendered":"<p>Siete alla ricerca del brivido della casualit\u00e0 <a href=\"https:\/\/strangercam.com\/it\/bazoocam\/\">cam<\/a> chattare? Non siete soli. Fin dai primi giorni di <a href=\"https:\/\/strangercam.com\/it\/omegle\/\">Omegle<\/a> e <a href=\"https:\/\/strangercam.com\/it\/chatroulette\/\">Chatroulette<\/a>, milioni di persone si sono rivolte al random <a href=\"https:\/\/strangercam.com\/it\/cam-to-cam-chat\/\">chat in cam<\/a> per incontrare istantaneamente sconosciuti, faccia a faccia. L'idea \u00e8 semplice ma potente: accendete la vostra webcam, fate clic su un pulsante e in pochi secondi vi metterete in contatto con una persona nuova.<\/p>\n<p>Oggi, piattaforme come StrangerCam rendono pi\u00f9 facile che mai godere di chat in cam casuali gratuite senza iscrizioni, download o paywall nascosti. Che tu stia cercando amicizia, flirt, scambi culturali o semplicemente un modo per curare la noia, la chat in cam casuale offre un'esperienza online unica.<\/p>\n<p>In questa guida approfondita, esploreremo come funziona, quali sono le caratteristiche pi\u00f9 importanti, perch\u00e9 le persone lo amano e perch\u00e9 StrangerCam si distingue come uno dei migliori posti per chattare in cam casuali nel 2025.<\/p>\n<h2>Che cos'\u00e8 la Chat Cam casuale?<\/h2>\n<p>La chat in cam casuale \u00e8 un servizio online che vi abbina a sconosciuti tramite webcam e microfono per conversazioni video dal vivo, uno contro uno. La parte \"casuale\" significa che non si sa mai chi si incontrer\u00e0: potrebbe essere qualcuno del proprio Paese o qualcuno dall'altra parte del mondo.<\/p>\n<p>A differenza dei social network o delle app di incontri, la chat in cam casuale elimina i filtri dei profili e delle biografie curate. Si incontrano persone dal vivo, in tempo reale, senza alcuna preparazione. Se la conversazione non \u00e8 adatta, basta cliccare su \"Avanti\" per entrare immediatamente in contatto con qualcun altro.<\/p>\n<h2>Perch\u00e9 la gente ama la chat cam casuale gratuita<\/h2>\n<p>La popolarit\u00e0 della chat in cam casuale gratuita \u00e8 dovuta a diversi motivi chiave:<\/p>\n<ul>\n<li>Spontaneit\u00e0: ogni conversazione \u00e8 una sorpresa, il che la rende eccitante e coinvolgente.<\/li>\n<li>Connessione umana: Soprattutto in un mondo di sms e social media, l'interazione faccia a faccia \u00e8 una sensazione rinfrescante.<\/li>\n<li>Anonimato: La maggior parte delle piattaforme non richiede account o informazioni personali. Potete rimanere riservati quanto volete.<\/li>\n<li>Scambio culturale: Incontrare persone provenienti da tutto il mondo, conoscere le loro culture e condividere le proprie esperienze.<\/li>\n<li>Nessun profilo falso: Poich\u00e9 i video sono in diretta, sapete che state parlando con persone reali, non con bot o catfish.<\/li>\n<li>Alleviare lo stress e divertirsi: \u00c8 un modo semplice per rilassarsi, ridere e chiacchierare casualmente senza pressione.<\/li>\n<\/ul>\n<h2>Come funziona la chat casuale in cam<\/h2>\n<p>Iniziare a chattare con le camme casuali \u00e8 semplice:<\/p>\n<ol>\n<li>Aprire la piattaforma sul computer o sullo smartphone.<\/li>\n<li>Consentire l'accesso alla webcam e al microfono.<\/li>\n<li>Fare clic su \"Avvia chat\". Sarete immediatamente collegati a uno sconosciuto a caso.<\/li>\n<li>Parlare faccia a faccia. Rimanete quanto volete o fate clic su \"Avanti\" per passare a un altro interlocutore.<\/li>\n<li>Ripetere all'infinito. La maggior parte delle piattaforme offre chat illimitate e gratuite.<\/li>\n<\/ol>\n<p>Alcuni siti includono extra come filtri di genere, preferenze di localit\u00e0 o strumenti di traduzione integrati per rendere le chat globali ancora pi\u00f9 semplici.<\/p>\n<h2>Caratteristiche principali da ricercare<\/h2>\n<p>Non tutte le piattaforme di cam chat casuali sono uguali. Per ottenere la migliore esperienza, ecco cosa cercare:<\/p>\n<h3>1. Accesso veramente libero<\/h3>\n<p>Evitate le piattaforme che promettono chat gratuite ma che vi spingono a pagare. I siti migliori consentono un uso illimitato e gratuito.<\/p>\n<h3>2. Non \u00e8 richiesta l'iscrizione<\/h3>\n<p>Non \u00e8 necessario registrarsi o fornire dati personali per utilizzare una chat in cam casuale.<\/p>\n<h3>3. Filtri per genere e localit\u00e0<\/h3>\n<p>In questo modo \u00e8 pi\u00f9 facile entrare in contatto con il tipo di persone che state cercando.<\/p>\n<h3>4. Design compatibile con i dispositivi mobili<\/h3>\n<p>Una buona piattaforma dovrebbe funzionare senza problemi sia su desktop che su mobile.<\/p>\n<h3>5. Moderazione forte<\/h3>\n<p>Gli strumenti di moderazione attiva e di segnalazione aiutano a mantenere lo spazio al sicuro da comportamenti inappropriati.<\/p>\n<h3>6. Video e audio di alta qualit\u00e0<\/h3>\n<p>Connessioni fluide e chiare rendono le chat pi\u00f9 piacevoli.<\/p>\n<h2>Le migliori piattaforme di chat con camme casuali nel 2025<\/h2>\n<p>Ecco come si confrontano alcune delle pi\u00f9 popolari piattaforme di cam chat casuali:<\/p>\n<table>\n<thead>\n<tr>\n<th>Piattaforma<\/th>\n<th align=\"center\">Utilizzo gratuito<\/th>\n<th align=\"center\">Filtro di genere<\/th>\n<th align=\"center\">\u00c8 necessario iscriversi<\/th>\n<th align=\"center\">Supporto mobile<\/th>\n<th>Note<\/th>\n<\/tr>\n<\/thead>\n<tbody>\n<tr>\n<td>StrangerCam<\/td>\n<td align=\"center\">\u2705<\/td>\n<td align=\"center\">\u2705 (Gratuito)<\/td>\n<td align=\"center\">\u274c<\/td>\n<td align=\"center\">\u2705<\/td>\n<td>La migliore scelta a tutto tondo per la chat casuale in cam gratuita<\/td>\n<\/tr>\n<tr>\n<td>Chatroulette<\/td>\n<td align=\"center\">\u2705<\/td>\n<td align=\"center\">\u274c (Pagato)<\/td>\n<td align=\"center\">\u274c<\/td>\n<td align=\"center\">\u2705<\/td>\n<td>Classico, ma con filtro di genere bloccato<\/td>\n<\/tr>\n<tr>\n<td>Chatrandom<\/td>\n<td align=\"center\">\u2705<\/td>\n<td align=\"center\">\u274c (Pagato)<\/td>\n<td align=\"center\">\u274c<\/td>\n<td align=\"center\">\u2705<\/td>\n<td>Ampia base di utenti, paywall per i filtri<\/td>\n<\/tr>\n<tr>\n<td>OmeTV<\/td>\n<td align=\"center\">\u2705<\/td>\n<td align=\"center\">\u274c<\/td>\n<td align=\"center\">\u274c<\/td>\n<td align=\"center\">\u2705<\/td>\n<td>Applicazione mobile disponibile, solo casuale<\/td>\n<\/tr>\n<tr>\n<td>Shagle<\/td>\n<td align=\"center\">\u2705<\/td>\n<td align=\"center\">\u274c (Pagato)<\/td>\n<td align=\"center\">\u274c<\/td>\n<td align=\"center\">\u2705<\/td>\n<td>Chat gratuite ma aggiornamenti premium spinti<\/td>\n<\/tr>\n<tr>\n<td><a href=\"https:\/\/strangercam.com\/it\/coomeet\/\">CooMeet<\/a><\/td>\n<td align=\"center\">\u274c (Prova)<\/td>\n<td align=\"center\">\u2705<\/td>\n<td align=\"center\">\u2705<\/td>\n<td align=\"center\">\u2705<\/td>\n<td>In gran parte pagati dopo la fine del periodo di prova<\/td>\n<\/tr>\n<tr>\n<td>LuckyCrush<\/td>\n<td align=\"center\">\u274c<\/td>\n<td align=\"center\">\u2705<\/td>\n<td align=\"center\">\u2705<\/td>\n<td align=\"center\">\u2705<\/td>\n<td>Sempre retribuito, corrispondenza tra i sessi<\/td>\n<\/tr>\n<\/tbody>\n<\/table>\n<p>StrangerCam si distingue per essere gratuito, sicuro e facile da filtrare, a differenza della maggior parte dei concorrenti che fanno pagare per le funzioni avanzate.<\/p>\n<h2>Perch\u00e9 StrangerCam \u00e8 la scelta migliore per le chat in cam casuali<\/h2>\n<p>Ecco perch\u00e9 StrangerCam \u00e8 una delle migliori piattaforme in stile Omegle del 2025:<\/p>\n<h3>1. Completamente gratuito<\/h3>\n<p>Nessun costo nascosto, crediti o prove limitate. Potete chattare quanto volete, gratuitamente.<\/p>\n<h3>2. Filtro di genere reale<\/h3>\n<p>A differenza della maggior parte dei siti gratuiti, StrangerCam consente di scegliere di connettersi con uomini, donne o entrambi senza pagare.<\/p>\n<h3>3. Non \u00e8 necessario un account<\/h3>\n<p>Inizia a chattare all'istante. Non sono richieste iscrizioni, e-mail o informazioni personali.<\/p>\n<h3>4. Comunit\u00e0 globale 24\/7<\/h3>\n<p>Sempre attivo, per non rimanere mai a corto di persone da incontrare.<\/p>\n<h3>5. Ottimizzato per i dispositivi mobili<\/h3>\n<p>Funziona perfettamente su telefoni, tablet e computer.<\/p>\n<h3>6. Sicuro e moderato<\/h3>\n<p>Moderatori dedicati e strumenti di segnalazione mantengono la piattaforma pulita e piacevole.<\/p>\n<h2>Testimonianze di utenti reali<\/h2>\n<blockquote><p><em>\"Ho provato molti siti di chat da quando Omegle ha chiuso, ma StrangerCam \u00e8 l'unico che mi \u00e8 sembrato un vero affare. \u00c8 gratuito e pieno di persone reali\".<\/em><br \/>\n- Chris, 25 anni<\/p><\/blockquote>\n<blockquote><p><em>\"Il filtro di genere funziona davvero senza pagare un extra. Per me \u00e8 una grande vittoria\".<\/em><br \/>\n- Marta, 23 anni<\/p><\/blockquote>\n<blockquote><p><em>\"Sono entrata in contatto con persone di cinque Paesi diversi in una sola notte. \u00c8 un modo cos\u00ec divertente di incontrare gli sconosciuti\".<\/em><br \/>\n- Dylan, 30 anni<\/p><\/blockquote>\n<blockquote><p><em>\"Gratuito, veloce e sicuro. StrangerCam \u00e8 ormai il mio punto di riferimento per le chat casuali in cam\".<\/em><br \/>\n- Leah, 20 anni<\/p><\/blockquote>\n<h2>Consigli di sicurezza per la chat casuale in cam<\/h2>\n<p>Per ottenere il massimo dalla chat in cam casuale gratuita rimanendo al sicuro, tenete a mente questi consigli:<\/p>\n<ul>\n<li>Non condividete informazioni personali come nome e cognome, indirizzo o numero di telefono.<\/li>\n<li>Saltate o bloccate chiunque vi metta a disagio.<\/li>\n<li>Non cliccate mai su link inviati da sconosciuti.<\/li>\n<li>Fate attenzione al vostro background per evitare di mostrare dettagli privati.<\/li>\n<li>Utilizzate le cuffie per ottenere un suono pi\u00f9 chiaro e una maggiore privacy.<\/li>\n<li>Se hai meno di 18 anni, evita di utilizzare piattaforme di chat con camme casuali.<\/li>\n<\/ul>\n<h2>Come iniziare - Passo dopo passo<\/h2>\n<p>Joining una chat cam casuale richiede meno di un minuto:<\/p>\n<ol>\n<li>Andate alla piattaforma sul vostro browser o telefono.<\/li>\n<li>Consentire l'accesso alla telecamera e al microfono.<\/li>\n<li>Premere \"Avvia chat\".<\/li>\n<li>Incontrare immediatamente uno sconosciuto a caso.<\/li>\n<li>Fare clic su \"Avanti\" ogni volta che si desidera passare a un nuovo utente.<\/li>\n<\/ol>\n<p>Tutto qui: rapido, semplice e gratuito.<\/p>\n<h2>Pensieri finali - Prova subito la chat casuale gratuita in cam<\/h2>\n<p>La chat casuale in cam \u00e8 uno dei modi pi\u00f9 eccitanti per connettersi online nel 2025. \u00c8 spontanea, divertente e rappresenta una fresca alternativa ai social media o alle app di incontri. Con piattaforme come StrangerCam, si ha un'esperienza veramente gratuita: niente iscrizioni, niente paywall e una comunit\u00e0 globale pronta a incontrarsi 24 ore su 24, 7 giorni su 7.<\/p>\n<p>Non perdete tempo su piattaforme che promettono video chat gratuite ma che nascondono tutto dietro a muri a pagamento. Scegliete un luogo dove potete connettervi, ridere e fare nuove amicizie all'istante.<\/p>\n<p>Sei pronto a sperimentarlo? Prova oggi stesso la chat casuale in cam e scopri chi incontrerai la prossima volta.<\/p>","protected":false},"excerpt":{"rendered":"<p>Are you looking for the thrill of random cam chat? You\u2019re not alone. Since the early days of Omegle and Chatroulette, millions of people have turned to random cam chat sites to meet strangers instantly, face-to-face. The idea is simple yet powerful: switch on your webcam, click a button, and get connected to someone new [&hellip;]<\/p>\n","protected":false},"author":8,"featured_media":0,"parent":0,"menu_order":0,"comment_status":"closed","ping_status":"closed","template":"","meta":{"footnotes":""},"class_list":["post-201","page","type-page","status-publish","hentry"],"yoast_head":"<!-- This site is optimized with the Yoast SEO plugin v27.4 - https:\/\/yoast.com\/product\/yoast-seo-wordpress\/ -->\n<title>Random Cam Chat with Random Chat on Strangercam.com<\/title>\n<meta name=\"description\" content=\"Liking Random Cam Chat? Join millions on StrangerCam.com! Start a random video chat, turn on your cam, and meet strangers instantly.\" \/>\n<meta name=\"robots\" content=\"index, follow, max-snippet:-1, max-image-preview:large, max-video-preview:-1\" \/>\n<link rel=\"canonical\" href=\"https:\/\/strangercam.com\/it\/chat-casuale-in-cam\/\" \/>\n<meta property=\"og:locale\" content=\"it_IT\" \/>\n<meta property=\"og:type\" content=\"article\" \/>\n<meta property=\"og:title\" content=\"Random Cam Chat with Random Chat on Strangercam.com\" \/>\n<meta property=\"og:description\" content=\"Liking Random Cam Chat? Join millions on StrangerCam.com! Start a random video chat, turn on your cam, and meet strangers instantly.\" \/>\n<meta property=\"og:url\" content=\"https:\/\/strangercam.com\/it\/chat-casuale-in-cam\/\" \/>\n<meta property=\"og:site_name\" content=\"Strangercam\" \/>\n<meta property=\"article:publisher\" content=\"https:\/\/www.facebook.com\/strangercam\" \/>\n<meta property=\"article:modified_time\" content=\"2025-08-18T12:08:48+00:00\" \/>\n<meta property=\"og:image\" content=\"https:\/\/strangercam.com\/wp-content\/uploads\/2021\/10\/Untitled-2.png\" \/>\n\t<meta property=\"og:image:width\" content=\"800\" \/>\n\t<meta property=\"og:image:height\" content=\"532\" \/>\n\t<meta property=\"og:image:type\" content=\"image\/png\" \/>\n<meta name=\"twitter:card\" content=\"summary_large_image\" \/>\n<meta name=\"twitter:site\" content=\"@strangercamapp\" \/>\n<meta name=\"twitter:label1\" content=\"Tempo di lettura stimato\" \/>\n\t<meta name=\"twitter:data1\" content=\"5 minuti\" \/>\n<script type=\"application\/ld+json\" class=\"yoast-schema-graph\">{\"@context\":\"https:\\\/\\\/schema.org\",\"@graph\":[{\"@type\":\"WebPage\",\"@id\":\"https:\\\/\\\/strangercam.com\\\/random-cam-chat\\\/\",\"url\":\"https:\\\/\\\/strangercam.com\\\/random-cam-chat\\\/\",\"name\":\"Random Cam Chat with Random Chat on Strangercam.com\",\"isPartOf\":{\"@id\":\"https:\\\/\\\/strangercam.com\\\/#website\"},\"datePublished\":\"2025-08-18T11:43:14+00:00\",\"dateModified\":\"2025-08-18T12:08:48+00:00\",\"description\":\"Liking Random Cam Chat? Join millions on StrangerCam.com! Start a random video chat, turn on your cam, and meet strangers instantly.\",\"breadcrumb\":{\"@id\":\"https:\\\/\\\/strangercam.com\\\/random-cam-chat\\\/#breadcrumb\"},\"inLanguage\":\"it-IT\",\"potentialAction\":[{\"@type\":\"ReadAction\",\"target\":[\"https:\\\/\\\/strangercam.com\\\/random-cam-chat\\\/\"]}]},{\"@type\":\"BreadcrumbList\",\"@id\":\"https:\\\/\\\/strangercam.com\\\/random-cam-chat\\\/#breadcrumb\",\"itemListElement\":[{\"@type\":\"ListItem\",\"position\":1,\"name\":\"Home\",\"item\":\"https:\\\/\\\/strangercam.com\\\/\"},{\"@type\":\"ListItem\",\"position\":2,\"name\":\"Random Cam Chat\"}]},{\"@type\":\"WebSite\",\"@id\":\"https:\\\/\\\/strangercam.com\\\/#website\",\"url\":\"https:\\\/\\\/strangercam.com\\\/\",\"name\":\"Strangercam\",\"description\":\"Random Video Chat with Strangers\",\"publisher\":{\"@id\":\"https:\\\/\\\/strangercam.com\\\/#organization\"},\"alternateName\":\"Strangercam.com\",\"potentialAction\":[{\"@type\":\"SearchAction\",\"target\":{\"@type\":\"EntryPoint\",\"urlTemplate\":\"https:\\\/\\\/strangercam.com\\\/?s={search_term_string}\"},\"query-input\":{\"@type\":\"PropertyValueSpecification\",\"valueRequired\":true,\"valueName\":\"search_term_string\"}}],\"inLanguage\":\"it-IT\"},{\"@type\":\"Organization\",\"@id\":\"https:\\\/\\\/strangercam.com\\\/#organization\",\"name\":\"Strangercam\",\"alternateName\":\"Strangercam.com\",\"url\":\"https:\\\/\\\/strangercam.com\\\/\",\"logo\":{\"@type\":\"ImageObject\",\"inLanguage\":\"it-IT\",\"@id\":\"https:\\\/\\\/strangercam.com\\\/#\\\/schema\\\/logo\\\/image\\\/\",\"url\":\"https:\\\/\\\/strangercam.com\\\/wp-content\\\/uploads\\\/2020\\\/11\\\/cropped-new-favicon-black.png\",\"contentUrl\":\"https:\\\/\\\/strangercam.com\\\/wp-content\\\/uploads\\\/2020\\\/11\\\/cropped-new-favicon-black.png\",\"width\":512,\"height\":512,\"caption\":\"Strangercam\"},\"image\":{\"@id\":\"https:\\\/\\\/strangercam.com\\\/#\\\/schema\\\/logo\\\/image\\\/\"},\"sameAs\":[\"https:\\\/\\\/www.facebook.com\\\/strangercam\",\"https:\\\/\\\/x.com\\\/strangercamapp\"]}]}<\/script>\n<!-- \/ Yoast SEO plugin. -->","yoast_head_json":{"title":"Chat in cam casuale con Chat casuale su Strangercam.com","description":"Ti piace la chat casuale in cam? Join milioni su StrangerCam.com! Avvia una chat video casuale, accendi la tua cam e incontra subito degli sconosciuti.","robots":{"index":"index","follow":"follow","max-snippet":"max-snippet:-1","max-image-preview":"max-image-preview:large","max-video-preview":"max-video-preview:-1"},"canonical":"https:\/\/strangercam.com\/it\/chat-casuale-in-cam\/","og_locale":"it_IT","og_type":"article","og_title":"Random Cam Chat with Random Chat on Strangercam.com","og_description":"Liking Random Cam Chat? Join millions on StrangerCam.com! Start a random video chat, turn on your cam, and meet strangers instantly.","og_url":"https:\/\/strangercam.com\/it\/chat-casuale-in-cam\/","og_site_name":"Strangercam","article_publisher":"https:\/\/www.facebook.com\/strangercam","article_modified_time":"2025-08-18T12:08:48+00:00","og_image":[{"width":800,"height":532,"url":"https:\/\/strangercam.com\/wp-content\/uploads\/2021\/10\/Untitled-2.png","type":"image\/png"}],"twitter_card":"summary_large_image","twitter_site":"@strangercamapp","twitter_misc":{"Tempo di lettura stimato":"5 minuti"},"schema":{"@context":"https:\/\/schema.org","@graph":[{"@type":"WebPage","@id":"https:\/\/strangercam.com\/random-cam-chat\/","url":"https:\/\/strangercam.com\/random-cam-chat\/","name":"Chat in cam casuale con Chat casuale su Strangercam.com","isPartOf":{"@id":"https:\/\/strangercam.com\/#website"},"datePublished":"2025-08-18T11:43:14+00:00","dateModified":"2025-08-18T12:08:48+00:00","description":"Ti piace la chat casuale in cam? Join milioni su StrangerCam.com! Avvia una chat video casuale, accendi la tua cam e incontra subito degli sconosciuti.","breadcrumb":{"@id":"https:\/\/strangercam.com\/random-cam-chat\/#breadcrumb"},"inLanguage":"it-IT","potentialAction":[{"@type":"ReadAction","target":["https:\/\/strangercam.com\/random-cam-chat\/"]}]},{"@type":"BreadcrumbList","@id":"https:\/\/strangercam.com\/random-cam-chat\/#breadcrumb","itemListElement":[{"@type":"ListItem","position":1,"name":"Home","item":"https:\/\/strangercam.com\/"},{"@type":"ListItem","position":2,"name":"Random Cam Chat"}]},{"@type":"WebSite","@id":"https:\/\/strangercam.com\/#website","url":"https:\/\/strangercam.com\/","name":"Strangercam","description":"Videochat casuale con sconosciuti","publisher":{"@id":"https:\/\/strangercam.com\/#organization"},"alternateName":"Strangercam.com","potentialAction":[{"@type":"SearchAction","target":{"@type":"EntryPoint","urlTemplate":"https:\/\/strangercam.com\/?s={search_term_string}"},"query-input":{"@type":"PropertyValueSpecification","valueRequired":true,"valueName":"search_term_string"}}],"inLanguage":"it-IT"},{"@type":"Organization","@id":"https:\/\/strangercam.com\/#organization","name":"Strangercam","alternateName":"Strangercam.com","url":"https:\/\/strangercam.com\/","logo":{"@type":"ImageObject","inLanguage":"it-IT","@id":"https:\/\/strangercam.com\/#\/schema\/logo\/image\/","url":"https:\/\/strangercam.com\/wp-content\/uploads\/2020\/11\/cropped-new-favicon-black.png","contentUrl":"https:\/\/strangercam.com\/wp-content\/uploads\/2020\/11\/cropped-new-favicon-black.png","width":512,"height":512,"caption":"Strangercam"},"image":{"@id":"https:\/\/strangercam.com\/#\/schema\/logo\/image\/"},"sameAs":["https:\/\/www.facebook.com\/strangercam","https:\/\/x.com\/strangercamapp"]}]}},"_links":{"self":[{"href":"https:\/\/strangercam.com\/it\/wp-json\/wp\/v2\/pages\/201","targetHints":{"allow":["GET"]}}],"collection":[{"href":"https:\/\/strangercam.com\/it\/wp-json\/wp\/v2\/pages"}],"about":[{"href":"https:\/\/strangercam.com\/it\/wp-json\/wp\/v2\/types\/page"}],"author":[{"embeddable":true,"href":"https:\/\/strangercam.com\/it\/wp-json\/wp\/v2\/users\/8"}],"replies":[{"embeddable":true,"href":"https:\/\/strangercam.com\/it\/wp-json\/wp\/v2\/comments?post=201"}],"version-history":[{"count":2,"href":"https:\/\/strangercam.com\/it\/wp-json\/wp\/v2\/pages\/201\/revisions"}],"predecessor-version":[{"id":12967,"href":"https:\/\/strangercam.com\/it\/wp-json\/wp\/v2\/pages\/201\/revisions\/12967"}],"wp:attachment":[{"href":"https:\/\/strangercam.com\/it\/wp-json\/wp\/v2\/media?parent=201"}],"curies":[{"name":"wp","href":"https:\/\/api.w.org\/{rel}","templated":true}]}}