{"id":148,"date":"2025-08-18T12:34:38","date_gmt":"2025-08-18T10:34:38","guid":{"rendered":"https:\/\/strangercam.com\/?page_id=148"},"modified":"2025-08-18T14:02:52","modified_gmt":"2025-08-18T12:02:52","slug":"cam-a-cam-chat","status":"publish","type":"page","link":"https:\/\/strangercam.com\/it\/cam-a-cam-chat\/","title":{"rendered":"Chat gratuita da camma a camma"},"content":{"rendered":"<p>Se avete mai desiderato incontrare qualcuno di nuovo faccia a faccia senza uscire di casa, <a href=\"https:\/\/strangercam.com\/it\/bazoocam\/\">cam<\/a> a cam <a href=\"https:\/\/strangercam.com\/it\/chathub\/\">chat<\/a> \u00e8 uno dei modi pi\u00f9 interessanti per farlo. A differenza della chat di testo, in cui non si pu\u00f2 mai essere sicuri di chi ci sia realmente dall'altra parte, la chat video cam to cam vi mette direttamente di fronte a persone reali, all'istante. E la parte migliore? Grazie a piattaforme come StrangerCam, \u00e8 possibile usufruire della chat cam to cam gratuita senza doversi registrare, pagare o scaricare un'app.<\/p>\n<p>In questa guida esploreremo come funziona la chat cam to cam, perch\u00e9 \u00e8 cos\u00ec popolare, quali sono le caratteristiche pi\u00f9 importanti e come scegliere le migliori piattaforme nel 2025. Che siate qui per fare nuove amicizie, conoscere ragazze, flirtare o semplicemente curare la noia, questo articolo vi dar\u00e0 tutto quello che c'\u00e8 da sapere.<\/p>\n<h2>Che cos'\u00e8 la chat Cam to Cam?<\/h2>\n<p>La chat cam to cam \u00e8 un sistema di chat video dal vivo in cui due persone si connettono faccia a faccia utilizzando le loro webcam. A differenza dei siti di streaming o dei social network, il cam to cam prevede un'interazione in tempo reale: voi vedete e sentite l'altra persona all'istante, e lei vede e sente voi.<\/p>\n<p>A differenza delle chiamate di gruppo o delle conferenze, il cam to cam \u00e8 di solito uno a uno, il che lo rende pi\u00f9 personale, privato e spontaneo.<\/p>\n<h2>Perch\u00e9 le persone amano la chat gratuita da camma a camma<\/h2>\n<p>Ci sono innumerevoli motivi per cui le persone si affollano sulle piattaforme di chat cam to cam gratuite:<\/p>\n<ul>\n<li>Connessione istantanea - Incontrare persone reali da tutto il mondo in pochi secondi.<\/li>\n<li>Nessun profilo falso - Dal momento che siete in diretta video, sapete che l'altra persona \u00e8 reale.<\/li>\n<li>Spontaneit\u00e0 - Ogni chat \u00e8 una sorpresa: non si sa mai chi si incontrer\u00e0 dopo.<\/li>\n<li>Divertimento e intrattenimento - Perfetto per eliminare la noia, esercitare le abilit\u00e0 sociali o flirtare.<\/li>\n<li>Anonimato - Molti siti consentono di rimanere anonimi, senza bisogno di account.<\/li>\n<li>Costo zero - Con la piattaforma giusta, non \u00e8 necessario pagare per chattare con estranei in video.<\/li>\n<\/ul>\n<h2>Come funziona la chat Cam to Cam<\/h2>\n<p>Il processo \u00e8 incredibilmente semplice:<\/p>\n<ol>\n<li>Aprite il sito di chat sul vostro dispositivo desktop o mobile.<\/li>\n<li>Consentire l'accesso alla fotocamera e al microfono quando richiesto.<\/li>\n<li>Fare clic su \"Avvia\" o \"Avanti\". Verrete immediatamente collegati a un estraneo casuale.<\/li>\n<li>Chiacchierate in diretta con la telecamera. Se non siete in sintonia con la persona, premete \"Avanti\" e passate oltre.<\/li>\n<li>Ripetete quanto volete: la chat \u00e8 gratuita e illimitata.<\/li>\n<\/ol>\n<p>Su alcune piattaforme, \u00e8 possibile applicare filtri di genere o di paese per migliorare le corrispondenze.<\/p>\n<h2>Caratteristiche principali da ricercare<\/h2>\n<p>Quando si sceglie un sito di chat cam to cam, ecco cosa conta di pi\u00f9:<\/p>\n<ul>\n<li>Accesso gratuito - Chat illimitate senza paywall.<\/li>\n<li>Filtri per genere e localit\u00e0 - Possibilit\u00e0 di scegliere con chi si vuole chattare.<\/li>\n<li>Connessioni con un solo clic - Nessuna configurazione complicata.<\/li>\n<li>Mobile-Friendly - Funziona perfettamente sia su telefoni che su computer.<\/li>\n<li>Moderazione e sicurezza - Protezione attiva contro bot, truffatori e contenuti inappropriati.<\/li>\n<li>Nessuna registrazione necessaria - Vero anonimato e privacy.<\/li>\n<\/ul>\n<h2>Chat con camme gratuite vs Chat con camme a pagamento<\/h2>\n<p>Non tutte le piattaforme di chat cam to cam sono uguali. Alcune offrono un accesso gratuito con connessioni reali e casuali, mentre altre limitano le funzioni dietro i muri del pagamento.<\/p>\n<p>Ecco come si confrontano:<\/p>\n<table>\n<thead>\n<tr>\n<th>Caratteristica<\/th>\n<th>Chat gratuita da camma a camma<\/th>\n<th>Chat a pagamento da camma a camma<\/th>\n<\/tr>\n<\/thead>\n<tbody>\n<tr>\n<td>Costo<\/td>\n<td>Gratis per sempre<\/td>\n<td>Abbonamento o crediti<\/td>\n<\/tr>\n<tr>\n<td>Anonimato<\/td>\n<td>Non \u00e8 necessario iscriversi<\/td>\n<td>Richiede un conto\/pagamento<\/td>\n<\/tr>\n<tr>\n<td>Filtro di genere<\/td>\n<td>Disponibile su alcune piattaforme gratuite (come StrangerCam)<\/td>\n<td>Sempre incluso<\/td>\n<\/tr>\n<tr>\n<td>Moderazione<\/td>\n<td>S\u00ec (su piattaforme gratuite affidabili)<\/td>\n<td>S\u00ec<\/td>\n<\/tr>\n<tr>\n<td>Il migliore per<\/td>\n<td>Divertimento casuale e spontaneo<\/td>\n<td>Incontri seri, interessi di nicchia<\/td>\n<\/tr>\n<\/tbody>\n<\/table>\n<p>Per la maggior parte degli utenti, la chat cam to cam gratuita \u00e8 la scelta migliore: \u00e8 spontanea, anonima e facile da usare.<\/p>\n<h2>Tabella di confronto: I migliori siti di chat Cam to Cam nel 2025<\/h2>\n<table>\n<thead>\n<tr>\n<th>Piattaforma<\/th>\n<th align=\"center\">Accesso libero<\/th>\n<th align=\"center\">Filtro di genere<\/th>\n<th align=\"center\">\u00c8 necessario iscriversi<\/th>\n<th align=\"center\">Mobile Friendly<\/th>\n<th>Note<\/th>\n<\/tr>\n<\/thead>\n<tbody>\n<tr>\n<td>StrangerCam<\/td>\n<td align=\"center\">\u2705<\/td>\n<td align=\"center\">\u2705 (Gratuito)<\/td>\n<td align=\"center\">\u274c<\/td>\n<td align=\"center\">\u2705<\/td>\n<td>La migliore chat cam to cam gratuita in assoluto<\/td>\n<\/tr>\n<tr>\n<td><a href=\"https:\/\/strangercam.com\/it\/chatroulette\/\">Chatroulette<\/a><\/td>\n<td align=\"center\">\u2705<\/td>\n<td align=\"center\">\u274c (Pagato)<\/td>\n<td align=\"center\">\u274c<\/td>\n<td align=\"center\">\u2705<\/td>\n<td>Classico, ma con filtro di genere bloccato<\/td>\n<\/tr>\n<tr>\n<td>Chatrandom<\/td>\n<td align=\"center\">\u2705<\/td>\n<td align=\"center\">\u274c (Pagato)<\/td>\n<td align=\"center\">\u274c<\/td>\n<td align=\"center\">\u2705<\/td>\n<td>Popolare, ma i filtri costano<\/td>\n<\/tr>\n<tr>\n<td><a href=\"https:\/\/strangercam.com\/it\/ometv\/\">OmeTV<\/a><\/td>\n<td align=\"center\">\u2705<\/td>\n<td align=\"center\">\u274c<\/td>\n<td align=\"center\">\u274c<\/td>\n<td align=\"center\">\u2705<\/td>\n<td>Buona app, solo casuale<\/td>\n<\/tr>\n<tr>\n<td>Shagle<\/td>\n<td align=\"center\">\u2705<\/td>\n<td align=\"center\">\u274c (Pagato)<\/td>\n<td align=\"center\">\u274c<\/td>\n<td align=\"center\">\u2705<\/td>\n<td>Pareti a pagamento per una migliore corrispondenza<\/td>\n<\/tr>\n<tr>\n<td><a href=\"https:\/\/strangercam.com\/it\/coomeet\/\">CooMeet<\/a><\/td>\n<td align=\"center\">\u274c (Prova)<\/td>\n<td align=\"center\">\u2705<\/td>\n<td align=\"center\">\u2705<\/td>\n<td align=\"center\">\u2705<\/td>\n<td>Servizio prevalentemente a pagamento<\/td>\n<\/tr>\n<tr>\n<td>LuckyCrush<\/td>\n<td align=\"center\">\u274c<\/td>\n<td align=\"center\">\u2705<\/td>\n<td align=\"center\">\u2705<\/td>\n<td align=\"center\">\u2705<\/td>\n<td>Basato sul genere, ma sempre retribuito<\/td>\n<\/tr>\n<\/tbody>\n<\/table>\n<p>StrangerCam \u00e8 una delle uniche piattaforme che offre chat gratuite da camma a camma con filtri di genere reali, cosa che la maggior parte dei concorrenti nasconde dietro i paywall.<\/p>\n<h2>Perch\u00e9 StrangerCam \u00e8 il posto migliore per la chat gratuita da camma a camma<\/h2>\n<p>Ecco perch\u00e9 StrangerCam \u00e8 la scelta migliore nel 2025:<\/p>\n<h3>1. Veramente gratuito, senza registrazione<\/h3>\n<p>Nessun costo nascosto, nessun limite, nessun login. Basta aprire e iniziare a chattare.<\/p>\n<h3>2. Un filtro di genere che funziona davvero<\/h3>\n<p>A differenza di altri siti \"gratuiti\", StrangerCam consente di filtrare le ragazze, i ragazzi o entrambi senza alcun costo.<\/p>\n<h3>3. Moderazione attiva<\/h3>\n<p>I moderatori reali e i filtri AI tengono lontani i bot e gli utenti abusivi.<\/p>\n<h3>4. Design ottimizzato per i dispositivi mobili<\/h3>\n<p>Che si tratti di iPhone, Android o desktop, la chat \u00e8 fluida e di alta qualit\u00e0.<\/p>\n<h3>5. Comunit\u00e0 globale<\/h3>\n<p>Utenti provenienti da oltre 100 Paesi significa che potete chattare 24 ore su 24, 7 giorni su 7.<\/p>\n<h3>6. Anonimato e privacy<\/h3>\n<p>Nessuna registrazione, nessun tracciamento, nessuna memorizzazione delle chat video.<\/p>\n<h2>Testimonianze di utenti reali<\/h2>\n<blockquote><p><em>\"Ho provato diversi siti di cam to cam, ma StrangerCam \u00e8 l'unico che mi ha dato chat gratuite e illimitate senza costringermi a pagare. Il filtro di genere \u00e8 un grande vantaggio\".<\/em><br \/>\n- Kevin, 29 anni<\/p><\/blockquote>\n<blockquote><p><em>\"Come ragazza, mi sento pi\u00f9 sicura qui perch\u00e9 c'\u00e8 la giusta moderazione. Posso saltare all'istante se qualcuno \u00e8 scortese\".<\/em><br \/>\n- Anna, 22 anni<\/p><\/blockquote>\n<blockquote><p><em>\"Funziona perfettamente sul mio telefono. In pochi minuti, stavo parlando con qualcuno dall'Italia. La chat gratuita da camma a camma non pu\u00f2 essere migliore di questa\".<\/em><br \/>\n- Davide, 24 anni<\/p><\/blockquote>\n<h2>Consigli di sicurezza per la chat Cam to Cam<\/h2>\n<p>Per godere della chat cam to cam in tutta sicurezza:<\/p>\n<ul>\n<li>Non condividete informazioni personali (nome vero, indirizzo, numero di telefono).<\/li>\n<li>Evitate di cliccare sui link inviati dagli estranei.<\/li>\n<li>Usate liberamente il pulsante \"Avanti\": non rimanete in chat che vi mettono a disagio.<\/li>\n<li>Mantenete uno sfondo neutro per evitare di rivelare dettagli personali.<\/li>\n<li>Segnalate immediatamente i comportamenti scorretti.<\/li>\n<\/ul>\n<h2>Come avviare una chat gratuita da camma a camma in pochi secondi<\/h2>\n<ol>\n<li>Aprire la piattaforma.<\/li>\n<li>Consentire l'accesso alla telecamera e al microfono.<\/li>\n<li>Scegliete le vostre preferenze (come il filtro di genere).<\/li>\n<li>Fare clic su \"Avvia chat\".<\/li>\n<li>Godetevi la vostra connessione live da camma a camma.<\/li>\n<\/ol>\n<p>Ci vuole meno di un minuto per passare dalla noia alla chat in diretta con uno sconosciuto.<\/p>\n<h2>Pensieri finali - Provate oggi la chat gratuita da camma a camma<\/h2>\n<p>Nel 2025, la chat cam to cam rimane uno dei modi migliori per conoscere nuove persone, fare amicizia e intrattenere conversazioni spontanee. Ma non tutte le piattaforme sono uguali. Molte sono a pagamento, limitano le funzioni o non proteggono gli utenti da bot e spam.<\/p>\n<p>Ecco perch\u00e9 la chat camma a camma gratuita su StrangerCam si distingue. Grazie ai filtri di genere reali, all'accesso istantaneo, agli utenti globali e alla rigorosa moderazione, \u00e8 uno dei luoghi pi\u00f9 sicuri e divertenti per incontrare sconosciuti online.<\/p>\n<p>Sei pronto a provare? Entrate subito in una chat gratuita da camma a camma e scoprite chi incontrerete la prossima volta!<\/p>","protected":false},"excerpt":{"rendered":"<p>If you\u2019ve ever wanted to meet someone new face-to-face without leaving your home, cam to cam chat is one of the most exciting ways to do it. Unlike text chat, where you can never be sure who\u2019s really on the other side, cam to cam video chat puts you directly in front of real people\u2014instantly. [&hellip;]<\/p>\n","protected":false},"author":8,"featured_media":0,"parent":0,"menu_order":0,"comment_status":"closed","ping_status":"closed","template":"","meta":{"footnotes":""},"class_list":["post-148","page","type-page","status-publish","hentry"],"yoast_head":"<!-- This site is optimized with the Yoast SEO plugin v26.9 - https:\/\/yoast.com\/product\/yoast-seo-wordpress\/ -->\n<title>Free Cam to Cam Chat with Random Chat on Strangercam.com<\/title>\n<meta name=\"description\" content=\"Liking Free Cam to Cam Chat? Join millions on StrangerCam.com! Start a random video chat, turn on your cam, and meet strangers instantly.\" \/>\n<meta name=\"robots\" content=\"index, follow, max-snippet:-1, max-image-preview:large, max-video-preview:-1\" \/>\n<link rel=\"canonical\" href=\"https:\/\/strangercam.com\/it\/cam-a-cam-chat\/\" \/>\n<meta property=\"og:locale\" content=\"it_IT\" \/>\n<meta property=\"og:type\" content=\"article\" \/>\n<meta property=\"og:title\" content=\"Free Cam to Cam Chat with Random Chat on Strangercam.com\" \/>\n<meta property=\"og:description\" content=\"Liking Free Cam to Cam Chat? Join millions on StrangerCam.com! Start a random video chat, turn on your cam, and meet strangers instantly.\" \/>\n<meta property=\"og:url\" content=\"https:\/\/strangercam.com\/it\/cam-a-cam-chat\/\" \/>\n<meta property=\"og:site_name\" content=\"Strangercam\" \/>\n<meta property=\"article:publisher\" content=\"https:\/\/www.facebook.com\/strangercam\" \/>\n<meta property=\"article:modified_time\" content=\"2025-08-18T12:02:52+00:00\" \/>\n<meta property=\"og:image\" content=\"https:\/\/strangercam.com\/wp-content\/uploads\/2021\/10\/Untitled-2.png\" \/>\n\t<meta property=\"og:image:width\" content=\"800\" \/>\n\t<meta property=\"og:image:height\" content=\"532\" \/>\n\t<meta property=\"og:image:type\" content=\"image\/png\" \/>\n<meta name=\"twitter:card\" content=\"summary_large_image\" \/>\n<meta name=\"twitter:site\" content=\"@strangercamapp\" \/>\n<meta name=\"twitter:label1\" content=\"Tempo di lettura stimato\" \/>\n\t<meta name=\"twitter:data1\" content=\"5 minuti\" \/>\n<script type=\"application\/ld+json\" class=\"yoast-schema-graph\">{\"@context\":\"https:\/\/schema.org\",\"@graph\":[{\"@type\":\"WebPage\",\"@id\":\"https:\/\/strangercam.com\/cam-to-cam-chat\/\",\"url\":\"https:\/\/strangercam.com\/cam-to-cam-chat\/\",\"name\":\"Free Cam to Cam Chat with Random Chat on Strangercam.com\",\"isPartOf\":{\"@id\":\"https:\/\/strangercam.com\/#website\"},\"datePublished\":\"2025-08-18T10:34:38+00:00\",\"dateModified\":\"2025-08-18T12:02:52+00:00\",\"description\":\"Liking Free Cam to Cam Chat? Join millions on StrangerCam.com! Start a random video chat, turn on your cam, and meet strangers instantly.\",\"breadcrumb\":{\"@id\":\"https:\/\/strangercam.com\/cam-to-cam-chat\/#breadcrumb\"},\"inLanguage\":\"it-IT\",\"potentialAction\":[{\"@type\":\"ReadAction\",\"target\":[\"https:\/\/strangercam.com\/cam-to-cam-chat\/\"]}]},{\"@type\":\"BreadcrumbList\",\"@id\":\"https:\/\/strangercam.com\/cam-to-cam-chat\/#breadcrumb\",\"itemListElement\":[{\"@type\":\"ListItem\",\"position\":1,\"name\":\"Home\",\"item\":\"https:\/\/strangercam.com\/\"},{\"@type\":\"ListItem\",\"position\":2,\"name\":\"Free Cam to Cam Chat\"}]},{\"@type\":\"WebSite\",\"@id\":\"https:\/\/strangercam.com\/#website\",\"url\":\"https:\/\/strangercam.com\/\",\"name\":\"Strangercam\",\"description\":\"Random Video Chat with Strangers\",\"publisher\":{\"@id\":\"https:\/\/strangercam.com\/#organization\"},\"alternateName\":\"Strangercam.com\",\"potentialAction\":[{\"@type\":\"SearchAction\",\"target\":{\"@type\":\"EntryPoint\",\"urlTemplate\":\"https:\/\/strangercam.com\/?s={search_term_string}\"},\"query-input\":{\"@type\":\"PropertyValueSpecification\",\"valueRequired\":true,\"valueName\":\"search_term_string\"}}],\"inLanguage\":\"it-IT\"},{\"@type\":\"Organization\",\"@id\":\"https:\/\/strangercam.com\/#organization\",\"name\":\"Strangercam\",\"alternateName\":\"Strangercam.com\",\"url\":\"https:\/\/strangercam.com\/\",\"logo\":{\"@type\":\"ImageObject\",\"inLanguage\":\"it-IT\",\"@id\":\"https:\/\/strangercam.com\/#\/schema\/logo\/image\/\",\"url\":\"https:\/\/strangercam.com\/wp-content\/uploads\/2020\/11\/cropped-new-favicon-black.png\",\"contentUrl\":\"https:\/\/strangercam.com\/wp-content\/uploads\/2020\/11\/cropped-new-favicon-black.png\",\"width\":512,\"height\":512,\"caption\":\"Strangercam\"},\"image\":{\"@id\":\"https:\/\/strangercam.com\/#\/schema\/logo\/image\/\"},\"sameAs\":[\"https:\/\/www.facebook.com\/strangercam\",\"https:\/\/x.com\/strangercamapp\"]}]}<\/script>\n<!-- \/ Yoast SEO plugin. -->","yoast_head_json":{"title":"Chat gratuita da camma a camma con chat casuale su Strangercam.com","description":"Ti piace la chat gratuita da camma a camma? Join milioni su StrangerCam.com! Avvia una chat video casuale, accendi la tua cam e incontra subito degli sconosciuti.","robots":{"index":"index","follow":"follow","max-snippet":"max-snippet:-1","max-image-preview":"max-image-preview:large","max-video-preview":"max-video-preview:-1"},"canonical":"https:\/\/strangercam.com\/it\/cam-a-cam-chat\/","og_locale":"it_IT","og_type":"article","og_title":"Free Cam to Cam Chat with Random Chat on Strangercam.com","og_description":"Liking Free Cam to Cam Chat? Join millions on StrangerCam.com! Start a random video chat, turn on your cam, and meet strangers instantly.","og_url":"https:\/\/strangercam.com\/it\/cam-a-cam-chat\/","og_site_name":"Strangercam","article_publisher":"https:\/\/www.facebook.com\/strangercam","article_modified_time":"2025-08-18T12:02:52+00:00","og_image":[{"width":800,"height":532,"url":"https:\/\/strangercam.com\/wp-content\/uploads\/2021\/10\/Untitled-2.png","type":"image\/png"}],"twitter_card":"summary_large_image","twitter_site":"@strangercamapp","twitter_misc":{"Tempo di lettura stimato":"5 minuti"},"schema":{"@context":"https:\/\/schema.org","@graph":[{"@type":"WebPage","@id":"https:\/\/strangercam.com\/cam-to-cam-chat\/","url":"https:\/\/strangercam.com\/cam-to-cam-chat\/","name":"Chat gratuita da camma a camma con chat casuale su Strangercam.com","isPartOf":{"@id":"https:\/\/strangercam.com\/#website"},"datePublished":"2025-08-18T10:34:38+00:00","dateModified":"2025-08-18T12:02:52+00:00","description":"Ti piace la chat gratuita da camma a camma? Join milioni su StrangerCam.com! Avvia una chat video casuale, accendi la tua cam e incontra subito degli sconosciuti.","breadcrumb":{"@id":"https:\/\/strangercam.com\/cam-to-cam-chat\/#breadcrumb"},"inLanguage":"it-IT","potentialAction":[{"@type":"ReadAction","target":["https:\/\/strangercam.com\/cam-to-cam-chat\/"]}]},{"@type":"BreadcrumbList","@id":"https:\/\/strangercam.com\/cam-to-cam-chat\/#breadcrumb","itemListElement":[{"@type":"ListItem","position":1,"name":"Home","item":"https:\/\/strangercam.com\/"},{"@type":"ListItem","position":2,"name":"Free Cam to Cam Chat"}]},{"@type":"WebSite","@id":"https:\/\/strangercam.com\/#website","url":"https:\/\/strangercam.com\/","name":"Strangercam","description":"Videochat casuale con sconosciuti","publisher":{"@id":"https:\/\/strangercam.com\/#organization"},"alternateName":"Strangercam.com","potentialAction":[{"@type":"SearchAction","target":{"@type":"EntryPoint","urlTemplate":"https:\/\/strangercam.com\/?s={search_term_string}"},"query-input":{"@type":"PropertyValueSpecification","valueRequired":true,"valueName":"search_term_string"}}],"inLanguage":"it-IT"},{"@type":"Organization","@id":"https:\/\/strangercam.com\/#organization","name":"Strangercam","alternateName":"Strangercam.com","url":"https:\/\/strangercam.com\/","logo":{"@type":"ImageObject","inLanguage":"it-IT","@id":"https:\/\/strangercam.com\/#\/schema\/logo\/image\/","url":"https:\/\/strangercam.com\/wp-content\/uploads\/2020\/11\/cropped-new-favicon-black.png","contentUrl":"https:\/\/strangercam.com\/wp-content\/uploads\/2020\/11\/cropped-new-favicon-black.png","width":512,"height":512,"caption":"Strangercam"},"image":{"@id":"https:\/\/strangercam.com\/#\/schema\/logo\/image\/"},"sameAs":["https:\/\/www.facebook.com\/strangercam","https:\/\/x.com\/strangercamapp"]}]}},"_links":{"self":[{"href":"https:\/\/strangercam.com\/it\/wp-json\/wp\/v2\/pages\/148","targetHints":{"allow":["GET"]}}],"collection":[{"href":"https:\/\/strangercam.com\/it\/wp-json\/wp\/v2\/pages"}],"about":[{"href":"https:\/\/strangercam.com\/it\/wp-json\/wp\/v2\/types\/page"}],"author":[{"embeddable":true,"href":"https:\/\/strangercam.com\/it\/wp-json\/wp\/v2\/users\/8"}],"replies":[{"embeddable":true,"href":"https:\/\/strangercam.com\/it\/wp-json\/wp\/v2\/comments?post=148"}],"version-history":[{"count":2,"href":"https:\/\/strangercam.com\/it\/wp-json\/wp\/v2\/pages\/148\/revisions"}],"predecessor-version":[{"id":12962,"href":"https:\/\/strangercam.com\/it\/wp-json\/wp\/v2\/pages\/148\/revisions\/12962"}],"wp:attachment":[{"href":"https:\/\/strangercam.com\/it\/wp-json\/wp\/v2\/media?parent=148"}],"curies":[{"name":"wp","href":"https:\/\/api.w.org\/{rel}","templated":true}]}}