{"id":1327,"date":"2021-04-06T11:24:02","date_gmt":"2021-04-06T09:24:02","guid":{"rendered":"https:\/\/strangercam.com\/?page_id=1327"},"modified":"2023-08-21T12:24:41","modified_gmt":"2023-08-21T10:24:41","slug":"chatrad","status":"publish","type":"page","link":"https:\/\/strangercam.com\/it\/chatrad\/","title":{"rendered":"Chatrad"},"content":{"rendered":"<p>Voglia di <a href=\"https:\/\/strangercam.com\/it\/coomeet\/\">incontrarsi<\/a> persone nuove e interessanti ogni giorno? Provate ChatRad online <a href=\"https:\/\/strangercam.com\/it\/rabbit-video-chat\/\">video<\/a> <a href=\"https:\/\/strangercam.com\/it\/chatroulette\/\">chat<\/a> piattaforma. Si tratta di un sito che vi aiuta a incontrare decine di persone ogni giorno attraverso la vostra webcam. Connettersi con sconosciuti a caso da tutto il mondo \u00e8 facile e immediato. Perci\u00f2, se volete fare nuove amicizie o uscire con qualcuno, ChatRad \u00e8 la piattaforma ideale per voi.<\/p>\n<p>Inoltre, ChatRad vi permette anche di trovare un nuovo partner per gli incontri o vi offre un buon momento di socializzazione.<\/p>\n<h2>Che cos'\u00e8 ChatRad?<\/h2>\n<p>ChatRad \u00e8 stato lanciato nel 2013. <a href=\"https:\/\/strangercam.com\/it\/chatingly\/\">Chiacchierare<\/a> attraverso la tecnologia della webcam non \u00e8 mai stato cos\u00ec facile. Tuttavia, con l'aiuto della piattaforma ChatRad, la chat dalla webcam \u00e8 diventata facile per i suoi utenti grazie ad anni di innovazione e duro lavoro.<\/p>\n<p>ChatRad \u00e8 un software di chat che permette agli utenti di comunicare con sconosciuti casuali utilizzando la webcam attraverso una piattaforma video. ChatRad permette anche di chattare in base ai propri gusti e preferenze.<\/p>\n<h3>Cosa c'\u00e8 di cos\u00ec speciale in ChatRad?<\/h3>\n<p>La cosa pi\u00f9 speciale di ChatRad \u00e8 che \u00e8 <a href=\"https:\/\/strangercam.com\/it\/chat4free\/\">libero<\/a>. Basta usare la webcam per chattare con sconosciuti in tutto il mondo. Vediamo alcune caratteristiche speciali di ChatRad.<\/p>\n<ul>\n<li>Incontrare nuove persone - Incontrare nuove persone con ChatRad \u00e8 semplice e facile. Basta premere \"start\" per attivare la webcam e il gioco \u00e8 fatto.<\/li>\n<li>Inoltre, \u00e8 una piattaforma che offre solo la possibilit\u00e0 di socializzare gratuitamente, ma anche di mostrare il proprio talento al mondo. Se siete un grande chitarrista o avete una grande voce, potete farlo facilmente con ChatRad. Inoltre, potete discutere di vari argomenti con gli sconosciuti, come cibo, politica, cultura e molto altro. Connettersi con sconosciuti di tutto il mondo in ChatRad attraverso una webcam \u00e8 interessante e divertente. Usare la webcam per chattare con gli sconosciuti sul sito web di ChatRad \u00e8 gratuito ed emozionante.<\/li>\n<li>Velocit\u00e0 - Un'altra cosa speciale da menzionare di ChatRad \u00e8 la sua velocit\u00e0 di navigazione. ChatRad vi permette di connettervi con sconosciuti casuali a una velocit\u00e0 impressionante, rendendo le vostre conversazioni prive di intoppi e senza problemi.<\/li>\n<\/ul>\n<p>Il team di ChatRad lavora duramente per garantire la vostra sicurezza al mondo. Non permette mai a nessuna informazione di trapelare a terzi o a qualsiasi altro utente. Per questo motivo, non dovreste mai comunicare i vostri dati personali a sconosciuti. \u00c8 meglio stare al sicuro piuttosto che trovarsi dall'altra parte della barca.<\/p>\n<p>Continuate a seguire i consigli di sicurezza per assicurarvi che i vostri dati non siano identificabili da sconosciuti, persone o agenzie.<\/p>","protected":false},"excerpt":{"rendered":"<p>Want to meet new and interesting people every day? Try ChatRad online video chat platform. This is a site that helps you to meet dozens of people every day through your webcam. Connecting with random strangers from across the globe is easy and instant. Thus, if you want to make new friends, or go for [&hellip;]<\/p>\n","protected":false},"author":6,"featured_media":559,"parent":0,"menu_order":0,"comment_status":"closed","ping_status":"closed","template":"","meta":{"footnotes":""},"class_list":["post-1327","page","type-page","status-publish","has-post-thumbnail","hentry"],"yoast_head":"<!-- This site is optimized with the Yoast SEO plugin v27.4 - https:\/\/yoast.com\/product\/yoast-seo-wordpress\/ -->\n<title>Chatrad - Talk To Strangers - Cam on StrangerCam.com<\/title>\n<meta name=\"description\" content=\"Like Chatrad? Come chat with more than 5.000.000 strangers on Stranger Cam for Free! Turn on your cam and find new friends &amp; maby a match!\" \/>\n<meta name=\"robots\" content=\"index, follow, max-snippet:-1, max-image-preview:large, max-video-preview:-1\" \/>\n<link rel=\"canonical\" href=\"https:\/\/strangercam.com\/it\/chatrad\/\" \/>\n<meta property=\"og:locale\" content=\"it_IT\" \/>\n<meta property=\"og:type\" content=\"article\" \/>\n<meta property=\"og:title\" content=\"Chatrad - Talk To Strangers - Cam on StrangerCam.com\" \/>\n<meta property=\"og:description\" content=\"Like Chatrad? Come chat with more than 5.000.000 strangers on Stranger Cam for Free! Turn on your cam and find new friends &amp; maby a match!\" \/>\n<meta property=\"og:url\" content=\"https:\/\/strangercam.com\/it\/chatrad\/\" \/>\n<meta property=\"og:site_name\" content=\"Strangercam\" \/>\n<meta property=\"article:publisher\" content=\"https:\/\/www.facebook.com\/strangercam\" \/>\n<meta property=\"article:modified_time\" content=\"2023-08-21T10:24:41+00:00\" \/>\n<meta property=\"og:image\" content=\"https:\/\/strangercam.com\/wp-content\/uploads\/2020\/11\/stranger-cam-1.png\" \/>\n\t<meta property=\"og:image:width\" content=\"800\" \/>\n\t<meta property=\"og:image:height\" content=\"800\" \/>\n\t<meta property=\"og:image:type\" content=\"image\/png\" \/>\n<meta name=\"twitter:card\" content=\"summary_large_image\" \/>\n<meta name=\"twitter:site\" content=\"@strangercamapp\" \/>\n<meta name=\"twitter:label1\" content=\"Tempo di lettura stimato\" \/>\n\t<meta name=\"twitter:data1\" content=\"2 minuti\" \/>\n<script type=\"application\/ld+json\" class=\"yoast-schema-graph\">{\"@context\":\"https:\\\/\\\/schema.org\",\"@graph\":[{\"@type\":\"WebPage\",\"@id\":\"https:\\\/\\\/strangercam.com\\\/chatrad\\\/\",\"url\":\"https:\\\/\\\/strangercam.com\\\/chatrad\\\/\",\"name\":\"Chatrad - Talk To Strangers - Cam on StrangerCam.com\",\"isPartOf\":{\"@id\":\"https:\\\/\\\/strangercam.com\\\/#website\"},\"primaryImageOfPage\":{\"@id\":\"https:\\\/\\\/strangercam.com\\\/chatrad\\\/#primaryimage\"},\"image\":{\"@id\":\"https:\\\/\\\/strangercam.com\\\/chatrad\\\/#primaryimage\"},\"thumbnailUrl\":\"https:\\\/\\\/strangercam.com\\\/wp-content\\\/uploads\\\/2020\\\/11\\\/stranger-cam-1.png\",\"datePublished\":\"2021-04-06T09:24:02+00:00\",\"dateModified\":\"2023-08-21T10:24:41+00:00\",\"description\":\"Like Chatrad? Come chat with more than 5.000.000 strangers on Stranger Cam for Free! Turn on your cam and find new friends & maby a match!\",\"breadcrumb\":{\"@id\":\"https:\\\/\\\/strangercam.com\\\/chatrad\\\/#breadcrumb\"},\"inLanguage\":\"it-IT\",\"potentialAction\":[{\"@type\":\"ReadAction\",\"target\":[\"https:\\\/\\\/strangercam.com\\\/chatrad\\\/\"]}]},{\"@type\":\"ImageObject\",\"inLanguage\":\"it-IT\",\"@id\":\"https:\\\/\\\/strangercam.com\\\/chatrad\\\/#primaryimage\",\"url\":\"https:\\\/\\\/strangercam.com\\\/wp-content\\\/uploads\\\/2020\\\/11\\\/stranger-cam-1.png\",\"contentUrl\":\"https:\\\/\\\/strangercam.com\\\/wp-content\\\/uploads\\\/2020\\\/11\\\/stranger-cam-1.png\",\"width\":800,\"height\":800,\"caption\":\"stranger cam random video chat\"},{\"@type\":\"BreadcrumbList\",\"@id\":\"https:\\\/\\\/strangercam.com\\\/chatrad\\\/#breadcrumb\",\"itemListElement\":[{\"@type\":\"ListItem\",\"position\":1,\"name\":\"Home\",\"item\":\"https:\\\/\\\/strangercam.com\\\/\"},{\"@type\":\"ListItem\",\"position\":2,\"name\":\"Chatrad\"}]},{\"@type\":\"WebSite\",\"@id\":\"https:\\\/\\\/strangercam.com\\\/#website\",\"url\":\"https:\\\/\\\/strangercam.com\\\/\",\"name\":\"Strangercam\",\"description\":\"Random Video Chat with Strangers\",\"publisher\":{\"@id\":\"https:\\\/\\\/strangercam.com\\\/#organization\"},\"alternateName\":\"Strangercam.com\",\"potentialAction\":[{\"@type\":\"SearchAction\",\"target\":{\"@type\":\"EntryPoint\",\"urlTemplate\":\"https:\\\/\\\/strangercam.com\\\/?s={search_term_string}\"},\"query-input\":{\"@type\":\"PropertyValueSpecification\",\"valueRequired\":true,\"valueName\":\"search_term_string\"}}],\"inLanguage\":\"it-IT\"},{\"@type\":\"Organization\",\"@id\":\"https:\\\/\\\/strangercam.com\\\/#organization\",\"name\":\"Strangercam\",\"alternateName\":\"Strangercam.com\",\"url\":\"https:\\\/\\\/strangercam.com\\\/\",\"logo\":{\"@type\":\"ImageObject\",\"inLanguage\":\"it-IT\",\"@id\":\"https:\\\/\\\/strangercam.com\\\/#\\\/schema\\\/logo\\\/image\\\/\",\"url\":\"https:\\\/\\\/strangercam.com\\\/wp-content\\\/uploads\\\/2020\\\/11\\\/cropped-new-favicon-black.png\",\"contentUrl\":\"https:\\\/\\\/strangercam.com\\\/wp-content\\\/uploads\\\/2020\\\/11\\\/cropped-new-favicon-black.png\",\"width\":512,\"height\":512,\"caption\":\"Strangercam\"},\"image\":{\"@id\":\"https:\\\/\\\/strangercam.com\\\/#\\\/schema\\\/logo\\\/image\\\/\"},\"sameAs\":[\"https:\\\/\\\/www.facebook.com\\\/strangercam\",\"https:\\\/\\\/x.com\\\/strangercamapp\"]}]}<\/script>\n<!-- \/ Yoast SEO plugin. -->","yoast_head_json":{"title":"Chatrad - Parla con gli sconosciuti - Cam su StrangerCam.com","description":"Come Chatrad? Vieni a chattare con pi\u00f9 di 5.000.000 di sconosciuti su Stranger Cam gratuitamente! Accendi la tua cam e trova nuovi amici e magari un partner!","robots":{"index":"index","follow":"follow","max-snippet":"max-snippet:-1","max-image-preview":"max-image-preview:large","max-video-preview":"max-video-preview:-1"},"canonical":"https:\/\/strangercam.com\/it\/chatrad\/","og_locale":"it_IT","og_type":"article","og_title":"Chatrad - Talk To Strangers - Cam on StrangerCam.com","og_description":"Like Chatrad? Come chat with more than 5.000.000 strangers on Stranger Cam for Free! Turn on your cam and find new friends & maby a match!","og_url":"https:\/\/strangercam.com\/it\/chatrad\/","og_site_name":"Strangercam","article_publisher":"https:\/\/www.facebook.com\/strangercam","article_modified_time":"2023-08-21T10:24:41+00:00","og_image":[{"width":800,"height":800,"url":"https:\/\/strangercam.com\/wp-content\/uploads\/2020\/11\/stranger-cam-1.png","type":"image\/png"}],"twitter_card":"summary_large_image","twitter_site":"@strangercamapp","twitter_misc":{"Tempo di lettura stimato":"2 minuti"},"schema":{"@context":"https:\/\/schema.org","@graph":[{"@type":"WebPage","@id":"https:\/\/strangercam.com\/chatrad\/","url":"https:\/\/strangercam.com\/chatrad\/","name":"Chatrad - Parla con gli sconosciuti - Cam su StrangerCam.com","isPartOf":{"@id":"https:\/\/strangercam.com\/#website"},"primaryImageOfPage":{"@id":"https:\/\/strangercam.com\/chatrad\/#primaryimage"},"image":{"@id":"https:\/\/strangercam.com\/chatrad\/#primaryimage"},"thumbnailUrl":"https:\/\/strangercam.com\/wp-content\/uploads\/2020\/11\/stranger-cam-1.png","datePublished":"2021-04-06T09:24:02+00:00","dateModified":"2023-08-21T10:24:41+00:00","description":"Come Chatrad? Vieni a chattare con pi\u00f9 di 5.000.000 di sconosciuti su Stranger Cam gratuitamente! Accendi la tua cam e trova nuovi amici e magari un partner!","breadcrumb":{"@id":"https:\/\/strangercam.com\/chatrad\/#breadcrumb"},"inLanguage":"it-IT","potentialAction":[{"@type":"ReadAction","target":["https:\/\/strangercam.com\/chatrad\/"]}]},{"@type":"ImageObject","inLanguage":"it-IT","@id":"https:\/\/strangercam.com\/chatrad\/#primaryimage","url":"https:\/\/strangercam.com\/wp-content\/uploads\/2020\/11\/stranger-cam-1.png","contentUrl":"https:\/\/strangercam.com\/wp-content\/uploads\/2020\/11\/stranger-cam-1.png","width":800,"height":800,"caption":"stranger cam random video chat"},{"@type":"BreadcrumbList","@id":"https:\/\/strangercam.com\/chatrad\/#breadcrumb","itemListElement":[{"@type":"ListItem","position":1,"name":"Home","item":"https:\/\/strangercam.com\/"},{"@type":"ListItem","position":2,"name":"Chatrad"}]},{"@type":"WebSite","@id":"https:\/\/strangercam.com\/#website","url":"https:\/\/strangercam.com\/","name":"Strangercam","description":"Videochat casuale con sconosciuti","publisher":{"@id":"https:\/\/strangercam.com\/#organization"},"alternateName":"Strangercam.com","potentialAction":[{"@type":"SearchAction","target":{"@type":"EntryPoint","urlTemplate":"https:\/\/strangercam.com\/?s={search_term_string}"},"query-input":{"@type":"PropertyValueSpecification","valueRequired":true,"valueName":"search_term_string"}}],"inLanguage":"it-IT"},{"@type":"Organization","@id":"https:\/\/strangercam.com\/#organization","name":"Strangercam","alternateName":"Strangercam.com","url":"https:\/\/strangercam.com\/","logo":{"@type":"ImageObject","inLanguage":"it-IT","@id":"https:\/\/strangercam.com\/#\/schema\/logo\/image\/","url":"https:\/\/strangercam.com\/wp-content\/uploads\/2020\/11\/cropped-new-favicon-black.png","contentUrl":"https:\/\/strangercam.com\/wp-content\/uploads\/2020\/11\/cropped-new-favicon-black.png","width":512,"height":512,"caption":"Strangercam"},"image":{"@id":"https:\/\/strangercam.com\/#\/schema\/logo\/image\/"},"sameAs":["https:\/\/www.facebook.com\/strangercam","https:\/\/x.com\/strangercamapp"]}]}},"_links":{"self":[{"href":"https:\/\/strangercam.com\/it\/wp-json\/wp\/v2\/pages\/1327","targetHints":{"allow":["GET"]}}],"collection":[{"href":"https:\/\/strangercam.com\/it\/wp-json\/wp\/v2\/pages"}],"about":[{"href":"https:\/\/strangercam.com\/it\/wp-json\/wp\/v2\/types\/page"}],"author":[{"embeddable":true,"href":"https:\/\/strangercam.com\/it\/wp-json\/wp\/v2\/users\/6"}],"replies":[{"embeddable":true,"href":"https:\/\/strangercam.com\/it\/wp-json\/wp\/v2\/comments?post=1327"}],"version-history":[{"count":0,"href":"https:\/\/strangercam.com\/it\/wp-json\/wp\/v2\/pages\/1327\/revisions"}],"wp:featuredmedia":[{"embeddable":true,"href":"https:\/\/strangercam.com\/it\/wp-json\/wp\/v2\/media\/559"}],"wp:attachment":[{"href":"https:\/\/strangercam.com\/it\/wp-json\/wp\/v2\/media?parent=1327"}],"curies":[{"name":"wp","href":"https:\/\/api.w.org\/{rel}","templated":true}]}}