{"id":12903,"date":"2025-07-14T13:33:31","date_gmt":"2025-07-14T11:33:31","guid":{"rendered":"https:\/\/strangercam.com\/?page_id=12903"},"modified":"2025-07-14T13:33:31","modified_gmt":"2025-07-14T11:33:31","slug":"chaty","status":"publish","type":"page","link":"https:\/\/strangercam.com\/it\/chaty\/","title":{"rendered":"Chaty"},"content":{"rendered":"<p>La voglia di video spontanei, faccia a faccia, \u00e8 sempre pi\u00f9 forte. <a href=\"https:\/\/strangercam.com\/it\/chathub\/\">chat<\/a> continua a crescere, una nuova generazione di piattaforme \u00e8 emersa per colmare il vuoto lasciato da <a href=\"https:\/\/strangercam.com\/it\/omegle\/\">Omegle<\/a> e <a href=\"https:\/\/strangercam.com\/it\/chatroulette\/\">Chatroulette<\/a>. Chaty \u00e8 uno di questi, progettato per gli utenti che desiderano chat video istantanee e anonime senza la necessit\u00e0 di iscriversi, creare profili o scaricare applicazioni.<\/p>\n<p>Con la promessa di \"incontrare sconosciuti da tutto il mondo in pochi secondi\", Chaty si posiziona come un'alternativa moderna e facile da usare al classico formato di chat casuale. Ma come si pone rispetto alla concorrenza nel 2025? \u00c8 sicura, facile da usare e vale il vostro tempo?<\/p>\n<p>In questa recensione completa, esploreremo esattamente cos'\u00e8 Chaty, come funziona, quali funzioni offre, chi lo usa e come si confronta con gli altri migliori siti di video chat.<\/p>\n<h2>Che cos'\u00e8 Chaty?<\/h2>\n<p>Chaty \u00e8 un sito web gratuito di video chat casuale basato su browser che mette in contatto utenti di tutto il mondo per conversazioni in tempo reale, uno contro uno. L'esperienza \u00e8 semplice e anonima: basta cliccare per iniziare, attivare la fotocamera e il microfono e si viene immediatamente abbinati a uno sconosciuto.<\/p>\n<p>Non \u00e8 necessario creare un account, fornire un'e-mail o scaricare un'applicazione. Chaty si concentra sull'essenziale: accesso veloce, qualit\u00e0 video fluida e un'interfaccia semplice che consente di chattare in pochi secondi.<\/p>\n<p>Il sito si rivolge a chiunque sia alla ricerca di:<\/p>\n<ul>\n<li>Interazione casuale e in tempo reale<\/li>\n<li>Chat video flirtanti o amichevoli con sconosciuti<\/li>\n<li>Pratica linguistica o scambio culturale<\/li>\n<li>Un modo per passare il tempo o <a href=\"https:\/\/strangercam.com\/it\/coomeet\/\">incontrarsi<\/a> nuove persone in modo anonimo<\/li>\n<\/ul>\n<h2>Qual \u00e8 lo scopo di Chaty?<\/h2>\n<p>L'obiettivo principale di Chaty \u00e8 quello di riportare in vita la classica esperienza di chat casuale, ma con una tecnologia migliore e un'interfaccia pi\u00f9 sicura e facile da usare. In un'epoca di app di incontri altamente curate, feed sociali e piattaforme di streaming, Chaty si distingue perch\u00e9 si concentra sulla connessione umana pura e non filtrata, senza bisogno di biografie, swipes o integrazioni con i social media.<\/p>\n<p>\u00c8 costruito per:<\/p>\n<ul>\n<li>Utenti stanchi di scorrere all'infinito e di fare matching sulle app di incontri<\/li>\n<li>Chiunque cerchi un modo immediato e senza pressioni per conoscere nuove persone<\/li>\n<li>Persone che apprezzano la privacy e l'anonimato nelle chat online<\/li>\n<li>Utenti globali alla ricerca di un'alternativa moderna all'Omegle o all'Chatroulette<\/li>\n<\/ul>\n<h2>Caratteristiche principali<\/h2>\n<p>1. Chat video casuale uno-a-uno<br \/>\nLa caratteristica principale di Chaty \u00e8 la connessione video istantanea e anonima. Si viene abbinati a caso a un altro utente online per una conversazione privata faccia a faccia. Se la chat non \u00e8 di vostro gradimento, basta fare clic su \"Avanti\" per passare ad altro.<\/p>\n<p>2. Nessuna registrazione o download di app<br \/>\nL'intera esperienza avviene nel browser web. Non \u00e8 necessario iscriversi, creare un profilo o installare alcun software. In questo modo i vostri dati personali rimangono riservati e il processo di adesione \u00e8 il pi\u00f9 rapido possibile.<\/p>\n<p>3. Corrispondenza e salto veloci<br \/>\nIl backend di Chaty \u00e8 costruito per essere veloce. I nuovi incontri si caricano rapidamente e la transizione tra le chat \u00e8 fluida, anche sui browser mobili.<\/p>\n<p>4. Opzione di chat di testo<br \/>\nPer coloro che preferiscono scrivere, hanno una larghezza di banda limitata o sono restii alle telecamere, Chaty offre anche una modalit\u00e0 di chat solo testo. \u00c8 possibile cambiare modalit\u00e0 in qualsiasi momento.<\/p>\n<p>5. Design compatibile con i dispositivi mobili<br \/>\nChaty funziona perfettamente sia su browser desktop che mobile. L'interfaccia \u00e8 reattiva e ottimizzata per il touch, garantendo un funzionamento fluido sia su laptop, tablet o smartphone.<\/p>\n<p>6. Controlli semplici<br \/>\nAmpie finestre video, chiari pulsanti \"Avanti\" e \"Segnala\" e un layout intuitivo rendono l'esperienza dell'utente priva di attriti. \u00c8 possibile disattivare il microfono, saltare un utente o segnalare un comportamento inappropriato con un solo tocco.<\/p>\n<p>7. Strumenti di segnalazione e moderazione<br \/>\nLa sicurezza degli utenti \u00e8 supportata dalla segnalazione in chat. Gli utenti offensivi o inappropriati possono essere segnalati per la revisione e Chaty utilizza una combinazione di moderazione umana e intelligenza artificiale di base per contribuire a mantenere un ambiente sicuro.<\/p>\n<h2>Chaty \u00e8 gratuito?<\/h2>\n<p>S\u00ec, Chaty \u00e8 completamente gratuito. Non ci sono:<\/p>\n<ul>\n<li>Pareti a pagamento<\/li>\n<li>Abbonamenti<\/li>\n<li>Acquisti in-app<\/li>\n<li>Sistemi a crediti o a gettoni<\/li>\n<\/ul>\n<p>Tutti gli utenti hanno uguale accesso a tutte le funzionalit\u00e0 della piattaforma. Chaty pu\u00f2 visualizzare annunci pubblicitari leggeri per coprire i costi operativi, ma questi non interferiscono con l'esperienza della chat n\u00e9 richiedono interazione.<\/p>\n<h2>Chi usa Chaty?<\/h2>\n<p>Chaty attira un'ampia base di utenti internazionali. La maggior parte degli utenti rientra nella fascia d'et\u00e0 tra i 18 e i 35 anni e il rapporto tra i sessi \u00e8 simile a quello di altri siti di chat casuali (pi\u00f9 uomini, ma utenti femminili attivi soprattutto nelle ore di punta).<\/p>\n<p>I profili utente pi\u00f9 comuni includono:<\/p>\n<ul>\n<li>Studenti universitari e giovani professionisti<\/li>\n<li>Viaggiatori e nomadi digitali<\/li>\n<li>Studenti di lingue alla ricerca di veri partner di conversazione<\/li>\n<li>Persone in cerca di divertimento, flirt, o interazione amichevole<\/li>\n<li>Chiunque abbia nostalgia delle connessioni grezze e spontanee dei classici Omegle<\/li>\n<\/ul>\n<p>Poich\u00e9 non c'\u00e8 registrazione, la base di utenti di Chaty \u00e8 fluida e in continua evoluzione. Potrete incontrare utenti dagli Stati Uniti, dal Regno Unito, dall'India, dalla Germania, dal Brasile e da altri paesi, diventando cos\u00ec una comunit\u00e0 davvero globale.<\/p>\n<h2>Sicurezza, privacy e moderazione<\/h2>\n<p>Sebbene Chaty enfatizzi la privacy e l'anonimato, implementa anche misure per proteggere gli utenti:<\/p>\n<h3>La privacy<\/h3>\n<ul>\n<li>Non \u00e8 richiesta alcuna iscrizione, e-mail o dati personali<\/li>\n<li>Le chat non vengono registrate o salvate<\/li>\n<li>Siete identificati solo dalla vostra webcam\/microfono (nessun nome utente o foto profilo)<\/li>\n<li>Gli indirizzi IP non sono esposti ad altri utenti<\/li>\n<\/ul>\n<h3>Moderazione<\/h3>\n<ul>\n<li>Segnalazione in chat: Segnalazione rapida di qualsiasi utente offensivo o inappropriato<\/li>\n<li>Moderazione AI di base: Rilevamento automatico di nudit\u00e0 o contenuti espliciti, anche se non infallibile.<\/li>\n<li>Revisione manuale: Le segnalazioni vengono esaminate da moderatori umani e i recidivi vengono bannati.<\/li>\n<\/ul>\n<h3>Limitazioni<\/h3>\n<p>Come tutte le piattaforme di chat anonime, Chaty non \u00e8 immune dai malintenzionati. Gli utenti dovrebbero:<\/p>\n<ul>\n<li>Non condividere mai informazioni personali (nome reale, dettagli di contatto, social media).<\/li>\n<li>Utilizzate le funzioni \"Report\" e \"Next\" ogni volta che \u00e8 scomodo.<\/li>\n<li>Siate consapevoli che alcune chat possono terminare bruscamente o presentare comportamenti inappropriati.<\/li>\n<\/ul>\n<h2>Esperienza utente e design<\/h2>\n<p>Il design di Chaty \u00e8 incentrato su chiarezza, velocit\u00e0 e facilit\u00e0 d'uso. La homepage \u00e8 minimale, di solito con un pulsante \"Inizia\" ben visibile e informazioni chiare sulla privacy e sulle regole. In due clic ci si trova faccia a faccia con uno sconosciuto.<\/p>\n<h3>Punti salienti:<\/h3>\n<ul>\n<li>Caricamento rapido e corrispondenza quasi istantanea<\/li>\n<li>Video di grandi dimensioni e di alta qualit\u00e0<\/li>\n<li>Layout pulito senza pop-up o distrazioni<\/li>\n<li>Semplici controlli per il silenziamento, il salto e la segnalazione<\/li>\n<li>Prestazioni costanti su browser desktop e mobile<\/li>\n<\/ul>\n<p>Rispetto ad altri siti di chat casuali, Chaty \u00e8 pi\u00f9 moderno e stabile, soprattutto sugli smartphone.<\/p>\n<h2>Chaty vs altre piattaforme di video chat<\/h2>\n<p>Come si colloca Chaty rispetto alle altre principali piattaforme di video chat casuali nel 2025?<\/p>\n<table>\n<thead>\n<tr>\n<th>Caratteristica<\/th>\n<th>Chaty<\/th>\n<th>Ohmegle<\/th>\n<th>Chatroulette<\/th>\n<th>Chatrandom<\/th>\n<th><a href=\"https:\/\/strangercam.com\/it\/ometv\/\">OmeTV<\/a><\/th>\n<\/tr>\n<\/thead>\n<tbody>\n<tr>\n<td>Random Video Chat con Sconosciuti<\/td>\n<td>S\u00ec<\/td>\n<td>S\u00ec<\/td>\n<td>S\u00ec<\/td>\n<td>S\u00ec<\/td>\n<td>S\u00ec<\/td>\n<\/tr>\n<tr>\n<td>Opzione chat di testo<\/td>\n<td>S\u00ec<\/td>\n<td>S\u00ec<\/td>\n<td>No<\/td>\n<td>S\u00ec<\/td>\n<td>S\u00ec<\/td>\n<\/tr>\n<tr>\n<td>Registrazione necessaria<\/td>\n<td>No<\/td>\n<td>No<\/td>\n<td>No<\/td>\n<td>Opzionale<\/td>\n<td>No<\/td>\n<\/tr>\n<tr>\n<td>Supporto mobile<\/td>\n<td>Eccellente<\/td>\n<td>Eccellente<\/td>\n<td>Buono<\/td>\n<td>Buono<\/td>\n<td>Buono<\/td>\n<\/tr>\n<tr>\n<td>Filtro Genere\/Paese<\/td>\n<td>No<\/td>\n<td>No<\/td>\n<td>Pagato<\/td>\n<td>Pagato<\/td>\n<td>Pagato<\/td>\n<\/tr>\n<tr>\n<td>Strumenti di moderazione<\/td>\n<td>Moderato<\/td>\n<td>Moderato<\/td>\n<td>Debole<\/td>\n<td>Moderato<\/td>\n<td>Forte<\/td>\n<\/tr>\n<tr>\n<td>Utilizzo gratuito<\/td>\n<td>S\u00ec<\/td>\n<td>S\u00ec<\/td>\n<td>S\u00ec<\/td>\n<td>S\u00ec\/Pagato<\/td>\n<td>S\u00ec<\/td>\n<\/tr>\n<\/tbody>\n<\/table>\n<p>Sintesi: Chaty si avvicina per spirito e semplicit\u00e0 a Ohmegle, ma con un'interfaccia pi\u00f9 moderna e un miglior supporto per i browser mobili. \u00c8 ideale per gli utenti che desiderano una chat pura e non filtrata, senza filtri, profili o offerte.<\/p>\n<h2>Pro e contro<\/h2>\n<p>Pro:<\/p>\n<ul>\n<li>100% libero e anonimo<\/li>\n<li>Non \u00e8 richiesta alcuna registrazione o download<\/li>\n<li>Abbinamenti e salti facili e veloci<\/li>\n<li>Modalit\u00e0 di chat video e testo<\/li>\n<li>Forte compatibilit\u00e0 con i dispositivi mobili<\/li>\n<li>Interfaccia utente pulita e intuitiva<\/li>\n<\/ul>\n<p>Contro:<\/p>\n<ul>\n<li>Nessun filtro di genere o regione<\/li>\n<li>Contenuti occasionalmente inappropriati (nonostante la moderazione)<\/li>\n<li>Non ci sono profili, cronologia degli utenti o funzioni di follow-up.<\/li>\n<li>Utenti pi\u00f9 maschi che femmine<\/li>\n<li>Le chat sono effimere: non c'\u00e8 modo di riconnettersi.<\/li>\n<\/ul>\n<h2>Casi d'uso ideali<\/h2>\n<p>Chaty \u00e8 perfetto per:<\/p>\n<ul>\n<li>Chiunque abbia nostalgia dell'Omegle e voglia vivere un'esperienza simile<\/li>\n<li>Persone in cerca di nuovi amici o di interazioni spontanee in tempo reale<\/li>\n<li>Studenti di lingue che si esercitano nelle abilit\u00e0 di conversazione<\/li>\n<li>Chi apprezza la privacy e l'anonimato online<\/li>\n<li>Utenti che vogliono passare il tempo o incontrare qualcuno al di fuori della loro cerchia sociale<\/li>\n<\/ul>\n<p>\u00c8 meno adatto per:<\/p>\n<ul>\n<li>Utenti di et\u00e0 inferiore ai 18 anni (la piattaforma \u00e8 riservata agli adulti)<\/li>\n<li>Chi \u00e8 alla ricerca di filtri per incontri\/matching o esperienze curate<\/li>\n<li>Persone a disagio con incontri imprevedibili o crudi in chat<\/li>\n<\/ul>\n<h2>Verdetto finale<\/h2>\n<p>Chaty \u00e8 una piattaforma di video chat casuale di spicco nel 2025, che offre esattamente ci\u00f2 che gli utenti amavano delle classiche Omegle e Chatroulette: una connessione umana veloce, gratuita e anonima, senza barriere o distrazioni. L'interfaccia pulita, le prestazioni affidabili e l'attenzione alla privacy ne fanno una delle migliori opzioni per le conversazioni faccia a faccia spontanee online.<\/p>\n<p>Anche se la moderazione e il filtraggio potrebbero essere migliorati, i punti di forza della piattaforma risiedono nella sua semplicit\u00e0 e facilit\u00e0 d'uso. Se siete alla ricerca di una chat genuina e non scritta con persone sconosciute di tutto il mondo - per divertimento, per imparare o semplicemente per sfuggire alla noia - vale assolutamente la pena di provare Katy.<\/p>","protected":false},"excerpt":{"rendered":"<p>As the appetite for spontaneous, face-to-face video chat continues to grow, a new generation of platforms has emerged to fill the gap left by Omegle and Chatroulette. Chaty is one such contender, designed for users who crave instant, anonymous video chats without the hassle of sign-up, profile-building, or downloading apps. With a promise of \u201cmeeting [&hellip;]<\/p>\n","protected":false},"author":6,"featured_media":0,"parent":0,"menu_order":0,"comment_status":"closed","ping_status":"closed","template":"","meta":{"footnotes":""},"class_list":["post-12903","page","type-page","status-publish","hentry"],"yoast_head":"<!-- This site is optimized with the Yoast SEO plugin v27.4 - https:\/\/yoast.com\/product\/yoast-seo-wordpress\/ -->\n<title>Chaty - Chat with People Nearby on StrangerCam.com<\/title>\n<meta name=\"description\" content=\"Like Chaty? Come chat with more than 5.000.000 strangers on Stranger Cam for Free! Turn on your cam and find new friends &amp; maby a match!\" \/>\n<meta name=\"robots\" content=\"index, follow, max-snippet:-1, max-image-preview:large, max-video-preview:-1\" \/>\n<link rel=\"canonical\" href=\"https:\/\/strangercam.com\/it\/chaty\/\" \/>\n<meta property=\"og:locale\" content=\"it_IT\" \/>\n<meta property=\"og:type\" content=\"article\" \/>\n<meta property=\"og:title\" content=\"Chaty - Chat with People Nearby on StrangerCam.com\" \/>\n<meta property=\"og:description\" content=\"Like Chaty? Come chat with more than 5.000.000 strangers on Stranger Cam for Free! Turn on your cam and find new friends &amp; maby a match!\" \/>\n<meta property=\"og:url\" content=\"https:\/\/strangercam.com\/it\/chaty\/\" \/>\n<meta property=\"og:site_name\" content=\"Strangercam\" \/>\n<meta property=\"article:publisher\" content=\"https:\/\/www.facebook.com\/strangercam\" \/>\n<meta property=\"og:image\" content=\"https:\/\/strangercam.com\/wp-content\/uploads\/2021\/10\/Untitled-2.png\" \/>\n\t<meta property=\"og:image:width\" content=\"800\" \/>\n\t<meta property=\"og:image:height\" content=\"532\" \/>\n\t<meta property=\"og:image:type\" content=\"image\/png\" \/>\n<meta name=\"twitter:card\" content=\"summary_large_image\" \/>\n<meta name=\"twitter:site\" content=\"@strangercamapp\" \/>\n<meta name=\"twitter:label1\" content=\"Tempo di lettura stimato\" \/>\n\t<meta name=\"twitter:data1\" content=\"6 minuti\" \/>\n<script type=\"application\/ld+json\" class=\"yoast-schema-graph\">{\"@context\":\"https:\\\/\\\/schema.org\",\"@graph\":[{\"@type\":\"WebPage\",\"@id\":\"https:\\\/\\\/strangercam.com\\\/chaty\\\/\",\"url\":\"https:\\\/\\\/strangercam.com\\\/chaty\\\/\",\"name\":\"Chaty - Chat with People Nearby on StrangerCam.com\",\"isPartOf\":{\"@id\":\"https:\\\/\\\/strangercam.com\\\/#website\"},\"datePublished\":\"2025-07-14T11:33:31+00:00\",\"description\":\"Like Chaty? Come chat with more than 5.000.000 strangers on Stranger Cam for Free! Turn on your cam and find new friends & maby a match!\",\"breadcrumb\":{\"@id\":\"https:\\\/\\\/strangercam.com\\\/chaty\\\/#breadcrumb\"},\"inLanguage\":\"it-IT\",\"potentialAction\":[{\"@type\":\"ReadAction\",\"target\":[\"https:\\\/\\\/strangercam.com\\\/chaty\\\/\"]}]},{\"@type\":\"BreadcrumbList\",\"@id\":\"https:\\\/\\\/strangercam.com\\\/chaty\\\/#breadcrumb\",\"itemListElement\":[{\"@type\":\"ListItem\",\"position\":1,\"name\":\"Home\",\"item\":\"https:\\\/\\\/strangercam.com\\\/\"},{\"@type\":\"ListItem\",\"position\":2,\"name\":\"Chaty\"}]},{\"@type\":\"WebSite\",\"@id\":\"https:\\\/\\\/strangercam.com\\\/#website\",\"url\":\"https:\\\/\\\/strangercam.com\\\/\",\"name\":\"Strangercam\",\"description\":\"Random Video Chat with Strangers\",\"publisher\":{\"@id\":\"https:\\\/\\\/strangercam.com\\\/#organization\"},\"alternateName\":\"Strangercam.com\",\"potentialAction\":[{\"@type\":\"SearchAction\",\"target\":{\"@type\":\"EntryPoint\",\"urlTemplate\":\"https:\\\/\\\/strangercam.com\\\/?s={search_term_string}\"},\"query-input\":{\"@type\":\"PropertyValueSpecification\",\"valueRequired\":true,\"valueName\":\"search_term_string\"}}],\"inLanguage\":\"it-IT\"},{\"@type\":\"Organization\",\"@id\":\"https:\\\/\\\/strangercam.com\\\/#organization\",\"name\":\"Strangercam\",\"alternateName\":\"Strangercam.com\",\"url\":\"https:\\\/\\\/strangercam.com\\\/\",\"logo\":{\"@type\":\"ImageObject\",\"inLanguage\":\"it-IT\",\"@id\":\"https:\\\/\\\/strangercam.com\\\/#\\\/schema\\\/logo\\\/image\\\/\",\"url\":\"https:\\\/\\\/strangercam.com\\\/wp-content\\\/uploads\\\/2020\\\/11\\\/cropped-new-favicon-black.png\",\"contentUrl\":\"https:\\\/\\\/strangercam.com\\\/wp-content\\\/uploads\\\/2020\\\/11\\\/cropped-new-favicon-black.png\",\"width\":512,\"height\":512,\"caption\":\"Strangercam\"},\"image\":{\"@id\":\"https:\\\/\\\/strangercam.com\\\/#\\\/schema\\\/logo\\\/image\\\/\"},\"sameAs\":[\"https:\\\/\\\/www.facebook.com\\\/strangercam\",\"https:\\\/\\\/x.com\\\/strangercamapp\"]}]}<\/script>\n<!-- \/ Yoast SEO plugin. -->","yoast_head_json":{"title":"Chaty - Chatta con le persone vicine su StrangerCam.com","description":"Ti piace Chaty? Vieni a chattare con pi\u00f9 di 5.000.000 di sconosciuti su Stranger Cam gratuitamente! Accendi la tua cam e trova nuovi amici e magari un partner!","robots":{"index":"index","follow":"follow","max-snippet":"max-snippet:-1","max-image-preview":"max-image-preview:large","max-video-preview":"max-video-preview:-1"},"canonical":"https:\/\/strangercam.com\/it\/chaty\/","og_locale":"it_IT","og_type":"article","og_title":"Chaty - Chat with People Nearby on StrangerCam.com","og_description":"Like Chaty? Come chat with more than 5.000.000 strangers on Stranger Cam for Free! Turn on your cam and find new friends & maby a match!","og_url":"https:\/\/strangercam.com\/it\/chaty\/","og_site_name":"Strangercam","article_publisher":"https:\/\/www.facebook.com\/strangercam","og_image":[{"width":800,"height":532,"url":"https:\/\/strangercam.com\/wp-content\/uploads\/2021\/10\/Untitled-2.png","type":"image\/png"}],"twitter_card":"summary_large_image","twitter_site":"@strangercamapp","twitter_misc":{"Tempo di lettura stimato":"6 minuti"},"schema":{"@context":"https:\/\/schema.org","@graph":[{"@type":"WebPage","@id":"https:\/\/strangercam.com\/chaty\/","url":"https:\/\/strangercam.com\/chaty\/","name":"Chaty - Chatta con le persone vicine su StrangerCam.com","isPartOf":{"@id":"https:\/\/strangercam.com\/#website"},"datePublished":"2025-07-14T11:33:31+00:00","description":"Ti piace Chaty? Vieni a chattare con pi\u00f9 di 5.000.000 di sconosciuti su Stranger Cam gratuitamente! Accendi la tua cam e trova nuovi amici e magari un partner!","breadcrumb":{"@id":"https:\/\/strangercam.com\/chaty\/#breadcrumb"},"inLanguage":"it-IT","potentialAction":[{"@type":"ReadAction","target":["https:\/\/strangercam.com\/chaty\/"]}]},{"@type":"BreadcrumbList","@id":"https:\/\/strangercam.com\/chaty\/#breadcrumb","itemListElement":[{"@type":"ListItem","position":1,"name":"Home","item":"https:\/\/strangercam.com\/"},{"@type":"ListItem","position":2,"name":"Chaty"}]},{"@type":"WebSite","@id":"https:\/\/strangercam.com\/#website","url":"https:\/\/strangercam.com\/","name":"Strangercam","description":"Videochat casuale con sconosciuti","publisher":{"@id":"https:\/\/strangercam.com\/#organization"},"alternateName":"Strangercam.com","potentialAction":[{"@type":"SearchAction","target":{"@type":"EntryPoint","urlTemplate":"https:\/\/strangercam.com\/?s={search_term_string}"},"query-input":{"@type":"PropertyValueSpecification","valueRequired":true,"valueName":"search_term_string"}}],"inLanguage":"it-IT"},{"@type":"Organization","@id":"https:\/\/strangercam.com\/#organization","name":"Strangercam","alternateName":"Strangercam.com","url":"https:\/\/strangercam.com\/","logo":{"@type":"ImageObject","inLanguage":"it-IT","@id":"https:\/\/strangercam.com\/#\/schema\/logo\/image\/","url":"https:\/\/strangercam.com\/wp-content\/uploads\/2020\/11\/cropped-new-favicon-black.png","contentUrl":"https:\/\/strangercam.com\/wp-content\/uploads\/2020\/11\/cropped-new-favicon-black.png","width":512,"height":512,"caption":"Strangercam"},"image":{"@id":"https:\/\/strangercam.com\/#\/schema\/logo\/image\/"},"sameAs":["https:\/\/www.facebook.com\/strangercam","https:\/\/x.com\/strangercamapp"]}]}},"_links":{"self":[{"href":"https:\/\/strangercam.com\/it\/wp-json\/wp\/v2\/pages\/12903","targetHints":{"allow":["GET"]}}],"collection":[{"href":"https:\/\/strangercam.com\/it\/wp-json\/wp\/v2\/pages"}],"about":[{"href":"https:\/\/strangercam.com\/it\/wp-json\/wp\/v2\/types\/page"}],"author":[{"embeddable":true,"href":"https:\/\/strangercam.com\/it\/wp-json\/wp\/v2\/users\/6"}],"replies":[{"embeddable":true,"href":"https:\/\/strangercam.com\/it\/wp-json\/wp\/v2\/comments?post=12903"}],"version-history":[{"count":1,"href":"https:\/\/strangercam.com\/it\/wp-json\/wp\/v2\/pages\/12903\/revisions"}],"predecessor-version":[{"id":12904,"href":"https:\/\/strangercam.com\/it\/wp-json\/wp\/v2\/pages\/12903\/revisions\/12904"}],"wp:attachment":[{"href":"https:\/\/strangercam.com\/it\/wp-json\/wp\/v2\/media?parent=12903"}],"curies":[{"name":"wp","href":"https:\/\/api.w.org\/{rel}","templated":true}]}}