{"id":12887,"date":"2025-06-16T14:52:18","date_gmt":"2025-06-16T12:52:18","guid":{"rendered":"https:\/\/strangercam.com\/?page_id=12887"},"modified":"2025-06-16T14:52:18","modified_gmt":"2025-06-16T12:52:18","slug":"saltellante","status":"publish","type":"page","link":"https:\/\/strangercam.com\/it\/hoppy\/","title":{"rendered":"Hoppy"},"content":{"rendered":"<p>In un mondo di stanchezza da swiping e di scorrimento infinito dei profili di appuntamenti, Hoppy porta in tavola qualcosa di diverso: video in tempo reale. <a href=\"https:\/\/strangercam.com\/it\/chathub\/\">chat<\/a> come primo passo per incontrare qualcuno di nuovo. Mescolando il divertimento delle chat cam-to-cam casuali con l'intenzione di fare incontri, Hoppy si posiziona a met\u00e0 strada tra un'app di incontri e un'esperienza di video matchmaking.<\/p>\n<p>Se siete stanchi delle chat di solo testo che si esauriscono prima del primo appuntamento o delle app di incontri in cui le persone rispondono raramente, Hoppy offre un modo veloce, interattivo e umano per creare connessioni autentiche.<\/p>\n<p>In questa recensione analizzeremo esattamente come funziona Hoppy, per chi \u00e8 pi\u00f9 adatto, quali funzioni include, come si posiziona rispetto ad altre piattaforme e se vale la pena dedicargli del tempo nel 2025.<\/p>\n<h2>Che cos'\u00e8 Hoppy?<\/h2>\n<p>Hoppy \u00e8 una piattaforma di incontri tramite chat video in cui gli utenti incontrano altri utenti tramite videochiamate one-to-one e randomizzate. A differenza delle app di incontri tradizionali, in cui si scorrono i profili e si attende l'incontro, Hoppy vi coinvolge in un'interazione dal vivo fin dall'inizio. Si vede e si parla con l'interlocutore in tempo reale, decidendo immediatamente se c'\u00e8 chimica o se si va avanti.<\/p>\n<p>L'idea \u00e8 semplice: brevi chat video faccia a faccia che agiscono come \"primi appuntamenti\" virtuali, aiutandovi a saltare gli infiniti messaggi di testo e a capire se c'\u00e8 un vero legame fin dall'inizio.<\/p>\n<p>Spesso viene descritto come:<\/p>\n<ul>\n<li>Un sito di incontri con video<\/li>\n<li>Una piattaforma di speed dating per l'era digitale<\/li>\n<li>Un ibrido tra <a href=\"https:\/\/strangercam.com\/it\/chatroulette\/\">Chatroulette<\/a> e Tinder<\/li>\n<\/ul>\n<h2>Qual \u00e8 lo scopo di Hoppy?<\/h2>\n<p>La missione di Hoppy \u00e8 aiutare le persone a creare connessioni reali e romantiche attraverso i video in diretta. La piattaforma \u00e8 pensata per:<\/p>\n<ul>\n<li>Single alla ricerca di una prima impressione pi\u00f9 autentica<\/li>\n<li>Persone stanche di ghosting e profili falsi<\/li>\n<li>Utenti che preferiscono la chimica visiva e le interazioni dal vivo rispetto al testo<\/li>\n<\/ul>\n<p>Mentre la maggior parte delle app di incontri si basa su biografie curate e foto filtrate, Hoppy passa direttamente alla realt\u00e0: due estranei faccia a faccia via webcam, che decidono se proseguire la conversazione o andare avanti.<\/p>\n<p>La piattaforma \u00e8 abbastanza informale da permettere di flirtare e divertirsi, ma abbastanza strutturata da attirare persone realmente interessate agli incontri, non solo a chattare senza scopo.<\/p>\n<h2>Caratteristiche principali<\/h2>\n<p>1. Abbinamento casuale di video uno a uno<br \/>\nLa caratteristica principale di Hoppy sono le chat video dal vivo, uno contro uno, con utenti abbinati in modo casuale. Ogni conversazione \u00e8 a tempo, di solito dura un minuto o due, dopodich\u00e9 entrambi gli utenti possono scegliere se approfondire la connessione o passare oltre.<\/p>\n<p>2. Sistema di abbinamento a doppio Opt-In<br \/>\nDopo una chat video, entrambi gli utenti possono mettere \"mi piace\" all'interazione. Se entrambe le persone vogliono parlare di nuovo, viene creato un match e si pu\u00f2 continuare a chattare via testo o video nell'app.<\/p>\n<p>3. Accodamento e ricollegamento<br \/>\nHoppy include una cronologia degli incontri e un elenco delle chat recenti, che consentono di rivedere le conversazioni o di riconnettersi con qualcuno con cui si \u00e8 parlato volentieri.<\/p>\n<p>4. Filtri per genere e interessi <em>(Funzione Premium)<\/em><br \/>\nSebbene l'esperienza di base sia casuale, Hoppy offre dei filtri che consentono di abbinare persone di sesso o regione specifici. In questo modo si aumenta la possibilit\u00e0 di trovare un incontro che corrisponda alle proprie preferenze.<\/p>\n<p>5. Personalizzazione del profilo<br \/>\nOgni utente pu\u00f2 costruire un profilo luminoso con:<\/p>\n<ul>\n<li>Immagine del profilo<\/li>\n<li>Biografia di base<\/li>\n<li>Posizione<\/li>\n<li>Preferenze di genere e di appuntamenti<\/li>\n<\/ul>\n<p>Tuttavia, questi profili vengono rivelati solo dopo un incontro, mantenendo la video chat iniziale anonima e concentrata sulla chimica naturale.<\/p>\n<p>6. Strumenti anti-hosting<br \/>\nHoppy utilizza stimoli di conversazione e suggerimenti per gli incontri per incoraggiare le chat successive, riducendo al minimo l'effetto \"citt\u00e0 fantasma\" che affligge molte app di incontri.<\/p>\n<p>7. Standard di sicurezza della comunit\u00e0<br \/>\nGli utenti possono segnalare comportamenti inappropriati in tempo reale. Le violazioni ripetute comportano il divieto di accesso o la limitazione dell'accesso e c'\u00e8 un team di moderazione che esamina le segnalazioni.<\/p>\n<h2>Hoppy \u00e8 gratuito?<\/h2>\n<p>Hoppy si pu\u00f2 provare gratuitamente e tutte le funzioni essenziali di video chat sono disponibili senza alcun costo. Tuttavia, funziona secondo un modello freemium che sblocca le funzioni premium a fronte di un canone mensile.<\/p>\n<h3>Gli utenti liberi possono:<\/h3>\n<ul>\n<li>Entrate nelle chat video illimitate<\/li>\n<li>Abbinare e chattare con chiunque sia di loro gradimento<\/li>\n<li>Creare un profilo di base<\/li>\n<li>Ricollegarsi alle partite recenti<\/li>\n<\/ul>\n<h3>Gli utenti Premium ottengono:<\/h3>\n<ul>\n<li>Filtri per genere e regione<\/li>\n<li>Accesso a ulteriori informazioni sul profilo prima dell'abbinamento<\/li>\n<li>Re-matching illimitato e tempo di chat prolungato<\/li>\n<li>Aumento della visibilit\u00e0 e corrispondenza delle priorit\u00e0<\/li>\n<\/ul>\n<p>I prezzi variano a seconda della regione, ma i piani premium tipici vanno da $9,99 a $19,99\/mese a seconda della durata dell'abbonamento.<\/p>\n<h2>Per chi \u00e8 Hoppy?<\/h2>\n<p>Hoppy \u00e8 stato progettato specificamente per i single di et\u00e0 compresa tra i 18 e i 35 anni, ma anche gli utenti pi\u00f9 anziani sono i benvenuti. Si rivolge soprattutto a:<\/p>\n<ul>\n<li>Persone che desiderano seriamente avere un appuntamento, ma che sono frustrate dalle applicazioni tipiche<\/li>\n<li>Utenti che preferiscono la comunicazione video agli SMS<\/li>\n<li>Coloro che vogliono incontrare potenziali partner faccia a faccia, istantaneamente<\/li>\n<li>Chiunque cerchi un'interazione online pi\u00f9 umana e meno scriptata<\/li>\n<\/ul>\n<h3>Dati demografici comuni:<\/h3>\n<ul>\n<li>Equa ripartizione dei sessi (pi\u00f9 equilibrata rispetto a molti altri <a href=\"https:\/\/strangercam.com\/it\/bazoocam\/\">cam<\/a> piattaforme di chat)<\/li>\n<li>Utenti provenienti da Nord America, Europa, Sud-Est asiatico e Sud America.<\/li>\n<li>Individui in cerca di amore, di incontri occasionali o di conversazioni galanti<\/li>\n<\/ul>\n<p>A differenza delle piattaforme di chat puramente casuali come <a href=\"https:\/\/strangercam.com\/it\/omegle\/\">Omegle<\/a>, Hoppy filtra per le intenzioni: la maggior parte degli utenti \u00e8 l\u00ec per incontri o almeno per flirtare, non per chiacchiere casuali o per trollare.<\/p>\n<h2>Sicurezza, privacy e moderazione<\/h2>\n<p>Hoppy prende sul serio la sicurezza, bilanciando l'anonimato con la responsabilit\u00e0.<\/p>\n<p>Caratteristiche della privacy:<\/p>\n<ul>\n<li>Le chat sono criptate e non vengono registrate.<\/li>\n<li>Nessuna condivisione esterna di partite o dati<\/li>\n<li>Il vostro profilo \u00e8 visibile solo dopo una corrispondenza reciproca<\/li>\n<\/ul>\n<p>Strumenti di moderazione:<\/p>\n<ul>\n<li>Reporting in tempo reale<\/li>\n<li>Rilevamento di comportamenti inappropriati tramite l'IA e la revisione umana<\/li>\n<li>Divieto di accesso per gli utenti che violano gli standard della comunit\u00e0<\/li>\n<\/ul>\n<p>Controllo utente:<\/p>\n<ul>\n<li>Saltare o terminare una chat in qualsiasi momento<\/li>\n<li>Bloccare gli utenti dal re-matching<\/li>\n<li>Controllare chi vede il vostro profilo<\/li>\n<\/ul>\n<p>Come sempre, gli utenti non dovrebbero mai condividere informazioni personali, nemmeno in videochat, finch\u00e9 non si \u00e8 instaurata una fiducia.<\/p>\n<h2>Esperienza utente e design<\/h2>\n<p>Il design di Hoppy \u00e8 elegante, moderno e ottimizzato per l'uso da mobile, anche se gli utenti desktop sono supportati. Gli elementi chiave includono:<\/p>\n<ul>\n<li>Un'ampia finestra video in diretta durante le chat<\/li>\n<li>Distrazioni o sovrapposizioni minime<\/li>\n<li>Pulsanti di cancellazione per corrispondenza\/skip\/relazione<\/li>\n<li>Passaggio rapido da un utente all'altro<\/li>\n<\/ul>\n<p>Il formato della chat a tempo mantiene le cose eccitanti e poco stressanti. Ogni conversazione \u00e8 breve ma significativa e non si rimane mai bloccati in una sessione che non piace.<\/p>\n<h2>Hoppy vs altre piattaforme di video chat per incontri<\/h2>\n<p>Come si colloca Hoppy rispetto ad altre app simili nel settore degli incontri in cam?<\/p>\n<table>\n<thead>\n<tr>\n<th>Caratteristica<\/th>\n<th>Hoppy<\/th>\n<th>Scimmia<\/th>\n<th>Camgo<\/th>\n<th><a href=\"https:\/\/strangercam.com\/it\/coomeet\/\">CooMeet<\/a><\/th>\n<th>Azar<\/th>\n<\/tr>\n<\/thead>\n<tbody>\n<tr>\n<td>Video chat 1 a 1<\/td>\n<td>S\u00ec<\/td>\n<td>S\u00ec<\/td>\n<td>S\u00ec<\/td>\n<td>S\u00ec<\/td>\n<td>S\u00ec<\/td>\n<\/tr>\n<tr>\n<td>Focus sugli incontri<\/td>\n<td>Forte<\/td>\n<td>Debole<\/td>\n<td>Moderato<\/td>\n<td>Forte<\/td>\n<td>Debole<\/td>\n<\/tr>\n<tr>\n<td>Utilizzo gratuito<\/td>\n<td>S\u00ec<\/td>\n<td>S\u00ec<\/td>\n<td>S\u00ec<\/td>\n<td>Limitato<\/td>\n<td>S\u00ec<\/td>\n<\/tr>\n<tr>\n<td>Filtri di genere<\/td>\n<td>Pagato<\/td>\n<td>No<\/td>\n<td>Pagato<\/td>\n<td>Pagato<\/td>\n<td>Pagato<\/td>\n<\/tr>\n<tr>\n<td>Registrazione richiesta<\/td>\n<td>S\u00ec<\/td>\n<td>Opzionale<\/td>\n<td>No<\/td>\n<td>S\u00ec<\/td>\n<td>S\u00ec<\/td>\n<\/tr>\n<tr>\n<td>Corrispondenza in tempo reale<\/td>\n<td>S\u00ec<\/td>\n<td>S\u00ec<\/td>\n<td>S\u00ec<\/td>\n<td>S\u00ec<\/td>\n<td>S\u00ec<\/td>\n<\/tr>\n<tr>\n<td>Sicurezza della comunit\u00e0<\/td>\n<td>Moderato<\/td>\n<td>Debole<\/td>\n<td>Moderato<\/td>\n<td>Forte<\/td>\n<td>Moderato<\/td>\n<\/tr>\n<\/tbody>\n<\/table>\n<p>Sintesi: Hoppy offre un approccio pi\u00f9 deciso agli incontri rispetto alla maggior parte delle app di video casuali, senza ricorrere al paywall come CooMeet. Il programma mantiene un approccio spontaneo ma significativo, ideale per gli utenti che cercano connessioni reali tramite video.<\/p>\n<h2>Pro e contro<\/h2>\n<p>Pro:<\/p>\n<ul>\n<li>Interazione istantanea faccia a faccia<\/li>\n<li>Forte attenzione agli incontri, non solo chat occasionali<\/li>\n<li>Utilizzo gratuito con accesso generoso<\/li>\n<li>Esperienza ottimizzata per i dispositivi mobili<\/li>\n<li>Alta qualit\u00e0 delle corrispondenze grazie al doppio opt-in<\/li>\n<li>Filtri e strumenti di sicurezza disponibili<\/li>\n<\/ul>\n<p>Contro:<\/p>\n<ul>\n<li>Le funzioni premium possono essere costose<\/li>\n<li>Alcuni utenti possono ancora abusare del sistema<\/li>\n<li>Base di utenti limitata in alcuni fusi orari<\/li>\n<li>Per partecipare \u00e8 necessario essere pronti per la macchina fotografica<\/li>\n<\/ul>\n<h2>Casi d'uso ideali<\/h2>\n<p>Hoppy \u00e8 ideale per:<\/p>\n<ul>\n<li>Utenti di app di incontri che vogliono evitare di inviare messaggi di testo senza fine<\/li>\n<li>Single che preferiscono la chimica alle foto<\/li>\n<li>Estroversi che si sentono a proprio agio nelle conversazioni dal vivo<\/li>\n<li>Persone curiose di conoscere il moderno speed dating via video<\/li>\n<\/ul>\n<p>Non \u00e8 ideale per:<\/p>\n<ul>\n<li>Utenti che non amano essere ripresi<\/li>\n<li>Persone di et\u00e0 inferiore ai 18 anni (rigorosamente per adulti)<\/li>\n<li>Chi \u00e8 alla ricerca di un matchmaking dal ritmo lento o di profili di incontri tradizionali<\/li>\n<\/ul>\n<p>Hoppy apporta una ventata di freschezza alla scena degli incontri online, mettendo al centro l'interazione dal vivo, faccia a faccia. Invece di scorrere il mouse all'infinito o di mandare messaggi per giorni, gli utenti possono avere una prima impressione immediata e decidere in pochi secondi se c'\u00e8 del potenziale.<\/p>\n<p>\u00c8 veloce, divertente e sorprendentemente autentico. Che siate alla ricerca di un flirt occasionale, di un incontro serio o che vogliate semplicemente incontrare qualcuno di interessante stasera, Hoppy offre un modo semplice e accessibile per farlo: non sono necessari download o biografie imbarazzanti.<\/p>\n<p>Se siete pronti ad abbandonare la fatica delle app di incontri e a incontrare persone reali in tempo reale, Hoppy \u00e8 assolutamente da provare.<\/p>","protected":false},"excerpt":{"rendered":"<p>In a world of swiping fatigue and endless scrolling through dating profiles, Hoppy brings something different to the table: real-time video chat as the first step to meeting someone new. By blending the fun of random cam-to-cam chats with the intention of dating, Hoppy positions itself somewhere between a dating app and a video matchmaking [&hellip;]<\/p>\n","protected":false},"author":6,"featured_media":0,"parent":0,"menu_order":0,"comment_status":"closed","ping_status":"closed","template":"","meta":{"footnotes":""},"class_list":["post-12887","page","type-page","status-publish","hentry"],"yoast_head":"<!-- This site is optimized with the Yoast SEO plugin v27.4 - https:\/\/yoast.com\/product\/yoast-seo-wordpress\/ -->\n<title>Hoppy - It Takes One Video To Match on StrangerCam.com<\/title>\n<meta name=\"description\" content=\"Like Hoppy? Come chat with more than 5.000.000 strangers on Stranger Cam for Free! Turn on your cam and find new friends &amp; maby a match!\" \/>\n<meta name=\"robots\" content=\"index, follow, max-snippet:-1, max-image-preview:large, max-video-preview:-1\" \/>\n<link rel=\"canonical\" href=\"https:\/\/strangercam.com\/it\/saltellante\/\" \/>\n<meta property=\"og:locale\" content=\"it_IT\" \/>\n<meta property=\"og:type\" content=\"article\" \/>\n<meta property=\"og:title\" content=\"Hoppy - It Takes One Video To Match on StrangerCam.com\" \/>\n<meta property=\"og:description\" content=\"Like Hoppy? Come chat with more than 5.000.000 strangers on Stranger Cam for Free! Turn on your cam and find new friends &amp; maby a match!\" \/>\n<meta property=\"og:url\" content=\"https:\/\/strangercam.com\/it\/saltellante\/\" \/>\n<meta property=\"og:site_name\" content=\"Strangercam\" \/>\n<meta property=\"article:publisher\" content=\"https:\/\/www.facebook.com\/strangercam\" \/>\n<meta property=\"og:image\" content=\"https:\/\/strangercam.com\/wp-content\/uploads\/2021\/10\/Untitled-2.png\" \/>\n\t<meta property=\"og:image:width\" content=\"800\" \/>\n\t<meta property=\"og:image:height\" content=\"532\" \/>\n\t<meta property=\"og:image:type\" content=\"image\/png\" \/>\n<meta name=\"twitter:card\" content=\"summary_large_image\" \/>\n<meta name=\"twitter:site\" content=\"@strangercamapp\" \/>\n<meta name=\"twitter:label1\" content=\"Tempo di lettura stimato\" \/>\n\t<meta name=\"twitter:data1\" content=\"6 minuti\" \/>\n<script type=\"application\/ld+json\" class=\"yoast-schema-graph\">{\"@context\":\"https:\\\/\\\/schema.org\",\"@graph\":[{\"@type\":\"WebPage\",\"@id\":\"https:\\\/\\\/strangercam.com\\\/hoppy\\\/\",\"url\":\"https:\\\/\\\/strangercam.com\\\/hoppy\\\/\",\"name\":\"Hoppy - It Takes One Video To Match on StrangerCam.com\",\"isPartOf\":{\"@id\":\"https:\\\/\\\/strangercam.com\\\/#website\"},\"datePublished\":\"2025-06-16T12:52:18+00:00\",\"description\":\"Like Hoppy? Come chat with more than 5.000.000 strangers on Stranger Cam for Free! Turn on your cam and find new friends & maby a match!\",\"breadcrumb\":{\"@id\":\"https:\\\/\\\/strangercam.com\\\/hoppy\\\/#breadcrumb\"},\"inLanguage\":\"it-IT\",\"potentialAction\":[{\"@type\":\"ReadAction\",\"target\":[\"https:\\\/\\\/strangercam.com\\\/hoppy\\\/\"]}]},{\"@type\":\"BreadcrumbList\",\"@id\":\"https:\\\/\\\/strangercam.com\\\/hoppy\\\/#breadcrumb\",\"itemListElement\":[{\"@type\":\"ListItem\",\"position\":1,\"name\":\"Home\",\"item\":\"https:\\\/\\\/strangercam.com\\\/\"},{\"@type\":\"ListItem\",\"position\":2,\"name\":\"Hoppy\"}]},{\"@type\":\"WebSite\",\"@id\":\"https:\\\/\\\/strangercam.com\\\/#website\",\"url\":\"https:\\\/\\\/strangercam.com\\\/\",\"name\":\"Strangercam\",\"description\":\"Random Video Chat with Strangers\",\"publisher\":{\"@id\":\"https:\\\/\\\/strangercam.com\\\/#organization\"},\"alternateName\":\"Strangercam.com\",\"potentialAction\":[{\"@type\":\"SearchAction\",\"target\":{\"@type\":\"EntryPoint\",\"urlTemplate\":\"https:\\\/\\\/strangercam.com\\\/?s={search_term_string}\"},\"query-input\":{\"@type\":\"PropertyValueSpecification\",\"valueRequired\":true,\"valueName\":\"search_term_string\"}}],\"inLanguage\":\"it-IT\"},{\"@type\":\"Organization\",\"@id\":\"https:\\\/\\\/strangercam.com\\\/#organization\",\"name\":\"Strangercam\",\"alternateName\":\"Strangercam.com\",\"url\":\"https:\\\/\\\/strangercam.com\\\/\",\"logo\":{\"@type\":\"ImageObject\",\"inLanguage\":\"it-IT\",\"@id\":\"https:\\\/\\\/strangercam.com\\\/#\\\/schema\\\/logo\\\/image\\\/\",\"url\":\"https:\\\/\\\/strangercam.com\\\/wp-content\\\/uploads\\\/2020\\\/11\\\/cropped-new-favicon-black.png\",\"contentUrl\":\"https:\\\/\\\/strangercam.com\\\/wp-content\\\/uploads\\\/2020\\\/11\\\/cropped-new-favicon-black.png\",\"width\":512,\"height\":512,\"caption\":\"Strangercam\"},\"image\":{\"@id\":\"https:\\\/\\\/strangercam.com\\\/#\\\/schema\\\/logo\\\/image\\\/\"},\"sameAs\":[\"https:\\\/\\\/www.facebook.com\\\/strangercam\",\"https:\\\/\\\/x.com\\\/strangercamapp\"]}]}<\/script>\n<!-- \/ Yoast SEO plugin. -->","yoast_head_json":{"title":"Hoppy - Ci vuole un video per abbinarlo su StrangerCam.com","description":"Ti piace Hoppy? Vieni a chattare con pi\u00f9 di 5.000.000 di sconosciuti su Stranger Cam gratuitamente! Accendi la tua cam e trova nuovi amici e magari un partner!","robots":{"index":"index","follow":"follow","max-snippet":"max-snippet:-1","max-image-preview":"max-image-preview:large","max-video-preview":"max-video-preview:-1"},"canonical":"https:\/\/strangercam.com\/it\/saltellante\/","og_locale":"it_IT","og_type":"article","og_title":"Hoppy - It Takes One Video To Match on StrangerCam.com","og_description":"Like Hoppy? Come chat with more than 5.000.000 strangers on Stranger Cam for Free! Turn on your cam and find new friends & maby a match!","og_url":"https:\/\/strangercam.com\/it\/saltellante\/","og_site_name":"Strangercam","article_publisher":"https:\/\/www.facebook.com\/strangercam","og_image":[{"width":800,"height":532,"url":"https:\/\/strangercam.com\/wp-content\/uploads\/2021\/10\/Untitled-2.png","type":"image\/png"}],"twitter_card":"summary_large_image","twitter_site":"@strangercamapp","twitter_misc":{"Tempo di lettura stimato":"6 minuti"},"schema":{"@context":"https:\/\/schema.org","@graph":[{"@type":"WebPage","@id":"https:\/\/strangercam.com\/hoppy\/","url":"https:\/\/strangercam.com\/hoppy\/","name":"Hoppy - Ci vuole un video per abbinarlo su StrangerCam.com","isPartOf":{"@id":"https:\/\/strangercam.com\/#website"},"datePublished":"2025-06-16T12:52:18+00:00","description":"Ti piace Hoppy? Vieni a chattare con pi\u00f9 di 5.000.000 di sconosciuti su Stranger Cam gratuitamente! Accendi la tua cam e trova nuovi amici e magari un partner!","breadcrumb":{"@id":"https:\/\/strangercam.com\/hoppy\/#breadcrumb"},"inLanguage":"it-IT","potentialAction":[{"@type":"ReadAction","target":["https:\/\/strangercam.com\/hoppy\/"]}]},{"@type":"BreadcrumbList","@id":"https:\/\/strangercam.com\/hoppy\/#breadcrumb","itemListElement":[{"@type":"ListItem","position":1,"name":"Home","item":"https:\/\/strangercam.com\/"},{"@type":"ListItem","position":2,"name":"Hoppy"}]},{"@type":"WebSite","@id":"https:\/\/strangercam.com\/#website","url":"https:\/\/strangercam.com\/","name":"Strangercam","description":"Videochat casuale con sconosciuti","publisher":{"@id":"https:\/\/strangercam.com\/#organization"},"alternateName":"Strangercam.com","potentialAction":[{"@type":"SearchAction","target":{"@type":"EntryPoint","urlTemplate":"https:\/\/strangercam.com\/?s={search_term_string}"},"query-input":{"@type":"PropertyValueSpecification","valueRequired":true,"valueName":"search_term_string"}}],"inLanguage":"it-IT"},{"@type":"Organization","@id":"https:\/\/strangercam.com\/#organization","name":"Strangercam","alternateName":"Strangercam.com","url":"https:\/\/strangercam.com\/","logo":{"@type":"ImageObject","inLanguage":"it-IT","@id":"https:\/\/strangercam.com\/#\/schema\/logo\/image\/","url":"https:\/\/strangercam.com\/wp-content\/uploads\/2020\/11\/cropped-new-favicon-black.png","contentUrl":"https:\/\/strangercam.com\/wp-content\/uploads\/2020\/11\/cropped-new-favicon-black.png","width":512,"height":512,"caption":"Strangercam"},"image":{"@id":"https:\/\/strangercam.com\/#\/schema\/logo\/image\/"},"sameAs":["https:\/\/www.facebook.com\/strangercam","https:\/\/x.com\/strangercamapp"]}]}},"_links":{"self":[{"href":"https:\/\/strangercam.com\/it\/wp-json\/wp\/v2\/pages\/12887","targetHints":{"allow":["GET"]}}],"collection":[{"href":"https:\/\/strangercam.com\/it\/wp-json\/wp\/v2\/pages"}],"about":[{"href":"https:\/\/strangercam.com\/it\/wp-json\/wp\/v2\/types\/page"}],"author":[{"embeddable":true,"href":"https:\/\/strangercam.com\/it\/wp-json\/wp\/v2\/users\/6"}],"replies":[{"embeddable":true,"href":"https:\/\/strangercam.com\/it\/wp-json\/wp\/v2\/comments?post=12887"}],"version-history":[{"count":2,"href":"https:\/\/strangercam.com\/it\/wp-json\/wp\/v2\/pages\/12887\/revisions"}],"predecessor-version":[{"id":12889,"href":"https:\/\/strangercam.com\/it\/wp-json\/wp\/v2\/pages\/12887\/revisions\/12889"}],"wp:attachment":[{"href":"https:\/\/strangercam.com\/it\/wp-json\/wp\/v2\/media?parent=12887"}],"curies":[{"name":"wp","href":"https:\/\/api.w.org\/{rel}","templated":true}]}}