{"id":12883,"date":"2025-06-16T14:46:37","date_gmt":"2025-06-16T12:46:37","guid":{"rendered":"https:\/\/strangercam.com\/?page_id=12883"},"modified":"2025-06-16T14:46:37","modified_gmt":"2025-06-16T12:46:37","slug":"aveola","status":"publish","type":"page","link":"https:\/\/strangercam.com\/it\/aveola\/","title":{"rendered":"Aveola"},"content":{"rendered":"<p>Il video casuale <a href=\"https:\/\/strangercam.com\/it\/chatroulette\/\">chat<\/a> Lo spazio \u00e8 pi\u00f9 competitivo che mai. Con piattaforme come <a href=\"https:\/\/strangercam.com\/it\/ometv\/\">OmeTV<\/a>, Hay Fun, Monkey e Hay Fun sono al primo posto, ma altri concorrenti si stanno facendo avanti con interfacce eleganti e una migliore integrazione con i dispositivi mobili. Uno di questi \u00e8 Aveola, una piattaforma di video chat in ascesa progettata per interazioni rapide e anonime a tu per tu con sconosciuti in tutto il mondo.<\/p>\n<p>Se state cercando di flirtare, fare amicizie internazionali o semplicemente passare il tempo conoscendo nuove persone, Aveola promette un'esperienza mobile-first senza le complicazioni della registrazione, dei profili sociali o della creazione di contenuti.<\/p>\n<p>In questa recensione faremo un'immersione profonda in Aveola: cos'\u00e8, come funziona, a chi si rivolge e come si confronta con le migliori app del 2025.<\/p>\n<h2>Che cos'\u00e8 Aveola?<\/h2>\n<p>Aveola \u00e8 una piattaforma gratuita di video chat one-to-one che connette istantaneamente gli utenti tramite webcam e microfono. \u00c8 disponibile via browser e mobile (con una forte enfasi sull'ottimizzazione dei dispositivi mobili) e offre chat video rapide e anonime senza account o download.<\/p>\n<p>Come i suoi concorrenti OmeTV e Monkey, Aveola fornisce:<\/p>\n<ul>\n<li>Conversazioni in tempo reale, faccia a faccia<\/li>\n<li>Portata globale con utenti internazionali<\/li>\n<li>Salto e abbinamento veloce<\/li>\n<li>Un modo informale e spontaneo per <a href=\"https:\/\/strangercam.com\/it\/coomeet\/\">incontrarsi<\/a> nuove persone<\/li>\n<\/ul>\n<p>Ci\u00f2 che lo distingue \u00e8 l'interfaccia utente pulita, i solidi strumenti di moderazione e un'esperienza d'uso che sembra fatta apposta per gli smartphone, anche se funziona bene anche su desktop.<\/p>\n<h2>Qual \u00e8 lo scopo di Aveola?<\/h2>\n<p>Aveola \u00e8 stata progettata per far incontrare le persone attraverso chat video veloci e spontanee, senza la necessit\u00e0 di creare profili, pubblicare contenuti o creare un seguito. La piattaforma si colloca a met\u00e0 strada tra:<\/p>\n<ul>\n<li>L'anonimato di <a href=\"https:\/\/strangercam.com\/it\/omegle\/\">Omegle<\/a><\/li>\n<li>La raffinata interfaccia utente dell'OmeTV<\/li>\n<li>Il fascino veloce e Gen Z di Monkey<\/li>\n<\/ul>\n<p>Il suo obiettivo \u00e8 quello di rendere il pi\u00f9 semplice e veloce possibile l'incontro con qualcuno di nuovo, senza richiedere informazioni personali o account sui social media.<\/p>\n<p>Perfetto per:<\/p>\n<ul>\n<li>Chiacchierare con sconosciuti di tutto il mondo<\/li>\n<li>Conversazioni casuali, amichevoli o flirtanti a tu per tu<\/li>\n<li>Uccidere il tempo o sfuggire alla noia con l'interazione umana in tempo reale<\/li>\n<li>Praticare una lingua o esplorare culture diverse<\/li>\n<\/ul>\n<h2>Caratteristiche principali<\/h2>\n<p>1. Video chat one-to-one<br \/>\nLa caratteristica principale di Aveola \u00e8 la chat video diretta e privata con utenti casuali. Si tocca \"Inizia\" e in pochi secondi ci si trova faccia a faccia con un nuovo utente. La qualit\u00e0 video \u00e8 generalmente elevata, con bassa latenza e audio nitido su connessioni stabili.<\/p>\n<p>2. Salto veloce (pulsante successivo)<br \/>\nCome la maggior parte delle app di questo settore, \u00e8 possibile passare istantaneamente all'utente successivo se l'incontro attuale non funziona. L'operazione avviene senza problemi, con connessioni rapide e tempi di attesa minimi.<\/p>\n<p>3. Opzione di chat di testo<br \/>\nAveola supporta l'invio di messaggi in chat, consentendo di inviare messaggi durante la conversazione video. Questo \u00e8 utile per rompere il ghiaccio o per comunicare quando esistono barriere linguistiche.<\/p>\n<p>4. Esperienza ottimizzata per i dispositivi mobili<br \/>\nChe si tratti di Android o iOS, Aveola \u00e8 progettato per i browser mobili. Anche se al momento non esiste un'app autonoma, la versione mobile \u00e8 reattiva, fluida e ottimizzata per il touch. Funziona bene con Chrome, Safari e altri browser mobili moderni.<\/p>\n<p>5. Nessuna registrazione richiesta<br \/>\nUna delle maggiori attrattive di Aveola \u00e8 che \u00e8 completamente anonima. Non \u00e8 necessario iscriversi, fornire un'e-mail o collegare un account sociale. Tutto avviene nel browser con chat temporanee e basate su sessioni.<\/p>\n<p>6. Strumenti di moderazione in tempo reale<br \/>\nAveola comprende:<\/p>\n<ul>\n<li>Un pulsante \"Segnala\" per segnalare comportamenti abusivi o inappropriati.<\/li>\n<li>Strumenti di moderazione AI di base che monitorano la nudit\u00e0 o i contenuti offensivi<\/li>\n<li>Divieti rapidi per i recidivi<\/li>\n<\/ul>\n<p>Pur non avendo un sistema di fiducia\/reputazione completo come Emerald Chat, la moderazione di Aveola \u00e8 migliore di quella di molte piattaforme pi\u00f9 recenti.<\/p>\n<p>7. Filtro per genere e paese (funzione premium)<br \/>\nAveola include un filtro opzionale per sesso e regione, ma questa funzione potrebbe essere bloccata dietro un modello freemium (per ridurre lo spam e l'abuso di bot). Gli utenti gratuiti ottengono incontri casuali, mentre gli utenti a pagamento possono affinare i contatti.<\/p>\n<h2>Aveola \u00e8 libera?<\/h2>\n<p>S\u00ec, Aveola \u00e8 gratuito, non richiede registrazione per accedere alle funzioni principali come la chat video, la chat di testo e l'abbinamento rapido. Tuttavia, come la maggior parte dei concorrenti, opera su un modello freemium, il che significa che alcune funzioni sono bloccate dietro opzioni a pagamento.<\/p>\n<p>Gli utenti gratuiti possono:<\/p>\n<ul>\n<li>Chattare istantaneamente con estranei tramite video o testo<\/li>\n<li>Saltare gli utenti senza limiti<\/li>\n<li>Utilizzate le versioni mobile e desktop senza scaricare alcunch\u00e9<\/li>\n<\/ul>\n<p>Le caratteristiche premium (soggette a modifiche) possono includere:<\/p>\n<ul>\n<li>Filtro di genere<\/li>\n<li>Filtro paese<\/li>\n<li>Esperienza senza annunci<\/li>\n<li>Corrispondenza delle priorit\u00e0<\/li>\n<\/ul>\n<p>L'accesso premium \u00e8 disponibile tramite sistemi di acquisto in-browser ed \u00e8 del tutto facoltativo.<\/p>\n<h2>Chi usa Aveola?<\/h2>\n<p>Aveola si rivolge a un pubblico globale e attento ai dispositivi mobili. In base alle tendenze di utilizzo:<\/p>\n<ul>\n<li>Fascia d'et\u00e0: Principalmente 18-30<\/li>\n<li>Ripartizione per sesso: Maggioranza di uomini, anche se le donne sono attive e molto ricercate.<\/li>\n<li>Regioni popolari: Stati Uniti, India, Brasile, Filippine, Regno Unito, Germania<\/li>\n<li>Intento dell'utente: Conversazione informale, flirt, scambio culturale, alleviamento della noia.<\/li>\n<\/ul>\n<p>A differenza di TikTok o Bigo Live, Aveola non \u00e8 stato progettato per le performance o i contenuti livestream. Si concentra invece sull'interazione in tempo reale, uno a uno. La sua configurazione minimale lo rende particolarmente interessante per:<\/p>\n<ul>\n<li>Utenti della Gen Z<\/li>\n<li>Viaggiatori o espatriati<\/li>\n<li>Studenti<\/li>\n<li>Persone che desiderano incontrare altre persone istantaneamente senza lasciare il proprio divano<\/li>\n<\/ul>\n<h2>Sicurezza, privacy e moderazione<\/h2>\n<p>La sicurezza \u00e8 un fattore cruciale nelle chat video casuali e Aveola si comporta relativamente bene in questo senso.<\/p>\n<h3>La privacy<\/h3>\n<ul>\n<li>Nessuna registrazione, nessun dato personale<\/li>\n<li>Le sessioni di chat non vengono registrate<\/li>\n<li>Microfono e <a href=\"https:\/\/strangercam.com\/it\/bazoocam\/\">cam<\/a> Le autorizzazioni sono basate sulla sessione<\/li>\n<\/ul>\n<h3>Moderazione<\/h3>\n<ul>\n<li>Segnalazione e segnalazione in tempo reale<\/li>\n<li>Riconoscimento di base delle immagini AI per ridurre la nudit\u00e0 e i contenuti offensivi<\/li>\n<li>Strumenti di interdizione rapida e di blocco degli utenti<\/li>\n<\/ul>\n<h3>Limitazioni<\/h3>\n<ul>\n<li>Come per qualsiasi piattaforma di camme anonime, si possono incontrare:\n<ul>\n<li>Comportamento inappropriato<\/li>\n<li>Utenti alla ricerca di contenuti espliciti<\/li>\n<li>Bot o truffatori durante i periodi di basso traffico<\/li>\n<\/ul>\n<\/li>\n<\/ul>\n<p>Per rimanere al sicuro:<\/p>\n<ul>\n<li>Non condividete il vostro vero nome, il numero di telefono o i profili sociali.<\/li>\n<li>Utilizzare la funzione di reportistica quando necessario<\/li>\n<li>Terminate qualsiasi sessione che vi mette a disagio<\/li>\n<\/ul>\n<h2>Esperienza utente e design<\/h2>\n<p>L'interfaccia di Aveola \u00e8 pulita, moderna e orientata al mobile. Si carica velocemente, mantiene i controlli intuitivi e consente di entrare in chat con un minimo di clic.<\/p>\n<p>Punti salienti dell'UX:<\/p>\n<ul>\n<li>Finestre video ampie e chiare<\/li>\n<li>Pulsanti di salto, silenziamento e segnalazione visibili<\/li>\n<li>Transizioni fluide tra le chat<\/li>\n<li>Funziona su tutti i browser moderni (desktop + mobile)<\/li>\n<\/ul>\n<p>Non ci sono:<\/p>\n<ul>\n<li>Popup o sovrapposizioni<\/li>\n<li>Menu disordinati<\/li>\n<li>Reindirizzamenti forzati<\/li>\n<\/ul>\n<p>L'intera esperienza \u00e8 leggera e ben costruita, particolarmente piacevole se confrontata con le interfacce troppo complicate di alcuni concorrenti.<\/p>\n<h2>Aveola vs Altre piattaforme di video chat<\/h2>\n<p>Confrontiamo Aveola con alcuni dei suoi principali concorrenti nel 2025:<\/p>\n<table>\n<thead>\n<tr>\n<th>Caratteristica<\/th>\n<th>Aveola<\/th>\n<th>OmeTV<\/th>\n<th>Scimmia<\/th>\n<th>Divertimento da fieno<\/th>\n<th>Chatspin<\/th>\n<\/tr>\n<\/thead>\n<tbody>\n<tr>\n<td>Video chat one-to-one<\/td>\n<td>S\u00ec<\/td>\n<td>S\u00ec<\/td>\n<td>S\u00ec<\/td>\n<td>S\u00ec<\/td>\n<td>S\u00ec<\/td>\n<\/tr>\n<tr>\n<td>Opzione chat di testo<\/td>\n<td>S\u00ec<\/td>\n<td>S\u00ec<\/td>\n<td>Limitato<\/td>\n<td>S\u00ec<\/td>\n<td>S\u00ec<\/td>\n<\/tr>\n<tr>\n<td>Ottimizzazione mobile<\/td>\n<td>Eccellente<\/td>\n<td>Buono<\/td>\n<td>Eccellente<\/td>\n<td>Buono<\/td>\n<td>Eccellente<\/td>\n<\/tr>\n<tr>\n<td>Filtro di genere<\/td>\n<td>Pagato<\/td>\n<td>Pagato<\/td>\n<td>Limitato<\/td>\n<td>No<\/td>\n<td>Pagato<\/td>\n<\/tr>\n<tr>\n<td>Registrazione richiesta<\/td>\n<td>No<\/td>\n<td>No<\/td>\n<td>S\u00ec<\/td>\n<td>Opzionale<\/td>\n<td>Opzionale<\/td>\n<\/tr>\n<tr>\n<td>Caratteristiche del gruppo<\/td>\n<td>No<\/td>\n<td>No<\/td>\n<td>S\u00ec<\/td>\n<td>No<\/td>\n<td>No<\/td>\n<\/tr>\n<tr>\n<td>Qualit\u00e0 della moderazione<\/td>\n<td>Moderato<\/td>\n<td>Moderato<\/td>\n<td>Moderato<\/td>\n<td>Debole<\/td>\n<td>Buono<\/td>\n<\/tr>\n<\/tbody>\n<\/table>\n<p>Sintesi: Aveola si colloca perfettamente nello spazio tra la pulizia di Chatspin e l'atmosfera Gen Z di Monkey. Non cerca di aggiungere funzioni di gruppo o complessi livelli sociali, ma si concentra su velocit\u00e0, anonimato e facilit\u00e0 d'uso.<\/p>\n<h2>Pro e contro<\/h2>\n<p>Pro:<\/p>\n<ul>\n<li>Video chat veloce, gratuita e anonima<\/li>\n<li>Funziona immediatamente senza registrazione<\/li>\n<li>Interfaccia pulita e caricamento veloce<\/li>\n<li>Eccellente sui browser mobili<\/li>\n<li>Chat di testo e supporto video<\/li>\n<li>Base di utenti internazionali attivi<\/li>\n<\/ul>\n<p>Contro:<\/p>\n<ul>\n<li>Nessun sistema di amicizie a lungo termine o cronologia degli account<\/li>\n<li>Moderazione di base - \u00e8 ancora possibile incontrare contenuti per adulti<\/li>\n<li>I filtri per genere\/paese possono richiedere un pagamento<\/li>\n<li>Non \u00e8 l'ideale per gli utenti in cerca di conversazioni profonde o di una comunit\u00e0<\/li>\n<\/ul>\n<h2>Casi d'uso ideali<\/h2>\n<p>Aveola \u00e8 perfetta per:<\/p>\n<ul>\n<li>Utenti che sentono la mancanza dell'Omegle ma vogliono qualcosa di mobile-friendly<\/li>\n<li>Persone che cercano di flirtare, chiacchierare o socializzare casualmente con sconosciuti<\/li>\n<li>Viaggiatori o studenti di lingue interessati a conversazioni globali<\/li>\n<li>Chiunque sia annoiato e cerchi interazioni dal vivo e faccia a faccia<\/li>\n<\/ul>\n<p>Non \u00e8 ideale per:<\/p>\n<ul>\n<li>Utenti di et\u00e0 inferiore ai 18 anni (solo adulti)<\/li>\n<li>Persone in cerca di profili di incontri o di relazioni<\/li>\n<li>Chi vuole filtri e controllo gratis<\/li>\n<li>Utenti a disagio per il comportamento occasionale NSFW<\/li>\n<\/ul>\n<p>Aveola \u00e8 una delle migliori nuove piattaforme di video chat casuali, leggere e mobile-first, presenti sul mercato nel 2025. Combina la semplicit\u00e0 di Omegle con l'esperienza utente pi\u00f9 fluida di OmeTV, mantenendo l'anonimato e la velocit\u00e0 che gli utenti si aspettano da una piattaforma cam-to-cam.<\/p>\n<p>Non \u00e8 perfetta - la moderazione ha ancora spazio per crescere e i filtri di genere sono a pagamento - ma per gli utenti che cercano chat spontanee, globali e in tempo reale con sconosciuti, Aveola offre un'esperienza veloce e priva di frustrazioni.<\/p>\n<p>Se siete alla ricerca di un'esperienza di chat moderna, pulita e affidabile in stile Omegle che funzioni bene su tutti i dispositivi, Aveola vale sicuramente la pena di provarla.<\/p>","protected":false},"excerpt":{"rendered":"<p>The random video chat space is more competitive than ever. With platforms like OmeTV, Monkey, and Hay Fun setting the pace, newer contenders are stepping up with sleek interfaces and better mobile integration. One of those is Aveola \u2014 a rising video chat platform designed for fast, anonymous one-on-one interactions with strangers across the world. [&hellip;]<\/p>\n","protected":false},"author":6,"featured_media":0,"parent":0,"menu_order":0,"comment_status":"closed","ping_status":"closed","template":"","meta":{"footnotes":""},"class_list":["post-12883","page","type-page","status-publish","hentry"],"yoast_head":"<!-- This site is optimized with the Yoast SEO plugin v27.4 - https:\/\/yoast.com\/product\/yoast-seo-wordpress\/ -->\n<title>Aveola - Live Video Chat on StrangerCam.com<\/title>\n<meta name=\"description\" content=\"Like Aveola? Come chat with more than 5.000.000 strangers on Stranger Cam for Free! Turn on your cam and find new friends &amp; maby a match!\" \/>\n<meta name=\"robots\" content=\"index, follow, max-snippet:-1, max-image-preview:large, max-video-preview:-1\" \/>\n<link rel=\"canonical\" href=\"https:\/\/strangercam.com\/it\/aveola\/\" \/>\n<meta property=\"og:locale\" content=\"it_IT\" \/>\n<meta property=\"og:type\" content=\"article\" \/>\n<meta property=\"og:title\" content=\"Aveola - Live Video Chat on StrangerCam.com\" \/>\n<meta property=\"og:description\" content=\"Like Aveola? Come chat with more than 5.000.000 strangers on Stranger Cam for Free! Turn on your cam and find new friends &amp; maby a match!\" \/>\n<meta property=\"og:url\" content=\"https:\/\/strangercam.com\/it\/aveola\/\" \/>\n<meta property=\"og:site_name\" content=\"Strangercam\" \/>\n<meta property=\"article:publisher\" content=\"https:\/\/www.facebook.com\/strangercam\" \/>\n<meta property=\"og:image\" content=\"https:\/\/strangercam.com\/wp-content\/uploads\/2021\/10\/Untitled-2.png\" \/>\n\t<meta property=\"og:image:width\" content=\"800\" \/>\n\t<meta property=\"og:image:height\" content=\"532\" \/>\n\t<meta property=\"og:image:type\" content=\"image\/png\" \/>\n<meta name=\"twitter:card\" content=\"summary_large_image\" \/>\n<meta name=\"twitter:site\" content=\"@strangercamapp\" \/>\n<meta name=\"twitter:label1\" content=\"Tempo di lettura stimato\" \/>\n\t<meta name=\"twitter:data1\" content=\"6 minuti\" \/>\n<script type=\"application\/ld+json\" class=\"yoast-schema-graph\">{\"@context\":\"https:\\\/\\\/schema.org\",\"@graph\":[{\"@type\":\"WebPage\",\"@id\":\"https:\\\/\\\/strangercam.com\\\/aveola\\\/\",\"url\":\"https:\\\/\\\/strangercam.com\\\/aveola\\\/\",\"name\":\"Aveola - Live Video Chat on StrangerCam.com\",\"isPartOf\":{\"@id\":\"https:\\\/\\\/strangercam.com\\\/#website\"},\"datePublished\":\"2025-06-16T12:46:37+00:00\",\"description\":\"Like Aveola? Come chat with more than 5.000.000 strangers on Stranger Cam for Free! Turn on your cam and find new friends & maby a match!\",\"breadcrumb\":{\"@id\":\"https:\\\/\\\/strangercam.com\\\/aveola\\\/#breadcrumb\"},\"inLanguage\":\"it-IT\",\"potentialAction\":[{\"@type\":\"ReadAction\",\"target\":[\"https:\\\/\\\/strangercam.com\\\/aveola\\\/\"]}]},{\"@type\":\"BreadcrumbList\",\"@id\":\"https:\\\/\\\/strangercam.com\\\/aveola\\\/#breadcrumb\",\"itemListElement\":[{\"@type\":\"ListItem\",\"position\":1,\"name\":\"Home\",\"item\":\"https:\\\/\\\/strangercam.com\\\/\"},{\"@type\":\"ListItem\",\"position\":2,\"name\":\"Aveola\"}]},{\"@type\":\"WebSite\",\"@id\":\"https:\\\/\\\/strangercam.com\\\/#website\",\"url\":\"https:\\\/\\\/strangercam.com\\\/\",\"name\":\"Strangercam\",\"description\":\"Random Video Chat with Strangers\",\"publisher\":{\"@id\":\"https:\\\/\\\/strangercam.com\\\/#organization\"},\"alternateName\":\"Strangercam.com\",\"potentialAction\":[{\"@type\":\"SearchAction\",\"target\":{\"@type\":\"EntryPoint\",\"urlTemplate\":\"https:\\\/\\\/strangercam.com\\\/?s={search_term_string}\"},\"query-input\":{\"@type\":\"PropertyValueSpecification\",\"valueRequired\":true,\"valueName\":\"search_term_string\"}}],\"inLanguage\":\"it-IT\"},{\"@type\":\"Organization\",\"@id\":\"https:\\\/\\\/strangercam.com\\\/#organization\",\"name\":\"Strangercam\",\"alternateName\":\"Strangercam.com\",\"url\":\"https:\\\/\\\/strangercam.com\\\/\",\"logo\":{\"@type\":\"ImageObject\",\"inLanguage\":\"it-IT\",\"@id\":\"https:\\\/\\\/strangercam.com\\\/#\\\/schema\\\/logo\\\/image\\\/\",\"url\":\"https:\\\/\\\/strangercam.com\\\/wp-content\\\/uploads\\\/2020\\\/11\\\/cropped-new-favicon-black.png\",\"contentUrl\":\"https:\\\/\\\/strangercam.com\\\/wp-content\\\/uploads\\\/2020\\\/11\\\/cropped-new-favicon-black.png\",\"width\":512,\"height\":512,\"caption\":\"Strangercam\"},\"image\":{\"@id\":\"https:\\\/\\\/strangercam.com\\\/#\\\/schema\\\/logo\\\/image\\\/\"},\"sameAs\":[\"https:\\\/\\\/www.facebook.com\\\/strangercam\",\"https:\\\/\\\/x.com\\\/strangercamapp\"]}]}<\/script>\n<!-- \/ Yoast SEO plugin. -->","yoast_head_json":{"title":"Aveola - Video Chat in diretta su StrangerCam.com","description":"Ti piace Aveola? Vieni a chattare con pi\u00f9 di 5.000.000 di sconosciuti su Stranger Cam gratuitamente! Accendi la tua cam e trova nuovi amici e magari un partner!","robots":{"index":"index","follow":"follow","max-snippet":"max-snippet:-1","max-image-preview":"max-image-preview:large","max-video-preview":"max-video-preview:-1"},"canonical":"https:\/\/strangercam.com\/it\/aveola\/","og_locale":"it_IT","og_type":"article","og_title":"Aveola - Live Video Chat on StrangerCam.com","og_description":"Like Aveola? Come chat with more than 5.000.000 strangers on Stranger Cam for Free! Turn on your cam and find new friends & maby a match!","og_url":"https:\/\/strangercam.com\/it\/aveola\/","og_site_name":"Strangercam","article_publisher":"https:\/\/www.facebook.com\/strangercam","og_image":[{"width":800,"height":532,"url":"https:\/\/strangercam.com\/wp-content\/uploads\/2021\/10\/Untitled-2.png","type":"image\/png"}],"twitter_card":"summary_large_image","twitter_site":"@strangercamapp","twitter_misc":{"Tempo di lettura stimato":"6 minuti"},"schema":{"@context":"https:\/\/schema.org","@graph":[{"@type":"WebPage","@id":"https:\/\/strangercam.com\/aveola\/","url":"https:\/\/strangercam.com\/aveola\/","name":"Aveola - Video Chat in diretta su StrangerCam.com","isPartOf":{"@id":"https:\/\/strangercam.com\/#website"},"datePublished":"2025-06-16T12:46:37+00:00","description":"Ti piace Aveola? Vieni a chattare con pi\u00f9 di 5.000.000 di sconosciuti su Stranger Cam gratuitamente! Accendi la tua cam e trova nuovi amici e magari un partner!","breadcrumb":{"@id":"https:\/\/strangercam.com\/aveola\/#breadcrumb"},"inLanguage":"it-IT","potentialAction":[{"@type":"ReadAction","target":["https:\/\/strangercam.com\/aveola\/"]}]},{"@type":"BreadcrumbList","@id":"https:\/\/strangercam.com\/aveola\/#breadcrumb","itemListElement":[{"@type":"ListItem","position":1,"name":"Home","item":"https:\/\/strangercam.com\/"},{"@type":"ListItem","position":2,"name":"Aveola"}]},{"@type":"WebSite","@id":"https:\/\/strangercam.com\/#website","url":"https:\/\/strangercam.com\/","name":"Strangercam","description":"Videochat casuale con sconosciuti","publisher":{"@id":"https:\/\/strangercam.com\/#organization"},"alternateName":"Strangercam.com","potentialAction":[{"@type":"SearchAction","target":{"@type":"EntryPoint","urlTemplate":"https:\/\/strangercam.com\/?s={search_term_string}"},"query-input":{"@type":"PropertyValueSpecification","valueRequired":true,"valueName":"search_term_string"}}],"inLanguage":"it-IT"},{"@type":"Organization","@id":"https:\/\/strangercam.com\/#organization","name":"Strangercam","alternateName":"Strangercam.com","url":"https:\/\/strangercam.com\/","logo":{"@type":"ImageObject","inLanguage":"it-IT","@id":"https:\/\/strangercam.com\/#\/schema\/logo\/image\/","url":"https:\/\/strangercam.com\/wp-content\/uploads\/2020\/11\/cropped-new-favicon-black.png","contentUrl":"https:\/\/strangercam.com\/wp-content\/uploads\/2020\/11\/cropped-new-favicon-black.png","width":512,"height":512,"caption":"Strangercam"},"image":{"@id":"https:\/\/strangercam.com\/#\/schema\/logo\/image\/"},"sameAs":["https:\/\/www.facebook.com\/strangercam","https:\/\/x.com\/strangercamapp"]}]}},"_links":{"self":[{"href":"https:\/\/strangercam.com\/it\/wp-json\/wp\/v2\/pages\/12883","targetHints":{"allow":["GET"]}}],"collection":[{"href":"https:\/\/strangercam.com\/it\/wp-json\/wp\/v2\/pages"}],"about":[{"href":"https:\/\/strangercam.com\/it\/wp-json\/wp\/v2\/types\/page"}],"author":[{"embeddable":true,"href":"https:\/\/strangercam.com\/it\/wp-json\/wp\/v2\/users\/6"}],"replies":[{"embeddable":true,"href":"https:\/\/strangercam.com\/it\/wp-json\/wp\/v2\/comments?post=12883"}],"version-history":[{"count":3,"href":"https:\/\/strangercam.com\/it\/wp-json\/wp\/v2\/pages\/12883\/revisions"}],"predecessor-version":[{"id":12886,"href":"https:\/\/strangercam.com\/it\/wp-json\/wp\/v2\/pages\/12883\/revisions\/12886"}],"wp:attachment":[{"href":"https:\/\/strangercam.com\/it\/wp-json\/wp\/v2\/media?parent=12883"}],"curies":[{"name":"wp","href":"https:\/\/api.w.org\/{rel}","templated":true}]}}