{"id":12846,"date":"2025-05-14T09:44:05","date_gmt":"2025-05-14T07:44:05","guid":{"rendered":"https:\/\/strangercam.com\/?page_id=12846"},"modified":"2025-05-14T09:44:05","modified_gmt":"2025-05-14T07:44:05","slug":"incontrarekip","status":"publish","type":"page","link":"https:\/\/strangercam.com\/it\/meetskip\/","title":{"rendered":"IncontrareSkip"},"content":{"rendered":"<p>Poich\u00e9 sempre pi\u00f9 persone cercano interazioni spontanee e faccia a faccia online, le piattaforme di chat video casuali continuano a prosperare, soprattutto nell'era post-Omegle. Uno dei nomi pi\u00f9 recenti che si stanno diffondendo \u00e8 MeetSkip, una chat casuale basata su browser. <a href=\"https:\/\/strangercam.com\/it\/bazoocam\/\">cam<\/a> che offre connessioni rapide, una configurazione minima e un'esperienza che ricorda quella dei primi siti di chat. <a href=\"https:\/\/strangercam.com\/it\/omegle\/\">Omegle<\/a> giorni.<\/p>\n<p>Ma con decine di siti simili che competono per il traffico, come si colloca MeetSkip? \u00c8 solo un altro clone o offre qualcosa che vale il vostro tempo?<\/p>\n<p>In questa recensione diamo uno sguardo dettagliato a MeetSkip: cos'\u00e8, cosa offre, a chi si rivolge e come si posiziona rispetto alla concorrenza.<\/p>\n<h2>Che cos'\u00e8 MeetSkip?<\/h2>\n<p>MeetSkip \u00e8 un sito web di chat video casuale, gratuito e anonimo, che mette in contatto gli utenti uno a uno tramite webcam e microfono. Non richiede registrazione, download o informazioni personali. Basta fare clic su \"Inizia\" per trovarsi immediatamente faccia a faccia con qualcuno di nuovo.<\/p>\n<p>Il concetto \u00e8 semplice, come l'Omegle, <a href=\"https:\/\/strangercam.com\/it\/chatroulette\/\">Chatroulette<\/a>, o Chatrandom, enfatizza gli incontri casuali in tempo reale, dando agli utenti la possibilit\u00e0 di saltare o rimanere in base a come si sentono nella partita in corso.<\/p>\n<p>\u00c8 stato progettato per gli utenti che desiderano conversazioni rapide e spontanee senza bisogno di account, app o social media.<\/p>\n<h2>Qual \u00e8 lo scopo di MeetSkip?<\/h2>\n<p>L'obiettivo di MeetSkip \u00e8 ricreare l'esperienza di video chat pura, casuale e anonima che ha reso popolare Omegle, ma con un'interfaccia leggermente pi\u00f9 fluida e un supporto migliore per i dispositivi moderni.<\/p>\n<p>\u00c8 costruito per:<\/p>\n<ul>\n<li>Persone che amano le conversazioni spontanee in webcam<\/li>\n<li>Utenti che non vogliono registrarsi o creare profili<\/li>\n<li>Chiacchieroni, flirtatori, viaggiatori e studenti di lingua<\/li>\n<li>Chiunque sia stanco delle app di incontri e cerchi un'interazione dal vivo<\/li>\n<\/ul>\n<p>Non ci sono biografie, like o funzioni di messaggistica. Voi <a href=\"https:\/\/strangercam.com\/it\/coomeet\/\">incontrarsi<\/a> qualcuno, chiacchierare, poi passare oltre o continuare a parlare. Tutto qui.<\/p>\n<h2>Caratteristiche principali<\/h2>\n<p>1. Video chat one-to-one<br \/>\nLa funzione principale di MeetSkip \u00e8 la chat veloce e anonima via webcam. Una volta autorizzati la fotocamera e il microfono, si viene abbinati automaticamente a un altro utente. Se la conversazione non va bene, premete \"Avanti\" e sarete immediatamente ricollegati a un altro utente.<\/p>\n<p>2. Opzione chat di testo<br \/>\nPer gli utenti che non vogliono usare la webcam o che si trovano in un ambiente con poca larghezza di banda, MeetSkip offre anche la modalit\u00e0 di chat solo testo. Questa modalit\u00e0 pu\u00f2 essere attivata facilmente e funziona bene per le conversazioni pi\u00f9 casuali o per chi sta solo testando le acque.<\/p>\n<p>3. Non \u00e8 richiesta l'iscrizione<br \/>\n\u00c8 possibile accedere a tutte le funzioni principali di MeetSkip senza creare un account. \u00c8 completamente anonimo: non \u00e8 necessario fornire un nome, un'e-mail o un profilo sociale. Questo rende la barriera d'ingresso estremamente bassa.<\/p>\n<p>4. Filtri per genere e localit\u00e0 (limitati)<br \/>\nSono disponibili alcuni filtri, che consentono di provare ad abbinare le persone in base al sesso o al Paese, anche se non sono sempre affidabili e potrebbero richiedere la concessione di ulteriori autorizzazioni.<\/p>\n<p>5. Salto istantaneo<br \/>\nFedele al suo nome, MeetSkip \u00e8 dotato di un pulsante \"Next\" che consente di passare a un nuovo partner di chat in meno di un secondo. Questo \u00e8 un aspetto fondamentale per gli utenti che desiderano velocit\u00e0 e variet\u00e0.<\/p>\n<p>6. Funziona su browser desktop e mobili<br \/>\nMeetSkip funziona interamente nel browser ed \u00e8 reattivo per i dispositivi mobili, il che significa che \u00e8 possibile utilizzarlo dal telefono o dal tablet senza installare un'applicazione. Sebbene sia migliore su desktop per il posizionamento e il layout della fotocamera, l'esperienza mobile \u00e8 fluida e funzionale.<\/p>\n<p>7. Interfaccia minima<br \/>\nL'interfaccia utente \u00e8 semplice e lineare: ampio feed video, casella di chat di base, pulsante di esclusione, pulsante di salto e opzione di segnalazione. Non ci sono caratteristiche appariscenti o espedienti sociali.<\/p>\n<h2>MeetSkip \u00e8 gratuito?<\/h2>\n<p>S\u00ec, MeetSkip \u00e8 gratuito. Non ci sono:<\/p>\n<ul>\n<li>Pareti a pagamento<\/li>\n<li>Crediti o monete<\/li>\n<li>Iscrizioni VIP<\/li>\n<li>Scarica i suggerimenti<\/li>\n<\/ul>\n<p>Sebbene MeetSkip possa visualizzare annunci pubblicitari per sostenere il servizio, al momento non sono invadenti e tutte le funzioni della chat rimangono accessibili a tutti.<\/p>\n<h2>Chi usa MeetSkip?<\/h2>\n<p>MeetSkip ha una base di utenti in crescita in diverse regioni, in particolare:<\/p>\n<ul>\n<li>Stati Uniti<\/li>\n<li>India<\/li>\n<li>Germania<\/li>\n<li>Brasile<\/li>\n<li>REGNO UNITO<\/li>\n<li>Canada<\/li>\n<\/ul>\n<p>La maggior parte degli utenti rientra nella fascia d'et\u00e0 compresa tra i 18 e i 35 anni e, come nella maggior parte delle piattaforme di chat video casuali, la base di utenti \u00e8 a prevalenza maschile. Le donne sono presenti, ma in genere ricevono un numero molto pi\u00f9 elevato di richieste di chat.<\/p>\n<p>Gli utenti sono generalmente alla ricerca di:<\/p>\n<ul>\n<li>Conversazioni casuali<\/li>\n<li>Interazioni divertenti e flirtanti<\/li>\n<li>Incontrare sconosciuti in tempo reale<\/li>\n<li>Socializzazione leggera piuttosto che incontri strutturati<\/li>\n<\/ul>\n<p>MeetSkip non \u00e8 pensato per una comunicazione a lungo termine. Non c'\u00e8 la possibilit\u00e0 di mettere tra i preferiti gli utenti o di aggiungere amici: \u00e8 costruito interamente intorno all'idea di casualit\u00e0 e impermanenza.<\/p>\n<h2>Sicurezza, privacy e moderazione<\/h2>\n<p>Dato che MeetSkip \u00e8 anonimo, la privacy \u00e8 intrinsecamente forte, ma questo introduce anche problemi di sicurezza.<\/p>\n<h3>Cosa fa bene MeetSkip:<\/h3>\n<ul>\n<li>Nessun account: Non \u00e8 necessario fornire informazioni personali per utilizzarlo.<\/li>\n<li>Solo chat one-to-one: Non ci sono stanze o profili pubblici.<\/li>\n<li>Nessuna chat memorizzata: Le conversazioni non vengono salvate o riviste (anche se il comportamento pu\u00f2 essere monitorato in tempo reale).<\/li>\n<li>Pulsante di segnalazione: Gli utenti possono segnalare i contenuti inappropriati.<\/li>\n<\/ul>\n<h3>Limitazioni:<\/h3>\n<ul>\n<li>La moderazione \u00e8 leggera: Come per molte piattaforme di chat anonime, l'applicazione \u00e8 limitata fino a quando non vengono segnalati abusi.<\/li>\n<li>Sono possibili contenuti inappropriati: Alcuni utenti fanno un uso improprio della piattaforma, soprattutto a tarda notte.<\/li>\n<li>Non esistono strumenti avanzati di moderazione dell'intelligenza artificiale (ancora): Nudit\u00e0 e gesti offensivi possono passare inosservati per brevi periodi.<\/li>\n<\/ul>\n<p>Come per qualsiasi piattaforma di video chat aperta, si consiglia agli utenti di:<\/p>\n<ul>\n<li>Evitare di condividere i dati personali<\/li>\n<li>Utilizzate la piattaforma nelle ore di punta per un'esperienza migliore<\/li>\n<li>Uscire immediatamente dalle chat se ci si sente a disagio<\/li>\n<\/ul>\n<h2>Esperienza utente e design<\/h2>\n<p>MeetSkip si concentra sulla velocit\u00e0 e sulla semplicit\u00e0, e si vede. Dal momento in cui si carica il sito, si \u00e8 a due clic di distanza da un sito web in tempo reale. <a href=\"https:\/\/strangercam.com\/it\/cam-to-cam-chat\/\">chat in cam<\/a>. L'interfaccia \u00e8 minimale: uno sfondo scuro, riquadri video e un paio di pulsanti. Tutto qui.<\/p>\n<h3>Pro dell'UX:<\/h3>\n<ul>\n<li>Si carica rapidamente anche su connessioni lente<\/li>\n<li>Nessuna distrazione o disordine<\/li>\n<li>Ampia finestra video per l'interazione faccia a faccia<\/li>\n<li>I pulsanti Avanti\/mutante\/report sono chiaramente visibili<\/li>\n<li>Funziona bene sia su Chrome che su Safari<\/li>\n<\/ul>\n<h3>Possibilit\u00e0 di miglioramento:<\/h3>\n<ul>\n<li>Nessuna opzione di profilo, nemmeno opzionale<\/li>\n<li>I filtri sono limitati o inaffidabili<\/li>\n<li>Nessuna opzione per riconnettersi con gli utenti precedenti<\/li>\n<li>Nessun strumento di traduzione o lingua integrato<\/li>\n<\/ul>\n<p>Ma nel complesso, per quello che cerca di essere - un'esperienza di chat roulette veloce, gratuita e semplice - l'esperienza utente \u00e8 solida.<\/p>\n<h2>MeetSkip vs Altre piattaforme di chat<\/h2>\n<p>Come si colloca MeetSkip rispetto ad alcuni dei pi\u00f9 grandi nomi del settore?<\/p>\n<table>\n<thead>\n<tr>\n<th>Caratteristica<\/th>\n<th>IncontrareSkip<\/th>\n<th>Omegle (chiuso)<\/th>\n<th>Chatroulette<\/th>\n<th>Chatrandom<\/th>\n<th>Emerald Chat<\/th>\n<\/tr>\n<\/thead>\n<tbody>\n<tr>\n<td>Random Video Chat con Sconosciuti<\/td>\n<td>S\u00ec<\/td>\n<td>S\u00ec<\/td>\n<td>S\u00ec<\/td>\n<td>S\u00ec<\/td>\n<td>S\u00ec<\/td>\n<\/tr>\n<tr>\n<td>Opzione chat di testo<\/td>\n<td>S\u00ec<\/td>\n<td>S\u00ec<\/td>\n<td>No<\/td>\n<td>S\u00ec<\/td>\n<td>S\u00ec<\/td>\n<\/tr>\n<tr>\n<td>Filtri di genere<\/td>\n<td>Base<\/td>\n<td>Pagato (in precedenza)<\/td>\n<td>No<\/td>\n<td>Pagato<\/td>\n<td>S\u00ec<\/td>\n<\/tr>\n<tr>\n<td>Compatibilit\u00e0 con i dispositivi mobili<\/td>\n<td>Buono<\/td>\n<td>Povero<\/td>\n<td>Povero<\/td>\n<td>Eccellente<\/td>\n<td>Buono<\/td>\n<\/tr>\n<tr>\n<td>Conto richiesto<\/td>\n<td>No<\/td>\n<td>No<\/td>\n<td>No<\/td>\n<td>Opzionale<\/td>\n<td>S\u00ec<\/td>\n<\/tr>\n<tr>\n<td>Messaggistica privata<\/td>\n<td>No<\/td>\n<td>No<\/td>\n<td>No<\/td>\n<td>S\u00ec<\/td>\n<td>S\u00ec<\/td>\n<\/tr>\n<tr>\n<td>Qualit\u00e0 della moderazione<\/td>\n<td>Luce<\/td>\n<td>Minimo<\/td>\n<td>Debole<\/td>\n<td>Moderato<\/td>\n<td>Forte<\/td>\n<\/tr>\n<\/tbody>\n<\/table>\n<p>Riassunto: MeetSkip non reinventa la ruota, ma \u00e8 una delle opzioni pi\u00f9 pulite e meglio ottimizzate disponibili al momento, soprattutto se si cerca una piattaforma in stile Omegle con un'interfaccia utente pi\u00f9 stabile.<\/p>\n<h2>Pro e contro<\/h2>\n<p>Pro:<\/p>\n<ul>\n<li>Completamente gratuito e senza registrazione<\/li>\n<li>Videochat istantanea con sconosciuti<\/li>\n<li>Funziona bene sia su desktop che su mobile<\/li>\n<li>Modalit\u00e0 di chat testuale e video disponibili<\/li>\n<li>Leggero, veloce e facile da usare<\/li>\n<li>Anonimato preservato per tutto il tempo<\/li>\n<\/ul>\n<p>Contro:<\/p>\n<ul>\n<li>Opzioni di filtraggio di base o inaffidabili<\/li>\n<li>Potrebbero essere visualizzati alcuni contenuti inappropriati<\/li>\n<li>Nessuna funzione sociale o di matching<\/li>\n<li>Nessuna cronologia degli utenti o possibilit\u00e0 di riconnettersi<\/li>\n<li>Base di utenti prevalentemente maschile<\/li>\n<\/ul>\n<h2>Casi d'uso ideali<\/h2>\n<p>MeetSkip \u00e8 ideale per:<\/p>\n<ul>\n<li>Persone che vogliono chattare a caso con sconosciuti, come l'originale Omegle<\/li>\n<li>Utenti alla ricerca di una rapida distrazione sociale o di un modo divertente per passare il tempo<\/li>\n<li>Chiunque non voglia registrarsi o scaricare un'applicazione<\/li>\n<li>Utenti internazionali che cercano di incontrare persone di altri paesi<\/li>\n<\/ul>\n<p>Non \u00e8 ideale per:<\/p>\n<ul>\n<li>Utenti che cercano un'esperienza di incontri o di matching curati<\/li>\n<li>Persone che preferiscono chat di gruppo o argomenti di discussione a tema<\/li>\n<li>Utenti pi\u00f9 giovani che potrebbero non sentirsi a proprio agio nella navigazione di contenuti per adulti<\/li>\n<li>Utenti che desiderano conversazioni continue o funzionalit\u00e0 di aggiunta di amici<\/li>\n<\/ul>\n<h2>Verdetto finale<\/h2>\n<p>MeetSkip \u00e8 una delle migliori piattaforme di video chat casuale in stile Omegle disponibili. Pur non offrendo funzioni avanzate o una moderazione all'avanguardia, riesce a fare ci\u00f2 che si prefigge: fornire una chat faccia a faccia gratuita, anonima e istantanea con sconosciuti in tutto il mondo.<\/p>\n<p>Se siete alla ricerca di un sito di chat in cam leggero e senza legami, con un minimo di confusione e un abbinamento veloce, MeetSkip merita assolutamente di essere controllato. Non \u00e8 il pi\u00f9 appariscente, ma \u00e8 affidabile - e a volte \u00e8 proprio quello che gli appassionati di chat casuali stanno cercando.<\/p>","protected":false},"excerpt":{"rendered":"<p>As more people look for spontaneous, face-to-face interactions online, random video chat platforms continue to thrive \u2014 especially in the post-Omegle era. One of the newer names making the rounds is MeetSkip, a browser-based random cam chat site offering quick connections, minimal setup, and an experience reminiscent of the early Omegle days. But with dozens [&hellip;]<\/p>\n","protected":false},"author":6,"featured_media":0,"parent":0,"menu_order":0,"comment_status":"closed","ping_status":"closed","template":"","meta":{"footnotes":""},"class_list":["post-12846","page","type-page","status-publish","hentry"],"yoast_head":"<!-- This site is optimized with the Yoast SEO plugin v27.4 - https:\/\/yoast.com\/product\/yoast-seo-wordpress\/ -->\n<title>MeetSkip - Free Online Chat Rooms on StrangerCam.com<\/title>\n<meta name=\"description\" content=\"Like MeetSkip? Come chat with more than 5.000.000 strangers on Stranger Cam for Free! Turn on your cam and find new friends &amp; maby a match!\" \/>\n<meta name=\"robots\" content=\"index, follow, max-snippet:-1, max-image-preview:large, max-video-preview:-1\" \/>\n<link rel=\"canonical\" href=\"https:\/\/strangercam.com\/it\/incontrarekip\/\" \/>\n<meta property=\"og:locale\" content=\"it_IT\" \/>\n<meta property=\"og:type\" content=\"article\" \/>\n<meta property=\"og:title\" content=\"MeetSkip - Free Online Chat Rooms on StrangerCam.com\" \/>\n<meta property=\"og:description\" content=\"Like MeetSkip? Come chat with more than 5.000.000 strangers on Stranger Cam for Free! Turn on your cam and find new friends &amp; maby a match!\" \/>\n<meta property=\"og:url\" content=\"https:\/\/strangercam.com\/it\/incontrarekip\/\" \/>\n<meta property=\"og:site_name\" content=\"Strangercam\" \/>\n<meta property=\"article:publisher\" content=\"https:\/\/www.facebook.com\/strangercam\" \/>\n<meta property=\"og:image\" content=\"https:\/\/strangercam.com\/wp-content\/uploads\/2021\/10\/Untitled-2.png\" \/>\n\t<meta property=\"og:image:width\" content=\"800\" \/>\n\t<meta property=\"og:image:height\" content=\"532\" \/>\n\t<meta property=\"og:image:type\" content=\"image\/png\" \/>\n<meta name=\"twitter:card\" content=\"summary_large_image\" \/>\n<meta name=\"twitter:site\" content=\"@strangercamapp\" \/>\n<meta name=\"twitter:label1\" content=\"Tempo di lettura stimato\" \/>\n\t<meta name=\"twitter:data1\" content=\"6 minuti\" \/>\n<script type=\"application\/ld+json\" class=\"yoast-schema-graph\">{\"@context\":\"https:\\\/\\\/schema.org\",\"@graph\":[{\"@type\":\"WebPage\",\"@id\":\"https:\\\/\\\/strangercam.com\\\/meetskip\\\/\",\"url\":\"https:\\\/\\\/strangercam.com\\\/meetskip\\\/\",\"name\":\"MeetSkip - Free Online Chat Rooms on StrangerCam.com\",\"isPartOf\":{\"@id\":\"https:\\\/\\\/strangercam.com\\\/#website\"},\"datePublished\":\"2025-05-14T07:44:05+00:00\",\"description\":\"Like MeetSkip? Come chat with more than 5.000.000 strangers on Stranger Cam for Free! Turn on your cam and find new friends & maby a match!\",\"breadcrumb\":{\"@id\":\"https:\\\/\\\/strangercam.com\\\/meetskip\\\/#breadcrumb\"},\"inLanguage\":\"it-IT\",\"potentialAction\":[{\"@type\":\"ReadAction\",\"target\":[\"https:\\\/\\\/strangercam.com\\\/meetskip\\\/\"]}]},{\"@type\":\"BreadcrumbList\",\"@id\":\"https:\\\/\\\/strangercam.com\\\/meetskip\\\/#breadcrumb\",\"itemListElement\":[{\"@type\":\"ListItem\",\"position\":1,\"name\":\"Home\",\"item\":\"https:\\\/\\\/strangercam.com\\\/\"},{\"@type\":\"ListItem\",\"position\":2,\"name\":\"MeetSkip\"}]},{\"@type\":\"WebSite\",\"@id\":\"https:\\\/\\\/strangercam.com\\\/#website\",\"url\":\"https:\\\/\\\/strangercam.com\\\/\",\"name\":\"Strangercam\",\"description\":\"Random Video Chat with Strangers\",\"publisher\":{\"@id\":\"https:\\\/\\\/strangercam.com\\\/#organization\"},\"alternateName\":\"Strangercam.com\",\"potentialAction\":[{\"@type\":\"SearchAction\",\"target\":{\"@type\":\"EntryPoint\",\"urlTemplate\":\"https:\\\/\\\/strangercam.com\\\/?s={search_term_string}\"},\"query-input\":{\"@type\":\"PropertyValueSpecification\",\"valueRequired\":true,\"valueName\":\"search_term_string\"}}],\"inLanguage\":\"it-IT\"},{\"@type\":\"Organization\",\"@id\":\"https:\\\/\\\/strangercam.com\\\/#organization\",\"name\":\"Strangercam\",\"alternateName\":\"Strangercam.com\",\"url\":\"https:\\\/\\\/strangercam.com\\\/\",\"logo\":{\"@type\":\"ImageObject\",\"inLanguage\":\"it-IT\",\"@id\":\"https:\\\/\\\/strangercam.com\\\/#\\\/schema\\\/logo\\\/image\\\/\",\"url\":\"https:\\\/\\\/strangercam.com\\\/wp-content\\\/uploads\\\/2020\\\/11\\\/cropped-new-favicon-black.png\",\"contentUrl\":\"https:\\\/\\\/strangercam.com\\\/wp-content\\\/uploads\\\/2020\\\/11\\\/cropped-new-favicon-black.png\",\"width\":512,\"height\":512,\"caption\":\"Strangercam\"},\"image\":{\"@id\":\"https:\\\/\\\/strangercam.com\\\/#\\\/schema\\\/logo\\\/image\\\/\"},\"sameAs\":[\"https:\\\/\\\/www.facebook.com\\\/strangercam\",\"https:\\\/\\\/x.com\\\/strangercamapp\"]}]}<\/script>\n<!-- \/ Yoast SEO plugin. -->","yoast_head_json":{"title":"MeetSkip - Stanze di chat online gratuite su StrangerCam.com","description":"Ti piace MeetSkip? Vieni a chattare con pi\u00f9 di 5.000.000 di sconosciuti su Stranger Cam gratuitamente! Accendi la tua cam e trova nuovi amici e magari un partner!","robots":{"index":"index","follow":"follow","max-snippet":"max-snippet:-1","max-image-preview":"max-image-preview:large","max-video-preview":"max-video-preview:-1"},"canonical":"https:\/\/strangercam.com\/it\/incontrarekip\/","og_locale":"it_IT","og_type":"article","og_title":"MeetSkip - Free Online Chat Rooms on StrangerCam.com","og_description":"Like MeetSkip? Come chat with more than 5.000.000 strangers on Stranger Cam for Free! Turn on your cam and find new friends & maby a match!","og_url":"https:\/\/strangercam.com\/it\/incontrarekip\/","og_site_name":"Strangercam","article_publisher":"https:\/\/www.facebook.com\/strangercam","og_image":[{"width":800,"height":532,"url":"https:\/\/strangercam.com\/wp-content\/uploads\/2021\/10\/Untitled-2.png","type":"image\/png"}],"twitter_card":"summary_large_image","twitter_site":"@strangercamapp","twitter_misc":{"Tempo di lettura stimato":"6 minuti"},"schema":{"@context":"https:\/\/schema.org","@graph":[{"@type":"WebPage","@id":"https:\/\/strangercam.com\/meetskip\/","url":"https:\/\/strangercam.com\/meetskip\/","name":"MeetSkip - Stanze di chat online gratuite su StrangerCam.com","isPartOf":{"@id":"https:\/\/strangercam.com\/#website"},"datePublished":"2025-05-14T07:44:05+00:00","description":"Ti piace MeetSkip? Vieni a chattare con pi\u00f9 di 5.000.000 di sconosciuti su Stranger Cam gratuitamente! Accendi la tua cam e trova nuovi amici e magari un partner!","breadcrumb":{"@id":"https:\/\/strangercam.com\/meetskip\/#breadcrumb"},"inLanguage":"it-IT","potentialAction":[{"@type":"ReadAction","target":["https:\/\/strangercam.com\/meetskip\/"]}]},{"@type":"BreadcrumbList","@id":"https:\/\/strangercam.com\/meetskip\/#breadcrumb","itemListElement":[{"@type":"ListItem","position":1,"name":"Home","item":"https:\/\/strangercam.com\/"},{"@type":"ListItem","position":2,"name":"MeetSkip"}]},{"@type":"WebSite","@id":"https:\/\/strangercam.com\/#website","url":"https:\/\/strangercam.com\/","name":"Strangercam","description":"Videochat casuale con sconosciuti","publisher":{"@id":"https:\/\/strangercam.com\/#organization"},"alternateName":"Strangercam.com","potentialAction":[{"@type":"SearchAction","target":{"@type":"EntryPoint","urlTemplate":"https:\/\/strangercam.com\/?s={search_term_string}"},"query-input":{"@type":"PropertyValueSpecification","valueRequired":true,"valueName":"search_term_string"}}],"inLanguage":"it-IT"},{"@type":"Organization","@id":"https:\/\/strangercam.com\/#organization","name":"Strangercam","alternateName":"Strangercam.com","url":"https:\/\/strangercam.com\/","logo":{"@type":"ImageObject","inLanguage":"it-IT","@id":"https:\/\/strangercam.com\/#\/schema\/logo\/image\/","url":"https:\/\/strangercam.com\/wp-content\/uploads\/2020\/11\/cropped-new-favicon-black.png","contentUrl":"https:\/\/strangercam.com\/wp-content\/uploads\/2020\/11\/cropped-new-favicon-black.png","width":512,"height":512,"caption":"Strangercam"},"image":{"@id":"https:\/\/strangercam.com\/#\/schema\/logo\/image\/"},"sameAs":["https:\/\/www.facebook.com\/strangercam","https:\/\/x.com\/strangercamapp"]}]}},"_links":{"self":[{"href":"https:\/\/strangercam.com\/it\/wp-json\/wp\/v2\/pages\/12846","targetHints":{"allow":["GET"]}}],"collection":[{"href":"https:\/\/strangercam.com\/it\/wp-json\/wp\/v2\/pages"}],"about":[{"href":"https:\/\/strangercam.com\/it\/wp-json\/wp\/v2\/types\/page"}],"author":[{"embeddable":true,"href":"https:\/\/strangercam.com\/it\/wp-json\/wp\/v2\/users\/6"}],"replies":[{"embeddable":true,"href":"https:\/\/strangercam.com\/it\/wp-json\/wp\/v2\/comments?post=12846"}],"version-history":[{"count":1,"href":"https:\/\/strangercam.com\/it\/wp-json\/wp\/v2\/pages\/12846\/revisions"}],"predecessor-version":[{"id":12847,"href":"https:\/\/strangercam.com\/it\/wp-json\/wp\/v2\/pages\/12846\/revisions\/12847"}],"wp:attachment":[{"href":"https:\/\/strangercam.com\/it\/wp-json\/wp\/v2\/media?parent=12846"}],"curies":[{"name":"wp","href":"https:\/\/api.w.org\/{rel}","templated":true}]}}