{"id":12700,"date":"2025-02-07T13:15:10","date_gmt":"2025-02-07T11:15:10","guid":{"rendered":"https:\/\/strangercam.com\/?page_id=12700"},"modified":"2025-02-07T13:15:40","modified_gmt":"2025-02-07T11:15:40","slug":"omegla","status":"publish","type":"page","link":"https:\/\/strangercam.com\/it\/omegla\/","title":{"rendered":"Omegla"},"content":{"rendered":"<p>Con l'uscita di scena dell'Omegle, una serie di nuove <a href=\"https:\/\/strangercam.com\/it\/rabbit-video-chat\/\">video<\/a> <a href=\"https:\/\/strangercam.com\/it\/chatroulette\/\">chat<\/a> per colmare questa lacuna sono nati dei servizi. Omegla \u00e8 una di queste piattaforme, che si ispira all'approccio diretto di Omegle alle chat casuali uno contro uno. Che siate alla ricerca di una conversazione veloce, di nuovi amici in tutto il mondo o semplicemente curiosi delle ultime innovazioni ispirate a Omegle, Omegla mira a fornire un'esperienza video divertente e facile da usare. Di seguito viene presentata una panoramica completa di ci\u00f2 che Omegla offre: le sue caratteristiche principali, l'interfaccia utente, le misure di sicurezza e il confronto con altri prodotti. <a href=\"https:\/\/strangercam.com\/it\/omegle\/\">Omegle<\/a> alternative come Uhmegle e Omegleweg.<\/p>\n<h2>Informazioni su Omegla<\/h2>\n<p>Omegla segue il classico schema della chat casuale:<\/p>\n<ol>\n<li><strong>Collegamenti immediati<\/strong>\n<ul>\n<li>Dopo una rapida visita al sito, basta un clic o un tocco per entrare in contatto con uno sconosciuto da qualsiasi parte del mondo.<\/li>\n<\/ul>\n<\/li>\n<li><strong>L'anonimato prima di tutto<\/strong>\n<ul>\n<li>L'assenza di registrazione obbligatoria consente di iniziare subito a chattare. Se preferite, potete creare un profilo di base, ma \u00e8 facoltativo.<\/li>\n<\/ul>\n<\/li>\n<li><strong>Focus individuale<\/strong>\n<ul>\n<li>Omegla punta su <em>individuale<\/em> Non ci sono sale per grandi gruppi o funzioni per conferenze, come dimostra la semplicit\u00e0 che contraddistingue l'Omegle.<\/li>\n<\/ul>\n<\/li>\n<\/ol>\n<p>Questo approccio minimalista si rivolge agli utenti che vogliono semplicemente salire, <a href=\"https:\/\/strangercam.com\/it\/coomeet\/\">incontrarsi<\/a> e continuare a chattare o passare ad altro se non c'\u00e8 sintonia.<\/p>\n<h2>Caratteristiche principali in sintesi<\/h2>\n<p>La tabella seguente illustra gli strumenti e le funzioni principali che definiscono l'esperienza utente di Omegla:<\/p>\n<table>\n<thead>\n<tr>\n<th><strong>Caratteristica<\/strong><\/th>\n<th><strong>Descrizione<\/strong><\/th>\n<\/tr>\n<\/thead>\n<tbody>\n<tr>\n<td><strong>Corrispondenza casuale<\/strong><\/td>\n<td>Accoppiatevi immediatamente con un utente a caso per una conversazione spontanea.<\/td>\n<\/tr>\n<tr>\n<td><strong>Opzione chat di testo<\/strong><\/td>\n<td>Inviate messaggi rapidi in tandem con i video in diretta per una maggiore chiarezza.<\/td>\n<\/tr>\n<tr>\n<td><strong>Tag interesse<\/strong><\/td>\n<td>Aggiungete o selezionate interessi ampi per orientare leggermente le vostre corrispondenze casuali.<\/td>\n<\/tr>\n<tr>\n<td><strong>Salta o Avanti<\/strong><\/td>\n<td>Passare senza problemi a un nuovo utente se la connessione attuale non \u00e8 adatta.<\/td>\n<\/tr>\n<tr>\n<td><strong>Impostazione minima<\/strong><\/td>\n<td>Non sono necessarie registrazioni onerose o impostazioni complicate.<\/td>\n<\/tr>\n<tr>\n<td><strong>Strumenti di feedback degli utenti<\/strong><\/td>\n<td>Valuta o segnala gli utenti per contribuire a mantenere gli standard della comunit\u00e0.<\/td>\n<\/tr>\n<\/tbody>\n<\/table>\n<p>Per questo motivo, Omegla mantiene il suo set di funzioni ridotto, assicurando che l'esperienza principale - parlare con gli sconosciuti - rimanga al centro dell'attenzione.<\/p>\n<h2>Interfaccia ed esperienza utente<\/h2>\n<h3>Layout pulito e semplificato<\/h3>\n<ul>\n<li><strong>Ampia finestra video<\/strong>: Al centro dello schermo si trova la persona con cui si sta chattando, priva di ingombri eccessivi.<\/li>\n<li><strong>Piccola barra laterale\/pannello<\/strong>: I controlli essenziali - avvio, successivo, chat di testo e filtri - sono disposti ordinatamente a lato.<\/li>\n<li><strong>Controlli familiari<\/strong>: Se avete utilizzato Omegle o altre piattaforme simili, vi adatterete immediatamente all'interfaccia di Omegla.<\/li>\n<\/ul>\n<h3>Connessioni rapide<\/h3>\n<ul>\n<li><strong>Bassa latenza<\/strong>: La pagina principale di Omegla si carica rapidamente e ci vuole solo un attimo per trovare una corrispondenza.<\/li>\n<li><strong>Qualit\u00e0 video adattiva<\/strong>: Il sistema rileva la velocit\u00e0 di Internet per fornire il miglior video possibile senza continui buffering.<\/li>\n<li><strong>Facile transizione verso il prossimo<\/strong>: Il passaggio da un utente all'altro causa raramente lag, rendendo semplice continuare a chattare finch\u00e9 non si trova la persona giusta.<\/li>\n<\/ul>\n<h2>Sicurezza e moderazione<\/h2>\n<p>Poich\u00e9 la chat casuale pu\u00f2 essere imprevedibile, Omegla adotta diverse misure per garantire un ambiente pi\u00f9 rispettoso:<\/p>\n<ol>\n<li><strong>Funzione di rapporto\/blocco<\/strong>\n<ul>\n<li>Con un solo clic, \u00e8 possibile segnalare gli utenti che violano gli standard della comunit\u00e0. Il team di moderazione esamina le sessioni segnalate.<\/li>\n<\/ul>\n<\/li>\n<li><strong>Linee guida per i contenuti di base<\/strong>\n<ul>\n<li>Regole chiare delineano quali comportamenti sono off-limits, fornendo alla comunit\u00e0 degli utenti un quadro di riferimento concordato.<\/li>\n<\/ul>\n<\/li>\n<li><strong>Valutazioni degli utenti<\/strong>\n<ul>\n<li>In alcuni casi, \u00e8 possibile lasciare un feedback sui propri incontri, contribuendo a promuovere le interazioni positive e a eliminare i comportamenti problematici.<\/li>\n<\/ul>\n<\/li>\n<\/ol>\n<p>Sebbene nessuna piattaforma possa garantire la perfezione, questi strumenti favoriscono una pi\u00f9 sicura <a href=\"https:\/\/strangercam.com\/it\/mocospace\/\">spazio<\/a> rispetto all'atmosfera di libert\u00e0 che a volte affliggeva le vecchie piattaforme di chat casuale.<\/p>\n<h2>Confronto con altre alternative Omegle<\/h2>\n<p>Omegla \u00e8 solo uno dei numerosi servizi emergenti simili a Omegle, come ad esempio <strong>Uhmegle<\/strong> e <strong>Omegleweg<\/strong>. Di seguito \u00e8 riportata un'istantanea di come si confrontano gli aspetti principali:<\/p>\n<table>\n<thead>\n<tr>\n<th><strong>Piattaforma<\/strong><\/th>\n<th><strong>Facilit\u00e0 d'uso<\/strong><\/th>\n<th><strong>Qualit\u00e0 video<\/strong><\/th>\n<th><strong>Filtri\/Tags<\/strong><\/th>\n<th><strong>Strumenti di reporting<\/strong><\/th>\n<th><strong>Dimensione della base di utenti<\/strong><\/th>\n<\/tr>\n<\/thead>\n<tbody>\n<tr>\n<td><strong>Omegla<\/strong><\/td>\n<td>Molto semplice<\/td>\n<td>Streaming HD adattivo<\/td>\n<td>Interessi di base<\/td>\n<td>Rapporto rapido\/Blocco<\/td>\n<td>In rapida crescita<\/td>\n<\/tr>\n<tr>\n<td>Uhmegle<\/td>\n<td>Semplice<\/td>\n<td>Generalmente stabile<\/td>\n<td>Un po' dettagliato<\/td>\n<td>Gruppo di revisione del manuale<\/td>\n<td>Utenti consolidati<\/td>\n<\/tr>\n<tr>\n<td>Omegleweg<\/td>\n<td>Minimalista<\/td>\n<td>Solido (un po' di buffering)<\/td>\n<td>Limitato<\/td>\n<td>Reporting di base<\/td>\n<td>Moderato<\/td>\n<\/tr>\n<\/tbody>\n<\/table>\n<ul>\n<li><strong>Facilit\u00e0 d'uso<\/strong>: Tutte e tre le piattaforme condividono un approccio senza fronzoli, ma l'interfaccia di Omegla \u00e8 particolarmente pulita.<\/li>\n<li><strong>Qualit\u00e0 video<\/strong>: Omegla si concentra sullo streaming adattivo, offrendo prestazioni abbastanza costanti.<\/li>\n<li><strong>Filtri\/Tags<\/strong>: Uhmegle pu\u00f2 offrire maggiori dettagli, ma i tag di interesse di base di Omegla mantengono le cose semplici.<\/li>\n<li><strong>Strumenti di reporting<\/strong>: Omegla \u00e8 noto per il suo semplice pulsante di blocco\/report, che garantisce un'interruzione minima durante le sessioni live.<\/li>\n<\/ul>\n<h2>Dati demografici e attivit\u00e0 degli utenti<\/h2>\n<h3>Chi usa Omegla?<\/h3>\n<ul>\n<li><strong>Fascia d'et\u00e0 primaria<\/strong>: I giovani adulti (18-35 anni) sono la maggior parte, ma anche le fasce demografiche pi\u00f9 anziane si fermano a chiacchierare.<\/li>\n<li><strong>Le lingue<\/strong>: Prevalentemente di lingua inglese, ma \u00e8 possibile trovare una discreta variet\u00e0 di altre lingue grazie all'accessibilit\u00e0 globale.<\/li>\n<li><strong>Comunit\u00e0 globale<\/strong>: Forte presenza in Nord America e in Europa, con basi di utenti in crescita in Asia e in Sud America.<\/li>\n<\/ul>\n<h3>Tendenze di utilizzo<\/h3>\n<ul>\n<li><strong>Orari di punta<\/strong>: La sera e il fine settimana, quando le persone si rilassano dal lavoro o dalla scuola.<\/li>\n<li><strong>Conversazioni casuali<\/strong>: Molti utenti sono l\u00ec semplicemente per divertirsi o per passare il tempo.<\/li>\n<li><strong>L'occasionale conversazione profonda<\/strong>: Alcune persone rimangono per colloqui pi\u00f9 significativi: hobby, eventi globali o scambi culturali.<\/li>\n<\/ul>\n<h2>Pro e contro<\/h2>\n<p>Di seguito una rapida sintesi dei punti di forza di Omegla e delle potenziali aree di miglioramento:<\/p>\n<table>\n<thead>\n<tr>\n<th><strong>Pro<\/strong><\/th>\n<th><strong>Contro<\/strong><\/th>\n<\/tr>\n<\/thead>\n<tbody>\n<tr>\n<td>\u2013 <strong>Chat casuali istantanee<\/strong>: Il pulsante di avvio rapido consente di chattare velocemente.<\/td>\n<td>\u2013 <strong>Contenuti potenzialmente inappropriati<\/strong>: La natura casuale \u00e8 sinonimo di sorprese.<\/td>\n<\/tr>\n<tr>\n<td>\u2013 <strong>Non \u00e8 richiesta la registrazione<\/strong>: Iscrivetevi senza condividere i vostri dati personali.<\/td>\n<td>\u2013 <strong>Filtraggio limitato<\/strong>: I tag di base consentono solo di affinare la ricerca per argomenti generali.<\/td>\n<\/tr>\n<tr>\n<td>\u2013 <strong>Connessioni veloci e stabili<\/strong>: Lo streaming adattivo mantiene le chiamate fluide.<\/td>\n<td>\u2013 <strong>Nessuna personalizzazione del profilo<\/strong>: Chi cerca una maggiore personalizzazione pu\u00f2 sentirsi limitato.<\/td>\n<\/tr>\n<tr>\n<td>\u2013 <strong>Interfaccia semplice<\/strong>: Curva di apprendimento minima per i nuovi arrivati.<\/td>\n<td>\u2013 <strong>Affidamento sui rapporti degli utenti<\/strong>: L'efficacia della moderazione dipende dalla vigilanza della comunit\u00e0.<\/td>\n<\/tr>\n<\/tbody>\n<\/table>\n<h2>Miglioramenti futuri suggeriti<\/h2>\n<p>Omegla continua a evolversi e gli utenti condividono frequentemente il loro feedback. Alcuni potenziali miglioramenti includono:<\/p>\n<ol>\n<li><strong>Categorie di interesse ampliate<\/strong>\n<ul>\n<li>Consentite agli utenti di scegliere tra una serie pi\u00f9 ampia di interessi per rendere le connessioni pi\u00f9 pertinenti.<\/li>\n<\/ul>\n<\/li>\n<li><strong>Nome utente o profilo opzionale<\/strong>\n<ul>\n<li>Offrire una maggiore personalizzazione per coloro che vogliono tenere traccia delle partite amichevoli.<\/li>\n<\/ul>\n<\/li>\n<li><strong>Traduzione integrata<\/strong>\n<ul>\n<li>Facilitare le conversazioni interlinguistiche per un'esperienza ancora pi\u00f9 globale.<\/li>\n<\/ul>\n<\/li>\n<li><strong>Filtro immediato per i contenuti inappropriati<\/strong>\n<ul>\n<li>Il rilevamento guidato dall'intelligenza artificiale potrebbe aiutare a frenare pi\u00f9 rapidamente i comportamenti espliciti o offensivi.<\/li>\n<\/ul>\n<\/li>\n<\/ol>\n<h2>Come iniziare: Una guida rapida<\/h2>\n<p>Siete pronti a provare Omegla? Ecco una breve tabella di marcia:<\/p>\n<ol>\n<li><strong>Visita Omegla<\/strong>: Accedere al sito web direttamente su qualsiasi browser comune.<\/li>\n<li><strong>Consentire l'uso della fotocamera e del microfono<\/strong>: Concedere le autorizzazioni necessarie per l'audio e il video.<\/li>\n<li><strong>Scegliere gli interessi (facoltativo)<\/strong>: Selezionare alcuni tag ampi per guidare la corrispondenza casuale.<\/li>\n<li><strong>Fare clic su \"Avvio\".<\/strong>: Verrete rapidamente abbinati a un altro utente.<\/li>\n<li><strong>Chattare o saltare<\/strong>: Se non \u00e8 adatto, fare clic su \"Avanti\" per andare avanti.<\/li>\n<li><strong>Blocco\/Rapporto<\/strong>: Se un utente viola le linee guida, \u00e8 disponibile un'opzione di segnalazione con un solo clic.<\/li>\n<\/ol>\n<p>Siete online e incontrate nuove persone in pochi secondi, senza bisogno di noiose iscrizioni.<\/p>\n<h2>Conclusione<\/h2>\n<p>In un mondo in cui l'assenza di Omegle ha lasciato un vuoto per gli appassionati di video chat spontanee, Omegla si posiziona come un'alternativa semplice e moderna. La sua interfaccia minimale, le connessioni rapide e l'impegno per le funzioni di facile utilizzo rispecchiano l'essenza di ci\u00f2 che rendeva cos\u00ec attraente l'Omegle originale.<\/p>\n<p>Sebbene la moderazione su qualsiasi piattaforma casuale non sia mai infallibile, gli strumenti di segnalazione e blocco di Omegla mirano a sostenere un'atmosfera pi\u00f9 positiva. Per chi desidera interazioni casuali e internazionali senza dover creare account o navigare tra le innumerevoli impostazioni, Omegla offre un'esperienza coinvolgente e senza fronzoli. Con un continuo perfezionamento e una moderazione attenta, ha il potenziale per ritagliarsi un posto stabile tra i successori di Omegle come Uhmegle e Omegleweg.<\/p>\n<p>Se siete alla ricerca della classica atmosfera da \"sconosciuto con un clic\", Omegla potrebbe essere il vostro prossimo punto di riferimento per incontrare persone da tutto il mondo, una chat spontanea alla volta.<\/p>","protected":false},"excerpt":{"rendered":"<p>With Omegle\u2019s departure, a variety of new video chat services have emerged to fill the gap. Omegla is one such platform, taking inspiration from Omegle\u2019s straightforward approach to random one-on-one chatting. Whether you\u2019re looking for a quick conversation, seeking new friends worldwide, or just curious about the latest Omegle-inspired innovations, Omegla aims to provide a [&hellip;]<\/p>\n","protected":false},"author":6,"featured_media":0,"parent":0,"menu_order":0,"comment_status":"closed","ping_status":"closed","template":"","meta":{"footnotes":""},"class_list":["post-12700","page","type-page","status-publish","hentry"],"yoast_head":"<!-- This site is optimized with the Yoast SEO plugin v27.4 - https:\/\/yoast.com\/product\/yoast-seo-wordpress\/ -->\n<title>Omegla - Free video chat with girls on StrangerCam.com<\/title>\n<meta name=\"description\" content=\"Like Omegla? Come chat with more than 5.000.000 strangers on Stranger Cam for Free! Turn on your cam and find new friends &amp; maby a match!\" \/>\n<meta name=\"robots\" content=\"index, follow, max-snippet:-1, max-image-preview:large, max-video-preview:-1\" \/>\n<link rel=\"canonical\" href=\"https:\/\/strangercam.com\/it\/omegla\/\" \/>\n<meta property=\"og:locale\" content=\"it_IT\" \/>\n<meta property=\"og:type\" content=\"article\" \/>\n<meta property=\"og:title\" content=\"Omegla - Free video chat with girls on StrangerCam.com\" \/>\n<meta property=\"og:description\" content=\"Like Omegla? Come chat with more than 5.000.000 strangers on Stranger Cam for Free! Turn on your cam and find new friends &amp; maby a match!\" \/>\n<meta property=\"og:url\" content=\"https:\/\/strangercam.com\/it\/omegla\/\" \/>\n<meta property=\"og:site_name\" content=\"Strangercam\" \/>\n<meta property=\"article:publisher\" content=\"https:\/\/www.facebook.com\/strangercam\" \/>\n<meta property=\"article:modified_time\" content=\"2025-02-07T11:15:40+00:00\" \/>\n<meta property=\"og:image\" content=\"https:\/\/strangercam.com\/wp-content\/uploads\/2021\/10\/Untitled-2.png\" \/>\n\t<meta property=\"og:image:width\" content=\"800\" \/>\n\t<meta property=\"og:image:height\" content=\"532\" \/>\n\t<meta property=\"og:image:type\" content=\"image\/png\" \/>\n<meta name=\"twitter:card\" content=\"summary_large_image\" \/>\n<meta name=\"twitter:site\" content=\"@strangercamapp\" \/>\n<meta name=\"twitter:label1\" content=\"Tempo di lettura stimato\" \/>\n\t<meta name=\"twitter:data1\" content=\"6 minuti\" \/>\n<script type=\"application\/ld+json\" class=\"yoast-schema-graph\">{\"@context\":\"https:\\\/\\\/schema.org\",\"@graph\":[{\"@type\":\"WebPage\",\"@id\":\"https:\\\/\\\/strangercam.com\\\/omegla\\\/\",\"url\":\"https:\\\/\\\/strangercam.com\\\/omegla\\\/\",\"name\":\"Omegla - Free video chat with girls on StrangerCam.com\",\"isPartOf\":{\"@id\":\"https:\\\/\\\/strangercam.com\\\/#website\"},\"datePublished\":\"2025-02-07T11:15:10+00:00\",\"dateModified\":\"2025-02-07T11:15:40+00:00\",\"description\":\"Like Omegla? Come chat with more than 5.000.000 strangers on Stranger Cam for Free! Turn on your cam and find new friends & maby a match!\",\"breadcrumb\":{\"@id\":\"https:\\\/\\\/strangercam.com\\\/omegla\\\/#breadcrumb\"},\"inLanguage\":\"it-IT\",\"potentialAction\":[{\"@type\":\"ReadAction\",\"target\":[\"https:\\\/\\\/strangercam.com\\\/omegla\\\/\"]}]},{\"@type\":\"BreadcrumbList\",\"@id\":\"https:\\\/\\\/strangercam.com\\\/omegla\\\/#breadcrumb\",\"itemListElement\":[{\"@type\":\"ListItem\",\"position\":1,\"name\":\"Home\",\"item\":\"https:\\\/\\\/strangercam.com\\\/\"},{\"@type\":\"ListItem\",\"position\":2,\"name\":\"Omegla\"}]},{\"@type\":\"WebSite\",\"@id\":\"https:\\\/\\\/strangercam.com\\\/#website\",\"url\":\"https:\\\/\\\/strangercam.com\\\/\",\"name\":\"Strangercam\",\"description\":\"Random Video Chat with Strangers\",\"publisher\":{\"@id\":\"https:\\\/\\\/strangercam.com\\\/#organization\"},\"alternateName\":\"Strangercam.com\",\"potentialAction\":[{\"@type\":\"SearchAction\",\"target\":{\"@type\":\"EntryPoint\",\"urlTemplate\":\"https:\\\/\\\/strangercam.com\\\/?s={search_term_string}\"},\"query-input\":{\"@type\":\"PropertyValueSpecification\",\"valueRequired\":true,\"valueName\":\"search_term_string\"}}],\"inLanguage\":\"it-IT\"},{\"@type\":\"Organization\",\"@id\":\"https:\\\/\\\/strangercam.com\\\/#organization\",\"name\":\"Strangercam\",\"alternateName\":\"Strangercam.com\",\"url\":\"https:\\\/\\\/strangercam.com\\\/\",\"logo\":{\"@type\":\"ImageObject\",\"inLanguage\":\"it-IT\",\"@id\":\"https:\\\/\\\/strangercam.com\\\/#\\\/schema\\\/logo\\\/image\\\/\",\"url\":\"https:\\\/\\\/strangercam.com\\\/wp-content\\\/uploads\\\/2020\\\/11\\\/cropped-new-favicon-black.png\",\"contentUrl\":\"https:\\\/\\\/strangercam.com\\\/wp-content\\\/uploads\\\/2020\\\/11\\\/cropped-new-favicon-black.png\",\"width\":512,\"height\":512,\"caption\":\"Strangercam\"},\"image\":{\"@id\":\"https:\\\/\\\/strangercam.com\\\/#\\\/schema\\\/logo\\\/image\\\/\"},\"sameAs\":[\"https:\\\/\\\/www.facebook.com\\\/strangercam\",\"https:\\\/\\\/x.com\\\/strangercamapp\"]}]}<\/script>\n<!-- \/ Yoast SEO plugin. -->","yoast_head_json":{"title":"Omegla - Videochat gratuita con ragazze su StrangerCam.com","description":"Ti piace Omegla? Vieni a chattare con pi\u00f9 di 5.000.000 di sconosciuti su Stranger Cam gratuitamente! Accendi la tua cam e trova nuovi amici e magari un partner!","robots":{"index":"index","follow":"follow","max-snippet":"max-snippet:-1","max-image-preview":"max-image-preview:large","max-video-preview":"max-video-preview:-1"},"canonical":"https:\/\/strangercam.com\/it\/omegla\/","og_locale":"it_IT","og_type":"article","og_title":"Omegla - Free video chat with girls on StrangerCam.com","og_description":"Like Omegla? Come chat with more than 5.000.000 strangers on Stranger Cam for Free! Turn on your cam and find new friends & maby a match!","og_url":"https:\/\/strangercam.com\/it\/omegla\/","og_site_name":"Strangercam","article_publisher":"https:\/\/www.facebook.com\/strangercam","article_modified_time":"2025-02-07T11:15:40+00:00","og_image":[{"width":800,"height":532,"url":"https:\/\/strangercam.com\/wp-content\/uploads\/2021\/10\/Untitled-2.png","type":"image\/png"}],"twitter_card":"summary_large_image","twitter_site":"@strangercamapp","twitter_misc":{"Tempo di lettura stimato":"6 minuti"},"schema":{"@context":"https:\/\/schema.org","@graph":[{"@type":"WebPage","@id":"https:\/\/strangercam.com\/omegla\/","url":"https:\/\/strangercam.com\/omegla\/","name":"Omegla - Videochat gratuita con ragazze su StrangerCam.com","isPartOf":{"@id":"https:\/\/strangercam.com\/#website"},"datePublished":"2025-02-07T11:15:10+00:00","dateModified":"2025-02-07T11:15:40+00:00","description":"Ti piace Omegla? Vieni a chattare con pi\u00f9 di 5.000.000 di sconosciuti su Stranger Cam gratuitamente! Accendi la tua cam e trova nuovi amici e magari un partner!","breadcrumb":{"@id":"https:\/\/strangercam.com\/omegla\/#breadcrumb"},"inLanguage":"it-IT","potentialAction":[{"@type":"ReadAction","target":["https:\/\/strangercam.com\/omegla\/"]}]},{"@type":"BreadcrumbList","@id":"https:\/\/strangercam.com\/omegla\/#breadcrumb","itemListElement":[{"@type":"ListItem","position":1,"name":"Home","item":"https:\/\/strangercam.com\/"},{"@type":"ListItem","position":2,"name":"Omegla"}]},{"@type":"WebSite","@id":"https:\/\/strangercam.com\/#website","url":"https:\/\/strangercam.com\/","name":"Strangercam","description":"Videochat casuale con sconosciuti","publisher":{"@id":"https:\/\/strangercam.com\/#organization"},"alternateName":"Strangercam.com","potentialAction":[{"@type":"SearchAction","target":{"@type":"EntryPoint","urlTemplate":"https:\/\/strangercam.com\/?s={search_term_string}"},"query-input":{"@type":"PropertyValueSpecification","valueRequired":true,"valueName":"search_term_string"}}],"inLanguage":"it-IT"},{"@type":"Organization","@id":"https:\/\/strangercam.com\/#organization","name":"Strangercam","alternateName":"Strangercam.com","url":"https:\/\/strangercam.com\/","logo":{"@type":"ImageObject","inLanguage":"it-IT","@id":"https:\/\/strangercam.com\/#\/schema\/logo\/image\/","url":"https:\/\/strangercam.com\/wp-content\/uploads\/2020\/11\/cropped-new-favicon-black.png","contentUrl":"https:\/\/strangercam.com\/wp-content\/uploads\/2020\/11\/cropped-new-favicon-black.png","width":512,"height":512,"caption":"Strangercam"},"image":{"@id":"https:\/\/strangercam.com\/#\/schema\/logo\/image\/"},"sameAs":["https:\/\/www.facebook.com\/strangercam","https:\/\/x.com\/strangercamapp"]}]}},"_links":{"self":[{"href":"https:\/\/strangercam.com\/it\/wp-json\/wp\/v2\/pages\/12700","targetHints":{"allow":["GET"]}}],"collection":[{"href":"https:\/\/strangercam.com\/it\/wp-json\/wp\/v2\/pages"}],"about":[{"href":"https:\/\/strangercam.com\/it\/wp-json\/wp\/v2\/types\/page"}],"author":[{"embeddable":true,"href":"https:\/\/strangercam.com\/it\/wp-json\/wp\/v2\/users\/6"}],"replies":[{"embeddable":true,"href":"https:\/\/strangercam.com\/it\/wp-json\/wp\/v2\/comments?post=12700"}],"version-history":[{"count":1,"href":"https:\/\/strangercam.com\/it\/wp-json\/wp\/v2\/pages\/12700\/revisions"}],"predecessor-version":[{"id":12701,"href":"https:\/\/strangercam.com\/it\/wp-json\/wp\/v2\/pages\/12700\/revisions\/12701"}],"wp:attachment":[{"href":"https:\/\/strangercam.com\/it\/wp-json\/wp\/v2\/media?parent=12700"}],"curies":[{"name":"wp","href":"https:\/\/api.w.org\/{rel}","templated":true}]}}