{"id":12587,"date":"2024-11-08T12:02:12","date_gmt":"2024-11-08T10:02:12","guid":{"rendered":"https:\/\/strangercam.com\/?page_id=12587"},"modified":"2025-02-04T09:36:39","modified_gmt":"2025-02-04T07:36:39","slug":"rabbit-video-chat","status":"publish","type":"page","link":"https:\/\/strangercam.com\/it\/rabbit-video-chat\/","title":{"rendered":"Video chat con il coniglio"},"content":{"rendered":"<p>Siete alla ricerca di un modo vivace e spontaneo per entrare in contatto con nuove persone online? Video del coniglio <a href=\"https:\/\/strangercam.com\/it\/chatroulette\/\">Chat<\/a> offre un'esperienza in stile chatroulette, abbinandovi a sconosciuti di tutto il mondo per divertenti incontri faccia a faccia. Di seguito, esploriamo le caratteristiche principali di Rabbit Video Chat, come si differenzia da altri siti di chat casuali e perch\u00e9 \u00e8 una scelta obbligata per connessioni sociali rapide e vivaci.<\/p>\n<h2>Caratteristiche principali<\/h2>\n<p>Coniglio <a href=\"https:\/\/strangercam.com\/it\/coomeet\/\">Video chat<\/a> si concentra sulla semplicit\u00e0 e sull'intrattenimento, aiutandovi a lanciarvi nelle conversazioni video senza inutili ostacoli. Le sue caratteristiche includono:<\/p>\n<ul>\n<li><strong>Corrispondenza casuale dei video<\/strong>: Abbinamenti immediati con sconosciuti in tutto il mondo per autentiche chat a tu per tu.<\/li>\n<li><strong>Filtri ed effetti divertenti<\/strong>: Aggiungete emozioni alle conversazioni con maschere digitali stravaganti e sovrapposizioni giocose.<\/li>\n<li><strong>Navigazione rapida<\/strong>: Passare rapidamente da un incontro all'altro per conoscere sempre nuove persone.<\/li>\n<li><strong>Ottimizzato per i dispositivi mobili<\/strong>: Godetevi chat video fluide sia su smartphone che su desktop.<\/li>\n<\/ul>\n<h2>Esperienza di video chat casuale<\/h2>\n<p>Rabbit Video Chat eccelle nell'abbinamento immediato con nuove persone, assicurandovi di passare pi\u00f9 tempo a parlare e meno ad aspettare.<\/p>\n<h3>Abbinamento istantaneo<\/h3>\n<p>Toccando il pulsante \"Inizia\", l'algoritmo della piattaforma vi metter\u00e0 rapidamente in contatto con un altro utente in cerca di una conversazione. \u00c8 tutta una questione di spontaneit\u00e0: non sono necessari profili estesi o passaggi complicati.<\/p>\n<h3>Auto Avanti<\/h3>\n<p>Non siete d'accordo con il vostro partner attuale? Basta premere \"Avanti\" per andare avanti. Questo garantisce un ambiente veloce in cui potrete trovare l'abbinamento giusto per voi.<\/p>\n<h3>Comunit\u00e0 globale<\/h3>\n<p>La base di utenti di Rabbit Video Chat abbraccia tutti i continenti, offrendo ampie opportunit\u00e0 di conoscere culture diverse e forse anche di praticare una nuova lingua.<\/p>\n<h2>Extra divertenti<\/h2>\n<p>Questa piattaforma va oltre le chiamate standard con funzioni aggiuntive che rendono pi\u00f9 vivace l'esperienza della chat casuale:<\/p>\n<table>\n<thead>\n<tr>\n<th>Caratteristica<\/th>\n<th>Descrizione<\/th>\n<\/tr>\n<\/thead>\n<tbody>\n<tr>\n<td><strong>Filtri e maschere digitali<\/strong><\/td>\n<td>Iniettate umorismo o creativit\u00e0 nelle conversazioni con divertenti effetti visivi.<\/td>\n<\/tr>\n<tr>\n<td><strong>Integrazione della chat di testo<\/strong><\/td>\n<td>Scrivete messaggi veloci o condividete link se all'inizio parlare vi sembra troppo personale.<\/td>\n<\/tr>\n<tr>\n<td><strong>Strumento per le istantanee<\/strong><\/td>\n<td>Catturate i momenti memorabili (con il consenso del vostro partner di chat) per rivederli in seguito.<\/td>\n<\/tr>\n<tr>\n<td><strong>Tag interesse<\/strong><\/td>\n<td>Etichettate le chat con argomenti (musica, viaggi, giochi) per una migliore compatibilit\u00e0 con i nuovi incontri.<\/td>\n<\/tr>\n<\/tbody>\n<\/table>\n<h2>Interfaccia ed esperienza utente<\/h2>\n<p>Rabbit Video Chat ha l'obiettivo di fornire un'interfaccia chiara e lineare, che tenga i riflettori puntati sulla vostra <a href=\"https:\/\/strangercam.com\/it\/mili\/\">dal vivo<\/a> video.<\/p>\n<h3>Design e navigazione<\/h3>\n<ul>\n<li><strong>Controlli minimalisti<\/strong>: I pulsanti \u201cAvvia\u201d, \u201cInterrompi\u201d e \u201cSuccessivo\u201d, chiaramente contrassegnati, facilitano la gestione delle chat.<\/li>\n<li><strong>Menu basati su icone<\/strong>: Filtri, chat di testo e altre funzioni sono accessibili tramite icone intuitive.<\/li>\n<li><strong>Layout reattivo<\/strong>: Dagli smartphone ai grandi monitor, l'interfaccia si adatta senza problemi.<\/li>\n<\/ul>\n<h3>Personalizzazione<\/h3>\n<ul>\n<li><strong>Profili opzionali<\/strong>: Utilizzate un nickname o rimanete anonimi per garantire la privacy.<\/li>\n<li><strong>Preferenze di notifica<\/strong>: Scegliere come ricevere le richieste di amicizia o gli aggiornamenti.<\/li>\n<li><strong>Impostazioni sulla privacy<\/strong>: Controllare la condivisione della posizione e gestire i dettagli visibili agli altri.<\/li>\n<\/ul>\n<h2>Prestazioni<\/h2>\n<p>Connessioni veloci e stabili sono essenziali per qualsiasi app di video in diretta e Rabbit Video Chat lavora per offrire un'esperienza affidabile:<\/p>\n<h3>Server ottimizzati<\/h3>\n<ul>\n<li><strong>Riduzione del ritardo<\/strong>: Un'infrastruttura efficiente mira a ridurre al minimo la latenza delle videochiamate.<\/li>\n<li><strong>Qualit\u00e0 adattiva<\/strong>: La risoluzione video si regola in base alla velocit\u00e0 di Internet per ridurre al minimo le interruzioni.<\/li>\n<li><strong>Modalit\u00e0 efficiente dei dati<\/strong>: Gli utenti di telefonia mobile possono attivare impostazioni di utilizzo dei dati pi\u00f9 basse.<\/li>\n<\/ul>\n<h2>Sicurezza e moderazione<\/h2>\n<p>Le chat video casuali possono portare contenuti inaspettati, quindi Rabbit Video Chat include diverse misure di sicurezza:<\/p>\n<h3>Supervisione della comunit\u00e0<\/h3>\n<ul>\n<li><strong>Strumenti di segnalazione e blocco<\/strong>: Segnalate rapidamente gli utenti inappropriati e bloccateli da incontri futuri.<\/li>\n<li><strong>Moderazione AI<\/strong>: I sistemi automatici monitorano in tempo reale i comportamenti espliciti o dannosi.<\/li>\n<li><strong>Team di moderazione umana<\/strong>: I membri dello staff esaminano i problemi segnalati per mantenere la piattaforma accogliente.<\/li>\n<\/ul>\n<h3>Controlli sulla privacy<\/h3>\n<ul>\n<li><strong>Interfaccia anonima<\/strong>: Chattare senza rivelare i propri dati personali.<\/li>\n<li><strong>Archiviazione crittografata dei dati<\/strong>: La crittografia di base protegge le informazioni sensibili dell'account.<\/li>\n<li><strong>Limiti di et\u00e0<\/strong>: La verifica dell'et\u00e0 aiuta a proteggere i minori.<\/li>\n<\/ul>\n<h2>Monetizzazione e aggiornamenti<\/h2>\n<p>Mentre l'Rabbit Video Chat \u00e8 in gran parte <a href=\"https:\/\/strangercam.com\/it\/chat4free\/\">libero<\/a> da usare, ma offre anche funzioni premium:<\/p>\n<h3>Vantaggi Premium<\/h3>\n<ul>\n<li><strong>Navigazione senza annunci<\/strong>: Rimuovere gli annunci pubblicitari per chattare senza interruzioni.<\/li>\n<li><strong>Effetti esclusivi<\/strong>: Sblocca filtri e sfondi speciali.<\/li>\n<li><strong>Corrispondenza migliorata<\/strong>: Perfezionare i tag di interesse e i filtri di localizzazione.<\/li>\n<\/ul>\n<h3>Sistemi di ricompensa<\/h3>\n<ul>\n<li><strong>Punti fedelt\u00e0<\/strong>: Guadagna crediti grazie all'uso frequente, che possono essere riscattati in cambio di articoli premium.<\/li>\n<li><strong>Vantaggi del referral<\/strong>: Invita i tuoi amici e ricevi dei bonus per ogni iscrizione andata a buon fine.<\/li>\n<\/ul>\n<h2>Posizionamento sul mercato<\/h2>\n<p>Rabbit Video Chat \u00e8 un'alternativa vivace a quelle pi\u00f9 consolidate. <a href=\"https:\/\/strangercam.com\/it\/chathub\/\">video chat casuale<\/a> piattaforme, appoggiandosi alla sua interfaccia facile da usare e al suo solido approccio di moderazione.<\/p>\n<h3>Dati demografici degli utenti<\/h3>\n<ul>\n<li><strong>Fascia d'et\u00e0<\/strong>: Prevalentemente 18-35 anni, anche se partecipano adulti di tutte le et\u00e0.<\/li>\n<li><strong>Interessi primari<\/strong>: Conversazioni informali, scambio culturale, pratica della lingua.<\/li>\n<li><strong>Orari di punta<\/strong>: Le notti e i fine settimana registrano il maggior traffico di utenti.<\/li>\n<\/ul>\n<h3>Portata globale<\/h3>\n<ul>\n<li><strong>Utenti internazionali<\/strong>: Impegnarsi con persone provenienti da diversi paesi e contesti.<\/li>\n<li><strong>Interfaccia multilingue<\/strong>: Passare a diverse opzioni linguistiche per un'esperienza localizzata.<\/li>\n<\/ul>\n<h2>Pro e contro<\/h2>\n<p>Ecco una rapida panoramica dei vantaggi e dei potenziali limiti dell'Rabbit Video Chat:<\/p>\n<table>\n<thead>\n<tr>\n<th>Pro<\/th>\n<th>Contro<\/th>\n<\/tr>\n<\/thead>\n<tbody>\n<tr>\n<td>\n<ul>\n<li>Connessioni rapide e casuali<\/li>\n<li>Interfaccia utente semplice<\/li>\n<li>Filtri ed effetti divertenti<\/li>\n<li>Strumenti di moderazione e sicurezza dedicati<\/li>\n<li>Funziona bene sui dispositivi mobili<\/li>\n<\/ul>\n<\/td>\n<td>\n<ul>\n<li>Esposizione occasionale a contenuti indesiderati<\/li>\n<li>Richiede Internet stabile per una qualit\u00e0 ottimale<\/li>\n<li>Meno funzioni gratuite rispetto agli aggiornamenti a pagamento<\/li>\n<li>Competere con piattaforme pi\u00f9 grandi e conosciute<\/li>\n<\/ul>\n<\/td>\n<\/tr>\n<\/tbody>\n<\/table>\n<h2>Conclusione<\/h2>\n<p>Rabbit Video Chat \u00e8 un'opzione stimolante e facile da usare se vi piace incontrare sconosciuti attraverso videochiamate casuali. Il suo design semplicistico, la comunit\u00e0 globale inclusiva e i solidi strumenti di moderazione ne fanno una scelta solida per le chat veloci, la pratica della lingua o gli incontri divertenti in tempo reale. Sia che siate alle prime armi con le videochiamate casuali o che siate dei professionisti, Rabbit Video Chat si distingue come un modo semplice e affidabile per connettersi con persone di ogni estrazione sociale, a portata di clic.<\/p>","protected":false},"excerpt":{"rendered":"<p>Are you looking for a spirited and spontaneous way to connect with new people online? Rabbit Video Chat delivers a chatroulette-style experience, pairing you with strangers from across the globe for fun face-to-face encounters. Below, we explore Rabbit Video Chat\u2019s standout features, how it differs from other random chat sites, and why it\u2019s a go-to [&hellip;]<\/p>\n","protected":false},"author":6,"featured_media":0,"parent":0,"menu_order":0,"comment_status":"closed","ping_status":"closed","template":"","meta":{"footnotes":""},"class_list":["post-12587","page","type-page","status-publish","hentry"],"yoast_head":"<!-- This site is optimized with the Yoast SEO plugin v27.4 - https:\/\/yoast.com\/product\/yoast-seo-wordpress\/ -->\n<title>Rabbit Video Chat - Free Video Chat Rooms - StrangerCam.com<\/title>\n<meta name=\"description\" content=\"Discover Chamet, the ultimate online platform connecting you to free video chat rooms and live streams. Join Chamet today!\" \/>\n<meta name=\"robots\" content=\"index, follow, max-snippet:-1, max-image-preview:large, max-video-preview:-1\" \/>\n<link rel=\"canonical\" href=\"https:\/\/strangercam.com\/it\/rabbit-video-chat\/\" \/>\n<meta property=\"og:locale\" content=\"it_IT\" \/>\n<meta property=\"og:type\" content=\"article\" \/>\n<meta property=\"og:title\" content=\"Rabbit Video Chat - Free Video Chat Rooms - StrangerCam.com\" \/>\n<meta property=\"og:description\" content=\"Discover Chamet, the ultimate online platform connecting you to free video chat rooms and live streams. Join Chamet today!\" \/>\n<meta property=\"og:url\" content=\"https:\/\/strangercam.com\/it\/rabbit-video-chat\/\" \/>\n<meta property=\"og:site_name\" content=\"Strangercam\" \/>\n<meta property=\"article:publisher\" content=\"https:\/\/www.facebook.com\/strangercam\" \/>\n<meta property=\"article:modified_time\" content=\"2025-02-04T07:36:39+00:00\" \/>\n<meta property=\"og:image\" content=\"https:\/\/strangercam.com\/wp-content\/uploads\/2021\/10\/Untitled-2.png\" \/>\n\t<meta property=\"og:image:width\" content=\"800\" \/>\n\t<meta property=\"og:image:height\" content=\"532\" \/>\n\t<meta property=\"og:image:type\" content=\"image\/png\" \/>\n<meta name=\"twitter:card\" content=\"summary_large_image\" \/>\n<meta name=\"twitter:site\" content=\"@strangercamapp\" \/>\n<meta name=\"twitter:label1\" content=\"Tempo di lettura stimato\" \/>\n\t<meta name=\"twitter:data1\" content=\"4 minuti\" \/>\n<script type=\"application\/ld+json\" class=\"yoast-schema-graph\">{\"@context\":\"https:\\\/\\\/schema.org\",\"@graph\":[{\"@type\":\"WebPage\",\"@id\":\"https:\\\/\\\/strangercam.com\\\/rabbit-video-chat\\\/\",\"url\":\"https:\\\/\\\/strangercam.com\\\/rabbit-video-chat\\\/\",\"name\":\"Rabbit Video Chat - Free Video Chat Rooms - StrangerCam.com\",\"isPartOf\":{\"@id\":\"https:\\\/\\\/strangercam.com\\\/#website\"},\"datePublished\":\"2024-11-08T10:02:12+00:00\",\"dateModified\":\"2025-02-04T07:36:39+00:00\",\"description\":\"Discover Chamet, the ultimate online platform connecting you to free video chat rooms and live streams. Join Chamet today!\",\"breadcrumb\":{\"@id\":\"https:\\\/\\\/strangercam.com\\\/rabbit-video-chat\\\/#breadcrumb\"},\"inLanguage\":\"it-IT\",\"potentialAction\":[{\"@type\":\"ReadAction\",\"target\":[\"https:\\\/\\\/strangercam.com\\\/rabbit-video-chat\\\/\"]}]},{\"@type\":\"BreadcrumbList\",\"@id\":\"https:\\\/\\\/strangercam.com\\\/rabbit-video-chat\\\/#breadcrumb\",\"itemListElement\":[{\"@type\":\"ListItem\",\"position\":1,\"name\":\"Home\",\"item\":\"https:\\\/\\\/strangercam.com\\\/\"},{\"@type\":\"ListItem\",\"position\":2,\"name\":\"Rabbit Video Chat\"}]},{\"@type\":\"WebSite\",\"@id\":\"https:\\\/\\\/strangercam.com\\\/#website\",\"url\":\"https:\\\/\\\/strangercam.com\\\/\",\"name\":\"Strangercam\",\"description\":\"Random Video Chat with Strangers\",\"publisher\":{\"@id\":\"https:\\\/\\\/strangercam.com\\\/#organization\"},\"alternateName\":\"Strangercam.com\",\"potentialAction\":[{\"@type\":\"SearchAction\",\"target\":{\"@type\":\"EntryPoint\",\"urlTemplate\":\"https:\\\/\\\/strangercam.com\\\/?s={search_term_string}\"},\"query-input\":{\"@type\":\"PropertyValueSpecification\",\"valueRequired\":true,\"valueName\":\"search_term_string\"}}],\"inLanguage\":\"it-IT\"},{\"@type\":\"Organization\",\"@id\":\"https:\\\/\\\/strangercam.com\\\/#organization\",\"name\":\"Strangercam\",\"alternateName\":\"Strangercam.com\",\"url\":\"https:\\\/\\\/strangercam.com\\\/\",\"logo\":{\"@type\":\"ImageObject\",\"inLanguage\":\"it-IT\",\"@id\":\"https:\\\/\\\/strangercam.com\\\/#\\\/schema\\\/logo\\\/image\\\/\",\"url\":\"https:\\\/\\\/strangercam.com\\\/wp-content\\\/uploads\\\/2020\\\/11\\\/cropped-new-favicon-black.png\",\"contentUrl\":\"https:\\\/\\\/strangercam.com\\\/wp-content\\\/uploads\\\/2020\\\/11\\\/cropped-new-favicon-black.png\",\"width\":512,\"height\":512,\"caption\":\"Strangercam\"},\"image\":{\"@id\":\"https:\\\/\\\/strangercam.com\\\/#\\\/schema\\\/logo\\\/image\\\/\"},\"sameAs\":[\"https:\\\/\\\/www.facebook.com\\\/strangercam\",\"https:\\\/\\\/x.com\\\/strangercamapp\"]}]}<\/script>\n<!-- \/ Yoast SEO plugin. -->","yoast_head_json":{"title":"Rabbit Video Chat - Stanze di video chat gratuite - StrangerCam.com","description":"Scoprite Chamet, l'ultima piattaforma online che vi connette a sale di video chat gratuite e flussi in diretta. Unisciti a Chamet oggi stesso!","robots":{"index":"index","follow":"follow","max-snippet":"max-snippet:-1","max-image-preview":"max-image-preview:large","max-video-preview":"max-video-preview:-1"},"canonical":"https:\/\/strangercam.com\/it\/rabbit-video-chat\/","og_locale":"it_IT","og_type":"article","og_title":"Rabbit Video Chat - Free Video Chat Rooms - StrangerCam.com","og_description":"Discover Chamet, the ultimate online platform connecting you to free video chat rooms and live streams. Join Chamet today!","og_url":"https:\/\/strangercam.com\/it\/rabbit-video-chat\/","og_site_name":"Strangercam","article_publisher":"https:\/\/www.facebook.com\/strangercam","article_modified_time":"2025-02-04T07:36:39+00:00","og_image":[{"width":800,"height":532,"url":"https:\/\/strangercam.com\/wp-content\/uploads\/2021\/10\/Untitled-2.png","type":"image\/png"}],"twitter_card":"summary_large_image","twitter_site":"@strangercamapp","twitter_misc":{"Tempo di lettura stimato":"4 minuti"},"schema":{"@context":"https:\/\/schema.org","@graph":[{"@type":"WebPage","@id":"https:\/\/strangercam.com\/rabbit-video-chat\/","url":"https:\/\/strangercam.com\/rabbit-video-chat\/","name":"Rabbit Video Chat - Stanze di video chat gratuite - StrangerCam.com","isPartOf":{"@id":"https:\/\/strangercam.com\/#website"},"datePublished":"2024-11-08T10:02:12+00:00","dateModified":"2025-02-04T07:36:39+00:00","description":"Scoprite Chamet, l'ultima piattaforma online che vi connette a sale di video chat gratuite e flussi in diretta. Unisciti a Chamet oggi stesso!","breadcrumb":{"@id":"https:\/\/strangercam.com\/rabbit-video-chat\/#breadcrumb"},"inLanguage":"it-IT","potentialAction":[{"@type":"ReadAction","target":["https:\/\/strangercam.com\/rabbit-video-chat\/"]}]},{"@type":"BreadcrumbList","@id":"https:\/\/strangercam.com\/rabbit-video-chat\/#breadcrumb","itemListElement":[{"@type":"ListItem","position":1,"name":"Home","item":"https:\/\/strangercam.com\/"},{"@type":"ListItem","position":2,"name":"Rabbit Video Chat"}]},{"@type":"WebSite","@id":"https:\/\/strangercam.com\/#website","url":"https:\/\/strangercam.com\/","name":"Strangercam","description":"Videochat casuale con sconosciuti","publisher":{"@id":"https:\/\/strangercam.com\/#organization"},"alternateName":"Strangercam.com","potentialAction":[{"@type":"SearchAction","target":{"@type":"EntryPoint","urlTemplate":"https:\/\/strangercam.com\/?s={search_term_string}"},"query-input":{"@type":"PropertyValueSpecification","valueRequired":true,"valueName":"search_term_string"}}],"inLanguage":"it-IT"},{"@type":"Organization","@id":"https:\/\/strangercam.com\/#organization","name":"Strangercam","alternateName":"Strangercam.com","url":"https:\/\/strangercam.com\/","logo":{"@type":"ImageObject","inLanguage":"it-IT","@id":"https:\/\/strangercam.com\/#\/schema\/logo\/image\/","url":"https:\/\/strangercam.com\/wp-content\/uploads\/2020\/11\/cropped-new-favicon-black.png","contentUrl":"https:\/\/strangercam.com\/wp-content\/uploads\/2020\/11\/cropped-new-favicon-black.png","width":512,"height":512,"caption":"Strangercam"},"image":{"@id":"https:\/\/strangercam.com\/#\/schema\/logo\/image\/"},"sameAs":["https:\/\/www.facebook.com\/strangercam","https:\/\/x.com\/strangercamapp"]}]}},"_links":{"self":[{"href":"https:\/\/strangercam.com\/it\/wp-json\/wp\/v2\/pages\/12587","targetHints":{"allow":["GET"]}}],"collection":[{"href":"https:\/\/strangercam.com\/it\/wp-json\/wp\/v2\/pages"}],"about":[{"href":"https:\/\/strangercam.com\/it\/wp-json\/wp\/v2\/types\/page"}],"author":[{"embeddable":true,"href":"https:\/\/strangercam.com\/it\/wp-json\/wp\/v2\/users\/6"}],"replies":[{"embeddable":true,"href":"https:\/\/strangercam.com\/it\/wp-json\/wp\/v2\/comments?post=12587"}],"version-history":[{"count":3,"href":"https:\/\/strangercam.com\/it\/wp-json\/wp\/v2\/pages\/12587\/revisions"}],"predecessor-version":[{"id":12689,"href":"https:\/\/strangercam.com\/it\/wp-json\/wp\/v2\/pages\/12587\/revisions\/12689"}],"wp:attachment":[{"href":"https:\/\/strangercam.com\/it\/wp-json\/wp\/v2\/media?parent=12587"}],"curies":[{"name":"wp","href":"https:\/\/api.w.org\/{rel}","templated":true}]}}