{"id":12254,"date":"2025-09-29T10:09:11","date_gmt":"2025-09-29T08:09:11","guid":{"rendered":"https:\/\/strangercam.com\/?page_id=12254"},"modified":"2025-09-29T12:07:57","modified_gmt":"2025-09-29T10:07:57","slug":"videochiamata-casuale-americana","status":"publish","type":"page","link":"https:\/\/strangercam.com\/it\/american-random-video-call\/","title":{"rendered":"Videochiamata americana casuale"},"content":{"rendered":"<p>Cercate una piattaforma americana per le videochiamate casuali? Siete nel posto giusto. Nel 2025, migliaia di persone cercano modi per connettersi istantaneamente con sconosciuti negli Stati Uniti, sia per fare nuove amicizie, sia per intrattenere conversazioni casuali o semplicemente per esplorare la cultura americana online. A differenza delle tradizionali app di incontri o dei social network, le piattaforme di videochiamate casuali consentono di incontrare persone reali faccia a faccia in pochi secondi.<\/p>\n<p>Con servizi come StrangerCam, potete partecipare a una videochiamata casuale americana proprio adesso. Nessuna iscrizione, nessun costo, nessuna attesa: solo conversazioni video istantanee con persone in tutti gli Stati Uniti e oltre.<\/p>\n<p>Questa guida vi spiegher\u00e0 tutto quello che c'\u00e8 da sapere: cosa sono le videochiamate casuali americane, perch\u00e9 sono popolari, come funzionano, quali caratteristiche cercare, un confronto tra le migliori piattaforme, consigli per la sicurezza e perch\u00e9 StrangerCam \u00e8 una delle scelte migliori oggi.<\/p>\n<h2>Che cos'\u00e8 una videochiamata casuale americana?<\/h2>\n<p>Una videochiamata casuale americana \u00e8 una videochiamata online a tu per tu <a href=\"https:\/\/strangercam.com\/it\/chathub\/\">chat<\/a> che vi mette in contatto con sconosciuti negli Stati Uniti. L'esperienza \u00e8 semplice:<\/p>\n<ul>\n<li>Si fa clic su un pulsante.<\/li>\n<li>Si viene immediatamente abbinati a qualcuno di nuovo negli Stati Uniti.<\/li>\n<li>\u00c8 possibile parlare faccia a faccia utilizzando la webcam e il microfono.<\/li>\n<li>Non vi piace l'abbinamento? Basta fare clic su Avanti per andare avanti.<\/li>\n<\/ul>\n<p>A differenza delle app di incontri, non c'\u00e8 bisogno di aspettare le corrispondenze o di scrivere lunghe biografie. \u00c8 diretto, divertente e imprevedibile.<\/p>\n<h2>Perch\u00e9 le persone amano le videochiamate casuali americane<\/h2>\n<p>Il fascino di entrare in contatto con persone sconosciute negli Stati Uniti \u00e8 evidente:<\/p>\n<ul>\n<li>Curiosit\u00e0 culturale: Incontrare americani provenienti da Stati, contesti e stili di vita diversi.<\/li>\n<li>Praticare l'inglese: Molti utenti internazionali utilizzano le videochiamate casuali americane per migliorare le proprie conoscenze linguistiche.<\/li>\n<li>Amicizia e flirt: Se si desidera una conversazione casuale o un flirt giocoso, la chat casuale \u00e8 perfetta.<\/li>\n<li>Spontaneit\u00e0: ogni telefonata \u00e8 diversa, non si sa mai chi si incontrer\u00e0 dopo.<\/li>\n<li>Accessibilit\u00e0: \u00c8 gratuito, immediato e non richiede alcuna iscrizione.<\/li>\n<\/ul>\n<h2>Come funziona la videochiamata casuale americana?<\/h2>\n<p>Bastano pochi passi:<\/p>\n<ol>\n<li>Aprire la piattaforma (come StrangerCam).<\/li>\n<li>Consentire l'accesso alla telecamera e al microfono.<\/li>\n<li>Fare clic su \"Avvia videochiamata\".<\/li>\n<li>Abbinatevi immediatamente a uno sconosciuto in America.<\/li>\n<li>Fate clic su \"Avanti\" in qualsiasi momento per incontrare qualcuno di nuovo.<\/li>\n<\/ol>\n<p>Tutto qui: veloce, facile e sempre gratuito.<\/p>\n<h2>Caratteristiche da ricercare in una piattaforma americana per videochiamate casuali<\/h2>\n<p>Non tutte le piattaforme offrono la stessa esperienza. Ecco cosa conta di pi\u00f9:<\/p>\n<ul>\n<li>Filtri di localizzazione: Possibilit\u00e0 di abbinare in modo specifico gli utenti degli Stati Uniti.<\/li>\n<li>Accesso libero: Uso illimitato senza barriere a pagamento nascoste.<\/li>\n<li>Nessuna iscrizione: Chat istantanea senza account.<\/li>\n<li>Mobile Friendly: funziona senza problemi su iOS e Android.<\/li>\n<li>Moderazione sicura: Protezione contro i bot e i contenuti inappropriati.<\/li>\n<li>Qualit\u00e0 video: Video e audio chiari per connessioni reali.<\/li>\n<\/ul>\n<h2>Le migliori piattaforme americane di videochiamate casuali nel 2025<\/h2>\n<p>Ecco come si confrontano i servizi pi\u00f9 popolari di oggi:<\/p>\n<table>\n<thead>\n<tr>\n<th>Piattaforma<\/th>\n<th align=\"center\">Accesso libero<\/th>\n<th align=\"center\">Filtro posizione USA<\/th>\n<th align=\"center\">\u00c8 necessario iscriversi<\/th>\n<th align=\"center\">Supporto mobile<\/th>\n<th align=\"center\">Moderazione<\/th>\n<th>Note<\/th>\n<\/tr>\n<\/thead>\n<tbody>\n<tr>\n<td>StrangerCam<\/td>\n<td align=\"center\">\u2705<\/td>\n<td align=\"center\">\u2705 (Gratuito)<\/td>\n<td align=\"center\">\u274c<\/td>\n<td align=\"center\">\u2705<\/td>\n<td align=\"center\">\u2705<\/td>\n<td>Il migliore in assoluto: gratuito, incentrato sugli USA<\/td>\n<\/tr>\n<tr>\n<td><a href=\"https:\/\/strangercam.com\/it\/chatroulette\/\">Chatroulette<\/a><\/td>\n<td align=\"center\">\u2705<\/td>\n<td align=\"center\">\u274c<\/td>\n<td align=\"center\">\u274c<\/td>\n<td align=\"center\">\u2705<\/td>\n<td align=\"center\">\u2705<\/td>\n<td>Classico, solo casuale<\/td>\n<\/tr>\n<tr>\n<td>Chatrandom<\/td>\n<td align=\"center\">\u2705<\/td>\n<td align=\"center\">\u2705 (Pagato)<\/td>\n<td align=\"center\">\u274c<\/td>\n<td align=\"center\">\u2705<\/td>\n<td align=\"center\">\u2705<\/td>\n<td>Popolare, ma gli aggiornamenti costano<\/td>\n<\/tr>\n<tr>\n<td><a href=\"https:\/\/strangercam.com\/it\/ometv\/\">OmeTV<\/a><\/td>\n<td align=\"center\">\u2705<\/td>\n<td align=\"center\">\u274c<\/td>\n<td align=\"center\">\u274c<\/td>\n<td align=\"center\">\u2705<\/td>\n<td align=\"center\">\u2705<\/td>\n<td>Basato su app, con focus globale<\/td>\n<\/tr>\n<tr>\n<td>Shagle<\/td>\n<td align=\"center\">\u2705<\/td>\n<td align=\"center\">\u2705 (Pagato)<\/td>\n<td align=\"center\">\u274c<\/td>\n<td align=\"center\">\u2705<\/td>\n<td align=\"center\">\u2705<\/td>\n<td>Caratteristiche premium bloccate<\/td>\n<\/tr>\n<tr>\n<td><a href=\"https:\/\/strangercam.com\/it\/coomeet\/\">CooMeet<\/a><\/td>\n<td align=\"center\">\u274c (Prova)<\/td>\n<td align=\"center\">\u2705<\/td>\n<td align=\"center\">\u2705<\/td>\n<td align=\"center\">\u2705<\/td>\n<td align=\"center\">\u2705<\/td>\n<td>A pagamento, incentrato sull'incontro tra uomini e donne<\/td>\n<\/tr>\n<\/tbody>\n<\/table>\n<p>StrangerCam \u00e8 una delle uniche piattaforme che offre videochiamate casuali gratuite specificamente con gli americani, senza iscrizione e senza limiti di utilizzo.<\/p>\n<h2>Perch\u00e9 StrangerCam \u00e8 la scelta migliore<\/h2>\n<p>Ecco perch\u00e9 StrangerCam \u00e8 perfetta per chi cerca \"videochiamata americana casuale\":<\/p>\n<ul>\n<li>Completamente gratuito e illimitato - Nessun sistema di prova o di credito.<\/li>\n<li>USA Location Matching - Incontrare persone reali negli Stati Uniti.<\/li>\n<li>Non \u00e8 necessario iscriversi - Rimanete anonimi e iniziate subito.<\/li>\n<li>Sicuro e moderato - Maggiore sicurezza rispetto alle vecchie piattaforme di tipo Omegle.<\/li>\n<li>Mobile e Desktop Ready - Funziona ovunque e in qualsiasi momento.<\/li>\n<li>Base di utenti diversificata - Incontrare gli americani da una costa all'altra.<\/li>\n<\/ul>\n<h2>Testimonianze di utenti reali<\/h2>\n<blockquote><p>\"Volevo praticare il mio inglese e ho cercato delle videochiamate americane casuali. StrangerCam mi ha messo in contatto con persone di New York e della California in pochi minuti\".<br \/>\n- Daniel, 24 anni (Spagna)<\/p><\/blockquote>\n<blockquote><p>\"\u00c8 cos\u00ec divertente incontrare americani a caso: a volte \u00e8 casuale, a volte flirtante, sempre eccitante\".<br \/>\n- Sophia, 21 anni (Canada)<\/p><\/blockquote>\n<blockquote><p>\"A differenza di altri siti, questo \u00e8 veramente gratuito. Nessuna iscrizione, nessun trucco\".<br \/>\n- Ryan, 29 anni (USA)<\/p><\/blockquote>\n<blockquote><p>\"Ho gi\u00e0 avuto grandi conversazioni con persone del Texas, della Florida e di Chicago. \u00c8 una sensazione reale e sicura\".<br \/>\n- Leah, 20 anni (Germania)<\/p><\/blockquote>\n<h2>Consigli di sicurezza per le videochiamate casuali americane<\/h2>\n<p>Anche se chiacchierare con gli sconosciuti negli Stati Uniti \u00e8 divertente, \u00e8 bene essere sempre al sicuro:<\/p>\n<ul>\n<li>Non condividete mai informazioni personali (telefono, indirizzo, luogo di lavoro).<\/li>\n<li>Evitare i link sospetti durante le chat.<\/li>\n<li>Usate Skip\/Block se qualcuno vi mette a disagio.<\/li>\n<li>Controllare lo sfondo prima di accendere la webcam.<\/li>\n<li>Usate un soprannome al posto del vostro vero nome.<\/li>\n<li>Rispettate le regole di et\u00e0 della piattaforma: se avete meno di 18 anni, non utilizzate la chat per adulti.<\/li>\n<\/ul>\n<h2>Come iniziare - Passo dopo passo<\/h2>\n<p>Ecco come iniziare la prima videochiamata casuale americana:<\/p>\n<ol>\n<li>Aprite StrangerCam nel vostro browser o sul cellulare.<\/li>\n<li>Consentire l'accesso alla telecamera e al microfono.<\/li>\n<li>Scegliere il filtro USA (se disponibile).<\/li>\n<li>Fare clic su Avvia chat.<\/li>\n<li>Incontrare immediatamente uno sconosciuto americano.<\/li>\n<li>Premete Avanti in qualsiasi momento per incontrare qualcuno di nuovo.<\/li>\n<\/ol>\n<p>Nel 2025, la domanda di videochiamate casuali americane non \u00e8 mai stata cos\u00ec alta. Le persone di tutto il mondo sono curiose di entrare in contatto con gli americani per amicizia, divertimento e scambio culturale.<\/p>\n<p>Piattaforme come StrangerCam lo rendono facile: videochiamate gratuite, istantanee e sicure con persone reali negli Stati Uniti. Nessuna iscrizione, nessuna spesa nascosta, solo connessioni spontanee con gli americani con un semplice clic.<\/p>\n<p>Sei pronto a conoscere qualcuno di nuovo? Iniziate oggi stesso la vostra videochiamata casuale americana e scoprite con chi vi metterete in contatto.<\/p>","protected":false},"excerpt":{"rendered":"<p>Looking for an American random video call platform? You\u2019re in the right place. In 2025, thousands of people search for ways to connect instantly with strangers in the United States\u2014whether to make new friends, enjoy casual conversations, or simply explore American culture online. Unlike traditional dating apps or social networks, random video call platforms let [&hellip;]<\/p>\n","protected":false},"author":8,"featured_media":0,"parent":0,"menu_order":0,"comment_status":"closed","ping_status":"closed","template":"","meta":{"footnotes":""},"class_list":["post-12254","page","type-page","status-publish","hentry"],"yoast_head":"<!-- This site is optimized with the Yoast SEO plugin v27.4 - https:\/\/yoast.com\/product\/yoast-seo-wordpress\/ -->\n<title>American Random Video Call with Video Chat on Strangercam.com<\/title>\n<meta name=\"description\" content=\"Liking American Random Video Call? Join millions on StrangerCam.com! Start a random video chat, turn on your cam, and meet strangers instantly.\" \/>\n<meta name=\"robots\" content=\"index, follow, max-snippet:-1, max-image-preview:large, max-video-preview:-1\" \/>\n<link rel=\"canonical\" href=\"https:\/\/strangercam.com\/it\/videochiamata-casuale-americana\/\" \/>\n<meta property=\"og:locale\" content=\"it_IT\" \/>\n<meta property=\"og:type\" content=\"article\" \/>\n<meta property=\"og:title\" content=\"American Random Video Call with Video Chat on Strangercam.com\" \/>\n<meta property=\"og:description\" content=\"Liking American Random Video Call? Join millions on StrangerCam.com! Start a random video chat, turn on your cam, and meet strangers instantly.\" \/>\n<meta property=\"og:url\" content=\"https:\/\/strangercam.com\/it\/videochiamata-casuale-americana\/\" \/>\n<meta property=\"og:site_name\" content=\"Strangercam\" \/>\n<meta property=\"article:publisher\" content=\"https:\/\/www.facebook.com\/strangercam\" \/>\n<meta property=\"article:modified_time\" content=\"2025-09-29T10:07:57+00:00\" \/>\n<meta property=\"og:image\" content=\"https:\/\/strangercam.com\/wp-content\/uploads\/2021\/10\/Untitled-2.png\" \/>\n\t<meta property=\"og:image:width\" content=\"800\" \/>\n\t<meta property=\"og:image:height\" content=\"532\" \/>\n\t<meta property=\"og:image:type\" content=\"image\/png\" \/>\n<meta name=\"twitter:card\" content=\"summary_large_image\" \/>\n<meta name=\"twitter:site\" content=\"@strangercamapp\" \/>\n<meta name=\"twitter:label1\" content=\"Tempo di lettura stimato\" \/>\n\t<meta name=\"twitter:data1\" content=\"4 minuti\" \/>\n<script type=\"application\/ld+json\" class=\"yoast-schema-graph\">{\"@context\":\"https:\\\/\\\/schema.org\",\"@graph\":[{\"@type\":\"WebPage\",\"@id\":\"https:\\\/\\\/strangercam.com\\\/american-random-video-call\\\/\",\"url\":\"https:\\\/\\\/strangercam.com\\\/american-random-video-call\\\/\",\"name\":\"American Random Video Call with Video Chat on Strangercam.com\",\"isPartOf\":{\"@id\":\"https:\\\/\\\/strangercam.com\\\/#website\"},\"datePublished\":\"2025-09-29T08:09:11+00:00\",\"dateModified\":\"2025-09-29T10:07:57+00:00\",\"description\":\"Liking American Random Video Call? Join millions on StrangerCam.com! Start a random video chat, turn on your cam, and meet strangers instantly.\",\"breadcrumb\":{\"@id\":\"https:\\\/\\\/strangercam.com\\\/american-random-video-call\\\/#breadcrumb\"},\"inLanguage\":\"it-IT\",\"potentialAction\":[{\"@type\":\"ReadAction\",\"target\":[\"https:\\\/\\\/strangercam.com\\\/american-random-video-call\\\/\"]}]},{\"@type\":\"BreadcrumbList\",\"@id\":\"https:\\\/\\\/strangercam.com\\\/american-random-video-call\\\/#breadcrumb\",\"itemListElement\":[{\"@type\":\"ListItem\",\"position\":1,\"name\":\"Home\",\"item\":\"https:\\\/\\\/strangercam.com\\\/\"},{\"@type\":\"ListItem\",\"position\":2,\"name\":\"American Random Video Call\"}]},{\"@type\":\"WebSite\",\"@id\":\"https:\\\/\\\/strangercam.com\\\/#website\",\"url\":\"https:\\\/\\\/strangercam.com\\\/\",\"name\":\"Strangercam\",\"description\":\"Random Video Chat with Strangers\",\"publisher\":{\"@id\":\"https:\\\/\\\/strangercam.com\\\/#organization\"},\"alternateName\":\"Strangercam.com\",\"potentialAction\":[{\"@type\":\"SearchAction\",\"target\":{\"@type\":\"EntryPoint\",\"urlTemplate\":\"https:\\\/\\\/strangercam.com\\\/?s={search_term_string}\"},\"query-input\":{\"@type\":\"PropertyValueSpecification\",\"valueRequired\":true,\"valueName\":\"search_term_string\"}}],\"inLanguage\":\"it-IT\"},{\"@type\":\"Organization\",\"@id\":\"https:\\\/\\\/strangercam.com\\\/#organization\",\"name\":\"Strangercam\",\"alternateName\":\"Strangercam.com\",\"url\":\"https:\\\/\\\/strangercam.com\\\/\",\"logo\":{\"@type\":\"ImageObject\",\"inLanguage\":\"it-IT\",\"@id\":\"https:\\\/\\\/strangercam.com\\\/#\\\/schema\\\/logo\\\/image\\\/\",\"url\":\"https:\\\/\\\/strangercam.com\\\/wp-content\\\/uploads\\\/2020\\\/11\\\/cropped-new-favicon-black.png\",\"contentUrl\":\"https:\\\/\\\/strangercam.com\\\/wp-content\\\/uploads\\\/2020\\\/11\\\/cropped-new-favicon-black.png\",\"width\":512,\"height\":512,\"caption\":\"Strangercam\"},\"image\":{\"@id\":\"https:\\\/\\\/strangercam.com\\\/#\\\/schema\\\/logo\\\/image\\\/\"},\"sameAs\":[\"https:\\\/\\\/www.facebook.com\\\/strangercam\",\"https:\\\/\\\/x.com\\\/strangercamapp\"]}]}<\/script>\n<!-- \/ Yoast SEO plugin. -->","yoast_head_json":{"title":"Videochiamata casuale americana con video chat su Strangercam.com","description":"Ti piace la videochiamata casuale americana? Join milioni su StrangerCam.com! Avvia una videochiamata casuale, accendi la tua cam e incontra subito degli sconosciuti.","robots":{"index":"index","follow":"follow","max-snippet":"max-snippet:-1","max-image-preview":"max-image-preview:large","max-video-preview":"max-video-preview:-1"},"canonical":"https:\/\/strangercam.com\/it\/videochiamata-casuale-americana\/","og_locale":"it_IT","og_type":"article","og_title":"American Random Video Call with Video Chat on Strangercam.com","og_description":"Liking American Random Video Call? Join millions on StrangerCam.com! Start a random video chat, turn on your cam, and meet strangers instantly.","og_url":"https:\/\/strangercam.com\/it\/videochiamata-casuale-americana\/","og_site_name":"Strangercam","article_publisher":"https:\/\/www.facebook.com\/strangercam","article_modified_time":"2025-09-29T10:07:57+00:00","og_image":[{"width":800,"height":532,"url":"https:\/\/strangercam.com\/wp-content\/uploads\/2021\/10\/Untitled-2.png","type":"image\/png"}],"twitter_card":"summary_large_image","twitter_site":"@strangercamapp","twitter_misc":{"Tempo di lettura stimato":"4 minuti"},"schema":{"@context":"https:\/\/schema.org","@graph":[{"@type":"WebPage","@id":"https:\/\/strangercam.com\/american-random-video-call\/","url":"https:\/\/strangercam.com\/american-random-video-call\/","name":"Videochiamata casuale americana con video chat su Strangercam.com","isPartOf":{"@id":"https:\/\/strangercam.com\/#website"},"datePublished":"2025-09-29T08:09:11+00:00","dateModified":"2025-09-29T10:07:57+00:00","description":"Ti piace la videochiamata casuale americana? Join milioni su StrangerCam.com! Avvia una videochiamata casuale, accendi la tua cam e incontra subito degli sconosciuti.","breadcrumb":{"@id":"https:\/\/strangercam.com\/american-random-video-call\/#breadcrumb"},"inLanguage":"it-IT","potentialAction":[{"@type":"ReadAction","target":["https:\/\/strangercam.com\/american-random-video-call\/"]}]},{"@type":"BreadcrumbList","@id":"https:\/\/strangercam.com\/american-random-video-call\/#breadcrumb","itemListElement":[{"@type":"ListItem","position":1,"name":"Home","item":"https:\/\/strangercam.com\/"},{"@type":"ListItem","position":2,"name":"American Random Video Call"}]},{"@type":"WebSite","@id":"https:\/\/strangercam.com\/#website","url":"https:\/\/strangercam.com\/","name":"Strangercam","description":"Videochat casuale con sconosciuti","publisher":{"@id":"https:\/\/strangercam.com\/#organization"},"alternateName":"Strangercam.com","potentialAction":[{"@type":"SearchAction","target":{"@type":"EntryPoint","urlTemplate":"https:\/\/strangercam.com\/?s={search_term_string}"},"query-input":{"@type":"PropertyValueSpecification","valueRequired":true,"valueName":"search_term_string"}}],"inLanguage":"it-IT"},{"@type":"Organization","@id":"https:\/\/strangercam.com\/#organization","name":"Strangercam","alternateName":"Strangercam.com","url":"https:\/\/strangercam.com\/","logo":{"@type":"ImageObject","inLanguage":"it-IT","@id":"https:\/\/strangercam.com\/#\/schema\/logo\/image\/","url":"https:\/\/strangercam.com\/wp-content\/uploads\/2020\/11\/cropped-new-favicon-black.png","contentUrl":"https:\/\/strangercam.com\/wp-content\/uploads\/2020\/11\/cropped-new-favicon-black.png","width":512,"height":512,"caption":"Strangercam"},"image":{"@id":"https:\/\/strangercam.com\/#\/schema\/logo\/image\/"},"sameAs":["https:\/\/www.facebook.com\/strangercam","https:\/\/x.com\/strangercamapp"]}]}},"_links":{"self":[{"href":"https:\/\/strangercam.com\/it\/wp-json\/wp\/v2\/pages\/12254","targetHints":{"allow":["GET"]}}],"collection":[{"href":"https:\/\/strangercam.com\/it\/wp-json\/wp\/v2\/pages"}],"about":[{"href":"https:\/\/strangercam.com\/it\/wp-json\/wp\/v2\/types\/page"}],"author":[{"embeddable":true,"href":"https:\/\/strangercam.com\/it\/wp-json\/wp\/v2\/users\/8"}],"replies":[{"embeddable":true,"href":"https:\/\/strangercam.com\/it\/wp-json\/wp\/v2\/comments?post=12254"}],"version-history":[{"count":2,"href":"https:\/\/strangercam.com\/it\/wp-json\/wp\/v2\/pages\/12254\/revisions"}],"predecessor-version":[{"id":13051,"href":"https:\/\/strangercam.com\/it\/wp-json\/wp\/v2\/pages\/12254\/revisions\/13051"}],"wp:attachment":[{"href":"https:\/\/strangercam.com\/it\/wp-json\/wp\/v2\/media?parent=12254"}],"curies":[{"name":"wp","href":"https:\/\/api.w.org\/{rel}","templated":true}]}}