{"id":11180,"date":"2022-08-11T15:28:24","date_gmt":"2022-08-11T13:28:24","guid":{"rendered":"https:\/\/strangercam.com\/?page_id=11180"},"modified":"2023-08-21T12:46:37","modified_gmt":"2023-08-21T10:46:37","slug":"randomkip","status":"publish","type":"page","link":"https:\/\/strangercam.com\/it\/randomskip\/","title":{"rendered":"Randomskip"},"content":{"rendered":"<p>Sono molte le persone che cercano modi per <a href=\"https:\/\/strangercam.com\/it\/coomeet\/\">incontrarsi<\/a> nuove persone e <a href=\"https:\/\/strangercam.com\/it\/flingster\/\">flirt<\/a> con gli estranei. Ci sono molti siti web e app che possono aiutarvi in questo senso, ma tutti hanno le loro regole e i loro regolamenti. Con randomskip, potete incontrare nuove persone e flirtare con gli sconosciuti senza alcuna restrizione!<\/p>\n<h2>Che cos'\u00e8 il randomskip?<\/h2>\n<p>Randomskip \u00e8 un nuovo sito web che consente di incontrare nuove persone e di flirtare con sconosciuti. Il sito \u00e8 gratuito e si pu\u00f2 creare il proprio profilo per incontrare nuove persone.<\/p>\n<h2>Come usare randomskip<\/h2>\n<p>Se vuoi conoscere nuove persone e flirtare con sconosciuti, allora randomskip \u00e8 il sito perfetto per te! Ecco come utilizzare il nostro sito a tuo vantaggio.<\/p>\n<p>Innanzitutto, create un profilo che includa alcune informazioni di base su di voi. Assicuratevi di includere una foto in modo che gli altri utenti possano vedere il vostro aspetto. Poi, puoi iniziare a chattare, Randomskip ti trover\u00e0 una corrispondenza.<\/p>\n<h2>Flirtate con gli sconosciuti su randomskip<\/h2>\n<p>Vuoi aggiungere un po' di eccitazione alla tua vita? Perch\u00e9 non flirtare con qualche sconosciuto su randomskip? \u00c8 un ottimo modo per conoscere nuove persone e divertirsi. Inoltre, non si sa mai dove si pu\u00f2 arrivare. Quindi provate a fare un tentativo. Chiss\u00e0, potresti trovare il tuo partner ideale.<\/p>\n<h2>Pro e contro di randomskip<\/h2>\n<p>Ci sono molti modi per conoscere nuove persone e flirtare con gli sconosciuti, ma non tutti sono uguali. Randomskip \u00e8 una nuova applicazione che cerca di rendere il processo pi\u00f9 divertente ed efficiente, consentendo agli utenti di passare in rassegna i profili fino a trovare una corrispondenza. Ma funziona davvero? Diamo un'occhiata ai pro e ai contro dell'utilizzo di Randomskip.<\/p>\n<h4>PROS:<\/h4>\n<ul>\n<li style=\"font-weight: 400;\" aria-level=\"1\">Si possono incontrare molte persone nuove in poco tempo.<\/li>\n<li style=\"font-weight: 400;\" aria-level=\"1\">\u00c8 un ottimo modo per esercitarsi a flirtare.<\/li>\n<li style=\"font-weight: 400;\" aria-level=\"1\">L'utilizzo \u00e8 gratuito.<\/li>\n<\/ul>\n<h4>CONS:<\/h4>\n<ul>\n<li style=\"font-weight: 400;\" aria-level=\"1\">Alcuni potrebbero trovare il concetto superficiale o giovanile.<\/li>\n<li style=\"font-weight: 400;\" aria-level=\"1\">Quando si decide se saltare o meno una persona, si dispone di una quantit\u00e0 limitata di informazioni.<\/li>\n<\/ul>\n<h2>Come sfruttare al meglio randomskip?<\/h2>\n<p>Se vuoi conoscere nuove persone e flirtare con sconosciuti, allora randomskip \u00e8 il posto perfetto per te! Ecco alcuni consigli su come sfruttare al meglio la tua esperienza:<\/p>\n<ul>\n<li style=\"font-weight: 400;\" aria-level=\"1\">Siate aperti e amichevoli. Non abbiate paura di iniziare una conversazione con qualcuno che non conoscete.<\/li>\n<li style=\"font-weight: 400;\" aria-level=\"1\">Siate voi stessi. Lasciate trasparire la vostra personalit\u00e0 e attirerete sicuramente l'attenzione.<\/li>\n<li style=\"font-weight: 400;\" aria-level=\"1\">Utilizzare il <a href=\"https:\/\/strangercam.com\/it\/chatroulette\/\">chat<\/a> per conoscere meglio le persone. Flirtare \u00e8 divertente, ma lo \u00e8 ancora di pi\u00f9 quando si riesce a conversare con la persona con cui si sta flirtando!<\/li>\n<li style=\"font-weight: 400;\" aria-level=\"1\">Divertitevi! Questa dovrebbe essere un'esperienza divertente, quindi assicuratevi di divertirvi!<\/li>\n<\/ul>\n<h2>Perch\u00e9 randomskip \u00e8 una piattaforma di video chat casuale cos\u00ec popolare?<\/h2>\n<p>Ci sono diversi motivi per cui randomskip \u00e8 diventata una piattaforma di video chat casuale cos\u00ec popolare. Innanzitutto, \u00e8 incredibilmente facile da usare. Tutto ci\u00f2 che serve \u00e8 una webcam e una connessione a Internet e il gioco \u00e8 fatto.<\/p>\n<p>Un'altra ragione della sua popolarit\u00e0 \u00e8 che offre un'opportunit\u00e0 unica di incontrare nuove persone e di flirtare con sconosciuti. Non si sa mai chi si incontra su randomskip, il che lo rende ancora pi\u00f9 eccitante.<\/p>\n<p>Infine, la piattaforma \u00e8 completamente gratuita. Non dovete preoccuparvi di pagare alcun costo o abbonamento; godetevi semplicemente l'esperienza di incontrare nuove persone da tutto il mondo.<\/p>\n<h2>\u00c8 sicuro da usare?<\/h2>\n<p>Se state pensando di utilizzare l'app randomskip per conoscere nuove persone e flirtare con gli sconosciuti, vi starete chiedendo se \u00e8 sicura da usare. Anche se non c'\u00e8 alcuna garanzia di non incorrere in pericoli durante l'uso dell'app, ci sono alcune misure che potete adottare per garantire la vostra sicurezza. Per prima cosa, chattate solo con persone con cui vi sentite a vostro agio e di cui vi fidate. Se qualcuno vi fa sentire a disagio, bloccatelo e segnalatelo agli amministratori dell'app. Inoltre, assicuratevi di far sapere a un amico o a un familiare quando e dove incontrerete persone dell'app. Adottando queste precauzioni, potrete assicurarvi che la vostra esperienza con randomskip sia sicura e positiva.<\/p>\n<h2>Alternative di rondomskip<\/h2>\n<p>Se state cercando un'alternativa al rondomskip, ci sono molti altri modi per incontrare nuove persone e flirtare con gli sconosciuti. Ecco alcuni dei nostri preferiti:<\/p>\n<ol>\n<li>Chatrandom<\/li>\n<\/ol>\n<p>Chatrandom \u00e8 uno dei siti di chat pi\u00f9 popolari su Internet ed \u00e8 perfetto per incontrare nuove persone e flirtare con gli sconosciuti. Il sito ha milioni di utenti da tutto il mondo, quindi troverete sicuramente qualcuno con cui chattare ovunque vi troviate.<\/p>\n<ol start=\"2\">\n<li><a href=\"https:\/\/strangercam.com\/it\/omegle\/\">Omegle<\/a><\/li>\n<\/ol>\n<p>Omegle \u00e8 un altro popolare sito di chat che \u00e8 perfetto per incontrare nuove persone e flirtare con gli sconosciuti. Il sito ha milioni di utenti da tutto il mondo, quindi troverai sicuramente qualcuno con cui chattare, indipendentemente da dove ti trovi.<\/p>\n<ol start=\"3\">\n<li><a href=\"https:\/\/strangercam.com\/it\/camsurf\/\">Camsurf<\/a><\/li>\n<\/ol>\n<p>Camsurf \u00e8 un sito di chat basato su webcam, perfetto per incontrare nuove persone e flirtare con gli sconosciuti. Il sito ha milioni di utenti da tutto il mondo, quindi troverete sicuramente qualcuno con cui chattare ovunque vi troviate.<\/p>\n<h2>Conclusione<\/h2>\n<p>Se vuoi conoscere nuove persone e flirtare con sconosciuti, non c'\u00e8 posto migliore per farlo che su randomskip.com. Con migliaia di utenti online in qualsiasi momento, troverai sicuramente qualcuno di interessante con cui chattare, indipendentemente dai tuoi interessi. Quindi cosa stai aspettando? Iscriviti oggi stesso e inizia a conoscere nuove persone!<\/p>","protected":false},"excerpt":{"rendered":"<p>There are many people who are looking for ways to meet new people and flirt with strangers. There are a lot of websites and apps that can help you with this, but they all have their own set of rules and regulations. With randomskip, you can meet new people and flirt with strangers without any [&hellip;]<\/p>\n","protected":false},"author":6,"featured_media":559,"parent":0,"menu_order":0,"comment_status":"closed","ping_status":"closed","template":"","meta":{"footnotes":""},"class_list":["post-11180","page","type-page","status-publish","has-post-thumbnail","hentry"],"yoast_head":"<!-- This site is optimized with the Yoast SEO plugin v27.4 - https:\/\/yoast.com\/product\/yoast-seo-wordpress\/ -->\n<title>Randomskip - Chat with strangers on StrangerCam.com<\/title>\n<meta name=\"description\" content=\"Like Randomskip? Come chat with more than 5.000.000 strangers on Stranger Cam for Free! Turn on your cam and find new friends &amp; maby a match!\" \/>\n<meta name=\"robots\" content=\"index, follow, max-snippet:-1, max-image-preview:large, max-video-preview:-1\" \/>\n<link rel=\"canonical\" href=\"https:\/\/strangercam.com\/it\/randomkip\/\" \/>\n<meta property=\"og:locale\" content=\"it_IT\" \/>\n<meta property=\"og:type\" content=\"article\" \/>\n<meta property=\"og:title\" content=\"Randomskip - Chat with strangers on StrangerCam.com\" \/>\n<meta property=\"og:description\" content=\"Like Randomskip? Come chat with more than 5.000.000 strangers on Stranger Cam for Free! Turn on your cam and find new friends &amp; maby a match!\" \/>\n<meta property=\"og:url\" content=\"https:\/\/strangercam.com\/it\/randomkip\/\" \/>\n<meta property=\"og:site_name\" content=\"Strangercam\" \/>\n<meta property=\"article:publisher\" content=\"https:\/\/www.facebook.com\/strangercam\" \/>\n<meta property=\"article:modified_time\" content=\"2023-08-21T10:46:37+00:00\" \/>\n<meta property=\"og:image\" content=\"https:\/\/strangercam.com\/wp-content\/uploads\/2020\/11\/stranger-cam-1.png\" \/>\n\t<meta property=\"og:image:width\" content=\"800\" \/>\n\t<meta property=\"og:image:height\" content=\"800\" \/>\n\t<meta property=\"og:image:type\" content=\"image\/png\" \/>\n<meta name=\"twitter:card\" content=\"summary_large_image\" \/>\n<meta name=\"twitter:site\" content=\"@strangercamapp\" \/>\n<meta name=\"twitter:label1\" content=\"Tempo di lettura stimato\" \/>\n\t<meta name=\"twitter:data1\" content=\"5 minuti\" \/>\n<script type=\"application\/ld+json\" class=\"yoast-schema-graph\">{\"@context\":\"https:\\\/\\\/schema.org\",\"@graph\":[{\"@type\":\"WebPage\",\"@id\":\"https:\\\/\\\/strangercam.com\\\/randomskip\\\/\",\"url\":\"https:\\\/\\\/strangercam.com\\\/randomskip\\\/\",\"name\":\"Randomskip - Chat with strangers on StrangerCam.com\",\"isPartOf\":{\"@id\":\"https:\\\/\\\/strangercam.com\\\/#website\"},\"primaryImageOfPage\":{\"@id\":\"https:\\\/\\\/strangercam.com\\\/randomskip\\\/#primaryimage\"},\"image\":{\"@id\":\"https:\\\/\\\/strangercam.com\\\/randomskip\\\/#primaryimage\"},\"thumbnailUrl\":\"https:\\\/\\\/strangercam.com\\\/wp-content\\\/uploads\\\/2020\\\/11\\\/stranger-cam-1.png\",\"datePublished\":\"2022-08-11T13:28:24+00:00\",\"dateModified\":\"2023-08-21T10:46:37+00:00\",\"description\":\"Like Randomskip? Come chat with more than 5.000.000 strangers on Stranger Cam for Free! Turn on your cam and find new friends & maby a match!\",\"breadcrumb\":{\"@id\":\"https:\\\/\\\/strangercam.com\\\/randomskip\\\/#breadcrumb\"},\"inLanguage\":\"it-IT\",\"potentialAction\":[{\"@type\":\"ReadAction\",\"target\":[\"https:\\\/\\\/strangercam.com\\\/randomskip\\\/\"]}]},{\"@type\":\"ImageObject\",\"inLanguage\":\"it-IT\",\"@id\":\"https:\\\/\\\/strangercam.com\\\/randomskip\\\/#primaryimage\",\"url\":\"https:\\\/\\\/strangercam.com\\\/wp-content\\\/uploads\\\/2020\\\/11\\\/stranger-cam-1.png\",\"contentUrl\":\"https:\\\/\\\/strangercam.com\\\/wp-content\\\/uploads\\\/2020\\\/11\\\/stranger-cam-1.png\",\"width\":800,\"height\":800,\"caption\":\"stranger cam random video chat\"},{\"@type\":\"BreadcrumbList\",\"@id\":\"https:\\\/\\\/strangercam.com\\\/randomskip\\\/#breadcrumb\",\"itemListElement\":[{\"@type\":\"ListItem\",\"position\":1,\"name\":\"Home\",\"item\":\"https:\\\/\\\/strangercam.com\\\/\"},{\"@type\":\"ListItem\",\"position\":2,\"name\":\"Randomskip\"}]},{\"@type\":\"WebSite\",\"@id\":\"https:\\\/\\\/strangercam.com\\\/#website\",\"url\":\"https:\\\/\\\/strangercam.com\\\/\",\"name\":\"Strangercam\",\"description\":\"Random Video Chat with Strangers\",\"publisher\":{\"@id\":\"https:\\\/\\\/strangercam.com\\\/#organization\"},\"alternateName\":\"Strangercam.com\",\"potentialAction\":[{\"@type\":\"SearchAction\",\"target\":{\"@type\":\"EntryPoint\",\"urlTemplate\":\"https:\\\/\\\/strangercam.com\\\/?s={search_term_string}\"},\"query-input\":{\"@type\":\"PropertyValueSpecification\",\"valueRequired\":true,\"valueName\":\"search_term_string\"}}],\"inLanguage\":\"it-IT\"},{\"@type\":\"Organization\",\"@id\":\"https:\\\/\\\/strangercam.com\\\/#organization\",\"name\":\"Strangercam\",\"alternateName\":\"Strangercam.com\",\"url\":\"https:\\\/\\\/strangercam.com\\\/\",\"logo\":{\"@type\":\"ImageObject\",\"inLanguage\":\"it-IT\",\"@id\":\"https:\\\/\\\/strangercam.com\\\/#\\\/schema\\\/logo\\\/image\\\/\",\"url\":\"https:\\\/\\\/strangercam.com\\\/wp-content\\\/uploads\\\/2020\\\/11\\\/cropped-new-favicon-black.png\",\"contentUrl\":\"https:\\\/\\\/strangercam.com\\\/wp-content\\\/uploads\\\/2020\\\/11\\\/cropped-new-favicon-black.png\",\"width\":512,\"height\":512,\"caption\":\"Strangercam\"},\"image\":{\"@id\":\"https:\\\/\\\/strangercam.com\\\/#\\\/schema\\\/logo\\\/image\\\/\"},\"sameAs\":[\"https:\\\/\\\/www.facebook.com\\\/strangercam\",\"https:\\\/\\\/x.com\\\/strangercamapp\"]}]}<\/script>\n<!-- \/ Yoast SEO plugin. -->","yoast_head_json":{"title":"Randomskip - Chatta con gli sconosciuti su StrangerCam.com","description":"Come Randomskip? Vieni a chattare con pi\u00f9 di 5.000.000 di sconosciuti su Stranger Cam gratuitamente! Accendi la tua cam e trova nuovi amici e magari un partner!","robots":{"index":"index","follow":"follow","max-snippet":"max-snippet:-1","max-image-preview":"max-image-preview:large","max-video-preview":"max-video-preview:-1"},"canonical":"https:\/\/strangercam.com\/it\/randomkip\/","og_locale":"it_IT","og_type":"article","og_title":"Randomskip - Chat with strangers on StrangerCam.com","og_description":"Like Randomskip? Come chat with more than 5.000.000 strangers on Stranger Cam for Free! Turn on your cam and find new friends & maby a match!","og_url":"https:\/\/strangercam.com\/it\/randomkip\/","og_site_name":"Strangercam","article_publisher":"https:\/\/www.facebook.com\/strangercam","article_modified_time":"2023-08-21T10:46:37+00:00","og_image":[{"width":800,"height":800,"url":"https:\/\/strangercam.com\/wp-content\/uploads\/2020\/11\/stranger-cam-1.png","type":"image\/png"}],"twitter_card":"summary_large_image","twitter_site":"@strangercamapp","twitter_misc":{"Tempo di lettura stimato":"5 minuti"},"schema":{"@context":"https:\/\/schema.org","@graph":[{"@type":"WebPage","@id":"https:\/\/strangercam.com\/randomskip\/","url":"https:\/\/strangercam.com\/randomskip\/","name":"Randomskip - Chatta con gli sconosciuti su StrangerCam.com","isPartOf":{"@id":"https:\/\/strangercam.com\/#website"},"primaryImageOfPage":{"@id":"https:\/\/strangercam.com\/randomskip\/#primaryimage"},"image":{"@id":"https:\/\/strangercam.com\/randomskip\/#primaryimage"},"thumbnailUrl":"https:\/\/strangercam.com\/wp-content\/uploads\/2020\/11\/stranger-cam-1.png","datePublished":"2022-08-11T13:28:24+00:00","dateModified":"2023-08-21T10:46:37+00:00","description":"Come Randomskip? Vieni a chattare con pi\u00f9 di 5.000.000 di sconosciuti su Stranger Cam gratuitamente! Accendi la tua cam e trova nuovi amici e magari un partner!","breadcrumb":{"@id":"https:\/\/strangercam.com\/randomskip\/#breadcrumb"},"inLanguage":"it-IT","potentialAction":[{"@type":"ReadAction","target":["https:\/\/strangercam.com\/randomskip\/"]}]},{"@type":"ImageObject","inLanguage":"it-IT","@id":"https:\/\/strangercam.com\/randomskip\/#primaryimage","url":"https:\/\/strangercam.com\/wp-content\/uploads\/2020\/11\/stranger-cam-1.png","contentUrl":"https:\/\/strangercam.com\/wp-content\/uploads\/2020\/11\/stranger-cam-1.png","width":800,"height":800,"caption":"stranger cam random video chat"},{"@type":"BreadcrumbList","@id":"https:\/\/strangercam.com\/randomskip\/#breadcrumb","itemListElement":[{"@type":"ListItem","position":1,"name":"Home","item":"https:\/\/strangercam.com\/"},{"@type":"ListItem","position":2,"name":"Randomskip"}]},{"@type":"WebSite","@id":"https:\/\/strangercam.com\/#website","url":"https:\/\/strangercam.com\/","name":"Strangercam","description":"Videochat casuale con sconosciuti","publisher":{"@id":"https:\/\/strangercam.com\/#organization"},"alternateName":"Strangercam.com","potentialAction":[{"@type":"SearchAction","target":{"@type":"EntryPoint","urlTemplate":"https:\/\/strangercam.com\/?s={search_term_string}"},"query-input":{"@type":"PropertyValueSpecification","valueRequired":true,"valueName":"search_term_string"}}],"inLanguage":"it-IT"},{"@type":"Organization","@id":"https:\/\/strangercam.com\/#organization","name":"Strangercam","alternateName":"Strangercam.com","url":"https:\/\/strangercam.com\/","logo":{"@type":"ImageObject","inLanguage":"it-IT","@id":"https:\/\/strangercam.com\/#\/schema\/logo\/image\/","url":"https:\/\/strangercam.com\/wp-content\/uploads\/2020\/11\/cropped-new-favicon-black.png","contentUrl":"https:\/\/strangercam.com\/wp-content\/uploads\/2020\/11\/cropped-new-favicon-black.png","width":512,"height":512,"caption":"Strangercam"},"image":{"@id":"https:\/\/strangercam.com\/#\/schema\/logo\/image\/"},"sameAs":["https:\/\/www.facebook.com\/strangercam","https:\/\/x.com\/strangercamapp"]}]}},"_links":{"self":[{"href":"https:\/\/strangercam.com\/it\/wp-json\/wp\/v2\/pages\/11180","targetHints":{"allow":["GET"]}}],"collection":[{"href":"https:\/\/strangercam.com\/it\/wp-json\/wp\/v2\/pages"}],"about":[{"href":"https:\/\/strangercam.com\/it\/wp-json\/wp\/v2\/types\/page"}],"author":[{"embeddable":true,"href":"https:\/\/strangercam.com\/it\/wp-json\/wp\/v2\/users\/6"}],"replies":[{"embeddable":true,"href":"https:\/\/strangercam.com\/it\/wp-json\/wp\/v2\/comments?post=11180"}],"version-history":[{"count":0,"href":"https:\/\/strangercam.com\/it\/wp-json\/wp\/v2\/pages\/11180\/revisions"}],"wp:featuredmedia":[{"embeddable":true,"href":"https:\/\/strangercam.com\/it\/wp-json\/wp\/v2\/media\/559"}],"wp:attachment":[{"href":"https:\/\/strangercam.com\/it\/wp-json\/wp\/v2\/media?parent=11180"}],"curies":[{"name":"wp","href":"https:\/\/api.w.org\/{rel}","templated":true}]}}