{"id":11167,"date":"2022-08-11T15:18:17","date_gmt":"2022-08-11T13:18:17","guid":{"rendered":"https:\/\/strangercam.com\/?page_id=11167"},"modified":"2023-08-21T12:48:49","modified_gmt":"2023-08-21T10:48:49","slug":"chat-ulive","status":"publish","type":"page","link":"https:\/\/strangercam.com\/it\/ulive-chat\/","title":{"rendered":"Ulive Chat"},"content":{"rendered":"<p>In questi giorni di allontanamento sociale, pu\u00f2 essere difficile trovare il modo di entrare in contatto con gli altri. Ma c'\u00e8 un posto dove si pu\u00f2 sempre parlare con gli sconosciuti: ulive-chat. Su ulive-chat \u00e8 possibile <a href=\"https:\/\/strangercam.com\/it\/chatroulette\/\">chat<\/a> con persone di tutto il mondo su qualsiasi cosa. Quindi entrate e iniziate <a href=\"https:\/\/strangercam.com\/it\/chatingly\/\">chattare<\/a>!<\/p>\n<h2>Che cos'\u00e8 la chat ulive?<\/h2>\n<p>ulive-chat \u00e8 una nuova piattaforma di social media che permette agli utenti di connettersi l'uno con l'altro attraverso brevi messaggi di 10 secondi. <a href=\"https:\/\/strangercam.com\/it\/rabbit-video-chat\/\">video<\/a> chat. \u00c8 un ottimo modo per <a href=\"https:\/\/strangercam.com\/it\/coomeet\/\">incontrarsi<\/a> nuove persone e fare amicizia con persone di tutto il mondo. Potete usare ulive-chat per parlare di tutto ci\u00f2 che volete, che si tratti del vostro programma televisivo preferito, delle ultime notizie o semplicemente di ci\u00f2 che vi passa per la testa.<\/p>\n<h2>Come avviare una chat su ulive chat<\/h2>\n<p>Se vi sentite soli e volete parlare con qualcuno, ulive-chat \u00e8 un'ottima opzione. \u00c8 un servizio di chat che vi mette in contatto con persone di tutto il mondo, in modo da poter fare nuove amicizie e conoscere nuove culture. Ecco come avviare una chat su ulive-chat:<\/p>\n<ol>\n<li>Andate sul sito web di ulive-chat e create un account.<\/li>\n<li>Una volta effettuato l'accesso, fare clic sul pulsante \"Inizia a chattare\".<\/li>\n<li>Apparir\u00e0 un elenco di persone che sono attualmente online. Scegliete una persona con cui volete chattare e cliccate sul suo nome.<\/li>\n<li>Si aprir\u00e0 una nuova finestra di chat. Iniziate a chattare con il vostro nuovo amico!<\/li>\n<\/ol>\n<h2>Di cosa parlare con gli sconosciuti su ulive chat<\/h2>\n<p>Se state cercando qualcosa di cui parlare con degli sconosciuti su ulive-chat, ecco alcune idee:<\/p>\n<ul>\n<li style=\"font-weight: 400;\" aria-level=\"1\">Presentatevi e chiedete all'altra persona come si chiama.<\/li>\n<li style=\"font-weight: 400;\" aria-level=\"1\">Da dove vengono?<\/li>\n<li style=\"font-weight: 400;\" aria-level=\"1\">Cosa fanno per vivere?<\/li>\n<li style=\"font-weight: 400;\" aria-level=\"1\">Quali sono i loro hobby?<\/li>\n<li style=\"font-weight: 400;\" aria-level=\"1\">Hanno animali domestici?<\/li>\n<li style=\"font-weight: 400;\" aria-level=\"1\">Qual \u00e8 la loro musica\/film\/tv preferita?<\/li>\n<li style=\"font-weight: 400;\" aria-level=\"1\">Qual \u00e8 stato il giorno pi\u00f9 bello della loro vita?<\/li>\n<li style=\"font-weight: 400;\" aria-level=\"1\">Qual \u00e8 la loro peggiore paura?<\/li>\n<li style=\"font-weight: 400;\" aria-level=\"1\">Qual \u00e8 il loro pi\u00f9 grande risultato?<\/li>\n<li style=\"font-weight: 400;\" aria-level=\"1\">Hanno qualche talento strano?<\/li>\n<li style=\"font-weight: 400;\" aria-level=\"1\">Qual \u00e8 il miglior consiglio che hanno ricevuto?<\/li>\n<\/ul>\n<h2>Pro e contro della chat ulive<\/h2>\n<p>ulive-chat \u00e8 un sito di social networking che permette agli utenti di comunicare tra loro in tempo reale. Il sito esiste da alcuni anni e si \u00e8 guadagnato un fedele seguito di utenti. Tuttavia, come tutti i siti di social networking, l'utilizzo di ulive-chat presenta pro e contro.<\/p>\n<p>I vantaggi dell'utilizzo di ulive-chat sono i seguenti:<\/p>\n<ul>\n<li style=\"font-weight: 400;\" aria-level=\"1\">Il sito \u00e8 facile da usare e da navigare.<\/li>\n<li style=\"font-weight: 400;\" aria-level=\"1\">Gli utenti possono comunicare tra loro in tempo reale.<\/li>\n<li style=\"font-weight: 400;\" aria-level=\"1\">Il sito ha un seguito di utenti fedeli.<\/li>\n<li style=\"font-weight: 400;\" aria-level=\"1\">Il sito \u00e8 <a href=\"https:\/\/strangercam.com\/it\/chat4free\/\">libero<\/a> da utilizzare.<\/li>\n<\/ul>\n<p>I contro dell'utilizzo di ulive-chat sono i seguenti:<\/p>\n<ul>\n<li style=\"font-weight: 400;\" aria-level=\"1\">Alcuni utenti hanno segnalato che il sito \u00e8 stato a volte difettoso e lento.<\/li>\n<li style=\"font-weight: 400;\" aria-level=\"1\">Non c'\u00e8 modo di verificare l'identit\u00e0 degli altri utenti, quindi esiste un potenziale di truffa o frode.<\/li>\n<li style=\"font-weight: 400;\" aria-level=\"1\">Alcuni utenti si sono lamentati del fatto che l'interfaccia del sito non \u00e8 cos\u00ec facile da usare come potrebbe essere.<\/li>\n<\/ul>\n<h2>Perch\u00e9 ulive chat \u00e8 una piattaforma di chat video casuale cos\u00ec popolare?<\/h2>\n<p>ulive-chat \u00e8 una popolare piattaforma di video chat casuale per una serie di motivi. Innanzitutto, \u00e8 facile da usare e non richiede alcuna registrazione. In secondo luogo, offre un'ampia gamma di funzioni che consentono agli utenti di personalizzare la propria esperienza. Infine, ha una forte comunit\u00e0 di utenti che sono sempre disposti ad aiutare i neofiti.<\/p>\n<h2>Come terminare una chat su ulive chat<\/h2>\n<p>Se avete finito di parlare con qualcuno su ulive-chat, fate semplicemente clic sul pulsante \"termina chat\". In questo modo si chiuder\u00e0 la conversazione e si torner\u00e0 alla pagina principale di ulive-chat.<\/p>\n<h2>I vantaggi di parlare con gli sconosciuti su ulive chat<\/h2>\n<p>Conosciamo tutti il detto: \"\u00c8 bello parlare con gli sconosciuti\". E c'\u00e8 molto di vero in questo. Parlare con gli sconosciuti pu\u00f2 essere un ottimo modo per uscire dalla propria zona di comfort e conoscere nuove persone. Ma se non siete sicuri di come iniziare una conversazione con uno sconosciuto? \u00c8 qui che entra in gioco ulive-chat.<\/p>\n<p>ulive-chat \u00e8 un sito web che consente di chattare con persone sconosciute di tutto il mondo. \u00c8 un ottimo modo per esercitare le proprie abilit\u00e0 sociali e conoscere persone di culture diverse. E soprattutto \u00e8 completamente gratuito!<\/p>\n<p>Allora perch\u00e9 non provare? Potreste scoprire che parlare con gli sconosciuti \u00e8 pi\u00f9 divertente di quanto pensiate!<\/p>\n<h2>Come sfruttare al meglio la chat di ulive?<\/h2>\n<p>ulive-chat \u00e8 un'ottima piattaforma per parlare con gli sconosciuti e fare nuove amicizie. Ecco alcuni consigli per sfruttare al meglio la vostra esperienza su ulive-chat:<\/p>\n<ol>\n<li>Siate aperti e cordiali. Nessuno vuole parlare con una persona scontrosa, quindi sorridete e siate pronti a conversare.<\/li>\n<li>Non abbiate paura di iniziare la conversazione. Pu\u00f2 essere difficile rompere il ghiaccio, ma ricordate che tutti gli altri sono sulla stessa barca. Salutate e vedete dove vi porta la conversazione.<\/li>\n<li>Fate domande. Le persone amano parlare di s\u00e9, quindi fate molte domande per far parlare l'altra persona. In questo modo imparerete un sacco di cose interessanti su di loro.<\/li>\n<li>Siate un ascoltatore attivo. Prestate davvero attenzione a ci\u00f2 che dice l'interlocutore e creerete rapidamente un rapporto con lui.<\/li>\n<li>Divertitevi! Parlare con gli sconosciuti pu\u00f2 essere molto divertente, quindi rilassatevi e godetevi l'esperienza.<\/li>\n<\/ol>\n<h2>I rischi di parlare con gli sconosciuti su ulive chat<\/h2>\n<p>Quando si parla con qualcuno su ulive-chat, non si \u00e8 mai sicuri di chi sia. Potrebbe essere chiunque, da qualsiasi parte del mondo, e non si sa quali siano le sue intenzioni. Sebbene sia bello conoscere nuove persone e avere conversazioni divertenti, \u00e8 necessario essere consapevoli dei rischi che comporta parlare con gli sconosciuti online. Ecco alcune cose da tenere a mente:<\/p>\n<ol>\n<li>Non sapete chi sono. La persona con cui state parlando potrebbe mentire sulla sua identit\u00e0. Potrebbe fingere di essere qualcuno che non \u00e8, oppure potrebbe usare una foto del profilo falsa. Siate cauti nel condividere informazioni personali con qualcuno che non conoscete.<\/li>\n<li>Potrebbero cercare di truffarvi. Sfortunatamente, ci sono persone che cercano di approfittarsi degli altri ingannandoli per inviare denaro o condividere informazioni personali. Se qualcuno su ulive-chat vi chiede denaro o il numero della vostra carta di credito, fate attenzione!<\/li>\n<li>Potreste rivelare troppo di voi stessi. Quando si parla con una persona che non si conosce, \u00e8 facile farsi prendere dalla conversazione e rivelare pi\u00f9 di quanto si intendeva. Prestate attenzione a ci\u00f2 che condividete e non rivelate<\/li>\n<\/ol>\n<h2>\u00c8 sicuro da usare?<\/h2>\n<p>Se vi state chiedendo se \u00e8 sicuro usare ulive-chat per parlare con gli sconosciuti, la risposta \u00e8: dipende. Sebbene ulive-chat preveda alcune misure di sicurezza, come quella di consentire l'utilizzo del sito solo agli utenti maggiorenni, c'\u00e8 sempre un rischio quando si parla online con persone che non si conoscono.<\/p>\n<p>Detto questo, se si usa il buon senso e si prendono alcune precauzioni di base, come non condividere informazioni personali o incontrarsi di persona con sconosciuti, si dovrebbe essere al sicuro. Se si \u00e8 consapevoli dei rischi, usare ulive-chat per parlare con gli sconosciuti pu\u00f2 essere un'esperienza divertente e interessante.<\/p>\n<h2>Conclusione<\/h2>\n<p>Se siete alla ricerca di un modo semplice e divertente per entrare in contatto con nuove persone, allora vale sicuramente la pena di dare un'occhiata a ulive-chat. La cosa migliore \u00e8 che su ulive-chat non ci sono estranei: tutti sono l\u00ec per chiacchierare e divertirsi. Quindi, provate, potreste trovarvi a fare nuove amicizie.<\/p>","protected":false},"excerpt":{"rendered":"<p>In these days of social distancing, it can be hard to find ways to connect with others. But there&#8217;s one place you can always go to talk with strangers: ulive-chat. On ulive-chat, you can chat with people from all over the world about anything and everything. So come on in and start chatting! What is [&hellip;]<\/p>\n","protected":false},"author":6,"featured_media":559,"parent":0,"menu_order":0,"comment_status":"closed","ping_status":"closed","template":"","meta":{"footnotes":""},"class_list":["post-11167","page","type-page","status-publish","has-post-thumbnail","hentry"],"yoast_head":"<!-- This site is optimized with the Yoast SEO plugin v27.4 - https:\/\/yoast.com\/product\/yoast-seo-wordpress\/ -->\n<title>Ulive Chat - Chat with strangers on StrangerCam.com<\/title>\n<meta name=\"description\" content=\"Like Ulive Chat? Come chat with more than 5.000.000 strangers on Stranger Cam for Free! Turn on your cam and find new friends &amp; maby a match!\" \/>\n<meta name=\"robots\" content=\"index, follow, max-snippet:-1, max-image-preview:large, max-video-preview:-1\" \/>\n<link rel=\"canonical\" href=\"https:\/\/strangercam.com\/it\/chat-ulive\/\" \/>\n<meta property=\"og:locale\" content=\"it_IT\" \/>\n<meta property=\"og:type\" content=\"article\" \/>\n<meta property=\"og:title\" content=\"Ulive Chat - Chat with strangers on StrangerCam.com\" \/>\n<meta property=\"og:description\" content=\"Like Ulive Chat? Come chat with more than 5.000.000 strangers on Stranger Cam for Free! Turn on your cam and find new friends &amp; maby a match!\" \/>\n<meta property=\"og:url\" content=\"https:\/\/strangercam.com\/it\/chat-ulive\/\" \/>\n<meta property=\"og:site_name\" content=\"Strangercam\" \/>\n<meta property=\"article:publisher\" content=\"https:\/\/www.facebook.com\/strangercam\" \/>\n<meta property=\"article:modified_time\" content=\"2023-08-21T10:48:49+00:00\" \/>\n<meta property=\"og:image\" content=\"https:\/\/strangercam.com\/wp-content\/uploads\/2020\/11\/stranger-cam-1.png\" \/>\n\t<meta property=\"og:image:width\" content=\"800\" \/>\n\t<meta property=\"og:image:height\" content=\"800\" \/>\n\t<meta property=\"og:image:type\" content=\"image\/png\" \/>\n<meta name=\"twitter:card\" content=\"summary_large_image\" \/>\n<meta name=\"twitter:site\" content=\"@strangercamapp\" \/>\n<meta name=\"twitter:label1\" content=\"Tempo di lettura stimato\" \/>\n\t<meta name=\"twitter:data1\" content=\"6 minuti\" \/>\n<script type=\"application\/ld+json\" class=\"yoast-schema-graph\">{\"@context\":\"https:\\\/\\\/schema.org\",\"@graph\":[{\"@type\":\"WebPage\",\"@id\":\"https:\\\/\\\/strangercam.com\\\/ulive-chat\\\/\",\"url\":\"https:\\\/\\\/strangercam.com\\\/ulive-chat\\\/\",\"name\":\"Ulive Chat - Chat with strangers on StrangerCam.com\",\"isPartOf\":{\"@id\":\"https:\\\/\\\/strangercam.com\\\/#website\"},\"primaryImageOfPage\":{\"@id\":\"https:\\\/\\\/strangercam.com\\\/ulive-chat\\\/#primaryimage\"},\"image\":{\"@id\":\"https:\\\/\\\/strangercam.com\\\/ulive-chat\\\/#primaryimage\"},\"thumbnailUrl\":\"https:\\\/\\\/strangercam.com\\\/wp-content\\\/uploads\\\/2020\\\/11\\\/stranger-cam-1.png\",\"datePublished\":\"2022-08-11T13:18:17+00:00\",\"dateModified\":\"2023-08-21T10:48:49+00:00\",\"description\":\"Like Ulive Chat? Come chat with more than 5.000.000 strangers on Stranger Cam for Free! Turn on your cam and find new friends & maby a match!\",\"breadcrumb\":{\"@id\":\"https:\\\/\\\/strangercam.com\\\/ulive-chat\\\/#breadcrumb\"},\"inLanguage\":\"it-IT\",\"potentialAction\":[{\"@type\":\"ReadAction\",\"target\":[\"https:\\\/\\\/strangercam.com\\\/ulive-chat\\\/\"]}]},{\"@type\":\"ImageObject\",\"inLanguage\":\"it-IT\",\"@id\":\"https:\\\/\\\/strangercam.com\\\/ulive-chat\\\/#primaryimage\",\"url\":\"https:\\\/\\\/strangercam.com\\\/wp-content\\\/uploads\\\/2020\\\/11\\\/stranger-cam-1.png\",\"contentUrl\":\"https:\\\/\\\/strangercam.com\\\/wp-content\\\/uploads\\\/2020\\\/11\\\/stranger-cam-1.png\",\"width\":800,\"height\":800,\"caption\":\"stranger cam random video chat\"},{\"@type\":\"BreadcrumbList\",\"@id\":\"https:\\\/\\\/strangercam.com\\\/ulive-chat\\\/#breadcrumb\",\"itemListElement\":[{\"@type\":\"ListItem\",\"position\":1,\"name\":\"Home\",\"item\":\"https:\\\/\\\/strangercam.com\\\/\"},{\"@type\":\"ListItem\",\"position\":2,\"name\":\"Ulive Chat\"}]},{\"@type\":\"WebSite\",\"@id\":\"https:\\\/\\\/strangercam.com\\\/#website\",\"url\":\"https:\\\/\\\/strangercam.com\\\/\",\"name\":\"Strangercam\",\"description\":\"Random Video Chat with Strangers\",\"publisher\":{\"@id\":\"https:\\\/\\\/strangercam.com\\\/#organization\"},\"alternateName\":\"Strangercam.com\",\"potentialAction\":[{\"@type\":\"SearchAction\",\"target\":{\"@type\":\"EntryPoint\",\"urlTemplate\":\"https:\\\/\\\/strangercam.com\\\/?s={search_term_string}\"},\"query-input\":{\"@type\":\"PropertyValueSpecification\",\"valueRequired\":true,\"valueName\":\"search_term_string\"}}],\"inLanguage\":\"it-IT\"},{\"@type\":\"Organization\",\"@id\":\"https:\\\/\\\/strangercam.com\\\/#organization\",\"name\":\"Strangercam\",\"alternateName\":\"Strangercam.com\",\"url\":\"https:\\\/\\\/strangercam.com\\\/\",\"logo\":{\"@type\":\"ImageObject\",\"inLanguage\":\"it-IT\",\"@id\":\"https:\\\/\\\/strangercam.com\\\/#\\\/schema\\\/logo\\\/image\\\/\",\"url\":\"https:\\\/\\\/strangercam.com\\\/wp-content\\\/uploads\\\/2020\\\/11\\\/cropped-new-favicon-black.png\",\"contentUrl\":\"https:\\\/\\\/strangercam.com\\\/wp-content\\\/uploads\\\/2020\\\/11\\\/cropped-new-favicon-black.png\",\"width\":512,\"height\":512,\"caption\":\"Strangercam\"},\"image\":{\"@id\":\"https:\\\/\\\/strangercam.com\\\/#\\\/schema\\\/logo\\\/image\\\/\"},\"sameAs\":[\"https:\\\/\\\/www.facebook.com\\\/strangercam\",\"https:\\\/\\\/x.com\\\/strangercamapp\"]}]}<\/script>\n<!-- \/ Yoast SEO plugin. -->","yoast_head_json":{"title":"Ulive Chat - Chatta con gli sconosciuti su StrangerCam.com","description":"Come Ulive Chat? Vieni a chattare con pi\u00f9 di 5.000.000 di sconosciuti su Stranger Cam gratuitamente! Accendi la tua cam e trova nuovi amici e magari un partner!","robots":{"index":"index","follow":"follow","max-snippet":"max-snippet:-1","max-image-preview":"max-image-preview:large","max-video-preview":"max-video-preview:-1"},"canonical":"https:\/\/strangercam.com\/it\/chat-ulive\/","og_locale":"it_IT","og_type":"article","og_title":"Ulive Chat - Chat with strangers on StrangerCam.com","og_description":"Like Ulive Chat? Come chat with more than 5.000.000 strangers on Stranger Cam for Free! Turn on your cam and find new friends & maby a match!","og_url":"https:\/\/strangercam.com\/it\/chat-ulive\/","og_site_name":"Strangercam","article_publisher":"https:\/\/www.facebook.com\/strangercam","article_modified_time":"2023-08-21T10:48:49+00:00","og_image":[{"width":800,"height":800,"url":"https:\/\/strangercam.com\/wp-content\/uploads\/2020\/11\/stranger-cam-1.png","type":"image\/png"}],"twitter_card":"summary_large_image","twitter_site":"@strangercamapp","twitter_misc":{"Tempo di lettura stimato":"6 minuti"},"schema":{"@context":"https:\/\/schema.org","@graph":[{"@type":"WebPage","@id":"https:\/\/strangercam.com\/ulive-chat\/","url":"https:\/\/strangercam.com\/ulive-chat\/","name":"Ulive Chat - Chatta con gli sconosciuti su StrangerCam.com","isPartOf":{"@id":"https:\/\/strangercam.com\/#website"},"primaryImageOfPage":{"@id":"https:\/\/strangercam.com\/ulive-chat\/#primaryimage"},"image":{"@id":"https:\/\/strangercam.com\/ulive-chat\/#primaryimage"},"thumbnailUrl":"https:\/\/strangercam.com\/wp-content\/uploads\/2020\/11\/stranger-cam-1.png","datePublished":"2022-08-11T13:18:17+00:00","dateModified":"2023-08-21T10:48:49+00:00","description":"Come Ulive Chat? Vieni a chattare con pi\u00f9 di 5.000.000 di sconosciuti su Stranger Cam gratuitamente! Accendi la tua cam e trova nuovi amici e magari un partner!","breadcrumb":{"@id":"https:\/\/strangercam.com\/ulive-chat\/#breadcrumb"},"inLanguage":"it-IT","potentialAction":[{"@type":"ReadAction","target":["https:\/\/strangercam.com\/ulive-chat\/"]}]},{"@type":"ImageObject","inLanguage":"it-IT","@id":"https:\/\/strangercam.com\/ulive-chat\/#primaryimage","url":"https:\/\/strangercam.com\/wp-content\/uploads\/2020\/11\/stranger-cam-1.png","contentUrl":"https:\/\/strangercam.com\/wp-content\/uploads\/2020\/11\/stranger-cam-1.png","width":800,"height":800,"caption":"stranger cam random video chat"},{"@type":"BreadcrumbList","@id":"https:\/\/strangercam.com\/ulive-chat\/#breadcrumb","itemListElement":[{"@type":"ListItem","position":1,"name":"Home","item":"https:\/\/strangercam.com\/"},{"@type":"ListItem","position":2,"name":"Ulive Chat"}]},{"@type":"WebSite","@id":"https:\/\/strangercam.com\/#website","url":"https:\/\/strangercam.com\/","name":"Strangercam","description":"Videochat casuale con sconosciuti","publisher":{"@id":"https:\/\/strangercam.com\/#organization"},"alternateName":"Strangercam.com","potentialAction":[{"@type":"SearchAction","target":{"@type":"EntryPoint","urlTemplate":"https:\/\/strangercam.com\/?s={search_term_string}"},"query-input":{"@type":"PropertyValueSpecification","valueRequired":true,"valueName":"search_term_string"}}],"inLanguage":"it-IT"},{"@type":"Organization","@id":"https:\/\/strangercam.com\/#organization","name":"Strangercam","alternateName":"Strangercam.com","url":"https:\/\/strangercam.com\/","logo":{"@type":"ImageObject","inLanguage":"it-IT","@id":"https:\/\/strangercam.com\/#\/schema\/logo\/image\/","url":"https:\/\/strangercam.com\/wp-content\/uploads\/2020\/11\/cropped-new-favicon-black.png","contentUrl":"https:\/\/strangercam.com\/wp-content\/uploads\/2020\/11\/cropped-new-favicon-black.png","width":512,"height":512,"caption":"Strangercam"},"image":{"@id":"https:\/\/strangercam.com\/#\/schema\/logo\/image\/"},"sameAs":["https:\/\/www.facebook.com\/strangercam","https:\/\/x.com\/strangercamapp"]}]}},"_links":{"self":[{"href":"https:\/\/strangercam.com\/it\/wp-json\/wp\/v2\/pages\/11167","targetHints":{"allow":["GET"]}}],"collection":[{"href":"https:\/\/strangercam.com\/it\/wp-json\/wp\/v2\/pages"}],"about":[{"href":"https:\/\/strangercam.com\/it\/wp-json\/wp\/v2\/types\/page"}],"author":[{"embeddable":true,"href":"https:\/\/strangercam.com\/it\/wp-json\/wp\/v2\/users\/6"}],"replies":[{"embeddable":true,"href":"https:\/\/strangercam.com\/it\/wp-json\/wp\/v2\/comments?post=11167"}],"version-history":[{"count":0,"href":"https:\/\/strangercam.com\/it\/wp-json\/wp\/v2\/pages\/11167\/revisions"}],"wp:featuredmedia":[{"embeddable":true,"href":"https:\/\/strangercam.com\/it\/wp-json\/wp\/v2\/media\/559"}],"wp:attachment":[{"href":"https:\/\/strangercam.com\/it\/wp-json\/wp\/v2\/media?parent=11167"}],"curies":[{"name":"wp","href":"https:\/\/api.w.org\/{rel}","templated":true}]}}