{"id":11154,"date":"2022-08-11T15:12:40","date_gmt":"2022-08-11T13:12:40","guid":{"rendered":"https:\/\/strangercam.com\/?page_id=11154"},"modified":"2023-08-21T12:24:41","modified_gmt":"2023-08-21T10:24:41","slug":"chatride","status":"publish","type":"page","link":"https:\/\/strangercam.com\/it\/chatride\/","title":{"rendered":"Chatride"},"content":{"rendered":"<p>Video casuale <a href=\"https:\/\/strangercam.com\/it\/chatroulette\/\">chat<\/a> \u00e8 la nuova tendenza e Chatride \u00e8 una delle pi\u00f9 popolari piattaforme di video chat casuali. Se volete conoscere tutti i dettagli su Chatride continuate a leggere, in questo articolo tratteremo tutti i dettagli che dovete conoscere prima di utilizzare questa piattaforma.<\/p>\n<h2>Che cos'\u00e8 la chatride?<\/h2>\n<p>Chatride \u00e8 un nuovo modo di chattare con amici e familiari. \u00c8 un ottimo modo per rimanere in contatto con i propri cari, sia che siate vicini o lontani. \u00c8 possibile utilizzare Chatride per chattare con chiunque nel mondo, purch\u00e9 abbia una connessione a Internet. Tutto ci\u00f2 di cui avete bisogno \u00e8 un browser web e un account con Chatride. Una volta effettuato l'accesso, potete iniziare subito a chattare. Basta digitare il messaggio e premere invio. Il messaggio apparir\u00e0 nella finestra di chat per essere visualizzato da tutti. \u00c8 anche possibile aggiungere amici e familiari alla chat, in modo che possano partecipare alla conversazione. Cosa state aspettando? Iniziate a chattare con i vostri cari oggi stesso!<\/p>\n<h2>Quali sono i vantaggi della chatride?<\/h2>\n<p>Alcuni vantaggi dell'Chatride includono:<\/p>\n<ul>\n<li style=\"font-weight: 400;\" aria-level=\"1\">\u00c8 un ottimo modo per <a href=\"https:\/\/strangercam.com\/it\/coomeet\/\">incontrarsi<\/a> nuove persone da tutto il mondo.<\/li>\n<li style=\"font-weight: 400;\" aria-level=\"1\">Si possono conoscere culture e stili di vita diversi.<\/li>\n<li style=\"font-weight: 400;\" aria-level=\"1\">\u00c8 possibile praticare le proprie abilit\u00e0 linguistiche con persone madrelingua.<\/li>\n<li style=\"font-weight: 400;\" aria-level=\"1\">\u00c8 un modo semplice e divertente per fare nuove amicizie.<\/li>\n<\/ul>\n<h2>Come utilizzare chatride?<\/h2>\n<p>Chatride \u00e8 un modo nuovo e rivoluzionario per chattare con persone a caso in tutto il mondo. Ecco una guida rapida su come utilizzare Chatride:<\/p>\n<ul>\n<li style=\"font-weight: 400;\" aria-level=\"1\">Innanzitutto, scaricate l'applicazione dall'app store (disponibile sia per iPhone che per Android).<\/li>\n<li style=\"font-weight: 400;\" aria-level=\"1\">Una volta installata l'applicazione, apritela e create un account. Dovrete fornire il vostro nome, l'indirizzo e-mail e una password.<\/li>\n<li style=\"font-weight: 400;\" aria-level=\"1\">Una volta effettuato l'accesso, sar\u00e0 possibile iniziare a chattare con persone a caso. Chatride trover\u00e0 l'incontro migliore in base a<\/li>\n<\/ul>\n<h2>Consigli per iniziare a lavorare su chatride?<\/h2>\n<p>Ecco alcuni suggerimenti per iniziare:<\/p>\n<ol>\n<li style=\"font-weight: 400;\" aria-level=\"1\">Utilizzare la barra di ricerca: La barra di ricerca \u00e8 la vostra migliore amica su Chatride. Potete usarla per trovare persone con interessi simili ai vostri o per trovare gli argomenti che vi interessano.<\/li>\n<li style=\"font-weight: 400;\" aria-level=\"1\">Connettersi con le persone: Chatride si basa sulla connessione con le persone, quindi non siate timidi, contattate e iniziate a chattare con qualcuno. Non si sa mai chi si pu\u00f2 incontrare!<\/li>\n<li style=\"font-weight: 400;\" aria-level=\"1\">Partecipare ai gruppi: I gruppi sono un ottimo modo per conoscere nuove persone e trovare persone che la pensano come voi. Se c'\u00e8 un gruppo che vi interessa, iscrivetevi e iniziate a chiacchierare!<\/li>\n<li style=\"font-weight: 400;\" aria-level=\"1\">Utilizzare le chatroom: Le chatroom su Chatride sono luoghi ideali per incontrare nuove persone e avere conversazioni divertenti. Perci\u00f2, tuffatevi!<\/li>\n<li style=\"font-weight: 400;\" aria-level=\"1\">Divertitevi! Questo \u00e8 il consiglio pi\u00f9 importante di tutti.<\/li>\n<\/ol>\n<h2>Pro e contro della chatride<\/h2>\n<h4>Pro:<\/h4>\n<ul>\n<li style=\"font-weight: 400;\" aria-level=\"1\">Da scaricare e utilizzare gratuitamente<\/li>\n<li style=\"font-weight: 400;\" aria-level=\"1\">Pu\u00f2 connettersi con persone di tutto il mondo<\/li>\n<li style=\"font-weight: 400;\" aria-level=\"1\">La qualit\u00e0 video e audio \u00e8 buona<\/li>\n<li style=\"font-weight: 400;\" aria-level=\"1\">Dispone di una serie di funzioni quali testo, voce e <a href=\"https:\/\/strangercam.com\/it\/american-random-video-call\/\">videochiamata<\/a>, chat di gruppo, ecc.<\/li>\n<\/ul>\n<h4>Contro:<\/h4>\n<ol>\n<li style=\"font-weight: 400;\" aria-level=\"1\">A volte l'app presenta dei problemi<\/li>\n<li style=\"font-weight: 400;\" aria-level=\"1\">La connessione pu\u00f2 essere persa facilmente<\/li>\n<\/ol>\n<h2>Chatride rispetto ad altre piattaforme di comunicazione<\/h2>\n<p>Esistono molte piattaforme di comunicazione, ma Chatride \u00e8 sicuramente una delle migliori. Ecco perch\u00e9:<\/p>\n<ul>\n<li style=\"font-weight: 400;\" aria-level=\"1\">Chatride \u00e8 incredibilmente facile da usare. Non \u00e8 necessario essere esperti di tecnologia per usarlo: chiunque pu\u00f2 prenderlo e iniziare a chattare in pochi minuti.<\/li>\n<li style=\"font-weight: 400;\" aria-level=\"1\">Chatride \u00e8 completamente gratuito. Non ci sono costi nascosti o abbonamenti: potete chattare quanto volete, senza preoccuparvi del vostro portafoglio.<\/li>\n<li style=\"font-weight: 400;\" aria-level=\"1\">Chatride \u00e8 estremamente veloce e affidabile. Non dovrete mai preoccuparvi di problemi di lag o di connessione quando utilizzate Chatride.<\/li>\n<li style=\"font-weight: 400;\" aria-level=\"1\">Chatride offre una grande selezione di funzioni e opzioni. Che siate alla ricerca di una chat di gruppo o di una messaggistica privata, Chatride vi copre.<\/li>\n<li style=\"font-weight: 400;\" aria-level=\"1\">Chatride viene costantemente aggiornato con nuove funzionalit\u00e0 e miglioramenti. Il team che sta dietro a Chatride lavora sempre duramente per assicurarsi che la piattaforma sia la migliore possibile.<\/li>\n<\/ul>\n<p>Se siete alla ricerca di una piattaforma di comunicazione che risponda a tutte le esigenze, non cercate oltre l'Chatride!<\/p>\n<h2>Perch\u00e9 Chatride \u00e8 una piattaforma di video chat cos\u00ec popolare?<\/h2>\n<p>Ci sono molti motivi per cui Chatride \u00e8 una piattaforma di video chat casuale cos\u00ec popolare. Innanzitutto, \u00e8 completamente gratuita. Non \u00e8 necessario registrare un account o pagare alcun costo per iniziare a chattare.<\/p>\n<p>Un altro motivo \u00e8 che Chatride \u00e8 incredibilmente facile da usare. Tutto ci\u00f2 che dovete fare \u00e8 andare sul sito web e cliccare sul pulsante \"inizia a chattare\". Sarete immediatamente connessi con uno sconosciuto a caso da qualsiasi parte del mondo.<\/p>\n<p>Anche l'interfaccia della chat \u00e8 molto intuitiva. \u00c8 facile digitare messaggi o inviare emoji e adesivi. Se si desidera vedere la persona con cui si sta parlando, \u00e8 possibile attivare la funzione webcam con pochi clic.<\/p>\n<p>Infine, Chatride \u00e8 una delle piattaforme di chat casuale pi\u00f9 popolari perch\u00e9 offre una grande variet\u00e0 di funzioni. Oltre a testo e <a href=\"https:\/\/strangercam.com\/it\/rabbit-video-chat\/\">video chat<\/a>, \u00c8 inoltre possibile giocare, condividere foto e persino utilizzare la chat vocale. C'\u00e8 qualcosa per tutti su Chatride!<\/p>\n<h2>\u00c8 sicuro da usare?<\/h2>\n<p>Quando si tratta di chattare online, si vuole essere certi di utilizzare una piattaforma sicura e protetta. Chatride \u00e8 un'ottima opzione per chi cerca un modo sicuro e protetto di chattare online. Il sito utilizza la crittografia SSL per proteggere le informazioni e tutte le chat sono moderate da membri dello staff. \u00c8 inoltre possibile impostare un profilo personale in modo che solo le persone conosciute possano contattarvi.<\/p>\n<h2>Come essere sicuri quando si utilizza una piattaforma di chat video casuale?<\/h2>\n<p>La maggior parte <a href=\"https:\/\/strangercam.com\/it\/chathub\/\">video chat casuale<\/a> Le piattaforme sono sicure da usare. Tuttavia, ci sono alcune cose che potete fare per garantire la vostra sicurezza durante l'utilizzo di queste piattaforme. Ecco alcuni consigli:<\/p>\n<ul>\n<li style=\"font-weight: 400;\" aria-level=\"1\">Evitate di condividere informazioni personali con chiunque incontriate su una piattaforma di video chat casuale. Questo include il vostro nome completo, l'indirizzo, il numero di telefono, l'indirizzo e-mail, ecc.<\/li>\n<li style=\"font-weight: 400;\" aria-level=\"1\">Se qualcuno incontrato su una piattaforma di video chat casuale vi chiede informazioni personali, non dategliele.<\/li>\n<li style=\"font-weight: 400;\" aria-level=\"1\">Non incontratevi di persona con chi avete conosciuto su una piattaforma di video chat casuale.<\/li>\n<li style=\"font-weight: 400;\" aria-level=\"1\">Non inviate denaro a chi incontrate su una piattaforma di video chat casuale.<\/li>\n<li style=\"font-weight: 400;\" aria-level=\"1\">Se qualcuno incontrato su una piattaforma di video chat casuale vi chiede del denaro, non dateglielo.<\/li>\n<\/ul>\n<h2>Conclusione<\/h2>\n<p>Nel complesso, Chatride \u00e8 un ottimo modo per rimanere in contatto con amici e familiari in tutto il mondo. La cosa migliore \u00e8 che l'utilizzo \u00e8 gratuito, quindi non dovete preoccuparvi di spendere soldi. \u00c8 anche possibile creare chat di gruppo per rimanere in contatto con pi\u00f9 persone contemporaneamente. Quindi, cosa state aspettando? Scaricate Chatride oggi stesso!<\/p>","protected":false},"excerpt":{"rendered":"<p>Random video chat is the new trend, and Chatride is one of the most popular random video chatting platform. If you want to know all the details about Chatride keep on reading, Here in this article we are going to cover the all details which you need to know before using this platform. What is [&hellip;]<\/p>\n","protected":false},"author":6,"featured_media":559,"parent":0,"menu_order":0,"comment_status":"closed","ping_status":"closed","template":"","meta":{"footnotes":""},"class_list":["post-11154","page","type-page","status-publish","has-post-thumbnail","hentry"],"yoast_head":"<!-- This site is optimized with the Yoast SEO plugin v27.4 - https:\/\/yoast.com\/product\/yoast-seo-wordpress\/ -->\n<title>Chatride - Chat with strangers on StrangerCam.com<\/title>\n<meta name=\"description\" content=\"Like Chatride? Come chat with more than 5.000.000 strangers on Stranger Cam for Free! Turn on your cam and find new friends &amp; maby a match!\" \/>\n<meta name=\"robots\" content=\"index, follow, max-snippet:-1, max-image-preview:large, max-video-preview:-1\" \/>\n<link rel=\"canonical\" href=\"https:\/\/strangercam.com\/it\/chatride\/\" \/>\n<meta property=\"og:locale\" content=\"it_IT\" \/>\n<meta property=\"og:type\" content=\"article\" \/>\n<meta property=\"og:title\" content=\"Chatride - Chat with strangers on StrangerCam.com\" \/>\n<meta property=\"og:description\" content=\"Like Chatride? Come chat with more than 5.000.000 strangers on Stranger Cam for Free! Turn on your cam and find new friends &amp; maby a match!\" \/>\n<meta property=\"og:url\" content=\"https:\/\/strangercam.com\/it\/chatride\/\" \/>\n<meta property=\"og:site_name\" content=\"Strangercam\" \/>\n<meta property=\"article:publisher\" content=\"https:\/\/www.facebook.com\/strangercam\" \/>\n<meta property=\"article:modified_time\" content=\"2023-08-21T10:24:41+00:00\" \/>\n<meta property=\"og:image\" content=\"https:\/\/strangercam.com\/wp-content\/uploads\/2020\/11\/stranger-cam-1.png\" \/>\n\t<meta property=\"og:image:width\" content=\"800\" \/>\n\t<meta property=\"og:image:height\" content=\"800\" \/>\n\t<meta property=\"og:image:type\" content=\"image\/png\" \/>\n<meta name=\"twitter:card\" content=\"summary_large_image\" \/>\n<meta name=\"twitter:site\" content=\"@strangercamapp\" \/>\n<meta name=\"twitter:label1\" content=\"Tempo di lettura stimato\" \/>\n\t<meta name=\"twitter:data1\" content=\"5 minuti\" \/>\n<script type=\"application\/ld+json\" class=\"yoast-schema-graph\">{\"@context\":\"https:\\\/\\\/schema.org\",\"@graph\":[{\"@type\":\"WebPage\",\"@id\":\"https:\\\/\\\/strangercam.com\\\/chatride\\\/\",\"url\":\"https:\\\/\\\/strangercam.com\\\/chatride\\\/\",\"name\":\"Chatride - Chat with strangers on StrangerCam.com\",\"isPartOf\":{\"@id\":\"https:\\\/\\\/strangercam.com\\\/#website\"},\"primaryImageOfPage\":{\"@id\":\"https:\\\/\\\/strangercam.com\\\/chatride\\\/#primaryimage\"},\"image\":{\"@id\":\"https:\\\/\\\/strangercam.com\\\/chatride\\\/#primaryimage\"},\"thumbnailUrl\":\"https:\\\/\\\/strangercam.com\\\/wp-content\\\/uploads\\\/2020\\\/11\\\/stranger-cam-1.png\",\"datePublished\":\"2022-08-11T13:12:40+00:00\",\"dateModified\":\"2023-08-21T10:24:41+00:00\",\"description\":\"Like Chatride? Come chat with more than 5.000.000 strangers on Stranger Cam for Free! Turn on your cam and find new friends & maby a match!\",\"breadcrumb\":{\"@id\":\"https:\\\/\\\/strangercam.com\\\/chatride\\\/#breadcrumb\"},\"inLanguage\":\"it-IT\",\"potentialAction\":[{\"@type\":\"ReadAction\",\"target\":[\"https:\\\/\\\/strangercam.com\\\/chatride\\\/\"]}]},{\"@type\":\"ImageObject\",\"inLanguage\":\"it-IT\",\"@id\":\"https:\\\/\\\/strangercam.com\\\/chatride\\\/#primaryimage\",\"url\":\"https:\\\/\\\/strangercam.com\\\/wp-content\\\/uploads\\\/2020\\\/11\\\/stranger-cam-1.png\",\"contentUrl\":\"https:\\\/\\\/strangercam.com\\\/wp-content\\\/uploads\\\/2020\\\/11\\\/stranger-cam-1.png\",\"width\":800,\"height\":800,\"caption\":\"stranger cam random video chat\"},{\"@type\":\"BreadcrumbList\",\"@id\":\"https:\\\/\\\/strangercam.com\\\/chatride\\\/#breadcrumb\",\"itemListElement\":[{\"@type\":\"ListItem\",\"position\":1,\"name\":\"Home\",\"item\":\"https:\\\/\\\/strangercam.com\\\/\"},{\"@type\":\"ListItem\",\"position\":2,\"name\":\"Chatride\"}]},{\"@type\":\"WebSite\",\"@id\":\"https:\\\/\\\/strangercam.com\\\/#website\",\"url\":\"https:\\\/\\\/strangercam.com\\\/\",\"name\":\"Strangercam\",\"description\":\"Random Video Chat with Strangers\",\"publisher\":{\"@id\":\"https:\\\/\\\/strangercam.com\\\/#organization\"},\"alternateName\":\"Strangercam.com\",\"potentialAction\":[{\"@type\":\"SearchAction\",\"target\":{\"@type\":\"EntryPoint\",\"urlTemplate\":\"https:\\\/\\\/strangercam.com\\\/?s={search_term_string}\"},\"query-input\":{\"@type\":\"PropertyValueSpecification\",\"valueRequired\":true,\"valueName\":\"search_term_string\"}}],\"inLanguage\":\"it-IT\"},{\"@type\":\"Organization\",\"@id\":\"https:\\\/\\\/strangercam.com\\\/#organization\",\"name\":\"Strangercam\",\"alternateName\":\"Strangercam.com\",\"url\":\"https:\\\/\\\/strangercam.com\\\/\",\"logo\":{\"@type\":\"ImageObject\",\"inLanguage\":\"it-IT\",\"@id\":\"https:\\\/\\\/strangercam.com\\\/#\\\/schema\\\/logo\\\/image\\\/\",\"url\":\"https:\\\/\\\/strangercam.com\\\/wp-content\\\/uploads\\\/2020\\\/11\\\/cropped-new-favicon-black.png\",\"contentUrl\":\"https:\\\/\\\/strangercam.com\\\/wp-content\\\/uploads\\\/2020\\\/11\\\/cropped-new-favicon-black.png\",\"width\":512,\"height\":512,\"caption\":\"Strangercam\"},\"image\":{\"@id\":\"https:\\\/\\\/strangercam.com\\\/#\\\/schema\\\/logo\\\/image\\\/\"},\"sameAs\":[\"https:\\\/\\\/www.facebook.com\\\/strangercam\",\"https:\\\/\\\/x.com\\\/strangercamapp\"]}]}<\/script>\n<!-- \/ Yoast SEO plugin. -->","yoast_head_json":{"title":"Chatride - Chatta con gli sconosciuti su StrangerCam.com","description":"Come Chatride? Vieni a chattare con pi\u00f9 di 5.000.000 di sconosciuti su Stranger Cam gratuitamente! Accendi la tua cam e trova nuovi amici e magari un partner!","robots":{"index":"index","follow":"follow","max-snippet":"max-snippet:-1","max-image-preview":"max-image-preview:large","max-video-preview":"max-video-preview:-1"},"canonical":"https:\/\/strangercam.com\/it\/chatride\/","og_locale":"it_IT","og_type":"article","og_title":"Chatride - Chat with strangers on StrangerCam.com","og_description":"Like Chatride? Come chat with more than 5.000.000 strangers on Stranger Cam for Free! Turn on your cam and find new friends & maby a match!","og_url":"https:\/\/strangercam.com\/it\/chatride\/","og_site_name":"Strangercam","article_publisher":"https:\/\/www.facebook.com\/strangercam","article_modified_time":"2023-08-21T10:24:41+00:00","og_image":[{"width":800,"height":800,"url":"https:\/\/strangercam.com\/wp-content\/uploads\/2020\/11\/stranger-cam-1.png","type":"image\/png"}],"twitter_card":"summary_large_image","twitter_site":"@strangercamapp","twitter_misc":{"Tempo di lettura stimato":"5 minuti"},"schema":{"@context":"https:\/\/schema.org","@graph":[{"@type":"WebPage","@id":"https:\/\/strangercam.com\/chatride\/","url":"https:\/\/strangercam.com\/chatride\/","name":"Chatride - Chatta con gli sconosciuti su StrangerCam.com","isPartOf":{"@id":"https:\/\/strangercam.com\/#website"},"primaryImageOfPage":{"@id":"https:\/\/strangercam.com\/chatride\/#primaryimage"},"image":{"@id":"https:\/\/strangercam.com\/chatride\/#primaryimage"},"thumbnailUrl":"https:\/\/strangercam.com\/wp-content\/uploads\/2020\/11\/stranger-cam-1.png","datePublished":"2022-08-11T13:12:40+00:00","dateModified":"2023-08-21T10:24:41+00:00","description":"Come Chatride? Vieni a chattare con pi\u00f9 di 5.000.000 di sconosciuti su Stranger Cam gratuitamente! Accendi la tua cam e trova nuovi amici e magari un partner!","breadcrumb":{"@id":"https:\/\/strangercam.com\/chatride\/#breadcrumb"},"inLanguage":"it-IT","potentialAction":[{"@type":"ReadAction","target":["https:\/\/strangercam.com\/chatride\/"]}]},{"@type":"ImageObject","inLanguage":"it-IT","@id":"https:\/\/strangercam.com\/chatride\/#primaryimage","url":"https:\/\/strangercam.com\/wp-content\/uploads\/2020\/11\/stranger-cam-1.png","contentUrl":"https:\/\/strangercam.com\/wp-content\/uploads\/2020\/11\/stranger-cam-1.png","width":800,"height":800,"caption":"stranger cam random video chat"},{"@type":"BreadcrumbList","@id":"https:\/\/strangercam.com\/chatride\/#breadcrumb","itemListElement":[{"@type":"ListItem","position":1,"name":"Home","item":"https:\/\/strangercam.com\/"},{"@type":"ListItem","position":2,"name":"Chatride"}]},{"@type":"WebSite","@id":"https:\/\/strangercam.com\/#website","url":"https:\/\/strangercam.com\/","name":"Strangercam","description":"Videochat casuale con sconosciuti","publisher":{"@id":"https:\/\/strangercam.com\/#organization"},"alternateName":"Strangercam.com","potentialAction":[{"@type":"SearchAction","target":{"@type":"EntryPoint","urlTemplate":"https:\/\/strangercam.com\/?s={search_term_string}"},"query-input":{"@type":"PropertyValueSpecification","valueRequired":true,"valueName":"search_term_string"}}],"inLanguage":"it-IT"},{"@type":"Organization","@id":"https:\/\/strangercam.com\/#organization","name":"Strangercam","alternateName":"Strangercam.com","url":"https:\/\/strangercam.com\/","logo":{"@type":"ImageObject","inLanguage":"it-IT","@id":"https:\/\/strangercam.com\/#\/schema\/logo\/image\/","url":"https:\/\/strangercam.com\/wp-content\/uploads\/2020\/11\/cropped-new-favicon-black.png","contentUrl":"https:\/\/strangercam.com\/wp-content\/uploads\/2020\/11\/cropped-new-favicon-black.png","width":512,"height":512,"caption":"Strangercam"},"image":{"@id":"https:\/\/strangercam.com\/#\/schema\/logo\/image\/"},"sameAs":["https:\/\/www.facebook.com\/strangercam","https:\/\/x.com\/strangercamapp"]}]}},"_links":{"self":[{"href":"https:\/\/strangercam.com\/it\/wp-json\/wp\/v2\/pages\/11154","targetHints":{"allow":["GET"]}}],"collection":[{"href":"https:\/\/strangercam.com\/it\/wp-json\/wp\/v2\/pages"}],"about":[{"href":"https:\/\/strangercam.com\/it\/wp-json\/wp\/v2\/types\/page"}],"author":[{"embeddable":true,"href":"https:\/\/strangercam.com\/it\/wp-json\/wp\/v2\/users\/6"}],"replies":[{"embeddable":true,"href":"https:\/\/strangercam.com\/it\/wp-json\/wp\/v2\/comments?post=11154"}],"version-history":[{"count":0,"href":"https:\/\/strangercam.com\/it\/wp-json\/wp\/v2\/pages\/11154\/revisions"}],"wp:featuredmedia":[{"embeddable":true,"href":"https:\/\/strangercam.com\/it\/wp-json\/wp\/v2\/media\/559"}],"wp:attachment":[{"href":"https:\/\/strangercam.com\/it\/wp-json\/wp\/v2\/media?parent=11154"}],"curies":[{"name":"wp","href":"https:\/\/api.w.org\/{rel}","templated":true}]}}