{"id":11108,"date":"2022-08-11T14:46:42","date_gmt":"2022-08-11T12:46:42","guid":{"rendered":"https:\/\/strangercam.com\/?page_id=11108"},"modified":"2023-08-21T11:40:39","modified_gmt":"2023-08-21T09:40:39","slug":"camround","status":"publish","type":"page","link":"https:\/\/strangercam.com\/it\/camround\/","title":{"rendered":"Camround"},"content":{"rendered":"<p>Nel mondo di oggi \u00e8 facile sentirsi soli e non avere nessuno con cui parlare. Se state cercando un modo per <a href=\"https:\/\/strangercam.com\/it\/coomeet\/\">incontrarsi<\/a> Se volete conoscere nuove persone e fare amicizia, Camround \u00e8 l'applicazione perfetta per voi! Camround \u00e8 un'applicazione di social networking che vi mette in contatto con persone a caso di tutto il mondo.<\/p>\n<h2>Che cos'\u00e8 l'Camround?<\/h2>\n<p>Camround \u00e8 un nuovo sito di social networking che vi aiuta a incontrare persone a caso e a fare nuove amicizie. \u00c8 semplice da usare: basta iscriversi e iniziare a chattare con persone di tutto il mondo. Camround \u00e8 un ottimo modo per incontrare nuove persone, conoscere culture diverse e fare nuove amicizie.<\/p>\n<h2>Come funziona l'Camround?<\/h2>\n<p>Camround \u00e8 un sito di social networking che mette in contatto persone di tutto il mondo. \u00c8 semplice da usare: basta iscriversi e iniziare a chattare! Potrete incontrare nuovi amici, conoscere nuove culture e forse anche trovare l'amore!<\/p>\n<h2>Pro e contro dell'Camround<\/h2>\n<p>Se state cercando un nuovo modo per incontrare persone e fare amicizia, potreste chiedervi se Camround sia la scelta giusta per voi. In questo post esamineremo alcuni dei pro e dei contro dell'uso di Camround, in modo che possiate decidere da soli se \u00e8 la scelta giusta per voi.<\/p>\n<h4>Pro:<\/h4>\n<ul>\n<li style=\"font-weight: 400;\" aria-level=\"1\">Camround \u00e8 un modo fantastico per incontrare nuove persone da tutto il mondo. Puoi entrare in contatto con persone che condividono i tuoi interessi e non sai mai chi potresti incontrare!<\/li>\n<li style=\"font-weight: 400;\" aria-level=\"1\">\u00c8 un modo semplice e divertente per socializzare online. \u00c8 possibile avviare facilmente conversazioni con le persone e non c'\u00e8 alcuna pressione a incontrarsi di persona se non si \u00e8 ancora pronti.<\/li>\n<li style=\"font-weight: 400;\" aria-level=\"1\">Camround \u00e8 gratuito, quindi potete provarlo senza alcun impegno.<\/li>\n<\/ul>\n<h4>Contro:<\/h4>\n<ul>\n<li style=\"font-weight: 400;\" aria-level=\"1\">Dato che Camround \u00e8 un campione <a href=\"https:\/\/strangercam.com\/it\/chatroulette\/\">chat<\/a> sito, c'\u00e8 sempre la possibilit\u00e0 di imbattersi in comportamenti inappropriati o in predatori. Se non si sta attenti, si potrebbe finire in una situazione pericolosa.<\/li>\n<li style=\"font-weight: 400;\" aria-level=\"1\">C'\u00e8 anche la possibilit\u00e0 di perdere molto tempo su Camround se non si sta attenti. \u00c8 facile essere risucchiati a chattare per ore e ore senza ottenere alcun risultato.<\/li>\n<\/ul>\n<h2>Caratteristiche significative dell'Camround<\/h2>\n<p>Una delle caratteristiche principali di Camround \u00e8 che vi aiuta a incontrare persone a caso e a fare nuove amicizie. \u00c8 un sito di social networking che consente di connettersi con persone di tutto il mondo. La cosa migliore di Camround \u00e8 che \u00e8 assolutamente gratuito!<\/p>\n<p>Un'altra grande caratteristica dell'Camround \u00e8 l'opportunit\u00e0 di conoscere culture diverse. Potete interagire con persone provenienti da diverse parti del mondo e conoscere i loro usi e costumi. \u00c8 un ottimo modo per ampliare i propri orizzonti e comprendere meglio il mondo che ci circonda.<\/p>\n<p>Camround \u00e8 anche un ottimo modo per tenersi in contatto con i vecchi amici. Si possono riallacciare i contatti con i vecchi compagni di classe o anche fare nuove amicizie che condividono i propri interessi. Con Camround \u00e8 facile rimanere in contatto con le persone che contano di pi\u00f9 per voi.<\/p>\n<p>Allora, cosa stai aspettando? Iscriviti a Camround oggi stesso e inizia a conoscere nuove persone da tutto il mondo!<\/p>\n<h2>Come sfruttare al meglio l'Camround?<\/h2>\n<p>Se volete fare nuove amicizie e conoscere gente a caso, l'Camround \u00e8 il posto perfetto per voi! Ecco alcuni consigli su come sfruttare al meglio la vostra esperienza:<\/p>\n<ul>\n<li style=\"font-weight: 400;\" aria-level=\"1\">Siate voi stessi! Il modo migliore per fare amicizia \u00e8 essere se stessi e lasciare che gli altri conoscano il vero s\u00e9.<\/li>\n<li style=\"font-weight: 400;\" aria-level=\"1\">Siate aperti a conoscere nuove persone. Non abbiate paura di iniziare una conversazione con qualcuno che non conoscete.<\/li>\n<li style=\"font-weight: 400;\" aria-level=\"1\">Partecipare alla comunit\u00e0. Nella comunit\u00e0 Camround ci sono sempre cose divertenti, quindi coinvolgetevi e partecipate al divertimento!<\/li>\n<li style=\"font-weight: 400;\" aria-level=\"1\">Siate rispettosi. Ricordate di rispettare gli altri e le loro opinioni, anche se non siete d'accordo con loro.<\/li>\n<li style=\"font-weight: 400;\" aria-level=\"1\">Divertitevi! Fare nuove amicizie dovrebbe essere piacevole, quindi assicuratevi di rilassarvi e divertirvi!<\/li>\n<\/ul>\n<h2>Perch\u00e9 Camround \u00e8 una piattaforma di video chat cos\u00ec popolare?<\/h2>\n<p><a href=\"https:\/\/strangercam.com\/it\/chathub\/\">Video chat casuale<\/a> Le piattaforme come Camround stanno diventando sempre pi\u00f9 popolari, in quanto le persone cercano nuovi modi per connettersi con gli altri online. Ci sono diversi motivi per cui Camround \u00e8 cos\u00ec popolare, tra cui la possibilit\u00e0 di incontrare nuove persone da tutto il mondo e il fatto che \u00e8 gratuito.<\/p>\n<p>Una delle cose migliori di Camround \u00e8 che offre agli utenti l'opportunit\u00e0 di incontrare nuove persone da tutto il mondo. Non importa dove ci si trovi, si pu\u00f2 accedere e iniziare a chattare con qualcuno di nuovo. Questo \u00e8 un ottimo modo per fare nuove amicizie e ampliare la propria cerchia sociale.<\/p>\n<p>Un altro motivo per cui Camround \u00e8 cos\u00ec popolare \u00e8 che \u00e8 gratuito. Non \u00e8 necessario pagare nulla per iscriversi o per chattare, il che lo rende accessibile a tutti. Ci\u00f2 significa anche che non ci sono annunci pubblicitari, quindi potete godervi le vostre conversazioni senza interruzioni.<\/p>\n<p>Se siete alla ricerca di un modo semplice e divertente per incontrare nuove persone, allora Camround merita sicuramente una visita.<\/p>\n<h2>Cosa aspettarsi quando si utilizza una piattaforma di video chat casuale?<\/h2>\n<p>A caso <a href=\"https:\/\/strangercam.com\/it\/rabbit-video-chat\/\">video chat<\/a> pu\u00f2 essere un ottimo modo per incontrare nuove persone e fare nuove amicizie. Tuttavia, ci sono alcune cose da tenere a mente quando si utilizza una piattaforma di questo tipo.<\/p>\n<p>In primo luogo, ricordate che non tutti quelli che incontrate su una piattaforma di video chat a caso sono la persona che dicono di essere. Ci sono truffatori e predatori che usano queste piattaforme per predare gli utenti ignari. Assicuratevi di usare il buon senso e di essere cauti quando interagite con chiunque incontriate su una piattaforma di video chat casuale.<\/p>\n<p>In secondo luogo, sappiate che alcune delle persone che incontrate su una piattaforma di video chat casuale potrebbero non essere interessate a parlare con voi. Se qualcuno sembra disinteressato o non risponde, non prendetela sul personale; passate a qualcun altro.<\/p>\n<p>Infine, non fornite informazioni personali o inviate denaro a chi incontrate su una piattaforma di video chat casuale.<\/p>\n<h2>\u00c8 sicuro da usare?<\/h2>\n<p>Per quanto riguarda la sicurezza online, Camround adotta misure per garantire che i suoi utenti siano protetti da truffatori e frodatori. Il sito utilizza sistemi di verifica per confermare l'identit\u00e0 dei suoi membri e ha anche una rigorosa politica anti-spam. Inoltre, Camround offre una modalit\u00e0 sicura per gli utenti che vogliono limitare le loro interazioni solo a coloro che sono stati verificati dal sito.<\/p>\n<h2>Alternative a Camround<\/h2>\n<p>Cerchi qualche alternativa a Camround? Ecco alcuni altri modi per incontrare persone a caso e fare nuove amicizie:<\/p>\n<ul>\n<li style=\"font-weight: 400;\" aria-level=\"1\">Cam4 - Cam4 \u00e8 un sito che consente di videochattare con persone a caso. \u00c8 molto simile a Camround, ma non ha le stesse caratteristiche.<\/li>\n<li style=\"font-weight: 400;\" aria-level=\"1\"><a href=\"https:\/\/strangercam.com\/it\/omegle\/\">Omegle<\/a> \u00e8 un altro sito che consente di videochattare con persone a caso. Non ha tante funzioni come Camround, ma \u00e8 comunque un'ottima opzione.<\/li>\n<li style=\"font-weight: 400;\" aria-level=\"1\">Chaturbate: Un'ottima alternativa a Camround, Chaturbate \u00e8 una piattaforma di webcam dal vivo con milioni di utenti.<\/li>\n<\/ul>\n<h2>Conclusione<\/h2>\n<p>Camround \u00e8 un'ottima applicazione per fare nuove amicizie e incontrare persone a caso. \u00c8 facile da usare e gratuita, quindi non c'\u00e8 nulla che vi impedisca di provarla. Che siate alla ricerca di qualcuno con cui chattare o che vogliate incontrare qualcuno di persona, Camround \u00e8 sicuramente da provare.<\/p>","protected":false},"excerpt":{"rendered":"<p>In today&#8217;s world, it&#8217;s easy to feel alone and like you don&#8217;t have anyone to talk to. If you&#8217;re looking for a way to meet new people and make friends, Camround is the perfect app for you! Camround is a social networking app that connects you with random people from all over the world. What [&hellip;]<\/p>\n","protected":false},"author":6,"featured_media":559,"parent":0,"menu_order":0,"comment_status":"closed","ping_status":"closed","template":"","meta":{"footnotes":""},"class_list":["post-11108","page","type-page","status-publish","has-post-thumbnail","hentry"],"yoast_head":"<!-- This site is optimized with the Yoast SEO plugin v27.4 - https:\/\/yoast.com\/product\/yoast-seo-wordpress\/ -->\n<title>Camround - Chat with strangers on StrangerCam.com<\/title>\n<meta name=\"description\" content=\"Like Camround? Come chat with more than 5.000.000 strangers on Stranger Cam for Free! Turn on your cam and find new friends &amp; maby a match!\" \/>\n<meta name=\"robots\" content=\"index, follow, max-snippet:-1, max-image-preview:large, max-video-preview:-1\" \/>\n<link rel=\"canonical\" href=\"https:\/\/strangercam.com\/it\/camround\/\" \/>\n<meta property=\"og:locale\" content=\"it_IT\" \/>\n<meta property=\"og:type\" content=\"article\" \/>\n<meta property=\"og:title\" content=\"Camround - Chat with strangers on StrangerCam.com\" \/>\n<meta property=\"og:description\" content=\"Like Camround? Come chat with more than 5.000.000 strangers on Stranger Cam for Free! Turn on your cam and find new friends &amp; maby a match!\" \/>\n<meta property=\"og:url\" content=\"https:\/\/strangercam.com\/it\/camround\/\" \/>\n<meta property=\"og:site_name\" content=\"Strangercam\" \/>\n<meta property=\"article:publisher\" content=\"https:\/\/www.facebook.com\/strangercam\" \/>\n<meta property=\"article:modified_time\" content=\"2023-08-21T09:40:39+00:00\" \/>\n<meta property=\"og:image\" content=\"https:\/\/strangercam.com\/wp-content\/uploads\/2020\/11\/stranger-cam-1.png\" \/>\n\t<meta property=\"og:image:width\" content=\"800\" \/>\n\t<meta property=\"og:image:height\" content=\"800\" \/>\n\t<meta property=\"og:image:type\" content=\"image\/png\" \/>\n<meta name=\"twitter:card\" content=\"summary_large_image\" \/>\n<meta name=\"twitter:site\" content=\"@strangercamapp\" \/>\n<meta name=\"twitter:label1\" content=\"Tempo di lettura stimato\" \/>\n\t<meta name=\"twitter:data1\" content=\"6 minuti\" \/>\n<script type=\"application\/ld+json\" class=\"yoast-schema-graph\">{\"@context\":\"https:\\\/\\\/schema.org\",\"@graph\":[{\"@type\":\"WebPage\",\"@id\":\"https:\\\/\\\/strangercam.com\\\/camround\\\/\",\"url\":\"https:\\\/\\\/strangercam.com\\\/camround\\\/\",\"name\":\"Camround - Chat with strangers on StrangerCam.com\",\"isPartOf\":{\"@id\":\"https:\\\/\\\/strangercam.com\\\/#website\"},\"primaryImageOfPage\":{\"@id\":\"https:\\\/\\\/strangercam.com\\\/camround\\\/#primaryimage\"},\"image\":{\"@id\":\"https:\\\/\\\/strangercam.com\\\/camround\\\/#primaryimage\"},\"thumbnailUrl\":\"https:\\\/\\\/strangercam.com\\\/wp-content\\\/uploads\\\/2020\\\/11\\\/stranger-cam-1.png\",\"datePublished\":\"2022-08-11T12:46:42+00:00\",\"dateModified\":\"2023-08-21T09:40:39+00:00\",\"description\":\"Like Camround? Come chat with more than 5.000.000 strangers on Stranger Cam for Free! Turn on your cam and find new friends & maby a match!\",\"breadcrumb\":{\"@id\":\"https:\\\/\\\/strangercam.com\\\/camround\\\/#breadcrumb\"},\"inLanguage\":\"it-IT\",\"potentialAction\":[{\"@type\":\"ReadAction\",\"target\":[\"https:\\\/\\\/strangercam.com\\\/camround\\\/\"]}]},{\"@type\":\"ImageObject\",\"inLanguage\":\"it-IT\",\"@id\":\"https:\\\/\\\/strangercam.com\\\/camround\\\/#primaryimage\",\"url\":\"https:\\\/\\\/strangercam.com\\\/wp-content\\\/uploads\\\/2020\\\/11\\\/stranger-cam-1.png\",\"contentUrl\":\"https:\\\/\\\/strangercam.com\\\/wp-content\\\/uploads\\\/2020\\\/11\\\/stranger-cam-1.png\",\"width\":800,\"height\":800,\"caption\":\"stranger cam random video chat\"},{\"@type\":\"BreadcrumbList\",\"@id\":\"https:\\\/\\\/strangercam.com\\\/camround\\\/#breadcrumb\",\"itemListElement\":[{\"@type\":\"ListItem\",\"position\":1,\"name\":\"Home\",\"item\":\"https:\\\/\\\/strangercam.com\\\/\"},{\"@type\":\"ListItem\",\"position\":2,\"name\":\"Camround\"}]},{\"@type\":\"WebSite\",\"@id\":\"https:\\\/\\\/strangercam.com\\\/#website\",\"url\":\"https:\\\/\\\/strangercam.com\\\/\",\"name\":\"Strangercam\",\"description\":\"Random Video Chat with Strangers\",\"publisher\":{\"@id\":\"https:\\\/\\\/strangercam.com\\\/#organization\"},\"alternateName\":\"Strangercam.com\",\"potentialAction\":[{\"@type\":\"SearchAction\",\"target\":{\"@type\":\"EntryPoint\",\"urlTemplate\":\"https:\\\/\\\/strangercam.com\\\/?s={search_term_string}\"},\"query-input\":{\"@type\":\"PropertyValueSpecification\",\"valueRequired\":true,\"valueName\":\"search_term_string\"}}],\"inLanguage\":\"it-IT\"},{\"@type\":\"Organization\",\"@id\":\"https:\\\/\\\/strangercam.com\\\/#organization\",\"name\":\"Strangercam\",\"alternateName\":\"Strangercam.com\",\"url\":\"https:\\\/\\\/strangercam.com\\\/\",\"logo\":{\"@type\":\"ImageObject\",\"inLanguage\":\"it-IT\",\"@id\":\"https:\\\/\\\/strangercam.com\\\/#\\\/schema\\\/logo\\\/image\\\/\",\"url\":\"https:\\\/\\\/strangercam.com\\\/wp-content\\\/uploads\\\/2020\\\/11\\\/cropped-new-favicon-black.png\",\"contentUrl\":\"https:\\\/\\\/strangercam.com\\\/wp-content\\\/uploads\\\/2020\\\/11\\\/cropped-new-favicon-black.png\",\"width\":512,\"height\":512,\"caption\":\"Strangercam\"},\"image\":{\"@id\":\"https:\\\/\\\/strangercam.com\\\/#\\\/schema\\\/logo\\\/image\\\/\"},\"sameAs\":[\"https:\\\/\\\/www.facebook.com\\\/strangercam\",\"https:\\\/\\\/x.com\\\/strangercamapp\"]}]}<\/script>\n<!-- \/ Yoast SEO plugin. -->","yoast_head_json":{"title":"Camround - Chatta con gli sconosciuti su StrangerCam.com","description":"Come Camround? Vieni a chattare con pi\u00f9 di 5.000.000 di sconosciuti su Stranger Cam gratuitamente! Accendi la tua cam e trova nuovi amici e magari un partner!","robots":{"index":"index","follow":"follow","max-snippet":"max-snippet:-1","max-image-preview":"max-image-preview:large","max-video-preview":"max-video-preview:-1"},"canonical":"https:\/\/strangercam.com\/it\/camround\/","og_locale":"it_IT","og_type":"article","og_title":"Camround - Chat with strangers on StrangerCam.com","og_description":"Like Camround? Come chat with more than 5.000.000 strangers on Stranger Cam for Free! Turn on your cam and find new friends & maby a match!","og_url":"https:\/\/strangercam.com\/it\/camround\/","og_site_name":"Strangercam","article_publisher":"https:\/\/www.facebook.com\/strangercam","article_modified_time":"2023-08-21T09:40:39+00:00","og_image":[{"width":800,"height":800,"url":"https:\/\/strangercam.com\/wp-content\/uploads\/2020\/11\/stranger-cam-1.png","type":"image\/png"}],"twitter_card":"summary_large_image","twitter_site":"@strangercamapp","twitter_misc":{"Tempo di lettura stimato":"6 minuti"},"schema":{"@context":"https:\/\/schema.org","@graph":[{"@type":"WebPage","@id":"https:\/\/strangercam.com\/camround\/","url":"https:\/\/strangercam.com\/camround\/","name":"Camround - Chatta con gli sconosciuti su StrangerCam.com","isPartOf":{"@id":"https:\/\/strangercam.com\/#website"},"primaryImageOfPage":{"@id":"https:\/\/strangercam.com\/camround\/#primaryimage"},"image":{"@id":"https:\/\/strangercam.com\/camround\/#primaryimage"},"thumbnailUrl":"https:\/\/strangercam.com\/wp-content\/uploads\/2020\/11\/stranger-cam-1.png","datePublished":"2022-08-11T12:46:42+00:00","dateModified":"2023-08-21T09:40:39+00:00","description":"Come Camround? Vieni a chattare con pi\u00f9 di 5.000.000 di sconosciuti su Stranger Cam gratuitamente! Accendi la tua cam e trova nuovi amici e magari un partner!","breadcrumb":{"@id":"https:\/\/strangercam.com\/camround\/#breadcrumb"},"inLanguage":"it-IT","potentialAction":[{"@type":"ReadAction","target":["https:\/\/strangercam.com\/camround\/"]}]},{"@type":"ImageObject","inLanguage":"it-IT","@id":"https:\/\/strangercam.com\/camround\/#primaryimage","url":"https:\/\/strangercam.com\/wp-content\/uploads\/2020\/11\/stranger-cam-1.png","contentUrl":"https:\/\/strangercam.com\/wp-content\/uploads\/2020\/11\/stranger-cam-1.png","width":800,"height":800,"caption":"stranger cam random video chat"},{"@type":"BreadcrumbList","@id":"https:\/\/strangercam.com\/camround\/#breadcrumb","itemListElement":[{"@type":"ListItem","position":1,"name":"Home","item":"https:\/\/strangercam.com\/"},{"@type":"ListItem","position":2,"name":"Camround"}]},{"@type":"WebSite","@id":"https:\/\/strangercam.com\/#website","url":"https:\/\/strangercam.com\/","name":"Strangercam","description":"Videochat casuale con sconosciuti","publisher":{"@id":"https:\/\/strangercam.com\/#organization"},"alternateName":"Strangercam.com","potentialAction":[{"@type":"SearchAction","target":{"@type":"EntryPoint","urlTemplate":"https:\/\/strangercam.com\/?s={search_term_string}"},"query-input":{"@type":"PropertyValueSpecification","valueRequired":true,"valueName":"search_term_string"}}],"inLanguage":"it-IT"},{"@type":"Organization","@id":"https:\/\/strangercam.com\/#organization","name":"Strangercam","alternateName":"Strangercam.com","url":"https:\/\/strangercam.com\/","logo":{"@type":"ImageObject","inLanguage":"it-IT","@id":"https:\/\/strangercam.com\/#\/schema\/logo\/image\/","url":"https:\/\/strangercam.com\/wp-content\/uploads\/2020\/11\/cropped-new-favicon-black.png","contentUrl":"https:\/\/strangercam.com\/wp-content\/uploads\/2020\/11\/cropped-new-favicon-black.png","width":512,"height":512,"caption":"Strangercam"},"image":{"@id":"https:\/\/strangercam.com\/#\/schema\/logo\/image\/"},"sameAs":["https:\/\/www.facebook.com\/strangercam","https:\/\/x.com\/strangercamapp"]}]}},"_links":{"self":[{"href":"https:\/\/strangercam.com\/it\/wp-json\/wp\/v2\/pages\/11108","targetHints":{"allow":["GET"]}}],"collection":[{"href":"https:\/\/strangercam.com\/it\/wp-json\/wp\/v2\/pages"}],"about":[{"href":"https:\/\/strangercam.com\/it\/wp-json\/wp\/v2\/types\/page"}],"author":[{"embeddable":true,"href":"https:\/\/strangercam.com\/it\/wp-json\/wp\/v2\/users\/6"}],"replies":[{"embeddable":true,"href":"https:\/\/strangercam.com\/it\/wp-json\/wp\/v2\/comments?post=11108"}],"version-history":[{"count":0,"href":"https:\/\/strangercam.com\/it\/wp-json\/wp\/v2\/pages\/11108\/revisions"}],"wp:featuredmedia":[{"embeddable":true,"href":"https:\/\/strangercam.com\/it\/wp-json\/wp\/v2\/media\/559"}],"wp:attachment":[{"href":"https:\/\/strangercam.com\/it\/wp-json\/wp\/v2\/media?parent=11108"}],"curies":[{"name":"wp","href":"https:\/\/api.w.org\/{rel}","templated":true}]}}