{"id":10160,"date":"2022-05-30T14:40:58","date_gmt":"2022-05-30T12:40:58","guid":{"rendered":"https:\/\/strangercam.com\/?page_id=10160"},"modified":"2023-08-21T11:40:39","modified_gmt":"2023-08-21T09:40:39","slug":"chateek","status":"publish","type":"page","link":"https:\/\/strangercam.com\/it\/chateek\/","title":{"rendered":"Chateek"},"content":{"rendered":"<p>Le persone possono parlare tra loro gratuitamente attraverso Internet, anche se risiedono a migliaia di chilometri di distanza. Ma come si fa a decidere quale sito web visitare? Quali strumenti vi aiuteranno a incontrare ragazze, ragazzi e persino relazioni amorose a distanza, oltre a diventare meravigliosi amici?<\/p>\n<p>Gli incontri su Internet sono un modo divertente per incontrare nuove persone e iniziare subito a comunicare. Chateek dot come ha stilato la migliore lista di siti web sicuri e protetti. Il nostro sito vi permette di entrare in contatto con persone altamente istruite e rispettabili. Questo video <a href=\"https:\/\/strangercam.com\/it\/chathub\/\">chat<\/a> permette di scegliere subito una persona e di parlare con lei in tempo reale. Queste conoscenze sono molto interessanti perch\u00e9 le discussioni su Internet permettono di parlare di qualsiasi cosa si scelga.<\/p>\n<h3>Ampio bacino di utenti - Esiste un'ampia gamma di chat per soddisfare le preferenze di tutti.<\/h3>\n<p>Innanzitutto, Chateek.com \u00e8 il posto migliore per iniziare una nuova relazione, per avere un appuntamento o per innamorarsi perdutamente! La vostra vita pu\u00f2 essere notevolmente arricchita se avete a disposizione tutto ci\u00f2 che potete desiderare per una conversazione interattiva su Internet. Le semplici conversazioni testuali non sono pi\u00f9 popolari perch\u00e9 gli interlocutori hanno un livello di interazione scarso. Tuttavia, in una chat video, ci si vede ancora e si partecipa a un vero dialogo. Non c'\u00e8 niente di meglio che comunicare con qualcuno che si trova a migliaia di chilometri di distanza tramite una chat video.<\/p>\n<p>Tra le conversazioni video pi\u00f9 popolari si possono vedere sul nostro sito web:<\/p>\n<ul>\n<li><a href=\"https:\/\/strangercam.com\/it\/chatroulette\/\">ChatRoulette<\/a>.<\/li>\n<li><a href=\"https:\/\/strangercam.com\/it\/omegle\/\">Omegle<\/a> \u00e8 un'applicazione di video chat.<\/li>\n<li>Chatroulette in russo.<\/li>\n<li><a href=\"https:\/\/strangercam.com\/it\/bazoocam\/\">bazoocam<\/a>.<\/li>\n<li>ChatRandom.<\/li>\n<li>Camzap.<\/li>\n<li><a href=\"https:\/\/strangercam.com\/it\/coomeet\/\">Coomeet<\/a>.<\/li>\n<li>Wowchat, ad esempio.<\/li>\n<\/ul>\n<h3>Un sito web di videoconferenza veloce per collegare le persone tra loro<\/h3>\n<p>Si chiama chat istantanea perch\u00e9 si pu\u00f2 iniziare a parlare subito. Nelle nostre discussioni online \u00e8 possibile incontrare qualcuno per un periodo di tempo brevissimo. Il corteggiamento di solito si conclude con la condivisione di informazioni di contatto, come Skype, ICQ, numeri di telefono e link ai profili dei social media. Inoltre, c'\u00e8 una buona possibilit\u00e0 di incontrarsi di persona. Tuttavia, le chat video possono talvolta compromettere la privacy.<\/p>\n<h3>Come utilizzare la piattaforma Chateek dot Com?<\/h3>\n<p>Basta accendere la webcam per immergersi in una grande comunicazione. E questo \u00e8 vero, perch\u00e9 non solo qui \u00e8 possibile avere una storia d'amore, ma lo \u00e8 anche avere incontri con persone all'estero. Questo \u00e8 un tipo di servizio di incontri su Internet.<\/p>\n<h3>Conclusione<\/h3>\n<p>Chateek dot com \u00e8 la migliore piattaforma che vi offre la possibilit\u00e0 di trovare le persone giuste su pi\u00f9 piattaforme.<\/p>","protected":false},"excerpt":{"rendered":"<p>People can speak with one another for free over the internet, even if they reside thousands of kilometers apart. But how do you decide which website to visit? What tools will help you meet girls, guys, and even long-distance love relationships in addition to becoming wonderful friends? Internet dating is a fun way to meet [&hellip;]<\/p>\n","protected":false},"author":6,"featured_media":559,"parent":0,"menu_order":0,"comment_status":"closed","ping_status":"closed","template":"","meta":{"footnotes":""},"class_list":["post-10160","page","type-page","status-publish","has-post-thumbnail","hentry"],"yoast_head":"<!-- This site is optimized with the Yoast SEO plugin v26.9 - https:\/\/yoast.com\/product\/yoast-seo-wordpress\/ -->\n<title>Chateek - Chat Roulette Anonymously - Cam on StrangerCam.com<\/title>\n<meta name=\"description\" content=\"Like Chateek? Come chat with more than 5.000.000 strangers on Stranger Cam for Free! Turn on your cam and find new friends &amp; maby a match!\" \/>\n<meta name=\"robots\" content=\"index, follow, max-snippet:-1, max-image-preview:large, max-video-preview:-1\" \/>\n<link rel=\"canonical\" href=\"https:\/\/strangercam.com\/it\/chateek\/\" \/>\n<meta property=\"og:locale\" content=\"it_IT\" \/>\n<meta property=\"og:type\" content=\"article\" \/>\n<meta property=\"og:title\" content=\"Chateek - Chat Roulette Anonymously - Cam on StrangerCam.com\" \/>\n<meta property=\"og:description\" content=\"Like Chateek? Come chat with more than 5.000.000 strangers on Stranger Cam for Free! Turn on your cam and find new friends &amp; maby a match!\" \/>\n<meta property=\"og:url\" content=\"https:\/\/strangercam.com\/it\/chateek\/\" \/>\n<meta property=\"og:site_name\" content=\"Strangercam\" \/>\n<meta property=\"article:publisher\" content=\"https:\/\/www.facebook.com\/strangercam\" \/>\n<meta property=\"article:modified_time\" content=\"2023-08-21T09:40:39+00:00\" \/>\n<meta property=\"og:image\" content=\"https:\/\/strangercam.com\/wp-content\/uploads\/2020\/11\/stranger-cam-1.png\" \/>\n\t<meta property=\"og:image:width\" content=\"800\" \/>\n\t<meta property=\"og:image:height\" content=\"800\" \/>\n\t<meta property=\"og:image:type\" content=\"image\/png\" \/>\n<meta name=\"twitter:card\" content=\"summary_large_image\" \/>\n<meta name=\"twitter:site\" content=\"@strangercamapp\" \/>\n<meta name=\"twitter:label1\" content=\"Tempo di lettura stimato\" \/>\n\t<meta name=\"twitter:data1\" content=\"2 minuti\" \/>\n<script type=\"application\/ld+json\" class=\"yoast-schema-graph\">{\"@context\":\"https:\/\/schema.org\",\"@graph\":[{\"@type\":\"WebPage\",\"@id\":\"https:\/\/strangercam.com\/chateek\/\",\"url\":\"https:\/\/strangercam.com\/chateek\/\",\"name\":\"Chateek - Chat Roulette Anonymously - Cam on StrangerCam.com\",\"isPartOf\":{\"@id\":\"https:\/\/strangercam.com\/#website\"},\"primaryImageOfPage\":{\"@id\":\"https:\/\/strangercam.com\/chateek\/#primaryimage\"},\"image\":{\"@id\":\"https:\/\/strangercam.com\/chateek\/#primaryimage\"},\"thumbnailUrl\":\"https:\/\/strangercam.com\/wp-content\/uploads\/2020\/11\/stranger-cam-1.png\",\"datePublished\":\"2022-05-30T12:40:58+00:00\",\"dateModified\":\"2023-08-21T09:40:39+00:00\",\"description\":\"Like Chateek? Come chat with more than 5.000.000 strangers on Stranger Cam for Free! Turn on your cam and find new friends & maby a match!\",\"breadcrumb\":{\"@id\":\"https:\/\/strangercam.com\/chateek\/#breadcrumb\"},\"inLanguage\":\"it-IT\",\"potentialAction\":[{\"@type\":\"ReadAction\",\"target\":[\"https:\/\/strangercam.com\/chateek\/\"]}]},{\"@type\":\"ImageObject\",\"inLanguage\":\"it-IT\",\"@id\":\"https:\/\/strangercam.com\/chateek\/#primaryimage\",\"url\":\"https:\/\/strangercam.com\/wp-content\/uploads\/2020\/11\/stranger-cam-1.png\",\"contentUrl\":\"https:\/\/strangercam.com\/wp-content\/uploads\/2020\/11\/stranger-cam-1.png\",\"width\":800,\"height\":800,\"caption\":\"stranger cam random video chat\"},{\"@type\":\"BreadcrumbList\",\"@id\":\"https:\/\/strangercam.com\/chateek\/#breadcrumb\",\"itemListElement\":[{\"@type\":\"ListItem\",\"position\":1,\"name\":\"Home\",\"item\":\"https:\/\/strangercam.com\/\"},{\"@type\":\"ListItem\",\"position\":2,\"name\":\"Chateek\"}]},{\"@type\":\"WebSite\",\"@id\":\"https:\/\/strangercam.com\/#website\",\"url\":\"https:\/\/strangercam.com\/\",\"name\":\"Strangercam\",\"description\":\"Random Video Chat with Strangers\",\"publisher\":{\"@id\":\"https:\/\/strangercam.com\/#organization\"},\"alternateName\":\"Strangercam.com\",\"potentialAction\":[{\"@type\":\"SearchAction\",\"target\":{\"@type\":\"EntryPoint\",\"urlTemplate\":\"https:\/\/strangercam.com\/?s={search_term_string}\"},\"query-input\":{\"@type\":\"PropertyValueSpecification\",\"valueRequired\":true,\"valueName\":\"search_term_string\"}}],\"inLanguage\":\"it-IT\"},{\"@type\":\"Organization\",\"@id\":\"https:\/\/strangercam.com\/#organization\",\"name\":\"Strangercam\",\"alternateName\":\"Strangercam.com\",\"url\":\"https:\/\/strangercam.com\/\",\"logo\":{\"@type\":\"ImageObject\",\"inLanguage\":\"it-IT\",\"@id\":\"https:\/\/strangercam.com\/#\/schema\/logo\/image\/\",\"url\":\"https:\/\/strangercam.com\/wp-content\/uploads\/2020\/11\/cropped-new-favicon-black.png\",\"contentUrl\":\"https:\/\/strangercam.com\/wp-content\/uploads\/2020\/11\/cropped-new-favicon-black.png\",\"width\":512,\"height\":512,\"caption\":\"Strangercam\"},\"image\":{\"@id\":\"https:\/\/strangercam.com\/#\/schema\/logo\/image\/\"},\"sameAs\":[\"https:\/\/www.facebook.com\/strangercam\",\"https:\/\/x.com\/strangercamapp\"]}]}<\/script>\n<!-- \/ Yoast SEO plugin. -->","yoast_head_json":{"title":"Chateek - Chat Roulette Anonima - Cam su StrangerCam.com","description":"Come Chateek? Vieni a chattare con pi\u00f9 di 5.000.000 di sconosciuti su Stranger Cam gratuitamente! Accendi la tua cam e trova nuovi amici e magari un partner!","robots":{"index":"index","follow":"follow","max-snippet":"max-snippet:-1","max-image-preview":"max-image-preview:large","max-video-preview":"max-video-preview:-1"},"canonical":"https:\/\/strangercam.com\/it\/chateek\/","og_locale":"it_IT","og_type":"article","og_title":"Chateek - Chat Roulette Anonymously - Cam on StrangerCam.com","og_description":"Like Chateek? Come chat with more than 5.000.000 strangers on Stranger Cam for Free! Turn on your cam and find new friends & maby a match!","og_url":"https:\/\/strangercam.com\/it\/chateek\/","og_site_name":"Strangercam","article_publisher":"https:\/\/www.facebook.com\/strangercam","article_modified_time":"2023-08-21T09:40:39+00:00","og_image":[{"width":800,"height":800,"url":"https:\/\/strangercam.com\/wp-content\/uploads\/2020\/11\/stranger-cam-1.png","type":"image\/png"}],"twitter_card":"summary_large_image","twitter_site":"@strangercamapp","twitter_misc":{"Tempo di lettura stimato":"2 minuti"},"schema":{"@context":"https:\/\/schema.org","@graph":[{"@type":"WebPage","@id":"https:\/\/strangercam.com\/chateek\/","url":"https:\/\/strangercam.com\/chateek\/","name":"Chateek - Chat Roulette Anonima - Cam su StrangerCam.com","isPartOf":{"@id":"https:\/\/strangercam.com\/#website"},"primaryImageOfPage":{"@id":"https:\/\/strangercam.com\/chateek\/#primaryimage"},"image":{"@id":"https:\/\/strangercam.com\/chateek\/#primaryimage"},"thumbnailUrl":"https:\/\/strangercam.com\/wp-content\/uploads\/2020\/11\/stranger-cam-1.png","datePublished":"2022-05-30T12:40:58+00:00","dateModified":"2023-08-21T09:40:39+00:00","description":"Come Chateek? Vieni a chattare con pi\u00f9 di 5.000.000 di sconosciuti su Stranger Cam gratuitamente! Accendi la tua cam e trova nuovi amici e magari un partner!","breadcrumb":{"@id":"https:\/\/strangercam.com\/chateek\/#breadcrumb"},"inLanguage":"it-IT","potentialAction":[{"@type":"ReadAction","target":["https:\/\/strangercam.com\/chateek\/"]}]},{"@type":"ImageObject","inLanguage":"it-IT","@id":"https:\/\/strangercam.com\/chateek\/#primaryimage","url":"https:\/\/strangercam.com\/wp-content\/uploads\/2020\/11\/stranger-cam-1.png","contentUrl":"https:\/\/strangercam.com\/wp-content\/uploads\/2020\/11\/stranger-cam-1.png","width":800,"height":800,"caption":"stranger cam random video chat"},{"@type":"BreadcrumbList","@id":"https:\/\/strangercam.com\/chateek\/#breadcrumb","itemListElement":[{"@type":"ListItem","position":1,"name":"Home","item":"https:\/\/strangercam.com\/"},{"@type":"ListItem","position":2,"name":"Chateek"}]},{"@type":"WebSite","@id":"https:\/\/strangercam.com\/#website","url":"https:\/\/strangercam.com\/","name":"Strangercam","description":"Videochat casuale con sconosciuti","publisher":{"@id":"https:\/\/strangercam.com\/#organization"},"alternateName":"Strangercam.com","potentialAction":[{"@type":"SearchAction","target":{"@type":"EntryPoint","urlTemplate":"https:\/\/strangercam.com\/?s={search_term_string}"},"query-input":{"@type":"PropertyValueSpecification","valueRequired":true,"valueName":"search_term_string"}}],"inLanguage":"it-IT"},{"@type":"Organization","@id":"https:\/\/strangercam.com\/#organization","name":"Strangercam","alternateName":"Strangercam.com","url":"https:\/\/strangercam.com\/","logo":{"@type":"ImageObject","inLanguage":"it-IT","@id":"https:\/\/strangercam.com\/#\/schema\/logo\/image\/","url":"https:\/\/strangercam.com\/wp-content\/uploads\/2020\/11\/cropped-new-favicon-black.png","contentUrl":"https:\/\/strangercam.com\/wp-content\/uploads\/2020\/11\/cropped-new-favicon-black.png","width":512,"height":512,"caption":"Strangercam"},"image":{"@id":"https:\/\/strangercam.com\/#\/schema\/logo\/image\/"},"sameAs":["https:\/\/www.facebook.com\/strangercam","https:\/\/x.com\/strangercamapp"]}]}},"_links":{"self":[{"href":"https:\/\/strangercam.com\/it\/wp-json\/wp\/v2\/pages\/10160","targetHints":{"allow":["GET"]}}],"collection":[{"href":"https:\/\/strangercam.com\/it\/wp-json\/wp\/v2\/pages"}],"about":[{"href":"https:\/\/strangercam.com\/it\/wp-json\/wp\/v2\/types\/page"}],"author":[{"embeddable":true,"href":"https:\/\/strangercam.com\/it\/wp-json\/wp\/v2\/users\/6"}],"replies":[{"embeddable":true,"href":"https:\/\/strangercam.com\/it\/wp-json\/wp\/v2\/comments?post=10160"}],"version-history":[{"count":0,"href":"https:\/\/strangercam.com\/it\/wp-json\/wp\/v2\/pages\/10160\/revisions"}],"wp:featuredmedia":[{"embeddable":true,"href":"https:\/\/strangercam.com\/it\/wp-json\/wp\/v2\/media\/559"}],"wp:attachment":[{"href":"https:\/\/strangercam.com\/it\/wp-json\/wp\/v2\/media?parent=10160"}],"curies":[{"name":"wp","href":"https:\/\/api.w.org\/{rel}","templated":true}]}}