{"id":10116,"date":"2022-05-30T14:29:33","date_gmt":"2022-05-30T12:29:33","guid":{"rendered":"https:\/\/strangercam.com\/?page_id=10116"},"modified":"2023-08-21T12:39:40","modified_gmt":"2023-08-21T10:39:40","slug":"stickam","status":"publish","type":"page","link":"https:\/\/strangercam.com\/it\/stickam\/","title":{"rendered":"Stickam"},"content":{"rendered":"<p>Stickam \u00e8 stato fondato nel 2005 come sito di condivisione di video in live-streaming. Stickam permetteva agli utenti di caricare foto, audio, <a href=\"https:\/\/strangercam.com\/it\/rabbit-video-chat\/\">video<\/a>e, soprattutto, <a href=\"https:\/\/strangercam.com\/it\/mili\/\">dal vivo<\/a> videoconferenze in streaming. Il sito \u00e8 cresciuto rapidamente fino a incorporare spettacoli dal vivo e contenuti creati da MTV, G4 TV, CBS Radio, NATPE, CES e una variet\u00e0 di altri punti vendita, oltre a concerti e spettacoli dal vivo di una variet\u00e0 di band e celebrit\u00e0.<\/p>\n<p>Stickam consente di incorporare i feed della propria telecamera in streaming in altri siti tramite un lettore Flash, oltre a trasmettere video in diretta. La possibilit\u00e0 di \"incollare\" una trasmissione webcam su un altro sito \u00e8 stata battezzata \"Stickam\".<\/p>\n<h2>Come funziona l'Stickam?<\/h2>\n<p>L'utente potrebbe utilizzare Live <a href=\"https:\/\/strangercam.com\/it\/chatroulette\/\">Chat<\/a> per trasmettere il flusso della telecamera della propria webcam su Internet. L'utente aveva il controllo su chi poteva vedere la propria trasmissione in diretta. Nella stanza dello streaming reale c'erano sette postazioni per le telecamere. La pi\u00f9 grande <a href=\"https:\/\/strangercam.com\/it\/1v1-chat\/\">uno<\/a> era per il creatore della chat. I restanti sei posti erano riservati ad altre sei persone che potevano trasmettere le loro immagini in diretta via webcam. Gli utenti potevano anche utilizzare la chat dal vivo per comunicare attraverso una casella di chat identica a quella che si potrebbe trovare su un sito di chat convenzionale. Le persone indisciplinate o minacciose possono essere \u201ccacciate\u201d o bandite dall'utente principale. L'utente principale pu\u00f2 anche nominare dei moderatori, persone fidate che possono rimuovere gli utenti se l'utente principale non \u00e8 in grado di farlo.<\/p>\n<h2>Caratteristiche principali del sito web<\/h2>\n<p>Di seguito sono riportate alcune delle principali caratteristiche della piattaforma Stickam:<\/p>\n<h3>Attivare l'account<\/h3>\n<p>In pochi minuti, chiunque pu\u00f2 \u201candare in diretta\u201d su Stickam e trasmettere flussi video da computer, iPhone o iPad. L'Stickam pu\u00f2 essere utilizzato anche per trasmettere flussi HD e broadcast commerciali collegando HD e altri canali di trasmissione. <a href=\"https:\/\/strangercam.com\/it\/camzey\/\">camme<\/a>, processori e ingressi audio.<\/p>\n<h3>Accesso ai social media<\/h3>\n<p>Stickam ha debuttato il suo sistema di accesso sociale al VidCon 2012, dove l'azienda ha collaborato con Maker Studios per trasmettere in diretta l'evento. Le emittenti di Stickam possono utilizzare Linkedin, Facebook, Instagram, Tumblr, Google, Myspace o Gmail per consentire ai propri amici e fan di accedere ai forum di discussione. Le emittenti possono limitare ulteriormente il numero di persone presenti nelle loro stanze.<\/p>\n<h3>Programma per i VIP<\/h3>\n<p>Stickam aveva un programma per utenti VIP a partire dall'agosto 2012. Chi si univa al programma VIP otteneva l'accesso senza pubblicit\u00e0, un posto nella scheda \"chi \u00e8 in diretta\", 25 monete dal mercato dei remix e un badge Premium sulla foto del profilo.<\/p>\n<h3>API per lo streaming<\/h3>\n<p>Nel 2008, l'azienda ha offerto anche StreamAPI (in precedenza Stickam API), una soluzione white label. StreamAPI era un'azienda white label che consentiva ai clienti di incorporare lo streaming live nelle loro applicazioni o siti web senza richiedere alcuna conoscenza di programmazione.<\/p>\n<h2>Conclusione<\/h2>\n<p>Stickam \u00e8 una piattaforma affidabile e di alta qualit\u00e0 per fare amicizia online.<\/p>","protected":false},"excerpt":{"rendered":"<p>Stickam was established in 2005 as a live-streaming video-sharing site. Stickam allowed users to upload photos, audio, video, and, most importantly, live stream video conferencing. The website quickly grew to incorporate live shows and created content from MTV, G4 TV, CBS Radio, NATPE, CES, and a variety of other outlets, as well as live concerts [&hellip;]<\/p>\n","protected":false},"author":6,"featured_media":559,"parent":0,"menu_order":0,"comment_status":"closed","ping_status":"closed","template":"","meta":{"footnotes":""},"class_list":["post-10116","page","type-page","status-publish","has-post-thumbnail","hentry"],"yoast_head":"<!-- This site is optimized with the Yoast SEO plugin v27.4 - https:\/\/yoast.com\/product\/yoast-seo-wordpress\/ -->\n<title>Stickam - Chat Roulette Anonymously - Cam on StrangerCam.com<\/title>\n<meta name=\"description\" content=\"Like Stickam? Come chat with more than 5.000.000 strangers on Stranger Cam for Free! Turn on your cam and find new friends &amp; maby a match!\" \/>\n<meta name=\"robots\" content=\"index, follow, max-snippet:-1, max-image-preview:large, max-video-preview:-1\" \/>\n<link rel=\"canonical\" href=\"https:\/\/strangercam.com\/it\/stickam\/\" \/>\n<meta property=\"og:locale\" content=\"it_IT\" \/>\n<meta property=\"og:type\" content=\"article\" \/>\n<meta property=\"og:title\" content=\"Stickam - Chat Roulette Anonymously - Cam on StrangerCam.com\" \/>\n<meta property=\"og:description\" content=\"Like Stickam? Come chat with more than 5.000.000 strangers on Stranger Cam for Free! Turn on your cam and find new friends &amp; maby a match!\" \/>\n<meta property=\"og:url\" content=\"https:\/\/strangercam.com\/it\/stickam\/\" \/>\n<meta property=\"og:site_name\" content=\"Strangercam\" \/>\n<meta property=\"article:publisher\" content=\"https:\/\/www.facebook.com\/strangercam\" \/>\n<meta property=\"article:modified_time\" content=\"2023-08-21T10:39:40+00:00\" \/>\n<meta property=\"og:image\" content=\"https:\/\/strangercam.com\/wp-content\/uploads\/2020\/11\/stranger-cam-1.png\" \/>\n\t<meta property=\"og:image:width\" content=\"800\" \/>\n\t<meta property=\"og:image:height\" content=\"800\" \/>\n\t<meta property=\"og:image:type\" content=\"image\/png\" \/>\n<meta name=\"twitter:card\" content=\"summary_large_image\" \/>\n<meta name=\"twitter:site\" content=\"@strangercamapp\" \/>\n<meta name=\"twitter:label1\" content=\"Tempo di lettura stimato\" \/>\n\t<meta name=\"twitter:data1\" content=\"2 minuti\" \/>\n<script type=\"application\/ld+json\" class=\"yoast-schema-graph\">{\"@context\":\"https:\\\/\\\/schema.org\",\"@graph\":[{\"@type\":\"WebPage\",\"@id\":\"https:\\\/\\\/strangercam.com\\\/stickam\\\/\",\"url\":\"https:\\\/\\\/strangercam.com\\\/stickam\\\/\",\"name\":\"Stickam - Chat Roulette Anonymously - Cam on StrangerCam.com\",\"isPartOf\":{\"@id\":\"https:\\\/\\\/strangercam.com\\\/#website\"},\"primaryImageOfPage\":{\"@id\":\"https:\\\/\\\/strangercam.com\\\/stickam\\\/#primaryimage\"},\"image\":{\"@id\":\"https:\\\/\\\/strangercam.com\\\/stickam\\\/#primaryimage\"},\"thumbnailUrl\":\"https:\\\/\\\/strangercam.com\\\/wp-content\\\/uploads\\\/2020\\\/11\\\/stranger-cam-1.png\",\"datePublished\":\"2022-05-30T12:29:33+00:00\",\"dateModified\":\"2023-08-21T10:39:40+00:00\",\"description\":\"Like Stickam? Come chat with more than 5.000.000 strangers on Stranger Cam for Free! Turn on your cam and find new friends & maby a match!\",\"breadcrumb\":{\"@id\":\"https:\\\/\\\/strangercam.com\\\/stickam\\\/#breadcrumb\"},\"inLanguage\":\"it-IT\",\"potentialAction\":[{\"@type\":\"ReadAction\",\"target\":[\"https:\\\/\\\/strangercam.com\\\/stickam\\\/\"]}]},{\"@type\":\"ImageObject\",\"inLanguage\":\"it-IT\",\"@id\":\"https:\\\/\\\/strangercam.com\\\/stickam\\\/#primaryimage\",\"url\":\"https:\\\/\\\/strangercam.com\\\/wp-content\\\/uploads\\\/2020\\\/11\\\/stranger-cam-1.png\",\"contentUrl\":\"https:\\\/\\\/strangercam.com\\\/wp-content\\\/uploads\\\/2020\\\/11\\\/stranger-cam-1.png\",\"width\":800,\"height\":800,\"caption\":\"stranger cam random video chat\"},{\"@type\":\"BreadcrumbList\",\"@id\":\"https:\\\/\\\/strangercam.com\\\/stickam\\\/#breadcrumb\",\"itemListElement\":[{\"@type\":\"ListItem\",\"position\":1,\"name\":\"Home\",\"item\":\"https:\\\/\\\/strangercam.com\\\/\"},{\"@type\":\"ListItem\",\"position\":2,\"name\":\"Stickam\"}]},{\"@type\":\"WebSite\",\"@id\":\"https:\\\/\\\/strangercam.com\\\/#website\",\"url\":\"https:\\\/\\\/strangercam.com\\\/\",\"name\":\"Strangercam\",\"description\":\"Random Video Chat with Strangers\",\"publisher\":{\"@id\":\"https:\\\/\\\/strangercam.com\\\/#organization\"},\"alternateName\":\"Strangercam.com\",\"potentialAction\":[{\"@type\":\"SearchAction\",\"target\":{\"@type\":\"EntryPoint\",\"urlTemplate\":\"https:\\\/\\\/strangercam.com\\\/?s={search_term_string}\"},\"query-input\":{\"@type\":\"PropertyValueSpecification\",\"valueRequired\":true,\"valueName\":\"search_term_string\"}}],\"inLanguage\":\"it-IT\"},{\"@type\":\"Organization\",\"@id\":\"https:\\\/\\\/strangercam.com\\\/#organization\",\"name\":\"Strangercam\",\"alternateName\":\"Strangercam.com\",\"url\":\"https:\\\/\\\/strangercam.com\\\/\",\"logo\":{\"@type\":\"ImageObject\",\"inLanguage\":\"it-IT\",\"@id\":\"https:\\\/\\\/strangercam.com\\\/#\\\/schema\\\/logo\\\/image\\\/\",\"url\":\"https:\\\/\\\/strangercam.com\\\/wp-content\\\/uploads\\\/2020\\\/11\\\/cropped-new-favicon-black.png\",\"contentUrl\":\"https:\\\/\\\/strangercam.com\\\/wp-content\\\/uploads\\\/2020\\\/11\\\/cropped-new-favicon-black.png\",\"width\":512,\"height\":512,\"caption\":\"Strangercam\"},\"image\":{\"@id\":\"https:\\\/\\\/strangercam.com\\\/#\\\/schema\\\/logo\\\/image\\\/\"},\"sameAs\":[\"https:\\\/\\\/www.facebook.com\\\/strangercam\",\"https:\\\/\\\/x.com\\\/strangercamapp\"]}]}<\/script>\n<!-- \/ Yoast SEO plugin. -->","yoast_head_json":{"title":"Stickam - Chat Roulette Anonima - Cam su StrangerCam.com","description":"Come Stickam? Vieni a chattare con pi\u00f9 di 5.000.000 di sconosciuti su Stranger Cam gratuitamente! Accendi la tua cam e trova nuovi amici e magari un partner!","robots":{"index":"index","follow":"follow","max-snippet":"max-snippet:-1","max-image-preview":"max-image-preview:large","max-video-preview":"max-video-preview:-1"},"canonical":"https:\/\/strangercam.com\/it\/stickam\/","og_locale":"it_IT","og_type":"article","og_title":"Stickam - Chat Roulette Anonymously - Cam on StrangerCam.com","og_description":"Like Stickam? Come chat with more than 5.000.000 strangers on Stranger Cam for Free! Turn on your cam and find new friends & maby a match!","og_url":"https:\/\/strangercam.com\/it\/stickam\/","og_site_name":"Strangercam","article_publisher":"https:\/\/www.facebook.com\/strangercam","article_modified_time":"2023-08-21T10:39:40+00:00","og_image":[{"width":800,"height":800,"url":"https:\/\/strangercam.com\/wp-content\/uploads\/2020\/11\/stranger-cam-1.png","type":"image\/png"}],"twitter_card":"summary_large_image","twitter_site":"@strangercamapp","twitter_misc":{"Tempo di lettura stimato":"2 minuti"},"schema":{"@context":"https:\/\/schema.org","@graph":[{"@type":"WebPage","@id":"https:\/\/strangercam.com\/stickam\/","url":"https:\/\/strangercam.com\/stickam\/","name":"Stickam - Chat Roulette Anonima - Cam su StrangerCam.com","isPartOf":{"@id":"https:\/\/strangercam.com\/#website"},"primaryImageOfPage":{"@id":"https:\/\/strangercam.com\/stickam\/#primaryimage"},"image":{"@id":"https:\/\/strangercam.com\/stickam\/#primaryimage"},"thumbnailUrl":"https:\/\/strangercam.com\/wp-content\/uploads\/2020\/11\/stranger-cam-1.png","datePublished":"2022-05-30T12:29:33+00:00","dateModified":"2023-08-21T10:39:40+00:00","description":"Come Stickam? Vieni a chattare con pi\u00f9 di 5.000.000 di sconosciuti su Stranger Cam gratuitamente! Accendi la tua cam e trova nuovi amici e magari un partner!","breadcrumb":{"@id":"https:\/\/strangercam.com\/stickam\/#breadcrumb"},"inLanguage":"it-IT","potentialAction":[{"@type":"ReadAction","target":["https:\/\/strangercam.com\/stickam\/"]}]},{"@type":"ImageObject","inLanguage":"it-IT","@id":"https:\/\/strangercam.com\/stickam\/#primaryimage","url":"https:\/\/strangercam.com\/wp-content\/uploads\/2020\/11\/stranger-cam-1.png","contentUrl":"https:\/\/strangercam.com\/wp-content\/uploads\/2020\/11\/stranger-cam-1.png","width":800,"height":800,"caption":"stranger cam random video chat"},{"@type":"BreadcrumbList","@id":"https:\/\/strangercam.com\/stickam\/#breadcrumb","itemListElement":[{"@type":"ListItem","position":1,"name":"Home","item":"https:\/\/strangercam.com\/"},{"@type":"ListItem","position":2,"name":"Stickam"}]},{"@type":"WebSite","@id":"https:\/\/strangercam.com\/#website","url":"https:\/\/strangercam.com\/","name":"Strangercam","description":"Videochat casuale con sconosciuti","publisher":{"@id":"https:\/\/strangercam.com\/#organization"},"alternateName":"Strangercam.com","potentialAction":[{"@type":"SearchAction","target":{"@type":"EntryPoint","urlTemplate":"https:\/\/strangercam.com\/?s={search_term_string}"},"query-input":{"@type":"PropertyValueSpecification","valueRequired":true,"valueName":"search_term_string"}}],"inLanguage":"it-IT"},{"@type":"Organization","@id":"https:\/\/strangercam.com\/#organization","name":"Strangercam","alternateName":"Strangercam.com","url":"https:\/\/strangercam.com\/","logo":{"@type":"ImageObject","inLanguage":"it-IT","@id":"https:\/\/strangercam.com\/#\/schema\/logo\/image\/","url":"https:\/\/strangercam.com\/wp-content\/uploads\/2020\/11\/cropped-new-favicon-black.png","contentUrl":"https:\/\/strangercam.com\/wp-content\/uploads\/2020\/11\/cropped-new-favicon-black.png","width":512,"height":512,"caption":"Strangercam"},"image":{"@id":"https:\/\/strangercam.com\/#\/schema\/logo\/image\/"},"sameAs":["https:\/\/www.facebook.com\/strangercam","https:\/\/x.com\/strangercamapp"]}]}},"_links":{"self":[{"href":"https:\/\/strangercam.com\/it\/wp-json\/wp\/v2\/pages\/10116","targetHints":{"allow":["GET"]}}],"collection":[{"href":"https:\/\/strangercam.com\/it\/wp-json\/wp\/v2\/pages"}],"about":[{"href":"https:\/\/strangercam.com\/it\/wp-json\/wp\/v2\/types\/page"}],"author":[{"embeddable":true,"href":"https:\/\/strangercam.com\/it\/wp-json\/wp\/v2\/users\/6"}],"replies":[{"embeddable":true,"href":"https:\/\/strangercam.com\/it\/wp-json\/wp\/v2\/comments?post=10116"}],"version-history":[{"count":0,"href":"https:\/\/strangercam.com\/it\/wp-json\/wp\/v2\/pages\/10116\/revisions"}],"wp:featuredmedia":[{"embeddable":true,"href":"https:\/\/strangercam.com\/it\/wp-json\/wp\/v2\/media\/559"}],"wp:attachment":[{"href":"https:\/\/strangercam.com\/it\/wp-json\/wp\/v2\/media?parent=10116"}],"curies":[{"name":"wp","href":"https:\/\/api.w.org\/{rel}","templated":true}]}}