{"id":1004,"date":"2021-01-10T16:44:29","date_gmt":"2021-01-10T14:44:29","guid":{"rendered":"https:\/\/strangercam.com\/?page_id=1004"},"modified":"2023-08-21T12:24:41","modified_gmt":"2023-08-21T10:24:41","slug":"emerald-chat","status":"publish","type":"page","link":"https:\/\/strangercam.com\/it\/emerald-chat\/","title":{"rendered":"Emerald Chat"},"content":{"rendered":"<p>Oggi la maggior parte delle persone ha uno stile di vita impegnato per raggiungere i propri obiettivi. Di conseguenza, trovano difficile fare nuove amicizie per condividere le proprie emozioni e altre cose. Con le tecnologie che crescono rapidamente di giorno in giorno, diventa un processo semplice connettersi con gli estranei in modo facile che pu\u00f2 aiutare a costruire nuove relazioni. Al giorno d'oggi, esistono piattaforme web e applicazioni mobili che mirano a soddisfare le aspettative degli utenti che desiderano <a href=\"https:\/\/strangercam.com\/it\/chatroulette\/\">chat<\/a> con gli altri facilmente. Allo stesso tempo, \u00e8 necessario valutarli con grande attenzione per scegliere quello giusto.<\/p>\n<h2>Piattaforma web Emerald per incontrare nuove persone<\/h2>\n<p>Emerald \u00e8 una piattaforma web progettata per incontrare rapidamente nuove persone online. La piattaforma consente agli utenti di trovare al pi\u00f9 presto persone interessanti provenienti da diversi settori della vita. Offre la possibilit\u00e0 di entrare in contatto con persone che hanno interessi simili. Chiunque voglia chattare con persone sconosciute pu\u00f2 utilizzare questa piattaforma perch\u00e9 offre le migliori caratteristiche. Infatti, la piattaforma \u00e8 la destinazione giusta per coloro che vogliono identificare la loro persona speciale in semplici passi. Allo stesso tempo, gli utenti dovrebbero leggere attentamente le istruzioni prima di chattare.<\/p>\n<h2>Come funziona?<\/h2>\n<p>EmeraldChat \u00e8 considerato l'alternativa a <a href=\"https:\/\/strangercam.com\/it\/omegle\/\">Omegle<\/a> e la sua interfaccia utente \u00e8 praticamente la stessa. Come l'Omegle, non richiede troppe informazioni per la registrazione ed \u00e8 possibile avviare un'operazione di <a href=\"https:\/\/strangercam.com\/it\/video-chat-con-sconosciuti\/\">video chat con sconosciuti<\/a> liberamente.<\/p>\n<p>Per iniziare a videochattare con gli sconosciuti, \u00e8 necessario andare sulla pagina iniziale e cliccare sul pulsante di avvio. Quindi selezionare il genere maschile\/femminile, dopodich\u00e9 vi verr\u00e0 chiesto di selezionare un'opzione da<\/p>\n<ul>\n<li>Chat di testo uno a uno<\/li>\n<li><a href=\"https:\/\/strangercam.com\/it\/rabbit-video-chat\/\">Video chat<\/a><\/li>\n<li>Chat di gruppo<\/li>\n<\/ul>\n<h3>Chat di testo uno a uno:<\/h3>\n<p>Nella chat uno a uno, si ha la possibilit\u00e0 di chattare con una sola persona e di selezionarla tra 13 diversi hashtag; una volta cliccato sull'hashtag di proprio interesse, Emerald trover\u00e0 una corrispondenza per voi e potrete iniziare a chattare con quella persona.<\/p>\n<h3>Video chat<\/h3>\n<p>Nella chat di testo uno a uno, \u00e8 possibile chattare solo con una persona. Se si desidera vedere l'altra persona attraverso una webcam, \u00e8 necessario selezionare l'opzione di chat video. Molte persone preferiscono questa opzione e vogliono videochattare con persone sconosciute. \u00c8 qui che si possono trovare buoni amici o storie d'amore o si pu\u00f2 godere di una compagnia tempestiva. Quando si utilizza la chat video si deve essere pi\u00f9 attenti e non si devono mai comunicare informazioni personali o cose del genere a nessuno sconosciuto, poich\u00e9 molti truffatori online sono sempre alla ricerca di persone innocenti da truffare.<\/p>\n<h3>Chat di gruppo<\/h3>\n<p>Le funzioni di chat di gruppo di Emerald offrono agli utenti la possibilit\u00e0 di unirsi a diversi gruppi che condividono interessi comuni. Gli utenti possono partecipare alle chat di gruppo selezionando gli hashtag di loro interesse.<\/p>\n<h2>Quali sono le funzioni disponibili nella piattaforma web Emerald?<\/h2>\n<p>La piattaforma web consente agli utenti di effettuare conversazioni con messaggi di testo e video chat per garantire una migliore esperienza. Inoltre, la piattaforma web Emerald Chat consente agli utenti di condividere foto e file multimediali senza alcuna difficolt\u00e0. Gli utenti possono anche filtrare le corrispondenze in base al sesso e alla posizione geografica su questa piattaforma quando lo desiderano. <a href=\"https:\/\/strangercam.com\/it\/coomeet\/\">incontrarsi<\/a> nuove persone. Il processo di iscrizione \u00e8 semplice e consente di cercare buoni amici da diverse parti del mondo. Poich\u00e9 la piattaforma web \u00e8 gratuita, consente di entrare in contatto con gli altri nel pi\u00f9 breve tempo possibile.<\/p>\n<h2>Caratteristiche offerte dall'app Emerald Chat<\/h2>\n<p>L'applicazione \u00e8 attualmente in fase di sviluppo e sar\u00e0 dotata di caratteristiche uniche. Alcune di queste includono leggerezza, personalizzazione, aggiornamenti frequenti, moderazione a tempo pieno e supporto eccellente. Funzioner\u00e0 su tutti i dispositivi mobili e consentir\u00e0 agli utenti di effettuare chiamate ad alta velocit\u00e0. Chi vuole saperne di pi\u00f9 pu\u00f2 visitare il sito web ufficiale che pu\u00f2 aiutare a trovare qualcuno che abbia qualit\u00e0 eccellenti. La piattaforma web emerald chat rende possibile costruire nuove relazioni in luoghi diversi per condividere tutto in un ambiente sicuro. D'altra parte, \u00e8 indispensabile leggere bene i termini e le condizioni prima di utilizzare la piattaforma.<\/p>\n<h2>Prezzi<\/h2>\n<p>Emerald \u00e8 un'applicazione di video chat sconosciuta che offre i suoi servizi di base gratuitamente. Ma \u00e8 sempre possibile acquistare un abbonamento per godere di alcuni vantaggi extra. Offre due tipi di programmi di iscrizione.<\/p>\n<ul>\n<li>Socio Emerald Gold<\/li>\n<li>Sala della Fama di Smeraldo<\/li>\n<\/ul>\n<h3>Socio Emerald Gold<\/h3>\n<p>Gli utenti Emerald possono sottoscrivere l'abbonamento gold pagando 3,89$ al mese. I membri Emerald gold possono usufruire di molte funzioni premium, tra cui i filtri di genere e la spunta blu accanto ai nomi degli utenti.<\/p>\n<h3>Sala della Fama di Smeraldo<\/h3>\n<p>Gli utenti Emerald possono entrare nella Hall of Fame Emerald pagando 8,89$ al mese. Il profilo degli utenti di Emerald Hall of Fame appare tra i primi risultati e riceve molte richieste di amicizia e, in definitiva, molte possibilit\u00e0 di chattare con persone di tutto il mondo.<\/p>\n<h2>\u00c8 sicuro da usare?<\/h2>\n<p>Molte persone utilizzano le app di video chat per trovare nuovi amici, per fare amicizia o per ammazzare il tempo. Ma molte app di video chat sconosciute non sono affatto sicure, o sono piene di truffatori online e contenuti inappropriati o c'\u00e8 un rischio di privacy. EmeraldChat si afferma come l'alternativa a Omegle e alla copiata Omegle in tutto e per tutto, ma qui sembra essere carente. Poich\u00e9 non richiede l'applicazione mobile di Emerald, che \u00e8 ancora in fase di sviluppo, \u00e8 possibile utilizzarla e ha la stessa dashboard user-friendly del sito web.<\/p>","protected":false},"excerpt":{"rendered":"<p>Most people are having a busy lifestyle today to accomplish their goals. As a result, they find it difficult to make new friends for sharing their emotions and other things. With technologies are growing fast day by day, it becomes a simple process to connect with strangers easily that can help build new relationships. Nowadays, [&hellip;]<\/p>\n","protected":false},"author":6,"featured_media":559,"parent":0,"menu_order":0,"comment_status":"closed","ping_status":"closed","template":"","meta":{"footnotes":""},"class_list":["post-1004","page","type-page","status-publish","has-post-thumbnail","hentry"],"yoast_head":"<!-- This site is optimized with the Yoast SEO plugin v26.9 - https:\/\/yoast.com\/product\/yoast-seo-wordpress\/ -->\n<title>Emerald Chat - Cam with Strangers on StrangerCam.com<\/title>\n<meta name=\"description\" content=\"Like Emerald Chat? Come chat with more than 5.000.000 strangers on Stranger Cam for Free! Turn on your cam and find new friends!\" \/>\n<meta name=\"robots\" content=\"index, follow, max-snippet:-1, max-image-preview:large, max-video-preview:-1\" \/>\n<link rel=\"canonical\" href=\"https:\/\/strangercam.com\/it\/emerald-chat\/\" \/>\n<meta property=\"og:locale\" content=\"it_IT\" \/>\n<meta property=\"og:type\" content=\"article\" \/>\n<meta property=\"og:title\" content=\"Emerald Chat - Cam with Strangers on StrangerCam.com\" \/>\n<meta property=\"og:description\" content=\"Like Emerald Chat? Come chat with more than 5.000.000 strangers on Stranger Cam for Free! Turn on your cam and find new friends!\" \/>\n<meta property=\"og:url\" content=\"https:\/\/strangercam.com\/it\/emerald-chat\/\" \/>\n<meta property=\"og:site_name\" content=\"Strangercam\" \/>\n<meta property=\"article:publisher\" content=\"https:\/\/www.facebook.com\/strangercam\" \/>\n<meta property=\"article:modified_time\" content=\"2023-08-21T10:24:41+00:00\" \/>\n<meta property=\"og:image\" content=\"https:\/\/strangercam.com\/wp-content\/uploads\/2020\/11\/stranger-cam-1.png\" \/>\n\t<meta property=\"og:image:width\" content=\"800\" \/>\n\t<meta property=\"og:image:height\" content=\"800\" \/>\n\t<meta property=\"og:image:type\" content=\"image\/png\" \/>\n<meta name=\"twitter:card\" content=\"summary_large_image\" \/>\n<meta name=\"twitter:site\" content=\"@strangercamapp\" \/>\n<meta name=\"twitter:label1\" content=\"Tempo di lettura stimato\" \/>\n\t<meta name=\"twitter:data1\" content=\"5 minuti\" \/>\n<script type=\"application\/ld+json\" class=\"yoast-schema-graph\">{\"@context\":\"https:\/\/schema.org\",\"@graph\":[{\"@type\":\"WebPage\",\"@id\":\"https:\/\/strangercam.com\/emerald-chat\/\",\"url\":\"https:\/\/strangercam.com\/emerald-chat\/\",\"name\":\"Emerald Chat - Cam with Strangers on StrangerCam.com\",\"isPartOf\":{\"@id\":\"https:\/\/strangercam.com\/#website\"},\"primaryImageOfPage\":{\"@id\":\"https:\/\/strangercam.com\/emerald-chat\/#primaryimage\"},\"image\":{\"@id\":\"https:\/\/strangercam.com\/emerald-chat\/#primaryimage\"},\"thumbnailUrl\":\"https:\/\/strangercam.com\/wp-content\/uploads\/2020\/11\/stranger-cam-1.png\",\"datePublished\":\"2021-01-10T14:44:29+00:00\",\"dateModified\":\"2023-08-21T10:24:41+00:00\",\"description\":\"Like Emerald Chat? Come chat with more than 5.000.000 strangers on Stranger Cam for Free! Turn on your cam and find new friends!\",\"breadcrumb\":{\"@id\":\"https:\/\/strangercam.com\/emerald-chat\/#breadcrumb\"},\"inLanguage\":\"it-IT\",\"potentialAction\":[{\"@type\":\"ReadAction\",\"target\":[\"https:\/\/strangercam.com\/emerald-chat\/\"]}]},{\"@type\":\"ImageObject\",\"inLanguage\":\"it-IT\",\"@id\":\"https:\/\/strangercam.com\/emerald-chat\/#primaryimage\",\"url\":\"https:\/\/strangercam.com\/wp-content\/uploads\/2020\/11\/stranger-cam-1.png\",\"contentUrl\":\"https:\/\/strangercam.com\/wp-content\/uploads\/2020\/11\/stranger-cam-1.png\",\"width\":800,\"height\":800,\"caption\":\"stranger cam random video chat\"},{\"@type\":\"BreadcrumbList\",\"@id\":\"https:\/\/strangercam.com\/emerald-chat\/#breadcrumb\",\"itemListElement\":[{\"@type\":\"ListItem\",\"position\":1,\"name\":\"Home\",\"item\":\"https:\/\/strangercam.com\/\"},{\"@type\":\"ListItem\",\"position\":2,\"name\":\"Emerald Chat\"}]},{\"@type\":\"WebSite\",\"@id\":\"https:\/\/strangercam.com\/#website\",\"url\":\"https:\/\/strangercam.com\/\",\"name\":\"Strangercam\",\"description\":\"Random Video Chat with Strangers\",\"publisher\":{\"@id\":\"https:\/\/strangercam.com\/#organization\"},\"alternateName\":\"Strangercam.com\",\"potentialAction\":[{\"@type\":\"SearchAction\",\"target\":{\"@type\":\"EntryPoint\",\"urlTemplate\":\"https:\/\/strangercam.com\/?s={search_term_string}\"},\"query-input\":{\"@type\":\"PropertyValueSpecification\",\"valueRequired\":true,\"valueName\":\"search_term_string\"}}],\"inLanguage\":\"it-IT\"},{\"@type\":\"Organization\",\"@id\":\"https:\/\/strangercam.com\/#organization\",\"name\":\"Strangercam\",\"alternateName\":\"Strangercam.com\",\"url\":\"https:\/\/strangercam.com\/\",\"logo\":{\"@type\":\"ImageObject\",\"inLanguage\":\"it-IT\",\"@id\":\"https:\/\/strangercam.com\/#\/schema\/logo\/image\/\",\"url\":\"https:\/\/strangercam.com\/wp-content\/uploads\/2020\/11\/cropped-new-favicon-black.png\",\"contentUrl\":\"https:\/\/strangercam.com\/wp-content\/uploads\/2020\/11\/cropped-new-favicon-black.png\",\"width\":512,\"height\":512,\"caption\":\"Strangercam\"},\"image\":{\"@id\":\"https:\/\/strangercam.com\/#\/schema\/logo\/image\/\"},\"sameAs\":[\"https:\/\/www.facebook.com\/strangercam\",\"https:\/\/x.com\/strangercamapp\"]}]}<\/script>\n<!-- \/ Yoast SEO plugin. -->","yoast_head_json":{"title":"Emerald Chat - Cammina con gli sconosciuti su StrangerCam.com","description":"Come Emerald Chat? Vieni a chattare con pi\u00f9 di 5.000.000 di sconosciuti su Stranger Cam gratuitamente! Accendi la tua cam e trova nuovi amici!","robots":{"index":"index","follow":"follow","max-snippet":"max-snippet:-1","max-image-preview":"max-image-preview:large","max-video-preview":"max-video-preview:-1"},"canonical":"https:\/\/strangercam.com\/it\/emerald-chat\/","og_locale":"it_IT","og_type":"article","og_title":"Emerald Chat - Cam with Strangers on StrangerCam.com","og_description":"Like Emerald Chat? Come chat with more than 5.000.000 strangers on Stranger Cam for Free! Turn on your cam and find new friends!","og_url":"https:\/\/strangercam.com\/it\/emerald-chat\/","og_site_name":"Strangercam","article_publisher":"https:\/\/www.facebook.com\/strangercam","article_modified_time":"2023-08-21T10:24:41+00:00","og_image":[{"width":800,"height":800,"url":"https:\/\/strangercam.com\/wp-content\/uploads\/2020\/11\/stranger-cam-1.png","type":"image\/png"}],"twitter_card":"summary_large_image","twitter_site":"@strangercamapp","twitter_misc":{"Tempo di lettura stimato":"5 minuti"},"schema":{"@context":"https:\/\/schema.org","@graph":[{"@type":"WebPage","@id":"https:\/\/strangercam.com\/emerald-chat\/","url":"https:\/\/strangercam.com\/emerald-chat\/","name":"Emerald Chat - Cammina con gli sconosciuti su StrangerCam.com","isPartOf":{"@id":"https:\/\/strangercam.com\/#website"},"primaryImageOfPage":{"@id":"https:\/\/strangercam.com\/emerald-chat\/#primaryimage"},"image":{"@id":"https:\/\/strangercam.com\/emerald-chat\/#primaryimage"},"thumbnailUrl":"https:\/\/strangercam.com\/wp-content\/uploads\/2020\/11\/stranger-cam-1.png","datePublished":"2021-01-10T14:44:29+00:00","dateModified":"2023-08-21T10:24:41+00:00","description":"Come Emerald Chat? Vieni a chattare con pi\u00f9 di 5.000.000 di sconosciuti su Stranger Cam gratuitamente! Accendi la tua cam e trova nuovi amici!","breadcrumb":{"@id":"https:\/\/strangercam.com\/emerald-chat\/#breadcrumb"},"inLanguage":"it-IT","potentialAction":[{"@type":"ReadAction","target":["https:\/\/strangercam.com\/emerald-chat\/"]}]},{"@type":"ImageObject","inLanguage":"it-IT","@id":"https:\/\/strangercam.com\/emerald-chat\/#primaryimage","url":"https:\/\/strangercam.com\/wp-content\/uploads\/2020\/11\/stranger-cam-1.png","contentUrl":"https:\/\/strangercam.com\/wp-content\/uploads\/2020\/11\/stranger-cam-1.png","width":800,"height":800,"caption":"stranger cam random video chat"},{"@type":"BreadcrumbList","@id":"https:\/\/strangercam.com\/emerald-chat\/#breadcrumb","itemListElement":[{"@type":"ListItem","position":1,"name":"Home","item":"https:\/\/strangercam.com\/"},{"@type":"ListItem","position":2,"name":"Emerald Chat"}]},{"@type":"WebSite","@id":"https:\/\/strangercam.com\/#website","url":"https:\/\/strangercam.com\/","name":"Strangercam","description":"Videochat casuale con sconosciuti","publisher":{"@id":"https:\/\/strangercam.com\/#organization"},"alternateName":"Strangercam.com","potentialAction":[{"@type":"SearchAction","target":{"@type":"EntryPoint","urlTemplate":"https:\/\/strangercam.com\/?s={search_term_string}"},"query-input":{"@type":"PropertyValueSpecification","valueRequired":true,"valueName":"search_term_string"}}],"inLanguage":"it-IT"},{"@type":"Organization","@id":"https:\/\/strangercam.com\/#organization","name":"Strangercam","alternateName":"Strangercam.com","url":"https:\/\/strangercam.com\/","logo":{"@type":"ImageObject","inLanguage":"it-IT","@id":"https:\/\/strangercam.com\/#\/schema\/logo\/image\/","url":"https:\/\/strangercam.com\/wp-content\/uploads\/2020\/11\/cropped-new-favicon-black.png","contentUrl":"https:\/\/strangercam.com\/wp-content\/uploads\/2020\/11\/cropped-new-favicon-black.png","width":512,"height":512,"caption":"Strangercam"},"image":{"@id":"https:\/\/strangercam.com\/#\/schema\/logo\/image\/"},"sameAs":["https:\/\/www.facebook.com\/strangercam","https:\/\/x.com\/strangercamapp"]}]}},"_links":{"self":[{"href":"https:\/\/strangercam.com\/it\/wp-json\/wp\/v2\/pages\/1004","targetHints":{"allow":["GET"]}}],"collection":[{"href":"https:\/\/strangercam.com\/it\/wp-json\/wp\/v2\/pages"}],"about":[{"href":"https:\/\/strangercam.com\/it\/wp-json\/wp\/v2\/types\/page"}],"author":[{"embeddable":true,"href":"https:\/\/strangercam.com\/it\/wp-json\/wp\/v2\/users\/6"}],"replies":[{"embeddable":true,"href":"https:\/\/strangercam.com\/it\/wp-json\/wp\/v2\/comments?post=1004"}],"version-history":[{"count":0,"href":"https:\/\/strangercam.com\/it\/wp-json\/wp\/v2\/pages\/1004\/revisions"}],"wp:featuredmedia":[{"embeddable":true,"href":"https:\/\/strangercam.com\/it\/wp-json\/wp\/v2\/media\/559"}],"wp:attachment":[{"href":"https:\/\/strangercam.com\/it\/wp-json\/wp\/v2\/media?parent=1004"}],"curies":[{"name":"wp","href":"https:\/\/api.w.org\/{rel}","templated":true}]}}