{"id":10021,"date":"2022-05-30T13:39:35","date_gmt":"2022-05-30T11:39:35","guid":{"rendered":"https:\/\/strangercam.com\/?page_id=10021"},"modified":"2023-08-21T12:38:00","modified_gmt":"2023-08-21T10:38:00","slug":"randochat","status":"publish","type":"page","link":"https:\/\/strangercam.com\/it\/randochat\/","title":{"rendered":"Randochat"},"content":{"rendered":"<p>RandoChat \u00e8 una chat casuale <a href=\"https:\/\/strangercam.com\/it\/chatroulette\/\">chat<\/a> programma che consente di <a href=\"https:\/\/strangercam.com\/it\/coomeet\/\">incontrarsi<\/a> nuove persone in modo anonimo. Non \u00e8 necessario creare un account o effettuare il login. Con un solo tocco, si pu\u00f2 iniziare una conversazione individuale. Il sito web offre una piattaforma facile da usare per interagire con nuove persone online. L'Randochat offre un servizio di assistenza clienti di altissima qualit\u00e0.<\/p>\n<h3>Come utilizzare l'applicazione per incontri Randochat?<\/h3>\n<p>\u00c8 possibile utilizzare l'applicazione per smartphone che consente di comunicare con altri utenti iscritti al sistema. Gli utenti non devono pagare alcun costo per usufruire delle interessanti funzionalit\u00e0 del sito. \u00c8 completamente <a href=\"https:\/\/strangercam.com\/it\/chat4free\/\">libero<\/a> per gli utenti. Non \u00e8 necessario registrarsi. Questo pacchetto funziona in modo simile a un normale servizio di SMS e consente di trasmettere sia testo che immagini. La casualit\u00e0 di questo sistema lo rende molto divertente da usare.<\/p>\n<h3>Caratteristiche principali del sito web Randochat<\/h3>\n<p>Di seguito sono riportate alcune delle principali caratteristiche dell'Randochat:<\/p>\n<ul>\n<li>Fai di RandoChat il tuo amico. Interagisci con nuove persone mentre <a href=\"https:\/\/strangercam.com\/it\/chatingly\/\">chattare<\/a> in modo anonimo! \u00c8 un servizio completamente gratuito.<\/li>\n<li>Non conservare i dati. Le vostre conversazioni vengono conservate sui nostri server solo per un periodo di tempo limitato e verranno rimosse una volta inviate al vostro compagno di chat.<\/li>\n<li>Per utilizzare questo software, \u00e8 necessario avere almeno 18 anni. Non caricare contenuti inappropriati, come nudit\u00e0, materiale razzista o offensivo. In caso di violazione delle nostre condizioni, il vostro account potr\u00e0 essere sospeso a tempo indeterminato.<\/li>\n<li>Sicurezza dei dati. Sapere come gli sviluppatori acquisiscono e condividono i vostri dati \u00e8 il primo passo verso la sicurezza. Le pratiche di privacy e riservatezza dei dati possono variare a seconda di come si utilizza il sito, dove si <a href=\"https:\/\/strangercam.com\/it\/mili\/\">dal vivo<\/a>e l'et\u00e0 dell'utente. Queste informazioni sono state fornite dallo sviluppatore, che potrebbe aggiornarle in futuro.<\/li>\n<li>I dati non saranno condivisi con terzi. Il sito non fornir\u00e0 i dati agli inserzionisti, che potranno utilizzarli per vari scopi. Per saperne di pi\u00f9 sulle dichiarazioni di condivisione rilasciate, \u00e8 possibile contattare l'assistenza clienti.<\/li>\n<li>Questi tipi di dati possono essere raccolti da questa applicazione. Ci\u00f2 significa che il sito web non condivide n\u00e9 memorizza alcuna informazione personale, foto o video dell'utente. I dati in transito sono criptati.<\/li>\n<li>Rimozione dei dati. Se non vi sentite a vostro agio con i dati pubblicati online, potete chiedere la rimozione dei vostri dati.<\/li>\n<\/ul>\n<h3>Conclusione<\/h3>\n<p>L'Randochat \u00e8 una piattaforma di qualit\u00e0 eccellente per interagire con le persone giuste online. \u00c8 possibile utilizzare i filtri per raggiungere la persona che si desidera e passare un bel momento insieme.<\/p>","protected":false},"excerpt":{"rendered":"<p>RandoChat is a random chat program that allows you to meet new people anonymously. There is no need to establish an account or log in. With a single tap, you may start a one-on-one conversation. The website offers an easy-to-use platform for interacting with new people online. The Randochat offers the highest quality customer support [&hellip;]<\/p>\n","protected":false},"author":6,"featured_media":559,"parent":0,"menu_order":0,"comment_status":"closed","ping_status":"closed","template":"","meta":{"footnotes":""},"class_list":["post-10021","page","type-page","status-publish","has-post-thumbnail","hentry"],"yoast_head":"<!-- This site is optimized with the Yoast SEO plugin v26.9 - https:\/\/yoast.com\/product\/yoast-seo-wordpress\/ -->\n<title>Randochat - Chat Roulette Anonymously - Cam on StrangerCam.com<\/title>\n<meta name=\"description\" content=\"Like Randochat? Come chat with more than 5.000.000 strangers on Stranger Cam for Free! Turn on your cam and find new friends &amp; maby a match!\" \/>\n<meta name=\"robots\" content=\"index, follow, max-snippet:-1, max-image-preview:large, max-video-preview:-1\" \/>\n<link rel=\"canonical\" href=\"https:\/\/strangercam.com\/it\/randochat\/\" \/>\n<meta property=\"og:locale\" content=\"it_IT\" \/>\n<meta property=\"og:type\" content=\"article\" \/>\n<meta property=\"og:title\" content=\"Randochat - Chat Roulette Anonymously - Cam on StrangerCam.com\" \/>\n<meta property=\"og:description\" content=\"Like Randochat? Come chat with more than 5.000.000 strangers on Stranger Cam for Free! Turn on your cam and find new friends &amp; maby a match!\" \/>\n<meta property=\"og:url\" content=\"https:\/\/strangercam.com\/it\/randochat\/\" \/>\n<meta property=\"og:site_name\" content=\"Strangercam\" \/>\n<meta property=\"article:publisher\" content=\"https:\/\/www.facebook.com\/strangercam\" \/>\n<meta property=\"article:modified_time\" content=\"2023-08-21T10:38:00+00:00\" \/>\n<meta property=\"og:image\" content=\"https:\/\/strangercam.com\/wp-content\/uploads\/2020\/11\/stranger-cam-1.png\" \/>\n\t<meta property=\"og:image:width\" content=\"800\" \/>\n\t<meta property=\"og:image:height\" content=\"800\" \/>\n\t<meta property=\"og:image:type\" content=\"image\/png\" \/>\n<meta name=\"twitter:card\" content=\"summary_large_image\" \/>\n<meta name=\"twitter:site\" content=\"@strangercamapp\" \/>\n<meta name=\"twitter:label1\" content=\"Tempo di lettura stimato\" \/>\n\t<meta name=\"twitter:data1\" content=\"2 minuti\" \/>\n<script type=\"application\/ld+json\" class=\"yoast-schema-graph\">{\"@context\":\"https:\/\/schema.org\",\"@graph\":[{\"@type\":\"WebPage\",\"@id\":\"https:\/\/strangercam.com\/randochat\/\",\"url\":\"https:\/\/strangercam.com\/randochat\/\",\"name\":\"Randochat - Chat Roulette Anonymously - Cam on StrangerCam.com\",\"isPartOf\":{\"@id\":\"https:\/\/strangercam.com\/#website\"},\"primaryImageOfPage\":{\"@id\":\"https:\/\/strangercam.com\/randochat\/#primaryimage\"},\"image\":{\"@id\":\"https:\/\/strangercam.com\/randochat\/#primaryimage\"},\"thumbnailUrl\":\"https:\/\/strangercam.com\/wp-content\/uploads\/2020\/11\/stranger-cam-1.png\",\"datePublished\":\"2022-05-30T11:39:35+00:00\",\"dateModified\":\"2023-08-21T10:38:00+00:00\",\"description\":\"Like Randochat? Come chat with more than 5.000.000 strangers on Stranger Cam for Free! Turn on your cam and find new friends & maby a match!\",\"breadcrumb\":{\"@id\":\"https:\/\/strangercam.com\/randochat\/#breadcrumb\"},\"inLanguage\":\"it-IT\",\"potentialAction\":[{\"@type\":\"ReadAction\",\"target\":[\"https:\/\/strangercam.com\/randochat\/\"]}]},{\"@type\":\"ImageObject\",\"inLanguage\":\"it-IT\",\"@id\":\"https:\/\/strangercam.com\/randochat\/#primaryimage\",\"url\":\"https:\/\/strangercam.com\/wp-content\/uploads\/2020\/11\/stranger-cam-1.png\",\"contentUrl\":\"https:\/\/strangercam.com\/wp-content\/uploads\/2020\/11\/stranger-cam-1.png\",\"width\":800,\"height\":800,\"caption\":\"stranger cam random video chat\"},{\"@type\":\"BreadcrumbList\",\"@id\":\"https:\/\/strangercam.com\/randochat\/#breadcrumb\",\"itemListElement\":[{\"@type\":\"ListItem\",\"position\":1,\"name\":\"Home\",\"item\":\"https:\/\/strangercam.com\/\"},{\"@type\":\"ListItem\",\"position\":2,\"name\":\"Randochat\"}]},{\"@type\":\"WebSite\",\"@id\":\"https:\/\/strangercam.com\/#website\",\"url\":\"https:\/\/strangercam.com\/\",\"name\":\"Strangercam\",\"description\":\"Random Video Chat with Strangers\",\"publisher\":{\"@id\":\"https:\/\/strangercam.com\/#organization\"},\"alternateName\":\"Strangercam.com\",\"potentialAction\":[{\"@type\":\"SearchAction\",\"target\":{\"@type\":\"EntryPoint\",\"urlTemplate\":\"https:\/\/strangercam.com\/?s={search_term_string}\"},\"query-input\":{\"@type\":\"PropertyValueSpecification\",\"valueRequired\":true,\"valueName\":\"search_term_string\"}}],\"inLanguage\":\"it-IT\"},{\"@type\":\"Organization\",\"@id\":\"https:\/\/strangercam.com\/#organization\",\"name\":\"Strangercam\",\"alternateName\":\"Strangercam.com\",\"url\":\"https:\/\/strangercam.com\/\",\"logo\":{\"@type\":\"ImageObject\",\"inLanguage\":\"it-IT\",\"@id\":\"https:\/\/strangercam.com\/#\/schema\/logo\/image\/\",\"url\":\"https:\/\/strangercam.com\/wp-content\/uploads\/2020\/11\/cropped-new-favicon-black.png\",\"contentUrl\":\"https:\/\/strangercam.com\/wp-content\/uploads\/2020\/11\/cropped-new-favicon-black.png\",\"width\":512,\"height\":512,\"caption\":\"Strangercam\"},\"image\":{\"@id\":\"https:\/\/strangercam.com\/#\/schema\/logo\/image\/\"},\"sameAs\":[\"https:\/\/www.facebook.com\/strangercam\",\"https:\/\/x.com\/strangercamapp\"]}]}<\/script>\n<!-- \/ Yoast SEO plugin. -->","yoast_head_json":{"title":"Randochat - Chat Roulette Anonima - Cam su StrangerCam.com","description":"Come Randochat? Vieni a chattare con pi\u00f9 di 5.000.000 di sconosciuti su Stranger Cam gratuitamente! Accendi la tua cam e trova nuovi amici e magari un partner!","robots":{"index":"index","follow":"follow","max-snippet":"max-snippet:-1","max-image-preview":"max-image-preview:large","max-video-preview":"max-video-preview:-1"},"canonical":"https:\/\/strangercam.com\/it\/randochat\/","og_locale":"it_IT","og_type":"article","og_title":"Randochat - Chat Roulette Anonymously - Cam on StrangerCam.com","og_description":"Like Randochat? Come chat with more than 5.000.000 strangers on Stranger Cam for Free! Turn on your cam and find new friends & maby a match!","og_url":"https:\/\/strangercam.com\/it\/randochat\/","og_site_name":"Strangercam","article_publisher":"https:\/\/www.facebook.com\/strangercam","article_modified_time":"2023-08-21T10:38:00+00:00","og_image":[{"width":800,"height":800,"url":"https:\/\/strangercam.com\/wp-content\/uploads\/2020\/11\/stranger-cam-1.png","type":"image\/png"}],"twitter_card":"summary_large_image","twitter_site":"@strangercamapp","twitter_misc":{"Tempo di lettura stimato":"2 minuti"},"schema":{"@context":"https:\/\/schema.org","@graph":[{"@type":"WebPage","@id":"https:\/\/strangercam.com\/randochat\/","url":"https:\/\/strangercam.com\/randochat\/","name":"Randochat - Chat Roulette Anonima - Cam su StrangerCam.com","isPartOf":{"@id":"https:\/\/strangercam.com\/#website"},"primaryImageOfPage":{"@id":"https:\/\/strangercam.com\/randochat\/#primaryimage"},"image":{"@id":"https:\/\/strangercam.com\/randochat\/#primaryimage"},"thumbnailUrl":"https:\/\/strangercam.com\/wp-content\/uploads\/2020\/11\/stranger-cam-1.png","datePublished":"2022-05-30T11:39:35+00:00","dateModified":"2023-08-21T10:38:00+00:00","description":"Come Randochat? Vieni a chattare con pi\u00f9 di 5.000.000 di sconosciuti su Stranger Cam gratuitamente! Accendi la tua cam e trova nuovi amici e magari un partner!","breadcrumb":{"@id":"https:\/\/strangercam.com\/randochat\/#breadcrumb"},"inLanguage":"it-IT","potentialAction":[{"@type":"ReadAction","target":["https:\/\/strangercam.com\/randochat\/"]}]},{"@type":"ImageObject","inLanguage":"it-IT","@id":"https:\/\/strangercam.com\/randochat\/#primaryimage","url":"https:\/\/strangercam.com\/wp-content\/uploads\/2020\/11\/stranger-cam-1.png","contentUrl":"https:\/\/strangercam.com\/wp-content\/uploads\/2020\/11\/stranger-cam-1.png","width":800,"height":800,"caption":"stranger cam random video chat"},{"@type":"BreadcrumbList","@id":"https:\/\/strangercam.com\/randochat\/#breadcrumb","itemListElement":[{"@type":"ListItem","position":1,"name":"Home","item":"https:\/\/strangercam.com\/"},{"@type":"ListItem","position":2,"name":"Randochat"}]},{"@type":"WebSite","@id":"https:\/\/strangercam.com\/#website","url":"https:\/\/strangercam.com\/","name":"Strangercam","description":"Videochat casuale con sconosciuti","publisher":{"@id":"https:\/\/strangercam.com\/#organization"},"alternateName":"Strangercam.com","potentialAction":[{"@type":"SearchAction","target":{"@type":"EntryPoint","urlTemplate":"https:\/\/strangercam.com\/?s={search_term_string}"},"query-input":{"@type":"PropertyValueSpecification","valueRequired":true,"valueName":"search_term_string"}}],"inLanguage":"it-IT"},{"@type":"Organization","@id":"https:\/\/strangercam.com\/#organization","name":"Strangercam","alternateName":"Strangercam.com","url":"https:\/\/strangercam.com\/","logo":{"@type":"ImageObject","inLanguage":"it-IT","@id":"https:\/\/strangercam.com\/#\/schema\/logo\/image\/","url":"https:\/\/strangercam.com\/wp-content\/uploads\/2020\/11\/cropped-new-favicon-black.png","contentUrl":"https:\/\/strangercam.com\/wp-content\/uploads\/2020\/11\/cropped-new-favicon-black.png","width":512,"height":512,"caption":"Strangercam"},"image":{"@id":"https:\/\/strangercam.com\/#\/schema\/logo\/image\/"},"sameAs":["https:\/\/www.facebook.com\/strangercam","https:\/\/x.com\/strangercamapp"]}]}},"_links":{"self":[{"href":"https:\/\/strangercam.com\/it\/wp-json\/wp\/v2\/pages\/10021","targetHints":{"allow":["GET"]}}],"collection":[{"href":"https:\/\/strangercam.com\/it\/wp-json\/wp\/v2\/pages"}],"about":[{"href":"https:\/\/strangercam.com\/it\/wp-json\/wp\/v2\/types\/page"}],"author":[{"embeddable":true,"href":"https:\/\/strangercam.com\/it\/wp-json\/wp\/v2\/users\/6"}],"replies":[{"embeddable":true,"href":"https:\/\/strangercam.com\/it\/wp-json\/wp\/v2\/comments?post=10021"}],"version-history":[{"count":0,"href":"https:\/\/strangercam.com\/it\/wp-json\/wp\/v2\/pages\/10021\/revisions"}],"wp:featuredmedia":[{"embeddable":true,"href":"https:\/\/strangercam.com\/it\/wp-json\/wp\/v2\/media\/559"}],"wp:attachment":[{"href":"https:\/\/strangercam.com\/it\/wp-json\/wp\/v2\/media?parent=10021"}],"curies":[{"name":"wp","href":"https:\/\/api.w.org\/{rel}","templated":true}]}}