{"id":9827,"date":"2022-03-01T17:29:57","date_gmt":"2022-03-01T15:29:57","guid":{"rendered":"https:\/\/strangercam.com\/?page_id=9827"},"modified":"2025-06-16T14:18:35","modified_gmt":"2025-06-16T12:18:35","slug":"declaration-de-conformite-2257","status":"publish","type":"page","link":"https:\/\/strangercam.com\/fr\/declaration-de-conformite-2257\/","title":{"rendered":"D\u00e9claration de conformit\u00e9 2257"},"content":{"rendered":"<p data-start=\"274\" data-end=\"560\">Conform\u00e9ment \u00e0 la loi am\u00e9ricaine 18 U.S.C. Section 2257 (Child Protection and Obscenity Enforcement Act of 1988) et \u00e0 d'autres lois internationales, tous les mod\u00e8les apparaissant sur des services ou des plateformes li\u00e9s ou r\u00e9f\u00e9renc\u00e9s par <a href=\"https:\/\/strangercam.com\/fr\/\">Strangercam<\/a>.com ont, \u00e0 notre connaissance, atteint l'\u00e2ge de 18 ans.<\/p>\n<h2 data-start=\"562\" data-end=\"1047\">Clause de non-responsabilit\u00e9 des affili\u00e9s<\/h2>\n<p data-start=\"562\" data-end=\"1047\">Strangercam.com ne poss\u00e8de pas et n'exploite pas de webcam ou de site web. <a href=\"https:\/\/strangercam.com\/fr\/rabbit-video-chat\/\">vid\u00e9o<\/a> <a href=\"https:\/\/strangercam.com\/fr\/chatroulette\/\">chat<\/a> outils, plates-formes ou services pr\u00e9sent\u00e9s ou li\u00e9s \u00e0 notre site. Nous sommes un site d'affiliation et d'\u00e9valuation <a href=\"https:\/\/strangercam.com\/fr\/only2chat\/\">seulement<\/a>; En tant que tel, nous n'engageons pas, ne contractons pas, ne g\u00e9rons pas et n'organisons pas de projets ou d'\u00e9v\u00e9nements impliquant des mannequins. Le respect de la section 2257 du 18 U.S.C., y compris toutes les exigences en mati\u00e8re de stockage de documents et de v\u00e9rification de l'\u00e2ge, rel\u00e8ve de la seule responsabilit\u00e9 de nos partenaires affili\u00e9s et des plates-formes qu'ils exploitent.<\/p>\n<h2 data-start=\"1049\" data-end=\"1350\">Contenu de tiers<\/h2>\n<p data-start=\"1049\" data-end=\"1350\">Strangercam.com ne produit pas, n'h\u00e9berge pas et ne g\u00e8re pas les documents affich\u00e9s sur les sites de tiers vers lesquels nous \u00e9tablissons des liens. Tout contenu g\u00e9n\u00e9r\u00e9 par l'utilisateur ou contenu mod\u00e8le disponible sur ces plateformes est contr\u00f4l\u00e9 et r\u00e9glement\u00e9 par les op\u00e9rateurs des sites respectifs, et non par Strangercam.com.<\/p>\n<p data-start=\"1352\" data-end=\"1674\">Notre r\u00f4le est uniquement d'examiner, de recommander et de fournir des liens d'affiliation vers des plateformes et des services externes. Toute personne qui s'inscrit ou utilise des services via des liens sur Strangercam.com le fait directement et ind\u00e9pendamment sur des plateformes tierces, sans aucune participation ou implication de Strangercam.com ou de ses repr\u00e9sentants.<\/p>\n<h2 data-start=\"1676\" data-end=\"1946\">Suivi et normes de contenu<\/h2>\n<p data-start=\"1676\" data-end=\"1946\">Strangercam.com n'approuve ni ne soutient la cr\u00e9ation ou la publication de mat\u00e9riel obsc\u00e8ne. Nous nous r\u00e9servons le droit de supprimer les liens ou les r\u00e9f\u00e9rences \u00e0 tout contenu externe qui, \u00e0 notre avis, est clairement obsc\u00e8ne, ind\u00e9cent ou diffamatoire.<\/p>\n<h2 data-start=\"1948\" data-end=\"2136\">Contenu par Strangercam.com<\/h2>\n<p data-start=\"1948\" data-end=\"2136\">Tout le contenu produit par Strangercam.com ou ses repr\u00e9sentants n'est ni \u00e9rotique ni pornographique et n'est donc pas soumis \u00e0 la loi am\u00e9ricaine 18 U.S.C. Section 2257.<\/p>\n<h2 data-start=\"2138\" data-end=\"2503\">Stockage et conformit\u00e9 des documents<\/h2>\n<p data-start=\"2138\" data-end=\"2503\">Tous les dossiers et documents de v\u00e9rification de l'\u00e2ge requis par la loi am\u00e9ricaine 18 U.S.C. Section 2257 sont conserv\u00e9s par nos partenaires affili\u00e9s et les op\u00e9rateurs des plateformes tierces vers lesquelles nous \u00e9tablissons des liens. Strangercam.com ne stocke ni ne conserve aucun document 2257, car nous n'exploitons ni ne produisons aucun contenu n\u00e9cessitant une telle conformit\u00e9.<\/p>\n<p data-start=\"2505\" data-end=\"2624\">Pour toute question ou pr\u00e9occupation concernant la conformit\u00e9, veuillez contacter directement les op\u00e9rateurs des plateformes tierces.<\/p>","protected":false},"excerpt":{"rendered":"<p>In accordance with US law 18 U.S.C. Section 2257 (Child Protection and Obscenity Enforcement Act of 1988) and other international acts, all models appearing on services or platforms linked or referenced by Strangercam.com have, to the best of our knowledge, reached the age of 18 years. Affiliate Disclaimer Strangercam.com does not own or operate any [&hellip;]<\/p>\n","protected":false},"author":1,"featured_media":0,"parent":0,"menu_order":0,"comment_status":"closed","ping_status":"closed","template":"","meta":{"footnotes":""},"class_list":["post-9827","page","type-page","status-publish","hentry"],"yoast_head":"<!-- This site is optimized with the Yoast SEO plugin v26.9 - https:\/\/yoast.com\/product\/yoast-seo-wordpress\/ -->\n<title>2257 Compliance Statement - Strangercam<\/title>\n<meta name=\"robots\" content=\"index, follow, max-snippet:-1, max-image-preview:large, max-video-preview:-1\" \/>\n<link rel=\"canonical\" href=\"https:\/\/strangercam.com\/fr\/declaration-de-conformite-2257\/\" \/>\n<meta property=\"og:locale\" content=\"fr_FR\" \/>\n<meta property=\"og:type\" content=\"article\" \/>\n<meta property=\"og:title\" content=\"2257 Compliance Statement - Strangercam\" \/>\n<meta property=\"og:description\" content=\"In accordance with US law 18 U.S.C. Section 2257 (Child Protection and Obscenity Enforcement Act of 1988) and other international acts, all models appearing on services or platforms linked or referenced by Strangercam.com have, to the best of our knowledge, reached the age of 18 years. Affiliate Disclaimer Strangercam.com does not own or operate any [&hellip;]\" \/>\n<meta property=\"og:url\" content=\"https:\/\/strangercam.com\/fr\/declaration-de-conformite-2257\/\" \/>\n<meta property=\"og:site_name\" content=\"Strangercam\" \/>\n<meta property=\"article:publisher\" content=\"https:\/\/www.facebook.com\/strangercam\" \/>\n<meta property=\"article:modified_time\" content=\"2025-06-16T12:18:35+00:00\" \/>\n<meta property=\"og:image\" content=\"https:\/\/strangercam.com\/wp-content\/uploads\/2021\/10\/Untitled-2.png\" \/>\n\t<meta property=\"og:image:width\" content=\"800\" \/>\n\t<meta property=\"og:image:height\" content=\"532\" \/>\n\t<meta property=\"og:image:type\" content=\"image\/png\" \/>\n<meta name=\"twitter:card\" content=\"summary_large_image\" \/>\n<meta name=\"twitter:site\" content=\"@strangercamapp\" \/>\n<meta name=\"twitter:label1\" content=\"Dur\u00e9e de lecture estim\u00e9e\" \/>\n\t<meta name=\"twitter:data1\" content=\"2 minutes\" \/>\n<script type=\"application\/ld+json\" class=\"yoast-schema-graph\">{\"@context\":\"https:\/\/schema.org\",\"@graph\":[{\"@type\":\"WebPage\",\"@id\":\"https:\/\/strangercam.com\/2257-compliance-statement\/\",\"url\":\"https:\/\/strangercam.com\/2257-compliance-statement\/\",\"name\":\"2257 Compliance Statement - Strangercam\",\"isPartOf\":{\"@id\":\"https:\/\/strangercam.com\/#website\"},\"datePublished\":\"2022-03-01T15:29:57+00:00\",\"dateModified\":\"2025-06-16T12:18:35+00:00\",\"breadcrumb\":{\"@id\":\"https:\/\/strangercam.com\/2257-compliance-statement\/#breadcrumb\"},\"inLanguage\":\"fr-FR\",\"potentialAction\":[{\"@type\":\"ReadAction\",\"target\":[\"https:\/\/strangercam.com\/2257-compliance-statement\/\"]}]},{\"@type\":\"BreadcrumbList\",\"@id\":\"https:\/\/strangercam.com\/2257-compliance-statement\/#breadcrumb\",\"itemListElement\":[{\"@type\":\"ListItem\",\"position\":1,\"name\":\"Home\",\"item\":\"https:\/\/strangercam.com\/\"},{\"@type\":\"ListItem\",\"position\":2,\"name\":\"2257 Compliance Statement\"}]},{\"@type\":\"WebSite\",\"@id\":\"https:\/\/strangercam.com\/#website\",\"url\":\"https:\/\/strangercam.com\/\",\"name\":\"Strangercam\",\"description\":\"Random Video Chat with Strangers\",\"publisher\":{\"@id\":\"https:\/\/strangercam.com\/#organization\"},\"alternateName\":\"Strangercam.com\",\"potentialAction\":[{\"@type\":\"SearchAction\",\"target\":{\"@type\":\"EntryPoint\",\"urlTemplate\":\"https:\/\/strangercam.com\/?s={search_term_string}\"},\"query-input\":{\"@type\":\"PropertyValueSpecification\",\"valueRequired\":true,\"valueName\":\"search_term_string\"}}],\"inLanguage\":\"fr-FR\"},{\"@type\":\"Organization\",\"@id\":\"https:\/\/strangercam.com\/#organization\",\"name\":\"Strangercam\",\"alternateName\":\"Strangercam.com\",\"url\":\"https:\/\/strangercam.com\/\",\"logo\":{\"@type\":\"ImageObject\",\"inLanguage\":\"fr-FR\",\"@id\":\"https:\/\/strangercam.com\/#\/schema\/logo\/image\/\",\"url\":\"https:\/\/strangercam.com\/wp-content\/uploads\/2020\/11\/cropped-new-favicon-black.png\",\"contentUrl\":\"https:\/\/strangercam.com\/wp-content\/uploads\/2020\/11\/cropped-new-favicon-black.png\",\"width\":512,\"height\":512,\"caption\":\"Strangercam\"},\"image\":{\"@id\":\"https:\/\/strangercam.com\/#\/schema\/logo\/image\/\"},\"sameAs\":[\"https:\/\/www.facebook.com\/strangercam\",\"https:\/\/x.com\/strangercamapp\"]}]}<\/script>\n<!-- \/ Yoast SEO plugin. -->","yoast_head_json":{"title":"2257 D\u00e9claration de conformit\u00e9 - Strangercam","robots":{"index":"index","follow":"follow","max-snippet":"max-snippet:-1","max-image-preview":"max-image-preview:large","max-video-preview":"max-video-preview:-1"},"canonical":"https:\/\/strangercam.com\/fr\/declaration-de-conformite-2257\/","og_locale":"fr_FR","og_type":"article","og_title":"2257 Compliance Statement - Strangercam","og_description":"In accordance with US law 18 U.S.C. Section 2257 (Child Protection and Obscenity Enforcement Act of 1988) and other international acts, all models appearing on services or platforms linked or referenced by Strangercam.com have, to the best of our knowledge, reached the age of 18 years. Affiliate Disclaimer Strangercam.com does not own or operate any [&hellip;]","og_url":"https:\/\/strangercam.com\/fr\/declaration-de-conformite-2257\/","og_site_name":"Strangercam","article_publisher":"https:\/\/www.facebook.com\/strangercam","article_modified_time":"2025-06-16T12:18:35+00:00","og_image":[{"width":800,"height":532,"url":"https:\/\/strangercam.com\/wp-content\/uploads\/2021\/10\/Untitled-2.png","type":"image\/png"}],"twitter_card":"summary_large_image","twitter_site":"@strangercamapp","twitter_misc":{"Dur\u00e9e de lecture estim\u00e9e":"2 minutes"},"schema":{"@context":"https:\/\/schema.org","@graph":[{"@type":"WebPage","@id":"https:\/\/strangercam.com\/2257-compliance-statement\/","url":"https:\/\/strangercam.com\/2257-compliance-statement\/","name":"2257 D\u00e9claration de conformit\u00e9 - Strangercam","isPartOf":{"@id":"https:\/\/strangercam.com\/#website"},"datePublished":"2022-03-01T15:29:57+00:00","dateModified":"2025-06-16T12:18:35+00:00","breadcrumb":{"@id":"https:\/\/strangercam.com\/2257-compliance-statement\/#breadcrumb"},"inLanguage":"fr-FR","potentialAction":[{"@type":"ReadAction","target":["https:\/\/strangercam.com\/2257-compliance-statement\/"]}]},{"@type":"BreadcrumbList","@id":"https:\/\/strangercam.com\/2257-compliance-statement\/#breadcrumb","itemListElement":[{"@type":"ListItem","position":1,"name":"Home","item":"https:\/\/strangercam.com\/"},{"@type":"ListItem","position":2,"name":"2257 Compliance Statement"}]},{"@type":"WebSite","@id":"https:\/\/strangercam.com\/#website","url":"https:\/\/strangercam.com\/","name":"Strangercam","description":"Chat vid\u00e9o al\u00e9atoire avec des inconnus","publisher":{"@id":"https:\/\/strangercam.com\/#organization"},"alternateName":"Strangercam.com","potentialAction":[{"@type":"SearchAction","target":{"@type":"EntryPoint","urlTemplate":"https:\/\/strangercam.com\/?s={search_term_string}"},"query-input":{"@type":"PropertyValueSpecification","valueRequired":true,"valueName":"search_term_string"}}],"inLanguage":"fr-FR"},{"@type":"Organization","@id":"https:\/\/strangercam.com\/#organization","name":"Strangercam","alternateName":"Strangercam.com","url":"https:\/\/strangercam.com\/","logo":{"@type":"ImageObject","inLanguage":"fr-FR","@id":"https:\/\/strangercam.com\/#\/schema\/logo\/image\/","url":"https:\/\/strangercam.com\/wp-content\/uploads\/2020\/11\/cropped-new-favicon-black.png","contentUrl":"https:\/\/strangercam.com\/wp-content\/uploads\/2020\/11\/cropped-new-favicon-black.png","width":512,"height":512,"caption":"Strangercam"},"image":{"@id":"https:\/\/strangercam.com\/#\/schema\/logo\/image\/"},"sameAs":["https:\/\/www.facebook.com\/strangercam","https:\/\/x.com\/strangercamapp"]}]}},"_links":{"self":[{"href":"https:\/\/strangercam.com\/fr\/wp-json\/wp\/v2\/pages\/9827","targetHints":{"allow":["GET"]}}],"collection":[{"href":"https:\/\/strangercam.com\/fr\/wp-json\/wp\/v2\/pages"}],"about":[{"href":"https:\/\/strangercam.com\/fr\/wp-json\/wp\/v2\/types\/page"}],"author":[{"embeddable":true,"href":"https:\/\/strangercam.com\/fr\/wp-json\/wp\/v2\/users\/1"}],"replies":[{"embeddable":true,"href":"https:\/\/strangercam.com\/fr\/wp-json\/wp\/v2\/comments?post=9827"}],"version-history":[{"count":1,"href":"https:\/\/strangercam.com\/fr\/wp-json\/wp\/v2\/pages\/9827\/revisions"}],"predecessor-version":[{"id":12877,"href":"https:\/\/strangercam.com\/fr\/wp-json\/wp\/v2\/pages\/9827\/revisions\/12877"}],"wp:attachment":[{"href":"https:\/\/strangercam.com\/fr\/wp-json\/wp\/v2\/media?parent=9827"}],"curies":[{"name":"wp","href":"https:\/\/api.w.org\/{rel}","templated":true}]}}