{"id":9038,"date":"2025-09-29T10:37:31","date_gmt":"2025-09-29T08:37:31","guid":{"rendered":"https:\/\/strangercam.com\/?page_id=9038"},"modified":"2025-09-29T12:03:57","modified_gmt":"2025-09-29T10:03:57","slug":"chat-en-ligne-gratuit","status":"publish","type":"page","link":"https:\/\/strangercam.com\/fr\/chat-en-ligne-gratuit\/","title":{"rendered":"Chat en ligne gratuit"},"content":{"rendered":"<p>Vous cherchez un service en ligne gratuit <a href=\"https:\/\/strangercam.com\/fr\/chathub\/\">Chat<\/a>? Vous n'\u00eates pas le seul. Chaque mois, des millions de personnes tapent ces mots exacts dans Google, \u00e0 la recherche d'un moyen rapide, s\u00fbr et gratuit d'acc\u00e9der \u00e0 l'Internet. <a href=\"https:\/\/strangercam.com\/fr\/coomeet\/\">rencontrer<\/a> de nouvelles personnes en ligne. Contrairement aux r\u00e9seaux sociaux ou aux applications de rencontre qui n\u00e9cessitent de longues inscriptions, les plateformes de chat en ligne gratuites vous permettent de vous connecter instantan\u00e9ment, sans aucun souci.<\/p>\n<p>En 2025, des plateformes comme StrangerCam permettent plus que jamais de commencer \u00e0 chatter gratuitement, sans t\u00e9l\u00e9chargement ni frais cach\u00e9s. Que vous souhaitiez des conversations d\u00e9contract\u00e9es, des amiti\u00e9s globales ou un flirt l\u00e9ger, le chat en ligne gratuit reste l'un des moyens les plus excitants de se connecter en ligne.<\/p>\n<p>Ce guide couvre tout ce que vous devez savoir : ce qu'est le chat en ligne gratuit, pourquoi il est si populaire, comment il fonctionne, son histoire, quelles sont les fonctionnalit\u00e9s les plus importantes, les meilleures plateformes, les conseils de s\u00e9curit\u00e9, et pourquoi StrangerCam est l'une des meilleures options aujourd'hui.<\/p>\n<h2>Qu'est-ce que le chat en ligne gratuit ?<\/h2>\n<p>Le chat gratuit en ligne fait r\u00e9f\u00e9rence \u00e0 des plateformes num\u00e9riques o\u00f9 vous pouvez parler instantan\u00e9ment \u00e0 des personnes par le biais de textes ou de vid\u00e9os, sans avoir \u00e0 payer de frais ou \u00e0 cr\u00e9er de longs profils. L'id\u00e9e est simple : vous cliquez sur un bouton et vous entrez en contact avec quelqu'un de nouveau, \u00e0 tout moment et en tout lieu.<\/p>\n<p>Contrairement aux m\u00e9dias sociaux traditionnels ou aux applications de rencontre, les plateformes de chat gratuit sont ax\u00e9es sur la spontan\u00e9it\u00e9. Elles ne n\u00e9cessitent pas de swiping, d'algorithmes ou de profils \u00e9labor\u00e9s. Au lieu de cela, elles offrent une interaction en temps r\u00e9el avec des inconnus du monde entier.<\/p>\n<h2>Pourquoi les gens aiment le chat en ligne gratuit<\/h2>\n<p>L'expression \"chat en ligne gratuit\" est rest\u00e9e populaire pendant des d\u00e9cennies parce que.. :<\/p>\n<ul>\n<li>Connexion instantan\u00e9e : Pas d'attente pour les correspondances ou les r\u00e9ponses.<\/li>\n<li>Amiti\u00e9s mondiales : Rencontrez des personnes originaires de plus de 100 pays.<\/li>\n<li>Vari\u00e9t\u00e9 de conversations : Du badinage d\u00e9contract\u00e9 aux discussions plus approfondies.<\/li>\n<li>Accessibilit\u00e9 financi\u00e8re : Acc\u00e8s r\u00e9ellement gratuit, sans mur d'entr\u00e9e cach\u00e9.<\/li>\n<li>Spontan\u00e9it\u00e9 : chaque chat est unique et impr\u00e9visible.<\/li>\n<li>Flexibilit\u00e9 : Options de chat textuel ou vid\u00e9o en direct.<\/li>\n<\/ul>\n<p>C'est le m\u00e9lange parfait d'amusement, d'authenticit\u00e9 et d'accessibilit\u00e9.<\/p>\n<h2>Comment fonctionne le chat en ligne gratuit<\/h2>\n<p>La proc\u00e9dure est simple :<\/p>\n<ol>\n<li>Ouvrez une plateforme de chat comme StrangerCam.<\/li>\n<li>Choisissez le mode de discussion (texte ou vid\u00e9o).<\/li>\n<li>Permettre l'acc\u00e8s \u00e0 la cam\u00e9ra\/microphone pour la vid\u00e9o.<\/li>\n<li>Cliquez sur \"Start Chat\".<\/li>\n<li>Entrez instantan\u00e9ment en contact avec quelqu'un dans le monde entier.<\/li>\n<li>Cliquez sur \"Suivant\" \u00e0 tout moment pour rencontrer quelqu'un de nouveau.<\/li>\n<\/ol>\n<p>Certains sites proposent \u00e9galement des fonctionnalit\u00e9s telles que des filtres, des forums de discussion ou des outils de traduction.<\/p>\n<h2>Caract\u00e9ristiques \u00e0 rechercher<\/h2>\n<p>Lorsque vous choisissez un site de chat en ligne gratuit, assurez-vous qu'il comprend :<\/p>\n<ul>\n<li>Acc\u00e8s r\u00e9ellement gratuit - \u00c9vitez les sites qui cachent des fonctionnalit\u00e9s derri\u00e8re des murs payants.<\/li>\n<li>Aucune inscription requise - Restez anonyme, connectez-vous instantan\u00e9ment.<\/li>\n<li>Options vid\u00e9o et texte - Flexibilit\u00e9 pour des ambiances diff\u00e9rentes.<\/li>\n<li>Conception adapt\u00e9e aux t\u00e9l\u00e9phones portables - Fluidit\u00e9 sur les t\u00e9l\u00e9phones et les tablettes.<\/li>\n<li>Forte mod\u00e9ration - Plus s\u00fbr que les anciens salons de discussion.<\/li>\n<li>Base mondiale d'utilisateurs - Plus de gens, c'est plus de plaisir.<\/li>\n<\/ul>\n<h2>Les meilleures plateformes de chat en ligne gratuites en 2025<\/h2>\n<p>Voici un comparatif des meilleurs sites de chat gratuits actuels :<\/p>\n<table>\n<thead>\n<tr>\n<th>Plate-forme<\/th>\n<th align=\"center\">Acc\u00e8s gratuit<\/th>\n<th align=\"center\">Inscription n\u00e9cessaire<\/th>\n<th align=\"center\">Chat vid\u00e9o<\/th>\n<th align=\"center\">Support mobile<\/th>\n<th align=\"center\">La mod\u00e9ration<\/th>\n<th>Notes<\/th>\n<\/tr>\n<\/thead>\n<tbody>\n<tr>\n<td>StrangerCam<\/td>\n<td align=\"center\">\u2705<\/td>\n<td align=\"center\">\u274c<\/td>\n<td align=\"center\">\u2705<\/td>\n<td align=\"center\">\u2705<\/td>\n<td align=\"center\">\u2705<\/td>\n<td>Meilleur choix : gratuit, instantan\u00e9, s\u00fbr<\/td>\n<\/tr>\n<tr>\n<td><a href=\"https:\/\/strangercam.com\/fr\/chatroulette\/\">Chatroulette<\/a><\/td>\n<td align=\"center\">\u2705<\/td>\n<td align=\"center\">\u274c<\/td>\n<td align=\"center\">\u2705<\/td>\n<td align=\"center\">\u2705<\/td>\n<td align=\"center\">\u2705<\/td>\n<td>Caract\u00e9ristiques classiques mais limit\u00e9es<\/td>\n<\/tr>\n<tr>\n<td>Chatrandom<\/td>\n<td align=\"center\">\u2705<\/td>\n<td align=\"center\">\u274c<\/td>\n<td align=\"center\">\u2705<\/td>\n<td align=\"center\">\u2705<\/td>\n<td align=\"center\">\u2705<\/td>\n<td>Large base d'utilisateurs, mises \u00e0 jour fr\u00e9quentes<\/td>\n<\/tr>\n<tr>\n<td><a href=\"https:\/\/strangercam.com\/fr\/ometv\/\">OmeTV<\/a><\/td>\n<td align=\"center\">\u2705<\/td>\n<td align=\"center\">\u274c<\/td>\n<td align=\"center\">\u2705<\/td>\n<td align=\"center\">\u2705<\/td>\n<td align=\"center\">\u2705<\/td>\n<td>Premi\u00e8re application mobile pour le chat al\u00e9atoire<\/td>\n<\/tr>\n<tr>\n<td>Shagle<\/td>\n<td align=\"center\">\u2705<\/td>\n<td align=\"center\">\u274c<\/td>\n<td align=\"center\">\u2705<\/td>\n<td align=\"center\">\u2705<\/td>\n<td align=\"center\">\u2705<\/td>\n<td>Entr\u00e9e gratuite, filtres premium verrouill\u00e9s<\/td>\n<\/tr>\n<tr>\n<td>WireClub<\/td>\n<td align=\"center\">\u2705<\/td>\n<td align=\"center\">\u2705<\/td>\n<td align=\"center\">\u274c<\/td>\n<td align=\"center\">\u2705<\/td>\n<td align=\"center\">\u2705<\/td>\n<td>Salons de discussion plus traditionnels<\/td>\n<\/tr>\n<\/tbody>\n<\/table>\n<p>StrangerCam est l'une des rares plateformes combinant un acc\u00e8s gratuit et illimit\u00e9, sans inscription, et des options de chat vid\u00e9o et texte.<\/p>\n<h2>Pourquoi StrangerCam est la meilleure option de chat en ligne gratuit<\/h2>\n<p>Voici pourquoi StrangerCam est le meilleur choix pour le chat en ligne gratuit en 2025 :<\/p>\n<h3>1. Enti\u00e8rement gratuit<\/h3>\n<p>Pas de frais cach\u00e9s, d'essais ou de syst\u00e8mes de cr\u00e9dit.<\/p>\n<h3>2. Aucune inscription n'est requise<\/h3>\n<p>Restez anonyme et discutez instantan\u00e9ment.<\/p>\n<h3>3. Options texte + vid\u00e9o<\/h3>\n<p>Passez d'un mode \u00e0 l'autre en fonction de votre niveau de confort.<\/p>\n<h3>4. S\u00e9curit\u00e9 et mod\u00e9ration<\/h3>\n<p>De meilleurs outils de s\u00e9curit\u00e9 que les anciens salons de discussion.<\/p>\n<h3>5. Pr\u00eat pour les mobiles et les ordinateurs de bureau<\/h3>\n<p>Optimis\u00e9 pour tous les appareils.<\/p>\n<h3>6. Port\u00e9e mondiale<\/h3>\n<p>Rencontrez des personnes originaires de plus de 100 pays, 24 heures sur 24, 7 jours sur 7.<\/p>\n<h2>T\u00e9moignages d'utilisateurs r\u00e9els<\/h2>\n<blockquote><p>\"J'ai cherch\u00e9 Free Online Chat et j'ai trouv\u00e9 StrangerCam. C'\u00e9tait instantan\u00e9, amusant et j'ai rencontr\u00e9 des gens du monde entier.\"<br \/>\n- Jake, 25 ans<\/p><\/blockquote>\n<blockquote><p>\"J'aime le fait que je n'ai pas besoin de m'inscrire ou de donner des informations personnelles. C'est vraiment gratuit.<br \/>\n- Sophia, 22 ans<\/p><\/blockquote>\n<blockquote><p>\"Il est s\u00fbr et simple. Le bouton \"sauter\" permet de passer facilement \u00e0 autre chose\".<br \/>\n- Ryan, 30 ans<\/p><\/blockquote>\n<blockquote><p>\"Contrairement aux anciens salons de discussion, celui-ci semble moderne et mod\u00e9r\u00e9. Le chat gratuit en ligne fonctionne enfin.<br \/>\n- Emma, 20 ans<\/p><\/blockquote>\n<h2>La psychologie du chat en ligne gratuit<\/h2>\n<p>Pourquoi le chat en ligne gratuit est-il toujours aussi populaire en 2025 ? Il r\u00e9pond \u00e0 trois besoins humains universels :<\/p>\n<ol>\n<li>Gratification imm\u00e9diate : Nous voulons une connexion imm\u00e9diate, sans attente.<\/li>\n<li>Nouveaut\u00e9 : chaque \u00e9tranger est l'occasion d'une nouvelle conversation, ce qui rend les choses passionnantes.<\/li>\n<li>Accessibilit\u00e9 financi\u00e8re : L'ajout du mot \"gratuit\" le rend accessible \u00e0 n'importe qui, n'importe o\u00f9.<\/li>\n<\/ol>\n<p>Cela explique pourquoi le terme reste tr\u00e8s recherch\u00e9 ann\u00e9e apr\u00e8s ann\u00e9e.<\/p>\n<h2>Conseils de s\u00e9curit\u00e9 pour le chat en ligne gratuit<\/h2>\n<p>Bien qu'il soit amusant de discuter en ligne, la s\u00e9curit\u00e9 doit toujours primer :<\/p>\n<ul>\n<li>Ne communiquez jamais d'informations personnelles (t\u00e9l\u00e9phone, adresse, lieu de travail).<\/li>\n<li>\u00c9vitez de cliquer sur des liens provenant d'inconnus.<\/li>\n<li>Utilisez Skip\/Block si quelqu'un vous met mal \u00e0 l'aise.<\/li>\n<li>V\u00e9rifiez l'arri\u00e8re-plan de votre cam\u00e9ra avant de passer \u00e0 l'action.<\/li>\n<li>S'en tenir aux surnoms, pas aux vrais noms.<\/li>\n<li>Respectez les limites d'\u00e2ge : n'utilisez pas le chat pour adultes si vous avez moins de 18 ans.<\/li>\n<\/ul>\n<h2>Comment d\u00e9marrer - \u00e9tape par \u00e9tape<\/h2>\n<p>Il ne faut que quelques secondes pour commencer \u00e0 discuter gratuitement en ligne :<\/p>\n<ol>\n<li>Ouvrez StrangerCam sur votre navigateur ou votre appareil.<\/li>\n<li>Choisissez votre mode de discussion : texte ou vid\u00e9o.<\/li>\n<li>Autoriser l'acc\u00e8s aux cam\u00e9ras\/microphones (pour la vid\u00e9o).<\/li>\n<li>Cliquez sur Start Chat.<\/li>\n<li>Rencontrez de nouvelles personnes instantan\u00e9ment - appuyez sur Suivant \u00e0 tout moment pour changer.<\/li>\n<\/ol>\n<p>En 2025, le chat gratuit en ligne reste l'un des moyens les plus rapides, les plus simples et les plus amusants de rencontrer des gens en ligne. Contrairement aux applications de rencontres ou aux m\u00e9dias sociaux, il est instantan\u00e9, mondial et spontan\u00e9.<\/p>\n<p>Des plates-formes comme StrangerCam le rendent meilleur que jamais : vraiment gratuit, s\u00fbr et rempli de vrais utilisateurs du monde entier. Que vous cherchiez \u00e0 vous faire des amis, \u00e0 vous amuser ou \u00e0 avoir une conversation pour tromper l'ennui, le chat en ligne gratuit est toujours \u00e0 un clic de vous.<\/p>\n<p>Pr\u00eat \u00e0 vous connecter ? Commencez un chat gratuit en ligne d\u00e8s aujourd'hui et d\u00e9couvrez qui vous rencontrerez ensuite.<\/p>","protected":false},"excerpt":{"rendered":"<p>Are you searching for Free Online Chat? You\u2019re not alone. Millions of people every month type those exact words into Google, looking for a quick, safe, and free way to meet new people online. Unlike social networks or dating apps that require lengthy signups, free online chat platforms let you connect instantly\u2014without the hassle. In [&hellip;]<\/p>\n","protected":false},"author":8,"featured_media":0,"parent":0,"menu_order":0,"comment_status":"closed","ping_status":"closed","template":"","meta":{"footnotes":""},"class_list":["post-9038","page","type-page","status-publish","hentry"],"yoast_head":"<!-- This site is optimized with the Yoast SEO plugin v26.9 - https:\/\/yoast.com\/product\/yoast-seo-wordpress\/ -->\n<title>Free Online Chat with Video Chat on Strangercam.com<\/title>\n<meta name=\"description\" content=\"Liking Free Online Chat? Join millions on StrangerCam.com! Start a random video chat, turn on your cam, and meet strangers instantly.\" \/>\n<meta name=\"robots\" content=\"index, follow, max-snippet:-1, max-image-preview:large, max-video-preview:-1\" \/>\n<link rel=\"canonical\" href=\"https:\/\/strangercam.com\/fr\/chat-en-ligne-gratuit\/\" \/>\n<meta property=\"og:locale\" content=\"fr_FR\" \/>\n<meta property=\"og:type\" content=\"article\" \/>\n<meta property=\"og:title\" content=\"Free Online Chat with Video Chat on Strangercam.com\" \/>\n<meta property=\"og:description\" content=\"Liking Free Online Chat? Join millions on StrangerCam.com! Start a random video chat, turn on your cam, and meet strangers instantly.\" \/>\n<meta property=\"og:url\" content=\"https:\/\/strangercam.com\/fr\/chat-en-ligne-gratuit\/\" \/>\n<meta property=\"og:site_name\" content=\"Strangercam\" \/>\n<meta property=\"article:publisher\" content=\"https:\/\/www.facebook.com\/strangercam\" \/>\n<meta property=\"article:modified_time\" content=\"2025-09-29T10:03:57+00:00\" \/>\n<meta property=\"og:image\" content=\"https:\/\/strangercam.com\/wp-content\/uploads\/2021\/10\/Untitled-2.png\" \/>\n\t<meta property=\"og:image:width\" content=\"800\" \/>\n\t<meta property=\"og:image:height\" content=\"532\" \/>\n\t<meta property=\"og:image:type\" content=\"image\/png\" \/>\n<meta name=\"twitter:card\" content=\"summary_large_image\" \/>\n<meta name=\"twitter:site\" content=\"@strangercamapp\" \/>\n<meta name=\"twitter:label1\" content=\"Dur\u00e9e de lecture estim\u00e9e\" \/>\n\t<meta name=\"twitter:data1\" content=\"4 minutes\" \/>\n<script type=\"application\/ld+json\" class=\"yoast-schema-graph\">{\"@context\":\"https:\/\/schema.org\",\"@graph\":[{\"@type\":\"WebPage\",\"@id\":\"https:\/\/strangercam.com\/free-online-chat\/\",\"url\":\"https:\/\/strangercam.com\/free-online-chat\/\",\"name\":\"Free Online Chat with Video Chat on Strangercam.com\",\"isPartOf\":{\"@id\":\"https:\/\/strangercam.com\/#website\"},\"datePublished\":\"2025-09-29T08:37:31+00:00\",\"dateModified\":\"2025-09-29T10:03:57+00:00\",\"description\":\"Liking Free Online Chat? Join millions on StrangerCam.com! Start a random video chat, turn on your cam, and meet strangers instantly.\",\"breadcrumb\":{\"@id\":\"https:\/\/strangercam.com\/free-online-chat\/#breadcrumb\"},\"inLanguage\":\"fr-FR\",\"potentialAction\":[{\"@type\":\"ReadAction\",\"target\":[\"https:\/\/strangercam.com\/free-online-chat\/\"]}]},{\"@type\":\"BreadcrumbList\",\"@id\":\"https:\/\/strangercam.com\/free-online-chat\/#breadcrumb\",\"itemListElement\":[{\"@type\":\"ListItem\",\"position\":1,\"name\":\"Home\",\"item\":\"https:\/\/strangercam.com\/\"},{\"@type\":\"ListItem\",\"position\":2,\"name\":\"Free Online Chat\"}]},{\"@type\":\"WebSite\",\"@id\":\"https:\/\/strangercam.com\/#website\",\"url\":\"https:\/\/strangercam.com\/\",\"name\":\"Strangercam\",\"description\":\"Random Video Chat with Strangers\",\"publisher\":{\"@id\":\"https:\/\/strangercam.com\/#organization\"},\"alternateName\":\"Strangercam.com\",\"potentialAction\":[{\"@type\":\"SearchAction\",\"target\":{\"@type\":\"EntryPoint\",\"urlTemplate\":\"https:\/\/strangercam.com\/?s={search_term_string}\"},\"query-input\":{\"@type\":\"PropertyValueSpecification\",\"valueRequired\":true,\"valueName\":\"search_term_string\"}}],\"inLanguage\":\"fr-FR\"},{\"@type\":\"Organization\",\"@id\":\"https:\/\/strangercam.com\/#organization\",\"name\":\"Strangercam\",\"alternateName\":\"Strangercam.com\",\"url\":\"https:\/\/strangercam.com\/\",\"logo\":{\"@type\":\"ImageObject\",\"inLanguage\":\"fr-FR\",\"@id\":\"https:\/\/strangercam.com\/#\/schema\/logo\/image\/\",\"url\":\"https:\/\/strangercam.com\/wp-content\/uploads\/2020\/11\/cropped-new-favicon-black.png\",\"contentUrl\":\"https:\/\/strangercam.com\/wp-content\/uploads\/2020\/11\/cropped-new-favicon-black.png\",\"width\":512,\"height\":512,\"caption\":\"Strangercam\"},\"image\":{\"@id\":\"https:\/\/strangercam.com\/#\/schema\/logo\/image\/\"},\"sameAs\":[\"https:\/\/www.facebook.com\/strangercam\",\"https:\/\/x.com\/strangercamapp\"]}]}<\/script>\n<!-- \/ Yoast SEO plugin. -->","yoast_head_json":{"title":"Chat en ligne gratuit avec chat vid\u00e9o sur Strangercam.com","description":"Vous aimez le chat en ligne gratuit ? Join millions sur StrangerCam.com ! Commencez un chat vid\u00e9o al\u00e9atoire, allumez votre cam\u00e9ra et rencontrez des inconnus instantan\u00e9ment.","robots":{"index":"index","follow":"follow","max-snippet":"max-snippet:-1","max-image-preview":"max-image-preview:large","max-video-preview":"max-video-preview:-1"},"canonical":"https:\/\/strangercam.com\/fr\/chat-en-ligne-gratuit\/","og_locale":"fr_FR","og_type":"article","og_title":"Free Online Chat with Video Chat on Strangercam.com","og_description":"Liking Free Online Chat? Join millions on StrangerCam.com! Start a random video chat, turn on your cam, and meet strangers instantly.","og_url":"https:\/\/strangercam.com\/fr\/chat-en-ligne-gratuit\/","og_site_name":"Strangercam","article_publisher":"https:\/\/www.facebook.com\/strangercam","article_modified_time":"2025-09-29T10:03:57+00:00","og_image":[{"width":800,"height":532,"url":"https:\/\/strangercam.com\/wp-content\/uploads\/2021\/10\/Untitled-2.png","type":"image\/png"}],"twitter_card":"summary_large_image","twitter_site":"@strangercamapp","twitter_misc":{"Dur\u00e9e de lecture estim\u00e9e":"4 minutes"},"schema":{"@context":"https:\/\/schema.org","@graph":[{"@type":"WebPage","@id":"https:\/\/strangercam.com\/free-online-chat\/","url":"https:\/\/strangercam.com\/free-online-chat\/","name":"Chat en ligne gratuit avec chat vid\u00e9o sur Strangercam.com","isPartOf":{"@id":"https:\/\/strangercam.com\/#website"},"datePublished":"2025-09-29T08:37:31+00:00","dateModified":"2025-09-29T10:03:57+00:00","description":"Vous aimez le chat en ligne gratuit ? Join millions sur StrangerCam.com ! Commencez un chat vid\u00e9o al\u00e9atoire, allumez votre cam\u00e9ra et rencontrez des inconnus instantan\u00e9ment.","breadcrumb":{"@id":"https:\/\/strangercam.com\/free-online-chat\/#breadcrumb"},"inLanguage":"fr-FR","potentialAction":[{"@type":"ReadAction","target":["https:\/\/strangercam.com\/free-online-chat\/"]}]},{"@type":"BreadcrumbList","@id":"https:\/\/strangercam.com\/free-online-chat\/#breadcrumb","itemListElement":[{"@type":"ListItem","position":1,"name":"Home","item":"https:\/\/strangercam.com\/"},{"@type":"ListItem","position":2,"name":"Free Online Chat"}]},{"@type":"WebSite","@id":"https:\/\/strangercam.com\/#website","url":"https:\/\/strangercam.com\/","name":"Strangercam","description":"Chat vid\u00e9o al\u00e9atoire avec des inconnus","publisher":{"@id":"https:\/\/strangercam.com\/#organization"},"alternateName":"Strangercam.com","potentialAction":[{"@type":"SearchAction","target":{"@type":"EntryPoint","urlTemplate":"https:\/\/strangercam.com\/?s={search_term_string}"},"query-input":{"@type":"PropertyValueSpecification","valueRequired":true,"valueName":"search_term_string"}}],"inLanguage":"fr-FR"},{"@type":"Organization","@id":"https:\/\/strangercam.com\/#organization","name":"Strangercam","alternateName":"Strangercam.com","url":"https:\/\/strangercam.com\/","logo":{"@type":"ImageObject","inLanguage":"fr-FR","@id":"https:\/\/strangercam.com\/#\/schema\/logo\/image\/","url":"https:\/\/strangercam.com\/wp-content\/uploads\/2020\/11\/cropped-new-favicon-black.png","contentUrl":"https:\/\/strangercam.com\/wp-content\/uploads\/2020\/11\/cropped-new-favicon-black.png","width":512,"height":512,"caption":"Strangercam"},"image":{"@id":"https:\/\/strangercam.com\/#\/schema\/logo\/image\/"},"sameAs":["https:\/\/www.facebook.com\/strangercam","https:\/\/x.com\/strangercamapp"]}]}},"_links":{"self":[{"href":"https:\/\/strangercam.com\/fr\/wp-json\/wp\/v2\/pages\/9038","targetHints":{"allow":["GET"]}}],"collection":[{"href":"https:\/\/strangercam.com\/fr\/wp-json\/wp\/v2\/pages"}],"about":[{"href":"https:\/\/strangercam.com\/fr\/wp-json\/wp\/v2\/types\/page"}],"author":[{"embeddable":true,"href":"https:\/\/strangercam.com\/fr\/wp-json\/wp\/v2\/users\/8"}],"replies":[{"embeddable":true,"href":"https:\/\/strangercam.com\/fr\/wp-json\/wp\/v2\/comments?post=9038"}],"version-history":[{"count":2,"href":"https:\/\/strangercam.com\/fr\/wp-json\/wp\/v2\/pages\/9038\/revisions"}],"predecessor-version":[{"id":13049,"href":"https:\/\/strangercam.com\/fr\/wp-json\/wp\/v2\/pages\/9038\/revisions\/13049"}],"wp:attachment":[{"href":"https:\/\/strangercam.com\/fr\/wp-json\/wp\/v2\/media?parent=9038"}],"curies":[{"name":"wp","href":"https:\/\/api.w.org\/{rel}","templated":true}]}}