{"id":881,"date":"2020-12-02T19:15:37","date_gmt":"2020-12-02T17:15:37","guid":{"rendered":"https:\/\/strangercam.com\/?page_id=881"},"modified":"2023-08-21T12:34:45","modified_gmt":"2023-08-21T10:34:45","slug":"ometv","status":"publish","type":"page","link":"https:\/\/strangercam.com\/fr\/ometv\/","title":{"rendered":"OmeTV"},"content":{"rendered":"<p>OmeTV est un <a href=\"https:\/\/strangercam.com\/fr\/rabbit-video-chat\/\">vid\u00e9o<\/a> <a href=\"https:\/\/strangercam.com\/fr\/chatroulette\/\">chat<\/a> site web et application permettant de parler \u00e0 des inconnus. Ce site vous permet de parler \u00e0 n'importe quel inconnu en cliquant simplement sur un bouton. Le site web affirme qu'il s'agit de la meilleure alternative au <a href=\"https:\/\/strangercam.com\/fr\/omegle\/\">Omegle<\/a> Tv. L'application pour OmeTv est disponible pour Android et iOS.<\/p>\n<p>De jour comme de nuit, peu importe que vous souhaitiez chatter, OmeTv est l\u00e0 pour vous offrir de nombreuses possibilit\u00e9s. Environ 10 millions de personnes sont inscrites sur OmeTv. Vous pouvez chatter librement avec ces personnes. La plateforme vous permet \u00e9galement de s\u00e9lectionner et de choisir parmi des millions de personnes.<\/p>\n<p>Leur seul but est de rendre les gens <a href=\"https:\/\/strangercam.com\/fr\/coomeet\/\">rencontrer<\/a> de plus en plus de gens ; ils peuvent prendre un caf\u00e9 virtuellement depuis le confort de leur maison ou partager leurs sentiments avec eux. En utilisant cette application, vous ne vous sentirez jamais seul. Elle vous permet de vous faire de nouveaux amis.<\/p>\n<h3>Limite d'\u00e2ge pour le OmeTV - Respect\u00e9e ou ignor\u00e9e ?<\/h3>\n<p>L'un des aspects les plus troublants de l'application est que, bien qu'elle indique que l'utilisateur doit \u00eatre \u00e2g\u00e9 de plus de 18 ans, aucune v\u00e9rification n'est effectu\u00e9e pour valider cette information. Il s'av\u00e8re que l'application a \u00e9t\u00e9 utilis\u00e9e par de nombreux adolescents de moins de 18 ans.<\/p>\n<p>Vous n'avez pas besoin d'un compte sur OmeTv ; il vous suffit de vous connecter via Facebook, et vous \u00eates pr\u00eat \u00e0 discuter avec un inconnu.<\/p>\n<h3>Qu'est-ce qui peut vous faire bannir ?<\/h3>\n<p>L'application est assortie de plusieurs restrictions. Si vous effectuez les actions mentionn\u00e9es ci-dessous, vous risquez d'\u00eatre banni.<\/p>\n<ul>\n<li style=\"font-weight: 400;\" aria-level=\"1\">Demande d'acc\u00e8s \u00e0 des services virtuels <a href=\"https:\/\/strangercam.com\/fr\/shagle\/\">sexe<\/a> ou la nudit\u00e9.<\/li>\n<li style=\"font-weight: 400;\" aria-level=\"1\">Affichage d'images et de vid\u00e9os choquantes.<\/li>\n<li style=\"font-weight: 400;\" aria-level=\"1\">Activit\u00e9s irrespectueuses telles que la vulgarit\u00e9, les insultes contre la religion ou la race, les commentaires d\u00e9pressifs, etc.<\/li>\n<li style=\"font-weight: 400;\" aria-level=\"1\">Le spamming n'est pas autoris\u00e9. L'application vous interdit de partager des liens vers d'autres sites web.<\/li>\n<\/ul>\n<h3>Conditions g\u00e9n\u00e9rales d'utilisation<\/h3>\n<p>OmeTv a clairement indiqu\u00e9 qu'il pouvait utiliser votre vid\u00e9o n'importe o\u00f9. Selon leurs conditions g\u00e9n\u00e9rales, vous pouvez conserver les droits d'auteur, mais vous n'avez aucun droit de regard sur le contenu de vos vid\u00e9os et sur l'endroit o\u00f9 elles seront diffus\u00e9es.<\/p>\n<p>OmeTv n'est pas pr\u00eat \u00e0 accepter la moindre responsabilit\u00e9. Elle affirme que les utilisateurs sont les seuls responsables de tout ce qui pourrait mal se passer.<\/p>\n<h3>Politique de confidentialit\u00e9<\/h3>\n<p>L'entreprise s'engage \u00e0 prot\u00e9ger vos informations personnelles et \u00e0 sauvegarder le droit \u00e0 la vie priv\u00e9e. La vie priv\u00e9e est un droit fondamental de tout \u00eatre humain. La violation de ce droit entra\u00eene de nombreuses complications. Pour \u00e9viter de telles difficult\u00e9s, OmeTv a mis au point une strat\u00e9gie stricte d\u00e8s le premier jour.<\/p>\n<p>Le site web est responsable du traitement de vos donn\u00e9es dans la mesure o\u00f9 il agit en tant que responsable du traitement. Il peut avoir besoin d'informations de base telles que votre photo de profil, votre nom, votre num\u00e9ro de t\u00e9l\u00e9phone, votre adresse et votre fuseau horaire lorsque vous cr\u00e9ez un profil \u00e0 partir d'un compte de m\u00e9dia social.<\/p>\n<p>Le site web n'a pas l'intention d'obtenir d'autres informations ou d'acc\u00e9der \u00e0 vos donn\u00e9es. Il le fait m\u00eame pour faciliter votre exp\u00e9rience sur le site.<\/p>\n<p>Vos informations personnelles peuvent \u00eatre partag\u00e9es avec les personnes suivantes ;<\/p>\n<ul>\n<li style=\"font-weight: 400;\" aria-level=\"1\">Parce qu'il s'agit d'une application de rencontre, vos informations personnelles telles que votre nom, votre \u00e2ge, votre sexe, votre localisation, vos images publiques peuvent \u00eatre visibles par les autres utilisateurs.<\/li>\n<li style=\"font-weight: 400;\" aria-level=\"1\">Le site web peut divulguer vos informations et donn\u00e9es personnelles aux assureurs. Ces donn\u00e9es peuvent \u00e9galement \u00eatre partag\u00e9es avec des banques et des conseillers professionnels pour la couverture des montants d'assurance et la gestion des co\u00fbts.<\/li>\n<li style=\"font-weight: 400;\" aria-level=\"1\">Vos donn\u00e9es de transaction seront partag\u00e9es avec les fournisseurs de paiement du site web tels que Google, PayPal, Interkassa, SecurionPay, Apple et SMSBILL.<\/li>\n<\/ul>\n<h3>Autres probl\u00e8mes<\/h3>\n<p>Certaines fonctionnalit\u00e9s de l'application posent probl\u00e8me. Elle dispose d'un mode espion qui permet \u00e0 une tierce personne d'\u00e9couter une conversation priv\u00e9e. La cam\u00e9ra espionne repr\u00e9sente un risque consid\u00e9rable pour la vie priv\u00e9e de tout individu. Comme elle est anonyme, elle peut faire ressortir ce qu'il y a de pire chez les gens. Elle peut m\u00eame \u00eatre utilis\u00e9e \u00e0 des fins de chantage.<\/p>\n<p>En outre, seules quelques dizaines de mod\u00e9rateurs v\u00e9rifient le contenu. Ils ne sont pas assez nombreux pour d\u00e9tecter si un trafic massif de 10 millions de personnes est s\u00fbr. On dit souvent que plus le trafic est important, mieux c'est pour les sites de rencontres. Mais il est \u00e9galement difficile de g\u00e9rer ce trafic. De nombreux pirates et criminels peuvent \u00e9galement rejoindre la plateforme en raison du manque de contr\u00f4le et d'\u00e9quilibre.<\/p>\n<p>Les restrictions 18+ semblent \u00eatre absentes du site. De nombreux adolescents de moins de 18 ans ont rejoint le site. Ils sont tous expos\u00e9s au monde ext\u00e9rieur. Cela peut \u00eatre dangereux pour eux, car il est facile de manipuler les enfants \u00e0 cet \u00e2ge.<\/p>\n<h3>Avis de Trustpilot<\/h3>\n<p>De nombreuses personnes sur Trustpilot se sont plaintes d'avoir \u00e9t\u00e9 bannies \u00e0 cause des actions d'autres personnes. De plus, pour vous d\u00e9barrasser de votre bannissement, ils vous demandent de faire des dons. Cela montre la nature louche de l'entreprise.<\/p>\n<p>Mais il y a toujours une autre version de l'histoire. Vous pouvez utiliser le site web pour la d\u00e9couvrir vous-m\u00eame !<\/p>\n<h3>Proc\u00e9dure de plainte<\/h3>\n<p>Vous n'\u00eates pas seul !<\/p>\n<p>OmeTv est un lieu s\u00fbr pour tous. Si quelque chose ou quelqu'un vous d\u00e9range, vous pouvez vous en plaindre aupr\u00e8s des responsables. Cette fonction a \u00e9t\u00e9 introduite pour que les gens se sentent en s\u00e9curit\u00e9 lorsqu'ils utilisent OmeTv.<\/p>\n<p>Vous pouvez d\u00e9poser une plainte contre tout utilisateur qui, selon vous, enfreint les r\u00e8gles de la plateforme. Pour rendre votre plainte plus efficace, vous pouvez joindre des captures d'\u00e9cran de la discussion et d'autres informations connexes afin de permettre aux autorit\u00e9s de trouver, d'identifier et de r\u00e9soudre plus facilement le probl\u00e8me.<\/p>\n<p>Si un trop grand nombre de plaintes est re\u00e7u contre un utilisateur, le site web lui interdira automatiquement d'utiliser ses services. Cette mesure vise \u00e0 garantir la s\u00e9curit\u00e9 des autres utilisateurs. Mais avant de prendre toute mesure s\u00e9rieuse, tout est analys\u00e9 avec soin.<\/p>\n<h3>L'utiliser ou non ?<\/h3>\n<p>Nous pensons que la vie priv\u00e9e des utilisateurs doit \u00eatre une priorit\u00e9. Si ce n'est pas le cas, elle doit au moins \u00eatre respect\u00e9e !<\/p>\n<p>Mais il semble qu'OmeTv ne soit pas dispos\u00e9 \u00e0 le faire. Il est mentionn\u00e9 dans leur politique de confidentialit\u00e9 qu'ils peuvent partager vos donn\u00e9es avec des tiers. Compromettre vos donn\u00e9es n'est pas une option. C'est pourquoi il est pr\u00e9f\u00e9rable de l'\u00e9viter.<\/p>\n<p>Au lieu de cela, vous pouvez utiliser <a href=\"https:\/\/strangercam.com\/fr\/\">Strangercam<\/a>. Il s'agit d'un salon de discussion vid\u00e9o en ligne plus performant et plus fiable. Vous pouvez rencontrer de nouvelles personnes et discuter avec elles. Et ne vous inqui\u00e9tez pas pour vos donn\u00e9es et votre vie priv\u00e9e car stangercam offre une s\u00e9curit\u00e9 maximale et prot\u00e8ge vos donn\u00e9es.<\/p>\n<h3>Conclusion<\/h3>\n<p>De nombreuses questions se posent \u00e0 propos de ce site web. Il a \u00e9t\u00e9 dit que <a href=\"https:\/\/play.google.com\/\">Google Play<\/a>\u00a0et l'App Store devraient filtrer ces applications. Ils ne devraient pas autoriser l'ajout sur leurs plateformes d'applications qui ne valident pas correctement l'\u00e2ge et qui ne disposent pas d'un contr\u00f4le parental.<\/p>\n<p>L'am\u00e9lioration de leur politique de confidentialit\u00e9 peut renforcer leur cr\u00e9dibilit\u00e9. Mais pour l'instant, il existe d'autres options plus s\u00fbres sur le march\u00e9.<\/p>","protected":false},"excerpt":{"rendered":"<p>OmeTV is a video chat website and app using which you can talk to strangers. This website allows you to talk to any random stranger with just a click of a button. The website says that it is the best alternative to Omegle Tv. The app for OmeTv is available for android and iOS. Day [&hellip;]<\/p>\n","protected":false},"author":6,"featured_media":559,"parent":0,"menu_order":0,"comment_status":"closed","ping_status":"closed","template":"","meta":{"footnotes":""},"class_list":["post-881","page","type-page","status-publish","has-post-thumbnail","hentry"],"yoast_head":"<!-- This site is optimized with the Yoast SEO plugin v27.4 - https:\/\/yoast.com\/product\/yoast-seo-wordpress\/ -->\n<title>OmeTV - Omegle Random Chat Alternative on StrangerCam.com<\/title>\n<meta name=\"description\" content=\"Like OmeTV? Come chat with more than 5.000.000 strangers on Stranger Cam for Free! Turn on your cam and find new friends &amp; maby a match!\" \/>\n<meta name=\"robots\" content=\"index, follow, max-snippet:-1, max-image-preview:large, max-video-preview:-1\" \/>\n<link rel=\"canonical\" href=\"https:\/\/strangercam.com\/fr\/ometv\/\" \/>\n<meta property=\"og:locale\" content=\"fr_FR\" \/>\n<meta property=\"og:type\" content=\"article\" \/>\n<meta property=\"og:title\" content=\"OmeTV - Omegle Random Chat Alternative on StrangerCam.com\" \/>\n<meta property=\"og:description\" content=\"Like OmeTV? Come chat with more than 5.000.000 strangers on Stranger Cam for Free! Turn on your cam and find new friends &amp; maby a match!\" \/>\n<meta property=\"og:url\" content=\"https:\/\/strangercam.com\/fr\/ometv\/\" \/>\n<meta property=\"og:site_name\" content=\"Strangercam\" \/>\n<meta property=\"article:publisher\" content=\"https:\/\/www.facebook.com\/strangercam\" \/>\n<meta property=\"article:modified_time\" content=\"2023-08-21T10:34:45+00:00\" \/>\n<meta property=\"og:image\" content=\"https:\/\/strangercam.com\/wp-content\/uploads\/2020\/11\/stranger-cam-1.png\" \/>\n\t<meta property=\"og:image:width\" content=\"800\" \/>\n\t<meta property=\"og:image:height\" content=\"800\" \/>\n\t<meta property=\"og:image:type\" content=\"image\/png\" \/>\n<meta name=\"twitter:card\" content=\"summary_large_image\" \/>\n<meta name=\"twitter:site\" content=\"@strangercamapp\" \/>\n<meta name=\"twitter:label1\" content=\"Dur\u00e9e de lecture estim\u00e9e\" \/>\n\t<meta name=\"twitter:data1\" content=\"5 minutes\" \/>\n<script type=\"application\/ld+json\" class=\"yoast-schema-graph\">{\"@context\":\"https:\\\/\\\/schema.org\",\"@graph\":[{\"@type\":\"WebPage\",\"@id\":\"https:\\\/\\\/strangercam.com\\\/ometv\\\/\",\"url\":\"https:\\\/\\\/strangercam.com\\\/ometv\\\/\",\"name\":\"OmeTV - Omegle Random Chat Alternative on StrangerCam.com\",\"isPartOf\":{\"@id\":\"https:\\\/\\\/strangercam.com\\\/#website\"},\"primaryImageOfPage\":{\"@id\":\"https:\\\/\\\/strangercam.com\\\/ometv\\\/#primaryimage\"},\"image\":{\"@id\":\"https:\\\/\\\/strangercam.com\\\/ometv\\\/#primaryimage\"},\"thumbnailUrl\":\"https:\\\/\\\/strangercam.com\\\/wp-content\\\/uploads\\\/2020\\\/11\\\/stranger-cam-1.png\",\"datePublished\":\"2020-12-02T17:15:37+00:00\",\"dateModified\":\"2023-08-21T10:34:45+00:00\",\"description\":\"Like OmeTV? Come chat with more than 5.000.000 strangers on Stranger Cam for Free! Turn on your cam and find new friends & maby a match!\",\"breadcrumb\":{\"@id\":\"https:\\\/\\\/strangercam.com\\\/ometv\\\/#breadcrumb\"},\"inLanguage\":\"fr-FR\",\"potentialAction\":[{\"@type\":\"ReadAction\",\"target\":[\"https:\\\/\\\/strangercam.com\\\/ometv\\\/\"]}]},{\"@type\":\"ImageObject\",\"inLanguage\":\"fr-FR\",\"@id\":\"https:\\\/\\\/strangercam.com\\\/ometv\\\/#primaryimage\",\"url\":\"https:\\\/\\\/strangercam.com\\\/wp-content\\\/uploads\\\/2020\\\/11\\\/stranger-cam-1.png\",\"contentUrl\":\"https:\\\/\\\/strangercam.com\\\/wp-content\\\/uploads\\\/2020\\\/11\\\/stranger-cam-1.png\",\"width\":800,\"height\":800,\"caption\":\"stranger cam random video chat\"},{\"@type\":\"BreadcrumbList\",\"@id\":\"https:\\\/\\\/strangercam.com\\\/ometv\\\/#breadcrumb\",\"itemListElement\":[{\"@type\":\"ListItem\",\"position\":1,\"name\":\"Home\",\"item\":\"https:\\\/\\\/strangercam.com\\\/\"},{\"@type\":\"ListItem\",\"position\":2,\"name\":\"OmeTV\"}]},{\"@type\":\"WebSite\",\"@id\":\"https:\\\/\\\/strangercam.com\\\/#website\",\"url\":\"https:\\\/\\\/strangercam.com\\\/\",\"name\":\"Strangercam\",\"description\":\"Random Video Chat with Strangers\",\"publisher\":{\"@id\":\"https:\\\/\\\/strangercam.com\\\/#organization\"},\"alternateName\":\"Strangercam.com\",\"potentialAction\":[{\"@type\":\"SearchAction\",\"target\":{\"@type\":\"EntryPoint\",\"urlTemplate\":\"https:\\\/\\\/strangercam.com\\\/?s={search_term_string}\"},\"query-input\":{\"@type\":\"PropertyValueSpecification\",\"valueRequired\":true,\"valueName\":\"search_term_string\"}}],\"inLanguage\":\"fr-FR\"},{\"@type\":\"Organization\",\"@id\":\"https:\\\/\\\/strangercam.com\\\/#organization\",\"name\":\"Strangercam\",\"alternateName\":\"Strangercam.com\",\"url\":\"https:\\\/\\\/strangercam.com\\\/\",\"logo\":{\"@type\":\"ImageObject\",\"inLanguage\":\"fr-FR\",\"@id\":\"https:\\\/\\\/strangercam.com\\\/#\\\/schema\\\/logo\\\/image\\\/\",\"url\":\"https:\\\/\\\/strangercam.com\\\/wp-content\\\/uploads\\\/2020\\\/11\\\/cropped-new-favicon-black.png\",\"contentUrl\":\"https:\\\/\\\/strangercam.com\\\/wp-content\\\/uploads\\\/2020\\\/11\\\/cropped-new-favicon-black.png\",\"width\":512,\"height\":512,\"caption\":\"Strangercam\"},\"image\":{\"@id\":\"https:\\\/\\\/strangercam.com\\\/#\\\/schema\\\/logo\\\/image\\\/\"},\"sameAs\":[\"https:\\\/\\\/www.facebook.com\\\/strangercam\",\"https:\\\/\\\/x.com\\\/strangercamapp\"]}]}<\/script>\n<!-- \/ Yoast SEO plugin. -->","yoast_head_json":{"title":"OmeTV - Omegle Random Chat Alternative sur StrangerCam.com","description":"Vous aimez OmeTV ? Venez discuter avec plus de 5.000.000 d'inconnus sur Stranger Cam gratuitement ! Allume ta cam\u00e9ra et trouve de nouveaux amis et peut-\u00eatre un partenaire !","robots":{"index":"index","follow":"follow","max-snippet":"max-snippet:-1","max-image-preview":"max-image-preview:large","max-video-preview":"max-video-preview:-1"},"canonical":"https:\/\/strangercam.com\/fr\/ometv\/","og_locale":"fr_FR","og_type":"article","og_title":"OmeTV - Omegle Random Chat Alternative on StrangerCam.com","og_description":"Like OmeTV? Come chat with more than 5.000.000 strangers on Stranger Cam for Free! Turn on your cam and find new friends & maby a match!","og_url":"https:\/\/strangercam.com\/fr\/ometv\/","og_site_name":"Strangercam","article_publisher":"https:\/\/www.facebook.com\/strangercam","article_modified_time":"2023-08-21T10:34:45+00:00","og_image":[{"width":800,"height":800,"url":"https:\/\/strangercam.com\/wp-content\/uploads\/2020\/11\/stranger-cam-1.png","type":"image\/png"}],"twitter_card":"summary_large_image","twitter_site":"@strangercamapp","twitter_misc":{"Dur\u00e9e de lecture estim\u00e9e":"5 minutes"},"schema":{"@context":"https:\/\/schema.org","@graph":[{"@type":"WebPage","@id":"https:\/\/strangercam.com\/ometv\/","url":"https:\/\/strangercam.com\/ometv\/","name":"OmeTV - Omegle Random Chat Alternative sur StrangerCam.com","isPartOf":{"@id":"https:\/\/strangercam.com\/#website"},"primaryImageOfPage":{"@id":"https:\/\/strangercam.com\/ometv\/#primaryimage"},"image":{"@id":"https:\/\/strangercam.com\/ometv\/#primaryimage"},"thumbnailUrl":"https:\/\/strangercam.com\/wp-content\/uploads\/2020\/11\/stranger-cam-1.png","datePublished":"2020-12-02T17:15:37+00:00","dateModified":"2023-08-21T10:34:45+00:00","description":"Vous aimez OmeTV ? Venez discuter avec plus de 5.000.000 d'inconnus sur Stranger Cam gratuitement ! Allume ta cam\u00e9ra et trouve de nouveaux amis et peut-\u00eatre un partenaire !","breadcrumb":{"@id":"https:\/\/strangercam.com\/ometv\/#breadcrumb"},"inLanguage":"fr-FR","potentialAction":[{"@type":"ReadAction","target":["https:\/\/strangercam.com\/ometv\/"]}]},{"@type":"ImageObject","inLanguage":"fr-FR","@id":"https:\/\/strangercam.com\/ometv\/#primaryimage","url":"https:\/\/strangercam.com\/wp-content\/uploads\/2020\/11\/stranger-cam-1.png","contentUrl":"https:\/\/strangercam.com\/wp-content\/uploads\/2020\/11\/stranger-cam-1.png","width":800,"height":800,"caption":"stranger cam random video chat"},{"@type":"BreadcrumbList","@id":"https:\/\/strangercam.com\/ometv\/#breadcrumb","itemListElement":[{"@type":"ListItem","position":1,"name":"Home","item":"https:\/\/strangercam.com\/"},{"@type":"ListItem","position":2,"name":"OmeTV"}]},{"@type":"WebSite","@id":"https:\/\/strangercam.com\/#website","url":"https:\/\/strangercam.com\/","name":"Strangercam","description":"Chat vid\u00e9o al\u00e9atoire avec des inconnus","publisher":{"@id":"https:\/\/strangercam.com\/#organization"},"alternateName":"Strangercam.com","potentialAction":[{"@type":"SearchAction","target":{"@type":"EntryPoint","urlTemplate":"https:\/\/strangercam.com\/?s={search_term_string}"},"query-input":{"@type":"PropertyValueSpecification","valueRequired":true,"valueName":"search_term_string"}}],"inLanguage":"fr-FR"},{"@type":"Organization","@id":"https:\/\/strangercam.com\/#organization","name":"Strangercam","alternateName":"Strangercam.com","url":"https:\/\/strangercam.com\/","logo":{"@type":"ImageObject","inLanguage":"fr-FR","@id":"https:\/\/strangercam.com\/#\/schema\/logo\/image\/","url":"https:\/\/strangercam.com\/wp-content\/uploads\/2020\/11\/cropped-new-favicon-black.png","contentUrl":"https:\/\/strangercam.com\/wp-content\/uploads\/2020\/11\/cropped-new-favicon-black.png","width":512,"height":512,"caption":"Strangercam"},"image":{"@id":"https:\/\/strangercam.com\/#\/schema\/logo\/image\/"},"sameAs":["https:\/\/www.facebook.com\/strangercam","https:\/\/x.com\/strangercamapp"]}]}},"_links":{"self":[{"href":"https:\/\/strangercam.com\/fr\/wp-json\/wp\/v2\/pages\/881","targetHints":{"allow":["GET"]}}],"collection":[{"href":"https:\/\/strangercam.com\/fr\/wp-json\/wp\/v2\/pages"}],"about":[{"href":"https:\/\/strangercam.com\/fr\/wp-json\/wp\/v2\/types\/page"}],"author":[{"embeddable":true,"href":"https:\/\/strangercam.com\/fr\/wp-json\/wp\/v2\/users\/6"}],"replies":[{"embeddable":true,"href":"https:\/\/strangercam.com\/fr\/wp-json\/wp\/v2\/comments?post=881"}],"version-history":[{"count":0,"href":"https:\/\/strangercam.com\/fr\/wp-json\/wp\/v2\/pages\/881\/revisions"}],"wp:featuredmedia":[{"embeddable":true,"href":"https:\/\/strangercam.com\/fr\/wp-json\/wp\/v2\/media\/559"}],"wp:attachment":[{"href":"https:\/\/strangercam.com\/fr\/wp-json\/wp\/v2\/media?parent=881"}],"curies":[{"name":"wp","href":"https:\/\/api.w.org\/{rel}","templated":true}]}}