{"id":8708,"date":"2021-10-27T09:29:55","date_gmt":"2021-10-27T07:29:55","guid":{"rendered":"https:\/\/strangercam.com\/?page_id=8708"},"modified":"2025-02-04T09:47:53","modified_gmt":"2025-02-04T07:47:53","slug":"mocospace","status":"publish","type":"page","link":"https:\/\/strangercam.com\/fr\/mocospace\/","title":{"rendered":"MocoSpace"},"content":{"rendered":"<p>Vous cherchez une plateforme sociale o\u00f9 vous pouvez \u00e0 la fois <a href=\"https:\/\/strangercam.com\/fr\/chatroulette\/\">chat<\/a> avec des amis et de jouer \u00e0 des jeux d\u00e9contract\u00e9s en d\u00e9placement ? MocoSpace pourrait bien \u00eatre la solution id\u00e9ale. En combinant des fonctions communautaires avec une exp\u00e9rience de jeu int\u00e9gr\u00e9e, MocoSpace se d\u00e9marque des applications de chat et de r\u00e9seau social traditionnelles. Nous allons explorer ci-dessous les principales fonctionnalit\u00e9s de MocoSpace, son fonctionnement et ce qui en fait un lieu de rencontre en ligne dynamique.<\/p>\n<h2>Qu'est-ce que le MocoSpace ?<\/h2>\n<p>MocoSpace est une entreprise de t\u00e9l\u00e9phonie mobile. <strong>plateforme de r\u00e9seaux sociaux<\/strong> qui offre :<\/p>\n<ul>\n<li><strong>Salons de discussion et forums<\/strong>: <a href=\"https:\/\/strangercam.com\/fr\/coomeet\/\">Rencontrer<\/a> de nouvelles personnes ou de retrouver des amis dans des espaces de discussion th\u00e9matiques.<\/li>\n<li><strong>Jeux sociaux<\/strong>: Profitez d'une gamme de jeux d\u00e9contract\u00e9s, bas\u00e9s sur le navigateur, parfaits pour un divertissement rapide.<\/li>\n<li><strong>Profils des utilisateurs<\/strong>: Personnalisez votre espace avec des photos, des statuts et des informations personnelles.<\/li>\n<li><strong>Fonctions d'ami et de suiveur<\/strong>: Entrez en contact avec des personnes du monde entier ou d\u00e9veloppez un cercle d'amis proches en ligne.<\/li>\n<\/ul>\n<p>Con\u00e7u pour \u00eatre l\u00e9ger et convivial, le MocoSpace fonctionne sans probl\u00e8me sur diff\u00e9rents appareils, ce qui vous permet de vous connecter o\u00f9 que vous soyez.<\/p>\n<h2>Caract\u00e9ristiques principales<\/h2>\n<h3>1. Salles de chat et messagerie<\/h3>\n<p>Au c\u0153ur de MocoSpace se trouve la fonction de chat :<\/p>\n<ul>\n<li><strong>Salons de discussion en groupe<\/strong>: Rejoignez des chats th\u00e9matiques (sports, films ou m\u00eame rencontres locales) pour trouver des utilisateurs partageant les m\u00eames id\u00e9es.<\/li>\n<li><strong>Messagerie priv\u00e9e<\/strong>: \u00c9changez des messages personnels avec vos amis ou de nouveaux contacts sans quitter la plateforme.<\/li>\n<li><strong><a href=\"https:\/\/strangercam.com\/fr\/rabbit-video-chat\/\">Vid\u00e9o<\/a> et la voix (limit\u00e9e)<\/strong>: Certaines fonctionnalit\u00e9s permettent d'envoyer de brefs messages vocaux ou des vid\u00e9os, ce qui rend les conversations plus personnelles.<\/li>\n<\/ul>\n<h3>2. Jeux sociaux<\/h3>\n<p>MocoSpace accueille une vari\u00e9t\u00e9 de <strong>Jeux bas\u00e9s sur HTML5<\/strong> vous pouvez jouer en solo ou en comp\u00e9tition :<\/p>\n<ul>\n<li><strong>Les classiques de l'arcade<\/strong>: Des jeux simples, de style r\u00e9tro, parfaits pour des pauses rapides.<\/li>\n<li><strong>Strat\u00e9gie et jeu de r\u00f4le<\/strong>: Cr\u00e9ez des alliances, d\u00e9veloppez des royaumes virtuels et faites \u00e9quipe avec vos amis.<\/li>\n<li><strong>Classements<\/strong>: Suivez votre progression et affrontez les autres joueurs de votre r\u00e9seau.<\/li>\n<\/ul>\n<h3>3. Personnalisation du profil<\/h3>\n<p>Votre profil MocoSpace agit comme un mini-site personnel :<\/p>\n<ul>\n<li><strong>T\u00e9l\u00e9chargement de photos<\/strong>: Cr\u00e9ez des albums pour pr\u00e9senter les moments forts de votre vie.<\/li>\n<li><strong>Bio et mises \u00e0 jour du statut<\/strong>: Faites savoir aux autres ce que vous \u00eates en train de faire ou votre humeur du moment.<\/li>\n<li><strong>Th\u00e8mes et habillages<\/strong>: Personnalisez l'apparence de votre page pour vous d\u00e9marquer.<\/li>\n<\/ul>\n<h3>4. Caract\u00e9ristiques de la communaut\u00e9<\/h3>\n<p>MocoSpace int\u00e8gre des \u00e9l\u00e9ments sociaux qui aident les utilisateurs \u00e0 se connecter plus profond\u00e9ment :<\/p>\n<ul>\n<li><strong>Amis et suiveurs<\/strong>: D\u00e9veloppez votre r\u00e9seau en ajoutant des utilisateurs ou en suivant des profils qui partagent vos int\u00e9r\u00eats.<\/li>\n<li><strong>Forums et groupes<\/strong>: Discutez de sujets d'actualit\u00e9 ou d'int\u00e9r\u00eats de niche avec des communaut\u00e9s d\u00e9di\u00e9es.<\/li>\n<li><strong>Notifications<\/strong>: Restez inform\u00e9 des demandes d'amis, des invitations de groupe et des d\u00e9fis de jeu.<\/li>\n<\/ul>\n<h2>Comment fonctionne le MocoSpace<\/h2>\n<h3>1. Inscription rapide<\/h3>\n<p>Vous pouvez cr\u00e9er un compte MocoSpace en utilisant :<\/p>\n<ul>\n<li><strong>Courriel<\/strong>: Un enregistrement standard, \u00e9tape par \u00e9tape.<\/li>\n<li><strong>Facebook\/Google<\/strong>: Options de connexion rapide pour relier vos comptes de m\u00e9dias sociaux.<\/li>\n<\/ul>\n<p>Une fois inscrit, vous pouvez modifier les d\u00e9tails de votre profil et s\u00e9lectionner vos centres d'int\u00e9r\u00eat en mati\u00e8re de jeux ou vos salles de chat pr\u00e9f\u00e9r\u00e9es pour commencer.<\/p>\n<h3>2. Trouver des amis et s'amuser<\/h3>\n<p>L'un des principaux attraits de MocoSpace est la facilit\u00e9 avec laquelle vous pouvez <strong>rencontrer de nouvelles personnes<\/strong>:<\/p>\n<ul>\n<li>Recherchez des utilisateurs en fonction de leur \u00e2ge, de leur localisation ou de leurs centres d'int\u00e9r\u00eat communs.<\/li>\n<li>Participez \u00e0 des salons de discussion ouverts sur la musique, les films, les jeux et bien plus encore.<\/li>\n<li>Rejoignez des lobbies de jeu pour trouver des partenaires de jeu et vous battre pour obtenir les meilleurs scores.<\/li>\n<\/ul>\n<h3>3. Mont\u00e9e en niveau par le jeu<\/h3>\n<p>Nombreux <strong>Jeux MocoSpace<\/strong> vous r\u00e9compenser par des points et des badges :<\/p>\n<ul>\n<li>Gagnez de la monnaie dans le jeu pour acheter des am\u00e9liorations ou des bonus.<\/li>\n<li>Profitez des bonus li\u00e9s aux \u00e9v\u00e9nements ou des d\u00e9fis \u00e0 dur\u00e9e limit\u00e9e.<\/li>\n<li>Montez dans les classements pour montrer vos prouesses de joueur.<\/li>\n<\/ul>\n<h2>S\u00e9curit\u00e9 et mod\u00e9ration<\/h2>\n<p>Comme tout r\u00e9seau en ligne, MocoSpace r\u00e9pond aux pr\u00e9occupations potentielles concernant la vie priv\u00e9e et la conduite :<\/p>\n<ul>\n<li><strong>Outils de blocage et de rapport<\/strong>: Supprimez rapidement les interactions ind\u00e9sirables ou signalez les comptes suspects.<\/li>\n<li><strong>Lignes directrices communautaires<\/strong>: Des r\u00e8gles claires pour un comportement acceptable, avec la possibilit\u00e9 de suspendre le compte en cas de violation.<\/li>\n<li><strong>Contr\u00f4les de confidentialit\u00e9 du profil<\/strong>: Limitez les personnes qui peuvent voir vos photos, vos messages ou vos invitations \u00e0 discuter.<\/li>\n<\/ul>\n<h2>Mon\u00e9tisation et fonctionnalit\u00e9s Premium<\/h2>\n<p>MocoSpace est <strong><a href=\"https:\/\/strangercam.com\/fr\/chat4free\/\">gratuit<\/a> pour adh\u00e9rer<\/strong> et d'utilisation, mais la plateforme propose \u00e9galement des mises \u00e0 jour optionnelles payantes :<\/p>\n<ul>\n<li><strong>Monnaie virtuelle (Moco Gold)<\/strong>: D\u00e9pensez pour am\u00e9liorer votre avatar, acheter des objets exclusifs ou des th\u00e8mes de profil.<\/li>\n<li><strong>Exp\u00e9rience sans publicit\u00e9<\/strong>: Supprimez les publicit\u00e9s pour une navigation plus rapide et plus propre.<\/li>\n<li><strong>Avantages particuliers<\/strong>: Obtenez des cadeaux ou des bonus suppl\u00e9mentaires dans certains jeux, disponibles via des achats in-app.<\/li>\n<\/ul>\n<h2>Avantages et inconv\u00e9nients<\/h2>\n<p>Aucune plateforme n'est parfaite, et la MocoSpace ne fait pas exception \u00e0 la r\u00e8gle. Voici un aper\u00e7u \u00e9quilibr\u00e9 :<\/p>\n<table>\n<thead>\n<tr>\n<th>Pour<\/th>\n<th>Cons<\/th>\n<\/tr>\n<\/thead>\n<tbody>\n<tr>\n<td>\n<ul>\n<li>Combine le chat et les jeux sociaux en une seule application<\/li>\n<li>Convivialit\u00e9 et l\u00e9g\u00e8ret\u00e9, id\u00e9al pour la mobilit\u00e9<\/li>\n<li>Une initiative communautaire, avec de multiples forums ax\u00e9s sur les int\u00e9r\u00eats de chacun<\/li>\n<li>Inscription facile et int\u00e9gration rapide<\/li>\n<li>Utilisation gratuite, avec des \u00e9l\u00e9ments premium en option<\/li>\n<\/ul>\n<\/td>\n<td>\n<ul>\n<li>Les salons de discussion peuvent parfois contenir des spams ou des <a href=\"https:\/\/strangercam.com\/fr\/shagle\/\">adulte<\/a> contenu<\/li>\n<li>Param\u00e8tres de confidentialit\u00e9 avanc\u00e9s limit\u00e9s par rapport aux applications sociales classiques<\/li>\n<li>Certaines fonctions premium peuvent s'av\u00e9rer co\u00fbteuses au fil du temps<\/li>\n<li>Moins de jeux haut de gamme ou immersifs que sur les plateformes de jeux d\u00e9di\u00e9es<\/li>\n<\/ul>\n<\/td>\n<\/tr>\n<\/tbody>\n<\/table>\n<h2>Conseils pour tirer le meilleur parti de MocoSpace<\/h2>\n<h3>1. Personnalisez votre profil<\/h3>\n<p>Des th\u00e8mes attrayants et une biographie concise peuvent vous aider \u00e0 attirer des amis ou des partenaires de jeu qui partagent vos int\u00e9r\u00eats.<\/p>\n<h3>2. Rejoindre des salons de discussion actifs<\/h3>\n<p>Rendez-vous dans les salles aux heures de pointe pour assister \u00e0 des discussions anim\u00e9es et nouer des liens plus rapidement.<\/p>\n<h3>3. Explorer diff\u00e9rents jeux<\/h3>\n<p>Passer d'un genre \u00e0 l'autre peut vous permettre de renouveler votre exp\u00e9rience et vous aider \u00e0 rencontrer de nouvelles personnes.<\/p>\n<h3>4. Respecter l'\u00e9tiquette en ligne<\/h3>\n<p>Respectez les lignes directrices et traitez les autres utilisateurs avec respect afin de favoriser une communaut\u00e9 positive et agr\u00e9able.<\/p>\n<h2>Conclusion<\/h2>\n<p>MocoSpace offre une exp\u00e9rience sociale distincte en combinant le chat et les jeux sur une seule plateforme mobile conviviale. Que vous souhaitiez entamer des conversations dans les salons de discussion, d\u00e9fier vos amis dans des jeux HTML5 d\u00e9contract\u00e9s ou \u00e9largir votre cercle social en g\u00e9n\u00e9ral, MocoSpace propose des outils et des activit\u00e9s qui rendent l'exp\u00e9rience vivante et attrayante. Avec des fonctions conviviales et une communaut\u00e9 mondiale active, il s'agit d'une option amusante pour ceux qui veulent un peu plus de divertissement en plus de leur r\u00e9seau social. Si vous \u00eates pr\u00eat \u00e0 rencontrer de nouvelles personnes et \u00e0 vous amuser, essayez MocoSpace.<\/p>","protected":false},"excerpt":{"rendered":"<p>Looking for a social platform where you can both chat with friends and enjoy casual games on the go? MocoSpace might just be the perfect fit. Combining community-driven features with a built-in gaming experience, MocoSpace stands out among traditional chat and social networking apps. Below, we\u2019ll explore MocoSpace\u2019s key features, how it works, and what [&hellip;]<\/p>\n","protected":false},"author":6,"featured_media":0,"parent":0,"menu_order":0,"comment_status":"closed","ping_status":"closed","template":"","meta":{"footnotes":""},"class_list":["post-8708","page","type-page","status-publish","hentry"],"yoast_head":"<!-- This site is optimized with the Yoast SEO plugin v26.9 - https:\/\/yoast.com\/product\/yoast-seo-wordpress\/ -->\n<title>MocoSpace - Anonymous Chat For Two - StrangerCam.com<\/title>\n<meta name=\"description\" content=\"Like MocoSpace? Come chat with more than 5.000.000 strangers on Stranger Cam for Free! Turn on your cam and find new friends &amp; maby a match!\" \/>\n<meta name=\"robots\" content=\"index, follow, max-snippet:-1, max-image-preview:large, max-video-preview:-1\" \/>\n<link rel=\"canonical\" href=\"https:\/\/strangercam.com\/fr\/mocospace\/\" \/>\n<meta property=\"og:locale\" content=\"fr_FR\" \/>\n<meta property=\"og:type\" content=\"article\" \/>\n<meta property=\"og:title\" content=\"MocoSpace - Anonymous Chat For Two - StrangerCam.com\" \/>\n<meta property=\"og:description\" content=\"Like MocoSpace? Come chat with more than 5.000.000 strangers on Stranger Cam for Free! Turn on your cam and find new friends &amp; maby a match!\" \/>\n<meta property=\"og:url\" content=\"https:\/\/strangercam.com\/fr\/mocospace\/\" \/>\n<meta property=\"og:site_name\" content=\"Strangercam\" \/>\n<meta property=\"article:publisher\" content=\"https:\/\/www.facebook.com\/strangercam\" \/>\n<meta property=\"article:modified_time\" content=\"2025-02-04T07:47:53+00:00\" \/>\n<meta property=\"og:image\" content=\"https:\/\/strangercam.com\/wp-content\/uploads\/2021\/10\/Untitled-2.png\" \/>\n\t<meta property=\"og:image:width\" content=\"800\" \/>\n\t<meta property=\"og:image:height\" content=\"532\" \/>\n\t<meta property=\"og:image:type\" content=\"image\/png\" \/>\n<meta name=\"twitter:card\" content=\"summary_large_image\" \/>\n<meta name=\"twitter:site\" content=\"@strangercamapp\" \/>\n<meta name=\"twitter:label1\" content=\"Dur\u00e9e de lecture estim\u00e9e\" \/>\n\t<meta name=\"twitter:data1\" content=\"4 minutes\" \/>\n<script type=\"application\/ld+json\" class=\"yoast-schema-graph\">{\"@context\":\"https:\/\/schema.org\",\"@graph\":[{\"@type\":\"WebPage\",\"@id\":\"https:\/\/strangercam.com\/mocospace\/\",\"url\":\"https:\/\/strangercam.com\/mocospace\/\",\"name\":\"MocoSpace - Anonymous Chat For Two - StrangerCam.com\",\"isPartOf\":{\"@id\":\"https:\/\/strangercam.com\/#website\"},\"datePublished\":\"2021-10-27T07:29:55+00:00\",\"dateModified\":\"2025-02-04T07:47:53+00:00\",\"description\":\"Like MocoSpace? Come chat with more than 5.000.000 strangers on Stranger Cam for Free! Turn on your cam and find new friends & maby a match!\",\"breadcrumb\":{\"@id\":\"https:\/\/strangercam.com\/mocospace\/#breadcrumb\"},\"inLanguage\":\"fr-FR\",\"potentialAction\":[{\"@type\":\"ReadAction\",\"target\":[\"https:\/\/strangercam.com\/mocospace\/\"]}]},{\"@type\":\"BreadcrumbList\",\"@id\":\"https:\/\/strangercam.com\/mocospace\/#breadcrumb\",\"itemListElement\":[{\"@type\":\"ListItem\",\"position\":1,\"name\":\"Home\",\"item\":\"https:\/\/strangercam.com\/\"},{\"@type\":\"ListItem\",\"position\":2,\"name\":\"MocoSpace\"}]},{\"@type\":\"WebSite\",\"@id\":\"https:\/\/strangercam.com\/#website\",\"url\":\"https:\/\/strangercam.com\/\",\"name\":\"Strangercam\",\"description\":\"Random Video Chat with Strangers\",\"publisher\":{\"@id\":\"https:\/\/strangercam.com\/#organization\"},\"alternateName\":\"Strangercam.com\",\"potentialAction\":[{\"@type\":\"SearchAction\",\"target\":{\"@type\":\"EntryPoint\",\"urlTemplate\":\"https:\/\/strangercam.com\/?s={search_term_string}\"},\"query-input\":{\"@type\":\"PropertyValueSpecification\",\"valueRequired\":true,\"valueName\":\"search_term_string\"}}],\"inLanguage\":\"fr-FR\"},{\"@type\":\"Organization\",\"@id\":\"https:\/\/strangercam.com\/#organization\",\"name\":\"Strangercam\",\"alternateName\":\"Strangercam.com\",\"url\":\"https:\/\/strangercam.com\/\",\"logo\":{\"@type\":\"ImageObject\",\"inLanguage\":\"fr-FR\",\"@id\":\"https:\/\/strangercam.com\/#\/schema\/logo\/image\/\",\"url\":\"https:\/\/strangercam.com\/wp-content\/uploads\/2020\/11\/cropped-new-favicon-black.png\",\"contentUrl\":\"https:\/\/strangercam.com\/wp-content\/uploads\/2020\/11\/cropped-new-favicon-black.png\",\"width\":512,\"height\":512,\"caption\":\"Strangercam\"},\"image\":{\"@id\":\"https:\/\/strangercam.com\/#\/schema\/logo\/image\/\"},\"sameAs\":[\"https:\/\/www.facebook.com\/strangercam\",\"https:\/\/x.com\/strangercamapp\"]}]}<\/script>\n<!-- \/ Yoast SEO plugin. -->","yoast_head_json":{"title":"MocoSpace - Chat anonyme pour deux - StrangerCam.com","description":"Vous aimez MocoSpace ? Venez discuter avec plus de 5.000.000 d'inconnus sur Stranger Cam gratuitement ! Allume ta cam\u00e9ra et trouve de nouveaux amis et peut-\u00eatre un partenaire !","robots":{"index":"index","follow":"follow","max-snippet":"max-snippet:-1","max-image-preview":"max-image-preview:large","max-video-preview":"max-video-preview:-1"},"canonical":"https:\/\/strangercam.com\/fr\/mocospace\/","og_locale":"fr_FR","og_type":"article","og_title":"MocoSpace - Anonymous Chat For Two - StrangerCam.com","og_description":"Like MocoSpace? Come chat with more than 5.000.000 strangers on Stranger Cam for Free! Turn on your cam and find new friends & maby a match!","og_url":"https:\/\/strangercam.com\/fr\/mocospace\/","og_site_name":"Strangercam","article_publisher":"https:\/\/www.facebook.com\/strangercam","article_modified_time":"2025-02-04T07:47:53+00:00","og_image":[{"width":800,"height":532,"url":"https:\/\/strangercam.com\/wp-content\/uploads\/2021\/10\/Untitled-2.png","type":"image\/png"}],"twitter_card":"summary_large_image","twitter_site":"@strangercamapp","twitter_misc":{"Dur\u00e9e de lecture estim\u00e9e":"4 minutes"},"schema":{"@context":"https:\/\/schema.org","@graph":[{"@type":"WebPage","@id":"https:\/\/strangercam.com\/mocospace\/","url":"https:\/\/strangercam.com\/mocospace\/","name":"MocoSpace - Chat anonyme pour deux - StrangerCam.com","isPartOf":{"@id":"https:\/\/strangercam.com\/#website"},"datePublished":"2021-10-27T07:29:55+00:00","dateModified":"2025-02-04T07:47:53+00:00","description":"Vous aimez MocoSpace ? Venez discuter avec plus de 5.000.000 d'inconnus sur Stranger Cam gratuitement ! Allume ta cam\u00e9ra et trouve de nouveaux amis et peut-\u00eatre un partenaire !","breadcrumb":{"@id":"https:\/\/strangercam.com\/mocospace\/#breadcrumb"},"inLanguage":"fr-FR","potentialAction":[{"@type":"ReadAction","target":["https:\/\/strangercam.com\/mocospace\/"]}]},{"@type":"BreadcrumbList","@id":"https:\/\/strangercam.com\/mocospace\/#breadcrumb","itemListElement":[{"@type":"ListItem","position":1,"name":"Home","item":"https:\/\/strangercam.com\/"},{"@type":"ListItem","position":2,"name":"MocoSpace"}]},{"@type":"WebSite","@id":"https:\/\/strangercam.com\/#website","url":"https:\/\/strangercam.com\/","name":"Strangercam","description":"Chat vid\u00e9o al\u00e9atoire avec des inconnus","publisher":{"@id":"https:\/\/strangercam.com\/#organization"},"alternateName":"Strangercam.com","potentialAction":[{"@type":"SearchAction","target":{"@type":"EntryPoint","urlTemplate":"https:\/\/strangercam.com\/?s={search_term_string}"},"query-input":{"@type":"PropertyValueSpecification","valueRequired":true,"valueName":"search_term_string"}}],"inLanguage":"fr-FR"},{"@type":"Organization","@id":"https:\/\/strangercam.com\/#organization","name":"Strangercam","alternateName":"Strangercam.com","url":"https:\/\/strangercam.com\/","logo":{"@type":"ImageObject","inLanguage":"fr-FR","@id":"https:\/\/strangercam.com\/#\/schema\/logo\/image\/","url":"https:\/\/strangercam.com\/wp-content\/uploads\/2020\/11\/cropped-new-favicon-black.png","contentUrl":"https:\/\/strangercam.com\/wp-content\/uploads\/2020\/11\/cropped-new-favicon-black.png","width":512,"height":512,"caption":"Strangercam"},"image":{"@id":"https:\/\/strangercam.com\/#\/schema\/logo\/image\/"},"sameAs":["https:\/\/www.facebook.com\/strangercam","https:\/\/x.com\/strangercamapp"]}]}},"_links":{"self":[{"href":"https:\/\/strangercam.com\/fr\/wp-json\/wp\/v2\/pages\/8708","targetHints":{"allow":["GET"]}}],"collection":[{"href":"https:\/\/strangercam.com\/fr\/wp-json\/wp\/v2\/pages"}],"about":[{"href":"https:\/\/strangercam.com\/fr\/wp-json\/wp\/v2\/types\/page"}],"author":[{"embeddable":true,"href":"https:\/\/strangercam.com\/fr\/wp-json\/wp\/v2\/users\/6"}],"replies":[{"embeddable":true,"href":"https:\/\/strangercam.com\/fr\/wp-json\/wp\/v2\/comments?post=8708"}],"version-history":[{"count":1,"href":"https:\/\/strangercam.com\/fr\/wp-json\/wp\/v2\/pages\/8708\/revisions"}],"predecessor-version":[{"id":12690,"href":"https:\/\/strangercam.com\/fr\/wp-json\/wp\/v2\/pages\/8708\/revisions\/12690"}],"wp:attachment":[{"href":"https:\/\/strangercam.com\/fr\/wp-json\/wp\/v2\/media?parent=8708"}],"curies":[{"name":"wp","href":"https:\/\/api.w.org\/{rel}","templated":true}]}}