{"id":8588,"date":"2021-10-18T11:30:39","date_gmt":"2021-10-18T09:30:39","guid":{"rendered":"https:\/\/strangercam.com\/?page_id=8588"},"modified":"2023-08-21T12:47:57","modified_gmt":"2023-08-21T10:47:57","slug":"club-de-fil-de-fer","status":"publish","type":"page","link":"https:\/\/strangercam.com\/fr\/wireclub\/","title":{"rendered":"Wireclub"},"content":{"rendered":"<p>Il se peut que vous ayez entendu vos amis se vanter d'avoir plusieurs sites en ligne. <a href=\"https:\/\/strangercam.com\/fr\/chatroulette\/\">chat<\/a> et de se faire de nouveaux amis. Cela suffit \u00e0 vous inciter \u00e0 ouvrir un compte sur wireclub pour commencer \u00e0 chatter avec des personnes partageant les m\u00eames id\u00e9es. Vous \u00eates s\u00fbr d'appr\u00e9cier l'exp\u00e9rience et le frisson que vous allez retirer du chat en ligne avec des inconnus. C'est quelque chose qui ne s'explique pas mais qui se ressent en personne.<\/p>\n<p>Avez-vous d\u00e9j\u00e0 pens\u00e9 \u00e0 vous faire de nouveaux amis \u00e0 travers le monde ? Si ce n'est pas le cas, il est temps de penser \u00e0 cette exp\u00e9rience fantastique. Il est tellement bon de penser \u00e0 une personne avec laquelle vous pouvez discuter de tout sans crainte. Wireclub vous offre cette fantastique opportunit\u00e9.<br \/>\nWireclub vous permet de choisir parmi des centaines de salons de chat gratuits. Vous pouvez \u00e9galement acc\u00e9der \u00e0 vos messages et \u00e0 vos salons de discussion. D'autres personnes rejoindront votre salle de chat et vous pourrez leur parler.<\/p>\n<p>Alors, qu'attendez-vous ? Inscrivez-vous tout de suite !<\/p>\n<h2>Participer \u00e0 des sessions de chat<\/h2>\n<p>Bien que les t\u00e9l\u00e9phones mobiles soient pr\u00e9sents pour discuter, il est assez rare que vous tombiez sur quelqu'un que vous ne connaissez pas dans votre r\u00e9seau. De plus, appeler des amis \u00e0 l'\u00e9tranger implique de payer une facture sal\u00e9e. Mais avec les salons de discussion en ligne, vous pouvez discuter gratuitement.<br \/>\nCertains portails comme Wireclub permettent \u00e9galement <a href=\"https:\/\/strangercam.com\/fr\/rabbit-video-chat\/\">vid\u00e9o<\/a> le chat. Cela signifie que vous pouvez tous deux vous voir en temps r\u00e9el et discuter sans \u00eatre d\u00e9rang\u00e9s. De plus, vous n'avez pas \u00e0 vous pr\u00e9occuper des factures t\u00e9l\u00e9phoniques exorbitantes. Tout est accessible ici. Vous pouvez appeler n'importe qui sans vous soucier des factures \u00e9lev\u00e9es.<\/p>\n<h2>Mode anonyme<\/h2>\n<p>Il est facile de discuter avec les personnes que l'on conna\u00eet. Cependant, il a \u00e9t\u00e9 constat\u00e9 que les gens sont souvent d\u00e9\u00e7us lorsqu'ils essaient de partager leur \u00eatre r\u00e9el et leurs \u00e9motions honn\u00eates avec d'autres personnes autour d'eux. C'est une triste r\u00e9alit\u00e9.<\/p>\n<p>Wireclub a fait un excellent effort pour \u00e9liminer ce probl\u00e8me. Ils offrent \u00e0 ces personnes une excellente opportunit\u00e9 de parler \u00e0 n'importe qui sans aucune crainte. Vous pouvez choisir le pays qui vous int\u00e9resse et le sexe de votre choix. Vous serez ensuite dirig\u00e9 vers la personne la plus appropri\u00e9e en fonction de vos pr\u00e9f\u00e9rences.<\/p>\n<p>Vous pouvez alors parler \u00e0 cette personne de mani\u00e8re totalement anonyme. Elle ne sait pas qui vous \u00eates et ne le d\u00e9couvrira jamais. C'est donc votre s\u00e9curit\u00e9 <a href=\"https:\/\/strangercam.com\/fr\/mocospace\/\">espace<\/a>. Dites ce que vous voulez dire et demandez ce que vous voulez demander !<\/p>\n<h2>Facilit\u00e9s offertes<\/h2>\n<p>Les salons de discussion en ligne vous permettent de discuter gratuitement avec des personnes connues ou des inconnus. Certains vous demanderont de payer une petite somme pour pouvoir chatter en priv\u00e9 sur les sujets de votre choix. Tout d'abord, il serait judicieux que vous fassiez des recherches et que vous rejoigniez un portail r\u00e9put\u00e9 comme wireclub. Vous serez ainsi en s\u00e9curit\u00e9 et \u00e0 l'abri de tout souci.<\/p>\n<h2>Chat en direct gratuit<\/h2>\n<p>Gratuit <a href=\"https:\/\/strangercam.com\/fr\/mili\/\">vivre<\/a> chat ? Seul Wireclub peut le faire !<\/p>\n<p>Oui, vous avez bien lu ! Chat gratuit en direct avec des personnes du monde entier. Vous n'avez pas \u00e0 vous soucier du solde de votre compte. Tout ce qui vous pr\u00e9occupe, c'est de trouver la bonne personne avec qui discuter !<\/p>\n<p>Chaque plateforme de chat en ligne offre quelque chose d'unique, et la chose unique qu'offre Wireclub est son syst\u00e8me de chat en direct gratuit. Tout est gratuit. Il vous suffit d'utiliser cette formidable opportunit\u00e9 en votre faveur.<\/p>\n<p>Le chat gratuit en direct est une opportunit\u00e9 de chat en temps r\u00e9el. Notre syst\u00e8me trouvera une personne qui vous convient. Wireclub vous mettra en relation avec la personne assise \u00e0 l'autre bout du fil une fois que vous aurez d\u00e9cid\u00e9 de chatter avec elle. Il n'y a pas de frais pour tout ce processus. Vous pouvez profiter de tout cela gratuitement.<\/p>\n<h2>Prendre des pr\u00e9cautions ad\u00e9quates<\/h2>\n<p>Parler \u00e0 un inconnu pour la premi\u00e8re fois peut sembler tr\u00e8s int\u00e9ressant. Mais ne vous laissez pas emporter. Ne divertissez pas les inconnus en leur donnant vos coordonn\u00e9es, comme votre num\u00e9ro de t\u00e9l\u00e9phone ou votre adresse. Plusieurs cas peuvent vous mettre dans des situations d\u00e9licates en raison de mauvaises d\u00e9cisions prises. Si c'est la premi\u00e8re fois que vous visitez un nouveau portail de chat, essayez de vous en tenir \u00e0 des personnes connues. \u00c0 la fin de la session de chat, n'oubliez pas d'effacer les cookies et l'historique de la session du smartphone ou de l'ordinateur portable. Il peut y avoir des oreilles indiscr\u00e8tes qui guettent des personnes innocentes. Ils peuvent attendre patiemment de vous voler vos donn\u00e9es vitales telles que votre compte bancaire, les d\u00e9tails de votre carte de cr\u00e9dit et d'autres informations essentielles.<\/p>\n<p>Pendant le chat, veillez \u00e0 ne pas utiliser un autre navigateur pour acc\u00e9der \u00e0 votre carte de cr\u00e9dit ou \u00e0 votre compte bancaire, car ce n'est pas s\u00fbr. Si vous vous \u00eates fait un nouvel ami, contentez-vous d'un chat vocal ou d'un texto. \u00c0 \u00e9viter <a href=\"https:\/\/strangercam.com\/fr\/bazoocam\/\">came<\/a> s\u00e9ances.<\/p>\n<p>En prenant des pr\u00e9cautions ad\u00e9quates, vous pourrez rester en s\u00e9curit\u00e9 et vous faire de nouveaux amis en ligne.<\/p>\n<h2>Salles de chat gratuites<\/h2>\n<p>Quoi de mieux que d'obtenir gratuitement ce que l'on d\u00e9sire !<\/p>\n<p>C'est ce qui fait de Wireclub une plateforme de chat vid\u00e9o en ligne incroyable et orient\u00e9e vers l'utilisateur. Vous pouvez chatter gratuitement dans les salles. Il vous suffit de vous connecter. Il y a des milliers de personnes dans une seule salle de chat. Si vous n'aimez pas les foules, vous pouvez \u00e9galement vous retrouver dans une salle de chat moins bond\u00e9e. Vous avez le choix entre de nombreuses options en fonction de vos besoins et de vos d\u00e9sirs.<\/p>\n<p>Les salons de discussion gratuits sont une excellente source de d\u00e9tente. Vous pouvez discuter avec n'importe qui et partager vos sentiments et vos pens\u00e9es sans craindre d'\u00eatre jug\u00e9. Ces salons de discussion offrent une exp\u00e9rience saine de discussion avec des inconnus.<\/p>","protected":false},"excerpt":{"rendered":"<p>It could be that you have heard your friends boasting of having several online chat accounts and making new friends. It is good enough to lure you to try opening an account with wireclub to initiate chatting with like-minded people. You are sure to enjoy the experience and thrill that you are to derive from [&hellip;]<\/p>\n","protected":false},"author":6,"featured_media":559,"parent":0,"menu_order":0,"comment_status":"closed","ping_status":"closed","template":"","meta":{"footnotes":""},"class_list":["post-8588","page","type-page","status-publish","has-post-thumbnail","hentry"],"yoast_head":"<!-- This site is optimized with the Yoast SEO plugin v27.4 - https:\/\/yoast.com\/product\/yoast-seo-wordpress\/ -->\n<title>Wireclub - Anonymous Chat For Two - Cam on StrangerCam.com<\/title>\n<meta name=\"description\" content=\"Like Wireclub? Come chat with more than 5.000.000 strangers on Stranger Cam for Free! Turn on your cam and find new friends &amp; maby a match!\" \/>\n<meta name=\"robots\" content=\"index, follow, max-snippet:-1, max-image-preview:large, max-video-preview:-1\" \/>\n<link rel=\"canonical\" href=\"https:\/\/strangercam.com\/fr\/club-de-fil-de-fer\/\" \/>\n<meta property=\"og:locale\" content=\"fr_FR\" \/>\n<meta property=\"og:type\" content=\"article\" \/>\n<meta property=\"og:title\" content=\"Wireclub - Anonymous Chat For Two - Cam on StrangerCam.com\" \/>\n<meta property=\"og:description\" content=\"Like Wireclub? Come chat with more than 5.000.000 strangers on Stranger Cam for Free! Turn on your cam and find new friends &amp; maby a match!\" \/>\n<meta property=\"og:url\" content=\"https:\/\/strangercam.com\/fr\/club-de-fil-de-fer\/\" \/>\n<meta property=\"og:site_name\" content=\"Strangercam\" \/>\n<meta property=\"article:publisher\" content=\"https:\/\/www.facebook.com\/strangercam\" \/>\n<meta property=\"article:modified_time\" content=\"2023-08-21T10:47:57+00:00\" \/>\n<meta property=\"og:image\" content=\"https:\/\/strangercam.com\/wp-content\/uploads\/2020\/11\/stranger-cam-1.png\" \/>\n\t<meta property=\"og:image:width\" content=\"800\" \/>\n\t<meta property=\"og:image:height\" content=\"800\" \/>\n\t<meta property=\"og:image:type\" content=\"image\/png\" \/>\n<meta name=\"twitter:card\" content=\"summary_large_image\" \/>\n<meta name=\"twitter:site\" content=\"@strangercamapp\" \/>\n<meta name=\"twitter:label1\" content=\"Dur\u00e9e de lecture estim\u00e9e\" \/>\n\t<meta name=\"twitter:data1\" content=\"4 minutes\" \/>\n<script type=\"application\/ld+json\" class=\"yoast-schema-graph\">{\"@context\":\"https:\\\/\\\/schema.org\",\"@graph\":[{\"@type\":\"WebPage\",\"@id\":\"https:\\\/\\\/strangercam.com\\\/wireclub\\\/\",\"url\":\"https:\\\/\\\/strangercam.com\\\/wireclub\\\/\",\"name\":\"Wireclub - Anonymous Chat For Two - Cam on StrangerCam.com\",\"isPartOf\":{\"@id\":\"https:\\\/\\\/strangercam.com\\\/#website\"},\"primaryImageOfPage\":{\"@id\":\"https:\\\/\\\/strangercam.com\\\/wireclub\\\/#primaryimage\"},\"image\":{\"@id\":\"https:\\\/\\\/strangercam.com\\\/wireclub\\\/#primaryimage\"},\"thumbnailUrl\":\"https:\\\/\\\/strangercam.com\\\/wp-content\\\/uploads\\\/2020\\\/11\\\/stranger-cam-1.png\",\"datePublished\":\"2021-10-18T09:30:39+00:00\",\"dateModified\":\"2023-08-21T10:47:57+00:00\",\"description\":\"Like Wireclub? Come chat with more than 5.000.000 strangers on Stranger Cam for Free! Turn on your cam and find new friends & maby a match!\",\"breadcrumb\":{\"@id\":\"https:\\\/\\\/strangercam.com\\\/wireclub\\\/#breadcrumb\"},\"inLanguage\":\"fr-FR\",\"potentialAction\":[{\"@type\":\"ReadAction\",\"target\":[\"https:\\\/\\\/strangercam.com\\\/wireclub\\\/\"]}]},{\"@type\":\"ImageObject\",\"inLanguage\":\"fr-FR\",\"@id\":\"https:\\\/\\\/strangercam.com\\\/wireclub\\\/#primaryimage\",\"url\":\"https:\\\/\\\/strangercam.com\\\/wp-content\\\/uploads\\\/2020\\\/11\\\/stranger-cam-1.png\",\"contentUrl\":\"https:\\\/\\\/strangercam.com\\\/wp-content\\\/uploads\\\/2020\\\/11\\\/stranger-cam-1.png\",\"width\":800,\"height\":800,\"caption\":\"stranger cam random video chat\"},{\"@type\":\"BreadcrumbList\",\"@id\":\"https:\\\/\\\/strangercam.com\\\/wireclub\\\/#breadcrumb\",\"itemListElement\":[{\"@type\":\"ListItem\",\"position\":1,\"name\":\"Home\",\"item\":\"https:\\\/\\\/strangercam.com\\\/\"},{\"@type\":\"ListItem\",\"position\":2,\"name\":\"Wireclub\"}]},{\"@type\":\"WebSite\",\"@id\":\"https:\\\/\\\/strangercam.com\\\/#website\",\"url\":\"https:\\\/\\\/strangercam.com\\\/\",\"name\":\"Strangercam\",\"description\":\"Random Video Chat with Strangers\",\"publisher\":{\"@id\":\"https:\\\/\\\/strangercam.com\\\/#organization\"},\"alternateName\":\"Strangercam.com\",\"potentialAction\":[{\"@type\":\"SearchAction\",\"target\":{\"@type\":\"EntryPoint\",\"urlTemplate\":\"https:\\\/\\\/strangercam.com\\\/?s={search_term_string}\"},\"query-input\":{\"@type\":\"PropertyValueSpecification\",\"valueRequired\":true,\"valueName\":\"search_term_string\"}}],\"inLanguage\":\"fr-FR\"},{\"@type\":\"Organization\",\"@id\":\"https:\\\/\\\/strangercam.com\\\/#organization\",\"name\":\"Strangercam\",\"alternateName\":\"Strangercam.com\",\"url\":\"https:\\\/\\\/strangercam.com\\\/\",\"logo\":{\"@type\":\"ImageObject\",\"inLanguage\":\"fr-FR\",\"@id\":\"https:\\\/\\\/strangercam.com\\\/#\\\/schema\\\/logo\\\/image\\\/\",\"url\":\"https:\\\/\\\/strangercam.com\\\/wp-content\\\/uploads\\\/2020\\\/11\\\/cropped-new-favicon-black.png\",\"contentUrl\":\"https:\\\/\\\/strangercam.com\\\/wp-content\\\/uploads\\\/2020\\\/11\\\/cropped-new-favicon-black.png\",\"width\":512,\"height\":512,\"caption\":\"Strangercam\"},\"image\":{\"@id\":\"https:\\\/\\\/strangercam.com\\\/#\\\/schema\\\/logo\\\/image\\\/\"},\"sameAs\":[\"https:\\\/\\\/www.facebook.com\\\/strangercam\",\"https:\\\/\\\/x.com\\\/strangercamapp\"]}]}<\/script>\n<!-- \/ Yoast SEO plugin. -->","yoast_head_json":{"title":"Wireclub - Chat anonyme pour deux - Cam sur StrangerCam.com","description":"Vous aimez Wireclub ? Venez discuter avec plus de 5.000.000 d'inconnus sur Stranger Cam gratuitement ! Allume ta cam\u00e9ra et trouve de nouveaux amis et peut-\u00eatre un partenaire !","robots":{"index":"index","follow":"follow","max-snippet":"max-snippet:-1","max-image-preview":"max-image-preview:large","max-video-preview":"max-video-preview:-1"},"canonical":"https:\/\/strangercam.com\/fr\/club-de-fil-de-fer\/","og_locale":"fr_FR","og_type":"article","og_title":"Wireclub - Anonymous Chat For Two - Cam on StrangerCam.com","og_description":"Like Wireclub? Come chat with more than 5.000.000 strangers on Stranger Cam for Free! Turn on your cam and find new friends & maby a match!","og_url":"https:\/\/strangercam.com\/fr\/club-de-fil-de-fer\/","og_site_name":"Strangercam","article_publisher":"https:\/\/www.facebook.com\/strangercam","article_modified_time":"2023-08-21T10:47:57+00:00","og_image":[{"width":800,"height":800,"url":"https:\/\/strangercam.com\/wp-content\/uploads\/2020\/11\/stranger-cam-1.png","type":"image\/png"}],"twitter_card":"summary_large_image","twitter_site":"@strangercamapp","twitter_misc":{"Dur\u00e9e de lecture estim\u00e9e":"4 minutes"},"schema":{"@context":"https:\/\/schema.org","@graph":[{"@type":"WebPage","@id":"https:\/\/strangercam.com\/wireclub\/","url":"https:\/\/strangercam.com\/wireclub\/","name":"Wireclub - Chat anonyme pour deux - Cam sur StrangerCam.com","isPartOf":{"@id":"https:\/\/strangercam.com\/#website"},"primaryImageOfPage":{"@id":"https:\/\/strangercam.com\/wireclub\/#primaryimage"},"image":{"@id":"https:\/\/strangercam.com\/wireclub\/#primaryimage"},"thumbnailUrl":"https:\/\/strangercam.com\/wp-content\/uploads\/2020\/11\/stranger-cam-1.png","datePublished":"2021-10-18T09:30:39+00:00","dateModified":"2023-08-21T10:47:57+00:00","description":"Vous aimez Wireclub ? Venez discuter avec plus de 5.000.000 d'inconnus sur Stranger Cam gratuitement ! Allume ta cam\u00e9ra et trouve de nouveaux amis et peut-\u00eatre un partenaire !","breadcrumb":{"@id":"https:\/\/strangercam.com\/wireclub\/#breadcrumb"},"inLanguage":"fr-FR","potentialAction":[{"@type":"ReadAction","target":["https:\/\/strangercam.com\/wireclub\/"]}]},{"@type":"ImageObject","inLanguage":"fr-FR","@id":"https:\/\/strangercam.com\/wireclub\/#primaryimage","url":"https:\/\/strangercam.com\/wp-content\/uploads\/2020\/11\/stranger-cam-1.png","contentUrl":"https:\/\/strangercam.com\/wp-content\/uploads\/2020\/11\/stranger-cam-1.png","width":800,"height":800,"caption":"stranger cam random video chat"},{"@type":"BreadcrumbList","@id":"https:\/\/strangercam.com\/wireclub\/#breadcrumb","itemListElement":[{"@type":"ListItem","position":1,"name":"Home","item":"https:\/\/strangercam.com\/"},{"@type":"ListItem","position":2,"name":"Wireclub"}]},{"@type":"WebSite","@id":"https:\/\/strangercam.com\/#website","url":"https:\/\/strangercam.com\/","name":"Strangercam","description":"Chat vid\u00e9o al\u00e9atoire avec des inconnus","publisher":{"@id":"https:\/\/strangercam.com\/#organization"},"alternateName":"Strangercam.com","potentialAction":[{"@type":"SearchAction","target":{"@type":"EntryPoint","urlTemplate":"https:\/\/strangercam.com\/?s={search_term_string}"},"query-input":{"@type":"PropertyValueSpecification","valueRequired":true,"valueName":"search_term_string"}}],"inLanguage":"fr-FR"},{"@type":"Organization","@id":"https:\/\/strangercam.com\/#organization","name":"Strangercam","alternateName":"Strangercam.com","url":"https:\/\/strangercam.com\/","logo":{"@type":"ImageObject","inLanguage":"fr-FR","@id":"https:\/\/strangercam.com\/#\/schema\/logo\/image\/","url":"https:\/\/strangercam.com\/wp-content\/uploads\/2020\/11\/cropped-new-favicon-black.png","contentUrl":"https:\/\/strangercam.com\/wp-content\/uploads\/2020\/11\/cropped-new-favicon-black.png","width":512,"height":512,"caption":"Strangercam"},"image":{"@id":"https:\/\/strangercam.com\/#\/schema\/logo\/image\/"},"sameAs":["https:\/\/www.facebook.com\/strangercam","https:\/\/x.com\/strangercamapp"]}]}},"_links":{"self":[{"href":"https:\/\/strangercam.com\/fr\/wp-json\/wp\/v2\/pages\/8588","targetHints":{"allow":["GET"]}}],"collection":[{"href":"https:\/\/strangercam.com\/fr\/wp-json\/wp\/v2\/pages"}],"about":[{"href":"https:\/\/strangercam.com\/fr\/wp-json\/wp\/v2\/types\/page"}],"author":[{"embeddable":true,"href":"https:\/\/strangercam.com\/fr\/wp-json\/wp\/v2\/users\/6"}],"replies":[{"embeddable":true,"href":"https:\/\/strangercam.com\/fr\/wp-json\/wp\/v2\/comments?post=8588"}],"version-history":[{"count":0,"href":"https:\/\/strangercam.com\/fr\/wp-json\/wp\/v2\/pages\/8588\/revisions"}],"wp:featuredmedia":[{"embeddable":true,"href":"https:\/\/strangercam.com\/fr\/wp-json\/wp\/v2\/media\/559"}],"wp:attachment":[{"href":"https:\/\/strangercam.com\/fr\/wp-json\/wp\/v2\/media?parent=8588"}],"curies":[{"name":"wp","href":"https:\/\/api.w.org\/{rel}","templated":true}]}}