{"id":8554,"date":"2021-10-18T10:33:50","date_gmt":"2021-10-18T08:33:50","guid":{"rendered":"https:\/\/strangercam.com\/?page_id=8554"},"modified":"2025-01-23T12:08:04","modified_gmt":"2025-01-23T10:08:04","slug":"remboursement","status":"publish","type":"page","link":"https:\/\/strangercam.com\/fr\/remboursement\/","title":{"rendered":"Remboursements et r\u00e9trofacturation"},"content":{"rendered":"<p>Nous vous remercions d'utiliser notre site web. Veuillez noter que la facturation, les r\u00e9trocessions et l'assistance \u00e0 la client\u00e8le pour les services achet\u00e9s par l'interm\u00e9diaire de liens sur notre site web sont g\u00e9r\u00e9es par <a href=\"https:\/\/strangercam.com\/fr\/coomeet\/\">Coomeet<\/a>. En tant qu'affili\u00e9, nous ne traitons pas les paiements, n'\u00e9mettons pas de remboursements et ne g\u00e9rons pas les demandes des clients pour ces transactions.<\/p>\n<ol>\n<li><strong>Produits et services num\u00e9riques<\/strong><br \/>\nNotre site web peut promouvoir des produits et services num\u00e9riques non tangibles et irr\u00e9vocables offerts par Coomeet. Avant d'effectuer un achat, veuillez lire attentivement les d\u00e9tails du produit ou du service afin de vous assurer qu'il r\u00e9pond \u00e0 vos attentes. Si vous avez des questions sur la nature du produit ou du service, veuillez contacter l'\u00e9quipe d'assistance de Coomeet pour obtenir des \u00e9claircissements avant de proc\u00e9der au paiement.<\/li>\n<li><strong>Remboursements<\/strong><br \/>\n\u00c9tant donn\u00e9 que Coomeet s'occupe de la facturation, il d\u00e9terminera si vous avez droit \u00e0 un remboursement dans le cadre de sa politique. Des remboursements peuvent \u00eatre accord\u00e9s dans des circonstances sp\u00e9cifiques (par exemple, en cas de paiements en double ou d'erreurs techniques). Pour demander un remboursement, veuillez suivre la proc\u00e9dure d\u00e9sign\u00e9e par Coomeet et contacter leur \u00e9quipe d'assistance avec les informations suivantes :<\/p>\n<ul>\n<li>Date, montant et mode de paiement<\/li>\n<li>Num\u00e9ro de commande\/paiement\/transaction (ou autres donn\u00e9es d'identification)<\/li>\n<li>Motif de la demande de remboursement<\/li>\n<\/ul>\n<p>Si le remboursement est approuv\u00e9, veuillez noter que les d\u00e9lais de traitement de la carte de cr\u00e9dit ou de la banque peuvent varier et sont g\u00e9n\u00e9ralement compris entre 3 et 10 jours ouvrables. Toute question concernant le statut ou le d\u00e9lai de votre remboursement doit \u00eatre adress\u00e9e au service client\u00e8le de Coomeet.<\/li>\n<li><strong>Refus de paiement<\/strong><br \/>\nEn cas de r\u00e9trofacturation, Coomeet m\u00e8nera une enqu\u00eate approfondie sur la transaction. Sachez que le fait d'initier une r\u00e9trofacturation fausse ou frauduleuse peut entra\u00eener des restrictions sur votre compte et sur vos adh\u00e9sions futures. Si vous avez besoin d'aide ou d'\u00e9claircissements concernant votre facturation, veuillez contacter l'\u00e9quipe d'assistance de Coomeet avant de recourir \u00e0 une r\u00e9trofacturation.<\/li>\n<li><strong>Liens et services de tiers<\/strong><br \/>\nNotre site web peut contenir des liens vers des sites web et des applications externes g\u00e9r\u00e9s par des tiers (y compris Coomeet). Les clients qui ach\u00e8tent des produits ou des services aupr\u00e8s de ces fournisseurs sont soumis aux conditions g\u00e9n\u00e9rales et aux proc\u00e9dures de remboursement de ces derniers. Si vous rencontrez des probl\u00e8mes ou si vous avez des inqui\u00e9tudes, veuillez contacter directement le fournisseur de services tiers concern\u00e9.<\/li>\n<li><strong>Nous contacter<\/strong><br \/>\nSi vous avez des questions d'ordre g\u00e9n\u00e9ral concernant notre affiliation \u00e0 Coomeet ou le contenu de notre site web, n'h\u00e9sitez pas \u00e0 nous contacter. <a href=\"https:\/\/strangercam.com\/fr\/chat4free\/\">gratuit<\/a> de nous contacter via notre page de contact. Cependant, veuillez noter que toutes les questions relatives \u00e0 la facturation et au remboursement doivent \u00eatre adress\u00e9es au service client\u00e8le de Coomeet.<\/li>\n<\/ol>\n<p>Nous vous remercions de votre compr\u00e9hension et de votre coop\u00e9ration. Nous appr\u00e9cions votre soutien et nous nous effor\u00e7ons de vous garantir une exp\u00e9rience agr\u00e9able.<\/p>","protected":false},"excerpt":{"rendered":"<p>Thank you for using our Website. Please note that all billing, chargebacks, and customer support for services purchased through links on our Website are handled by Coomeet. As an affiliate, we do not process payments, issue refunds, or manage customer inquiries for these transactions. Digital Products &amp; Services Our Website may promote non-tangible, irrevocable digital [&hellip;]<\/p>\n","protected":false},"author":1,"featured_media":0,"parent":0,"menu_order":0,"comment_status":"closed","ping_status":"closed","template":"","meta":{"footnotes":""},"class_list":["post-8554","page","type-page","status-publish","hentry"],"yoast_head":"<!-- This site is optimized with the Yoast SEO plugin v26.9 - https:\/\/yoast.com\/product\/yoast-seo-wordpress\/ -->\n<title>Refunds &amp; Chargeback - Strangercam<\/title>\n<meta name=\"robots\" content=\"index, follow, max-snippet:-1, max-image-preview:large, max-video-preview:-1\" \/>\n<link rel=\"canonical\" href=\"https:\/\/strangercam.com\/fr\/remboursement\/\" \/>\n<meta property=\"og:locale\" content=\"fr_FR\" \/>\n<meta property=\"og:type\" content=\"article\" \/>\n<meta property=\"og:title\" content=\"Refunds &amp; Chargeback - Strangercam\" \/>\n<meta property=\"og:description\" content=\"Thank you for using our Website. Please note that all billing, chargebacks, and customer support for services purchased through links on our Website are handled by Coomeet. As an affiliate, we do not process payments, issue refunds, or manage customer inquiries for these transactions. Digital Products &amp; Services Our Website may promote non-tangible, irrevocable digital [&hellip;]\" \/>\n<meta property=\"og:url\" content=\"https:\/\/strangercam.com\/fr\/remboursement\/\" \/>\n<meta property=\"og:site_name\" content=\"Strangercam\" \/>\n<meta property=\"article:publisher\" content=\"https:\/\/www.facebook.com\/strangercam\" \/>\n<meta property=\"article:modified_time\" content=\"2025-01-23T10:08:04+00:00\" \/>\n<meta property=\"og:image\" content=\"https:\/\/strangercam.com\/wp-content\/uploads\/2021\/10\/Untitled-2.png\" \/>\n\t<meta property=\"og:image:width\" content=\"800\" \/>\n\t<meta property=\"og:image:height\" content=\"532\" \/>\n\t<meta property=\"og:image:type\" content=\"image\/png\" \/>\n<meta name=\"twitter:card\" content=\"summary_large_image\" \/>\n<meta name=\"twitter:site\" content=\"@strangercamapp\" \/>\n<meta name=\"twitter:label1\" content=\"Dur\u00e9e de lecture estim\u00e9e\" \/>\n\t<meta name=\"twitter:data1\" content=\"2 minutes\" \/>\n<script type=\"application\/ld+json\" class=\"yoast-schema-graph\">{\"@context\":\"https:\/\/schema.org\",\"@graph\":[{\"@type\":\"WebPage\",\"@id\":\"https:\/\/strangercam.com\/refund\/\",\"url\":\"https:\/\/strangercam.com\/refund\/\",\"name\":\"Refunds & Chargeback - Strangercam\",\"isPartOf\":{\"@id\":\"https:\/\/strangercam.com\/#website\"},\"datePublished\":\"2021-10-18T08:33:50+00:00\",\"dateModified\":\"2025-01-23T10:08:04+00:00\",\"breadcrumb\":{\"@id\":\"https:\/\/strangercam.com\/refund\/#breadcrumb\"},\"inLanguage\":\"fr-FR\",\"potentialAction\":[{\"@type\":\"ReadAction\",\"target\":[\"https:\/\/strangercam.com\/refund\/\"]}]},{\"@type\":\"BreadcrumbList\",\"@id\":\"https:\/\/strangercam.com\/refund\/#breadcrumb\",\"itemListElement\":[{\"@type\":\"ListItem\",\"position\":1,\"name\":\"Home\",\"item\":\"https:\/\/strangercam.com\/\"},{\"@type\":\"ListItem\",\"position\":2,\"name\":\"Refunds &#038; Chargeback\"}]},{\"@type\":\"WebSite\",\"@id\":\"https:\/\/strangercam.com\/#website\",\"url\":\"https:\/\/strangercam.com\/\",\"name\":\"Strangercam\",\"description\":\"Random Video Chat with Strangers\",\"publisher\":{\"@id\":\"https:\/\/strangercam.com\/#organization\"},\"alternateName\":\"Strangercam.com\",\"potentialAction\":[{\"@type\":\"SearchAction\",\"target\":{\"@type\":\"EntryPoint\",\"urlTemplate\":\"https:\/\/strangercam.com\/?s={search_term_string}\"},\"query-input\":{\"@type\":\"PropertyValueSpecification\",\"valueRequired\":true,\"valueName\":\"search_term_string\"}}],\"inLanguage\":\"fr-FR\"},{\"@type\":\"Organization\",\"@id\":\"https:\/\/strangercam.com\/#organization\",\"name\":\"Strangercam\",\"alternateName\":\"Strangercam.com\",\"url\":\"https:\/\/strangercam.com\/\",\"logo\":{\"@type\":\"ImageObject\",\"inLanguage\":\"fr-FR\",\"@id\":\"https:\/\/strangercam.com\/#\/schema\/logo\/image\/\",\"url\":\"https:\/\/strangercam.com\/wp-content\/uploads\/2020\/11\/cropped-new-favicon-black.png\",\"contentUrl\":\"https:\/\/strangercam.com\/wp-content\/uploads\/2020\/11\/cropped-new-favicon-black.png\",\"width\":512,\"height\":512,\"caption\":\"Strangercam\"},\"image\":{\"@id\":\"https:\/\/strangercam.com\/#\/schema\/logo\/image\/\"},\"sameAs\":[\"https:\/\/www.facebook.com\/strangercam\",\"https:\/\/x.com\/strangercamapp\"]}]}<\/script>\n<!-- \/ Yoast SEO plugin. -->","yoast_head_json":{"title":"Remboursements et r\u00e9trofacturation - Strangercam","robots":{"index":"index","follow":"follow","max-snippet":"max-snippet:-1","max-image-preview":"max-image-preview:large","max-video-preview":"max-video-preview:-1"},"canonical":"https:\/\/strangercam.com\/fr\/remboursement\/","og_locale":"fr_FR","og_type":"article","og_title":"Refunds & Chargeback - Strangercam","og_description":"Thank you for using our Website. Please note that all billing, chargebacks, and customer support for services purchased through links on our Website are handled by Coomeet. As an affiliate, we do not process payments, issue refunds, or manage customer inquiries for these transactions. Digital Products &amp; Services Our Website may promote non-tangible, irrevocable digital [&hellip;]","og_url":"https:\/\/strangercam.com\/fr\/remboursement\/","og_site_name":"Strangercam","article_publisher":"https:\/\/www.facebook.com\/strangercam","article_modified_time":"2025-01-23T10:08:04+00:00","og_image":[{"width":800,"height":532,"url":"https:\/\/strangercam.com\/wp-content\/uploads\/2021\/10\/Untitled-2.png","type":"image\/png"}],"twitter_card":"summary_large_image","twitter_site":"@strangercamapp","twitter_misc":{"Dur\u00e9e de lecture estim\u00e9e":"2 minutes"},"schema":{"@context":"https:\/\/schema.org","@graph":[{"@type":"WebPage","@id":"https:\/\/strangercam.com\/refund\/","url":"https:\/\/strangercam.com\/refund\/","name":"Remboursements et r\u00e9trofacturation - Strangercam","isPartOf":{"@id":"https:\/\/strangercam.com\/#website"},"datePublished":"2021-10-18T08:33:50+00:00","dateModified":"2025-01-23T10:08:04+00:00","breadcrumb":{"@id":"https:\/\/strangercam.com\/refund\/#breadcrumb"},"inLanguage":"fr-FR","potentialAction":[{"@type":"ReadAction","target":["https:\/\/strangercam.com\/refund\/"]}]},{"@type":"BreadcrumbList","@id":"https:\/\/strangercam.com\/refund\/#breadcrumb","itemListElement":[{"@type":"ListItem","position":1,"name":"Home","item":"https:\/\/strangercam.com\/"},{"@type":"ListItem","position":2,"name":"Refunds &#038; Chargeback"}]},{"@type":"WebSite","@id":"https:\/\/strangercam.com\/#website","url":"https:\/\/strangercam.com\/","name":"Strangercam","description":"Chat vid\u00e9o al\u00e9atoire avec des inconnus","publisher":{"@id":"https:\/\/strangercam.com\/#organization"},"alternateName":"Strangercam.com","potentialAction":[{"@type":"SearchAction","target":{"@type":"EntryPoint","urlTemplate":"https:\/\/strangercam.com\/?s={search_term_string}"},"query-input":{"@type":"PropertyValueSpecification","valueRequired":true,"valueName":"search_term_string"}}],"inLanguage":"fr-FR"},{"@type":"Organization","@id":"https:\/\/strangercam.com\/#organization","name":"Strangercam","alternateName":"Strangercam.com","url":"https:\/\/strangercam.com\/","logo":{"@type":"ImageObject","inLanguage":"fr-FR","@id":"https:\/\/strangercam.com\/#\/schema\/logo\/image\/","url":"https:\/\/strangercam.com\/wp-content\/uploads\/2020\/11\/cropped-new-favicon-black.png","contentUrl":"https:\/\/strangercam.com\/wp-content\/uploads\/2020\/11\/cropped-new-favicon-black.png","width":512,"height":512,"caption":"Strangercam"},"image":{"@id":"https:\/\/strangercam.com\/#\/schema\/logo\/image\/"},"sameAs":["https:\/\/www.facebook.com\/strangercam","https:\/\/x.com\/strangercamapp"]}]}},"_links":{"self":[{"href":"https:\/\/strangercam.com\/fr\/wp-json\/wp\/v2\/pages\/8554","targetHints":{"allow":["GET"]}}],"collection":[{"href":"https:\/\/strangercam.com\/fr\/wp-json\/wp\/v2\/pages"}],"about":[{"href":"https:\/\/strangercam.com\/fr\/wp-json\/wp\/v2\/types\/page"}],"author":[{"embeddable":true,"href":"https:\/\/strangercam.com\/fr\/wp-json\/wp\/v2\/users\/1"}],"replies":[{"embeddable":true,"href":"https:\/\/strangercam.com\/fr\/wp-json\/wp\/v2\/comments?post=8554"}],"version-history":[{"count":1,"href":"https:\/\/strangercam.com\/fr\/wp-json\/wp\/v2\/pages\/8554\/revisions"}],"predecessor-version":[{"id":12667,"href":"https:\/\/strangercam.com\/fr\/wp-json\/wp\/v2\/pages\/8554\/revisions\/12667"}],"wp:attachment":[{"href":"https:\/\/strangercam.com\/fr\/wp-json\/wp\/v2\/media?parent=8554"}],"curies":[{"name":"wp","href":"https:\/\/api.w.org\/{rel}","templated":true}]}}